{"id":499,"date":"2022-03-28T20:36:24","date_gmt":"2022-03-28T17:36:24","guid":{"rendered":"https:\/\/lahingupood.ee\/?post_type=product&#038;p=499"},"modified":"2026-04-12T20:30:04","modified_gmt":"2026-04-12T17:30:04","slug":"theta-optics-rhino-4x32-scope","status":"publish","type":"product","link":"https:\/\/lahingupood.ee\/en\/product\/theta-optics-rhino-4x32-scope\/","title":{"rendered":"Theta Optics Rhino 4&#215;32 Scope"},"content":{"rendered":"<p>Theta Optics Rhino 4&#215;32 Scope<\/p>\n<p>4x suurendusega kompaktne optiline sihik, mis sobib paigaldamiseks automaatrelvadele. V\u00f5imaldab paremini n\u00e4ha kuulitabamusi. Pilt on selge ja terav. Sihikul on ka sihtimisv\u00f5rgu valgustus(punane, roheline). Kasutab CR2032 t\u00fc\u00fcpi 3V patareid(komplektis olemas).<\/p>","protected":false},"excerpt":{"rendered":"<p>Theta Optics Rhino 4&#215;32 Scope 4x suurendusega kompaktne optiline sihik, mis sobib paigaldamiseks automaatrelvadele. V\u00f5imaldab paremini n\u00e4ha kuulitabamusi. Pilt on selge ja terav. Sihikul on ka sihtimisv\u00f5rgu valgustus(punane, roheline). Kasutab CR2032 t\u00fc\u00fcpi 3V patareid(komplektis olemas).<\/p>","protected":false},"featured_media":353,"template":"","meta":[],"product_brand":[],"product_cat":[65],"product_tag":[],"class_list":{"0":"post-499","1":"product","2":"type-product","3":"status-publish","4":"has-post-thumbnail","6":"product_cat-optilised-sihikud","8":"first","9":"outofstock","10":"taxable","11":"shipping-taxable","12":"purchasable","13":"product-type-simple"},"yoast_head":"<!-- This site is optimized with the Yoast SEO Premium plugin v27.3 (Yoast SEO v27.3) - https:\/\/yoast.com\/product\/yoast-seo-premium-wordpress\/ -->\n<title>Theta Optics Rhino 4x32 Scope - Lahingurada e-pood<\/title>\n<meta name=\"description\" content=\"Theta Optics Rhino 4x32 Scope 4x suurendusega kompaktne optiline sihik, mis sobib paigaldamiseks automaatrelvadele.\" \/>\n<meta name=\"robots\" content=\"index, follow, max-snippet:-1, max-image-preview:large, max-video-preview:-1\" \/>\n<link rel=\"canonical\" href=\"https:\/\/lahingupood.ee\/en\/product\/theta-optics-rhino-4x32-scope\/\" \/>\n<meta property=\"og:locale\" content=\"en_GB\" \/>\n<meta property=\"og:type\" content=\"article\" \/>\n<meta property=\"og:title\" content=\"Theta Optics Rhino 4x32 Scope\" \/>\n<meta property=\"og:description\" content=\"Theta Optics Rhino 4x32 Scope 4x suurendusega kompaktne optiline sihik, mis sobib paigaldamiseks automaatrelvadele.\" \/>\n<meta property=\"og:url\" content=\"https:\/\/lahingupood.ee\/en\/product\/theta-optics-rhino-4x32-scope\/\" \/>\n<meta property=\"og:site_name\" content=\"Lahingurada e-pood\" \/>\n<meta property=\"article:publisher\" content=\"https:\/\/www.facebook.com\/Lahingurada-629940247212967\" \/>\n<meta property=\"article:modified_time\" content=\"2026-04-12T17:30:04+00:00\" \/>\n<meta property=\"og:image\" content=\"https:\/\/lahingupood.ee\/wp-content\/uploads\/2022\/03\/1152215994_1.jpeg\" \/>\n\t<meta property=\"og:image:width\" content=\"2000\" \/>\n\t<meta property=\"og:image:height\" content=\"1333\" \/>\n\t<meta property=\"og:image:type\" content=\"image\/jpeg\" \/>\n<meta name=\"twitter:card\" content=\"summary_large_image\" \/>\n<meta name=\"twitter:label1\" content=\"Estimated reading time\" \/>\n\t<meta name=\"twitter:data1\" content=\"1 minute\" \/>\n<script type=\"application\/ld+json\" class=\"yoast-schema-graph\">{\"@context\":\"https:\\\/\\\/schema.org\",\"@graph\":[{\"@type\":\"WebPage\",\"@id\":\"https:\\\/\\\/lahingupood.ee\\\/toode\\\/theta-optics-rhino-4x32-scope\\\/\",\"url\":\"https:\\\/\\\/lahingupood.ee\\\/toode\\\/theta-optics-rhino-4x32-scope\\\/\",\"name\":\"Theta Optics Rhino 4x32 Scope - Lahingurada e-pood\",\"isPartOf\":{\"@id\":\"https:\\\/\\\/lahingupood.ee\\\/#website\"},\"primaryImageOfPage\":{\"@id\":\"https:\\\/\\\/lahingupood.ee\\\/toode\\\/theta-optics-rhino-4x32-scope\\\/#primaryimage\"},\"image\":{\"@id\":\"https:\\\/\\\/lahingupood.ee\\\/toode\\\/theta-optics-rhino-4x32-scope\\\/#primaryimage\"},\"thumbnailUrl\":\"https:\\\/\\\/lahingupood.ee\\\/wp-content\\\/uploads\\\/2022\\\/03\\\/1152215994_1.jpeg\",\"datePublished\":\"2022-03-28T17:36:24+00:00\",\"dateModified\":\"2026-04-12T17:30:04+00:00\",\"description\":\"Theta Optics Rhino 4x32 Scope 4x suurendusega kompaktne optiline sihik, mis sobib paigaldamiseks automaatrelvadele.\",\"breadcrumb\":{\"@id\":\"https:\\\/\\\/lahingupood.ee\\\/toode\\\/theta-optics-rhino-4x32-scope\\\/#breadcrumb\"},\"inLanguage\":\"en-GB\",\"potentialAction\":[{\"@type\":\"ReadAction\",\"target\":[\"https:\\\/\\\/lahingupood.ee\\\/toode\\\/theta-optics-rhino-4x32-scope\\\/\"]}]},{\"@type\":\"ImageObject\",\"inLanguage\":\"en-GB\",\"@id\":\"https:\\\/\\\/lahingupood.ee\\\/toode\\\/theta-optics-rhino-4x32-scope\\\/#primaryimage\",\"url\":\"https:\\\/\\\/lahingupood.ee\\\/wp-content\\\/uploads\\\/2022\\\/03\\\/1152215994_1.jpeg\",\"contentUrl\":\"https:\\\/\\\/lahingupood.ee\\\/wp-content\\\/uploads\\\/2022\\\/03\\\/1152215994_1.jpeg\",\"width\":2000,\"height\":1333,\"caption\":\"theta-optics-rhino-4x32-scope\"},{\"@type\":\"BreadcrumbList\",\"@id\":\"https:\\\/\\\/lahingupood.ee\\\/toode\\\/theta-optics-rhino-4x32-scope\\\/#breadcrumb\",\"itemListElement\":[{\"@type\":\"ListItem\",\"position\":1,\"name\":\"Home\",\"item\":\"https:\\\/\\\/lahingupood.ee\\\/\"},{\"@type\":\"ListItem\",\"position\":2,\"name\":\"Tooted\",\"item\":\"https:\\\/\\\/lahingupood.ee\\\/tooted\\\/\"},{\"@type\":\"ListItem\",\"position\":3,\"name\":\"Theta Optics Rhino 4&#215;32 Scope\"}]},{\"@type\":\"WebSite\",\"@id\":\"https:\\\/\\\/lahingupood.ee\\\/#website\",\"url\":\"https:\\\/\\\/lahingupood.ee\\\/\",\"name\":\"Lahingurada e-pood\",\"description\":\"Airsoft\",\"publisher\":{\"@id\":\"https:\\\/\\\/lahingupood.ee\\\/#organization\"},\"potentialAction\":[{\"@type\":\"SearchAction\",\"target\":{\"@type\":\"EntryPoint\",\"urlTemplate\":\"https:\\\/\\\/lahingupood.ee\\\/?s={search_term_string}\"},\"query-input\":{\"@type\":\"PropertyValueSpecification\",\"valueRequired\":true,\"valueName\":\"search_term_string\"}}],\"inLanguage\":\"en-GB\"},{\"@type\":\"Organization\",\"@id\":\"https:\\\/\\\/lahingupood.ee\\\/#organization\",\"name\":\"Lahingurada\",\"url\":\"https:\\\/\\\/lahingupood.ee\\\/\",\"logo\":{\"@type\":\"ImageObject\",\"inLanguage\":\"en-GB\",\"@id\":\"https:\\\/\\\/lahingupood.ee\\\/#\\\/schema\\\/logo\\\/image\\\/\",\"url\":\"https:\\\/\\\/lahingupood.ee\\\/wp-content\\\/uploads\\\/2022\\\/03\\\/lahingurada-220318.jpg\",\"contentUrl\":\"https:\\\/\\\/lahingupood.ee\\\/wp-content\\\/uploads\\\/2022\\\/03\\\/lahingurada-220318.jpg\",\"width\":800,\"height\":500,\"caption\":\"Lahingurada\"},\"image\":{\"@id\":\"https:\\\/\\\/lahingupood.ee\\\/#\\\/schema\\\/logo\\\/image\\\/\"},\"sameAs\":[\"https:\\\/\\\/www.facebook.com\\\/Lahingurada-629940247212967\"]}]}<\/script>\n<!-- \/ Yoast SEO Premium plugin. -->","yoast_head_json":{"title":"Theta Optics Rhino 4x32 Scope - Lahingurada e-pood","description":"Theta Optics Rhino 4x32 Scope 4x suurendusega kompaktne optiline sihik, mis sobib paigaldamiseks automaatrelvadele.","robots":{"index":"index","follow":"follow","max-snippet":"max-snippet:-1","max-image-preview":"max-image-preview:large","max-video-preview":"max-video-preview:-1"},"canonical":"https:\/\/lahingupood.ee\/en\/product\/theta-optics-rhino-4x32-scope\/","og_locale":"en_GB","og_type":"article","og_title":"Theta Optics Rhino 4x32 Scope","og_description":"Theta Optics Rhino 4x32 Scope 4x suurendusega kompaktne optiline sihik, mis sobib paigaldamiseks automaatrelvadele.","og_url":"https:\/\/lahingupood.ee\/en\/product\/theta-optics-rhino-4x32-scope\/","og_site_name":"Lahingurada e-pood","article_publisher":"https:\/\/www.facebook.com\/Lahingurada-629940247212967","article_modified_time":"2026-04-12T17:30:04+00:00","og_image":[{"width":2000,"height":1333,"url":"https:\/\/lahingupood.ee\/wp-content\/uploads\/2022\/03\/1152215994_1.jpeg","type":"image\/jpeg"}],"twitter_card":"summary_large_image","twitter_misc":{"Estimated reading time":"1 minute"},"schema":{"@context":"https:\/\/schema.org","@graph":[{"@type":"WebPage","@id":"https:\/\/lahingupood.ee\/toode\/theta-optics-rhino-4x32-scope\/","url":"https:\/\/lahingupood.ee\/toode\/theta-optics-rhino-4x32-scope\/","name":"Theta Optics Rhino 4x32 Scope - Lahingurada e-pood","isPartOf":{"@id":"https:\/\/lahingupood.ee\/#website"},"primaryImageOfPage":{"@id":"https:\/\/lahingupood.ee\/toode\/theta-optics-rhino-4x32-scope\/#primaryimage"},"image":{"@id":"https:\/\/lahingupood.ee\/toode\/theta-optics-rhino-4x32-scope\/#primaryimage"},"thumbnailUrl":"https:\/\/lahingupood.ee\/wp-content\/uploads\/2022\/03\/1152215994_1.jpeg","datePublished":"2022-03-28T17:36:24+00:00","dateModified":"2026-04-12T17:30:04+00:00","description":"Theta Optics Rhino 4x32 Scope 4x suurendusega kompaktne optiline sihik, mis sobib paigaldamiseks automaatrelvadele.","breadcrumb":{"@id":"https:\/\/lahingupood.ee\/toode\/theta-optics-rhino-4x32-scope\/#breadcrumb"},"inLanguage":"en-GB","potentialAction":[{"@type":"ReadAction","target":["https:\/\/lahingupood.ee\/toode\/theta-optics-rhino-4x32-scope\/"]}]},{"@type":"ImageObject","inLanguage":"en-GB","@id":"https:\/\/lahingupood.ee\/toode\/theta-optics-rhino-4x32-scope\/#primaryimage","url":"https:\/\/lahingupood.ee\/wp-content\/uploads\/2022\/03\/1152215994_1.jpeg","contentUrl":"https:\/\/lahingupood.ee\/wp-content\/uploads\/2022\/03\/1152215994_1.jpeg","width":2000,"height":1333,"caption":"theta-optics-rhino-4x32-scope"},{"@type":"BreadcrumbList","@id":"https:\/\/lahingupood.ee\/toode\/theta-optics-rhino-4x32-scope\/#breadcrumb","itemListElement":[{"@type":"ListItem","position":1,"name":"Home","item":"https:\/\/lahingupood.ee\/"},{"@type":"ListItem","position":2,"name":"Tooted","item":"https:\/\/lahingupood.ee\/tooted\/"},{"@type":"ListItem","position":3,"name":"Theta Optics Rhino 4&#215;32 Scope"}]},{"@type":"WebSite","@id":"https:\/\/lahingupood.ee\/#website","url":"https:\/\/lahingupood.ee\/","name":"Lahingurada e-pood","description":"Airsoft","publisher":{"@id":"https:\/\/lahingupood.ee\/#organization"},"potentialAction":[{"@type":"SearchAction","target":{"@type":"EntryPoint","urlTemplate":"https:\/\/lahingupood.ee\/?s={search_term_string}"},"query-input":{"@type":"PropertyValueSpecification","valueRequired":true,"valueName":"search_term_string"}}],"inLanguage":"en-GB"},{"@type":"Organization","@id":"https:\/\/lahingupood.ee\/#organization","name":"Lahingurada","url":"https:\/\/lahingupood.ee\/","logo":{"@type":"ImageObject","inLanguage":"en-GB","@id":"https:\/\/lahingupood.ee\/#\/schema\/logo\/image\/","url":"https:\/\/lahingupood.ee\/wp-content\/uploads\/2022\/03\/lahingurada-220318.jpg","contentUrl":"https:\/\/lahingupood.ee\/wp-content\/uploads\/2022\/03\/lahingurada-220318.jpg","width":800,"height":500,"caption":"Lahingurada"},"image":{"@id":"https:\/\/lahingupood.ee\/#\/schema\/logo\/image\/"},"sameAs":["https:\/\/www.facebook.com\/Lahingurada-629940247212967"]}]}},"_links":{"self":[{"href":"https:\/\/lahingupood.ee\/en\/wp-json\/wp\/v2\/product\/499","targetHints":{"allow":["GET"]}}],"collection":[{"href":"https:\/\/lahingupood.ee\/en\/wp-json\/wp\/v2\/product"}],"about":[{"href":"https:\/\/lahingupood.ee\/en\/wp-json\/wp\/v2\/types\/product"}],"wp:featuredmedia":[{"embeddable":true,"href":"https:\/\/lahingupood.ee\/en\/wp-json\/wp\/v2\/media\/353"}],"wp:attachment":[{"href":"https:\/\/lahingupood.ee\/en\/wp-json\/wp\/v2\/media?parent=499"}],"wp:term":[{"taxonomy":"product_brand","embeddable":true,"href":"https:\/\/lahingupood.ee\/en\/wp-json\/wp\/v2\/product_brand?post=499"},{"taxonomy":"product_cat","embeddable":true,"href":"https:\/\/lahingupood.ee\/en\/wp-json\/wp\/v2\/product_cat?post=499"},{"taxonomy":"product_tag","embeddable":true,"href":"https:\/\/lahingupood.ee\/en\/wp-json\/wp\/v2\/product_tag?post=499"}],"curies":[{"name":"wp","href":"https:\/\/api.w.org\/{rel}","templated":true}]}}