{"id":4932,"date":"2024-06-01T18:49:15","date_gmt":"2024-06-01T15:49:15","guid":{"rendered":"https:\/\/lahingupood.ee\/?post_type=product&#038;p=4932"},"modified":"2026-05-02T19:45:02","modified_gmt":"2026-05-02T16:45:02","slug":"rail-riser-high-4-slot-alumiinium","status":"publish","type":"product","link":"https:\/\/lahingupood.ee\/en\/product\/rail-riser-high-4-slot-alumiinium\/","title":{"rendered":"Rail Riser High 4-slot alumiiniumist"},"content":{"rendered":"<p data-start=\"739\" data-end=\"986\"><strong data-start=\"739\" data-end=\"765\">Rail Riser High 4-slot<\/strong> on praktiline alumiiniumist k\u00f5rgendus, mis on m\u00f5eldud sihiku v\u00f5i muu sobiva lisatarviku paigaldamiseks k\u00f5rgemale relsiinile. See sobib h\u00e4sti kasutajale, kes soovib parandada optika asendit v\u00f5i muuta sihtimise mugavamaks.<\/p>\n<p data-start=\"988\" data-end=\"1216\">K\u00f5rgendust kasutatakse olukorras, kus punat\u00e4pp, optika v\u00f5i muu lisaseade j\u00e4\u00e4b liiga madalale. K\u00f5rgem asend v\u00f5ib aidata saavutada mugavama p\u00f5setoe, parema vaatejoone v\u00f5i sobivama kasutuse koos maski, prillide v\u00f5i muu varustusega.<\/p>\n<p data-start=\"1218\" data-end=\"1491\">L\u00fchike <strong data-start=\"1225\" data-end=\"1235\">4-slot<\/strong> disain teeb selle tarvikust kompaktse. See ei v\u00f5ta relsiinil palju ruumi, kuid annab piisava t\u00f5ste v\u00e4iksemale optikale v\u00f5i lisaseadmele. Selline lahendus sobib h\u00e4sti airsofti replikatele, taktikalisele varustusele ja \u00fchilduvale relvatarvikute platvormile.<\/p>\n<p data-start=\"1493\" data-end=\"1673\">Alumiiniumist konstruktsioon aitab hoida tarvikut tugevana, kuid samas kergena. See on hea valik m\u00e4ngijale v\u00f5i kasutajale, kes soovib vastupidavat lisatarvikut ilma liigse kaaluta.<\/p>","protected":false},"excerpt":{"rendered":"<p>Rail Riser High 4-slot on praktiline alumiiniumist k\u00f5rgendus, mis on m\u00f5eldud sihiku v\u00f5i muu sobiva lisatarviku paigaldamiseks k\u00f5rgemale relsiinile. See sobib h\u00e4sti kasutajale, kes soovib parandada optika asendit v\u00f5i muuta sihtimise mugavamaks. K\u00f5rgendust kasutatakse olukorras, kus punat\u00e4pp, optika v\u00f5i muu lisaseade j\u00e4\u00e4b liiga madalale. K\u00f5rgem asend v\u00f5ib aidata saavutada mugavama p\u00f5setoe, parema vaatejoone v\u00f5i sobivama [&#8230;]\n","protected":false},"featured_media":4904,"template":"","meta":[],"product_brand":[],"product_cat":[179],"product_tag":[],"class_list":{"0":"post-4932","1":"product","2":"type-product","3":"status-publish","4":"has-post-thumbnail","6":"product_cat-reilid-ja-korgendused","8":"first","9":"instock","10":"taxable","11":"shipping-taxable","12":"purchasable","13":"product-type-simple"},"yoast_head":"<!-- This site is optimized with the Yoast SEO Premium plugin v27.5 (Yoast SEO v27.5) - https:\/\/yoast.com\/product\/yoast-seo-premium-wordpress\/ -->\n<title>Rail Riser High 4-slot | Sihiku k\u00f5rgendus<\/title>\n<meta name=\"description\" content=\"Rail Riser High 4-slot on alumiiniumist k\u00f5rge sihiku k\u00f5rgendus airsofti v\u00f5i tulirelva jaoks. Sobib optika ja lisatarvikute t\u00f5stmiseks.\" \/>\n<meta name=\"robots\" content=\"index, follow, max-snippet:-1, max-image-preview:large, max-video-preview:-1\" \/>\n<link rel=\"canonical\" href=\"https:\/\/lahingupood.ee\/en\/product\/rail-riser-high-4-slot-alumiinium\/\" \/>\n<meta property=\"og:locale\" content=\"en_GB\" \/>\n<meta property=\"og:type\" content=\"article\" \/>\n<meta property=\"og:title\" content=\"Rail Riser High 4-slot alumiiniumist\" \/>\n<meta property=\"og:description\" content=\"Rail Riser High 4-slot on alumiiniumist k\u00f5rge sihiku k\u00f5rgendus airsofti v\u00f5i tulirelva jaoks. Sobib optika ja lisatarvikute t\u00f5stmiseks.\" \/>\n<meta property=\"og:url\" content=\"https:\/\/lahingupood.ee\/en\/product\/rail-riser-high-4-slot-alumiinium\/\" \/>\n<meta property=\"og:site_name\" content=\"Lahingurada e-pood\" \/>\n<meta property=\"article:publisher\" content=\"https:\/\/www.facebook.com\/Lahingurada-629940247212967\" \/>\n<meta property=\"article:modified_time\" content=\"2026-05-02T16:45:02+00:00\" \/>\n<meta property=\"og:image\" content=\"https:\/\/lahingupood.ee\/wp-content\/uploads\/2024\/05\/js-tactical-weaver-rail-12-inch-riser2-js-rt4l.jpeg\" \/>\n\t<meta property=\"og:image:width\" content=\"600\" \/>\n\t<meta property=\"og:image:height\" content=\"600\" \/>\n\t<meta property=\"og:image:type\" content=\"image\/jpeg\" \/>\n<meta name=\"twitter:card\" content=\"summary_large_image\" \/>\n<meta name=\"twitter:label1\" content=\"Estimated reading time\" \/>\n\t<meta name=\"twitter:data1\" content=\"1 minute\" \/>\n<script type=\"application\/ld+json\" class=\"yoast-schema-graph\">{\"@context\":\"https:\\\/\\\/schema.org\",\"@graph\":[{\"@type\":\"WebPage\",\"@id\":\"https:\\\/\\\/lahingupood.ee\\\/toode\\\/rail-riser-high-4-slot-alumiinium\\\/\",\"url\":\"https:\\\/\\\/lahingupood.ee\\\/toode\\\/rail-riser-high-4-slot-alumiinium\\\/\",\"name\":\"Rail Riser High 4-slot | Sihiku k\u00f5rgendus\",\"isPartOf\":{\"@id\":\"https:\\\/\\\/lahingupood.ee\\\/#website\"},\"primaryImageOfPage\":{\"@id\":\"https:\\\/\\\/lahingupood.ee\\\/toode\\\/rail-riser-high-4-slot-alumiinium\\\/#primaryimage\"},\"image\":{\"@id\":\"https:\\\/\\\/lahingupood.ee\\\/toode\\\/rail-riser-high-4-slot-alumiinium\\\/#primaryimage\"},\"thumbnailUrl\":\"https:\\\/\\\/lahingupood.ee\\\/wp-content\\\/uploads\\\/2024\\\/05\\\/js-tactical-weaver-rail-12-inch-riser2-js-rt4l.jpeg\",\"datePublished\":\"2024-06-01T15:49:15+00:00\",\"dateModified\":\"2026-05-02T16:45:02+00:00\",\"description\":\"Rail Riser High 4-slot on alumiiniumist k\u00f5rge sihiku k\u00f5rgendus airsofti v\u00f5i tulirelva jaoks. Sobib optika ja lisatarvikute t\u00f5stmiseks.\",\"breadcrumb\":{\"@id\":\"https:\\\/\\\/lahingupood.ee\\\/toode\\\/rail-riser-high-4-slot-alumiinium\\\/#breadcrumb\"},\"inLanguage\":\"en-GB\",\"potentialAction\":[{\"@type\":\"ReadAction\",\"target\":[\"https:\\\/\\\/lahingupood.ee\\\/toode\\\/rail-riser-high-4-slot-alumiinium\\\/\"]}]},{\"@type\":\"ImageObject\",\"inLanguage\":\"en-GB\",\"@id\":\"https:\\\/\\\/lahingupood.ee\\\/toode\\\/rail-riser-high-4-slot-alumiinium\\\/#primaryimage\",\"url\":\"https:\\\/\\\/lahingupood.ee\\\/wp-content\\\/uploads\\\/2024\\\/05\\\/js-tactical-weaver-rail-12-inch-riser2-js-rt4l.jpeg\",\"contentUrl\":\"https:\\\/\\\/lahingupood.ee\\\/wp-content\\\/uploads\\\/2024\\\/05\\\/js-tactical-weaver-rail-12-inch-riser2-js-rt4l.jpeg\",\"width\":600,\"height\":600,\"caption\":\"Rail Riser High 4-slot alumiiniumist\"},{\"@type\":\"BreadcrumbList\",\"@id\":\"https:\\\/\\\/lahingupood.ee\\\/toode\\\/rail-riser-high-4-slot-alumiinium\\\/#breadcrumb\",\"itemListElement\":[{\"@type\":\"ListItem\",\"position\":1,\"name\":\"Home\",\"item\":\"https:\\\/\\\/lahingupood.ee\\\/\"},{\"@type\":\"ListItem\",\"position\":2,\"name\":\"Tooted\",\"item\":\"https:\\\/\\\/lahingupood.ee\\\/tooted\\\/\"},{\"@type\":\"ListItem\",\"position\":3,\"name\":\"Rail Riser High 4-slot alumiiniumist\"}]},{\"@type\":\"WebSite\",\"@id\":\"https:\\\/\\\/lahingupood.ee\\\/#website\",\"url\":\"https:\\\/\\\/lahingupood.ee\\\/\",\"name\":\"Lahingurada e-pood\",\"description\":\"Airsoft\",\"publisher\":{\"@id\":\"https:\\\/\\\/lahingupood.ee\\\/#organization\"},\"potentialAction\":[{\"@type\":\"SearchAction\",\"target\":{\"@type\":\"EntryPoint\",\"urlTemplate\":\"https:\\\/\\\/lahingupood.ee\\\/?s={search_term_string}\"},\"query-input\":{\"@type\":\"PropertyValueSpecification\",\"valueRequired\":true,\"valueName\":\"search_term_string\"}}],\"inLanguage\":\"en-GB\"},{\"@type\":\"Organization\",\"@id\":\"https:\\\/\\\/lahingupood.ee\\\/#organization\",\"name\":\"Lahingurada\",\"url\":\"https:\\\/\\\/lahingupood.ee\\\/\",\"logo\":{\"@type\":\"ImageObject\",\"inLanguage\":\"en-GB\",\"@id\":\"https:\\\/\\\/lahingupood.ee\\\/#\\\/schema\\\/logo\\\/image\\\/\",\"url\":\"https:\\\/\\\/lahingupood.ee\\\/wp-content\\\/uploads\\\/2022\\\/03\\\/lahingurada-220318.jpg\",\"contentUrl\":\"https:\\\/\\\/lahingupood.ee\\\/wp-content\\\/uploads\\\/2022\\\/03\\\/lahingurada-220318.jpg\",\"width\":800,\"height\":500,\"caption\":\"Lahingurada\"},\"image\":{\"@id\":\"https:\\\/\\\/lahingupood.ee\\\/#\\\/schema\\\/logo\\\/image\\\/\"},\"sameAs\":[\"https:\\\/\\\/www.facebook.com\\\/Lahingurada-629940247212967\"]}]}<\/script>\n<!-- \/ Yoast SEO Premium plugin. -->","yoast_head_json":{"title":"Rail Riser High 4-slot | Sihiku k\u00f5rgendus","description":"Rail Riser High 4-slot on alumiiniumist k\u00f5rge sihiku k\u00f5rgendus airsofti v\u00f5i tulirelva jaoks. Sobib optika ja lisatarvikute t\u00f5stmiseks.","robots":{"index":"index","follow":"follow","max-snippet":"max-snippet:-1","max-image-preview":"max-image-preview:large","max-video-preview":"max-video-preview:-1"},"canonical":"https:\/\/lahingupood.ee\/en\/product\/rail-riser-high-4-slot-alumiinium\/","og_locale":"en_GB","og_type":"article","og_title":"Rail Riser High 4-slot alumiiniumist","og_description":"Rail Riser High 4-slot on alumiiniumist k\u00f5rge sihiku k\u00f5rgendus airsofti v\u00f5i tulirelva jaoks. Sobib optika ja lisatarvikute t\u00f5stmiseks.","og_url":"https:\/\/lahingupood.ee\/en\/product\/rail-riser-high-4-slot-alumiinium\/","og_site_name":"Lahingurada e-pood","article_publisher":"https:\/\/www.facebook.com\/Lahingurada-629940247212967","article_modified_time":"2026-05-02T16:45:02+00:00","og_image":[{"width":600,"height":600,"url":"https:\/\/lahingupood.ee\/wp-content\/uploads\/2024\/05\/js-tactical-weaver-rail-12-inch-riser2-js-rt4l.jpeg","type":"image\/jpeg"}],"twitter_card":"summary_large_image","twitter_misc":{"Estimated reading time":"1 minute"},"schema":{"@context":"https:\/\/schema.org","@graph":[{"@type":"WebPage","@id":"https:\/\/lahingupood.ee\/toode\/rail-riser-high-4-slot-alumiinium\/","url":"https:\/\/lahingupood.ee\/toode\/rail-riser-high-4-slot-alumiinium\/","name":"Rail Riser High 4-slot | Sihiku k\u00f5rgendus","isPartOf":{"@id":"https:\/\/lahingupood.ee\/#website"},"primaryImageOfPage":{"@id":"https:\/\/lahingupood.ee\/toode\/rail-riser-high-4-slot-alumiinium\/#primaryimage"},"image":{"@id":"https:\/\/lahingupood.ee\/toode\/rail-riser-high-4-slot-alumiinium\/#primaryimage"},"thumbnailUrl":"https:\/\/lahingupood.ee\/wp-content\/uploads\/2024\/05\/js-tactical-weaver-rail-12-inch-riser2-js-rt4l.jpeg","datePublished":"2024-06-01T15:49:15+00:00","dateModified":"2026-05-02T16:45:02+00:00","description":"Rail Riser High 4-slot on alumiiniumist k\u00f5rge sihiku k\u00f5rgendus airsofti v\u00f5i tulirelva jaoks. Sobib optika ja lisatarvikute t\u00f5stmiseks.","breadcrumb":{"@id":"https:\/\/lahingupood.ee\/toode\/rail-riser-high-4-slot-alumiinium\/#breadcrumb"},"inLanguage":"en-GB","potentialAction":[{"@type":"ReadAction","target":["https:\/\/lahingupood.ee\/toode\/rail-riser-high-4-slot-alumiinium\/"]}]},{"@type":"ImageObject","inLanguage":"en-GB","@id":"https:\/\/lahingupood.ee\/toode\/rail-riser-high-4-slot-alumiinium\/#primaryimage","url":"https:\/\/lahingupood.ee\/wp-content\/uploads\/2024\/05\/js-tactical-weaver-rail-12-inch-riser2-js-rt4l.jpeg","contentUrl":"https:\/\/lahingupood.ee\/wp-content\/uploads\/2024\/05\/js-tactical-weaver-rail-12-inch-riser2-js-rt4l.jpeg","width":600,"height":600,"caption":"Rail Riser High 4-slot alumiiniumist"},{"@type":"BreadcrumbList","@id":"https:\/\/lahingupood.ee\/toode\/rail-riser-high-4-slot-alumiinium\/#breadcrumb","itemListElement":[{"@type":"ListItem","position":1,"name":"Home","item":"https:\/\/lahingupood.ee\/"},{"@type":"ListItem","position":2,"name":"Tooted","item":"https:\/\/lahingupood.ee\/tooted\/"},{"@type":"ListItem","position":3,"name":"Rail Riser High 4-slot alumiiniumist"}]},{"@type":"WebSite","@id":"https:\/\/lahingupood.ee\/#website","url":"https:\/\/lahingupood.ee\/","name":"Lahingurada e-pood","description":"Airsoft","publisher":{"@id":"https:\/\/lahingupood.ee\/#organization"},"potentialAction":[{"@type":"SearchAction","target":{"@type":"EntryPoint","urlTemplate":"https:\/\/lahingupood.ee\/?s={search_term_string}"},"query-input":{"@type":"PropertyValueSpecification","valueRequired":true,"valueName":"search_term_string"}}],"inLanguage":"en-GB"},{"@type":"Organization","@id":"https:\/\/lahingupood.ee\/#organization","name":"Lahingurada","url":"https:\/\/lahingupood.ee\/","logo":{"@type":"ImageObject","inLanguage":"en-GB","@id":"https:\/\/lahingupood.ee\/#\/schema\/logo\/image\/","url":"https:\/\/lahingupood.ee\/wp-content\/uploads\/2022\/03\/lahingurada-220318.jpg","contentUrl":"https:\/\/lahingupood.ee\/wp-content\/uploads\/2022\/03\/lahingurada-220318.jpg","width":800,"height":500,"caption":"Lahingurada"},"image":{"@id":"https:\/\/lahingupood.ee\/#\/schema\/logo\/image\/"},"sameAs":["https:\/\/www.facebook.com\/Lahingurada-629940247212967"]}]}},"_links":{"self":[{"href":"https:\/\/lahingupood.ee\/en\/wp-json\/wp\/v2\/product\/4932","targetHints":{"allow":["GET"]}}],"collection":[{"href":"https:\/\/lahingupood.ee\/en\/wp-json\/wp\/v2\/product"}],"about":[{"href":"https:\/\/lahingupood.ee\/en\/wp-json\/wp\/v2\/types\/product"}],"wp:featuredmedia":[{"embeddable":true,"href":"https:\/\/lahingupood.ee\/en\/wp-json\/wp\/v2\/media\/4904"}],"wp:attachment":[{"href":"https:\/\/lahingupood.ee\/en\/wp-json\/wp\/v2\/media?parent=4932"}],"wp:term":[{"taxonomy":"product_brand","embeddable":true,"href":"https:\/\/lahingupood.ee\/en\/wp-json\/wp\/v2\/product_brand?post=4932"},{"taxonomy":"product_cat","embeddable":true,"href":"https:\/\/lahingupood.ee\/en\/wp-json\/wp\/v2\/product_cat?post=4932"},{"taxonomy":"product_tag","embeddable":true,"href":"https:\/\/lahingupood.ee\/en\/wp-json\/wp\/v2\/product_tag?post=4932"}],"curies":[{"name":"wp","href":"https:\/\/api.w.org\/{rel}","templated":true}]}}