{"id":4931,"date":"2024-06-01T18:44:49","date_gmt":"2024-06-01T15:44:49","guid":{"rendered":"https:\/\/lahingupood.ee\/?post_type=product&#038;p=4931"},"modified":"2026-05-02T19:45:04","modified_gmt":"2026-05-02T16:45:04","slug":"rail-riser-high-8-slot-alumiinium","status":"publish","type":"product","link":"https:\/\/lahingupood.ee\/en\/product\/rail-riser-high-8-slot-alumiinium\/","title":{"rendered":"Rail Riser High 8-slot alumiiniumist"},"content":{"rendered":"<p data-start=\"739\" data-end=\"941\"><strong data-start=\"739\" data-end=\"765\">Rail Riser High 8-slot<\/strong> on praktiline alumiiniumist k\u00f5rgendus optika ja lisatarvikute paigaldamiseks. See sobib h\u00e4sti kasutajale, kes soovib t\u00f5sta sihiku, punat\u00e4pi v\u00f5i muu tarviku k\u00f5rgemale asendile.<\/p>\n<p data-start=\"943\" data-end=\"1158\">K\u00f5rgendust kasutatakse siis, kui optika j\u00e4\u00e4b liiga madalale. K\u00f5rgem asend v\u00f5ib muuta sihtimise mugavamaks. See on eriti kasulik siis, kui kasutad airsofti maski, kaitseprille, kiivrit v\u00f5i muud taktikalist varustust.<\/p>\n<p data-start=\"1160\" data-end=\"1400\">8-slot pikkus annab rohkem paigaldusruumi kui l\u00fchem rail riser. See sobib paremini pikemale optikale v\u00f5i olukorda, kus soovid tarvikut t\u00e4psemalt ette- v\u00f5i tahapoole liigutada. Samas j\u00e4\u00e4b see endiselt kompaktseks ja praktiliseks lahenduseks.<\/p>\n<p data-start=\"1402\" data-end=\"1646\">Alumiiniumist konstruktsioon aitab hoida tarviku tugeva ja vastupidavana. Materjal on samas piisavalt kerge, et mitte lisada varustusele liigset kaalu. See teeb k\u00f5rgendusest hea valiku nii airsofti replikale kui ka muule \u00fchilduvale platvormile.<\/p>\n<p data-start=\"1648\" data-end=\"1832\">","protected":false},"excerpt":{"rendered":"<p>Rail Riser High 8-slot on praktiline alumiiniumist k\u00f5rgendus optika ja lisatarvikute paigaldamiseks. See sobib h\u00e4sti kasutajale, kes soovib t\u00f5sta sihiku, punat\u00e4pi v\u00f5i muu tarviku k\u00f5rgemale asendile. K\u00f5rgendust kasutatakse siis, kui optika j\u00e4\u00e4b liiga madalale. K\u00f5rgem asend v\u00f5ib muuta sihtimise mugavamaks. See on eriti kasulik siis, kui kasutad airsofti maski, kaitseprille, kiivrit v\u00f5i muud taktikalist varustust. [&#8230;]\n","protected":false},"featured_media":4906,"template":"","meta":[],"product_brand":[],"product_cat":[179],"product_tag":[],"class_list":{"0":"post-4931","1":"product","2":"type-product","3":"status-publish","4":"has-post-thumbnail","6":"product_cat-reilid-ja-korgendused","8":"first","9":"instock","10":"taxable","11":"shipping-taxable","12":"purchasable","13":"product-type-simple"},"yoast_head":"<!-- This site is optimized with the Yoast SEO Premium plugin v27.5 (Yoast SEO v27.5) - https:\/\/yoast.com\/product\/yoast-seo-premium-wordpress\/ -->\n<title>Rail Riser High 8-slot | Alumiiniumist k\u00f5rgendus<\/title>\n<meta name=\"description\" content=\"Rail Riser High 8-slot on alumiiniumist k\u00f5rge relsi k\u00f5rgendus sihiku, punat\u00e4pi v\u00f5i muu lisatarviku t\u00f5stmiseks airsofti ja taktikalise varustuse jaoks.\" \/>\n<meta name=\"robots\" content=\"index, follow, max-snippet:-1, max-image-preview:large, max-video-preview:-1\" \/>\n<link rel=\"canonical\" href=\"https:\/\/lahingupood.ee\/en\/product\/rail-riser-high-8-slot-alumiinium\/\" \/>\n<meta property=\"og:locale\" content=\"en_GB\" \/>\n<meta property=\"og:type\" content=\"article\" \/>\n<meta property=\"og:title\" content=\"Rail Riser High 8-slot alumiiniumist\" \/>\n<meta property=\"og:description\" content=\"Rail Riser High 8-slot on alumiiniumist k\u00f5rge relsi k\u00f5rgendus sihiku, punat\u00e4pi v\u00f5i muu lisatarviku t\u00f5stmiseks airsofti ja taktikalise varustuse jaoks.\" \/>\n<meta property=\"og:url\" content=\"https:\/\/lahingupood.ee\/en\/product\/rail-riser-high-8-slot-alumiinium\/\" \/>\n<meta property=\"og:site_name\" content=\"Lahingurada e-pood\" \/>\n<meta property=\"article:publisher\" content=\"https:\/\/www.facebook.com\/Lahingurada-629940247212967\" \/>\n<meta property=\"article:modified_time\" content=\"2026-05-02T16:45:04+00:00\" \/>\n<meta property=\"og:image\" content=\"https:\/\/lahingupood.ee\/wp-content\/uploads\/2024\/05\/js-tactical-weaver-rail-12-inch-riser4-js-rt4l.jpeg\" \/>\n\t<meta property=\"og:image:width\" content=\"600\" \/>\n\t<meta property=\"og:image:height\" content=\"600\" \/>\n\t<meta property=\"og:image:type\" content=\"image\/jpeg\" \/>\n<meta name=\"twitter:card\" content=\"summary_large_image\" \/>\n<meta name=\"twitter:label1\" content=\"Estimated reading time\" \/>\n\t<meta name=\"twitter:data1\" content=\"1 minute\" \/>\n<script type=\"application\/ld+json\" class=\"yoast-schema-graph\">{\"@context\":\"https:\\\/\\\/schema.org\",\"@graph\":[{\"@type\":\"WebPage\",\"@id\":\"https:\\\/\\\/lahingupood.ee\\\/toode\\\/rail-riser-high-8-slot-alumiinium\\\/\",\"url\":\"https:\\\/\\\/lahingupood.ee\\\/toode\\\/rail-riser-high-8-slot-alumiinium\\\/\",\"name\":\"Rail Riser High 8-slot | Alumiiniumist k\u00f5rgendus\",\"isPartOf\":{\"@id\":\"https:\\\/\\\/lahingupood.ee\\\/#website\"},\"primaryImageOfPage\":{\"@id\":\"https:\\\/\\\/lahingupood.ee\\\/toode\\\/rail-riser-high-8-slot-alumiinium\\\/#primaryimage\"},\"image\":{\"@id\":\"https:\\\/\\\/lahingupood.ee\\\/toode\\\/rail-riser-high-8-slot-alumiinium\\\/#primaryimage\"},\"thumbnailUrl\":\"https:\\\/\\\/lahingupood.ee\\\/wp-content\\\/uploads\\\/2024\\\/05\\\/js-tactical-weaver-rail-12-inch-riser4-js-rt4l.jpeg\",\"datePublished\":\"2024-06-01T15:44:49+00:00\",\"dateModified\":\"2026-05-02T16:45:04+00:00\",\"description\":\"Rail Riser High 8-slot on alumiiniumist k\u00f5rge relsi k\u00f5rgendus sihiku, punat\u00e4pi v\u00f5i muu lisatarviku t\u00f5stmiseks airsofti ja taktikalise varustuse jaoks.\",\"breadcrumb\":{\"@id\":\"https:\\\/\\\/lahingupood.ee\\\/toode\\\/rail-riser-high-8-slot-alumiinium\\\/#breadcrumb\"},\"inLanguage\":\"en-GB\",\"potentialAction\":[{\"@type\":\"ReadAction\",\"target\":[\"https:\\\/\\\/lahingupood.ee\\\/toode\\\/rail-riser-high-8-slot-alumiinium\\\/\"]}]},{\"@type\":\"ImageObject\",\"inLanguage\":\"en-GB\",\"@id\":\"https:\\\/\\\/lahingupood.ee\\\/toode\\\/rail-riser-high-8-slot-alumiinium\\\/#primaryimage\",\"url\":\"https:\\\/\\\/lahingupood.ee\\\/wp-content\\\/uploads\\\/2024\\\/05\\\/js-tactical-weaver-rail-12-inch-riser4-js-rt4l.jpeg\",\"contentUrl\":\"https:\\\/\\\/lahingupood.ee\\\/wp-content\\\/uploads\\\/2024\\\/05\\\/js-tactical-weaver-rail-12-inch-riser4-js-rt4l.jpeg\",\"width\":600,\"height\":600,\"caption\":\"K\u00f5rge sihiku k\u00f5rgendus 8-slot relsiinile\"},{\"@type\":\"BreadcrumbList\",\"@id\":\"https:\\\/\\\/lahingupood.ee\\\/toode\\\/rail-riser-high-8-slot-alumiinium\\\/#breadcrumb\",\"itemListElement\":[{\"@type\":\"ListItem\",\"position\":1,\"name\":\"Home\",\"item\":\"https:\\\/\\\/lahingupood.ee\\\/\"},{\"@type\":\"ListItem\",\"position\":2,\"name\":\"Tooted\",\"item\":\"https:\\\/\\\/lahingupood.ee\\\/tooted\\\/\"},{\"@type\":\"ListItem\",\"position\":3,\"name\":\"Rail Riser High 8-slot alumiiniumist\"}]},{\"@type\":\"WebSite\",\"@id\":\"https:\\\/\\\/lahingupood.ee\\\/#website\",\"url\":\"https:\\\/\\\/lahingupood.ee\\\/\",\"name\":\"Lahingurada e-pood\",\"description\":\"Airsoft\",\"publisher\":{\"@id\":\"https:\\\/\\\/lahingupood.ee\\\/#organization\"},\"potentialAction\":[{\"@type\":\"SearchAction\",\"target\":{\"@type\":\"EntryPoint\",\"urlTemplate\":\"https:\\\/\\\/lahingupood.ee\\\/?s={search_term_string}\"},\"query-input\":{\"@type\":\"PropertyValueSpecification\",\"valueRequired\":true,\"valueName\":\"search_term_string\"}}],\"inLanguage\":\"en-GB\"},{\"@type\":\"Organization\",\"@id\":\"https:\\\/\\\/lahingupood.ee\\\/#organization\",\"name\":\"Lahingurada\",\"url\":\"https:\\\/\\\/lahingupood.ee\\\/\",\"logo\":{\"@type\":\"ImageObject\",\"inLanguage\":\"en-GB\",\"@id\":\"https:\\\/\\\/lahingupood.ee\\\/#\\\/schema\\\/logo\\\/image\\\/\",\"url\":\"https:\\\/\\\/lahingupood.ee\\\/wp-content\\\/uploads\\\/2022\\\/03\\\/lahingurada-220318.jpg\",\"contentUrl\":\"https:\\\/\\\/lahingupood.ee\\\/wp-content\\\/uploads\\\/2022\\\/03\\\/lahingurada-220318.jpg\",\"width\":800,\"height\":500,\"caption\":\"Lahingurada\"},\"image\":{\"@id\":\"https:\\\/\\\/lahingupood.ee\\\/#\\\/schema\\\/logo\\\/image\\\/\"},\"sameAs\":[\"https:\\\/\\\/www.facebook.com\\\/Lahingurada-629940247212967\"]}]}<\/script>\n<!-- \/ Yoast SEO Premium plugin. -->","yoast_head_json":{"title":"Rail Riser High 8-slot | Alumiiniumist k\u00f5rgendus","description":"Rail Riser High 8-slot on alumiiniumist k\u00f5rge relsi k\u00f5rgendus sihiku, punat\u00e4pi v\u00f5i muu lisatarviku t\u00f5stmiseks airsofti ja taktikalise varustuse jaoks.","robots":{"index":"index","follow":"follow","max-snippet":"max-snippet:-1","max-image-preview":"max-image-preview:large","max-video-preview":"max-video-preview:-1"},"canonical":"https:\/\/lahingupood.ee\/en\/product\/rail-riser-high-8-slot-alumiinium\/","og_locale":"en_GB","og_type":"article","og_title":"Rail Riser High 8-slot alumiiniumist","og_description":"Rail Riser High 8-slot on alumiiniumist k\u00f5rge relsi k\u00f5rgendus sihiku, punat\u00e4pi v\u00f5i muu lisatarviku t\u00f5stmiseks airsofti ja taktikalise varustuse jaoks.","og_url":"https:\/\/lahingupood.ee\/en\/product\/rail-riser-high-8-slot-alumiinium\/","og_site_name":"Lahingurada e-pood","article_publisher":"https:\/\/www.facebook.com\/Lahingurada-629940247212967","article_modified_time":"2026-05-02T16:45:04+00:00","og_image":[{"width":600,"height":600,"url":"https:\/\/lahingupood.ee\/wp-content\/uploads\/2024\/05\/js-tactical-weaver-rail-12-inch-riser4-js-rt4l.jpeg","type":"image\/jpeg"}],"twitter_card":"summary_large_image","twitter_misc":{"Estimated reading time":"1 minute"},"schema":{"@context":"https:\/\/schema.org","@graph":[{"@type":"WebPage","@id":"https:\/\/lahingupood.ee\/toode\/rail-riser-high-8-slot-alumiinium\/","url":"https:\/\/lahingupood.ee\/toode\/rail-riser-high-8-slot-alumiinium\/","name":"Rail Riser High 8-slot | Alumiiniumist k\u00f5rgendus","isPartOf":{"@id":"https:\/\/lahingupood.ee\/#website"},"primaryImageOfPage":{"@id":"https:\/\/lahingupood.ee\/toode\/rail-riser-high-8-slot-alumiinium\/#primaryimage"},"image":{"@id":"https:\/\/lahingupood.ee\/toode\/rail-riser-high-8-slot-alumiinium\/#primaryimage"},"thumbnailUrl":"https:\/\/lahingupood.ee\/wp-content\/uploads\/2024\/05\/js-tactical-weaver-rail-12-inch-riser4-js-rt4l.jpeg","datePublished":"2024-06-01T15:44:49+00:00","dateModified":"2026-05-02T16:45:04+00:00","description":"Rail Riser High 8-slot on alumiiniumist k\u00f5rge relsi k\u00f5rgendus sihiku, punat\u00e4pi v\u00f5i muu lisatarviku t\u00f5stmiseks airsofti ja taktikalise varustuse jaoks.","breadcrumb":{"@id":"https:\/\/lahingupood.ee\/toode\/rail-riser-high-8-slot-alumiinium\/#breadcrumb"},"inLanguage":"en-GB","potentialAction":[{"@type":"ReadAction","target":["https:\/\/lahingupood.ee\/toode\/rail-riser-high-8-slot-alumiinium\/"]}]},{"@type":"ImageObject","inLanguage":"en-GB","@id":"https:\/\/lahingupood.ee\/toode\/rail-riser-high-8-slot-alumiinium\/#primaryimage","url":"https:\/\/lahingupood.ee\/wp-content\/uploads\/2024\/05\/js-tactical-weaver-rail-12-inch-riser4-js-rt4l.jpeg","contentUrl":"https:\/\/lahingupood.ee\/wp-content\/uploads\/2024\/05\/js-tactical-weaver-rail-12-inch-riser4-js-rt4l.jpeg","width":600,"height":600,"caption":"K\u00f5rge sihiku k\u00f5rgendus 8-slot relsiinile"},{"@type":"BreadcrumbList","@id":"https:\/\/lahingupood.ee\/toode\/rail-riser-high-8-slot-alumiinium\/#breadcrumb","itemListElement":[{"@type":"ListItem","position":1,"name":"Home","item":"https:\/\/lahingupood.ee\/"},{"@type":"ListItem","position":2,"name":"Tooted","item":"https:\/\/lahingupood.ee\/tooted\/"},{"@type":"ListItem","position":3,"name":"Rail Riser High 8-slot alumiiniumist"}]},{"@type":"WebSite","@id":"https:\/\/lahingupood.ee\/#website","url":"https:\/\/lahingupood.ee\/","name":"Lahingurada e-pood","description":"Airsoft","publisher":{"@id":"https:\/\/lahingupood.ee\/#organization"},"potentialAction":[{"@type":"SearchAction","target":{"@type":"EntryPoint","urlTemplate":"https:\/\/lahingupood.ee\/?s={search_term_string}"},"query-input":{"@type":"PropertyValueSpecification","valueRequired":true,"valueName":"search_term_string"}}],"inLanguage":"en-GB"},{"@type":"Organization","@id":"https:\/\/lahingupood.ee\/#organization","name":"Lahingurada","url":"https:\/\/lahingupood.ee\/","logo":{"@type":"ImageObject","inLanguage":"en-GB","@id":"https:\/\/lahingupood.ee\/#\/schema\/logo\/image\/","url":"https:\/\/lahingupood.ee\/wp-content\/uploads\/2022\/03\/lahingurada-220318.jpg","contentUrl":"https:\/\/lahingupood.ee\/wp-content\/uploads\/2022\/03\/lahingurada-220318.jpg","width":800,"height":500,"caption":"Lahingurada"},"image":{"@id":"https:\/\/lahingupood.ee\/#\/schema\/logo\/image\/"},"sameAs":["https:\/\/www.facebook.com\/Lahingurada-629940247212967"]}]}},"_links":{"self":[{"href":"https:\/\/lahingupood.ee\/en\/wp-json\/wp\/v2\/product\/4931","targetHints":{"allow":["GET"]}}],"collection":[{"href":"https:\/\/lahingupood.ee\/en\/wp-json\/wp\/v2\/product"}],"about":[{"href":"https:\/\/lahingupood.ee\/en\/wp-json\/wp\/v2\/types\/product"}],"wp:featuredmedia":[{"embeddable":true,"href":"https:\/\/lahingupood.ee\/en\/wp-json\/wp\/v2\/media\/4906"}],"wp:attachment":[{"href":"https:\/\/lahingupood.ee\/en\/wp-json\/wp\/v2\/media?parent=4931"}],"wp:term":[{"taxonomy":"product_brand","embeddable":true,"href":"https:\/\/lahingupood.ee\/en\/wp-json\/wp\/v2\/product_brand?post=4931"},{"taxonomy":"product_cat","embeddable":true,"href":"https:\/\/lahingupood.ee\/en\/wp-json\/wp\/v2\/product_cat?post=4931"},{"taxonomy":"product_tag","embeddable":true,"href":"https:\/\/lahingupood.ee\/en\/wp-json\/wp\/v2\/product_tag?post=4931"}],"curies":[{"name":"wp","href":"https:\/\/api.w.org\/{rel}","templated":true}]}}