{"id":4930,"date":"2024-06-01T18:42:23","date_gmt":"2024-06-01T15:42:23","guid":{"rendered":"https:\/\/lahingupood.ee\/?post_type=product&#038;p=4930"},"modified":"2026-05-02T19:45:06","modified_gmt":"2026-05-02T16:45:06","slug":"rail-riser-low-8-slot-alumiinium","status":"publish","type":"product","link":"https:\/\/lahingupood.ee\/en\/product\/rail-riser-low-8-slot-alumiinium\/","title":{"rendered":"Rail Riser Low 8-slot alumiiniumist"},"content":{"rendered":"<p data-start=\"763\" data-end=\"1005\"><strong data-start=\"763\" data-end=\"788\">Rail Riser Low 8-slot<\/strong> on praktiline madal relsi k\u00f5rgendus optika ja lisatarvikute paigaldamiseks. See sobib h\u00e4sti kasutajale, kes soovib t\u00f5sta sihikut v\u00f5i punat\u00e4ppi vaid veidi k\u00f5rgemale, s\u00e4ilitades samal ajal madala profiiliga seadistuse.<\/p>\n<p data-start=\"1007\" data-end=\"1244\">Madal k\u00f5rgendus on kasulik siis, kui optika vajab paremat joondust, kuid liiga k\u00f5rge riser ei ole vajalik. See aitab muuta sihtimist mugavamaks ja v\u00f5ib parandada lisatarviku sobivust relsiinil. Samal ajal j\u00e4\u00e4b kogu seadistus kompaktseks.<\/p>\n<p data-start=\"1246\" data-end=\"1477\">8-slot pikkus annab rohkem paigaldusruumi kui l\u00fchem mudel. See sobib h\u00e4sti punat\u00e4pi, kompaktse optika v\u00f5i muu sobiva relsitarviku jaoks. Pikem pind v\u00f5imaldab tarvikut paremini paigutada ning annab rohkem paindlikkust seadistamisel.<\/p>\n<p data-start=\"1479\" data-end=\"1734\">Alumiiniumist konstruktsioon muudab tarviku vastupidavaks ja kergeks. See sobib h\u00e4sti airsofti replikatele, taktikalisele varustusele ja muudele \u00fchilduvatele relsiplatvormidele. Alumiinium on hea valik, kui soovid tugevat lisatarvikut ilma liigse kaaluta.<\/p>","protected":false},"excerpt":{"rendered":"<p>Rail Riser Low 8-slot on praktiline madal relsi k\u00f5rgendus optika ja lisatarvikute paigaldamiseks. See sobib h\u00e4sti kasutajale, kes soovib t\u00f5sta sihikut v\u00f5i punat\u00e4ppi vaid veidi k\u00f5rgemale, s\u00e4ilitades samal ajal madala profiiliga seadistuse. Madal k\u00f5rgendus on kasulik siis, kui optika vajab paremat joondust, kuid liiga k\u00f5rge riser ei ole vajalik. See aitab muuta sihtimist mugavamaks ja [&#8230;]\n","protected":false},"featured_media":4905,"template":"","meta":[],"product_brand":[],"product_cat":[179],"product_tag":[],"class_list":{"0":"post-4930","1":"product","2":"type-product","3":"status-publish","4":"has-post-thumbnail","6":"product_cat-reilid-ja-korgendused","8":"first","9":"instock","10":"taxable","11":"shipping-taxable","12":"purchasable","13":"product-type-simple"},"yoast_head":"<!-- This site is optimized with the Yoast SEO Premium plugin v27.5 (Yoast SEO v27.5) - https:\/\/yoast.com\/product\/yoast-seo-premium-wordpress\/ -->\n<title>Rail Riser Low 8-slot alumiiniumist - Lahingurada e-pood<\/title>\n<meta name=\"description\" content=\"Rail Riser Low 8-slot on alumiiniumist madal relsi k\u00f5rgendus sihiku, punat\u00e4pi v\u00f5i muu lisatarviku paigaldamiseks airsoftile.\" \/>\n<meta name=\"robots\" content=\"index, follow, max-snippet:-1, max-image-preview:large, max-video-preview:-1\" \/>\n<link rel=\"canonical\" href=\"https:\/\/lahingupood.ee\/en\/product\/rail-riser-low-8-slot-alumiinium\/\" \/>\n<meta property=\"og:locale\" content=\"en_GB\" \/>\n<meta property=\"og:type\" content=\"article\" \/>\n<meta property=\"og:title\" content=\"Rail Riser Low 8-slot alumiiniumist\" \/>\n<meta property=\"og:description\" content=\"Rail Riser Low 8-slot on alumiiniumist madal relsi k\u00f5rgendus sihiku, punat\u00e4pi v\u00f5i muu lisatarviku paigaldamiseks airsoftile.\" \/>\n<meta property=\"og:url\" content=\"https:\/\/lahingupood.ee\/en\/product\/rail-riser-low-8-slot-alumiinium\/\" \/>\n<meta property=\"og:site_name\" content=\"Lahingurada e-pood\" \/>\n<meta property=\"article:publisher\" content=\"https:\/\/www.facebook.com\/Lahingurada-629940247212967\" \/>\n<meta property=\"article:modified_time\" content=\"2026-05-02T16:45:06+00:00\" \/>\n<meta property=\"og:image\" content=\"https:\/\/lahingupood.ee\/wp-content\/uploads\/2024\/05\/js-tactical-weaver-rail-12-inch-riser3-js-rt4l.jpeg\" \/>\n\t<meta property=\"og:image:width\" content=\"600\" \/>\n\t<meta property=\"og:image:height\" content=\"600\" \/>\n\t<meta property=\"og:image:type\" content=\"image\/jpeg\" \/>\n<meta name=\"twitter:card\" content=\"summary_large_image\" \/>\n<meta name=\"twitter:label1\" content=\"Estimated reading time\" \/>\n\t<meta name=\"twitter:data1\" content=\"1 minute\" \/>\n<script type=\"application\/ld+json\" class=\"yoast-schema-graph\">{\"@context\":\"https:\\\/\\\/schema.org\",\"@graph\":[{\"@type\":\"WebPage\",\"@id\":\"https:\\\/\\\/lahingupood.ee\\\/toode\\\/rail-riser-low-8-slot-alumiinium\\\/\",\"url\":\"https:\\\/\\\/lahingupood.ee\\\/toode\\\/rail-riser-low-8-slot-alumiinium\\\/\",\"name\":\"Rail Riser Low 8-slot alumiiniumist - Lahingurada e-pood\",\"isPartOf\":{\"@id\":\"https:\\\/\\\/lahingupood.ee\\\/#website\"},\"primaryImageOfPage\":{\"@id\":\"https:\\\/\\\/lahingupood.ee\\\/toode\\\/rail-riser-low-8-slot-alumiinium\\\/#primaryimage\"},\"image\":{\"@id\":\"https:\\\/\\\/lahingupood.ee\\\/toode\\\/rail-riser-low-8-slot-alumiinium\\\/#primaryimage\"},\"thumbnailUrl\":\"https:\\\/\\\/lahingupood.ee\\\/wp-content\\\/uploads\\\/2024\\\/05\\\/js-tactical-weaver-rail-12-inch-riser3-js-rt4l.jpeg\",\"datePublished\":\"2024-06-01T15:42:23+00:00\",\"dateModified\":\"2026-05-02T16:45:06+00:00\",\"description\":\"Rail Riser Low 8-slot on alumiiniumist madal relsi k\u00f5rgendus sihiku, punat\u00e4pi v\u00f5i muu lisatarviku paigaldamiseks airsoftile.\",\"breadcrumb\":{\"@id\":\"https:\\\/\\\/lahingupood.ee\\\/toode\\\/rail-riser-low-8-slot-alumiinium\\\/#breadcrumb\"},\"inLanguage\":\"en-GB\",\"potentialAction\":[{\"@type\":\"ReadAction\",\"target\":[\"https:\\\/\\\/lahingupood.ee\\\/toode\\\/rail-riser-low-8-slot-alumiinium\\\/\"]}]},{\"@type\":\"ImageObject\",\"inLanguage\":\"en-GB\",\"@id\":\"https:\\\/\\\/lahingupood.ee\\\/toode\\\/rail-riser-low-8-slot-alumiinium\\\/#primaryimage\",\"url\":\"https:\\\/\\\/lahingupood.ee\\\/wp-content\\\/uploads\\\/2024\\\/05\\\/js-tactical-weaver-rail-12-inch-riser3-js-rt4l.jpeg\",\"contentUrl\":\"https:\\\/\\\/lahingupood.ee\\\/wp-content\\\/uploads\\\/2024\\\/05\\\/js-tactical-weaver-rail-12-inch-riser3-js-rt4l.jpeg\",\"width\":600,\"height\":600,\"caption\":\"Madal sihiku k\u00f5rgendus 8-slot relsiinile\"},{\"@type\":\"BreadcrumbList\",\"@id\":\"https:\\\/\\\/lahingupood.ee\\\/toode\\\/rail-riser-low-8-slot-alumiinium\\\/#breadcrumb\",\"itemListElement\":[{\"@type\":\"ListItem\",\"position\":1,\"name\":\"Home\",\"item\":\"https:\\\/\\\/lahingupood.ee\\\/\"},{\"@type\":\"ListItem\",\"position\":2,\"name\":\"Tooted\",\"item\":\"https:\\\/\\\/lahingupood.ee\\\/tooted\\\/\"},{\"@type\":\"ListItem\",\"position\":3,\"name\":\"Rail Riser Low 8-slot alumiiniumist\"}]},{\"@type\":\"WebSite\",\"@id\":\"https:\\\/\\\/lahingupood.ee\\\/#website\",\"url\":\"https:\\\/\\\/lahingupood.ee\\\/\",\"name\":\"Lahingurada e-pood\",\"description\":\"Airsoft\",\"publisher\":{\"@id\":\"https:\\\/\\\/lahingupood.ee\\\/#organization\"},\"potentialAction\":[{\"@type\":\"SearchAction\",\"target\":{\"@type\":\"EntryPoint\",\"urlTemplate\":\"https:\\\/\\\/lahingupood.ee\\\/?s={search_term_string}\"},\"query-input\":{\"@type\":\"PropertyValueSpecification\",\"valueRequired\":true,\"valueName\":\"search_term_string\"}}],\"inLanguage\":\"en-GB\"},{\"@type\":\"Organization\",\"@id\":\"https:\\\/\\\/lahingupood.ee\\\/#organization\",\"name\":\"Lahingurada\",\"url\":\"https:\\\/\\\/lahingupood.ee\\\/\",\"logo\":{\"@type\":\"ImageObject\",\"inLanguage\":\"en-GB\",\"@id\":\"https:\\\/\\\/lahingupood.ee\\\/#\\\/schema\\\/logo\\\/image\\\/\",\"url\":\"https:\\\/\\\/lahingupood.ee\\\/wp-content\\\/uploads\\\/2022\\\/03\\\/lahingurada-220318.jpg\",\"contentUrl\":\"https:\\\/\\\/lahingupood.ee\\\/wp-content\\\/uploads\\\/2022\\\/03\\\/lahingurada-220318.jpg\",\"width\":800,\"height\":500,\"caption\":\"Lahingurada\"},\"image\":{\"@id\":\"https:\\\/\\\/lahingupood.ee\\\/#\\\/schema\\\/logo\\\/image\\\/\"},\"sameAs\":[\"https:\\\/\\\/www.facebook.com\\\/Lahingurada-629940247212967\"]}]}<\/script>\n<!-- \/ Yoast SEO Premium plugin. -->","yoast_head_json":{"title":"Rail Riser Low 8-slot alumiiniumist - Lahingurada e-pood","description":"Rail Riser Low 8-slot on alumiiniumist madal relsi k\u00f5rgendus sihiku, punat\u00e4pi v\u00f5i muu lisatarviku paigaldamiseks airsoftile.","robots":{"index":"index","follow":"follow","max-snippet":"max-snippet:-1","max-image-preview":"max-image-preview:large","max-video-preview":"max-video-preview:-1"},"canonical":"https:\/\/lahingupood.ee\/en\/product\/rail-riser-low-8-slot-alumiinium\/","og_locale":"en_GB","og_type":"article","og_title":"Rail Riser Low 8-slot alumiiniumist","og_description":"Rail Riser Low 8-slot on alumiiniumist madal relsi k\u00f5rgendus sihiku, punat\u00e4pi v\u00f5i muu lisatarviku paigaldamiseks airsoftile.","og_url":"https:\/\/lahingupood.ee\/en\/product\/rail-riser-low-8-slot-alumiinium\/","og_site_name":"Lahingurada e-pood","article_publisher":"https:\/\/www.facebook.com\/Lahingurada-629940247212967","article_modified_time":"2026-05-02T16:45:06+00:00","og_image":[{"width":600,"height":600,"url":"https:\/\/lahingupood.ee\/wp-content\/uploads\/2024\/05\/js-tactical-weaver-rail-12-inch-riser3-js-rt4l.jpeg","type":"image\/jpeg"}],"twitter_card":"summary_large_image","twitter_misc":{"Estimated reading time":"1 minute"},"schema":{"@context":"https:\/\/schema.org","@graph":[{"@type":"WebPage","@id":"https:\/\/lahingupood.ee\/toode\/rail-riser-low-8-slot-alumiinium\/","url":"https:\/\/lahingupood.ee\/toode\/rail-riser-low-8-slot-alumiinium\/","name":"Rail Riser Low 8-slot alumiiniumist - Lahingurada e-pood","isPartOf":{"@id":"https:\/\/lahingupood.ee\/#website"},"primaryImageOfPage":{"@id":"https:\/\/lahingupood.ee\/toode\/rail-riser-low-8-slot-alumiinium\/#primaryimage"},"image":{"@id":"https:\/\/lahingupood.ee\/toode\/rail-riser-low-8-slot-alumiinium\/#primaryimage"},"thumbnailUrl":"https:\/\/lahingupood.ee\/wp-content\/uploads\/2024\/05\/js-tactical-weaver-rail-12-inch-riser3-js-rt4l.jpeg","datePublished":"2024-06-01T15:42:23+00:00","dateModified":"2026-05-02T16:45:06+00:00","description":"Rail Riser Low 8-slot on alumiiniumist madal relsi k\u00f5rgendus sihiku, punat\u00e4pi v\u00f5i muu lisatarviku paigaldamiseks airsoftile.","breadcrumb":{"@id":"https:\/\/lahingupood.ee\/toode\/rail-riser-low-8-slot-alumiinium\/#breadcrumb"},"inLanguage":"en-GB","potentialAction":[{"@type":"ReadAction","target":["https:\/\/lahingupood.ee\/toode\/rail-riser-low-8-slot-alumiinium\/"]}]},{"@type":"ImageObject","inLanguage":"en-GB","@id":"https:\/\/lahingupood.ee\/toode\/rail-riser-low-8-slot-alumiinium\/#primaryimage","url":"https:\/\/lahingupood.ee\/wp-content\/uploads\/2024\/05\/js-tactical-weaver-rail-12-inch-riser3-js-rt4l.jpeg","contentUrl":"https:\/\/lahingupood.ee\/wp-content\/uploads\/2024\/05\/js-tactical-weaver-rail-12-inch-riser3-js-rt4l.jpeg","width":600,"height":600,"caption":"Madal sihiku k\u00f5rgendus 8-slot relsiinile"},{"@type":"BreadcrumbList","@id":"https:\/\/lahingupood.ee\/toode\/rail-riser-low-8-slot-alumiinium\/#breadcrumb","itemListElement":[{"@type":"ListItem","position":1,"name":"Home","item":"https:\/\/lahingupood.ee\/"},{"@type":"ListItem","position":2,"name":"Tooted","item":"https:\/\/lahingupood.ee\/tooted\/"},{"@type":"ListItem","position":3,"name":"Rail Riser Low 8-slot alumiiniumist"}]},{"@type":"WebSite","@id":"https:\/\/lahingupood.ee\/#website","url":"https:\/\/lahingupood.ee\/","name":"Lahingurada e-pood","description":"Airsoft","publisher":{"@id":"https:\/\/lahingupood.ee\/#organization"},"potentialAction":[{"@type":"SearchAction","target":{"@type":"EntryPoint","urlTemplate":"https:\/\/lahingupood.ee\/?s={search_term_string}"},"query-input":{"@type":"PropertyValueSpecification","valueRequired":true,"valueName":"search_term_string"}}],"inLanguage":"en-GB"},{"@type":"Organization","@id":"https:\/\/lahingupood.ee\/#organization","name":"Lahingurada","url":"https:\/\/lahingupood.ee\/","logo":{"@type":"ImageObject","inLanguage":"en-GB","@id":"https:\/\/lahingupood.ee\/#\/schema\/logo\/image\/","url":"https:\/\/lahingupood.ee\/wp-content\/uploads\/2022\/03\/lahingurada-220318.jpg","contentUrl":"https:\/\/lahingupood.ee\/wp-content\/uploads\/2022\/03\/lahingurada-220318.jpg","width":800,"height":500,"caption":"Lahingurada"},"image":{"@id":"https:\/\/lahingupood.ee\/#\/schema\/logo\/image\/"},"sameAs":["https:\/\/www.facebook.com\/Lahingurada-629940247212967"]}]}},"_links":{"self":[{"href":"https:\/\/lahingupood.ee\/en\/wp-json\/wp\/v2\/product\/4930","targetHints":{"allow":["GET"]}}],"collection":[{"href":"https:\/\/lahingupood.ee\/en\/wp-json\/wp\/v2\/product"}],"about":[{"href":"https:\/\/lahingupood.ee\/en\/wp-json\/wp\/v2\/types\/product"}],"wp:featuredmedia":[{"embeddable":true,"href":"https:\/\/lahingupood.ee\/en\/wp-json\/wp\/v2\/media\/4905"}],"wp:attachment":[{"href":"https:\/\/lahingupood.ee\/en\/wp-json\/wp\/v2\/media?parent=4930"}],"wp:term":[{"taxonomy":"product_brand","embeddable":true,"href":"https:\/\/lahingupood.ee\/en\/wp-json\/wp\/v2\/product_brand?post=4930"},{"taxonomy":"product_cat","embeddable":true,"href":"https:\/\/lahingupood.ee\/en\/wp-json\/wp\/v2\/product_cat?post=4930"},{"taxonomy":"product_tag","embeddable":true,"href":"https:\/\/lahingupood.ee\/en\/wp-json\/wp\/v2\/product_tag?post=4930"}],"curies":[{"name":"wp","href":"https:\/\/api.w.org\/{rel}","templated":true}]}}