{"id":4921,"date":"2024-05-30T11:15:45","date_gmt":"2024-05-30T08:15:45","guid":{"rendered":"https:\/\/lahingupood.ee\/?post_type=product&#038;p=4921"},"modified":"2026-05-02T20:00:02","modified_gmt":"2026-05-02T17:00:02","slug":"liuguriga-relvarihm-mc","status":"publish","type":"product","link":"https:\/\/lahingupood.ee\/en\/product\/liuguriga-relvarihm-mc\/","title":{"rendered":"MC liuguriga kahepunkti relvarihm"},"content":{"rendered":"<p data-start=\"780\" data-end=\"986\"><strong data-start=\"780\" data-end=\"803\">Liuguriga relvarihm<\/strong> MC on mugav ja mitmek\u00fclgne rihm airsofti replika v\u00f5i sobiva taktikalise varustuse kandmiseks. See on loodud kasutajale, kes soovib kiirelt reguleeritavat ja paindlikku kandes\u00fcsteemi.<\/p>\n<p data-start=\"988\" data-end=\"1318\">Rihm t\u00f6\u00f6tab p\u00f5hiliselt <strong data-start=\"1011\" data-end=\"1038\">kahepunkti relvarihmana<\/strong>. See t\u00e4hendab, et see kinnitub varustuse k\u00fclge kahest punktist. Selline lahendus aitab jaotada kaalu paremini ning hoida replika stabiilsemalt keha l\u00e4hedal. Kahepunkti rihm sobib h\u00e4sti pikemaks kandmiseks, liikumiseks ja olukordadeks, kus soovid varustust kindlamalt kontrollida.<\/p>\n<p data-start=\"1320\" data-end=\"1583\">Liuguriga reguleerimine v\u00f5imaldab rihma pikkust kiiresti muuta. See on kasulik siis, kui vajad rohkem liikumisvabadust v\u00f5i soovid replika keha vastu l\u00e4hemale t\u00f5mmata. Kiire reguleerimine aitab varustust kohandada vastavalt olukorrale, riietusele ja m\u00e4ngustiilile.<\/p>\n<p data-start=\"1585\" data-end=\"1863\">Rihma saab kokku pannes kasutada ka <strong data-start=\"1621\" data-end=\"1647\">\u00fchepunkti relvarihmana<\/strong>. See annab rohkem paindlikkust l\u00e4hidistantsil ja olukordades, kus on vaja kiiret \u00f5la vahetust v\u00f5i vabamat liikumist. Selline lahendus teeb rihmast hea valiku m\u00e4ngijale, kes soovib \u00fches tootes mitut kasutusv\u00f5imalust.<\/p>\n<p data-start=\"1865\" data-end=\"2042\">MC ehk multicam stiilis v\u00e4rv sobib h\u00e4sti erineva taktikalise varustusega. See t\u00f6\u00f6tab h\u00e4sti airsofti m\u00e4ngudel, metsas, v\u00e4litingimustes ja muu multicam varustusega kombineeritult.<\/p>","protected":false},"excerpt":{"rendered":"<p>Liuguriga relvarihm MC on mugav ja mitmek\u00fclgne rihm airsofti replika v\u00f5i sobiva taktikalise varustuse kandmiseks. See on loodud kasutajale, kes soovib kiirelt reguleeritavat ja paindlikku kandes\u00fcsteemi. Rihm t\u00f6\u00f6tab p\u00f5hiliselt kahepunkti relvarihmana. See t\u00e4hendab, et see kinnitub varustuse k\u00fclge kahest punktist. Selline lahendus aitab jaotada kaalu paremini ning hoida replika stabiilsemalt keha l\u00e4hedal. Kahepunkti rihm sobib [&#8230;]\n","protected":false},"featured_media":4917,"template":"","meta":[],"product_brand":[],"product_cat":[70],"product_tag":[],"class_list":{"0":"post-4921","1":"product","2":"type-product","3":"status-publish","4":"has-post-thumbnail","6":"product_cat-relvarihmad","8":"first","9":"instock","10":"taxable","11":"shipping-taxable","12":"purchasable","13":"product-type-simple"},"yoast_head":"<!-- This site is optimized with the Yoast SEO Premium plugin v27.5 (Yoast SEO v27.5) - https:\/\/yoast.com\/product\/yoast-seo-premium-wordpress\/ -->\n<title>Liuguriga relvarihm MC | Kahepunkti rihm<\/title>\n<meta name=\"description\" content=\"Liuguriga relvarihm MC on praktiline kahepunkti rihm airsofti ja taktikalise varustuse jaoks. Kokku pannes saab seda kasutada ka \u00fchepunkti rihmana.\" \/>\n<meta name=\"robots\" content=\"index, follow, max-snippet:-1, max-image-preview:large, max-video-preview:-1\" \/>\n<link rel=\"canonical\" href=\"https:\/\/lahingupood.ee\/en\/product\/liuguriga-relvarihm-mc\/\" \/>\n<meta property=\"og:locale\" content=\"en_GB\" \/>\n<meta property=\"og:type\" content=\"article\" \/>\n<meta property=\"og:title\" content=\"MC liuguriga kahepunkti relvarihm\" \/>\n<meta property=\"og:description\" content=\"Liuguriga relvarihm MC on praktiline kahepunkti rihm airsofti ja taktikalise varustuse jaoks. Kokku pannes saab seda kasutada ka \u00fchepunkti rihmana.\" \/>\n<meta property=\"og:url\" content=\"https:\/\/lahingupood.ee\/en\/product\/liuguriga-relvarihm-mc\/\" \/>\n<meta property=\"og:site_name\" content=\"Lahingurada e-pood\" \/>\n<meta property=\"article:publisher\" content=\"https:\/\/www.facebook.com\/Lahingurada-629940247212967\" \/>\n<meta property=\"article:modified_time\" content=\"2026-05-02T17:00:02+00:00\" \/>\n<meta property=\"og:image\" content=\"https:\/\/lahingupood.ee\/wp-content\/uploads\/2024\/05\/wosport-2-point-belt-multicam-ex-sl2mc.jpg\" \/>\n\t<meta property=\"og:image:width\" content=\"1000\" \/>\n\t<meta property=\"og:image:height\" content=\"1000\" \/>\n\t<meta property=\"og:image:type\" content=\"image\/jpeg\" \/>\n<meta name=\"twitter:card\" content=\"summary_large_image\" \/>\n<meta name=\"twitter:label1\" content=\"Estimated reading time\" \/>\n\t<meta name=\"twitter:data1\" content=\"2 minutes\" \/>\n<script type=\"application\/ld+json\" class=\"yoast-schema-graph\">{\"@context\":\"https:\\\/\\\/schema.org\",\"@graph\":[{\"@type\":\"WebPage\",\"@id\":\"https:\\\/\\\/lahingupood.ee\\\/toode\\\/liuguriga-relvarihm-mc\\\/\",\"url\":\"https:\\\/\\\/lahingupood.ee\\\/toode\\\/liuguriga-relvarihm-mc\\\/\",\"name\":\"Liuguriga relvarihm MC | Kahepunkti rihm\",\"isPartOf\":{\"@id\":\"https:\\\/\\\/lahingupood.ee\\\/#website\"},\"primaryImageOfPage\":{\"@id\":\"https:\\\/\\\/lahingupood.ee\\\/toode\\\/liuguriga-relvarihm-mc\\\/#primaryimage\"},\"image\":{\"@id\":\"https:\\\/\\\/lahingupood.ee\\\/toode\\\/liuguriga-relvarihm-mc\\\/#primaryimage\"},\"thumbnailUrl\":\"https:\\\/\\\/lahingupood.ee\\\/wp-content\\\/uploads\\\/2024\\\/05\\\/wosport-2-point-belt-multicam-ex-sl2mc.jpg\",\"datePublished\":\"2024-05-30T08:15:45+00:00\",\"dateModified\":\"2026-05-02T17:00:02+00:00\",\"description\":\"Liuguriga relvarihm MC on praktiline kahepunkti rihm airsofti ja taktikalise varustuse jaoks. Kokku pannes saab seda kasutada ka \u00fchepunkti rihmana.\",\"breadcrumb\":{\"@id\":\"https:\\\/\\\/lahingupood.ee\\\/toode\\\/liuguriga-relvarihm-mc\\\/#breadcrumb\"},\"inLanguage\":\"en-GB\",\"potentialAction\":[{\"@type\":\"ReadAction\",\"target\":[\"https:\\\/\\\/lahingupood.ee\\\/toode\\\/liuguriga-relvarihm-mc\\\/\"]}]},{\"@type\":\"ImageObject\",\"inLanguage\":\"en-GB\",\"@id\":\"https:\\\/\\\/lahingupood.ee\\\/toode\\\/liuguriga-relvarihm-mc\\\/#primaryimage\",\"url\":\"https:\\\/\\\/lahingupood.ee\\\/wp-content\\\/uploads\\\/2024\\\/05\\\/wosport-2-point-belt-multicam-ex-sl2mc.jpg\",\"contentUrl\":\"https:\\\/\\\/lahingupood.ee\\\/wp-content\\\/uploads\\\/2024\\\/05\\\/wosport-2-point-belt-multicam-ex-sl2mc.jpg\",\"width\":1000,\"height\":1000,\"caption\":\"Liuguriga relvarihm MC\"},{\"@type\":\"BreadcrumbList\",\"@id\":\"https:\\\/\\\/lahingupood.ee\\\/toode\\\/liuguriga-relvarihm-mc\\\/#breadcrumb\",\"itemListElement\":[{\"@type\":\"ListItem\",\"position\":1,\"name\":\"Home\",\"item\":\"https:\\\/\\\/lahingupood.ee\\\/\"},{\"@type\":\"ListItem\",\"position\":2,\"name\":\"Tooted\",\"item\":\"https:\\\/\\\/lahingupood.ee\\\/tooted\\\/\"},{\"@type\":\"ListItem\",\"position\":3,\"name\":\"MC liuguriga kahepunkti relvarihm\"}]},{\"@type\":\"WebSite\",\"@id\":\"https:\\\/\\\/lahingupood.ee\\\/#website\",\"url\":\"https:\\\/\\\/lahingupood.ee\\\/\",\"name\":\"Lahingurada e-pood\",\"description\":\"Airsoft\",\"publisher\":{\"@id\":\"https:\\\/\\\/lahingupood.ee\\\/#organization\"},\"potentialAction\":[{\"@type\":\"SearchAction\",\"target\":{\"@type\":\"EntryPoint\",\"urlTemplate\":\"https:\\\/\\\/lahingupood.ee\\\/?s={search_term_string}\"},\"query-input\":{\"@type\":\"PropertyValueSpecification\",\"valueRequired\":true,\"valueName\":\"search_term_string\"}}],\"inLanguage\":\"en-GB\"},{\"@type\":\"Organization\",\"@id\":\"https:\\\/\\\/lahingupood.ee\\\/#organization\",\"name\":\"Lahingurada\",\"url\":\"https:\\\/\\\/lahingupood.ee\\\/\",\"logo\":{\"@type\":\"ImageObject\",\"inLanguage\":\"en-GB\",\"@id\":\"https:\\\/\\\/lahingupood.ee\\\/#\\\/schema\\\/logo\\\/image\\\/\",\"url\":\"https:\\\/\\\/lahingupood.ee\\\/wp-content\\\/uploads\\\/2022\\\/03\\\/lahingurada-220318.jpg\",\"contentUrl\":\"https:\\\/\\\/lahingupood.ee\\\/wp-content\\\/uploads\\\/2022\\\/03\\\/lahingurada-220318.jpg\",\"width\":800,\"height\":500,\"caption\":\"Lahingurada\"},\"image\":{\"@id\":\"https:\\\/\\\/lahingupood.ee\\\/#\\\/schema\\\/logo\\\/image\\\/\"},\"sameAs\":[\"https:\\\/\\\/www.facebook.com\\\/Lahingurada-629940247212967\"]}]}<\/script>\n<!-- \/ Yoast SEO Premium plugin. -->","yoast_head_json":{"title":"Liuguriga relvarihm MC | Kahepunkti rihm","description":"Liuguriga relvarihm MC on praktiline kahepunkti rihm airsofti ja taktikalise varustuse jaoks. Kokku pannes saab seda kasutada ka \u00fchepunkti rihmana.","robots":{"index":"index","follow":"follow","max-snippet":"max-snippet:-1","max-image-preview":"max-image-preview:large","max-video-preview":"max-video-preview:-1"},"canonical":"https:\/\/lahingupood.ee\/en\/product\/liuguriga-relvarihm-mc\/","og_locale":"en_GB","og_type":"article","og_title":"MC liuguriga kahepunkti relvarihm","og_description":"Liuguriga relvarihm MC on praktiline kahepunkti rihm airsofti ja taktikalise varustuse jaoks. Kokku pannes saab seda kasutada ka \u00fchepunkti rihmana.","og_url":"https:\/\/lahingupood.ee\/en\/product\/liuguriga-relvarihm-mc\/","og_site_name":"Lahingurada e-pood","article_publisher":"https:\/\/www.facebook.com\/Lahingurada-629940247212967","article_modified_time":"2026-05-02T17:00:02+00:00","og_image":[{"width":1000,"height":1000,"url":"https:\/\/lahingupood.ee\/wp-content\/uploads\/2024\/05\/wosport-2-point-belt-multicam-ex-sl2mc.jpg","type":"image\/jpeg"}],"twitter_card":"summary_large_image","twitter_misc":{"Estimated reading time":"2 minutes"},"schema":{"@context":"https:\/\/schema.org","@graph":[{"@type":"WebPage","@id":"https:\/\/lahingupood.ee\/toode\/liuguriga-relvarihm-mc\/","url":"https:\/\/lahingupood.ee\/toode\/liuguriga-relvarihm-mc\/","name":"Liuguriga relvarihm MC | Kahepunkti rihm","isPartOf":{"@id":"https:\/\/lahingupood.ee\/#website"},"primaryImageOfPage":{"@id":"https:\/\/lahingupood.ee\/toode\/liuguriga-relvarihm-mc\/#primaryimage"},"image":{"@id":"https:\/\/lahingupood.ee\/toode\/liuguriga-relvarihm-mc\/#primaryimage"},"thumbnailUrl":"https:\/\/lahingupood.ee\/wp-content\/uploads\/2024\/05\/wosport-2-point-belt-multicam-ex-sl2mc.jpg","datePublished":"2024-05-30T08:15:45+00:00","dateModified":"2026-05-02T17:00:02+00:00","description":"Liuguriga relvarihm MC on praktiline kahepunkti rihm airsofti ja taktikalise varustuse jaoks. Kokku pannes saab seda kasutada ka \u00fchepunkti rihmana.","breadcrumb":{"@id":"https:\/\/lahingupood.ee\/toode\/liuguriga-relvarihm-mc\/#breadcrumb"},"inLanguage":"en-GB","potentialAction":[{"@type":"ReadAction","target":["https:\/\/lahingupood.ee\/toode\/liuguriga-relvarihm-mc\/"]}]},{"@type":"ImageObject","inLanguage":"en-GB","@id":"https:\/\/lahingupood.ee\/toode\/liuguriga-relvarihm-mc\/#primaryimage","url":"https:\/\/lahingupood.ee\/wp-content\/uploads\/2024\/05\/wosport-2-point-belt-multicam-ex-sl2mc.jpg","contentUrl":"https:\/\/lahingupood.ee\/wp-content\/uploads\/2024\/05\/wosport-2-point-belt-multicam-ex-sl2mc.jpg","width":1000,"height":1000,"caption":"Liuguriga relvarihm MC"},{"@type":"BreadcrumbList","@id":"https:\/\/lahingupood.ee\/toode\/liuguriga-relvarihm-mc\/#breadcrumb","itemListElement":[{"@type":"ListItem","position":1,"name":"Home","item":"https:\/\/lahingupood.ee\/"},{"@type":"ListItem","position":2,"name":"Tooted","item":"https:\/\/lahingupood.ee\/tooted\/"},{"@type":"ListItem","position":3,"name":"MC liuguriga kahepunkti relvarihm"}]},{"@type":"WebSite","@id":"https:\/\/lahingupood.ee\/#website","url":"https:\/\/lahingupood.ee\/","name":"Lahingurada e-pood","description":"Airsoft","publisher":{"@id":"https:\/\/lahingupood.ee\/#organization"},"potentialAction":[{"@type":"SearchAction","target":{"@type":"EntryPoint","urlTemplate":"https:\/\/lahingupood.ee\/?s={search_term_string}"},"query-input":{"@type":"PropertyValueSpecification","valueRequired":true,"valueName":"search_term_string"}}],"inLanguage":"en-GB"},{"@type":"Organization","@id":"https:\/\/lahingupood.ee\/#organization","name":"Lahingurada","url":"https:\/\/lahingupood.ee\/","logo":{"@type":"ImageObject","inLanguage":"en-GB","@id":"https:\/\/lahingupood.ee\/#\/schema\/logo\/image\/","url":"https:\/\/lahingupood.ee\/wp-content\/uploads\/2022\/03\/lahingurada-220318.jpg","contentUrl":"https:\/\/lahingupood.ee\/wp-content\/uploads\/2022\/03\/lahingurada-220318.jpg","width":800,"height":500,"caption":"Lahingurada"},"image":{"@id":"https:\/\/lahingupood.ee\/#\/schema\/logo\/image\/"},"sameAs":["https:\/\/www.facebook.com\/Lahingurada-629940247212967"]}]}},"_links":{"self":[{"href":"https:\/\/lahingupood.ee\/en\/wp-json\/wp\/v2\/product\/4921","targetHints":{"allow":["GET"]}}],"collection":[{"href":"https:\/\/lahingupood.ee\/en\/wp-json\/wp\/v2\/product"}],"about":[{"href":"https:\/\/lahingupood.ee\/en\/wp-json\/wp\/v2\/types\/product"}],"wp:featuredmedia":[{"embeddable":true,"href":"https:\/\/lahingupood.ee\/en\/wp-json\/wp\/v2\/media\/4917"}],"wp:attachment":[{"href":"https:\/\/lahingupood.ee\/en\/wp-json\/wp\/v2\/media?parent=4921"}],"wp:term":[{"taxonomy":"product_brand","embeddable":true,"href":"https:\/\/lahingupood.ee\/en\/wp-json\/wp\/v2\/product_brand?post=4921"},{"taxonomy":"product_cat","embeddable":true,"href":"https:\/\/lahingupood.ee\/en\/wp-json\/wp\/v2\/product_cat?post=4921"},{"taxonomy":"product_tag","embeddable":true,"href":"https:\/\/lahingupood.ee\/en\/wp-json\/wp\/v2\/product_tag?post=4921"}],"curies":[{"name":"wp","href":"https:\/\/api.w.org\/{rel}","templated":true}]}}