{"id":4879,"date":"2024-05-10T12:28:01","date_gmt":"2024-05-10T09:28:01","guid":{"rendered":"https:\/\/lahingupood.ee\/?post_type=product&#038;p=4879"},"modified":"2026-04-12T20:30:04","modified_gmt":"2026-04-12T17:30:04","slug":"specna-arms-sa-fx01-flextm-hal-etu-tm-asg-carbine","status":"publish","type":"product","link":"https:\/\/lahingupood.ee\/en\/product\/specna-arms-sa-fx01-flextm-hal-etu-tm-asg-carbine\/","title":{"rendered":"Specna Arms SA-FX01 FLEXTM HAL ETU TM ASG Carbine"},"content":{"rendered":"<p>Specna Arms SA-FX01 FLEXTM HAL ETU TM ASG Carbine<\/p>\n<p>Specna Armsi Flex seeria replikate uus mudel koos elektrilist p\u00e4\u00e4stikuga. Replika On Tugevast plastikust ja metallist kerega.<\/p>\n<p>V\u00e4ljalase umbes 1.3J<\/p>\n<p>Kaasas \u00fcks Hicap salv<\/p>\n<p>Aku otsad deans<\/p>\n<p>AKU JA LAADIJA EI KUULU KOMPLEKTI!!!<\/p>","protected":false},"excerpt":{"rendered":"<p>Specna Arms SA-FX01 FLEXTM HAL ETU TM ASG Carbine Specna Armsi Flex seeria replikate uus mudel koos elektrilist p\u00e4\u00e4stikuga. Replika On Tugevast plastikust ja metallist kerega. V\u00e4ljalase umbes 1.3J Kaasas \u00fcks Hicap salv Aku otsad deans AKU JA LAADIJA EI KUULU KOMPLEKTI!!!<\/p>","protected":false},"featured_media":4875,"template":"","meta":[],"product_brand":[],"product_cat":[23],"product_tag":[],"class_list":{"0":"post-4879","1":"product","2":"type-product","3":"status-publish","4":"has-post-thumbnail","6":"product_cat-elektrilised-relvad","8":"first","9":"instock","10":"taxable","11":"shipping-taxable","12":"purchasable","13":"product-type-simple"},"yoast_head":"<!-- This site is optimized with the Yoast SEO Premium plugin v27.3 (Yoast SEO v27.3) - https:\/\/yoast.com\/product\/yoast-seo-premium-wordpress\/ -->\n<title>Specna Arms SA-FX01 FLEXTM HAL ETU TM ASG Carbine - Lahingurada e-pood<\/title>\n<meta name=\"description\" content=\"Specna Arms SA-FX01 FLEXTM HAL ETU TM ASG CarbineSpecna Armsi Flex seeria replikate uus mudel koos elektrilist p\u00e4\u00e4stikuga. Replika On Tugevast plastikust ja\" \/>\n<meta name=\"robots\" content=\"index, follow, max-snippet:-1, max-image-preview:large, max-video-preview:-1\" \/>\n<link rel=\"canonical\" href=\"https:\/\/lahingupood.ee\/en\/product\/specna-arms-sa-fx01-flextm-hal-etu-tm-asg-carbine\/\" \/>\n<meta property=\"og:locale\" content=\"en_GB\" \/>\n<meta property=\"og:type\" content=\"article\" \/>\n<meta property=\"og:title\" content=\"Specna Arms SA-FX01 FLEXTM HAL ETU TM ASG Carbine\" \/>\n<meta property=\"og:description\" content=\"Specna Arms SA-FX01 FLEXTM HAL ETU TM ASG CarbineSpecna Armsi Flex seeria replikate uus mudel koos elektrilist p\u00e4\u00e4stikuga. Replika On Tugevast plastikust ja\" \/>\n<meta property=\"og:url\" content=\"https:\/\/lahingupood.ee\/en\/product\/specna-arms-sa-fx01-flextm-hal-etu-tm-asg-carbine\/\" \/>\n<meta property=\"og:site_name\" content=\"Lahingurada e-pood\" \/>\n<meta property=\"article:publisher\" content=\"https:\/\/www.facebook.com\/Lahingurada-629940247212967\" \/>\n<meta property=\"article:modified_time\" content=\"2026-04-12T17:30:04+00:00\" \/>\n<meta property=\"og:image\" content=\"https:\/\/lahingupood.ee\/wp-content\/uploads\/2024\/05\/694947ac903f59988b20dbdd973fec1704863758_SPE_01_041526_01.webp\" \/>\n\t<meta property=\"og:image:width\" content=\"2000\" \/>\n\t<meta property=\"og:image:height\" content=\"1333\" \/>\n\t<meta property=\"og:image:type\" content=\"image\/webp\" \/>\n<meta name=\"twitter:card\" content=\"summary_large_image\" \/>\n<meta name=\"twitter:label1\" content=\"Estimated reading time\" \/>\n\t<meta name=\"twitter:data1\" content=\"1 minute\" \/>\n<script type=\"application\/ld+json\" class=\"yoast-schema-graph\">{\"@context\":\"https:\\\/\\\/schema.org\",\"@graph\":[{\"@type\":\"WebPage\",\"@id\":\"https:\\\/\\\/lahingupood.ee\\\/toode\\\/specna-arms-sa-fx01-flextm-hal-etu-tm-asg-carbine\\\/\",\"url\":\"https:\\\/\\\/lahingupood.ee\\\/toode\\\/specna-arms-sa-fx01-flextm-hal-etu-tm-asg-carbine\\\/\",\"name\":\"Specna Arms SA-FX01 FLEXTM HAL ETU TM ASG Carbine - Lahingurada e-pood\",\"isPartOf\":{\"@id\":\"https:\\\/\\\/lahingupood.ee\\\/#website\"},\"primaryImageOfPage\":{\"@id\":\"https:\\\/\\\/lahingupood.ee\\\/toode\\\/specna-arms-sa-fx01-flextm-hal-etu-tm-asg-carbine\\\/#primaryimage\"},\"image\":{\"@id\":\"https:\\\/\\\/lahingupood.ee\\\/toode\\\/specna-arms-sa-fx01-flextm-hal-etu-tm-asg-carbine\\\/#primaryimage\"},\"thumbnailUrl\":\"https:\\\/\\\/lahingupood.ee\\\/wp-content\\\/uploads\\\/2024\\\/05\\\/694947ac903f59988b20dbdd973fec1704863758_SPE_01_041526_01.webp\",\"datePublished\":\"2024-05-10T09:28:01+00:00\",\"dateModified\":\"2026-04-12T17:30:04+00:00\",\"description\":\"Specna Arms SA-FX01 FLEXTM HAL ETU TM ASG CarbineSpecna Armsi Flex seeria replikate uus mudel koos elektrilist p\u00e4\u00e4stikuga. Replika On Tugevast plastikust ja\",\"breadcrumb\":{\"@id\":\"https:\\\/\\\/lahingupood.ee\\\/toode\\\/specna-arms-sa-fx01-flextm-hal-etu-tm-asg-carbine\\\/#breadcrumb\"},\"inLanguage\":\"en-GB\",\"potentialAction\":[{\"@type\":\"ReadAction\",\"target\":[\"https:\\\/\\\/lahingupood.ee\\\/toode\\\/specna-arms-sa-fx01-flextm-hal-etu-tm-asg-carbine\\\/\"]}]},{\"@type\":\"ImageObject\",\"inLanguage\":\"en-GB\",\"@id\":\"https:\\\/\\\/lahingupood.ee\\\/toode\\\/specna-arms-sa-fx01-flextm-hal-etu-tm-asg-carbine\\\/#primaryimage\",\"url\":\"https:\\\/\\\/lahingupood.ee\\\/wp-content\\\/uploads\\\/2024\\\/05\\\/694947ac903f59988b20dbdd973fec1704863758_SPE_01_041526_01.webp\",\"contentUrl\":\"https:\\\/\\\/lahingupood.ee\\\/wp-content\\\/uploads\\\/2024\\\/05\\\/694947ac903f59988b20dbdd973fec1704863758_SPE_01_041526_01.webp\",\"width\":2000,\"height\":1333},{\"@type\":\"BreadcrumbList\",\"@id\":\"https:\\\/\\\/lahingupood.ee\\\/toode\\\/specna-arms-sa-fx01-flextm-hal-etu-tm-asg-carbine\\\/#breadcrumb\",\"itemListElement\":[{\"@type\":\"ListItem\",\"position\":1,\"name\":\"Home\",\"item\":\"https:\\\/\\\/lahingupood.ee\\\/\"},{\"@type\":\"ListItem\",\"position\":2,\"name\":\"Tooted\",\"item\":\"https:\\\/\\\/lahingupood.ee\\\/tooted\\\/\"},{\"@type\":\"ListItem\",\"position\":3,\"name\":\"Specna Arms SA-FX01 FLEXTM HAL ETU TM ASG Carbine\"}]},{\"@type\":\"WebSite\",\"@id\":\"https:\\\/\\\/lahingupood.ee\\\/#website\",\"url\":\"https:\\\/\\\/lahingupood.ee\\\/\",\"name\":\"Lahingurada e-pood\",\"description\":\"Airsoft\",\"publisher\":{\"@id\":\"https:\\\/\\\/lahingupood.ee\\\/#organization\"},\"potentialAction\":[{\"@type\":\"SearchAction\",\"target\":{\"@type\":\"EntryPoint\",\"urlTemplate\":\"https:\\\/\\\/lahingupood.ee\\\/?s={search_term_string}\"},\"query-input\":{\"@type\":\"PropertyValueSpecification\",\"valueRequired\":true,\"valueName\":\"search_term_string\"}}],\"inLanguage\":\"en-GB\"},{\"@type\":\"Organization\",\"@id\":\"https:\\\/\\\/lahingupood.ee\\\/#organization\",\"name\":\"Lahingurada\",\"url\":\"https:\\\/\\\/lahingupood.ee\\\/\",\"logo\":{\"@type\":\"ImageObject\",\"inLanguage\":\"en-GB\",\"@id\":\"https:\\\/\\\/lahingupood.ee\\\/#\\\/schema\\\/logo\\\/image\\\/\",\"url\":\"https:\\\/\\\/lahingupood.ee\\\/wp-content\\\/uploads\\\/2022\\\/03\\\/lahingurada-220318.jpg\",\"contentUrl\":\"https:\\\/\\\/lahingupood.ee\\\/wp-content\\\/uploads\\\/2022\\\/03\\\/lahingurada-220318.jpg\",\"width\":800,\"height\":500,\"caption\":\"Lahingurada\"},\"image\":{\"@id\":\"https:\\\/\\\/lahingupood.ee\\\/#\\\/schema\\\/logo\\\/image\\\/\"},\"sameAs\":[\"https:\\\/\\\/www.facebook.com\\\/Lahingurada-629940247212967\"]}]}<\/script>\n<!-- \/ Yoast SEO Premium plugin. -->","yoast_head_json":{"title":"Specna Arms SA-FX01 FLEXTM HAL ETU TM ASG Carbine - Lahingurada e-pood","description":"Specna Arms SA-FX01 FLEXTM HAL ETU TM ASG CarbineSpecna Armsi Flex seeria replikate uus mudel koos elektrilist p\u00e4\u00e4stikuga. Replika On Tugevast plastikust ja","robots":{"index":"index","follow":"follow","max-snippet":"max-snippet:-1","max-image-preview":"max-image-preview:large","max-video-preview":"max-video-preview:-1"},"canonical":"https:\/\/lahingupood.ee\/en\/product\/specna-arms-sa-fx01-flextm-hal-etu-tm-asg-carbine\/","og_locale":"en_GB","og_type":"article","og_title":"Specna Arms SA-FX01 FLEXTM HAL ETU TM ASG Carbine","og_description":"Specna Arms SA-FX01 FLEXTM HAL ETU TM ASG CarbineSpecna Armsi Flex seeria replikate uus mudel koos elektrilist p\u00e4\u00e4stikuga. Replika On Tugevast plastikust ja","og_url":"https:\/\/lahingupood.ee\/en\/product\/specna-arms-sa-fx01-flextm-hal-etu-tm-asg-carbine\/","og_site_name":"Lahingurada e-pood","article_publisher":"https:\/\/www.facebook.com\/Lahingurada-629940247212967","article_modified_time":"2026-04-12T17:30:04+00:00","og_image":[{"width":2000,"height":1333,"url":"https:\/\/lahingupood.ee\/wp-content\/uploads\/2024\/05\/694947ac903f59988b20dbdd973fec1704863758_SPE_01_041526_01.webp","type":"image\/webp"}],"twitter_card":"summary_large_image","twitter_misc":{"Estimated reading time":"1 minute"},"schema":{"@context":"https:\/\/schema.org","@graph":[{"@type":"WebPage","@id":"https:\/\/lahingupood.ee\/toode\/specna-arms-sa-fx01-flextm-hal-etu-tm-asg-carbine\/","url":"https:\/\/lahingupood.ee\/toode\/specna-arms-sa-fx01-flextm-hal-etu-tm-asg-carbine\/","name":"Specna Arms SA-FX01 FLEXTM HAL ETU TM ASG Carbine - Lahingurada e-pood","isPartOf":{"@id":"https:\/\/lahingupood.ee\/#website"},"primaryImageOfPage":{"@id":"https:\/\/lahingupood.ee\/toode\/specna-arms-sa-fx01-flextm-hal-etu-tm-asg-carbine\/#primaryimage"},"image":{"@id":"https:\/\/lahingupood.ee\/toode\/specna-arms-sa-fx01-flextm-hal-etu-tm-asg-carbine\/#primaryimage"},"thumbnailUrl":"https:\/\/lahingupood.ee\/wp-content\/uploads\/2024\/05\/694947ac903f59988b20dbdd973fec1704863758_SPE_01_041526_01.webp","datePublished":"2024-05-10T09:28:01+00:00","dateModified":"2026-04-12T17:30:04+00:00","description":"Specna Arms SA-FX01 FLEXTM HAL ETU TM ASG CarbineSpecna Armsi Flex seeria replikate uus mudel koos elektrilist p\u00e4\u00e4stikuga. Replika On Tugevast plastikust ja","breadcrumb":{"@id":"https:\/\/lahingupood.ee\/toode\/specna-arms-sa-fx01-flextm-hal-etu-tm-asg-carbine\/#breadcrumb"},"inLanguage":"en-GB","potentialAction":[{"@type":"ReadAction","target":["https:\/\/lahingupood.ee\/toode\/specna-arms-sa-fx01-flextm-hal-etu-tm-asg-carbine\/"]}]},{"@type":"ImageObject","inLanguage":"en-GB","@id":"https:\/\/lahingupood.ee\/toode\/specna-arms-sa-fx01-flextm-hal-etu-tm-asg-carbine\/#primaryimage","url":"https:\/\/lahingupood.ee\/wp-content\/uploads\/2024\/05\/694947ac903f59988b20dbdd973fec1704863758_SPE_01_041526_01.webp","contentUrl":"https:\/\/lahingupood.ee\/wp-content\/uploads\/2024\/05\/694947ac903f59988b20dbdd973fec1704863758_SPE_01_041526_01.webp","width":2000,"height":1333},{"@type":"BreadcrumbList","@id":"https:\/\/lahingupood.ee\/toode\/specna-arms-sa-fx01-flextm-hal-etu-tm-asg-carbine\/#breadcrumb","itemListElement":[{"@type":"ListItem","position":1,"name":"Home","item":"https:\/\/lahingupood.ee\/"},{"@type":"ListItem","position":2,"name":"Tooted","item":"https:\/\/lahingupood.ee\/tooted\/"},{"@type":"ListItem","position":3,"name":"Specna Arms SA-FX01 FLEXTM HAL ETU TM ASG Carbine"}]},{"@type":"WebSite","@id":"https:\/\/lahingupood.ee\/#website","url":"https:\/\/lahingupood.ee\/","name":"Lahingurada e-pood","description":"Airsoft","publisher":{"@id":"https:\/\/lahingupood.ee\/#organization"},"potentialAction":[{"@type":"SearchAction","target":{"@type":"EntryPoint","urlTemplate":"https:\/\/lahingupood.ee\/?s={search_term_string}"},"query-input":{"@type":"PropertyValueSpecification","valueRequired":true,"valueName":"search_term_string"}}],"inLanguage":"en-GB"},{"@type":"Organization","@id":"https:\/\/lahingupood.ee\/#organization","name":"Lahingurada","url":"https:\/\/lahingupood.ee\/","logo":{"@type":"ImageObject","inLanguage":"en-GB","@id":"https:\/\/lahingupood.ee\/#\/schema\/logo\/image\/","url":"https:\/\/lahingupood.ee\/wp-content\/uploads\/2022\/03\/lahingurada-220318.jpg","contentUrl":"https:\/\/lahingupood.ee\/wp-content\/uploads\/2022\/03\/lahingurada-220318.jpg","width":800,"height":500,"caption":"Lahingurada"},"image":{"@id":"https:\/\/lahingupood.ee\/#\/schema\/logo\/image\/"},"sameAs":["https:\/\/www.facebook.com\/Lahingurada-629940247212967"]}]}},"_links":{"self":[{"href":"https:\/\/lahingupood.ee\/en\/wp-json\/wp\/v2\/product\/4879","targetHints":{"allow":["GET"]}}],"collection":[{"href":"https:\/\/lahingupood.ee\/en\/wp-json\/wp\/v2\/product"}],"about":[{"href":"https:\/\/lahingupood.ee\/en\/wp-json\/wp\/v2\/types\/product"}],"wp:featuredmedia":[{"embeddable":true,"href":"https:\/\/lahingupood.ee\/en\/wp-json\/wp\/v2\/media\/4875"}],"wp:attachment":[{"href":"https:\/\/lahingupood.ee\/en\/wp-json\/wp\/v2\/media?parent=4879"}],"wp:term":[{"taxonomy":"product_brand","embeddable":true,"href":"https:\/\/lahingupood.ee\/en\/wp-json\/wp\/v2\/product_brand?post=4879"},{"taxonomy":"product_cat","embeddable":true,"href":"https:\/\/lahingupood.ee\/en\/wp-json\/wp\/v2\/product_cat?post=4879"},{"taxonomy":"product_tag","embeddable":true,"href":"https:\/\/lahingupood.ee\/en\/wp-json\/wp\/v2\/product_tag?post=4879"}],"curies":[{"name":"wp","href":"https:\/\/api.w.org\/{rel}","templated":true}]}}