{"id":4851,"date":"2024-05-08T17:58:50","date_gmt":"2024-05-08T14:58:50","guid":{"rendered":"https:\/\/lahingupood.ee\/?post_type=product&#038;p=4851"},"modified":"2026-05-02T19:45:03","modified_gmt":"2026-05-02T16:45:03","slug":"earmor-m51-tactical-ptt-midland-black","status":"publish","type":"product","link":"https:\/\/lahingupood.ee\/en\/product\/earmor-m51-tactical-ptt-midland-black\/","title":{"rendered":"Earmor M51 Tactical PTT Midland Black"},"content":{"rendered":"<p data-start=\"777\" data-end=\"993\"><strong data-start=\"777\" data-end=\"803\">Earmor M51 PTT Midland<\/strong> on praktiline Push to Talk adapter kasutajale, kes soovib \u00fchendada aktiivklapid Midland raadiojaamaga. See sobib h\u00e4sti airsofti, taktikalise varustuse, treeningu ja meeskonnasuhtluse jaoks.<\/p>\n<p data-start=\"995\" data-end=\"1277\">PTT ehk Push to Talk lahendus v\u00f5imaldab raadiosidet kasutada lihtsalt ja kiiresti. Nupu vajutamisel saad edastada oma s\u00f5numi raadiojaama kaudu. See on eriti kasulik airsofti m\u00e4ngudes, kus kiire ja selge tiimisuhtlus aitab paremini koordineerida liikumist, positsioone ja \u00fclesandeid.<\/p>\n<p data-start=\"1279\" data-end=\"1484\">Adapter \u00fchendab omavahel aktiivklapid ja raadiojaama. Nii saad kuulda suhtlust k\u00f5rvaklappidest ning r\u00e4\u00e4kida l\u00e4bi \u00fchendatud mikrofoni. See muudab sidepidamise mugavamaks kui raadiosaatja k\u00e4sitsi kasutamine.<\/p>\n<p data-start=\"1486\" data-end=\"1740\"><strong data-start=\"1486\" data-end=\"1512\">Earmor M51 PTT Midland<\/strong> on m\u00f5eldud Midland t\u00fc\u00fcpi \u00fchendusega raadiojaamadele. Enne ostmist kontrolli kindlasti, et sinu raadiojaam ja aktiivklapid oleksid selle PTT mudeliga \u00fchilduvad. \u00d5ige \u00fchendus on oluline, et heli ja mikrofon t\u00f6\u00f6taksid korrektselt.<\/p>","protected":false},"excerpt":{"rendered":"<p>Earmor M51 PTT Midland on praktiline Push to Talk adapter kasutajale, kes soovib \u00fchendada aktiivklapid Midland raadiojaamaga. See sobib h\u00e4sti airsofti, taktikalise varustuse, treeningu ja meeskonnasuhtluse jaoks. PTT ehk Push to Talk lahendus v\u00f5imaldab raadiosidet kasutada lihtsalt ja kiiresti. Nupu vajutamisel saad edastada oma s\u00f5numi raadiojaama kaudu. See on eriti kasulik airsofti m\u00e4ngudes, kus kiire [&#8230;]\n","protected":false},"featured_media":4852,"template":"","meta":[],"product_brand":[],"product_cat":[66],"product_tag":[],"class_list":{"0":"post-4851","1":"product","2":"type-product","3":"status-publish","4":"has-post-thumbnail","6":"product_cat-side","8":"first","9":"instock","10":"taxable","11":"shipping-taxable","12":"purchasable","13":"product-type-simple"},"yoast_head":"<!-- This site is optimized with the Yoast SEO Premium plugin v27.5 (Yoast SEO v27.5) - https:\/\/yoast.com\/product\/yoast-seo-premium-wordpress\/ -->\n<title>Earmor M51 PTT Midland Black<\/title>\n<meta name=\"description\" content=\"Earmor M51 PTT Midland \u00fchendab aktiivklapid ja Midland raadiojaama. Push to Talk nupp sobib airsoftiks, taktikalisse varustusse ja tiimisuhtluseks.\" \/>\n<meta name=\"robots\" content=\"index, follow, max-snippet:-1, max-image-preview:large, max-video-preview:-1\" \/>\n<link rel=\"canonical\" href=\"https:\/\/lahingupood.ee\/en\/product\/earmor-m51-tactical-ptt-midland-black\/\" \/>\n<meta property=\"og:locale\" content=\"en_GB\" \/>\n<meta property=\"og:type\" content=\"article\" \/>\n<meta property=\"og:title\" content=\"Earmor M51 Tactical PTT Midland Black\" \/>\n<meta property=\"og:description\" content=\"Earmor M51 PTT Midland \u00fchendab aktiivklapid ja Midland raadiojaama. Push to Talk nupp sobib airsoftiks, taktikalisse varustusse ja tiimisuhtluseks.\" \/>\n<meta property=\"og:url\" content=\"https:\/\/lahingupood.ee\/en\/product\/earmor-m51-tactical-ptt-midland-black\/\" \/>\n<meta property=\"og:site_name\" content=\"Lahingurada e-pood\" \/>\n<meta property=\"article:publisher\" content=\"https:\/\/www.facebook.com\/Lahingurada-629940247212967\" \/>\n<meta property=\"article:modified_time\" content=\"2026-05-02T16:45:03+00:00\" \/>\n<meta property=\"og:image\" content=\"https:\/\/lahingupood.ee\/wp-content\/uploads\/2024\/05\/ppt2.webp\" \/>\n\t<meta property=\"og:image:width\" content=\"960\" \/>\n\t<meta property=\"og:image:height\" content=\"960\" \/>\n\t<meta property=\"og:image:type\" content=\"image\/webp\" \/>\n<meta name=\"twitter:card\" content=\"summary_large_image\" \/>\n<meta name=\"twitter:label1\" content=\"Estimated reading time\" \/>\n\t<meta name=\"twitter:data1\" content=\"1 minute\" \/>\n<script type=\"application\/ld+json\" class=\"yoast-schema-graph\">{\"@context\":\"https:\\\/\\\/schema.org\",\"@graph\":[{\"@type\":\"WebPage\",\"@id\":\"https:\\\/\\\/lahingupood.ee\\\/toode\\\/earmor-m51-tactical-ptt-midland-black\\\/\",\"url\":\"https:\\\/\\\/lahingupood.ee\\\/toode\\\/earmor-m51-tactical-ptt-midland-black\\\/\",\"name\":\"Earmor M51 PTT Midland Black\",\"isPartOf\":{\"@id\":\"https:\\\/\\\/lahingupood.ee\\\/#website\"},\"primaryImageOfPage\":{\"@id\":\"https:\\\/\\\/lahingupood.ee\\\/toode\\\/earmor-m51-tactical-ptt-midland-black\\\/#primaryimage\"},\"image\":{\"@id\":\"https:\\\/\\\/lahingupood.ee\\\/toode\\\/earmor-m51-tactical-ptt-midland-black\\\/#primaryimage\"},\"thumbnailUrl\":\"https:\\\/\\\/lahingupood.ee\\\/wp-content\\\/uploads\\\/2024\\\/05\\\/ppt2.webp\",\"datePublished\":\"2024-05-08T14:58:50+00:00\",\"dateModified\":\"2026-05-02T16:45:03+00:00\",\"description\":\"Earmor M51 PTT Midland \u00fchendab aktiivklapid ja Midland raadiojaama. Push to Talk nupp sobib airsoftiks, taktikalisse varustusse ja tiimisuhtluseks.\",\"breadcrumb\":{\"@id\":\"https:\\\/\\\/lahingupood.ee\\\/toode\\\/earmor-m51-tactical-ptt-midland-black\\\/#breadcrumb\"},\"inLanguage\":\"en-GB\",\"potentialAction\":[{\"@type\":\"ReadAction\",\"target\":[\"https:\\\/\\\/lahingupood.ee\\\/toode\\\/earmor-m51-tactical-ptt-midland-black\\\/\"]}]},{\"@type\":\"ImageObject\",\"inLanguage\":\"en-GB\",\"@id\":\"https:\\\/\\\/lahingupood.ee\\\/toode\\\/earmor-m51-tactical-ptt-midland-black\\\/#primaryimage\",\"url\":\"https:\\\/\\\/lahingupood.ee\\\/wp-content\\\/uploads\\\/2024\\\/05\\\/ppt2.webp\",\"contentUrl\":\"https:\\\/\\\/lahingupood.ee\\\/wp-content\\\/uploads\\\/2024\\\/05\\\/ppt2.webp\",\"width\":960,\"height\":960,\"caption\":\"Earmor M51 Tactical PTT Midland Black\"},{\"@type\":\"BreadcrumbList\",\"@id\":\"https:\\\/\\\/lahingupood.ee\\\/toode\\\/earmor-m51-tactical-ptt-midland-black\\\/#breadcrumb\",\"itemListElement\":[{\"@type\":\"ListItem\",\"position\":1,\"name\":\"Home\",\"item\":\"https:\\\/\\\/lahingupood.ee\\\/\"},{\"@type\":\"ListItem\",\"position\":2,\"name\":\"Tooted\",\"item\":\"https:\\\/\\\/lahingupood.ee\\\/tooted\\\/\"},{\"@type\":\"ListItem\",\"position\":3,\"name\":\"Earmor M51 Tactical PTT Midland Black\"}]},{\"@type\":\"WebSite\",\"@id\":\"https:\\\/\\\/lahingupood.ee\\\/#website\",\"url\":\"https:\\\/\\\/lahingupood.ee\\\/\",\"name\":\"Lahingurada e-pood\",\"description\":\"Airsoft\",\"publisher\":{\"@id\":\"https:\\\/\\\/lahingupood.ee\\\/#organization\"},\"potentialAction\":[{\"@type\":\"SearchAction\",\"target\":{\"@type\":\"EntryPoint\",\"urlTemplate\":\"https:\\\/\\\/lahingupood.ee\\\/?s={search_term_string}\"},\"query-input\":{\"@type\":\"PropertyValueSpecification\",\"valueRequired\":true,\"valueName\":\"search_term_string\"}}],\"inLanguage\":\"en-GB\"},{\"@type\":\"Organization\",\"@id\":\"https:\\\/\\\/lahingupood.ee\\\/#organization\",\"name\":\"Lahingurada\",\"url\":\"https:\\\/\\\/lahingupood.ee\\\/\",\"logo\":{\"@type\":\"ImageObject\",\"inLanguage\":\"en-GB\",\"@id\":\"https:\\\/\\\/lahingupood.ee\\\/#\\\/schema\\\/logo\\\/image\\\/\",\"url\":\"https:\\\/\\\/lahingupood.ee\\\/wp-content\\\/uploads\\\/2022\\\/03\\\/lahingurada-220318.jpg\",\"contentUrl\":\"https:\\\/\\\/lahingupood.ee\\\/wp-content\\\/uploads\\\/2022\\\/03\\\/lahingurada-220318.jpg\",\"width\":800,\"height\":500,\"caption\":\"Lahingurada\"},\"image\":{\"@id\":\"https:\\\/\\\/lahingupood.ee\\\/#\\\/schema\\\/logo\\\/image\\\/\"},\"sameAs\":[\"https:\\\/\\\/www.facebook.com\\\/Lahingurada-629940247212967\"]}]}<\/script>\n<!-- \/ Yoast SEO Premium plugin. -->","yoast_head_json":{"title":"Earmor M51 PTT Midland Black","description":"Earmor M51 PTT Midland \u00fchendab aktiivklapid ja Midland raadiojaama. Push to Talk nupp sobib airsoftiks, taktikalisse varustusse ja tiimisuhtluseks.","robots":{"index":"index","follow":"follow","max-snippet":"max-snippet:-1","max-image-preview":"max-image-preview:large","max-video-preview":"max-video-preview:-1"},"canonical":"https:\/\/lahingupood.ee\/en\/product\/earmor-m51-tactical-ptt-midland-black\/","og_locale":"en_GB","og_type":"article","og_title":"Earmor M51 Tactical PTT Midland Black","og_description":"Earmor M51 PTT Midland \u00fchendab aktiivklapid ja Midland raadiojaama. Push to Talk nupp sobib airsoftiks, taktikalisse varustusse ja tiimisuhtluseks.","og_url":"https:\/\/lahingupood.ee\/en\/product\/earmor-m51-tactical-ptt-midland-black\/","og_site_name":"Lahingurada e-pood","article_publisher":"https:\/\/www.facebook.com\/Lahingurada-629940247212967","article_modified_time":"2026-05-02T16:45:03+00:00","og_image":[{"width":960,"height":960,"url":"https:\/\/lahingupood.ee\/wp-content\/uploads\/2024\/05\/ppt2.webp","type":"image\/webp"}],"twitter_card":"summary_large_image","twitter_misc":{"Estimated reading time":"1 minute"},"schema":{"@context":"https:\/\/schema.org","@graph":[{"@type":"WebPage","@id":"https:\/\/lahingupood.ee\/toode\/earmor-m51-tactical-ptt-midland-black\/","url":"https:\/\/lahingupood.ee\/toode\/earmor-m51-tactical-ptt-midland-black\/","name":"Earmor M51 PTT Midland Black","isPartOf":{"@id":"https:\/\/lahingupood.ee\/#website"},"primaryImageOfPage":{"@id":"https:\/\/lahingupood.ee\/toode\/earmor-m51-tactical-ptt-midland-black\/#primaryimage"},"image":{"@id":"https:\/\/lahingupood.ee\/toode\/earmor-m51-tactical-ptt-midland-black\/#primaryimage"},"thumbnailUrl":"https:\/\/lahingupood.ee\/wp-content\/uploads\/2024\/05\/ppt2.webp","datePublished":"2024-05-08T14:58:50+00:00","dateModified":"2026-05-02T16:45:03+00:00","description":"Earmor M51 PTT Midland \u00fchendab aktiivklapid ja Midland raadiojaama. Push to Talk nupp sobib airsoftiks, taktikalisse varustusse ja tiimisuhtluseks.","breadcrumb":{"@id":"https:\/\/lahingupood.ee\/toode\/earmor-m51-tactical-ptt-midland-black\/#breadcrumb"},"inLanguage":"en-GB","potentialAction":[{"@type":"ReadAction","target":["https:\/\/lahingupood.ee\/toode\/earmor-m51-tactical-ptt-midland-black\/"]}]},{"@type":"ImageObject","inLanguage":"en-GB","@id":"https:\/\/lahingupood.ee\/toode\/earmor-m51-tactical-ptt-midland-black\/#primaryimage","url":"https:\/\/lahingupood.ee\/wp-content\/uploads\/2024\/05\/ppt2.webp","contentUrl":"https:\/\/lahingupood.ee\/wp-content\/uploads\/2024\/05\/ppt2.webp","width":960,"height":960,"caption":"Earmor M51 Tactical PTT Midland Black"},{"@type":"BreadcrumbList","@id":"https:\/\/lahingupood.ee\/toode\/earmor-m51-tactical-ptt-midland-black\/#breadcrumb","itemListElement":[{"@type":"ListItem","position":1,"name":"Home","item":"https:\/\/lahingupood.ee\/"},{"@type":"ListItem","position":2,"name":"Tooted","item":"https:\/\/lahingupood.ee\/tooted\/"},{"@type":"ListItem","position":3,"name":"Earmor M51 Tactical PTT Midland Black"}]},{"@type":"WebSite","@id":"https:\/\/lahingupood.ee\/#website","url":"https:\/\/lahingupood.ee\/","name":"Lahingurada e-pood","description":"Airsoft","publisher":{"@id":"https:\/\/lahingupood.ee\/#organization"},"potentialAction":[{"@type":"SearchAction","target":{"@type":"EntryPoint","urlTemplate":"https:\/\/lahingupood.ee\/?s={search_term_string}"},"query-input":{"@type":"PropertyValueSpecification","valueRequired":true,"valueName":"search_term_string"}}],"inLanguage":"en-GB"},{"@type":"Organization","@id":"https:\/\/lahingupood.ee\/#organization","name":"Lahingurada","url":"https:\/\/lahingupood.ee\/","logo":{"@type":"ImageObject","inLanguage":"en-GB","@id":"https:\/\/lahingupood.ee\/#\/schema\/logo\/image\/","url":"https:\/\/lahingupood.ee\/wp-content\/uploads\/2022\/03\/lahingurada-220318.jpg","contentUrl":"https:\/\/lahingupood.ee\/wp-content\/uploads\/2022\/03\/lahingurada-220318.jpg","width":800,"height":500,"caption":"Lahingurada"},"image":{"@id":"https:\/\/lahingupood.ee\/#\/schema\/logo\/image\/"},"sameAs":["https:\/\/www.facebook.com\/Lahingurada-629940247212967"]}]}},"_links":{"self":[{"href":"https:\/\/lahingupood.ee\/en\/wp-json\/wp\/v2\/product\/4851","targetHints":{"allow":["GET"]}}],"collection":[{"href":"https:\/\/lahingupood.ee\/en\/wp-json\/wp\/v2\/product"}],"about":[{"href":"https:\/\/lahingupood.ee\/en\/wp-json\/wp\/v2\/types\/product"}],"wp:featuredmedia":[{"embeddable":true,"href":"https:\/\/lahingupood.ee\/en\/wp-json\/wp\/v2\/media\/4852"}],"wp:attachment":[{"href":"https:\/\/lahingupood.ee\/en\/wp-json\/wp\/v2\/media?parent=4851"}],"wp:term":[{"taxonomy":"product_brand","embeddable":true,"href":"https:\/\/lahingupood.ee\/en\/wp-json\/wp\/v2\/product_brand?post=4851"},{"taxonomy":"product_cat","embeddable":true,"href":"https:\/\/lahingupood.ee\/en\/wp-json\/wp\/v2\/product_cat?post=4851"},{"taxonomy":"product_tag","embeddable":true,"href":"https:\/\/lahingupood.ee\/en\/wp-json\/wp\/v2\/product_tag?post=4851"}],"curies":[{"name":"wp","href":"https:\/\/api.w.org\/{rel}","templated":true}]}}