{"id":4849,"date":"2024-05-08T17:55:15","date_gmt":"2024-05-08T14:55:15","guid":{"rendered":"https:\/\/lahingupood.ee\/?post_type=product&#038;p=4849"},"modified":"2026-05-02T19:45:03","modified_gmt":"2026-05-02T16:45:03","slug":"earmor-m51-tactical-ptt-kenwood-black","status":"publish","type":"product","link":"https:\/\/lahingupood.ee\/en\/product\/earmor-m51-tactical-ptt-kenwood-black\/","title":{"rendered":"Earmor M51 Tactical PTT Kenwood Black"},"content":{"rendered":"<p data-start=\"805\" data-end=\"1039\"><strong data-start=\"805\" data-end=\"831\">Earmor M51 PTT Kenwood<\/strong> on praktiline Push to Talk adapter kasutajale, kes soovib \u00fchendada aktiivklapid Baofeng v\u00f5i Kenwood t\u00fc\u00fcpi raadiojaamaga. See sobib h\u00e4sti airsofti, taktikalise varustuse, treeningu ja meeskonnasuhtluse jaoks.<\/p>\n<p data-start=\"1041\" data-end=\"1300\">PTT ehk Push to Talk s\u00fcsteem teeb raadioside kasutamise kiireks ja mugavaks. Nupu vajutamisel saad edastada oma s\u00f5numi raadiojaama kaudu. See on eriti kasulik airsofti m\u00e4ngudes, kus selge tiimisuhtlus aitab koordineerida liikumist, positsioone ja m\u00e4nguplaani.<\/p>\n<p data-start=\"1302\" data-end=\"1506\">Adapter \u00fchendab omavahel aktiivklapid ja raadiojaama. Nii saad kuulda suhtlust k\u00f5rvaklappidest ning r\u00e4\u00e4kida l\u00e4bi \u00fchendatud mikrofoni. See on mugavam lahendus kui raadiojaama k\u00e4sitsi kasutamine m\u00e4ngu ajal.<\/p>\n<p data-start=\"1508\" data-end=\"1746\"><strong data-start=\"1508\" data-end=\"1534\">Earmor M51 PTT Kenwood<\/strong> sobib Kenwood t\u00fc\u00fcpi \u00fchendusega jaamadele. Seda \u00fchendust kasutatakse sageli ka Baofeng raadiojaamadel. Enne ostmist kontrolli siiski alati, et sinu raadiojaam ja aktiivklapid oleksid selle PTT mudeliga \u00fchilduvad.<\/p>","protected":false},"excerpt":{"rendered":"<p>Earmor M51 PTT Kenwood on praktiline Push to Talk adapter kasutajale, kes soovib \u00fchendada aktiivklapid Baofeng v\u00f5i Kenwood t\u00fc\u00fcpi raadiojaamaga. See sobib h\u00e4sti airsofti, taktikalise varustuse, treeningu ja meeskonnasuhtluse jaoks. PTT ehk Push to Talk s\u00fcsteem teeb raadioside kasutamise kiireks ja mugavaks. Nupu vajutamisel saad edastada oma s\u00f5numi raadiojaama kaudu. See on eriti kasulik airsofti [&#8230;]\n","protected":false},"featured_media":4850,"template":"","meta":[],"product_brand":[],"product_cat":[66],"product_tag":[],"class_list":{"0":"post-4849","1":"product","2":"type-product","3":"status-publish","4":"has-post-thumbnail","6":"product_cat-side","8":"first","9":"instock","10":"taxable","11":"shipping-taxable","12":"purchasable","13":"product-type-simple"},"yoast_head":"<!-- This site is optimized with the Yoast SEO Premium plugin v27.5 (Yoast SEO v27.5) - https:\/\/yoast.com\/product\/yoast-seo-premium-wordpress\/ -->\n<title>Earmor M51 PTT Kenwood Black<\/title>\n<meta name=\"description\" content=\"Earmor M51 PTT Kenwood \u00fchendab aktiivklapid Baofeng v\u00f5i Kenwood raadiojaamaga. Push to Talk adapter sobib airsoftiks ja tiimisuhtluseks.\" \/>\n<meta name=\"robots\" content=\"index, follow, max-snippet:-1, max-image-preview:large, max-video-preview:-1\" \/>\n<link rel=\"canonical\" href=\"https:\/\/lahingupood.ee\/en\/product\/earmor-m51-tactical-ptt-kenwood-black\/\" \/>\n<meta property=\"og:locale\" content=\"en_GB\" \/>\n<meta property=\"og:type\" content=\"article\" \/>\n<meta property=\"og:title\" content=\"Earmor M51 Tactical PTT Kenwood Black\" \/>\n<meta property=\"og:description\" content=\"Earmor M51 PTT Kenwood \u00fchendab aktiivklapid Baofeng v\u00f5i Kenwood raadiojaamaga. Push to Talk adapter sobib airsoftiks ja tiimisuhtluseks.\" \/>\n<meta property=\"og:url\" content=\"https:\/\/lahingupood.ee\/en\/product\/earmor-m51-tactical-ptt-kenwood-black\/\" \/>\n<meta property=\"og:site_name\" content=\"Lahingurada e-pood\" \/>\n<meta property=\"article:publisher\" content=\"https:\/\/www.facebook.com\/Lahingurada-629940247212967\" \/>\n<meta property=\"article:modified_time\" content=\"2026-05-02T16:45:03+00:00\" \/>\n<meta property=\"og:image\" content=\"https:\/\/lahingupood.ee\/wp-content\/uploads\/2024\/05\/PPt.jpg\" \/>\n\t<meta property=\"og:image:width\" content=\"580\" \/>\n\t<meta property=\"og:image:height\" content=\"1000\" \/>\n\t<meta property=\"og:image:type\" content=\"image\/jpeg\" \/>\n<meta name=\"twitter:card\" content=\"summary_large_image\" \/>\n<meta name=\"twitter:label1\" content=\"Estimated reading time\" \/>\n\t<meta name=\"twitter:data1\" content=\"1 minute\" \/>\n<script type=\"application\/ld+json\" class=\"yoast-schema-graph\">{\"@context\":\"https:\\\/\\\/schema.org\",\"@graph\":[{\"@type\":\"WebPage\",\"@id\":\"https:\\\/\\\/lahingupood.ee\\\/toode\\\/earmor-m51-tactical-ptt-kenwood-black\\\/\",\"url\":\"https:\\\/\\\/lahingupood.ee\\\/toode\\\/earmor-m51-tactical-ptt-kenwood-black\\\/\",\"name\":\"Earmor M51 PTT Kenwood Black\",\"isPartOf\":{\"@id\":\"https:\\\/\\\/lahingupood.ee\\\/#website\"},\"primaryImageOfPage\":{\"@id\":\"https:\\\/\\\/lahingupood.ee\\\/toode\\\/earmor-m51-tactical-ptt-kenwood-black\\\/#primaryimage\"},\"image\":{\"@id\":\"https:\\\/\\\/lahingupood.ee\\\/toode\\\/earmor-m51-tactical-ptt-kenwood-black\\\/#primaryimage\"},\"thumbnailUrl\":\"https:\\\/\\\/lahingupood.ee\\\/wp-content\\\/uploads\\\/2024\\\/05\\\/PPt.jpg\",\"datePublished\":\"2024-05-08T14:55:15+00:00\",\"dateModified\":\"2026-05-02T16:45:03+00:00\",\"description\":\"Earmor M51 PTT Kenwood \u00fchendab aktiivklapid Baofeng v\u00f5i Kenwood raadiojaamaga. Push to Talk adapter sobib airsoftiks ja tiimisuhtluseks.\",\"breadcrumb\":{\"@id\":\"https:\\\/\\\/lahingupood.ee\\\/toode\\\/earmor-m51-tactical-ptt-kenwood-black\\\/#breadcrumb\"},\"inLanguage\":\"en-GB\",\"potentialAction\":[{\"@type\":\"ReadAction\",\"target\":[\"https:\\\/\\\/lahingupood.ee\\\/toode\\\/earmor-m51-tactical-ptt-kenwood-black\\\/\"]}]},{\"@type\":\"ImageObject\",\"inLanguage\":\"en-GB\",\"@id\":\"https:\\\/\\\/lahingupood.ee\\\/toode\\\/earmor-m51-tactical-ptt-kenwood-black\\\/#primaryimage\",\"url\":\"https:\\\/\\\/lahingupood.ee\\\/wp-content\\\/uploads\\\/2024\\\/05\\\/PPt.jpg\",\"contentUrl\":\"https:\\\/\\\/lahingupood.ee\\\/wp-content\\\/uploads\\\/2024\\\/05\\\/PPt.jpg\",\"width\":580,\"height\":1000,\"caption\":\"Earmor M51 Tactical PTT Kenwood Black\"},{\"@type\":\"BreadcrumbList\",\"@id\":\"https:\\\/\\\/lahingupood.ee\\\/toode\\\/earmor-m51-tactical-ptt-kenwood-black\\\/#breadcrumb\",\"itemListElement\":[{\"@type\":\"ListItem\",\"position\":1,\"name\":\"Home\",\"item\":\"https:\\\/\\\/lahingupood.ee\\\/\"},{\"@type\":\"ListItem\",\"position\":2,\"name\":\"Tooted\",\"item\":\"https:\\\/\\\/lahingupood.ee\\\/tooted\\\/\"},{\"@type\":\"ListItem\",\"position\":3,\"name\":\"Earmor M51 Tactical PTT Kenwood Black\"}]},{\"@type\":\"WebSite\",\"@id\":\"https:\\\/\\\/lahingupood.ee\\\/#website\",\"url\":\"https:\\\/\\\/lahingupood.ee\\\/\",\"name\":\"Lahingurada e-pood\",\"description\":\"Airsoft\",\"publisher\":{\"@id\":\"https:\\\/\\\/lahingupood.ee\\\/#organization\"},\"potentialAction\":[{\"@type\":\"SearchAction\",\"target\":{\"@type\":\"EntryPoint\",\"urlTemplate\":\"https:\\\/\\\/lahingupood.ee\\\/?s={search_term_string}\"},\"query-input\":{\"@type\":\"PropertyValueSpecification\",\"valueRequired\":true,\"valueName\":\"search_term_string\"}}],\"inLanguage\":\"en-GB\"},{\"@type\":\"Organization\",\"@id\":\"https:\\\/\\\/lahingupood.ee\\\/#organization\",\"name\":\"Lahingurada\",\"url\":\"https:\\\/\\\/lahingupood.ee\\\/\",\"logo\":{\"@type\":\"ImageObject\",\"inLanguage\":\"en-GB\",\"@id\":\"https:\\\/\\\/lahingupood.ee\\\/#\\\/schema\\\/logo\\\/image\\\/\",\"url\":\"https:\\\/\\\/lahingupood.ee\\\/wp-content\\\/uploads\\\/2022\\\/03\\\/lahingurada-220318.jpg\",\"contentUrl\":\"https:\\\/\\\/lahingupood.ee\\\/wp-content\\\/uploads\\\/2022\\\/03\\\/lahingurada-220318.jpg\",\"width\":800,\"height\":500,\"caption\":\"Lahingurada\"},\"image\":{\"@id\":\"https:\\\/\\\/lahingupood.ee\\\/#\\\/schema\\\/logo\\\/image\\\/\"},\"sameAs\":[\"https:\\\/\\\/www.facebook.com\\\/Lahingurada-629940247212967\"]}]}<\/script>\n<!-- \/ Yoast SEO Premium plugin. -->","yoast_head_json":{"title":"Earmor M51 PTT Kenwood Black","description":"Earmor M51 PTT Kenwood \u00fchendab aktiivklapid Baofeng v\u00f5i Kenwood raadiojaamaga. Push to Talk adapter sobib airsoftiks ja tiimisuhtluseks.","robots":{"index":"index","follow":"follow","max-snippet":"max-snippet:-1","max-image-preview":"max-image-preview:large","max-video-preview":"max-video-preview:-1"},"canonical":"https:\/\/lahingupood.ee\/en\/product\/earmor-m51-tactical-ptt-kenwood-black\/","og_locale":"en_GB","og_type":"article","og_title":"Earmor M51 Tactical PTT Kenwood Black","og_description":"Earmor M51 PTT Kenwood \u00fchendab aktiivklapid Baofeng v\u00f5i Kenwood raadiojaamaga. Push to Talk adapter sobib airsoftiks ja tiimisuhtluseks.","og_url":"https:\/\/lahingupood.ee\/en\/product\/earmor-m51-tactical-ptt-kenwood-black\/","og_site_name":"Lahingurada e-pood","article_publisher":"https:\/\/www.facebook.com\/Lahingurada-629940247212967","article_modified_time":"2026-05-02T16:45:03+00:00","og_image":[{"width":580,"height":1000,"url":"https:\/\/lahingupood.ee\/wp-content\/uploads\/2024\/05\/PPt.jpg","type":"image\/jpeg"}],"twitter_card":"summary_large_image","twitter_misc":{"Estimated reading time":"1 minute"},"schema":{"@context":"https:\/\/schema.org","@graph":[{"@type":"WebPage","@id":"https:\/\/lahingupood.ee\/toode\/earmor-m51-tactical-ptt-kenwood-black\/","url":"https:\/\/lahingupood.ee\/toode\/earmor-m51-tactical-ptt-kenwood-black\/","name":"Earmor M51 PTT Kenwood Black","isPartOf":{"@id":"https:\/\/lahingupood.ee\/#website"},"primaryImageOfPage":{"@id":"https:\/\/lahingupood.ee\/toode\/earmor-m51-tactical-ptt-kenwood-black\/#primaryimage"},"image":{"@id":"https:\/\/lahingupood.ee\/toode\/earmor-m51-tactical-ptt-kenwood-black\/#primaryimage"},"thumbnailUrl":"https:\/\/lahingupood.ee\/wp-content\/uploads\/2024\/05\/PPt.jpg","datePublished":"2024-05-08T14:55:15+00:00","dateModified":"2026-05-02T16:45:03+00:00","description":"Earmor M51 PTT Kenwood \u00fchendab aktiivklapid Baofeng v\u00f5i Kenwood raadiojaamaga. Push to Talk adapter sobib airsoftiks ja tiimisuhtluseks.","breadcrumb":{"@id":"https:\/\/lahingupood.ee\/toode\/earmor-m51-tactical-ptt-kenwood-black\/#breadcrumb"},"inLanguage":"en-GB","potentialAction":[{"@type":"ReadAction","target":["https:\/\/lahingupood.ee\/toode\/earmor-m51-tactical-ptt-kenwood-black\/"]}]},{"@type":"ImageObject","inLanguage":"en-GB","@id":"https:\/\/lahingupood.ee\/toode\/earmor-m51-tactical-ptt-kenwood-black\/#primaryimage","url":"https:\/\/lahingupood.ee\/wp-content\/uploads\/2024\/05\/PPt.jpg","contentUrl":"https:\/\/lahingupood.ee\/wp-content\/uploads\/2024\/05\/PPt.jpg","width":580,"height":1000,"caption":"Earmor M51 Tactical PTT Kenwood Black"},{"@type":"BreadcrumbList","@id":"https:\/\/lahingupood.ee\/toode\/earmor-m51-tactical-ptt-kenwood-black\/#breadcrumb","itemListElement":[{"@type":"ListItem","position":1,"name":"Home","item":"https:\/\/lahingupood.ee\/"},{"@type":"ListItem","position":2,"name":"Tooted","item":"https:\/\/lahingupood.ee\/tooted\/"},{"@type":"ListItem","position":3,"name":"Earmor M51 Tactical PTT Kenwood Black"}]},{"@type":"WebSite","@id":"https:\/\/lahingupood.ee\/#website","url":"https:\/\/lahingupood.ee\/","name":"Lahingurada e-pood","description":"Airsoft","publisher":{"@id":"https:\/\/lahingupood.ee\/#organization"},"potentialAction":[{"@type":"SearchAction","target":{"@type":"EntryPoint","urlTemplate":"https:\/\/lahingupood.ee\/?s={search_term_string}"},"query-input":{"@type":"PropertyValueSpecification","valueRequired":true,"valueName":"search_term_string"}}],"inLanguage":"en-GB"},{"@type":"Organization","@id":"https:\/\/lahingupood.ee\/#organization","name":"Lahingurada","url":"https:\/\/lahingupood.ee\/","logo":{"@type":"ImageObject","inLanguage":"en-GB","@id":"https:\/\/lahingupood.ee\/#\/schema\/logo\/image\/","url":"https:\/\/lahingupood.ee\/wp-content\/uploads\/2022\/03\/lahingurada-220318.jpg","contentUrl":"https:\/\/lahingupood.ee\/wp-content\/uploads\/2022\/03\/lahingurada-220318.jpg","width":800,"height":500,"caption":"Lahingurada"},"image":{"@id":"https:\/\/lahingupood.ee\/#\/schema\/logo\/image\/"},"sameAs":["https:\/\/www.facebook.com\/Lahingurada-629940247212967"]}]}},"_links":{"self":[{"href":"https:\/\/lahingupood.ee\/en\/wp-json\/wp\/v2\/product\/4849","targetHints":{"allow":["GET"]}}],"collection":[{"href":"https:\/\/lahingupood.ee\/en\/wp-json\/wp\/v2\/product"}],"about":[{"href":"https:\/\/lahingupood.ee\/en\/wp-json\/wp\/v2\/types\/product"}],"wp:featuredmedia":[{"embeddable":true,"href":"https:\/\/lahingupood.ee\/en\/wp-json\/wp\/v2\/media\/4850"}],"wp:attachment":[{"href":"https:\/\/lahingupood.ee\/en\/wp-json\/wp\/v2\/media?parent=4849"}],"wp:term":[{"taxonomy":"product_brand","embeddable":true,"href":"https:\/\/lahingupood.ee\/en\/wp-json\/wp\/v2\/product_brand?post=4849"},{"taxonomy":"product_cat","embeddable":true,"href":"https:\/\/lahingupood.ee\/en\/wp-json\/wp\/v2\/product_cat?post=4849"},{"taxonomy":"product_tag","embeddable":true,"href":"https:\/\/lahingupood.ee\/en\/wp-json\/wp\/v2\/product_tag?post=4849"}],"curies":[{"name":"wp","href":"https:\/\/api.w.org\/{rel}","templated":true}]}}