{"id":4846,"date":"2024-05-08T17:47:21","date_gmt":"2024-05-08T14:47:21","guid":{"rendered":"https:\/\/lahingupood.ee\/?post_type=product&#038;p=4846"},"modified":"2026-04-12T20:30:05","modified_gmt":"2026-04-12T17:30:05","slug":"m31-electronic-hearing-protector-foliage-green-earmor","status":"publish","type":"product","link":"https:\/\/lahingupood.ee\/en\/product\/m31-electronic-hearing-protector-foliage-green-earmor\/","title":{"rendered":"M31 Electronic Hearing Protector Foliage Green (Earmor)"},"content":{"rendered":"<p>M31 Electronic Hearing Protector Foliage Green (Earmor)<\/p>\n<p>V\u00e4ga kvaliteetsed ja praktilised M31 t\u00fc\u00fcpi aktiivk\u00f5rvaklapid tootjalt Earmor\u2122. Kasutamiseks militaar-, airsoft- laskespordi-, korrakaitsevaldkonnas v\u00f5i muu l\u00e4rmaka keskkonnaga t\u00f6\u00f6kohas. Aktiivk\u00f5rvaklapid summutavad k\u00f5rvale ohtlikke, kuid v\u00f5imendavad halvasti kuuldavaid helisid. T\u00f6\u00f6tab kahe AAA t\u00fc\u00fcpi patareiga (ei kuulu komplekti) j\u00e4rjest kuni 350h. V\u00e4ga mugava katte ja vahuga k\u00f5rvaosad, 3.5mmMini jack t\u00fc\u00fcpi otsik PTT nuppude, telefoni ja raadioside tarbeks, IPX-5 klassi veekindlus tagavad parima rahulolu ja kasutamiss\u00f5braliku ning mugava kasutamise.<\/p>","protected":false},"excerpt":{"rendered":"<p>M31 Electronic Hearing Protector Foliage Green (Earmor) V\u00e4ga kvaliteetsed ja praktilised M31 t\u00fc\u00fcpi aktiivk\u00f5rvaklapid tootjalt Earmor\u2122. Kasutamiseks militaar-, airsoft- laskespordi-, korrakaitsevaldkonnas v\u00f5i muu l\u00e4rmaka keskkonnaga t\u00f6\u00f6kohas. Aktiivk\u00f5rvaklapid summutavad k\u00f5rvale ohtlikke, kuid v\u00f5imendavad halvasti kuuldavaid helisid. T\u00f6\u00f6tab kahe AAA t\u00fc\u00fcpi patareiga (ei kuulu komplekti) j\u00e4rjest kuni 350h. V\u00e4ga mugava katte ja vahuga k\u00f5rvaosad, 3.5mmMini jack t\u00fc\u00fcpi [&#8230;]\n","protected":false},"featured_media":4847,"template":"","meta":[],"product_brand":[],"product_cat":[66,77],"product_tag":[],"class_list":{"0":"post-4846","1":"product","2":"type-product","3":"status-publish","4":"has-post-thumbnail","6":"product_cat-side","7":"product_cat-sooduspakkumised","9":"first","10":"outofstock","11":"sale","12":"taxable","13":"shipping-taxable","14":"purchasable","15":"product-type-simple"},"yoast_head":"<!-- This site is optimized with the Yoast SEO Premium plugin v27.3 (Yoast SEO v27.3) - https:\/\/yoast.com\/product\/yoast-seo-premium-wordpress\/ -->\n<title>M31 Electronic Hearing Protector Foliage Green (Earmor) - Lahingurada e-pood<\/title>\n<meta name=\"description\" content=\"M31 Electronic Hearing Protector Foliage Green (Earmor)V\u00e4ga kvaliteetsed ja praktilised M31 t\u00fc\u00fcpi aktiivk\u00f5rvaklapid tootjalt Earmor\u2122. Kasutamiseks militaa\" \/>\n<meta name=\"robots\" content=\"index, follow, max-snippet:-1, max-image-preview:large, max-video-preview:-1\" \/>\n<link rel=\"canonical\" href=\"https:\/\/lahingupood.ee\/en\/product\/m31-electronic-hearing-protector-foliage-green-earmor\/\" \/>\n<meta property=\"og:locale\" content=\"en_GB\" \/>\n<meta property=\"og:type\" content=\"article\" \/>\n<meta property=\"og:title\" content=\"M31 Electronic Hearing Protector Foliage Green (Earmor)\" \/>\n<meta property=\"og:description\" content=\"M31 Electronic Hearing Protector Foliage Green (Earmor)V\u00e4ga kvaliteetsed ja praktilised M31 t\u00fc\u00fcpi aktiivk\u00f5rvaklapid tootjalt Earmor\u2122. Kasutamiseks militaa\" \/>\n<meta property=\"og:url\" content=\"https:\/\/lahingupood.ee\/en\/product\/m31-electronic-hearing-protector-foliage-green-earmor\/\" \/>\n<meta property=\"og:site_name\" content=\"Lahingurada e-pood\" \/>\n<meta property=\"article:publisher\" content=\"https:\/\/www.facebook.com\/Lahingurada-629940247212967\" \/>\n<meta property=\"article:modified_time\" content=\"2026-04-12T17:30:05+00:00\" \/>\n<meta property=\"og:image\" content=\"https:\/\/lahingupood.ee\/wp-content\/uploads\/2024\/05\/klapid.jpg\" \/>\n\t<meta property=\"og:image:width\" content=\"1000\" \/>\n\t<meta property=\"og:image:height\" content=\"1000\" \/>\n\t<meta property=\"og:image:type\" content=\"image\/jpeg\" \/>\n<meta name=\"twitter:card\" content=\"summary_large_image\" \/>\n<meta name=\"twitter:label1\" content=\"Estimated reading time\" \/>\n\t<meta name=\"twitter:data1\" content=\"1 minute\" \/>\n<script type=\"application\/ld+json\" class=\"yoast-schema-graph\">{\"@context\":\"https:\\\/\\\/schema.org\",\"@graph\":[{\"@type\":\"WebPage\",\"@id\":\"https:\\\/\\\/lahingupood.ee\\\/toode\\\/m31-electronic-hearing-protector-foliage-green-earmor\\\/\",\"url\":\"https:\\\/\\\/lahingupood.ee\\\/toode\\\/m31-electronic-hearing-protector-foliage-green-earmor\\\/\",\"name\":\"M31 Electronic Hearing Protector Foliage Green (Earmor) - Lahingurada e-pood\",\"isPartOf\":{\"@id\":\"https:\\\/\\\/lahingupood.ee\\\/#website\"},\"primaryImageOfPage\":{\"@id\":\"https:\\\/\\\/lahingupood.ee\\\/toode\\\/m31-electronic-hearing-protector-foliage-green-earmor\\\/#primaryimage\"},\"image\":{\"@id\":\"https:\\\/\\\/lahingupood.ee\\\/toode\\\/m31-electronic-hearing-protector-foliage-green-earmor\\\/#primaryimage\"},\"thumbnailUrl\":\"https:\\\/\\\/lahingupood.ee\\\/wp-content\\\/uploads\\\/2024\\\/05\\\/klapid.jpg\",\"datePublished\":\"2024-05-08T14:47:21+00:00\",\"dateModified\":\"2026-04-12T17:30:05+00:00\",\"description\":\"M31 Electronic Hearing Protector Foliage Green (Earmor)V\u00e4ga kvaliteetsed ja praktilised M31 t\u00fc\u00fcpi aktiivk\u00f5rvaklapid tootjalt Earmor\u2122. Kasutamiseks militaa\",\"breadcrumb\":{\"@id\":\"https:\\\/\\\/lahingupood.ee\\\/toode\\\/m31-electronic-hearing-protector-foliage-green-earmor\\\/#breadcrumb\"},\"inLanguage\":\"en-GB\",\"potentialAction\":[{\"@type\":\"ReadAction\",\"target\":[\"https:\\\/\\\/lahingupood.ee\\\/toode\\\/m31-electronic-hearing-protector-foliage-green-earmor\\\/\"]}]},{\"@type\":\"ImageObject\",\"inLanguage\":\"en-GB\",\"@id\":\"https:\\\/\\\/lahingupood.ee\\\/toode\\\/m31-electronic-hearing-protector-foliage-green-earmor\\\/#primaryimage\",\"url\":\"https:\\\/\\\/lahingupood.ee\\\/wp-content\\\/uploads\\\/2024\\\/05\\\/klapid.jpg\",\"contentUrl\":\"https:\\\/\\\/lahingupood.ee\\\/wp-content\\\/uploads\\\/2024\\\/05\\\/klapid.jpg\",\"width\":1000,\"height\":1000},{\"@type\":\"BreadcrumbList\",\"@id\":\"https:\\\/\\\/lahingupood.ee\\\/toode\\\/m31-electronic-hearing-protector-foliage-green-earmor\\\/#breadcrumb\",\"itemListElement\":[{\"@type\":\"ListItem\",\"position\":1,\"name\":\"Home\",\"item\":\"https:\\\/\\\/lahingupood.ee\\\/\"},{\"@type\":\"ListItem\",\"position\":2,\"name\":\"Tooted\",\"item\":\"https:\\\/\\\/lahingupood.ee\\\/tooted\\\/\"},{\"@type\":\"ListItem\",\"position\":3,\"name\":\"M31 Electronic Hearing Protector Foliage Green (Earmor)\"}]},{\"@type\":\"WebSite\",\"@id\":\"https:\\\/\\\/lahingupood.ee\\\/#website\",\"url\":\"https:\\\/\\\/lahingupood.ee\\\/\",\"name\":\"Lahingurada e-pood\",\"description\":\"Airsoft\",\"publisher\":{\"@id\":\"https:\\\/\\\/lahingupood.ee\\\/#organization\"},\"potentialAction\":[{\"@type\":\"SearchAction\",\"target\":{\"@type\":\"EntryPoint\",\"urlTemplate\":\"https:\\\/\\\/lahingupood.ee\\\/?s={search_term_string}\"},\"query-input\":{\"@type\":\"PropertyValueSpecification\",\"valueRequired\":true,\"valueName\":\"search_term_string\"}}],\"inLanguage\":\"en-GB\"},{\"@type\":\"Organization\",\"@id\":\"https:\\\/\\\/lahingupood.ee\\\/#organization\",\"name\":\"Lahingurada\",\"url\":\"https:\\\/\\\/lahingupood.ee\\\/\",\"logo\":{\"@type\":\"ImageObject\",\"inLanguage\":\"en-GB\",\"@id\":\"https:\\\/\\\/lahingupood.ee\\\/#\\\/schema\\\/logo\\\/image\\\/\",\"url\":\"https:\\\/\\\/lahingupood.ee\\\/wp-content\\\/uploads\\\/2022\\\/03\\\/lahingurada-220318.jpg\",\"contentUrl\":\"https:\\\/\\\/lahingupood.ee\\\/wp-content\\\/uploads\\\/2022\\\/03\\\/lahingurada-220318.jpg\",\"width\":800,\"height\":500,\"caption\":\"Lahingurada\"},\"image\":{\"@id\":\"https:\\\/\\\/lahingupood.ee\\\/#\\\/schema\\\/logo\\\/image\\\/\"},\"sameAs\":[\"https:\\\/\\\/www.facebook.com\\\/Lahingurada-629940247212967\"]}]}<\/script>\n<!-- \/ Yoast SEO Premium plugin. -->","yoast_head_json":{"title":"M31 Electronic Hearing Protector Foliage Green (Earmor) - Lahingurada e-pood","description":"M31 Electronic Hearing Protector Foliage Green (Earmor)V\u00e4ga kvaliteetsed ja praktilised M31 t\u00fc\u00fcpi aktiivk\u00f5rvaklapid tootjalt Earmor\u2122. Kasutamiseks militaa","robots":{"index":"index","follow":"follow","max-snippet":"max-snippet:-1","max-image-preview":"max-image-preview:large","max-video-preview":"max-video-preview:-1"},"canonical":"https:\/\/lahingupood.ee\/en\/product\/m31-electronic-hearing-protector-foliage-green-earmor\/","og_locale":"en_GB","og_type":"article","og_title":"M31 Electronic Hearing Protector Foliage Green (Earmor)","og_description":"M31 Electronic Hearing Protector Foliage Green (Earmor)V\u00e4ga kvaliteetsed ja praktilised M31 t\u00fc\u00fcpi aktiivk\u00f5rvaklapid tootjalt Earmor\u2122. Kasutamiseks militaa","og_url":"https:\/\/lahingupood.ee\/en\/product\/m31-electronic-hearing-protector-foliage-green-earmor\/","og_site_name":"Lahingurada e-pood","article_publisher":"https:\/\/www.facebook.com\/Lahingurada-629940247212967","article_modified_time":"2026-04-12T17:30:05+00:00","og_image":[{"width":1000,"height":1000,"url":"https:\/\/lahingupood.ee\/wp-content\/uploads\/2024\/05\/klapid.jpg","type":"image\/jpeg"}],"twitter_card":"summary_large_image","twitter_misc":{"Estimated reading time":"1 minute"},"schema":{"@context":"https:\/\/schema.org","@graph":[{"@type":"WebPage","@id":"https:\/\/lahingupood.ee\/toode\/m31-electronic-hearing-protector-foliage-green-earmor\/","url":"https:\/\/lahingupood.ee\/toode\/m31-electronic-hearing-protector-foliage-green-earmor\/","name":"M31 Electronic Hearing Protector Foliage Green (Earmor) - Lahingurada e-pood","isPartOf":{"@id":"https:\/\/lahingupood.ee\/#website"},"primaryImageOfPage":{"@id":"https:\/\/lahingupood.ee\/toode\/m31-electronic-hearing-protector-foliage-green-earmor\/#primaryimage"},"image":{"@id":"https:\/\/lahingupood.ee\/toode\/m31-electronic-hearing-protector-foliage-green-earmor\/#primaryimage"},"thumbnailUrl":"https:\/\/lahingupood.ee\/wp-content\/uploads\/2024\/05\/klapid.jpg","datePublished":"2024-05-08T14:47:21+00:00","dateModified":"2026-04-12T17:30:05+00:00","description":"M31 Electronic Hearing Protector Foliage Green (Earmor)V\u00e4ga kvaliteetsed ja praktilised M31 t\u00fc\u00fcpi aktiivk\u00f5rvaklapid tootjalt Earmor\u2122. Kasutamiseks militaa","breadcrumb":{"@id":"https:\/\/lahingupood.ee\/toode\/m31-electronic-hearing-protector-foliage-green-earmor\/#breadcrumb"},"inLanguage":"en-GB","potentialAction":[{"@type":"ReadAction","target":["https:\/\/lahingupood.ee\/toode\/m31-electronic-hearing-protector-foliage-green-earmor\/"]}]},{"@type":"ImageObject","inLanguage":"en-GB","@id":"https:\/\/lahingupood.ee\/toode\/m31-electronic-hearing-protector-foliage-green-earmor\/#primaryimage","url":"https:\/\/lahingupood.ee\/wp-content\/uploads\/2024\/05\/klapid.jpg","contentUrl":"https:\/\/lahingupood.ee\/wp-content\/uploads\/2024\/05\/klapid.jpg","width":1000,"height":1000},{"@type":"BreadcrumbList","@id":"https:\/\/lahingupood.ee\/toode\/m31-electronic-hearing-protector-foliage-green-earmor\/#breadcrumb","itemListElement":[{"@type":"ListItem","position":1,"name":"Home","item":"https:\/\/lahingupood.ee\/"},{"@type":"ListItem","position":2,"name":"Tooted","item":"https:\/\/lahingupood.ee\/tooted\/"},{"@type":"ListItem","position":3,"name":"M31 Electronic Hearing Protector Foliage Green (Earmor)"}]},{"@type":"WebSite","@id":"https:\/\/lahingupood.ee\/#website","url":"https:\/\/lahingupood.ee\/","name":"Lahingurada e-pood","description":"Airsoft","publisher":{"@id":"https:\/\/lahingupood.ee\/#organization"},"potentialAction":[{"@type":"SearchAction","target":{"@type":"EntryPoint","urlTemplate":"https:\/\/lahingupood.ee\/?s={search_term_string}"},"query-input":{"@type":"PropertyValueSpecification","valueRequired":true,"valueName":"search_term_string"}}],"inLanguage":"en-GB"},{"@type":"Organization","@id":"https:\/\/lahingupood.ee\/#organization","name":"Lahingurada","url":"https:\/\/lahingupood.ee\/","logo":{"@type":"ImageObject","inLanguage":"en-GB","@id":"https:\/\/lahingupood.ee\/#\/schema\/logo\/image\/","url":"https:\/\/lahingupood.ee\/wp-content\/uploads\/2022\/03\/lahingurada-220318.jpg","contentUrl":"https:\/\/lahingupood.ee\/wp-content\/uploads\/2022\/03\/lahingurada-220318.jpg","width":800,"height":500,"caption":"Lahingurada"},"image":{"@id":"https:\/\/lahingupood.ee\/#\/schema\/logo\/image\/"},"sameAs":["https:\/\/www.facebook.com\/Lahingurada-629940247212967"]}]}},"_links":{"self":[{"href":"https:\/\/lahingupood.ee\/en\/wp-json\/wp\/v2\/product\/4846","targetHints":{"allow":["GET"]}}],"collection":[{"href":"https:\/\/lahingupood.ee\/en\/wp-json\/wp\/v2\/product"}],"about":[{"href":"https:\/\/lahingupood.ee\/en\/wp-json\/wp\/v2\/types\/product"}],"wp:featuredmedia":[{"embeddable":true,"href":"https:\/\/lahingupood.ee\/en\/wp-json\/wp\/v2\/media\/4847"}],"wp:attachment":[{"href":"https:\/\/lahingupood.ee\/en\/wp-json\/wp\/v2\/media?parent=4846"}],"wp:term":[{"taxonomy":"product_brand","embeddable":true,"href":"https:\/\/lahingupood.ee\/en\/wp-json\/wp\/v2\/product_brand?post=4846"},{"taxonomy":"product_cat","embeddable":true,"href":"https:\/\/lahingupood.ee\/en\/wp-json\/wp\/v2\/product_cat?post=4846"},{"taxonomy":"product_tag","embeddable":true,"href":"https:\/\/lahingupood.ee\/en\/wp-json\/wp\/v2\/product_tag?post=4846"}],"curies":[{"name":"wp","href":"https:\/\/api.w.org\/{rel}","templated":true}]}}