{"id":4834,"date":"2024-05-08T16:37:23","date_gmt":"2024-05-08T13:37:23","guid":{"rendered":"https:\/\/lahingupood.ee\/?post_type=product&#038;p=4834"},"modified":"2026-05-02T21:00:05","modified_gmt":"2026-05-02T18:00:05","slug":"src-bb-speed-loader","status":"publish","type":"product","link":"https:\/\/lahingupood.ee\/en\/product\/src-bb-speed-loader\/","title":{"rendered":"SRC BB kuulide kiirlaadija airsoft salvedele"},"content":{"rendered":"<p data-start=\"726\" data-end=\"916\"><strong data-start=\"726\" data-end=\"745\">BB Speed Loader<\/strong> on airsofti m\u00e4ngijale \u00fcks k\u00f5ige praktilisemaid tarvikuid. See aitab BB-kuule kiiresti ja mugavalt salve laadida ning s\u00e4\u00e4stab aega nii m\u00e4ngu ajal kui ka enne m\u00e4ngu algust.<\/p>\n<p data-start=\"918\" data-end=\"1146\">Airsofti salvede k\u00e4sitsi t\u00e4itmine v\u00f5ib olla aeglane ja ebamugav. Kiirlaadija muudab selle protsessi lihtsamaks. Lisa kuulid laadijasse, aseta otsik salve juurde ja vajuta laadimismehhanismi. Nii saad salve kiiremini m\u00e4nguvalmis.<\/p>\n<p data-start=\"1148\" data-end=\"1359\"><strong data-start=\"1148\" data-end=\"1171\">SRC BB Speed Loader<\/strong> sobib h\u00e4sti m\u00e4ngijale, kes kasutab mid-cap, low-cap v\u00f5i muid salvesid, mida t\u00e4idetakse BB-kuulidega laadija abil. See on kasulik lisatarvik nii algajale kui ka kogenud airsofti m\u00e4ngijale.<\/p>","protected":false},"excerpt":{"rendered":"<p>BB Speed Loader on airsofti m\u00e4ngijale \u00fcks k\u00f5ige praktilisemaid tarvikuid. See aitab BB-kuule kiiresti ja mugavalt salve laadida ning s\u00e4\u00e4stab aega nii m\u00e4ngu ajal kui ka enne m\u00e4ngu algust. Airsofti salvede k\u00e4sitsi t\u00e4itmine v\u00f5ib olla aeglane ja ebamugav. Kiirlaadija muudab selle protsessi lihtsamaks. Lisa kuulid laadijasse, aseta otsik salve juurde ja vajuta laadimismehhanismi. Nii saad [&#8230;]\n","protected":false},"featured_media":4835,"template":"","meta":[],"product_brand":[],"product_cat":[89],"product_tag":[],"class_list":{"0":"post-4834","1":"product","2":"type-product","3":"status-publish","4":"has-post-thumbnail","6":"product_cat-salvelaadijad","8":"first","9":"instock","10":"taxable","11":"shipping-taxable","12":"purchasable","13":"product-type-simple"},"yoast_head":"<!-- This site is optimized with the Yoast SEO Premium plugin v27.5 (Yoast SEO v27.5) - https:\/\/yoast.com\/product\/yoast-seo-premium-wordpress\/ -->\n<title>BB Speed Loader | airsoft kiirlaadija<\/title>\n<meta name=\"description\" content=\"BB Speed Loader aitab airsoft BB-kuule kiiresti salve laadida. SRC kiirlaadija sobib h\u00e4sti airsofti m\u00e4nguks, treeninguks ja varustuskotti.\" \/>\n<meta name=\"robots\" content=\"index, follow, max-snippet:-1, max-image-preview:large, max-video-preview:-1\" \/>\n<link rel=\"canonical\" href=\"https:\/\/lahingupood.ee\/en\/product\/src-bb-speed-loader\/\" \/>\n<meta property=\"og:locale\" content=\"en_GB\" \/>\n<meta property=\"og:type\" content=\"article\" \/>\n<meta property=\"og:title\" content=\"SRC BB kuulide kiirlaadija airsoft salvedele\" \/>\n<meta property=\"og:description\" content=\"BB Speed Loader aitab airsoft BB-kuule kiiresti salve laadida. SRC kiirlaadija sobib h\u00e4sti airsofti m\u00e4nguks, treeninguks ja varustuskotti.\" \/>\n<meta property=\"og:url\" content=\"https:\/\/lahingupood.ee\/en\/product\/src-bb-speed-loader\/\" \/>\n<meta property=\"og:site_name\" content=\"Lahingurada e-pood\" \/>\n<meta property=\"article:publisher\" content=\"https:\/\/www.facebook.com\/Lahingurada-629940247212967\" \/>\n<meta property=\"article:modified_time\" content=\"2026-05-02T18:00:05+00:00\" \/>\n<meta property=\"og:image\" content=\"https:\/\/lahingupood.ee\/wp-content\/uploads\/2024\/05\/BB-kiirlaadija.jpg\" \/>\n\t<meta property=\"og:image:width\" content=\"1000\" \/>\n\t<meta property=\"og:image:height\" content=\"1000\" \/>\n\t<meta property=\"og:image:type\" content=\"image\/jpeg\" \/>\n<meta name=\"twitter:card\" content=\"summary_large_image\" \/>\n<meta name=\"twitter:label1\" content=\"Estimated reading time\" \/>\n\t<meta name=\"twitter:data1\" content=\"1 minute\" \/>\n<script type=\"application\/ld+json\" class=\"yoast-schema-graph\">{\"@context\":\"https:\\\/\\\/schema.org\",\"@graph\":[{\"@type\":\"WebPage\",\"@id\":\"https:\\\/\\\/lahingupood.ee\\\/toode\\\/src-bb-speed-loader\\\/\",\"url\":\"https:\\\/\\\/lahingupood.ee\\\/toode\\\/src-bb-speed-loader\\\/\",\"name\":\"BB Speed Loader | airsoft kiirlaadija\",\"isPartOf\":{\"@id\":\"https:\\\/\\\/lahingupood.ee\\\/#website\"},\"primaryImageOfPage\":{\"@id\":\"https:\\\/\\\/lahingupood.ee\\\/toode\\\/src-bb-speed-loader\\\/#primaryimage\"},\"image\":{\"@id\":\"https:\\\/\\\/lahingupood.ee\\\/toode\\\/src-bb-speed-loader\\\/#primaryimage\"},\"thumbnailUrl\":\"https:\\\/\\\/lahingupood.ee\\\/wp-content\\\/uploads\\\/2024\\\/05\\\/BB-kiirlaadija.jpg\",\"datePublished\":\"2024-05-08T13:37:23+00:00\",\"dateModified\":\"2026-05-02T18:00:05+00:00\",\"description\":\"BB Speed Loader aitab airsoft BB-kuule kiiresti salve laadida. SRC kiirlaadija sobib h\u00e4sti airsofti m\u00e4nguks, treeninguks ja varustuskotti.\",\"breadcrumb\":{\"@id\":\"https:\\\/\\\/lahingupood.ee\\\/toode\\\/src-bb-speed-loader\\\/#breadcrumb\"},\"inLanguage\":\"en-GB\",\"potentialAction\":[{\"@type\":\"ReadAction\",\"target\":[\"https:\\\/\\\/lahingupood.ee\\\/toode\\\/src-bb-speed-loader\\\/\"]}]},{\"@type\":\"ImageObject\",\"inLanguage\":\"en-GB\",\"@id\":\"https:\\\/\\\/lahingupood.ee\\\/toode\\\/src-bb-speed-loader\\\/#primaryimage\",\"url\":\"https:\\\/\\\/lahingupood.ee\\\/wp-content\\\/uploads\\\/2024\\\/05\\\/BB-kiirlaadija.jpg\",\"contentUrl\":\"https:\\\/\\\/lahingupood.ee\\\/wp-content\\\/uploads\\\/2024\\\/05\\\/BB-kiirlaadija.jpg\",\"width\":1000,\"height\":1000,\"caption\":\"BB Speed Loader airsoft salvede t\u00e4itmiseks\"},{\"@type\":\"BreadcrumbList\",\"@id\":\"https:\\\/\\\/lahingupood.ee\\\/toode\\\/src-bb-speed-loader\\\/#breadcrumb\",\"itemListElement\":[{\"@type\":\"ListItem\",\"position\":1,\"name\":\"Home\",\"item\":\"https:\\\/\\\/lahingupood.ee\\\/\"},{\"@type\":\"ListItem\",\"position\":2,\"name\":\"Tooted\",\"item\":\"https:\\\/\\\/lahingupood.ee\\\/tooted\\\/\"},{\"@type\":\"ListItem\",\"position\":3,\"name\":\"SRC BB kuulide kiirlaadija airsoft salvedele\"}]},{\"@type\":\"WebSite\",\"@id\":\"https:\\\/\\\/lahingupood.ee\\\/#website\",\"url\":\"https:\\\/\\\/lahingupood.ee\\\/\",\"name\":\"Lahingurada e-pood\",\"description\":\"Airsoft\",\"publisher\":{\"@id\":\"https:\\\/\\\/lahingupood.ee\\\/#organization\"},\"potentialAction\":[{\"@type\":\"SearchAction\",\"target\":{\"@type\":\"EntryPoint\",\"urlTemplate\":\"https:\\\/\\\/lahingupood.ee\\\/?s={search_term_string}\"},\"query-input\":{\"@type\":\"PropertyValueSpecification\",\"valueRequired\":true,\"valueName\":\"search_term_string\"}}],\"inLanguage\":\"en-GB\"},{\"@type\":\"Organization\",\"@id\":\"https:\\\/\\\/lahingupood.ee\\\/#organization\",\"name\":\"Lahingurada\",\"url\":\"https:\\\/\\\/lahingupood.ee\\\/\",\"logo\":{\"@type\":\"ImageObject\",\"inLanguage\":\"en-GB\",\"@id\":\"https:\\\/\\\/lahingupood.ee\\\/#\\\/schema\\\/logo\\\/image\\\/\",\"url\":\"https:\\\/\\\/lahingupood.ee\\\/wp-content\\\/uploads\\\/2022\\\/03\\\/lahingurada-220318.jpg\",\"contentUrl\":\"https:\\\/\\\/lahingupood.ee\\\/wp-content\\\/uploads\\\/2022\\\/03\\\/lahingurada-220318.jpg\",\"width\":800,\"height\":500,\"caption\":\"Lahingurada\"},\"image\":{\"@id\":\"https:\\\/\\\/lahingupood.ee\\\/#\\\/schema\\\/logo\\\/image\\\/\"},\"sameAs\":[\"https:\\\/\\\/www.facebook.com\\\/Lahingurada-629940247212967\"]}]}<\/script>\n<!-- \/ Yoast SEO Premium plugin. -->","yoast_head_json":{"title":"BB Speed Loader | airsoft kiirlaadija","description":"BB Speed Loader aitab airsoft BB-kuule kiiresti salve laadida. SRC kiirlaadija sobib h\u00e4sti airsofti m\u00e4nguks, treeninguks ja varustuskotti.","robots":{"index":"index","follow":"follow","max-snippet":"max-snippet:-1","max-image-preview":"max-image-preview:large","max-video-preview":"max-video-preview:-1"},"canonical":"https:\/\/lahingupood.ee\/en\/product\/src-bb-speed-loader\/","og_locale":"en_GB","og_type":"article","og_title":"SRC BB kuulide kiirlaadija airsoft salvedele","og_description":"BB Speed Loader aitab airsoft BB-kuule kiiresti salve laadida. SRC kiirlaadija sobib h\u00e4sti airsofti m\u00e4nguks, treeninguks ja varustuskotti.","og_url":"https:\/\/lahingupood.ee\/en\/product\/src-bb-speed-loader\/","og_site_name":"Lahingurada e-pood","article_publisher":"https:\/\/www.facebook.com\/Lahingurada-629940247212967","article_modified_time":"2026-05-02T18:00:05+00:00","og_image":[{"width":1000,"height":1000,"url":"https:\/\/lahingupood.ee\/wp-content\/uploads\/2024\/05\/BB-kiirlaadija.jpg","type":"image\/jpeg"}],"twitter_card":"summary_large_image","twitter_misc":{"Estimated reading time":"1 minute"},"schema":{"@context":"https:\/\/schema.org","@graph":[{"@type":"WebPage","@id":"https:\/\/lahingupood.ee\/toode\/src-bb-speed-loader\/","url":"https:\/\/lahingupood.ee\/toode\/src-bb-speed-loader\/","name":"BB Speed Loader | airsoft kiirlaadija","isPartOf":{"@id":"https:\/\/lahingupood.ee\/#website"},"primaryImageOfPage":{"@id":"https:\/\/lahingupood.ee\/toode\/src-bb-speed-loader\/#primaryimage"},"image":{"@id":"https:\/\/lahingupood.ee\/toode\/src-bb-speed-loader\/#primaryimage"},"thumbnailUrl":"https:\/\/lahingupood.ee\/wp-content\/uploads\/2024\/05\/BB-kiirlaadija.jpg","datePublished":"2024-05-08T13:37:23+00:00","dateModified":"2026-05-02T18:00:05+00:00","description":"BB Speed Loader aitab airsoft BB-kuule kiiresti salve laadida. SRC kiirlaadija sobib h\u00e4sti airsofti m\u00e4nguks, treeninguks ja varustuskotti.","breadcrumb":{"@id":"https:\/\/lahingupood.ee\/toode\/src-bb-speed-loader\/#breadcrumb"},"inLanguage":"en-GB","potentialAction":[{"@type":"ReadAction","target":["https:\/\/lahingupood.ee\/toode\/src-bb-speed-loader\/"]}]},{"@type":"ImageObject","inLanguage":"en-GB","@id":"https:\/\/lahingupood.ee\/toode\/src-bb-speed-loader\/#primaryimage","url":"https:\/\/lahingupood.ee\/wp-content\/uploads\/2024\/05\/BB-kiirlaadija.jpg","contentUrl":"https:\/\/lahingupood.ee\/wp-content\/uploads\/2024\/05\/BB-kiirlaadija.jpg","width":1000,"height":1000,"caption":"BB Speed Loader airsoft salvede t\u00e4itmiseks"},{"@type":"BreadcrumbList","@id":"https:\/\/lahingupood.ee\/toode\/src-bb-speed-loader\/#breadcrumb","itemListElement":[{"@type":"ListItem","position":1,"name":"Home","item":"https:\/\/lahingupood.ee\/"},{"@type":"ListItem","position":2,"name":"Tooted","item":"https:\/\/lahingupood.ee\/tooted\/"},{"@type":"ListItem","position":3,"name":"SRC BB kuulide kiirlaadija airsoft salvedele"}]},{"@type":"WebSite","@id":"https:\/\/lahingupood.ee\/#website","url":"https:\/\/lahingupood.ee\/","name":"Lahingurada e-pood","description":"Airsoft","publisher":{"@id":"https:\/\/lahingupood.ee\/#organization"},"potentialAction":[{"@type":"SearchAction","target":{"@type":"EntryPoint","urlTemplate":"https:\/\/lahingupood.ee\/?s={search_term_string}"},"query-input":{"@type":"PropertyValueSpecification","valueRequired":true,"valueName":"search_term_string"}}],"inLanguage":"en-GB"},{"@type":"Organization","@id":"https:\/\/lahingupood.ee\/#organization","name":"Lahingurada","url":"https:\/\/lahingupood.ee\/","logo":{"@type":"ImageObject","inLanguage":"en-GB","@id":"https:\/\/lahingupood.ee\/#\/schema\/logo\/image\/","url":"https:\/\/lahingupood.ee\/wp-content\/uploads\/2022\/03\/lahingurada-220318.jpg","contentUrl":"https:\/\/lahingupood.ee\/wp-content\/uploads\/2022\/03\/lahingurada-220318.jpg","width":800,"height":500,"caption":"Lahingurada"},"image":{"@id":"https:\/\/lahingupood.ee\/#\/schema\/logo\/image\/"},"sameAs":["https:\/\/www.facebook.com\/Lahingurada-629940247212967"]}]}},"_links":{"self":[{"href":"https:\/\/lahingupood.ee\/en\/wp-json\/wp\/v2\/product\/4834","targetHints":{"allow":["GET"]}}],"collection":[{"href":"https:\/\/lahingupood.ee\/en\/wp-json\/wp\/v2\/product"}],"about":[{"href":"https:\/\/lahingupood.ee\/en\/wp-json\/wp\/v2\/types\/product"}],"wp:featuredmedia":[{"embeddable":true,"href":"https:\/\/lahingupood.ee\/en\/wp-json\/wp\/v2\/media\/4835"}],"wp:attachment":[{"href":"https:\/\/lahingupood.ee\/en\/wp-json\/wp\/v2\/media?parent=4834"}],"wp:term":[{"taxonomy":"product_brand","embeddable":true,"href":"https:\/\/lahingupood.ee\/en\/wp-json\/wp\/v2\/product_brand?post=4834"},{"taxonomy":"product_cat","embeddable":true,"href":"https:\/\/lahingupood.ee\/en\/wp-json\/wp\/v2\/product_cat?post=4834"},{"taxonomy":"product_tag","embeddable":true,"href":"https:\/\/lahingupood.ee\/en\/wp-json\/wp\/v2\/product_tag?post=4834"}],"curies":[{"name":"wp","href":"https:\/\/api.w.org\/{rel}","templated":true}]}}