{"id":4803,"date":"2024-05-04T11:41:54","date_gmt":"2024-05-04T08:41:54","guid":{"rendered":"https:\/\/lahingupood.ee\/?post_type=product&#038;p=4803"},"modified":"2026-05-02T20:00:02","modified_gmt":"2026-05-02T17:00:02","slug":"combat-arm-board-cad","status":"publish","type":"product","link":"https:\/\/lahingupood.ee\/en\/product\/combat-arm-board-cad\/","title":{"rendered":"COMBAT ARM BOARD CAD"},"content":{"rendered":"<p>Combat arm board CAD on taktikaline k\u00e4e k\u00fclge kinnitatav kaarditasku, mis on m\u00f5eldud kaartide, m\u00e4rkmete ja olulise info kiireks vaatamiseks. Seda kasutatakse laialdaselt airsoftis ja taktikalistes tegevustes, kus vajalik info peab olema kiiresti k\u00e4ttesaadav.<\/p>","protected":false},"excerpt":{"rendered":"<p>Combat arm board CAD on taktikaline k\u00e4e k\u00fclge kinnitatav kaarditasku, mis on m\u00f5eldud kaartide, m\u00e4rkmete ja olulise info kiireks vaatamiseks. Seda kasutatakse laialdaselt airsoftis ja taktikalistes tegevustes, kus vajalik info peab olema kiiresti k\u00e4ttesaadav.<\/p>","protected":false},"featured_media":4790,"template":"","meta":[],"product_brand":[],"product_cat":[213,67],"product_tag":[],"class_list":{"0":"post-4803","1":"product","2":"type-product","3":"status-publish","4":"has-post-thumbnail","6":"product_cat-cad","7":"product_cat-varustuse-taskud","9":"first","10":"instock","11":"taxable","12":"shipping-taxable","13":"purchasable","14":"product-type-simple"},"yoast_head":"<!-- This site is optimized with the Yoast SEO Premium plugin v27.5 (Yoast SEO v27.5) - https:\/\/yoast.com\/product\/yoast-seo-premium-wordpress\/ -->\n<title>Combat arm board CAD \u2013 taktikaline k\u00e4e kaarditasku<\/title>\n<meta name=\"description\" content=\"Combat arm board CAD on taktikaline k\u00e4e k\u00fclge kinnitatav kaarditasku ja m\u00e4rkmelaud. Sobib airsoftiks ja operatiivseks planeerimiseks v\u00e4litingimustes.\" \/>\n<meta name=\"robots\" content=\"index, follow, max-snippet:-1, max-image-preview:large, max-video-preview:-1\" \/>\n<link rel=\"canonical\" href=\"https:\/\/lahingupood.ee\/en\/product\/combat-arm-board-cad\/\" \/>\n<meta property=\"og:locale\" content=\"en_GB\" \/>\n<meta property=\"og:type\" content=\"article\" \/>\n<meta property=\"og:title\" content=\"COMBAT ARM BOARD CAD\" \/>\n<meta property=\"og:description\" content=\"Combat arm board CAD on taktikaline k\u00e4e k\u00fclge kinnitatav kaarditasku ja m\u00e4rkmelaud. Sobib airsoftiks ja operatiivseks planeerimiseks v\u00e4litingimustes.\" \/>\n<meta property=\"og:url\" content=\"https:\/\/lahingupood.ee\/en\/product\/combat-arm-board-cad\/\" \/>\n<meta property=\"og:site_name\" content=\"Lahingurada e-pood\" \/>\n<meta property=\"article:publisher\" content=\"https:\/\/www.facebook.com\/Lahingurada-629940247212967\" \/>\n<meta property=\"article:modified_time\" content=\"2026-05-02T17:00:02+00:00\" \/>\n<meta property=\"og:image\" content=\"https:\/\/lahingupood.ee\/wp-content\/uploads\/2024\/05\/image_b9589b0e-1083-4432-a0dc-46c5dedda434.jpg.webp\" \/>\n\t<meta property=\"og:image:width\" content=\"1200\" \/>\n\t<meta property=\"og:image:height\" content=\"801\" \/>\n\t<meta property=\"og:image:type\" content=\"image\/webp\" \/>\n<meta name=\"twitter:card\" content=\"summary_large_image\" \/>\n<meta name=\"twitter:label1\" content=\"Estimated reading time\" \/>\n\t<meta name=\"twitter:data1\" content=\"1 minute\" \/>\n<script type=\"application\/ld+json\" class=\"yoast-schema-graph\">{\"@context\":\"https:\\\/\\\/schema.org\",\"@graph\":[{\"@type\":\"WebPage\",\"@id\":\"https:\\\/\\\/lahingupood.ee\\\/toode\\\/combat-arm-board-cad\\\/\",\"url\":\"https:\\\/\\\/lahingupood.ee\\\/toode\\\/combat-arm-board-cad\\\/\",\"name\":\"Combat arm board CAD \u2013 taktikaline k\u00e4e kaarditasku\",\"isPartOf\":{\"@id\":\"https:\\\/\\\/lahingupood.ee\\\/#website\"},\"primaryImageOfPage\":{\"@id\":\"https:\\\/\\\/lahingupood.ee\\\/toode\\\/combat-arm-board-cad\\\/#primaryimage\"},\"image\":{\"@id\":\"https:\\\/\\\/lahingupood.ee\\\/toode\\\/combat-arm-board-cad\\\/#primaryimage\"},\"thumbnailUrl\":\"https:\\\/\\\/lahingupood.ee\\\/wp-content\\\/uploads\\\/2024\\\/05\\\/image_b9589b0e-1083-4432-a0dc-46c5dedda434.jpg.webp\",\"datePublished\":\"2024-05-04T08:41:54+00:00\",\"dateModified\":\"2026-05-02T17:00:02+00:00\",\"description\":\"Combat arm board CAD on taktikaline k\u00e4e k\u00fclge kinnitatav kaarditasku ja m\u00e4rkmelaud. Sobib airsoftiks ja operatiivseks planeerimiseks v\u00e4litingimustes.\",\"breadcrumb\":{\"@id\":\"https:\\\/\\\/lahingupood.ee\\\/toode\\\/combat-arm-board-cad\\\/#breadcrumb\"},\"inLanguage\":\"en-GB\",\"potentialAction\":[{\"@type\":\"ReadAction\",\"target\":[\"https:\\\/\\\/lahingupood.ee\\\/toode\\\/combat-arm-board-cad\\\/\"]}]},{\"@type\":\"ImageObject\",\"inLanguage\":\"en-GB\",\"@id\":\"https:\\\/\\\/lahingupood.ee\\\/toode\\\/combat-arm-board-cad\\\/#primaryimage\",\"url\":\"https:\\\/\\\/lahingupood.ee\\\/wp-content\\\/uploads\\\/2024\\\/05\\\/image_b9589b0e-1083-4432-a0dc-46c5dedda434.jpg.webp\",\"contentUrl\":\"https:\\\/\\\/lahingupood.ee\\\/wp-content\\\/uploads\\\/2024\\\/05\\\/image_b9589b0e-1083-4432-a0dc-46c5dedda434.jpg.webp\",\"width\":1200,\"height\":801,\"caption\":\"Combat arm board CAD \u2013 taktikaline k\u00e4e k\u00fclge kinnitatav kaart ja planeerimislaud airsoftiks ja v\u00e4litegevusteks.\"},{\"@type\":\"BreadcrumbList\",\"@id\":\"https:\\\/\\\/lahingupood.ee\\\/toode\\\/combat-arm-board-cad\\\/#breadcrumb\",\"itemListElement\":[{\"@type\":\"ListItem\",\"position\":1,\"name\":\"Home\",\"item\":\"https:\\\/\\\/lahingupood.ee\\\/\"},{\"@type\":\"ListItem\",\"position\":2,\"name\":\"Tooted\",\"item\":\"https:\\\/\\\/lahingupood.ee\\\/tooted\\\/\"},{\"@type\":\"ListItem\",\"position\":3,\"name\":\"COMBAT ARM BOARD CAD\"}]},{\"@type\":\"WebSite\",\"@id\":\"https:\\\/\\\/lahingupood.ee\\\/#website\",\"url\":\"https:\\\/\\\/lahingupood.ee\\\/\",\"name\":\"Lahingurada e-pood\",\"description\":\"Airsoft\",\"publisher\":{\"@id\":\"https:\\\/\\\/lahingupood.ee\\\/#organization\"},\"potentialAction\":[{\"@type\":\"SearchAction\",\"target\":{\"@type\":\"EntryPoint\",\"urlTemplate\":\"https:\\\/\\\/lahingupood.ee\\\/?s={search_term_string}\"},\"query-input\":{\"@type\":\"PropertyValueSpecification\",\"valueRequired\":true,\"valueName\":\"search_term_string\"}}],\"inLanguage\":\"en-GB\"},{\"@type\":\"Organization\",\"@id\":\"https:\\\/\\\/lahingupood.ee\\\/#organization\",\"name\":\"Lahingurada\",\"url\":\"https:\\\/\\\/lahingupood.ee\\\/\",\"logo\":{\"@type\":\"ImageObject\",\"inLanguage\":\"en-GB\",\"@id\":\"https:\\\/\\\/lahingupood.ee\\\/#\\\/schema\\\/logo\\\/image\\\/\",\"url\":\"https:\\\/\\\/lahingupood.ee\\\/wp-content\\\/uploads\\\/2022\\\/03\\\/lahingurada-220318.jpg\",\"contentUrl\":\"https:\\\/\\\/lahingupood.ee\\\/wp-content\\\/uploads\\\/2022\\\/03\\\/lahingurada-220318.jpg\",\"width\":800,\"height\":500,\"caption\":\"Lahingurada\"},\"image\":{\"@id\":\"https:\\\/\\\/lahingupood.ee\\\/#\\\/schema\\\/logo\\\/image\\\/\"},\"sameAs\":[\"https:\\\/\\\/www.facebook.com\\\/Lahingurada-629940247212967\"]}]}<\/script>\n<!-- \/ Yoast SEO Premium plugin. -->","yoast_head_json":{"title":"Combat arm board CAD \u2013 taktikaline k\u00e4e kaarditasku","description":"Combat arm board CAD on taktikaline k\u00e4e k\u00fclge kinnitatav kaarditasku ja m\u00e4rkmelaud. Sobib airsoftiks ja operatiivseks planeerimiseks v\u00e4litingimustes.","robots":{"index":"index","follow":"follow","max-snippet":"max-snippet:-1","max-image-preview":"max-image-preview:large","max-video-preview":"max-video-preview:-1"},"canonical":"https:\/\/lahingupood.ee\/en\/product\/combat-arm-board-cad\/","og_locale":"en_GB","og_type":"article","og_title":"COMBAT ARM BOARD CAD","og_description":"Combat arm board CAD on taktikaline k\u00e4e k\u00fclge kinnitatav kaarditasku ja m\u00e4rkmelaud. Sobib airsoftiks ja operatiivseks planeerimiseks v\u00e4litingimustes.","og_url":"https:\/\/lahingupood.ee\/en\/product\/combat-arm-board-cad\/","og_site_name":"Lahingurada e-pood","article_publisher":"https:\/\/www.facebook.com\/Lahingurada-629940247212967","article_modified_time":"2026-05-02T17:00:02+00:00","og_image":[{"width":1200,"height":801,"url":"https:\/\/lahingupood.ee\/wp-content\/uploads\/2024\/05\/image_b9589b0e-1083-4432-a0dc-46c5dedda434.jpg.webp","type":"image\/webp"}],"twitter_card":"summary_large_image","twitter_misc":{"Estimated reading time":"1 minute"},"schema":{"@context":"https:\/\/schema.org","@graph":[{"@type":"WebPage","@id":"https:\/\/lahingupood.ee\/toode\/combat-arm-board-cad\/","url":"https:\/\/lahingupood.ee\/toode\/combat-arm-board-cad\/","name":"Combat arm board CAD \u2013 taktikaline k\u00e4e kaarditasku","isPartOf":{"@id":"https:\/\/lahingupood.ee\/#website"},"primaryImageOfPage":{"@id":"https:\/\/lahingupood.ee\/toode\/combat-arm-board-cad\/#primaryimage"},"image":{"@id":"https:\/\/lahingupood.ee\/toode\/combat-arm-board-cad\/#primaryimage"},"thumbnailUrl":"https:\/\/lahingupood.ee\/wp-content\/uploads\/2024\/05\/image_b9589b0e-1083-4432-a0dc-46c5dedda434.jpg.webp","datePublished":"2024-05-04T08:41:54+00:00","dateModified":"2026-05-02T17:00:02+00:00","description":"Combat arm board CAD on taktikaline k\u00e4e k\u00fclge kinnitatav kaarditasku ja m\u00e4rkmelaud. Sobib airsoftiks ja operatiivseks planeerimiseks v\u00e4litingimustes.","breadcrumb":{"@id":"https:\/\/lahingupood.ee\/toode\/combat-arm-board-cad\/#breadcrumb"},"inLanguage":"en-GB","potentialAction":[{"@type":"ReadAction","target":["https:\/\/lahingupood.ee\/toode\/combat-arm-board-cad\/"]}]},{"@type":"ImageObject","inLanguage":"en-GB","@id":"https:\/\/lahingupood.ee\/toode\/combat-arm-board-cad\/#primaryimage","url":"https:\/\/lahingupood.ee\/wp-content\/uploads\/2024\/05\/image_b9589b0e-1083-4432-a0dc-46c5dedda434.jpg.webp","contentUrl":"https:\/\/lahingupood.ee\/wp-content\/uploads\/2024\/05\/image_b9589b0e-1083-4432-a0dc-46c5dedda434.jpg.webp","width":1200,"height":801,"caption":"Combat arm board CAD \u2013 taktikaline k\u00e4e k\u00fclge kinnitatav kaart ja planeerimislaud airsoftiks ja v\u00e4litegevusteks."},{"@type":"BreadcrumbList","@id":"https:\/\/lahingupood.ee\/toode\/combat-arm-board-cad\/#breadcrumb","itemListElement":[{"@type":"ListItem","position":1,"name":"Home","item":"https:\/\/lahingupood.ee\/"},{"@type":"ListItem","position":2,"name":"Tooted","item":"https:\/\/lahingupood.ee\/tooted\/"},{"@type":"ListItem","position":3,"name":"COMBAT ARM BOARD CAD"}]},{"@type":"WebSite","@id":"https:\/\/lahingupood.ee\/#website","url":"https:\/\/lahingupood.ee\/","name":"Lahingurada e-pood","description":"Airsoft","publisher":{"@id":"https:\/\/lahingupood.ee\/#organization"},"potentialAction":[{"@type":"SearchAction","target":{"@type":"EntryPoint","urlTemplate":"https:\/\/lahingupood.ee\/?s={search_term_string}"},"query-input":{"@type":"PropertyValueSpecification","valueRequired":true,"valueName":"search_term_string"}}],"inLanguage":"en-GB"},{"@type":"Organization","@id":"https:\/\/lahingupood.ee\/#organization","name":"Lahingurada","url":"https:\/\/lahingupood.ee\/","logo":{"@type":"ImageObject","inLanguage":"en-GB","@id":"https:\/\/lahingupood.ee\/#\/schema\/logo\/image\/","url":"https:\/\/lahingupood.ee\/wp-content\/uploads\/2022\/03\/lahingurada-220318.jpg","contentUrl":"https:\/\/lahingupood.ee\/wp-content\/uploads\/2022\/03\/lahingurada-220318.jpg","width":800,"height":500,"caption":"Lahingurada"},"image":{"@id":"https:\/\/lahingupood.ee\/#\/schema\/logo\/image\/"},"sameAs":["https:\/\/www.facebook.com\/Lahingurada-629940247212967"]}]}},"_links":{"self":[{"href":"https:\/\/lahingupood.ee\/en\/wp-json\/wp\/v2\/product\/4803","targetHints":{"allow":["GET"]}}],"collection":[{"href":"https:\/\/lahingupood.ee\/en\/wp-json\/wp\/v2\/product"}],"about":[{"href":"https:\/\/lahingupood.ee\/en\/wp-json\/wp\/v2\/types\/product"}],"wp:featuredmedia":[{"embeddable":true,"href":"https:\/\/lahingupood.ee\/en\/wp-json\/wp\/v2\/media\/4790"}],"wp:attachment":[{"href":"https:\/\/lahingupood.ee\/en\/wp-json\/wp\/v2\/media?parent=4803"}],"wp:term":[{"taxonomy":"product_brand","embeddable":true,"href":"https:\/\/lahingupood.ee\/en\/wp-json\/wp\/v2\/product_brand?post=4803"},{"taxonomy":"product_cat","embeddable":true,"href":"https:\/\/lahingupood.ee\/en\/wp-json\/wp\/v2\/product_cat?post=4803"},{"taxonomy":"product_tag","embeddable":true,"href":"https:\/\/lahingupood.ee\/en\/wp-json\/wp\/v2\/product_tag?post=4803"}],"curies":[{"name":"wp","href":"https:\/\/api.w.org\/{rel}","templated":true}]}}