{"id":4796,"date":"2024-05-04T11:05:57","date_gmt":"2024-05-04T08:05:57","guid":{"rendered":"https:\/\/lahingupood.ee\/?post_type=product&#038;p=4796"},"modified":"2026-05-02T19:45:06","modified_gmt":"2026-05-02T16:45:06","slug":"roheline-relvakott-pumppussile-74c","status":"publish","type":"product","link":"https:\/\/lahingupood.ee\/en\/product\/roheline-relvakott-pumppussile-74c\/","title":{"rendered":"Roheline relvakott pumpp\u00fcssile 74 cm"},"content":{"rendered":"<p data-start=\"794\" data-end=\"1044\"><strong data-start=\"794\" data-end=\"819\">Relvakott pumpp\u00fcssile<\/strong> on praktiline lahendus airsofti replika, pumpp\u00fcssi t\u00fc\u00fcpi mudeli v\u00f5i muu sobiva varustuse transportimiseks ja hoiustamiseks. Roheline toon sobib h\u00e4sti airsofti, taktikalise varustuse ja v\u00e4litingimustes kasutatava varustusega.<\/p>\n<p data-start=\"1046\" data-end=\"1315\">Koti pikkus on <strong data-start=\"1061\" data-end=\"1070\">74 cm<\/strong>, mist\u00f5ttu sobib see eelk\u00f5ige l\u00fchematele replikatele v\u00f5i pumpp\u00fcssi t\u00fc\u00fcpi airsoft relvadele. Enne ostmist soovitame m\u00f5\u00f5ta oma replika \u00fcldpikkuse \u00fcle, et veenduda koti sobivuses. Sobiv m\u00f5\u00f5t aitab tagada mugava transportimise ja parema hoiustamise.<\/p>\n<p data-start=\"1317\" data-end=\"1578\">Relvakott aitab hoida varustust korras ning muudab selle kaasaskandmise lihtsamaks. See on kasulik nii m\u00e4ngup\u00e4evale minnes, treeningule s\u00f5ites kui ka varustuse koduseks hoiustamiseks. Kott aitab kaitsta replikat kriimustuste, tolmu ja v\u00e4iksemate p\u00f5rutuste eest.<\/p>\n<p data-start=\"1580\" data-end=\"1827\">Lisataskud annavad v\u00f5imaluse kaasa v\u00f5tta ka muud vajalikku varustust. Nendesse saab paigutada n\u00e4iteks salvesid, BB-kuule, v\u00e4iksemaid t\u00f6\u00f6riistu, puhastusvahendeid, kindaid v\u00f5i muid tarvikuid. Nii on oluline varustus \u00fches kohas ja lihtsamini leitav.<\/p>","protected":false},"excerpt":{"rendered":"<p>Relvakott pumpp\u00fcssile on praktiline lahendus airsofti replika, pumpp\u00fcssi t\u00fc\u00fcpi mudeli v\u00f5i muu sobiva varustuse transportimiseks ja hoiustamiseks. Roheline toon sobib h\u00e4sti airsofti, taktikalise varustuse ja v\u00e4litingimustes kasutatava varustusega. Koti pikkus on 74 cm, mist\u00f5ttu sobib see eelk\u00f5ige l\u00fchematele replikatele v\u00f5i pumpp\u00fcssi t\u00fc\u00fcpi airsoft relvadele. Enne ostmist soovitame m\u00f5\u00f5ta oma replika \u00fcldpikkuse \u00fcle, et veenduda koti [&#8230;]\n","protected":false},"featured_media":4786,"template":"","meta":[],"product_brand":[],"product_cat":[38],"product_tag":[],"class_list":{"0":"post-4796","1":"product","2":"type-product","3":"status-publish","4":"has-post-thumbnail","6":"product_cat-relvakotid","8":"first","9":"instock","10":"taxable","11":"shipping-taxable","12":"purchasable","13":"product-type-simple"},"yoast_head":"<!-- This site is optimized with the Yoast SEO Premium plugin v27.5 (Yoast SEO v27.5) - https:\/\/yoast.com\/product\/yoast-seo-premium-wordpress\/ -->\n<title>Relvakott pumpp\u00fcssile 74 cm | Roheline<\/title>\n<meta name=\"description\" content=\"Relvakott pumpp\u00fcssile 74 cm on roheline kandekott airsofti v\u00f5i taktikalise varustuse jaoks. Lisataskud aitavad paigutada v\u00e4iksemaid tarvikuid.\" \/>\n<meta name=\"robots\" content=\"index, follow, max-snippet:-1, max-image-preview:large, max-video-preview:-1\" \/>\n<link rel=\"canonical\" href=\"https:\/\/lahingupood.ee\/en\/product\/roheline-relvakott-pumppussile-74c\/\" \/>\n<meta property=\"og:locale\" content=\"en_GB\" \/>\n<meta property=\"og:type\" content=\"article\" \/>\n<meta property=\"og:title\" content=\"Roheline relvakott pumpp\u00fcssile 74 cm\" \/>\n<meta property=\"og:description\" content=\"Relvakott pumpp\u00fcssile 74 cm on roheline kandekott airsofti v\u00f5i taktikalise varustuse jaoks. Lisataskud aitavad paigutada v\u00e4iksemaid tarvikuid.\" \/>\n<meta property=\"og:url\" content=\"https:\/\/lahingupood.ee\/en\/product\/roheline-relvakott-pumppussile-74c\/\" \/>\n<meta property=\"og:site_name\" content=\"Lahingurada e-pood\" \/>\n<meta property=\"article:publisher\" content=\"https:\/\/www.facebook.com\/Lahingurada-629940247212967\" \/>\n<meta property=\"article:modified_time\" content=\"2026-05-02T16:45:06+00:00\" \/>\n<meta property=\"og:image\" content=\"https:\/\/lahingupood.ee\/wp-content\/uploads\/2024\/05\/DSC_8524_1_d727fd8e-b42d-41e7-acef-109e468973ae.jpg.webp\" \/>\n\t<meta property=\"og:image:width\" content=\"1200\" \/>\n\t<meta property=\"og:image:height\" content=\"1798\" \/>\n\t<meta property=\"og:image:type\" content=\"image\/webp\" \/>\n<meta name=\"twitter:card\" content=\"summary_large_image\" \/>\n<meta name=\"twitter:label1\" content=\"Estimated reading time\" \/>\n\t<meta name=\"twitter:data1\" content=\"1 minute\" \/>\n<script type=\"application\/ld+json\" class=\"yoast-schema-graph\">{\"@context\":\"https:\\\/\\\/schema.org\",\"@graph\":[{\"@type\":\"WebPage\",\"@id\":\"https:\\\/\\\/lahingupood.ee\\\/toode\\\/roheline-relvakott-pumppussile-74c\\\/\",\"url\":\"https:\\\/\\\/lahingupood.ee\\\/toode\\\/roheline-relvakott-pumppussile-74c\\\/\",\"name\":\"Relvakott pumpp\u00fcssile 74 cm | Roheline\",\"isPartOf\":{\"@id\":\"https:\\\/\\\/lahingupood.ee\\\/#website\"},\"primaryImageOfPage\":{\"@id\":\"https:\\\/\\\/lahingupood.ee\\\/toode\\\/roheline-relvakott-pumppussile-74c\\\/#primaryimage\"},\"image\":{\"@id\":\"https:\\\/\\\/lahingupood.ee\\\/toode\\\/roheline-relvakott-pumppussile-74c\\\/#primaryimage\"},\"thumbnailUrl\":\"https:\\\/\\\/lahingupood.ee\\\/wp-content\\\/uploads\\\/2024\\\/05\\\/DSC_8524_1_d727fd8e-b42d-41e7-acef-109e468973ae.jpg.webp\",\"datePublished\":\"2024-05-04T08:05:57+00:00\",\"dateModified\":\"2026-05-02T16:45:06+00:00\",\"description\":\"Relvakott pumpp\u00fcssile 74 cm on roheline kandekott airsofti v\u00f5i taktikalise varustuse jaoks. Lisataskud aitavad paigutada v\u00e4iksemaid tarvikuid.\",\"breadcrumb\":{\"@id\":\"https:\\\/\\\/lahingupood.ee\\\/toode\\\/roheline-relvakott-pumppussile-74c\\\/#breadcrumb\"},\"inLanguage\":\"en-GB\",\"potentialAction\":[{\"@type\":\"ReadAction\",\"target\":[\"https:\\\/\\\/lahingupood.ee\\\/toode\\\/roheline-relvakott-pumppussile-74c\\\/\"]}]},{\"@type\":\"ImageObject\",\"inLanguage\":\"en-GB\",\"@id\":\"https:\\\/\\\/lahingupood.ee\\\/toode\\\/roheline-relvakott-pumppussile-74c\\\/#primaryimage\",\"url\":\"https:\\\/\\\/lahingupood.ee\\\/wp-content\\\/uploads\\\/2024\\\/05\\\/DSC_8524_1_d727fd8e-b42d-41e7-acef-109e468973ae.jpg.webp\",\"contentUrl\":\"https:\\\/\\\/lahingupood.ee\\\/wp-content\\\/uploads\\\/2024\\\/05\\\/DSC_8524_1_d727fd8e-b42d-41e7-acef-109e468973ae.jpg.webp\",\"width\":1200,\"height\":1798,\"caption\":\"Roheline relvakott pumpp\u00fcssile 74 cm\"},{\"@type\":\"BreadcrumbList\",\"@id\":\"https:\\\/\\\/lahingupood.ee\\\/toode\\\/roheline-relvakott-pumppussile-74c\\\/#breadcrumb\",\"itemListElement\":[{\"@type\":\"ListItem\",\"position\":1,\"name\":\"Home\",\"item\":\"https:\\\/\\\/lahingupood.ee\\\/\"},{\"@type\":\"ListItem\",\"position\":2,\"name\":\"Tooted\",\"item\":\"https:\\\/\\\/lahingupood.ee\\\/tooted\\\/\"},{\"@type\":\"ListItem\",\"position\":3,\"name\":\"Roheline relvakott pumpp\u00fcssile 74 cm\"}]},{\"@type\":\"WebSite\",\"@id\":\"https:\\\/\\\/lahingupood.ee\\\/#website\",\"url\":\"https:\\\/\\\/lahingupood.ee\\\/\",\"name\":\"Lahingurada e-pood\",\"description\":\"Airsoft\",\"publisher\":{\"@id\":\"https:\\\/\\\/lahingupood.ee\\\/#organization\"},\"potentialAction\":[{\"@type\":\"SearchAction\",\"target\":{\"@type\":\"EntryPoint\",\"urlTemplate\":\"https:\\\/\\\/lahingupood.ee\\\/?s={search_term_string}\"},\"query-input\":{\"@type\":\"PropertyValueSpecification\",\"valueRequired\":true,\"valueName\":\"search_term_string\"}}],\"inLanguage\":\"en-GB\"},{\"@type\":\"Organization\",\"@id\":\"https:\\\/\\\/lahingupood.ee\\\/#organization\",\"name\":\"Lahingurada\",\"url\":\"https:\\\/\\\/lahingupood.ee\\\/\",\"logo\":{\"@type\":\"ImageObject\",\"inLanguage\":\"en-GB\",\"@id\":\"https:\\\/\\\/lahingupood.ee\\\/#\\\/schema\\\/logo\\\/image\\\/\",\"url\":\"https:\\\/\\\/lahingupood.ee\\\/wp-content\\\/uploads\\\/2022\\\/03\\\/lahingurada-220318.jpg\",\"contentUrl\":\"https:\\\/\\\/lahingupood.ee\\\/wp-content\\\/uploads\\\/2022\\\/03\\\/lahingurada-220318.jpg\",\"width\":800,\"height\":500,\"caption\":\"Lahingurada\"},\"image\":{\"@id\":\"https:\\\/\\\/lahingupood.ee\\\/#\\\/schema\\\/logo\\\/image\\\/\"},\"sameAs\":[\"https:\\\/\\\/www.facebook.com\\\/Lahingurada-629940247212967\"]}]}<\/script>\n<!-- \/ Yoast SEO Premium plugin. -->","yoast_head_json":{"title":"Relvakott pumpp\u00fcssile 74 cm | Roheline","description":"Relvakott pumpp\u00fcssile 74 cm on roheline kandekott airsofti v\u00f5i taktikalise varustuse jaoks. Lisataskud aitavad paigutada v\u00e4iksemaid tarvikuid.","robots":{"index":"index","follow":"follow","max-snippet":"max-snippet:-1","max-image-preview":"max-image-preview:large","max-video-preview":"max-video-preview:-1"},"canonical":"https:\/\/lahingupood.ee\/en\/product\/roheline-relvakott-pumppussile-74c\/","og_locale":"en_GB","og_type":"article","og_title":"Roheline relvakott pumpp\u00fcssile 74 cm","og_description":"Relvakott pumpp\u00fcssile 74 cm on roheline kandekott airsofti v\u00f5i taktikalise varustuse jaoks. Lisataskud aitavad paigutada v\u00e4iksemaid tarvikuid.","og_url":"https:\/\/lahingupood.ee\/en\/product\/roheline-relvakott-pumppussile-74c\/","og_site_name":"Lahingurada e-pood","article_publisher":"https:\/\/www.facebook.com\/Lahingurada-629940247212967","article_modified_time":"2026-05-02T16:45:06+00:00","og_image":[{"width":1200,"height":1798,"url":"https:\/\/lahingupood.ee\/wp-content\/uploads\/2024\/05\/DSC_8524_1_d727fd8e-b42d-41e7-acef-109e468973ae.jpg.webp","type":"image\/webp"}],"twitter_card":"summary_large_image","twitter_misc":{"Estimated reading time":"1 minute"},"schema":{"@context":"https:\/\/schema.org","@graph":[{"@type":"WebPage","@id":"https:\/\/lahingupood.ee\/toode\/roheline-relvakott-pumppussile-74c\/","url":"https:\/\/lahingupood.ee\/toode\/roheline-relvakott-pumppussile-74c\/","name":"Relvakott pumpp\u00fcssile 74 cm | Roheline","isPartOf":{"@id":"https:\/\/lahingupood.ee\/#website"},"primaryImageOfPage":{"@id":"https:\/\/lahingupood.ee\/toode\/roheline-relvakott-pumppussile-74c\/#primaryimage"},"image":{"@id":"https:\/\/lahingupood.ee\/toode\/roheline-relvakott-pumppussile-74c\/#primaryimage"},"thumbnailUrl":"https:\/\/lahingupood.ee\/wp-content\/uploads\/2024\/05\/DSC_8524_1_d727fd8e-b42d-41e7-acef-109e468973ae.jpg.webp","datePublished":"2024-05-04T08:05:57+00:00","dateModified":"2026-05-02T16:45:06+00:00","description":"Relvakott pumpp\u00fcssile 74 cm on roheline kandekott airsofti v\u00f5i taktikalise varustuse jaoks. Lisataskud aitavad paigutada v\u00e4iksemaid tarvikuid.","breadcrumb":{"@id":"https:\/\/lahingupood.ee\/toode\/roheline-relvakott-pumppussile-74c\/#breadcrumb"},"inLanguage":"en-GB","potentialAction":[{"@type":"ReadAction","target":["https:\/\/lahingupood.ee\/toode\/roheline-relvakott-pumppussile-74c\/"]}]},{"@type":"ImageObject","inLanguage":"en-GB","@id":"https:\/\/lahingupood.ee\/toode\/roheline-relvakott-pumppussile-74c\/#primaryimage","url":"https:\/\/lahingupood.ee\/wp-content\/uploads\/2024\/05\/DSC_8524_1_d727fd8e-b42d-41e7-acef-109e468973ae.jpg.webp","contentUrl":"https:\/\/lahingupood.ee\/wp-content\/uploads\/2024\/05\/DSC_8524_1_d727fd8e-b42d-41e7-acef-109e468973ae.jpg.webp","width":1200,"height":1798,"caption":"Roheline relvakott pumpp\u00fcssile 74 cm"},{"@type":"BreadcrumbList","@id":"https:\/\/lahingupood.ee\/toode\/roheline-relvakott-pumppussile-74c\/#breadcrumb","itemListElement":[{"@type":"ListItem","position":1,"name":"Home","item":"https:\/\/lahingupood.ee\/"},{"@type":"ListItem","position":2,"name":"Tooted","item":"https:\/\/lahingupood.ee\/tooted\/"},{"@type":"ListItem","position":3,"name":"Roheline relvakott pumpp\u00fcssile 74 cm"}]},{"@type":"WebSite","@id":"https:\/\/lahingupood.ee\/#website","url":"https:\/\/lahingupood.ee\/","name":"Lahingurada e-pood","description":"Airsoft","publisher":{"@id":"https:\/\/lahingupood.ee\/#organization"},"potentialAction":[{"@type":"SearchAction","target":{"@type":"EntryPoint","urlTemplate":"https:\/\/lahingupood.ee\/?s={search_term_string}"},"query-input":{"@type":"PropertyValueSpecification","valueRequired":true,"valueName":"search_term_string"}}],"inLanguage":"en-GB"},{"@type":"Organization","@id":"https:\/\/lahingupood.ee\/#organization","name":"Lahingurada","url":"https:\/\/lahingupood.ee\/","logo":{"@type":"ImageObject","inLanguage":"en-GB","@id":"https:\/\/lahingupood.ee\/#\/schema\/logo\/image\/","url":"https:\/\/lahingupood.ee\/wp-content\/uploads\/2022\/03\/lahingurada-220318.jpg","contentUrl":"https:\/\/lahingupood.ee\/wp-content\/uploads\/2022\/03\/lahingurada-220318.jpg","width":800,"height":500,"caption":"Lahingurada"},"image":{"@id":"https:\/\/lahingupood.ee\/#\/schema\/logo\/image\/"},"sameAs":["https:\/\/www.facebook.com\/Lahingurada-629940247212967"]}]}},"_links":{"self":[{"href":"https:\/\/lahingupood.ee\/en\/wp-json\/wp\/v2\/product\/4796","targetHints":{"allow":["GET"]}}],"collection":[{"href":"https:\/\/lahingupood.ee\/en\/wp-json\/wp\/v2\/product"}],"about":[{"href":"https:\/\/lahingupood.ee\/en\/wp-json\/wp\/v2\/types\/product"}],"wp:featuredmedia":[{"embeddable":true,"href":"https:\/\/lahingupood.ee\/en\/wp-json\/wp\/v2\/media\/4786"}],"wp:attachment":[{"href":"https:\/\/lahingupood.ee\/en\/wp-json\/wp\/v2\/media?parent=4796"}],"wp:term":[{"taxonomy":"product_brand","embeddable":true,"href":"https:\/\/lahingupood.ee\/en\/wp-json\/wp\/v2\/product_brand?post=4796"},{"taxonomy":"product_cat","embeddable":true,"href":"https:\/\/lahingupood.ee\/en\/wp-json\/wp\/v2\/product_cat?post=4796"},{"taxonomy":"product_tag","embeddable":true,"href":"https:\/\/lahingupood.ee\/en\/wp-json\/wp\/v2\/product_tag?post=4796"}],"curies":[{"name":"wp","href":"https:\/\/api.w.org\/{rel}","templated":true}]}}