{"id":4794,"date":"2024-05-04T10:54:42","date_gmt":"2024-05-04T07:54:42","guid":{"rendered":"https:\/\/lahingupood.ee\/?post_type=product&#038;p=4794"},"modified":"2026-04-12T20:00:06","modified_gmt":"2026-04-12T17:00:06","slug":"molle-folding-dump-pouch","status":"publish","type":"product","link":"https:\/\/lahingupood.ee\/en\/product\/molle-folding-dump-pouch\/","title":{"rendered":"Molle Folding Dump pouch"},"content":{"rendered":"<p>Molle Folding Dump pouch<\/p>\n<p>Cad digis volditav t\u00fchjade salvede tasku. Mugav ja v\u00f5tab v\u00f6\u00f6 peal v\u00e4he ruumi.<\/p>\n<p>TOODE ON SAADAVAL AINULT CAD DIGIS!!!<\/p>","protected":false},"excerpt":{"rendered":"<p>Molle Folding Dump pouch Cad digis volditav t\u00fchjade salvede tasku. Mugav ja v\u00f5tab v\u00f6\u00f6 peal v\u00e4he ruumi. TOODE ON SAADAVAL AINULT CAD DIGIS!!!<\/p>","protected":false},"featured_media":4775,"template":"","meta":[],"product_brand":[],"product_cat":[213,67],"product_tag":[],"class_list":{"0":"post-4794","1":"product","2":"type-product","3":"status-publish","4":"has-post-thumbnail","6":"product_cat-cad","7":"product_cat-varustuse-taskud","9":"first","10":"instock","11":"taxable","12":"shipping-taxable","13":"purchasable","14":"product-type-simple"},"yoast_head":"<!-- This site is optimized with the Yoast SEO Premium plugin v27.3 (Yoast SEO v27.3) - https:\/\/yoast.com\/product\/yoast-seo-premium-wordpress\/ -->\n<title>Molle Folding Dump pouch - Lahingurada e-pood<\/title>\n<meta name=\"description\" content=\"Molle Folding Dump pouchCad digis volditav t\u00fchjade salvede tasku. Mugav ja v\u00f5tab v\u00f6\u00f6 peal v\u00e4he ruumi.\" \/>\n<meta name=\"robots\" content=\"index, follow, max-snippet:-1, max-image-preview:large, max-video-preview:-1\" \/>\n<link rel=\"canonical\" href=\"https:\/\/lahingupood.ee\/en\/product\/molle-folding-dump-pouch\/\" \/>\n<meta property=\"og:locale\" content=\"en_GB\" \/>\n<meta property=\"og:type\" content=\"article\" \/>\n<meta property=\"og:title\" content=\"Molle Folding Dump pouch\" \/>\n<meta property=\"og:description\" content=\"Molle Folding Dump pouchCad digis volditav t\u00fchjade salvede tasku. Mugav ja v\u00f5tab v\u00f6\u00f6 peal v\u00e4he ruumi.\" \/>\n<meta property=\"og:url\" content=\"https:\/\/lahingupood.ee\/en\/product\/molle-folding-dump-pouch\/\" \/>\n<meta property=\"og:site_name\" content=\"Lahingurada e-pood\" \/>\n<meta property=\"article:publisher\" content=\"https:\/\/www.facebook.com\/Lahingurada-629940247212967\" \/>\n<meta property=\"article:modified_time\" content=\"2026-04-12T17:00:06+00:00\" \/>\n<meta property=\"og:image\" content=\"https:\/\/lahingupood.ee\/wp-content\/uploads\/2024\/05\/806-12.jpg.webp\" \/>\n\t<meta property=\"og:image:width\" content=\"1200\" \/>\n\t<meta property=\"og:image:height\" content=\"801\" \/>\n\t<meta property=\"og:image:type\" content=\"image\/webp\" \/>\n<meta name=\"twitter:card\" content=\"summary_large_image\" \/>\n<meta name=\"twitter:label1\" content=\"Estimated reading time\" \/>\n\t<meta name=\"twitter:data1\" content=\"1 minute\" \/>\n<script type=\"application\/ld+json\" class=\"yoast-schema-graph\">{\"@context\":\"https:\\\/\\\/schema.org\",\"@graph\":[{\"@type\":\"WebPage\",\"@id\":\"https:\\\/\\\/lahingupood.ee\\\/toode\\\/molle-folding-dump-pouch\\\/\",\"url\":\"https:\\\/\\\/lahingupood.ee\\\/toode\\\/molle-folding-dump-pouch\\\/\",\"name\":\"Molle Folding Dump pouch - Lahingurada e-pood\",\"isPartOf\":{\"@id\":\"https:\\\/\\\/lahingupood.ee\\\/#website\"},\"primaryImageOfPage\":{\"@id\":\"https:\\\/\\\/lahingupood.ee\\\/toode\\\/molle-folding-dump-pouch\\\/#primaryimage\"},\"image\":{\"@id\":\"https:\\\/\\\/lahingupood.ee\\\/toode\\\/molle-folding-dump-pouch\\\/#primaryimage\"},\"thumbnailUrl\":\"https:\\\/\\\/lahingupood.ee\\\/wp-content\\\/uploads\\\/2024\\\/05\\\/806-12.jpg.webp\",\"datePublished\":\"2024-05-04T07:54:42+00:00\",\"dateModified\":\"2026-04-12T17:00:06+00:00\",\"description\":\"Molle Folding Dump pouchCad digis volditav t\u00fchjade salvede tasku. Mugav ja v\u00f5tab v\u00f6\u00f6 peal v\u00e4he ruumi.\",\"breadcrumb\":{\"@id\":\"https:\\\/\\\/lahingupood.ee\\\/toode\\\/molle-folding-dump-pouch\\\/#breadcrumb\"},\"inLanguage\":\"en-GB\",\"potentialAction\":[{\"@type\":\"ReadAction\",\"target\":[\"https:\\\/\\\/lahingupood.ee\\\/toode\\\/molle-folding-dump-pouch\\\/\"]}]},{\"@type\":\"ImageObject\",\"inLanguage\":\"en-GB\",\"@id\":\"https:\\\/\\\/lahingupood.ee\\\/toode\\\/molle-folding-dump-pouch\\\/#primaryimage\",\"url\":\"https:\\\/\\\/lahingupood.ee\\\/wp-content\\\/uploads\\\/2024\\\/05\\\/806-12.jpg.webp\",\"contentUrl\":\"https:\\\/\\\/lahingupood.ee\\\/wp-content\\\/uploads\\\/2024\\\/05\\\/806-12.jpg.webp\",\"width\":1200,\"height\":801},{\"@type\":\"BreadcrumbList\",\"@id\":\"https:\\\/\\\/lahingupood.ee\\\/toode\\\/molle-folding-dump-pouch\\\/#breadcrumb\",\"itemListElement\":[{\"@type\":\"ListItem\",\"position\":1,\"name\":\"Home\",\"item\":\"https:\\\/\\\/lahingupood.ee\\\/\"},{\"@type\":\"ListItem\",\"position\":2,\"name\":\"Tooted\",\"item\":\"https:\\\/\\\/lahingupood.ee\\\/tooted\\\/\"},{\"@type\":\"ListItem\",\"position\":3,\"name\":\"Molle Folding Dump pouch\"}]},{\"@type\":\"WebSite\",\"@id\":\"https:\\\/\\\/lahingupood.ee\\\/#website\",\"url\":\"https:\\\/\\\/lahingupood.ee\\\/\",\"name\":\"Lahingurada e-pood\",\"description\":\"Airsoft\",\"publisher\":{\"@id\":\"https:\\\/\\\/lahingupood.ee\\\/#organization\"},\"potentialAction\":[{\"@type\":\"SearchAction\",\"target\":{\"@type\":\"EntryPoint\",\"urlTemplate\":\"https:\\\/\\\/lahingupood.ee\\\/?s={search_term_string}\"},\"query-input\":{\"@type\":\"PropertyValueSpecification\",\"valueRequired\":true,\"valueName\":\"search_term_string\"}}],\"inLanguage\":\"en-GB\"},{\"@type\":\"Organization\",\"@id\":\"https:\\\/\\\/lahingupood.ee\\\/#organization\",\"name\":\"Lahingurada\",\"url\":\"https:\\\/\\\/lahingupood.ee\\\/\",\"logo\":{\"@type\":\"ImageObject\",\"inLanguage\":\"en-GB\",\"@id\":\"https:\\\/\\\/lahingupood.ee\\\/#\\\/schema\\\/logo\\\/image\\\/\",\"url\":\"https:\\\/\\\/lahingupood.ee\\\/wp-content\\\/uploads\\\/2022\\\/03\\\/lahingurada-220318.jpg\",\"contentUrl\":\"https:\\\/\\\/lahingupood.ee\\\/wp-content\\\/uploads\\\/2022\\\/03\\\/lahingurada-220318.jpg\",\"width\":800,\"height\":500,\"caption\":\"Lahingurada\"},\"image\":{\"@id\":\"https:\\\/\\\/lahingupood.ee\\\/#\\\/schema\\\/logo\\\/image\\\/\"},\"sameAs\":[\"https:\\\/\\\/www.facebook.com\\\/Lahingurada-629940247212967\"]}]}<\/script>\n<!-- \/ Yoast SEO Premium plugin. -->","yoast_head_json":{"title":"Molle Folding Dump pouch - Lahingurada e-pood","description":"Molle Folding Dump pouchCad digis volditav t\u00fchjade salvede tasku. Mugav ja v\u00f5tab v\u00f6\u00f6 peal v\u00e4he ruumi.","robots":{"index":"index","follow":"follow","max-snippet":"max-snippet:-1","max-image-preview":"max-image-preview:large","max-video-preview":"max-video-preview:-1"},"canonical":"https:\/\/lahingupood.ee\/en\/product\/molle-folding-dump-pouch\/","og_locale":"en_GB","og_type":"article","og_title":"Molle Folding Dump pouch","og_description":"Molle Folding Dump pouchCad digis volditav t\u00fchjade salvede tasku. Mugav ja v\u00f5tab v\u00f6\u00f6 peal v\u00e4he ruumi.","og_url":"https:\/\/lahingupood.ee\/en\/product\/molle-folding-dump-pouch\/","og_site_name":"Lahingurada e-pood","article_publisher":"https:\/\/www.facebook.com\/Lahingurada-629940247212967","article_modified_time":"2026-04-12T17:00:06+00:00","og_image":[{"width":1200,"height":801,"url":"https:\/\/lahingupood.ee\/wp-content\/uploads\/2024\/05\/806-12.jpg.webp","type":"image\/webp"}],"twitter_card":"summary_large_image","twitter_misc":{"Estimated reading time":"1 minute"},"schema":{"@context":"https:\/\/schema.org","@graph":[{"@type":"WebPage","@id":"https:\/\/lahingupood.ee\/toode\/molle-folding-dump-pouch\/","url":"https:\/\/lahingupood.ee\/toode\/molle-folding-dump-pouch\/","name":"Molle Folding Dump pouch - Lahingurada e-pood","isPartOf":{"@id":"https:\/\/lahingupood.ee\/#website"},"primaryImageOfPage":{"@id":"https:\/\/lahingupood.ee\/toode\/molle-folding-dump-pouch\/#primaryimage"},"image":{"@id":"https:\/\/lahingupood.ee\/toode\/molle-folding-dump-pouch\/#primaryimage"},"thumbnailUrl":"https:\/\/lahingupood.ee\/wp-content\/uploads\/2024\/05\/806-12.jpg.webp","datePublished":"2024-05-04T07:54:42+00:00","dateModified":"2026-04-12T17:00:06+00:00","description":"Molle Folding Dump pouchCad digis volditav t\u00fchjade salvede tasku. Mugav ja v\u00f5tab v\u00f6\u00f6 peal v\u00e4he ruumi.","breadcrumb":{"@id":"https:\/\/lahingupood.ee\/toode\/molle-folding-dump-pouch\/#breadcrumb"},"inLanguage":"en-GB","potentialAction":[{"@type":"ReadAction","target":["https:\/\/lahingupood.ee\/toode\/molle-folding-dump-pouch\/"]}]},{"@type":"ImageObject","inLanguage":"en-GB","@id":"https:\/\/lahingupood.ee\/toode\/molle-folding-dump-pouch\/#primaryimage","url":"https:\/\/lahingupood.ee\/wp-content\/uploads\/2024\/05\/806-12.jpg.webp","contentUrl":"https:\/\/lahingupood.ee\/wp-content\/uploads\/2024\/05\/806-12.jpg.webp","width":1200,"height":801},{"@type":"BreadcrumbList","@id":"https:\/\/lahingupood.ee\/toode\/molle-folding-dump-pouch\/#breadcrumb","itemListElement":[{"@type":"ListItem","position":1,"name":"Home","item":"https:\/\/lahingupood.ee\/"},{"@type":"ListItem","position":2,"name":"Tooted","item":"https:\/\/lahingupood.ee\/tooted\/"},{"@type":"ListItem","position":3,"name":"Molle Folding Dump pouch"}]},{"@type":"WebSite","@id":"https:\/\/lahingupood.ee\/#website","url":"https:\/\/lahingupood.ee\/","name":"Lahingurada e-pood","description":"Airsoft","publisher":{"@id":"https:\/\/lahingupood.ee\/#organization"},"potentialAction":[{"@type":"SearchAction","target":{"@type":"EntryPoint","urlTemplate":"https:\/\/lahingupood.ee\/?s={search_term_string}"},"query-input":{"@type":"PropertyValueSpecification","valueRequired":true,"valueName":"search_term_string"}}],"inLanguage":"en-GB"},{"@type":"Organization","@id":"https:\/\/lahingupood.ee\/#organization","name":"Lahingurada","url":"https:\/\/lahingupood.ee\/","logo":{"@type":"ImageObject","inLanguage":"en-GB","@id":"https:\/\/lahingupood.ee\/#\/schema\/logo\/image\/","url":"https:\/\/lahingupood.ee\/wp-content\/uploads\/2022\/03\/lahingurada-220318.jpg","contentUrl":"https:\/\/lahingupood.ee\/wp-content\/uploads\/2022\/03\/lahingurada-220318.jpg","width":800,"height":500,"caption":"Lahingurada"},"image":{"@id":"https:\/\/lahingupood.ee\/#\/schema\/logo\/image\/"},"sameAs":["https:\/\/www.facebook.com\/Lahingurada-629940247212967"]}]}},"_links":{"self":[{"href":"https:\/\/lahingupood.ee\/en\/wp-json\/wp\/v2\/product\/4794","targetHints":{"allow":["GET"]}}],"collection":[{"href":"https:\/\/lahingupood.ee\/en\/wp-json\/wp\/v2\/product"}],"about":[{"href":"https:\/\/lahingupood.ee\/en\/wp-json\/wp\/v2\/types\/product"}],"wp:featuredmedia":[{"embeddable":true,"href":"https:\/\/lahingupood.ee\/en\/wp-json\/wp\/v2\/media\/4775"}],"wp:attachment":[{"href":"https:\/\/lahingupood.ee\/en\/wp-json\/wp\/v2\/media?parent=4794"}],"wp:term":[{"taxonomy":"product_brand","embeddable":true,"href":"https:\/\/lahingupood.ee\/en\/wp-json\/wp\/v2\/product_brand?post=4794"},{"taxonomy":"product_cat","embeddable":true,"href":"https:\/\/lahingupood.ee\/en\/wp-json\/wp\/v2\/product_cat?post=4794"},{"taxonomy":"product_tag","embeddable":true,"href":"https:\/\/lahingupood.ee\/en\/wp-json\/wp\/v2\/product_tag?post=4794"}],"curies":[{"name":"wp","href":"https:\/\/api.w.org\/{rel}","templated":true}]}}