{"id":4757,"date":"2024-04-10T13:08:11","date_gmt":"2024-04-10T10:08:11","guid":{"rendered":"https:\/\/lahingupood.ee\/?post_type=product&#038;p=4757"},"modified":"2026-05-02T20:00:03","modified_gmt":"2026-05-02T17:00:03","slug":"wadsn-relvalamp-led-mini-dark-earth","status":"publish","type":"product","link":"https:\/\/lahingupood.ee\/en\/product\/wadsn-relvalamp-led-mini-dark-earth\/","title":{"rendered":"WADSN Mini LED relvalamp Dark Earth"},"content":{"rendered":"<p data-start=\"639\" data-end=\"861\"><strong data-start=\"639\" data-end=\"663\">WADSN Mini relvalamp<\/strong> Dark Earth toonis on kompaktne LED-lamp airsofti replikale v\u00f5i taktikalise varustuse juurde. See sobib m\u00e4ngijale, kes vajab paremat n\u00e4htavust h\u00e4maras, siseruumides v\u00f5i v\u00e4hese valgusega m\u00e4nguoludes.<\/p>\n<p data-start=\"863\" data-end=\"1101\">Lamp pakub <strong data-start=\"874\" data-end=\"887\">280 lumen<\/strong> valgustugevust. See aitab valgustada sihtala, ruumi v\u00f5i liikumissuunda. Kompaktne Mini formaat sobib h\u00e4sti p\u00fcstolitele, v\u00e4iksematele karabiinidele ja replikatele, kus t\u00e4ism\u00f5\u00f5dus relvalamp v\u00f5ib j\u00e4\u00e4da liiga suureks.<\/p>\n<p data-start=\"1103\" data-end=\"1309\">Relvalamp t\u00f6\u00f6tab <strong data-start=\"1120\" data-end=\"1129\">CR123<\/strong> akuga. Aku ei kuulu komplekti!<\/p>","protected":false},"excerpt":{"rendered":"<p>WADSN Mini relvalamp Dark Earth toonis on kompaktne LED-lamp airsofti replikale v\u00f5i taktikalise varustuse juurde. See sobib m\u00e4ngijale, kes vajab paremat n\u00e4htavust h\u00e4maras, siseruumides v\u00f5i v\u00e4hese valgusega m\u00e4nguoludes. Lamp pakub 280 lumen valgustugevust. See aitab valgustada sihtala, ruumi v\u00f5i liikumissuunda. Kompaktne Mini formaat sobib h\u00e4sti p\u00fcstolitele, v\u00e4iksematele karabiinidele ja replikatele, kus t\u00e4ism\u00f5\u00f5dus relvalamp v\u00f5ib j\u00e4\u00e4da [&#8230;]\n","protected":false},"featured_media":4734,"template":"","meta":[],"product_brand":[],"product_cat":[93],"product_tag":[],"class_list":{"0":"post-4757","1":"product","2":"type-product","3":"status-publish","4":"has-post-thumbnail","6":"product_cat-lambid-ja-laserid","8":"first","9":"instock","10":"taxable","11":"shipping-taxable","12":"purchasable","13":"product-type-simple"},"yoast_head":"<!-- This site is optimized with the Yoast SEO Premium plugin v27.5 (Yoast SEO v27.5) - https:\/\/yoast.com\/product\/yoast-seo-premium-wordpress\/ -->\n<title>WADSN Mini LED relvalamp Dark Earth - Lahingurada e-pood<\/title>\n<meta name=\"description\" content=\"WADSN LED relvalamp Mini \u2013 Dark Earth on kompaktne relvale kinnitatav LED-lamp airsofti ja taktikalise varustuse jaoks. Lamp pakub 280 lumen valgustugevust.\" \/>\n<meta name=\"robots\" content=\"index, follow, max-snippet:-1, max-image-preview:large, max-video-preview:-1\" \/>\n<link rel=\"canonical\" href=\"https:\/\/lahingupood.ee\/en\/product\/wadsn-relvalamp-led-mini-dark-earth\/\" \/>\n<meta property=\"og:locale\" content=\"en_GB\" \/>\n<meta property=\"og:type\" content=\"article\" \/>\n<meta property=\"og:title\" content=\"WADSN Mini LED relvalamp Dark Earth\" \/>\n<meta property=\"og:description\" content=\"WADSN LED relvalamp Mini \u2013 Dark Earth on kompaktne relvale kinnitatav LED-lamp airsofti ja taktikalise varustuse jaoks. Lamp pakub 280 lumen valgustugevust.\" \/>\n<meta property=\"og:url\" content=\"https:\/\/lahingupood.ee\/en\/product\/wadsn-relvalamp-led-mini-dark-earth\/\" \/>\n<meta property=\"og:site_name\" content=\"Lahingurada e-pood\" \/>\n<meta property=\"article:publisher\" content=\"https:\/\/www.facebook.com\/Lahingurada-629940247212967\" \/>\n<meta property=\"article:modified_time\" content=\"2026-05-02T17:00:03+00:00\" \/>\n<meta property=\"og:image\" content=\"https:\/\/lahingupood.ee\/wp-content\/uploads\/2024\/04\/wadsn-mini-led-flashlight-dark-earth-wd4006-t.jpg\" \/>\n\t<meta property=\"og:image:width\" content=\"1000\" \/>\n\t<meta property=\"og:image:height\" content=\"1000\" \/>\n\t<meta property=\"og:image:type\" content=\"image\/jpeg\" \/>\n<meta name=\"twitter:card\" content=\"summary_large_image\" \/>\n<meta name=\"twitter:label1\" content=\"Estimated reading time\" \/>\n\t<meta name=\"twitter:data1\" content=\"1 minute\" \/>\n<script type=\"application\/ld+json\" class=\"yoast-schema-graph\">{\"@context\":\"https:\\\/\\\/schema.org\",\"@graph\":[{\"@type\":\"WebPage\",\"@id\":\"https:\\\/\\\/lahingupood.ee\\\/toode\\\/wadsn-relvalamp-led-mini-dark-earth\\\/\",\"url\":\"https:\\\/\\\/lahingupood.ee\\\/toode\\\/wadsn-relvalamp-led-mini-dark-earth\\\/\",\"name\":\"WADSN Mini LED relvalamp Dark Earth - Lahingurada e-pood\",\"isPartOf\":{\"@id\":\"https:\\\/\\\/lahingupood.ee\\\/#website\"},\"primaryImageOfPage\":{\"@id\":\"https:\\\/\\\/lahingupood.ee\\\/toode\\\/wadsn-relvalamp-led-mini-dark-earth\\\/#primaryimage\"},\"image\":{\"@id\":\"https:\\\/\\\/lahingupood.ee\\\/toode\\\/wadsn-relvalamp-led-mini-dark-earth\\\/#primaryimage\"},\"thumbnailUrl\":\"https:\\\/\\\/lahingupood.ee\\\/wp-content\\\/uploads\\\/2024\\\/04\\\/wadsn-mini-led-flashlight-dark-earth-wd4006-t.jpg\",\"datePublished\":\"2024-04-10T10:08:11+00:00\",\"dateModified\":\"2026-05-02T17:00:03+00:00\",\"description\":\"WADSN LED relvalamp Mini \u2013 Dark Earth on kompaktne relvale kinnitatav LED-lamp airsofti ja taktikalise varustuse jaoks. Lamp pakub 280 lumen valgustugevust.\",\"breadcrumb\":{\"@id\":\"https:\\\/\\\/lahingupood.ee\\\/toode\\\/wadsn-relvalamp-led-mini-dark-earth\\\/#breadcrumb\"},\"inLanguage\":\"en-GB\",\"potentialAction\":[{\"@type\":\"ReadAction\",\"target\":[\"https:\\\/\\\/lahingupood.ee\\\/toode\\\/wadsn-relvalamp-led-mini-dark-earth\\\/\"]}]},{\"@type\":\"ImageObject\",\"inLanguage\":\"en-GB\",\"@id\":\"https:\\\/\\\/lahingupood.ee\\\/toode\\\/wadsn-relvalamp-led-mini-dark-earth\\\/#primaryimage\",\"url\":\"https:\\\/\\\/lahingupood.ee\\\/wp-content\\\/uploads\\\/2024\\\/04\\\/wadsn-mini-led-flashlight-dark-earth-wd4006-t.jpg\",\"contentUrl\":\"https:\\\/\\\/lahingupood.ee\\\/wp-content\\\/uploads\\\/2024\\\/04\\\/wadsn-mini-led-flashlight-dark-earth-wd4006-t.jpg\",\"width\":1000,\"height\":1000,\"caption\":\"WADSN LED relvalamp Mini Dark Earth 280 lumen\"},{\"@type\":\"BreadcrumbList\",\"@id\":\"https:\\\/\\\/lahingupood.ee\\\/toode\\\/wadsn-relvalamp-led-mini-dark-earth\\\/#breadcrumb\",\"itemListElement\":[{\"@type\":\"ListItem\",\"position\":1,\"name\":\"Home\",\"item\":\"https:\\\/\\\/lahingupood.ee\\\/\"},{\"@type\":\"ListItem\",\"position\":2,\"name\":\"Tooted\",\"item\":\"https:\\\/\\\/lahingupood.ee\\\/tooted\\\/\"},{\"@type\":\"ListItem\",\"position\":3,\"name\":\"WADSN Mini LED relvalamp Dark Earth\"}]},{\"@type\":\"WebSite\",\"@id\":\"https:\\\/\\\/lahingupood.ee\\\/#website\",\"url\":\"https:\\\/\\\/lahingupood.ee\\\/\",\"name\":\"Lahingurada e-pood\",\"description\":\"Airsoft\",\"publisher\":{\"@id\":\"https:\\\/\\\/lahingupood.ee\\\/#organization\"},\"potentialAction\":[{\"@type\":\"SearchAction\",\"target\":{\"@type\":\"EntryPoint\",\"urlTemplate\":\"https:\\\/\\\/lahingupood.ee\\\/?s={search_term_string}\"},\"query-input\":{\"@type\":\"PropertyValueSpecification\",\"valueRequired\":true,\"valueName\":\"search_term_string\"}}],\"inLanguage\":\"en-GB\"},{\"@type\":\"Organization\",\"@id\":\"https:\\\/\\\/lahingupood.ee\\\/#organization\",\"name\":\"Lahingurada\",\"url\":\"https:\\\/\\\/lahingupood.ee\\\/\",\"logo\":{\"@type\":\"ImageObject\",\"inLanguage\":\"en-GB\",\"@id\":\"https:\\\/\\\/lahingupood.ee\\\/#\\\/schema\\\/logo\\\/image\\\/\",\"url\":\"https:\\\/\\\/lahingupood.ee\\\/wp-content\\\/uploads\\\/2022\\\/03\\\/lahingurada-220318.jpg\",\"contentUrl\":\"https:\\\/\\\/lahingupood.ee\\\/wp-content\\\/uploads\\\/2022\\\/03\\\/lahingurada-220318.jpg\",\"width\":800,\"height\":500,\"caption\":\"Lahingurada\"},\"image\":{\"@id\":\"https:\\\/\\\/lahingupood.ee\\\/#\\\/schema\\\/logo\\\/image\\\/\"},\"sameAs\":[\"https:\\\/\\\/www.facebook.com\\\/Lahingurada-629940247212967\"]}]}<\/script>\n<!-- \/ Yoast SEO Premium plugin. -->","yoast_head_json":{"title":"WADSN Mini LED relvalamp Dark Earth - Lahingurada e-pood","description":"WADSN LED relvalamp Mini \u2013 Dark Earth on kompaktne relvale kinnitatav LED-lamp airsofti ja taktikalise varustuse jaoks. Lamp pakub 280 lumen valgustugevust.","robots":{"index":"index","follow":"follow","max-snippet":"max-snippet:-1","max-image-preview":"max-image-preview:large","max-video-preview":"max-video-preview:-1"},"canonical":"https:\/\/lahingupood.ee\/en\/product\/wadsn-relvalamp-led-mini-dark-earth\/","og_locale":"en_GB","og_type":"article","og_title":"WADSN Mini LED relvalamp Dark Earth","og_description":"WADSN LED relvalamp Mini \u2013 Dark Earth on kompaktne relvale kinnitatav LED-lamp airsofti ja taktikalise varustuse jaoks. Lamp pakub 280 lumen valgustugevust.","og_url":"https:\/\/lahingupood.ee\/en\/product\/wadsn-relvalamp-led-mini-dark-earth\/","og_site_name":"Lahingurada e-pood","article_publisher":"https:\/\/www.facebook.com\/Lahingurada-629940247212967","article_modified_time":"2026-05-02T17:00:03+00:00","og_image":[{"width":1000,"height":1000,"url":"https:\/\/lahingupood.ee\/wp-content\/uploads\/2024\/04\/wadsn-mini-led-flashlight-dark-earth-wd4006-t.jpg","type":"image\/jpeg"}],"twitter_card":"summary_large_image","twitter_misc":{"Estimated reading time":"1 minute"},"schema":{"@context":"https:\/\/schema.org","@graph":[{"@type":"WebPage","@id":"https:\/\/lahingupood.ee\/toode\/wadsn-relvalamp-led-mini-dark-earth\/","url":"https:\/\/lahingupood.ee\/toode\/wadsn-relvalamp-led-mini-dark-earth\/","name":"WADSN Mini LED relvalamp Dark Earth - Lahingurada e-pood","isPartOf":{"@id":"https:\/\/lahingupood.ee\/#website"},"primaryImageOfPage":{"@id":"https:\/\/lahingupood.ee\/toode\/wadsn-relvalamp-led-mini-dark-earth\/#primaryimage"},"image":{"@id":"https:\/\/lahingupood.ee\/toode\/wadsn-relvalamp-led-mini-dark-earth\/#primaryimage"},"thumbnailUrl":"https:\/\/lahingupood.ee\/wp-content\/uploads\/2024\/04\/wadsn-mini-led-flashlight-dark-earth-wd4006-t.jpg","datePublished":"2024-04-10T10:08:11+00:00","dateModified":"2026-05-02T17:00:03+00:00","description":"WADSN LED relvalamp Mini \u2013 Dark Earth on kompaktne relvale kinnitatav LED-lamp airsofti ja taktikalise varustuse jaoks. Lamp pakub 280 lumen valgustugevust.","breadcrumb":{"@id":"https:\/\/lahingupood.ee\/toode\/wadsn-relvalamp-led-mini-dark-earth\/#breadcrumb"},"inLanguage":"en-GB","potentialAction":[{"@type":"ReadAction","target":["https:\/\/lahingupood.ee\/toode\/wadsn-relvalamp-led-mini-dark-earth\/"]}]},{"@type":"ImageObject","inLanguage":"en-GB","@id":"https:\/\/lahingupood.ee\/toode\/wadsn-relvalamp-led-mini-dark-earth\/#primaryimage","url":"https:\/\/lahingupood.ee\/wp-content\/uploads\/2024\/04\/wadsn-mini-led-flashlight-dark-earth-wd4006-t.jpg","contentUrl":"https:\/\/lahingupood.ee\/wp-content\/uploads\/2024\/04\/wadsn-mini-led-flashlight-dark-earth-wd4006-t.jpg","width":1000,"height":1000,"caption":"WADSN LED relvalamp Mini Dark Earth 280 lumen"},{"@type":"BreadcrumbList","@id":"https:\/\/lahingupood.ee\/toode\/wadsn-relvalamp-led-mini-dark-earth\/#breadcrumb","itemListElement":[{"@type":"ListItem","position":1,"name":"Home","item":"https:\/\/lahingupood.ee\/"},{"@type":"ListItem","position":2,"name":"Tooted","item":"https:\/\/lahingupood.ee\/tooted\/"},{"@type":"ListItem","position":3,"name":"WADSN Mini LED relvalamp Dark Earth"}]},{"@type":"WebSite","@id":"https:\/\/lahingupood.ee\/#website","url":"https:\/\/lahingupood.ee\/","name":"Lahingurada e-pood","description":"Airsoft","publisher":{"@id":"https:\/\/lahingupood.ee\/#organization"},"potentialAction":[{"@type":"SearchAction","target":{"@type":"EntryPoint","urlTemplate":"https:\/\/lahingupood.ee\/?s={search_term_string}"},"query-input":{"@type":"PropertyValueSpecification","valueRequired":true,"valueName":"search_term_string"}}],"inLanguage":"en-GB"},{"@type":"Organization","@id":"https:\/\/lahingupood.ee\/#organization","name":"Lahingurada","url":"https:\/\/lahingupood.ee\/","logo":{"@type":"ImageObject","inLanguage":"en-GB","@id":"https:\/\/lahingupood.ee\/#\/schema\/logo\/image\/","url":"https:\/\/lahingupood.ee\/wp-content\/uploads\/2022\/03\/lahingurada-220318.jpg","contentUrl":"https:\/\/lahingupood.ee\/wp-content\/uploads\/2022\/03\/lahingurada-220318.jpg","width":800,"height":500,"caption":"Lahingurada"},"image":{"@id":"https:\/\/lahingupood.ee\/#\/schema\/logo\/image\/"},"sameAs":["https:\/\/www.facebook.com\/Lahingurada-629940247212967"]}]}},"_links":{"self":[{"href":"https:\/\/lahingupood.ee\/en\/wp-json\/wp\/v2\/product\/4757","targetHints":{"allow":["GET"]}}],"collection":[{"href":"https:\/\/lahingupood.ee\/en\/wp-json\/wp\/v2\/product"}],"about":[{"href":"https:\/\/lahingupood.ee\/en\/wp-json\/wp\/v2\/types\/product"}],"wp:featuredmedia":[{"embeddable":true,"href":"https:\/\/lahingupood.ee\/en\/wp-json\/wp\/v2\/media\/4734"}],"wp:attachment":[{"href":"https:\/\/lahingupood.ee\/en\/wp-json\/wp\/v2\/media?parent=4757"}],"wp:term":[{"taxonomy":"product_brand","embeddable":true,"href":"https:\/\/lahingupood.ee\/en\/wp-json\/wp\/v2\/product_brand?post=4757"},{"taxonomy":"product_cat","embeddable":true,"href":"https:\/\/lahingupood.ee\/en\/wp-json\/wp\/v2\/product_cat?post=4757"},{"taxonomy":"product_tag","embeddable":true,"href":"https:\/\/lahingupood.ee\/en\/wp-json\/wp\/v2\/product_tag?post=4757"}],"curies":[{"name":"wp","href":"https:\/\/api.w.org\/{rel}","templated":true}]}}