{"id":4749,"date":"2024-04-10T12:26:06","date_gmt":"2024-04-10T09:26:06","guid":{"rendered":"https:\/\/lahingupood.ee\/?post_type=product&#038;p=4749"},"modified":"2026-05-02T19:45:04","modified_gmt":"2026-05-02T16:45:04","slug":"spring-m125-element","status":"publish","type":"product","link":"https:\/\/lahingupood.ee\/en\/product\/spring-m125-element\/","title":{"rendered":"Spring M125 Element"},"content":{"rendered":"<p>Spring M125 Element airsoft vedru on AEG relvade jaoks m\u00f5eldud upgrade vedru, mis aitab t\u00f5sta relva v\u00e4ljundenergiat (Joule) ning parandada laskeulatust ja stabiilsust. Tegemist on keskmise-tugeva klassi vedruga, mida kasutatakse sageli j\u00f5udluse t\u00f5stmiseks. Spring M125 Element airsoft vedru sobib h\u00e4sti nii \u00fcldiseks upgrade\u2019iks kui ka t\u00e4psusrelvade ja DMR t\u00fc\u00fcpi seadistuste jaoks. See aitab saavutada tugevama ja \u00fchtlasema laskej\u00f5udluse.<\/p>","protected":false},"excerpt":{"rendered":"<p>Spring M125 Element airsoft vedru on AEG relvade jaoks m\u00f5eldud upgrade vedru, mis aitab t\u00f5sta relva v\u00e4ljundenergiat (Joule) ning parandada laskeulatust ja stabiilsust. Tegemist on keskmise-tugeva klassi vedruga, mida kasutatakse sageli j\u00f5udluse t\u00f5stmiseks. Spring M125 Element airsoft vedru sobib h\u00e4sti nii \u00fcldiseks upgrade\u2019iks kui ka t\u00e4psusrelvade ja DMR t\u00fc\u00fcpi seadistuste jaoks. See aitab saavutada tugevama [&#8230;]\n","protected":false},"featured_media":4727,"template":"","meta":[],"product_brand":[],"product_cat":[170],"product_tag":[],"class_list":{"0":"post-4749","1":"product","2":"type-product","3":"status-publish","4":"has-post-thumbnail","6":"product_cat-vedrud","8":"first","9":"instock","10":"taxable","11":"shipping-taxable","12":"purchasable","13":"product-type-simple"},"yoast_head":"<!-- This site is optimized with the Yoast SEO Premium plugin v27.5 (Yoast SEO v27.5) - https:\/\/yoast.com\/product\/yoast-seo-premium-wordpress\/ -->\n<title>Spring M125 Element airsoft vedru \u2013 AEG vedru<\/title>\n<meta name=\"description\" content=\"Spring M125 Element on AEG airsoft vedru, mis t\u00f5stab relva Joulide taset ja parandab laskeulatust. Sobib upgrade ja DMR seadistusteks.\" \/>\n<meta name=\"robots\" content=\"index, follow, max-snippet:-1, max-image-preview:large, max-video-preview:-1\" \/>\n<link rel=\"canonical\" href=\"https:\/\/lahingupood.ee\/en\/product\/spring-m125-element\/\" \/>\n<meta property=\"og:locale\" content=\"en_GB\" \/>\n<meta property=\"og:type\" content=\"article\" \/>\n<meta property=\"og:title\" content=\"Spring M125 Element\" \/>\n<meta property=\"og:description\" content=\"Spring M125 Element on AEG airsoft vedru, mis t\u00f5stab relva Joulide taset ja parandab laskeulatust. Sobib upgrade ja DMR seadistusteks.\" \/>\n<meta property=\"og:url\" content=\"https:\/\/lahingupood.ee\/en\/product\/spring-m125-element\/\" \/>\n<meta property=\"og:site_name\" content=\"Lahingurada e-pood\" \/>\n<meta property=\"article:publisher\" content=\"https:\/\/www.facebook.com\/Lahingurada-629940247212967\" \/>\n<meta property=\"article:modified_time\" content=\"2026-05-02T16:45:04+00:00\" \/>\n<meta property=\"og:image\" content=\"https:\/\/lahingupood.ee\/wp-content\/uploads\/2024\/04\/element-spring-m125-st-el-in0101.jpg\" \/>\n\t<meta property=\"og:image:width\" content=\"1000\" \/>\n\t<meta property=\"og:image:height\" content=\"1000\" \/>\n\t<meta property=\"og:image:type\" content=\"image\/jpeg\" \/>\n<meta name=\"twitter:card\" content=\"summary_large_image\" \/>\n<meta name=\"twitter:label1\" content=\"Estimated reading time\" \/>\n\t<meta name=\"twitter:data1\" content=\"1 minute\" \/>\n<script type=\"application\/ld+json\" class=\"yoast-schema-graph\">{\"@context\":\"https:\\\/\\\/schema.org\",\"@graph\":[{\"@type\":\"WebPage\",\"@id\":\"https:\\\/\\\/lahingupood.ee\\\/toode\\\/spring-m125-element\\\/\",\"url\":\"https:\\\/\\\/lahingupood.ee\\\/toode\\\/spring-m125-element\\\/\",\"name\":\"Spring M125 Element airsoft vedru \u2013 AEG vedru\",\"isPartOf\":{\"@id\":\"https:\\\/\\\/lahingupood.ee\\\/#website\"},\"primaryImageOfPage\":{\"@id\":\"https:\\\/\\\/lahingupood.ee\\\/toode\\\/spring-m125-element\\\/#primaryimage\"},\"image\":{\"@id\":\"https:\\\/\\\/lahingupood.ee\\\/toode\\\/spring-m125-element\\\/#primaryimage\"},\"thumbnailUrl\":\"https:\\\/\\\/lahingupood.ee\\\/wp-content\\\/uploads\\\/2024\\\/04\\\/element-spring-m125-st-el-in0101.jpg\",\"datePublished\":\"2024-04-10T09:26:06+00:00\",\"dateModified\":\"2026-05-02T16:45:04+00:00\",\"description\":\"Spring M125 Element on AEG airsoft vedru, mis t\u00f5stab relva Joulide taset ja parandab laskeulatust. Sobib upgrade ja DMR seadistusteks.\",\"breadcrumb\":{\"@id\":\"https:\\\/\\\/lahingupood.ee\\\/toode\\\/spring-m125-element\\\/#breadcrumb\"},\"inLanguage\":\"en-GB\",\"potentialAction\":[{\"@type\":\"ReadAction\",\"target\":[\"https:\\\/\\\/lahingupood.ee\\\/toode\\\/spring-m125-element\\\/\"]}]},{\"@type\":\"ImageObject\",\"inLanguage\":\"en-GB\",\"@id\":\"https:\\\/\\\/lahingupood.ee\\\/toode\\\/spring-m125-element\\\/#primaryimage\",\"url\":\"https:\\\/\\\/lahingupood.ee\\\/wp-content\\\/uploads\\\/2024\\\/04\\\/element-spring-m125-st-el-in0101.jpg\",\"contentUrl\":\"https:\\\/\\\/lahingupood.ee\\\/wp-content\\\/uploads\\\/2024\\\/04\\\/element-spring-m125-st-el-in0101.jpg\",\"width\":1000,\"height\":1000,\"caption\":\"Spring M125 Element airsoft vedru \u2013 AEG upgrade vedru, mis t\u00f5stab Joule taset ja parandab relva j\u00f5udlust.\"},{\"@type\":\"BreadcrumbList\",\"@id\":\"https:\\\/\\\/lahingupood.ee\\\/toode\\\/spring-m125-element\\\/#breadcrumb\",\"itemListElement\":[{\"@type\":\"ListItem\",\"position\":1,\"name\":\"Home\",\"item\":\"https:\\\/\\\/lahingupood.ee\\\/\"},{\"@type\":\"ListItem\",\"position\":2,\"name\":\"Tooted\",\"item\":\"https:\\\/\\\/lahingupood.ee\\\/tooted\\\/\"},{\"@type\":\"ListItem\",\"position\":3,\"name\":\"Spring M125 Element\"}]},{\"@type\":\"WebSite\",\"@id\":\"https:\\\/\\\/lahingupood.ee\\\/#website\",\"url\":\"https:\\\/\\\/lahingupood.ee\\\/\",\"name\":\"Lahingurada e-pood\",\"description\":\"Airsoft\",\"publisher\":{\"@id\":\"https:\\\/\\\/lahingupood.ee\\\/#organization\"},\"potentialAction\":[{\"@type\":\"SearchAction\",\"target\":{\"@type\":\"EntryPoint\",\"urlTemplate\":\"https:\\\/\\\/lahingupood.ee\\\/?s={search_term_string}\"},\"query-input\":{\"@type\":\"PropertyValueSpecification\",\"valueRequired\":true,\"valueName\":\"search_term_string\"}}],\"inLanguage\":\"en-GB\"},{\"@type\":\"Organization\",\"@id\":\"https:\\\/\\\/lahingupood.ee\\\/#organization\",\"name\":\"Lahingurada\",\"url\":\"https:\\\/\\\/lahingupood.ee\\\/\",\"logo\":{\"@type\":\"ImageObject\",\"inLanguage\":\"en-GB\",\"@id\":\"https:\\\/\\\/lahingupood.ee\\\/#\\\/schema\\\/logo\\\/image\\\/\",\"url\":\"https:\\\/\\\/lahingupood.ee\\\/wp-content\\\/uploads\\\/2022\\\/03\\\/lahingurada-220318.jpg\",\"contentUrl\":\"https:\\\/\\\/lahingupood.ee\\\/wp-content\\\/uploads\\\/2022\\\/03\\\/lahingurada-220318.jpg\",\"width\":800,\"height\":500,\"caption\":\"Lahingurada\"},\"image\":{\"@id\":\"https:\\\/\\\/lahingupood.ee\\\/#\\\/schema\\\/logo\\\/image\\\/\"},\"sameAs\":[\"https:\\\/\\\/www.facebook.com\\\/Lahingurada-629940247212967\"]}]}<\/script>\n<!-- \/ Yoast SEO Premium plugin. -->","yoast_head_json":{"title":"Spring M125 Element airsoft vedru \u2013 AEG vedru","description":"Spring M125 Element on AEG airsoft vedru, mis t\u00f5stab relva Joulide taset ja parandab laskeulatust. Sobib upgrade ja DMR seadistusteks.","robots":{"index":"index","follow":"follow","max-snippet":"max-snippet:-1","max-image-preview":"max-image-preview:large","max-video-preview":"max-video-preview:-1"},"canonical":"https:\/\/lahingupood.ee\/en\/product\/spring-m125-element\/","og_locale":"en_GB","og_type":"article","og_title":"Spring M125 Element","og_description":"Spring M125 Element on AEG airsoft vedru, mis t\u00f5stab relva Joulide taset ja parandab laskeulatust. Sobib upgrade ja DMR seadistusteks.","og_url":"https:\/\/lahingupood.ee\/en\/product\/spring-m125-element\/","og_site_name":"Lahingurada e-pood","article_publisher":"https:\/\/www.facebook.com\/Lahingurada-629940247212967","article_modified_time":"2026-05-02T16:45:04+00:00","og_image":[{"width":1000,"height":1000,"url":"https:\/\/lahingupood.ee\/wp-content\/uploads\/2024\/04\/element-spring-m125-st-el-in0101.jpg","type":"image\/jpeg"}],"twitter_card":"summary_large_image","twitter_misc":{"Estimated reading time":"1 minute"},"schema":{"@context":"https:\/\/schema.org","@graph":[{"@type":"WebPage","@id":"https:\/\/lahingupood.ee\/toode\/spring-m125-element\/","url":"https:\/\/lahingupood.ee\/toode\/spring-m125-element\/","name":"Spring M125 Element airsoft vedru \u2013 AEG vedru","isPartOf":{"@id":"https:\/\/lahingupood.ee\/#website"},"primaryImageOfPage":{"@id":"https:\/\/lahingupood.ee\/toode\/spring-m125-element\/#primaryimage"},"image":{"@id":"https:\/\/lahingupood.ee\/toode\/spring-m125-element\/#primaryimage"},"thumbnailUrl":"https:\/\/lahingupood.ee\/wp-content\/uploads\/2024\/04\/element-spring-m125-st-el-in0101.jpg","datePublished":"2024-04-10T09:26:06+00:00","dateModified":"2026-05-02T16:45:04+00:00","description":"Spring M125 Element on AEG airsoft vedru, mis t\u00f5stab relva Joulide taset ja parandab laskeulatust. Sobib upgrade ja DMR seadistusteks.","breadcrumb":{"@id":"https:\/\/lahingupood.ee\/toode\/spring-m125-element\/#breadcrumb"},"inLanguage":"en-GB","potentialAction":[{"@type":"ReadAction","target":["https:\/\/lahingupood.ee\/toode\/spring-m125-element\/"]}]},{"@type":"ImageObject","inLanguage":"en-GB","@id":"https:\/\/lahingupood.ee\/toode\/spring-m125-element\/#primaryimage","url":"https:\/\/lahingupood.ee\/wp-content\/uploads\/2024\/04\/element-spring-m125-st-el-in0101.jpg","contentUrl":"https:\/\/lahingupood.ee\/wp-content\/uploads\/2024\/04\/element-spring-m125-st-el-in0101.jpg","width":1000,"height":1000,"caption":"Spring M125 Element airsoft vedru \u2013 AEG upgrade vedru, mis t\u00f5stab Joule taset ja parandab relva j\u00f5udlust."},{"@type":"BreadcrumbList","@id":"https:\/\/lahingupood.ee\/toode\/spring-m125-element\/#breadcrumb","itemListElement":[{"@type":"ListItem","position":1,"name":"Home","item":"https:\/\/lahingupood.ee\/"},{"@type":"ListItem","position":2,"name":"Tooted","item":"https:\/\/lahingupood.ee\/tooted\/"},{"@type":"ListItem","position":3,"name":"Spring M125 Element"}]},{"@type":"WebSite","@id":"https:\/\/lahingupood.ee\/#website","url":"https:\/\/lahingupood.ee\/","name":"Lahingurada e-pood","description":"Airsoft","publisher":{"@id":"https:\/\/lahingupood.ee\/#organization"},"potentialAction":[{"@type":"SearchAction","target":{"@type":"EntryPoint","urlTemplate":"https:\/\/lahingupood.ee\/?s={search_term_string}"},"query-input":{"@type":"PropertyValueSpecification","valueRequired":true,"valueName":"search_term_string"}}],"inLanguage":"en-GB"},{"@type":"Organization","@id":"https:\/\/lahingupood.ee\/#organization","name":"Lahingurada","url":"https:\/\/lahingupood.ee\/","logo":{"@type":"ImageObject","inLanguage":"en-GB","@id":"https:\/\/lahingupood.ee\/#\/schema\/logo\/image\/","url":"https:\/\/lahingupood.ee\/wp-content\/uploads\/2022\/03\/lahingurada-220318.jpg","contentUrl":"https:\/\/lahingupood.ee\/wp-content\/uploads\/2022\/03\/lahingurada-220318.jpg","width":800,"height":500,"caption":"Lahingurada"},"image":{"@id":"https:\/\/lahingupood.ee\/#\/schema\/logo\/image\/"},"sameAs":["https:\/\/www.facebook.com\/Lahingurada-629940247212967"]}]}},"_links":{"self":[{"href":"https:\/\/lahingupood.ee\/en\/wp-json\/wp\/v2\/product\/4749","targetHints":{"allow":["GET"]}}],"collection":[{"href":"https:\/\/lahingupood.ee\/en\/wp-json\/wp\/v2\/product"}],"about":[{"href":"https:\/\/lahingupood.ee\/en\/wp-json\/wp\/v2\/types\/product"}],"wp:featuredmedia":[{"embeddable":true,"href":"https:\/\/lahingupood.ee\/en\/wp-json\/wp\/v2\/media\/4727"}],"wp:attachment":[{"href":"https:\/\/lahingupood.ee\/en\/wp-json\/wp\/v2\/media?parent=4749"}],"wp:term":[{"taxonomy":"product_brand","embeddable":true,"href":"https:\/\/lahingupood.ee\/en\/wp-json\/wp\/v2\/product_brand?post=4749"},{"taxonomy":"product_cat","embeddable":true,"href":"https:\/\/lahingupood.ee\/en\/wp-json\/wp\/v2\/product_cat?post=4749"},{"taxonomy":"product_tag","embeddable":true,"href":"https:\/\/lahingupood.ee\/en\/wp-json\/wp\/v2\/product_tag?post=4749"}],"curies":[{"name":"wp","href":"https:\/\/api.w.org\/{rel}","templated":true}]}}