{"id":4745,"date":"2024-04-10T12:12:29","date_gmt":"2024-04-10T09:12:29","guid":{"rendered":"https:\/\/lahingupood.ee\/?post_type=product&#038;p=4745"},"modified":"2026-05-03T16:15:06","modified_gmt":"2026-05-03T13:15:06","slug":"bb-loader-90","status":"publish","type":"product","link":"https:\/\/lahingupood.ee\/en\/product\/bb-loader-90\/","title":{"rendered":"BB Loader 90 airsoft kiirlaadija"},"content":{"rendered":"<p data-start=\"675\" data-end=\"891\"><strong data-start=\"675\" data-end=\"691\">BB Loader 90<\/strong> on praktiline airsoft tarvik m\u00e4ngijale, kes soovib salvesid kiiremini ja mugavamalt t\u00e4ita. Kiirlaadija aitab s\u00e4\u00e4sta aega ning muudab BB-kuulide laadimise lihtsamaks nii treeningul kui ka m\u00e4ngup\u00e4eval.<\/p>\n<p data-start=\"893\" data-end=\"1120\">Airsofti salvede k\u00e4sitsi t\u00e4itmine v\u00f5ib olla aeglane ja t\u00fc\u00fctu. BB loader teeb selle protsessi palju mugavamaks. Lisa kuulid laadijasse, aseta otsik salve juurde ja vajuta laadimismehhanismi. Nii saab salve kiiremini m\u00e4nguvalmis.<\/p>\n<p data-start=\"1122\" data-end=\"1324\">See <strong data-start=\"1126\" data-end=\"1149\">airsoft kiirlaadija<\/strong> sobib h\u00e4sti low-cap ja mid-cap t\u00fc\u00fcpi salvedele, mida t\u00e4idetakse BB-kuulidega laadija abil. Kompaktne suurus teeb selle mugavaks kaasas kanda taskus, vestis v\u00f5i varustuskotis.<\/p>","protected":false},"excerpt":{"rendered":"<p>BB Loader 90 on praktiline airsoft tarvik m\u00e4ngijale, kes soovib salvesid kiiremini ja mugavamalt t\u00e4ita. Kiirlaadija aitab s\u00e4\u00e4sta aega ning muudab BB-kuulide laadimise lihtsamaks nii treeningul kui ka m\u00e4ngup\u00e4eval. Airsofti salvede k\u00e4sitsi t\u00e4itmine v\u00f5ib olla aeglane ja t\u00fc\u00fctu. BB loader teeb selle protsessi palju mugavamaks. Lisa kuulid laadijasse, aseta otsik salve juurde ja vajuta laadimismehhanismi. [&#8230;]\n","protected":false},"featured_media":4720,"template":"","meta":[],"product_brand":[],"product_cat":[89],"product_tag":[],"class_list":{"0":"post-4745","1":"product","2":"type-product","3":"status-publish","4":"has-post-thumbnail","6":"product_cat-salvelaadijad","8":"first","9":"instock","10":"taxable","11":"shipping-taxable","12":"purchasable","13":"product-type-simple"},"yoast_head":"<!-- This site is optimized with the Yoast SEO Premium plugin v27.5 (Yoast SEO v27.5) - https:\/\/yoast.com\/product\/yoast-seo-premium-wordpress\/ -->\n<title>BB Loader 90 | Airsoft kiirlaadija<\/title>\n<meta name=\"description\" content=\"BB Loader 90 on kompaktne airsoft kiirlaadija BB-kuulide salve laadimiseks. Sobib m\u00e4ngup\u00e4evaks, treeninguks ja varustuskotti.\" \/>\n<meta name=\"robots\" content=\"index, follow, max-snippet:-1, max-image-preview:large, max-video-preview:-1\" \/>\n<link rel=\"canonical\" href=\"https:\/\/lahingupood.ee\/en\/product\/bb-loader-90\/\" \/>\n<meta property=\"og:locale\" content=\"en_GB\" \/>\n<meta property=\"og:type\" content=\"article\" \/>\n<meta property=\"og:title\" content=\"BB Loader 90 airsoft kiirlaadija\" \/>\n<meta property=\"og:description\" content=\"BB Loader 90 on kompaktne airsoft kiirlaadija BB-kuulide salve laadimiseks. Sobib m\u00e4ngup\u00e4evaks, treeninguks ja varustuskotti.\" \/>\n<meta property=\"og:url\" content=\"https:\/\/lahingupood.ee\/en\/product\/bb-loader-90\/\" \/>\n<meta property=\"og:site_name\" content=\"Lahingurada e-pood\" \/>\n<meta property=\"article:publisher\" content=\"https:\/\/www.facebook.com\/Lahingurada-629940247212967\" \/>\n<meta property=\"article:modified_time\" content=\"2026-05-03T13:15:06+00:00\" \/>\n<meta property=\"og:image\" content=\"https:\/\/lahingupood.ee\/wp-content\/uploads\/2024\/04\/dboys-bb-loader-90-rounds-gray-db053.jpg\" \/>\n\t<meta property=\"og:image:width\" content=\"1000\" \/>\n\t<meta property=\"og:image:height\" content=\"1000\" \/>\n\t<meta property=\"og:image:type\" content=\"image\/jpeg\" \/>\n<meta name=\"twitter:card\" content=\"summary_large_image\" \/>\n<meta name=\"twitter:label1\" content=\"Estimated reading time\" \/>\n\t<meta name=\"twitter:data1\" content=\"1 minute\" \/>\n<script type=\"application\/ld+json\" class=\"yoast-schema-graph\">{\"@context\":\"https:\\\/\\\/schema.org\",\"@graph\":[{\"@type\":\"WebPage\",\"@id\":\"https:\\\/\\\/lahingupood.ee\\\/toode\\\/bb-loader-90\\\/\",\"url\":\"https:\\\/\\\/lahingupood.ee\\\/toode\\\/bb-loader-90\\\/\",\"name\":\"BB Loader 90 | Airsoft kiirlaadija\",\"isPartOf\":{\"@id\":\"https:\\\/\\\/lahingupood.ee\\\/#website\"},\"primaryImageOfPage\":{\"@id\":\"https:\\\/\\\/lahingupood.ee\\\/toode\\\/bb-loader-90\\\/#primaryimage\"},\"image\":{\"@id\":\"https:\\\/\\\/lahingupood.ee\\\/toode\\\/bb-loader-90\\\/#primaryimage\"},\"thumbnailUrl\":\"https:\\\/\\\/lahingupood.ee\\\/wp-content\\\/uploads\\\/2024\\\/04\\\/dboys-bb-loader-90-rounds-gray-db053.jpg\",\"datePublished\":\"2024-04-10T09:12:29+00:00\",\"dateModified\":\"2026-05-03T13:15:06+00:00\",\"description\":\"BB Loader 90 on kompaktne airsoft kiirlaadija BB-kuulide salve laadimiseks. Sobib m\u00e4ngup\u00e4evaks, treeninguks ja varustuskotti.\",\"breadcrumb\":{\"@id\":\"https:\\\/\\\/lahingupood.ee\\\/toode\\\/bb-loader-90\\\/#breadcrumb\"},\"inLanguage\":\"en-GB\",\"potentialAction\":[{\"@type\":\"ReadAction\",\"target\":[\"https:\\\/\\\/lahingupood.ee\\\/toode\\\/bb-loader-90\\\/\"]}]},{\"@type\":\"ImageObject\",\"inLanguage\":\"en-GB\",\"@id\":\"https:\\\/\\\/lahingupood.ee\\\/toode\\\/bb-loader-90\\\/#primaryimage\",\"url\":\"https:\\\/\\\/lahingupood.ee\\\/wp-content\\\/uploads\\\/2024\\\/04\\\/dboys-bb-loader-90-rounds-gray-db053.jpg\",\"contentUrl\":\"https:\\\/\\\/lahingupood.ee\\\/wp-content\\\/uploads\\\/2024\\\/04\\\/dboys-bb-loader-90-rounds-gray-db053.jpg\",\"width\":1000,\"height\":1000,\"caption\":\"BB Loader 90 airsoft kiirlaadija\"},{\"@type\":\"BreadcrumbList\",\"@id\":\"https:\\\/\\\/lahingupood.ee\\\/toode\\\/bb-loader-90\\\/#breadcrumb\",\"itemListElement\":[{\"@type\":\"ListItem\",\"position\":1,\"name\":\"Home\",\"item\":\"https:\\\/\\\/lahingupood.ee\\\/\"},{\"@type\":\"ListItem\",\"position\":2,\"name\":\"Tooted\",\"item\":\"https:\\\/\\\/lahingupood.ee\\\/tooted\\\/\"},{\"@type\":\"ListItem\",\"position\":3,\"name\":\"BB Loader 90 airsoft kiirlaadija\"}]},{\"@type\":\"WebSite\",\"@id\":\"https:\\\/\\\/lahingupood.ee\\\/#website\",\"url\":\"https:\\\/\\\/lahingupood.ee\\\/\",\"name\":\"Lahingurada e-pood\",\"description\":\"Airsoft\",\"publisher\":{\"@id\":\"https:\\\/\\\/lahingupood.ee\\\/#organization\"},\"potentialAction\":[{\"@type\":\"SearchAction\",\"target\":{\"@type\":\"EntryPoint\",\"urlTemplate\":\"https:\\\/\\\/lahingupood.ee\\\/?s={search_term_string}\"},\"query-input\":{\"@type\":\"PropertyValueSpecification\",\"valueRequired\":true,\"valueName\":\"search_term_string\"}}],\"inLanguage\":\"en-GB\"},{\"@type\":\"Organization\",\"@id\":\"https:\\\/\\\/lahingupood.ee\\\/#organization\",\"name\":\"Lahingurada\",\"url\":\"https:\\\/\\\/lahingupood.ee\\\/\",\"logo\":{\"@type\":\"ImageObject\",\"inLanguage\":\"en-GB\",\"@id\":\"https:\\\/\\\/lahingupood.ee\\\/#\\\/schema\\\/logo\\\/image\\\/\",\"url\":\"https:\\\/\\\/lahingupood.ee\\\/wp-content\\\/uploads\\\/2022\\\/03\\\/lahingurada-220318.jpg\",\"contentUrl\":\"https:\\\/\\\/lahingupood.ee\\\/wp-content\\\/uploads\\\/2022\\\/03\\\/lahingurada-220318.jpg\",\"width\":800,\"height\":500,\"caption\":\"Lahingurada\"},\"image\":{\"@id\":\"https:\\\/\\\/lahingupood.ee\\\/#\\\/schema\\\/logo\\\/image\\\/\"},\"sameAs\":[\"https:\\\/\\\/www.facebook.com\\\/Lahingurada-629940247212967\"]}]}<\/script>\n<!-- \/ Yoast SEO Premium plugin. -->","yoast_head_json":{"title":"BB Loader 90 | Airsoft kiirlaadija","description":"BB Loader 90 on kompaktne airsoft kiirlaadija BB-kuulide salve laadimiseks. Sobib m\u00e4ngup\u00e4evaks, treeninguks ja varustuskotti.","robots":{"index":"index","follow":"follow","max-snippet":"max-snippet:-1","max-image-preview":"max-image-preview:large","max-video-preview":"max-video-preview:-1"},"canonical":"https:\/\/lahingupood.ee\/en\/product\/bb-loader-90\/","og_locale":"en_GB","og_type":"article","og_title":"BB Loader 90 airsoft kiirlaadija","og_description":"BB Loader 90 on kompaktne airsoft kiirlaadija BB-kuulide salve laadimiseks. Sobib m\u00e4ngup\u00e4evaks, treeninguks ja varustuskotti.","og_url":"https:\/\/lahingupood.ee\/en\/product\/bb-loader-90\/","og_site_name":"Lahingurada e-pood","article_publisher":"https:\/\/www.facebook.com\/Lahingurada-629940247212967","article_modified_time":"2026-05-03T13:15:06+00:00","og_image":[{"width":1000,"height":1000,"url":"https:\/\/lahingupood.ee\/wp-content\/uploads\/2024\/04\/dboys-bb-loader-90-rounds-gray-db053.jpg","type":"image\/jpeg"}],"twitter_card":"summary_large_image","twitter_misc":{"Estimated reading time":"1 minute"},"schema":{"@context":"https:\/\/schema.org","@graph":[{"@type":"WebPage","@id":"https:\/\/lahingupood.ee\/toode\/bb-loader-90\/","url":"https:\/\/lahingupood.ee\/toode\/bb-loader-90\/","name":"BB Loader 90 | Airsoft kiirlaadija","isPartOf":{"@id":"https:\/\/lahingupood.ee\/#website"},"primaryImageOfPage":{"@id":"https:\/\/lahingupood.ee\/toode\/bb-loader-90\/#primaryimage"},"image":{"@id":"https:\/\/lahingupood.ee\/toode\/bb-loader-90\/#primaryimage"},"thumbnailUrl":"https:\/\/lahingupood.ee\/wp-content\/uploads\/2024\/04\/dboys-bb-loader-90-rounds-gray-db053.jpg","datePublished":"2024-04-10T09:12:29+00:00","dateModified":"2026-05-03T13:15:06+00:00","description":"BB Loader 90 on kompaktne airsoft kiirlaadija BB-kuulide salve laadimiseks. Sobib m\u00e4ngup\u00e4evaks, treeninguks ja varustuskotti.","breadcrumb":{"@id":"https:\/\/lahingupood.ee\/toode\/bb-loader-90\/#breadcrumb"},"inLanguage":"en-GB","potentialAction":[{"@type":"ReadAction","target":["https:\/\/lahingupood.ee\/toode\/bb-loader-90\/"]}]},{"@type":"ImageObject","inLanguage":"en-GB","@id":"https:\/\/lahingupood.ee\/toode\/bb-loader-90\/#primaryimage","url":"https:\/\/lahingupood.ee\/wp-content\/uploads\/2024\/04\/dboys-bb-loader-90-rounds-gray-db053.jpg","contentUrl":"https:\/\/lahingupood.ee\/wp-content\/uploads\/2024\/04\/dboys-bb-loader-90-rounds-gray-db053.jpg","width":1000,"height":1000,"caption":"BB Loader 90 airsoft kiirlaadija"},{"@type":"BreadcrumbList","@id":"https:\/\/lahingupood.ee\/toode\/bb-loader-90\/#breadcrumb","itemListElement":[{"@type":"ListItem","position":1,"name":"Home","item":"https:\/\/lahingupood.ee\/"},{"@type":"ListItem","position":2,"name":"Tooted","item":"https:\/\/lahingupood.ee\/tooted\/"},{"@type":"ListItem","position":3,"name":"BB Loader 90 airsoft kiirlaadija"}]},{"@type":"WebSite","@id":"https:\/\/lahingupood.ee\/#website","url":"https:\/\/lahingupood.ee\/","name":"Lahingurada e-pood","description":"Airsoft","publisher":{"@id":"https:\/\/lahingupood.ee\/#organization"},"potentialAction":[{"@type":"SearchAction","target":{"@type":"EntryPoint","urlTemplate":"https:\/\/lahingupood.ee\/?s={search_term_string}"},"query-input":{"@type":"PropertyValueSpecification","valueRequired":true,"valueName":"search_term_string"}}],"inLanguage":"en-GB"},{"@type":"Organization","@id":"https:\/\/lahingupood.ee\/#organization","name":"Lahingurada","url":"https:\/\/lahingupood.ee\/","logo":{"@type":"ImageObject","inLanguage":"en-GB","@id":"https:\/\/lahingupood.ee\/#\/schema\/logo\/image\/","url":"https:\/\/lahingupood.ee\/wp-content\/uploads\/2022\/03\/lahingurada-220318.jpg","contentUrl":"https:\/\/lahingupood.ee\/wp-content\/uploads\/2022\/03\/lahingurada-220318.jpg","width":800,"height":500,"caption":"Lahingurada"},"image":{"@id":"https:\/\/lahingupood.ee\/#\/schema\/logo\/image\/"},"sameAs":["https:\/\/www.facebook.com\/Lahingurada-629940247212967"]}]}},"_links":{"self":[{"href":"https:\/\/lahingupood.ee\/en\/wp-json\/wp\/v2\/product\/4745","targetHints":{"allow":["GET"]}}],"collection":[{"href":"https:\/\/lahingupood.ee\/en\/wp-json\/wp\/v2\/product"}],"about":[{"href":"https:\/\/lahingupood.ee\/en\/wp-json\/wp\/v2\/types\/product"}],"wp:featuredmedia":[{"embeddable":true,"href":"https:\/\/lahingupood.ee\/en\/wp-json\/wp\/v2\/media\/4720"}],"wp:attachment":[{"href":"https:\/\/lahingupood.ee\/en\/wp-json\/wp\/v2\/media?parent=4745"}],"wp:term":[{"taxonomy":"product_brand","embeddable":true,"href":"https:\/\/lahingupood.ee\/en\/wp-json\/wp\/v2\/product_brand?post=4745"},{"taxonomy":"product_cat","embeddable":true,"href":"https:\/\/lahingupood.ee\/en\/wp-json\/wp\/v2\/product_cat?post=4745"},{"taxonomy":"product_tag","embeddable":true,"href":"https:\/\/lahingupood.ee\/en\/wp-json\/wp\/v2\/product_tag?post=4745"}],"curies":[{"name":"wp","href":"https:\/\/api.w.org\/{rel}","templated":true}]}}