{"id":4695,"date":"2024-03-12T16:47:15","date_gmt":"2024-03-12T14:47:15","guid":{"rendered":"https:\/\/lahingupood.ee\/?post_type=product&#038;p=4695"},"modified":"2026-04-12T20:00:04","modified_gmt":"2026-04-12T17:00:04","slug":"evolution-recon-m-emr-a-ets","status":"publish","type":"product","link":"https:\/\/lahingupood.ee\/en\/product\/evolution-recon-m-emr-a-ets\/","title":{"rendered":"Evolution Recon M EMR A ETS"},"content":{"rendered":"<p>Evolution Recon M EMR A ETS<\/p>\n<p><span style=\"font-weight: 400;\">Kvalikteetne ja elektroonikaga replika tootjalt Evolution. Metallist kere. Sees on 6.01 t\u00e4psustoru ja elektrooniline p\u00e4\u00e4stik. Lisaks kiire vedru vahetus.<\/span><\/p>\n<p><span style=\"font-weight: 400;\">Pikkus- 650-740mm<\/span><\/p>\n<p><span style=\"font-weight: 400;\">Kaal- 2,2kg<\/span><\/p>\n<p><span style=\"font-weight: 400;\">Aku otsad- T-plug Deans<\/span><\/p>\n<p><span style=\"font-weight: 400;\">Kaasa k\u00e4epide ning 140BB mahutav mid cap salv.<\/span><\/p>\n<p><span style=\"font-weight: 400;\">AKU JA LAADIJA EI KUULU KOMPLETI!!!!<\/span><\/p>","protected":false},"excerpt":{"rendered":"<p>Evolution Recon M EMR A ETS Kvalikteetne ja elektroonikaga replika tootjalt Evolution. Metallist kere. Sees on 6.01 t\u00e4psustoru ja elektrooniline p\u00e4\u00e4stik. Lisaks kiire vedru vahetus. Pikkus- 650-740mm Kaal- 2,2kg Aku otsad- T-plug Deans Kaasa k\u00e4epide ning 140BB mahutav mid cap salv. AKU JA LAADIJA EI KUULU KOMPLETI!!!!<\/p>","protected":false},"featured_media":4678,"template":"","meta":[],"product_brand":[],"product_cat":[23],"product_tag":[],"class_list":{"0":"post-4695","1":"product","2":"type-product","3":"status-publish","4":"has-post-thumbnail","6":"product_cat-elektrilised-relvad","8":"first","9":"outofstock","10":"taxable","11":"shipping-taxable","12":"purchasable","13":"product-type-simple"},"yoast_head":"<!-- This site is optimized with the Yoast SEO Premium plugin v27.3 (Yoast SEO v27.3) - https:\/\/yoast.com\/product\/yoast-seo-premium-wordpress\/ -->\n<title>Evolution Recon M EMR A ETS - Lahingurada e-pood<\/title>\n<meta name=\"description\" content=\"Evolution Recon M EMR A ETSKvalikteetne ja elektroonikaga replika tootjalt Evolution. Metallist kere. Sees on 6.01 t\u00e4psustoru ja elektrooniline p\u00e4\u00e4stik.\" \/>\n<meta name=\"robots\" content=\"index, follow, max-snippet:-1, max-image-preview:large, max-video-preview:-1\" \/>\n<link rel=\"canonical\" href=\"https:\/\/lahingupood.ee\/en\/product\/evolution-recon-m-emr-a-ets\/\" \/>\n<meta property=\"og:locale\" content=\"en_GB\" \/>\n<meta property=\"og:type\" content=\"article\" \/>\n<meta property=\"og:title\" content=\"Evolution Recon M EMR A ETS\" \/>\n<meta property=\"og:description\" content=\"Evolution Recon M EMR A ETSKvalikteetne ja elektroonikaga replika tootjalt Evolution. Metallist kere. Sees on 6.01 t\u00e4psustoru ja elektrooniline p\u00e4\u00e4stik.\" \/>\n<meta property=\"og:url\" content=\"https:\/\/lahingupood.ee\/en\/product\/evolution-recon-m-emr-a-ets\/\" \/>\n<meta property=\"og:site_name\" content=\"Lahingurada e-pood\" \/>\n<meta property=\"article:publisher\" content=\"https:\/\/www.facebook.com\/Lahingurada-629940247212967\" \/>\n<meta property=\"article:modified_time\" content=\"2026-04-12T17:00:04+00:00\" \/>\n<meta property=\"og:image\" content=\"https:\/\/lahingupood.ee\/wp-content\/uploads\/2024\/03\/Evolution-Recon-M-EMR-A-ETS-extra-big-74418-415.jpg\" \/>\n\t<meta property=\"og:image:width\" content=\"1080\" \/>\n\t<meta property=\"og:image:height\" content=\"721\" \/>\n\t<meta property=\"og:image:type\" content=\"image\/jpeg\" \/>\n<meta name=\"twitter:card\" content=\"summary_large_image\" \/>\n<meta name=\"twitter:label1\" content=\"Estimated reading time\" \/>\n\t<meta name=\"twitter:data1\" content=\"1 minute\" \/>\n<script type=\"application\/ld+json\" class=\"yoast-schema-graph\">{\"@context\":\"https:\\\/\\\/schema.org\",\"@graph\":[{\"@type\":\"WebPage\",\"@id\":\"https:\\\/\\\/lahingupood.ee\\\/toode\\\/evolution-recon-m-emr-a-ets\\\/\",\"url\":\"https:\\\/\\\/lahingupood.ee\\\/toode\\\/evolution-recon-m-emr-a-ets\\\/\",\"name\":\"Evolution Recon M EMR A ETS - Lahingurada e-pood\",\"isPartOf\":{\"@id\":\"https:\\\/\\\/lahingupood.ee\\\/#website\"},\"primaryImageOfPage\":{\"@id\":\"https:\\\/\\\/lahingupood.ee\\\/toode\\\/evolution-recon-m-emr-a-ets\\\/#primaryimage\"},\"image\":{\"@id\":\"https:\\\/\\\/lahingupood.ee\\\/toode\\\/evolution-recon-m-emr-a-ets\\\/#primaryimage\"},\"thumbnailUrl\":\"https:\\\/\\\/lahingupood.ee\\\/wp-content\\\/uploads\\\/2024\\\/03\\\/Evolution-Recon-M-EMR-A-ETS-extra-big-74418-415.jpg\",\"datePublished\":\"2024-03-12T14:47:15+00:00\",\"dateModified\":\"2026-04-12T17:00:04+00:00\",\"description\":\"Evolution Recon M EMR A ETSKvalikteetne ja elektroonikaga replika tootjalt Evolution. Metallist kere. Sees on 6.01 t\u00e4psustoru ja elektrooniline p\u00e4\u00e4stik.\",\"breadcrumb\":{\"@id\":\"https:\\\/\\\/lahingupood.ee\\\/toode\\\/evolution-recon-m-emr-a-ets\\\/#breadcrumb\"},\"inLanguage\":\"en-GB\",\"potentialAction\":[{\"@type\":\"ReadAction\",\"target\":[\"https:\\\/\\\/lahingupood.ee\\\/toode\\\/evolution-recon-m-emr-a-ets\\\/\"]}]},{\"@type\":\"ImageObject\",\"inLanguage\":\"en-GB\",\"@id\":\"https:\\\/\\\/lahingupood.ee\\\/toode\\\/evolution-recon-m-emr-a-ets\\\/#primaryimage\",\"url\":\"https:\\\/\\\/lahingupood.ee\\\/wp-content\\\/uploads\\\/2024\\\/03\\\/Evolution-Recon-M-EMR-A-ETS-extra-big-74418-415.jpg\",\"contentUrl\":\"https:\\\/\\\/lahingupood.ee\\\/wp-content\\\/uploads\\\/2024\\\/03\\\/Evolution-Recon-M-EMR-A-ETS-extra-big-74418-415.jpg\",\"width\":1080,\"height\":721},{\"@type\":\"BreadcrumbList\",\"@id\":\"https:\\\/\\\/lahingupood.ee\\\/toode\\\/evolution-recon-m-emr-a-ets\\\/#breadcrumb\",\"itemListElement\":[{\"@type\":\"ListItem\",\"position\":1,\"name\":\"Home\",\"item\":\"https:\\\/\\\/lahingupood.ee\\\/\"},{\"@type\":\"ListItem\",\"position\":2,\"name\":\"Tooted\",\"item\":\"https:\\\/\\\/lahingupood.ee\\\/tooted\\\/\"},{\"@type\":\"ListItem\",\"position\":3,\"name\":\"Evolution Recon M EMR A ETS\"}]},{\"@type\":\"WebSite\",\"@id\":\"https:\\\/\\\/lahingupood.ee\\\/#website\",\"url\":\"https:\\\/\\\/lahingupood.ee\\\/\",\"name\":\"Lahingurada e-pood\",\"description\":\"Airsoft\",\"publisher\":{\"@id\":\"https:\\\/\\\/lahingupood.ee\\\/#organization\"},\"potentialAction\":[{\"@type\":\"SearchAction\",\"target\":{\"@type\":\"EntryPoint\",\"urlTemplate\":\"https:\\\/\\\/lahingupood.ee\\\/?s={search_term_string}\"},\"query-input\":{\"@type\":\"PropertyValueSpecification\",\"valueRequired\":true,\"valueName\":\"search_term_string\"}}],\"inLanguage\":\"en-GB\"},{\"@type\":\"Organization\",\"@id\":\"https:\\\/\\\/lahingupood.ee\\\/#organization\",\"name\":\"Lahingurada\",\"url\":\"https:\\\/\\\/lahingupood.ee\\\/\",\"logo\":{\"@type\":\"ImageObject\",\"inLanguage\":\"en-GB\",\"@id\":\"https:\\\/\\\/lahingupood.ee\\\/#\\\/schema\\\/logo\\\/image\\\/\",\"url\":\"https:\\\/\\\/lahingupood.ee\\\/wp-content\\\/uploads\\\/2022\\\/03\\\/lahingurada-220318.jpg\",\"contentUrl\":\"https:\\\/\\\/lahingupood.ee\\\/wp-content\\\/uploads\\\/2022\\\/03\\\/lahingurada-220318.jpg\",\"width\":800,\"height\":500,\"caption\":\"Lahingurada\"},\"image\":{\"@id\":\"https:\\\/\\\/lahingupood.ee\\\/#\\\/schema\\\/logo\\\/image\\\/\"},\"sameAs\":[\"https:\\\/\\\/www.facebook.com\\\/Lahingurada-629940247212967\"]}]}<\/script>\n<!-- \/ Yoast SEO Premium plugin. -->","yoast_head_json":{"title":"Evolution Recon M EMR A ETS - Lahingurada e-pood","description":"Evolution Recon M EMR A ETSKvalikteetne ja elektroonikaga replika tootjalt Evolution. Metallist kere. Sees on 6.01 t\u00e4psustoru ja elektrooniline p\u00e4\u00e4stik.","robots":{"index":"index","follow":"follow","max-snippet":"max-snippet:-1","max-image-preview":"max-image-preview:large","max-video-preview":"max-video-preview:-1"},"canonical":"https:\/\/lahingupood.ee\/en\/product\/evolution-recon-m-emr-a-ets\/","og_locale":"en_GB","og_type":"article","og_title":"Evolution Recon M EMR A ETS","og_description":"Evolution Recon M EMR A ETSKvalikteetne ja elektroonikaga replika tootjalt Evolution. Metallist kere. Sees on 6.01 t\u00e4psustoru ja elektrooniline p\u00e4\u00e4stik.","og_url":"https:\/\/lahingupood.ee\/en\/product\/evolution-recon-m-emr-a-ets\/","og_site_name":"Lahingurada e-pood","article_publisher":"https:\/\/www.facebook.com\/Lahingurada-629940247212967","article_modified_time":"2026-04-12T17:00:04+00:00","og_image":[{"width":1080,"height":721,"url":"https:\/\/lahingupood.ee\/wp-content\/uploads\/2024\/03\/Evolution-Recon-M-EMR-A-ETS-extra-big-74418-415.jpg","type":"image\/jpeg"}],"twitter_card":"summary_large_image","twitter_misc":{"Estimated reading time":"1 minute"},"schema":{"@context":"https:\/\/schema.org","@graph":[{"@type":"WebPage","@id":"https:\/\/lahingupood.ee\/toode\/evolution-recon-m-emr-a-ets\/","url":"https:\/\/lahingupood.ee\/toode\/evolution-recon-m-emr-a-ets\/","name":"Evolution Recon M EMR A ETS - Lahingurada e-pood","isPartOf":{"@id":"https:\/\/lahingupood.ee\/#website"},"primaryImageOfPage":{"@id":"https:\/\/lahingupood.ee\/toode\/evolution-recon-m-emr-a-ets\/#primaryimage"},"image":{"@id":"https:\/\/lahingupood.ee\/toode\/evolution-recon-m-emr-a-ets\/#primaryimage"},"thumbnailUrl":"https:\/\/lahingupood.ee\/wp-content\/uploads\/2024\/03\/Evolution-Recon-M-EMR-A-ETS-extra-big-74418-415.jpg","datePublished":"2024-03-12T14:47:15+00:00","dateModified":"2026-04-12T17:00:04+00:00","description":"Evolution Recon M EMR A ETSKvalikteetne ja elektroonikaga replika tootjalt Evolution. Metallist kere. Sees on 6.01 t\u00e4psustoru ja elektrooniline p\u00e4\u00e4stik.","breadcrumb":{"@id":"https:\/\/lahingupood.ee\/toode\/evolution-recon-m-emr-a-ets\/#breadcrumb"},"inLanguage":"en-GB","potentialAction":[{"@type":"ReadAction","target":["https:\/\/lahingupood.ee\/toode\/evolution-recon-m-emr-a-ets\/"]}]},{"@type":"ImageObject","inLanguage":"en-GB","@id":"https:\/\/lahingupood.ee\/toode\/evolution-recon-m-emr-a-ets\/#primaryimage","url":"https:\/\/lahingupood.ee\/wp-content\/uploads\/2024\/03\/Evolution-Recon-M-EMR-A-ETS-extra-big-74418-415.jpg","contentUrl":"https:\/\/lahingupood.ee\/wp-content\/uploads\/2024\/03\/Evolution-Recon-M-EMR-A-ETS-extra-big-74418-415.jpg","width":1080,"height":721},{"@type":"BreadcrumbList","@id":"https:\/\/lahingupood.ee\/toode\/evolution-recon-m-emr-a-ets\/#breadcrumb","itemListElement":[{"@type":"ListItem","position":1,"name":"Home","item":"https:\/\/lahingupood.ee\/"},{"@type":"ListItem","position":2,"name":"Tooted","item":"https:\/\/lahingupood.ee\/tooted\/"},{"@type":"ListItem","position":3,"name":"Evolution Recon M EMR A ETS"}]},{"@type":"WebSite","@id":"https:\/\/lahingupood.ee\/#website","url":"https:\/\/lahingupood.ee\/","name":"Lahingurada e-pood","description":"Airsoft","publisher":{"@id":"https:\/\/lahingupood.ee\/#organization"},"potentialAction":[{"@type":"SearchAction","target":{"@type":"EntryPoint","urlTemplate":"https:\/\/lahingupood.ee\/?s={search_term_string}"},"query-input":{"@type":"PropertyValueSpecification","valueRequired":true,"valueName":"search_term_string"}}],"inLanguage":"en-GB"},{"@type":"Organization","@id":"https:\/\/lahingupood.ee\/#organization","name":"Lahingurada","url":"https:\/\/lahingupood.ee\/","logo":{"@type":"ImageObject","inLanguage":"en-GB","@id":"https:\/\/lahingupood.ee\/#\/schema\/logo\/image\/","url":"https:\/\/lahingupood.ee\/wp-content\/uploads\/2022\/03\/lahingurada-220318.jpg","contentUrl":"https:\/\/lahingupood.ee\/wp-content\/uploads\/2022\/03\/lahingurada-220318.jpg","width":800,"height":500,"caption":"Lahingurada"},"image":{"@id":"https:\/\/lahingupood.ee\/#\/schema\/logo\/image\/"},"sameAs":["https:\/\/www.facebook.com\/Lahingurada-629940247212967"]}]}},"_links":{"self":[{"href":"https:\/\/lahingupood.ee\/en\/wp-json\/wp\/v2\/product\/4695","targetHints":{"allow":["GET"]}}],"collection":[{"href":"https:\/\/lahingupood.ee\/en\/wp-json\/wp\/v2\/product"}],"about":[{"href":"https:\/\/lahingupood.ee\/en\/wp-json\/wp\/v2\/types\/product"}],"wp:featuredmedia":[{"embeddable":true,"href":"https:\/\/lahingupood.ee\/en\/wp-json\/wp\/v2\/media\/4678"}],"wp:attachment":[{"href":"https:\/\/lahingupood.ee\/en\/wp-json\/wp\/v2\/media?parent=4695"}],"wp:term":[{"taxonomy":"product_brand","embeddable":true,"href":"https:\/\/lahingupood.ee\/en\/wp-json\/wp\/v2\/product_brand?post=4695"},{"taxonomy":"product_cat","embeddable":true,"href":"https:\/\/lahingupood.ee\/en\/wp-json\/wp\/v2\/product_cat?post=4695"},{"taxonomy":"product_tag","embeddable":true,"href":"https:\/\/lahingupood.ee\/en\/wp-json\/wp\/v2\/product_tag?post=4695"}],"curies":[{"name":"wp","href":"https:\/\/api.w.org\/{rel}","templated":true}]}}