{"id":4689,"date":"2024-03-12T15:58:37","date_gmt":"2024-03-12T13:58:37","guid":{"rendered":"https:\/\/lahingupood.ee\/?post_type=product&#038;p=4689"},"modified":"2026-05-02T19:45:05","modified_gmt":"2026-05-02T16:45:05","slug":"power-spring-e120-performance-center-evolution","status":"publish","type":"product","link":"https:\/\/lahingupood.ee\/en\/product\/power-spring-e120-performance-center-evolution\/","title":{"rendered":"Power Spring E120 Performance Center Evolution"},"content":{"rendered":"<p>Power Spring E120 Performance Center Evolution on AEG airsoft relvadele m\u00f5eldud upgrade vedru, mis on loodud j\u00f5udluse ja laske stabiilsuse parandamiseks. Tegemist on keskmise tugevusega vedruga, mida kasutatakse relva v\u00e4ljundenergia optimeerimiseks. Power Spring E120 Performance Center Evolution aitab saavutada \u00fchtlasema laskej\u00f5u ning parandada relva \u00fcldist t\u00f6\u00f6kindlust. See sobib h\u00e4sti m\u00e4ngijatele, kes soovivad oma AEG relva t\u00e4psemalt seadistada ja parandada selle efektiivsust m\u00e4ngus.<\/p>","protected":false},"excerpt":{"rendered":"<p>Power Spring E120 Performance Center Evolution on AEG airsoft relvadele m\u00f5eldud upgrade vedru, mis on loodud j\u00f5udluse ja laske stabiilsuse parandamiseks. Tegemist on keskmise tugevusega vedruga, mida kasutatakse relva v\u00e4ljundenergia optimeerimiseks. Power Spring E120 Performance Center Evolution aitab saavutada \u00fchtlasema laskej\u00f5u ning parandada relva \u00fcldist t\u00f6\u00f6kindlust. See sobib h\u00e4sti m\u00e4ngijatele, kes soovivad oma AEG relva [&#8230;]\n","protected":false},"featured_media":4683,"template":"","meta":[],"product_brand":[],"product_cat":[170],"product_tag":[],"class_list":{"0":"post-4689","1":"product","2":"type-product","3":"status-publish","4":"has-post-thumbnail","6":"product_cat-vedrud","8":"first","9":"instock","10":"taxable","11":"shipping-taxable","12":"purchasable","13":"product-type-simple"},"yoast_head":"<!-- This site is optimized with the Yoast SEO Premium plugin v27.5 (Yoast SEO v27.5) - https:\/\/yoast.com\/product\/yoast-seo-premium-wordpress\/ -->\n<title>Power Spring E120 Performance Center Evolution \u2013 AEG vedru<\/title>\n<meta name=\"description\" content=\"Power Spring E120 Performance Center Evolution on AEG airsoft vedru, mis parandab relva j\u00f5udlust ja stabiilsust. Sobib upgrade ja t\u00e4psemaks seadistuseks.\" \/>\n<meta name=\"robots\" content=\"index, follow, max-snippet:-1, max-image-preview:large, max-video-preview:-1\" \/>\n<link rel=\"canonical\" href=\"https:\/\/lahingupood.ee\/en\/product\/power-spring-e120-performance-center-evolution\/\" \/>\n<meta property=\"og:locale\" content=\"en_GB\" \/>\n<meta property=\"og:type\" content=\"article\" \/>\n<meta property=\"og:title\" content=\"Power Spring E120 Performance Center Evolution\" \/>\n<meta property=\"og:description\" content=\"Power Spring E120 Performance Center Evolution on AEG airsoft vedru, mis parandab relva j\u00f5udlust ja stabiilsust. Sobib upgrade ja t\u00e4psemaks seadistuseks.\" \/>\n<meta property=\"og:url\" content=\"https:\/\/lahingupood.ee\/en\/product\/power-spring-e120-performance-center-evolution\/\" \/>\n<meta property=\"og:site_name\" content=\"Lahingurada e-pood\" \/>\n<meta property=\"article:publisher\" content=\"https:\/\/www.facebook.com\/Lahingurada-629940247212967\" \/>\n<meta property=\"article:modified_time\" content=\"2026-05-02T16:45:05+00:00\" \/>\n<meta property=\"og:image\" content=\"https:\/\/lahingupood.ee\/wp-content\/uploads\/2024\/03\/Power-Spring-E120-Performance-Center-extra-big-72407-706.jpg\" \/>\n\t<meta property=\"og:image:width\" content=\"1000\" \/>\n\t<meta property=\"og:image:height\" content=\"667\" \/>\n\t<meta property=\"og:image:type\" content=\"image\/jpeg\" \/>\n<meta name=\"twitter:card\" content=\"summary_large_image\" \/>\n<meta name=\"twitter:label1\" content=\"Estimated reading time\" \/>\n\t<meta name=\"twitter:data1\" content=\"1 minute\" \/>\n<script type=\"application\/ld+json\" class=\"yoast-schema-graph\">{\"@context\":\"https:\\\/\\\/schema.org\",\"@graph\":[{\"@type\":\"WebPage\",\"@id\":\"https:\\\/\\\/lahingupood.ee\\\/toode\\\/power-spring-e120-performance-center-evolution\\\/\",\"url\":\"https:\\\/\\\/lahingupood.ee\\\/toode\\\/power-spring-e120-performance-center-evolution\\\/\",\"name\":\"Power Spring E120 Performance Center Evolution \u2013 AEG vedru\",\"isPartOf\":{\"@id\":\"https:\\\/\\\/lahingupood.ee\\\/#website\"},\"primaryImageOfPage\":{\"@id\":\"https:\\\/\\\/lahingupood.ee\\\/toode\\\/power-spring-e120-performance-center-evolution\\\/#primaryimage\"},\"image\":{\"@id\":\"https:\\\/\\\/lahingupood.ee\\\/toode\\\/power-spring-e120-performance-center-evolution\\\/#primaryimage\"},\"thumbnailUrl\":\"https:\\\/\\\/lahingupood.ee\\\/wp-content\\\/uploads\\\/2024\\\/03\\\/Power-Spring-E120-Performance-Center-extra-big-72407-706.jpg\",\"datePublished\":\"2024-03-12T13:58:37+00:00\",\"dateModified\":\"2026-05-02T16:45:05+00:00\",\"description\":\"Power Spring E120 Performance Center Evolution on AEG airsoft vedru, mis parandab relva j\u00f5udlust ja stabiilsust. Sobib upgrade ja t\u00e4psemaks seadistuseks.\",\"breadcrumb\":{\"@id\":\"https:\\\/\\\/lahingupood.ee\\\/toode\\\/power-spring-e120-performance-center-evolution\\\/#breadcrumb\"},\"inLanguage\":\"en-GB\",\"potentialAction\":[{\"@type\":\"ReadAction\",\"target\":[\"https:\\\/\\\/lahingupood.ee\\\/toode\\\/power-spring-e120-performance-center-evolution\\\/\"]}]},{\"@type\":\"ImageObject\",\"inLanguage\":\"en-GB\",\"@id\":\"https:\\\/\\\/lahingupood.ee\\\/toode\\\/power-spring-e120-performance-center-evolution\\\/#primaryimage\",\"url\":\"https:\\\/\\\/lahingupood.ee\\\/wp-content\\\/uploads\\\/2024\\\/03\\\/Power-Spring-E120-Performance-Center-extra-big-72407-706.jpg\",\"contentUrl\":\"https:\\\/\\\/lahingupood.ee\\\/wp-content\\\/uploads\\\/2024\\\/03\\\/Power-Spring-E120-Performance-Center-extra-big-72407-706.jpg\",\"width\":1000,\"height\":667,\"caption\":\"Power Spring E120 Performance Center Evolution \u2013 AEG vedru upgrade, mis parandab relva stabiilsust ja j\u00f5udlust.\"},{\"@type\":\"BreadcrumbList\",\"@id\":\"https:\\\/\\\/lahingupood.ee\\\/toode\\\/power-spring-e120-performance-center-evolution\\\/#breadcrumb\",\"itemListElement\":[{\"@type\":\"ListItem\",\"position\":1,\"name\":\"Home\",\"item\":\"https:\\\/\\\/lahingupood.ee\\\/\"},{\"@type\":\"ListItem\",\"position\":2,\"name\":\"Tooted\",\"item\":\"https:\\\/\\\/lahingupood.ee\\\/tooted\\\/\"},{\"@type\":\"ListItem\",\"position\":3,\"name\":\"Power Spring E120 Performance Center Evolution\"}]},{\"@type\":\"WebSite\",\"@id\":\"https:\\\/\\\/lahingupood.ee\\\/#website\",\"url\":\"https:\\\/\\\/lahingupood.ee\\\/\",\"name\":\"Lahingurada e-pood\",\"description\":\"Airsoft\",\"publisher\":{\"@id\":\"https:\\\/\\\/lahingupood.ee\\\/#organization\"},\"potentialAction\":[{\"@type\":\"SearchAction\",\"target\":{\"@type\":\"EntryPoint\",\"urlTemplate\":\"https:\\\/\\\/lahingupood.ee\\\/?s={search_term_string}\"},\"query-input\":{\"@type\":\"PropertyValueSpecification\",\"valueRequired\":true,\"valueName\":\"search_term_string\"}}],\"inLanguage\":\"en-GB\"},{\"@type\":\"Organization\",\"@id\":\"https:\\\/\\\/lahingupood.ee\\\/#organization\",\"name\":\"Lahingurada\",\"url\":\"https:\\\/\\\/lahingupood.ee\\\/\",\"logo\":{\"@type\":\"ImageObject\",\"inLanguage\":\"en-GB\",\"@id\":\"https:\\\/\\\/lahingupood.ee\\\/#\\\/schema\\\/logo\\\/image\\\/\",\"url\":\"https:\\\/\\\/lahingupood.ee\\\/wp-content\\\/uploads\\\/2022\\\/03\\\/lahingurada-220318.jpg\",\"contentUrl\":\"https:\\\/\\\/lahingupood.ee\\\/wp-content\\\/uploads\\\/2022\\\/03\\\/lahingurada-220318.jpg\",\"width\":800,\"height\":500,\"caption\":\"Lahingurada\"},\"image\":{\"@id\":\"https:\\\/\\\/lahingupood.ee\\\/#\\\/schema\\\/logo\\\/image\\\/\"},\"sameAs\":[\"https:\\\/\\\/www.facebook.com\\\/Lahingurada-629940247212967\"]}]}<\/script>\n<!-- \/ Yoast SEO Premium plugin. -->","yoast_head_json":{"title":"Power Spring E120 Performance Center Evolution \u2013 AEG vedru","description":"Power Spring E120 Performance Center Evolution on AEG airsoft vedru, mis parandab relva j\u00f5udlust ja stabiilsust. Sobib upgrade ja t\u00e4psemaks seadistuseks.","robots":{"index":"index","follow":"follow","max-snippet":"max-snippet:-1","max-image-preview":"max-image-preview:large","max-video-preview":"max-video-preview:-1"},"canonical":"https:\/\/lahingupood.ee\/en\/product\/power-spring-e120-performance-center-evolution\/","og_locale":"en_GB","og_type":"article","og_title":"Power Spring E120 Performance Center Evolution","og_description":"Power Spring E120 Performance Center Evolution on AEG airsoft vedru, mis parandab relva j\u00f5udlust ja stabiilsust. Sobib upgrade ja t\u00e4psemaks seadistuseks.","og_url":"https:\/\/lahingupood.ee\/en\/product\/power-spring-e120-performance-center-evolution\/","og_site_name":"Lahingurada e-pood","article_publisher":"https:\/\/www.facebook.com\/Lahingurada-629940247212967","article_modified_time":"2026-05-02T16:45:05+00:00","og_image":[{"width":1000,"height":667,"url":"https:\/\/lahingupood.ee\/wp-content\/uploads\/2024\/03\/Power-Spring-E120-Performance-Center-extra-big-72407-706.jpg","type":"image\/jpeg"}],"twitter_card":"summary_large_image","twitter_misc":{"Estimated reading time":"1 minute"},"schema":{"@context":"https:\/\/schema.org","@graph":[{"@type":"WebPage","@id":"https:\/\/lahingupood.ee\/toode\/power-spring-e120-performance-center-evolution\/","url":"https:\/\/lahingupood.ee\/toode\/power-spring-e120-performance-center-evolution\/","name":"Power Spring E120 Performance Center Evolution \u2013 AEG vedru","isPartOf":{"@id":"https:\/\/lahingupood.ee\/#website"},"primaryImageOfPage":{"@id":"https:\/\/lahingupood.ee\/toode\/power-spring-e120-performance-center-evolution\/#primaryimage"},"image":{"@id":"https:\/\/lahingupood.ee\/toode\/power-spring-e120-performance-center-evolution\/#primaryimage"},"thumbnailUrl":"https:\/\/lahingupood.ee\/wp-content\/uploads\/2024\/03\/Power-Spring-E120-Performance-Center-extra-big-72407-706.jpg","datePublished":"2024-03-12T13:58:37+00:00","dateModified":"2026-05-02T16:45:05+00:00","description":"Power Spring E120 Performance Center Evolution on AEG airsoft vedru, mis parandab relva j\u00f5udlust ja stabiilsust. Sobib upgrade ja t\u00e4psemaks seadistuseks.","breadcrumb":{"@id":"https:\/\/lahingupood.ee\/toode\/power-spring-e120-performance-center-evolution\/#breadcrumb"},"inLanguage":"en-GB","potentialAction":[{"@type":"ReadAction","target":["https:\/\/lahingupood.ee\/toode\/power-spring-e120-performance-center-evolution\/"]}]},{"@type":"ImageObject","inLanguage":"en-GB","@id":"https:\/\/lahingupood.ee\/toode\/power-spring-e120-performance-center-evolution\/#primaryimage","url":"https:\/\/lahingupood.ee\/wp-content\/uploads\/2024\/03\/Power-Spring-E120-Performance-Center-extra-big-72407-706.jpg","contentUrl":"https:\/\/lahingupood.ee\/wp-content\/uploads\/2024\/03\/Power-Spring-E120-Performance-Center-extra-big-72407-706.jpg","width":1000,"height":667,"caption":"Power Spring E120 Performance Center Evolution \u2013 AEG vedru upgrade, mis parandab relva stabiilsust ja j\u00f5udlust."},{"@type":"BreadcrumbList","@id":"https:\/\/lahingupood.ee\/toode\/power-spring-e120-performance-center-evolution\/#breadcrumb","itemListElement":[{"@type":"ListItem","position":1,"name":"Home","item":"https:\/\/lahingupood.ee\/"},{"@type":"ListItem","position":2,"name":"Tooted","item":"https:\/\/lahingupood.ee\/tooted\/"},{"@type":"ListItem","position":3,"name":"Power Spring E120 Performance Center Evolution"}]},{"@type":"WebSite","@id":"https:\/\/lahingupood.ee\/#website","url":"https:\/\/lahingupood.ee\/","name":"Lahingurada e-pood","description":"Airsoft","publisher":{"@id":"https:\/\/lahingupood.ee\/#organization"},"potentialAction":[{"@type":"SearchAction","target":{"@type":"EntryPoint","urlTemplate":"https:\/\/lahingupood.ee\/?s={search_term_string}"},"query-input":{"@type":"PropertyValueSpecification","valueRequired":true,"valueName":"search_term_string"}}],"inLanguage":"en-GB"},{"@type":"Organization","@id":"https:\/\/lahingupood.ee\/#organization","name":"Lahingurada","url":"https:\/\/lahingupood.ee\/","logo":{"@type":"ImageObject","inLanguage":"en-GB","@id":"https:\/\/lahingupood.ee\/#\/schema\/logo\/image\/","url":"https:\/\/lahingupood.ee\/wp-content\/uploads\/2022\/03\/lahingurada-220318.jpg","contentUrl":"https:\/\/lahingupood.ee\/wp-content\/uploads\/2022\/03\/lahingurada-220318.jpg","width":800,"height":500,"caption":"Lahingurada"},"image":{"@id":"https:\/\/lahingupood.ee\/#\/schema\/logo\/image\/"},"sameAs":["https:\/\/www.facebook.com\/Lahingurada-629940247212967"]}]}},"_links":{"self":[{"href":"https:\/\/lahingupood.ee\/en\/wp-json\/wp\/v2\/product\/4689","targetHints":{"allow":["GET"]}}],"collection":[{"href":"https:\/\/lahingupood.ee\/en\/wp-json\/wp\/v2\/product"}],"about":[{"href":"https:\/\/lahingupood.ee\/en\/wp-json\/wp\/v2\/types\/product"}],"wp:featuredmedia":[{"embeddable":true,"href":"https:\/\/lahingupood.ee\/en\/wp-json\/wp\/v2\/media\/4683"}],"wp:attachment":[{"href":"https:\/\/lahingupood.ee\/en\/wp-json\/wp\/v2\/media?parent=4689"}],"wp:term":[{"taxonomy":"product_brand","embeddable":true,"href":"https:\/\/lahingupood.ee\/en\/wp-json\/wp\/v2\/product_brand?post=4689"},{"taxonomy":"product_cat","embeddable":true,"href":"https:\/\/lahingupood.ee\/en\/wp-json\/wp\/v2\/product_cat?post=4689"},{"taxonomy":"product_tag","embeddable":true,"href":"https:\/\/lahingupood.ee\/en\/wp-json\/wp\/v2\/product_tag?post=4689"}],"curies":[{"name":"wp","href":"https:\/\/api.w.org\/{rel}","templated":true}]}}