{"id":4620,"date":"2024-02-02T13:19:36","date_gmt":"2024-02-02T11:19:36","guid":{"rendered":"https:\/\/lahingupood.ee\/?post_type=product&#038;p=4620"},"modified":"2026-05-02T19:45:02","modified_gmt":"2026-05-02T16:45:02","slug":"xpd-polvekaitsmed-cad","status":"publish","type":"product","link":"https:\/\/lahingupood.ee\/en\/product\/xpd-polvekaitsmed-cad\/","title":{"rendered":"XPD p\u00f5lvekaitsmed CAD"},"content":{"rendered":"<p>XPD p\u00f5lvekaitsmed CAD toonis on hea valik airsofti m\u00e4ngijale, matkajale v\u00f5i taktikalise varustuse kasutajale. Need aitavad kaitsta p\u00f5lvi l\u00f6\u00f6kide, h\u00f5\u00f5rdumise ja maapinnaga kokkupuute eest.<\/p>\n<p>Airsofti m\u00e4ngudes tuleb sageli liikuda kiiresti, varjuda, roomata v\u00f5i v\u00f5tta laskepositsioone ebatasasel pinnal. Sellistes olukordades saavad p\u00f5lved palju koormust. P\u00f5lvekaitsmed aitavad v\u00e4hendada ebamugavust ja annavad lisakaitse aktiivsel kasutamisel.<\/p>\n<p>CAD v\u00e4rv v\u00f5i muster sobib h\u00e4sti airsofti ja taktikalise varustusega. See t\u00f6\u00f6tab h\u00e4sti rohelise, olive, woodland ja muu v\u00e4livarustusega. T\u00e4nu sellele on kaitsmeid lihtne sobitada olemasoleva vormi v\u00f5i varustusega.<\/p>","protected":false},"excerpt":{"rendered":"<p>XPD p\u00f5lvekaitsmed CAD toonis on hea valik airsofti m\u00e4ngijale, matkajale v\u00f5i taktikalise varustuse kasutajale. Need aitavad kaitsta p\u00f5lvi l\u00f6\u00f6kide, h\u00f5\u00f5rdumise ja maapinnaga kokkupuute eest. Airsofti m\u00e4ngudes tuleb sageli liikuda kiiresti, varjuda, roomata v\u00f5i v\u00f5tta laskepositsioone ebatasasel pinnal. Sellistes olukordades saavad p\u00f5lved palju koormust. P\u00f5lvekaitsmed aitavad v\u00e4hendada ebamugavust ja annavad lisakaitse aktiivsel kasutamisel. CAD v\u00e4rv v\u00f5i [&#8230;]\n","protected":false},"featured_media":4609,"template":"","meta":[],"product_brand":[],"product_cat":[107],"product_tag":[],"class_list":{"0":"post-4620","1":"product","2":"type-product","3":"status-publish","4":"has-post-thumbnail","6":"product_cat-polvekaitsmed","8":"first","9":"instock","10":"taxable","11":"shipping-taxable","12":"purchasable","13":"product-type-simple"},"yoast_head":"<!-- This site is optimized with the Yoast SEO Premium plugin v27.5 (Yoast SEO v27.5) - https:\/\/yoast.com\/product\/yoast-seo-premium-wordpress\/ -->\n<title>XPD p\u00f5lvekaitsmed CAD<\/title>\n<meta name=\"description\" content=\"XPD p\u00f5lvekaitsmed CAD aitavad kaitsta p\u00f5lvi airsoftis, treeningul ja v\u00e4litegevuses. Mugav lisakaitse taktikalise varustuse juurde.\" \/>\n<meta name=\"robots\" content=\"index, follow, max-snippet:-1, max-image-preview:large, max-video-preview:-1\" \/>\n<link rel=\"canonical\" href=\"https:\/\/lahingupood.ee\/en\/product\/xpd-polvekaitsmed-cad\/\" \/>\n<meta property=\"og:locale\" content=\"en_GB\" \/>\n<meta property=\"og:type\" content=\"article\" \/>\n<meta property=\"og:title\" content=\"XPD p\u00f5lvekaitsmed CAD\" \/>\n<meta property=\"og:description\" content=\"XPD p\u00f5lvekaitsmed CAD aitavad kaitsta p\u00f5lvi airsoftis, treeningul ja v\u00e4litegevuses. Mugav lisakaitse taktikalise varustuse juurde.\" \/>\n<meta property=\"og:url\" content=\"https:\/\/lahingupood.ee\/en\/product\/xpd-polvekaitsmed-cad\/\" \/>\n<meta property=\"og:site_name\" content=\"Lahingurada e-pood\" \/>\n<meta property=\"article:publisher\" content=\"https:\/\/www.facebook.com\/Lahingurada-629940247212967\" \/>\n<meta property=\"article:modified_time\" content=\"2026-05-02T16:45:02+00:00\" \/>\n<meta property=\"og:image\" content=\"https:\/\/lahingupood.ee\/wp-content\/uploads\/2024\/02\/WoodlandDigiElbowPad.jpg.webp\" \/>\n\t<meta property=\"og:image:width\" content=\"1200\" \/>\n\t<meta property=\"og:image:height\" content=\"738\" \/>\n\t<meta property=\"og:image:type\" content=\"image\/webp\" \/>\n<meta name=\"twitter:card\" content=\"summary_large_image\" \/>\n<meta name=\"twitter:label1\" content=\"Estimated reading time\" \/>\n\t<meta name=\"twitter:data1\" content=\"1 minute\" \/>\n<script type=\"application\/ld+json\" class=\"yoast-schema-graph\">{\"@context\":\"https:\\\/\\\/schema.org\",\"@graph\":[{\"@type\":\"WebPage\",\"@id\":\"https:\\\/\\\/lahingupood.ee\\\/toode\\\/xpd-polvekaitsmed-cad\\\/\",\"url\":\"https:\\\/\\\/lahingupood.ee\\\/toode\\\/xpd-polvekaitsmed-cad\\\/\",\"name\":\"XPD p\u00f5lvekaitsmed CAD\",\"isPartOf\":{\"@id\":\"https:\\\/\\\/lahingupood.ee\\\/#website\"},\"primaryImageOfPage\":{\"@id\":\"https:\\\/\\\/lahingupood.ee\\\/toode\\\/xpd-polvekaitsmed-cad\\\/#primaryimage\"},\"image\":{\"@id\":\"https:\\\/\\\/lahingupood.ee\\\/toode\\\/xpd-polvekaitsmed-cad\\\/#primaryimage\"},\"thumbnailUrl\":\"https:\\\/\\\/lahingupood.ee\\\/wp-content\\\/uploads\\\/2024\\\/02\\\/WoodlandDigiElbowPad.jpg.webp\",\"datePublished\":\"2024-02-02T11:19:36+00:00\",\"dateModified\":\"2026-05-02T16:45:02+00:00\",\"description\":\"XPD p\u00f5lvekaitsmed CAD aitavad kaitsta p\u00f5lvi airsoftis, treeningul ja v\u00e4litegevuses. Mugav lisakaitse taktikalise varustuse juurde.\",\"breadcrumb\":{\"@id\":\"https:\\\/\\\/lahingupood.ee\\\/toode\\\/xpd-polvekaitsmed-cad\\\/#breadcrumb\"},\"inLanguage\":\"en-GB\",\"potentialAction\":[{\"@type\":\"ReadAction\",\"target\":[\"https:\\\/\\\/lahingupood.ee\\\/toode\\\/xpd-polvekaitsmed-cad\\\/\"]}]},{\"@type\":\"ImageObject\",\"inLanguage\":\"en-GB\",\"@id\":\"https:\\\/\\\/lahingupood.ee\\\/toode\\\/xpd-polvekaitsmed-cad\\\/#primaryimage\",\"url\":\"https:\\\/\\\/lahingupood.ee\\\/wp-content\\\/uploads\\\/2024\\\/02\\\/WoodlandDigiElbowPad.jpg.webp\",\"contentUrl\":\"https:\\\/\\\/lahingupood.ee\\\/wp-content\\\/uploads\\\/2024\\\/02\\\/WoodlandDigiElbowPad.jpg.webp\",\"width\":1200,\"height\":738},{\"@type\":\"BreadcrumbList\",\"@id\":\"https:\\\/\\\/lahingupood.ee\\\/toode\\\/xpd-polvekaitsmed-cad\\\/#breadcrumb\",\"itemListElement\":[{\"@type\":\"ListItem\",\"position\":1,\"name\":\"Home\",\"item\":\"https:\\\/\\\/lahingupood.ee\\\/\"},{\"@type\":\"ListItem\",\"position\":2,\"name\":\"Tooted\",\"item\":\"https:\\\/\\\/lahingupood.ee\\\/tooted\\\/\"},{\"@type\":\"ListItem\",\"position\":3,\"name\":\"XPD p\u00f5lvekaitsmed CAD\"}]},{\"@type\":\"WebSite\",\"@id\":\"https:\\\/\\\/lahingupood.ee\\\/#website\",\"url\":\"https:\\\/\\\/lahingupood.ee\\\/\",\"name\":\"Lahingurada e-pood\",\"description\":\"Airsoft\",\"publisher\":{\"@id\":\"https:\\\/\\\/lahingupood.ee\\\/#organization\"},\"potentialAction\":[{\"@type\":\"SearchAction\",\"target\":{\"@type\":\"EntryPoint\",\"urlTemplate\":\"https:\\\/\\\/lahingupood.ee\\\/?s={search_term_string}\"},\"query-input\":{\"@type\":\"PropertyValueSpecification\",\"valueRequired\":true,\"valueName\":\"search_term_string\"}}],\"inLanguage\":\"en-GB\"},{\"@type\":\"Organization\",\"@id\":\"https:\\\/\\\/lahingupood.ee\\\/#organization\",\"name\":\"Lahingurada\",\"url\":\"https:\\\/\\\/lahingupood.ee\\\/\",\"logo\":{\"@type\":\"ImageObject\",\"inLanguage\":\"en-GB\",\"@id\":\"https:\\\/\\\/lahingupood.ee\\\/#\\\/schema\\\/logo\\\/image\\\/\",\"url\":\"https:\\\/\\\/lahingupood.ee\\\/wp-content\\\/uploads\\\/2022\\\/03\\\/lahingurada-220318.jpg\",\"contentUrl\":\"https:\\\/\\\/lahingupood.ee\\\/wp-content\\\/uploads\\\/2022\\\/03\\\/lahingurada-220318.jpg\",\"width\":800,\"height\":500,\"caption\":\"Lahingurada\"},\"image\":{\"@id\":\"https:\\\/\\\/lahingupood.ee\\\/#\\\/schema\\\/logo\\\/image\\\/\"},\"sameAs\":[\"https:\\\/\\\/www.facebook.com\\\/Lahingurada-629940247212967\"]}]}<\/script>\n<!-- \/ Yoast SEO Premium plugin. -->","yoast_head_json":{"title":"XPD p\u00f5lvekaitsmed CAD","description":"XPD p\u00f5lvekaitsmed CAD aitavad kaitsta p\u00f5lvi airsoftis, treeningul ja v\u00e4litegevuses. Mugav lisakaitse taktikalise varustuse juurde.","robots":{"index":"index","follow":"follow","max-snippet":"max-snippet:-1","max-image-preview":"max-image-preview:large","max-video-preview":"max-video-preview:-1"},"canonical":"https:\/\/lahingupood.ee\/en\/product\/xpd-polvekaitsmed-cad\/","og_locale":"en_GB","og_type":"article","og_title":"XPD p\u00f5lvekaitsmed CAD","og_description":"XPD p\u00f5lvekaitsmed CAD aitavad kaitsta p\u00f5lvi airsoftis, treeningul ja v\u00e4litegevuses. Mugav lisakaitse taktikalise varustuse juurde.","og_url":"https:\/\/lahingupood.ee\/en\/product\/xpd-polvekaitsmed-cad\/","og_site_name":"Lahingurada e-pood","article_publisher":"https:\/\/www.facebook.com\/Lahingurada-629940247212967","article_modified_time":"2026-05-02T16:45:02+00:00","og_image":[{"width":1200,"height":738,"url":"https:\/\/lahingupood.ee\/wp-content\/uploads\/2024\/02\/WoodlandDigiElbowPad.jpg.webp","type":"image\/webp"}],"twitter_card":"summary_large_image","twitter_misc":{"Estimated reading time":"1 minute"},"schema":{"@context":"https:\/\/schema.org","@graph":[{"@type":"WebPage","@id":"https:\/\/lahingupood.ee\/toode\/xpd-polvekaitsmed-cad\/","url":"https:\/\/lahingupood.ee\/toode\/xpd-polvekaitsmed-cad\/","name":"XPD p\u00f5lvekaitsmed CAD","isPartOf":{"@id":"https:\/\/lahingupood.ee\/#website"},"primaryImageOfPage":{"@id":"https:\/\/lahingupood.ee\/toode\/xpd-polvekaitsmed-cad\/#primaryimage"},"image":{"@id":"https:\/\/lahingupood.ee\/toode\/xpd-polvekaitsmed-cad\/#primaryimage"},"thumbnailUrl":"https:\/\/lahingupood.ee\/wp-content\/uploads\/2024\/02\/WoodlandDigiElbowPad.jpg.webp","datePublished":"2024-02-02T11:19:36+00:00","dateModified":"2026-05-02T16:45:02+00:00","description":"XPD p\u00f5lvekaitsmed CAD aitavad kaitsta p\u00f5lvi airsoftis, treeningul ja v\u00e4litegevuses. Mugav lisakaitse taktikalise varustuse juurde.","breadcrumb":{"@id":"https:\/\/lahingupood.ee\/toode\/xpd-polvekaitsmed-cad\/#breadcrumb"},"inLanguage":"en-GB","potentialAction":[{"@type":"ReadAction","target":["https:\/\/lahingupood.ee\/toode\/xpd-polvekaitsmed-cad\/"]}]},{"@type":"ImageObject","inLanguage":"en-GB","@id":"https:\/\/lahingupood.ee\/toode\/xpd-polvekaitsmed-cad\/#primaryimage","url":"https:\/\/lahingupood.ee\/wp-content\/uploads\/2024\/02\/WoodlandDigiElbowPad.jpg.webp","contentUrl":"https:\/\/lahingupood.ee\/wp-content\/uploads\/2024\/02\/WoodlandDigiElbowPad.jpg.webp","width":1200,"height":738},{"@type":"BreadcrumbList","@id":"https:\/\/lahingupood.ee\/toode\/xpd-polvekaitsmed-cad\/#breadcrumb","itemListElement":[{"@type":"ListItem","position":1,"name":"Home","item":"https:\/\/lahingupood.ee\/"},{"@type":"ListItem","position":2,"name":"Tooted","item":"https:\/\/lahingupood.ee\/tooted\/"},{"@type":"ListItem","position":3,"name":"XPD p\u00f5lvekaitsmed CAD"}]},{"@type":"WebSite","@id":"https:\/\/lahingupood.ee\/#website","url":"https:\/\/lahingupood.ee\/","name":"Lahingurada e-pood","description":"Airsoft","publisher":{"@id":"https:\/\/lahingupood.ee\/#organization"},"potentialAction":[{"@type":"SearchAction","target":{"@type":"EntryPoint","urlTemplate":"https:\/\/lahingupood.ee\/?s={search_term_string}"},"query-input":{"@type":"PropertyValueSpecification","valueRequired":true,"valueName":"search_term_string"}}],"inLanguage":"en-GB"},{"@type":"Organization","@id":"https:\/\/lahingupood.ee\/#organization","name":"Lahingurada","url":"https:\/\/lahingupood.ee\/","logo":{"@type":"ImageObject","inLanguage":"en-GB","@id":"https:\/\/lahingupood.ee\/#\/schema\/logo\/image\/","url":"https:\/\/lahingupood.ee\/wp-content\/uploads\/2022\/03\/lahingurada-220318.jpg","contentUrl":"https:\/\/lahingupood.ee\/wp-content\/uploads\/2022\/03\/lahingurada-220318.jpg","width":800,"height":500,"caption":"Lahingurada"},"image":{"@id":"https:\/\/lahingupood.ee\/#\/schema\/logo\/image\/"},"sameAs":["https:\/\/www.facebook.com\/Lahingurada-629940247212967"]}]}},"_links":{"self":[{"href":"https:\/\/lahingupood.ee\/en\/wp-json\/wp\/v2\/product\/4620","targetHints":{"allow":["GET"]}}],"collection":[{"href":"https:\/\/lahingupood.ee\/en\/wp-json\/wp\/v2\/product"}],"about":[{"href":"https:\/\/lahingupood.ee\/en\/wp-json\/wp\/v2\/types\/product"}],"wp:featuredmedia":[{"embeddable":true,"href":"https:\/\/lahingupood.ee\/en\/wp-json\/wp\/v2\/media\/4609"}],"wp:attachment":[{"href":"https:\/\/lahingupood.ee\/en\/wp-json\/wp\/v2\/media?parent=4620"}],"wp:term":[{"taxonomy":"product_brand","embeddable":true,"href":"https:\/\/lahingupood.ee\/en\/wp-json\/wp\/v2\/product_brand?post=4620"},{"taxonomy":"product_cat","embeddable":true,"href":"https:\/\/lahingupood.ee\/en\/wp-json\/wp\/v2\/product_cat?post=4620"},{"taxonomy":"product_tag","embeddable":true,"href":"https:\/\/lahingupood.ee\/en\/wp-json\/wp\/v2\/product_tag?post=4620"}],"curies":[{"name":"wp","href":"https:\/\/api.w.org\/{rel}","templated":true}]}}