{"id":4610,"date":"2024-02-02T12:33:06","date_gmt":"2024-02-02T10:33:06","guid":{"rendered":"https:\/\/lahingupood.ee\/?post_type=product&#038;p=4610"},"modified":"2026-05-03T02:30:02","modified_gmt":"2026-05-02T23:30:02","slug":"low-profile-single-pistol-mag-pouch-cad","status":"publish","type":"product","link":"https:\/\/lahingupood.ee\/en\/product\/low-profile-single-pistol-mag-pouch-cad\/","title":{"rendered":"Shadow Low Profile Single Pistol Mag Pouch CAD"},"content":{"rendered":"<p data-start=\"780\" data-end=\"1060\"><strong data-start=\"780\" data-end=\"802\">P\u00fcstoli salve tasku<\/strong> Shadow CAD on praktiline lisatarvik m\u00e4ngijale, kes soovib kanda \u00fchte p\u00fcstolisalve mugavalt ja kiiresti k\u00e4ttesaadavalt. Madala profiiliga disain aitab hoida varustuse kompaktse ning v\u00e4hendab liigset v\u00e4ljaulatumist vestil, lahinguv\u00f6\u00f6l v\u00f5i muul kandes\u00fcsteemil.<\/p>\n<p data-start=\"1062\" data-end=\"1290\">Single pistol mag pouch on hea valik airsofti m\u00e4ngijale, kes kasutab p\u00fcstolit lisarelvana v\u00f5i m\u00e4ngib p\u00fcstoliga aktiivsemalt. Lisamagasin on m\u00e4ngu ajal v\u00e4ga kasulik. See v\u00f5imaldab kiiremini j\u00e4tkata, kui esimene salv saab t\u00fchjaks.<\/p>","protected":false},"excerpt":{"rendered":"<p>P\u00fcstoli salve tasku Shadow CAD on praktiline lisatarvik m\u00e4ngijale, kes soovib kanda \u00fchte p\u00fcstolisalve mugavalt ja kiiresti k\u00e4ttesaadavalt. Madala profiiliga disain aitab hoida varustuse kompaktse ning v\u00e4hendab liigset v\u00e4ljaulatumist vestil, lahinguv\u00f6\u00f6l v\u00f5i muul kandes\u00fcsteemil. Single pistol mag pouch on hea valik airsofti m\u00e4ngijale, kes kasutab p\u00fcstolit lisarelvana v\u00f5i m\u00e4ngib p\u00fcstoliga aktiivsemalt. Lisamagasin on m\u00e4ngu ajal [&#8230;]\n","protected":false},"featured_media":6882,"template":"","meta":[],"product_brand":[],"product_cat":[213,67],"product_tag":[],"class_list":{"0":"post-4610","1":"product","2":"type-product","3":"status-publish","4":"has-post-thumbnail","6":"product_cat-cad","7":"product_cat-varustuse-taskud","9":"first","10":"instock","11":"taxable","12":"shipping-taxable","13":"purchasable","14":"product-type-simple"},"yoast_head":"<!-- This site is optimized with the Yoast SEO Premium plugin v27.5 (Yoast SEO v27.5) - https:\/\/yoast.com\/product\/yoast-seo-premium-wordpress\/ -->\n<title>P\u00fcstolisalve tasku CAD | Shadow<\/title>\n<meta name=\"description\" content=\"P\u00fcstoli salve tasku Shadow CAD on madala profiiliga salvetasku \u00fche p\u00fcstolisalve kandmiseks. Sobib airsoftiks ja taktikalise varustuse juurde.\" \/>\n<meta name=\"robots\" content=\"index, follow, max-snippet:-1, max-image-preview:large, max-video-preview:-1\" \/>\n<link rel=\"canonical\" href=\"https:\/\/lahingupood.ee\/en\/product\/low-profile-single-pistol-mag-pouch-cad\/\" \/>\n<meta property=\"og:locale\" content=\"en_GB\" \/>\n<meta property=\"og:type\" content=\"article\" \/>\n<meta property=\"og:title\" content=\"Shadow Low Profile Single Pistol Mag Pouch CAD\" \/>\n<meta property=\"og:description\" content=\"P\u00fcstoli salve tasku Shadow CAD on madala profiiliga salvetasku \u00fche p\u00fcstolisalve kandmiseks. Sobib airsoftiks ja taktikalise varustuse juurde.\" \/>\n<meta property=\"og:url\" content=\"https:\/\/lahingupood.ee\/en\/product\/low-profile-single-pistol-mag-pouch-cad\/\" \/>\n<meta property=\"og:site_name\" content=\"Lahingurada e-pood\" \/>\n<meta property=\"article:publisher\" content=\"https:\/\/www.facebook.com\/Lahingurada-629940247212967\" \/>\n<meta property=\"article:modified_time\" content=\"2026-05-02T23:30:02+00:00\" \/>\n<meta property=\"og:image\" content=\"https:\/\/lahingupood.ee\/wp-content\/uploads\/2024\/02\/SHE-22083-WD.webp\" \/>\n\t<meta property=\"og:image:width\" content=\"1200\" \/>\n\t<meta property=\"og:image:height\" content=\"1600\" \/>\n\t<meta property=\"og:image:type\" content=\"image\/webp\" \/>\n<meta name=\"twitter:card\" content=\"summary_large_image\" \/>\n<meta name=\"twitter:label1\" content=\"Estimated reading time\" \/>\n\t<meta name=\"twitter:data1\" content=\"1 minute\" \/>\n<script type=\"application\/ld+json\" class=\"yoast-schema-graph\">{\"@context\":\"https:\\\/\\\/schema.org\",\"@graph\":[{\"@type\":\"WebPage\",\"@id\":\"https:\\\/\\\/lahingupood.ee\\\/toode\\\/low-profile-single-pistol-mag-pouch-cad\\\/\",\"url\":\"https:\\\/\\\/lahingupood.ee\\\/toode\\\/low-profile-single-pistol-mag-pouch-cad\\\/\",\"name\":\"P\u00fcstolisalve tasku CAD | Shadow\",\"isPartOf\":{\"@id\":\"https:\\\/\\\/lahingupood.ee\\\/#website\"},\"primaryImageOfPage\":{\"@id\":\"https:\\\/\\\/lahingupood.ee\\\/toode\\\/low-profile-single-pistol-mag-pouch-cad\\\/#primaryimage\"},\"image\":{\"@id\":\"https:\\\/\\\/lahingupood.ee\\\/toode\\\/low-profile-single-pistol-mag-pouch-cad\\\/#primaryimage\"},\"thumbnailUrl\":\"https:\\\/\\\/lahingupood.ee\\\/wp-content\\\/uploads\\\/2024\\\/02\\\/SHE-22083-WD.webp\",\"datePublished\":\"2024-02-02T10:33:06+00:00\",\"dateModified\":\"2026-05-02T23:30:02+00:00\",\"description\":\"P\u00fcstoli salve tasku Shadow CAD on madala profiiliga salvetasku \u00fche p\u00fcstolisalve kandmiseks. Sobib airsoftiks ja taktikalise varustuse juurde.\",\"breadcrumb\":{\"@id\":\"https:\\\/\\\/lahingupood.ee\\\/toode\\\/low-profile-single-pistol-mag-pouch-cad\\\/#breadcrumb\"},\"inLanguage\":\"en-GB\",\"potentialAction\":[{\"@type\":\"ReadAction\",\"target\":[\"https:\\\/\\\/lahingupood.ee\\\/toode\\\/low-profile-single-pistol-mag-pouch-cad\\\/\"]}]},{\"@type\":\"ImageObject\",\"inLanguage\":\"en-GB\",\"@id\":\"https:\\\/\\\/lahingupood.ee\\\/toode\\\/low-profile-single-pistol-mag-pouch-cad\\\/#primaryimage\",\"url\":\"https:\\\/\\\/lahingupood.ee\\\/wp-content\\\/uploads\\\/2024\\\/02\\\/SHE-22083-WD.webp\",\"contentUrl\":\"https:\\\/\\\/lahingupood.ee\\\/wp-content\\\/uploads\\\/2024\\\/02\\\/SHE-22083-WD.webp\",\"width\":1200,\"height\":1600,\"caption\":\"Shadow Low Profile Single Pistol Mag Pouch CAD\"},{\"@type\":\"BreadcrumbList\",\"@id\":\"https:\\\/\\\/lahingupood.ee\\\/toode\\\/low-profile-single-pistol-mag-pouch-cad\\\/#breadcrumb\",\"itemListElement\":[{\"@type\":\"ListItem\",\"position\":1,\"name\":\"Home\",\"item\":\"https:\\\/\\\/lahingupood.ee\\\/\"},{\"@type\":\"ListItem\",\"position\":2,\"name\":\"Tooted\",\"item\":\"https:\\\/\\\/lahingupood.ee\\\/tooted\\\/\"},{\"@type\":\"ListItem\",\"position\":3,\"name\":\"Shadow Low Profile Single Pistol Mag Pouch CAD\"}]},{\"@type\":\"WebSite\",\"@id\":\"https:\\\/\\\/lahingupood.ee\\\/#website\",\"url\":\"https:\\\/\\\/lahingupood.ee\\\/\",\"name\":\"Lahingurada e-pood\",\"description\":\"Airsoft\",\"publisher\":{\"@id\":\"https:\\\/\\\/lahingupood.ee\\\/#organization\"},\"potentialAction\":[{\"@type\":\"SearchAction\",\"target\":{\"@type\":\"EntryPoint\",\"urlTemplate\":\"https:\\\/\\\/lahingupood.ee\\\/?s={search_term_string}\"},\"query-input\":{\"@type\":\"PropertyValueSpecification\",\"valueRequired\":true,\"valueName\":\"search_term_string\"}}],\"inLanguage\":\"en-GB\"},{\"@type\":\"Organization\",\"@id\":\"https:\\\/\\\/lahingupood.ee\\\/#organization\",\"name\":\"Lahingurada\",\"url\":\"https:\\\/\\\/lahingupood.ee\\\/\",\"logo\":{\"@type\":\"ImageObject\",\"inLanguage\":\"en-GB\",\"@id\":\"https:\\\/\\\/lahingupood.ee\\\/#\\\/schema\\\/logo\\\/image\\\/\",\"url\":\"https:\\\/\\\/lahingupood.ee\\\/wp-content\\\/uploads\\\/2022\\\/03\\\/lahingurada-220318.jpg\",\"contentUrl\":\"https:\\\/\\\/lahingupood.ee\\\/wp-content\\\/uploads\\\/2022\\\/03\\\/lahingurada-220318.jpg\",\"width\":800,\"height\":500,\"caption\":\"Lahingurada\"},\"image\":{\"@id\":\"https:\\\/\\\/lahingupood.ee\\\/#\\\/schema\\\/logo\\\/image\\\/\"},\"sameAs\":[\"https:\\\/\\\/www.facebook.com\\\/Lahingurada-629940247212967\"]}]}<\/script>\n<!-- \/ Yoast SEO Premium plugin. -->","yoast_head_json":{"title":"P\u00fcstolisalve tasku CAD | Shadow","description":"P\u00fcstoli salve tasku Shadow CAD on madala profiiliga salvetasku \u00fche p\u00fcstolisalve kandmiseks. Sobib airsoftiks ja taktikalise varustuse juurde.","robots":{"index":"index","follow":"follow","max-snippet":"max-snippet:-1","max-image-preview":"max-image-preview:large","max-video-preview":"max-video-preview:-1"},"canonical":"https:\/\/lahingupood.ee\/en\/product\/low-profile-single-pistol-mag-pouch-cad\/","og_locale":"en_GB","og_type":"article","og_title":"Shadow Low Profile Single Pistol Mag Pouch CAD","og_description":"P\u00fcstoli salve tasku Shadow CAD on madala profiiliga salvetasku \u00fche p\u00fcstolisalve kandmiseks. Sobib airsoftiks ja taktikalise varustuse juurde.","og_url":"https:\/\/lahingupood.ee\/en\/product\/low-profile-single-pistol-mag-pouch-cad\/","og_site_name":"Lahingurada e-pood","article_publisher":"https:\/\/www.facebook.com\/Lahingurada-629940247212967","article_modified_time":"2026-05-02T23:30:02+00:00","og_image":[{"width":1200,"height":1600,"url":"https:\/\/lahingupood.ee\/wp-content\/uploads\/2024\/02\/SHE-22083-WD.webp","type":"image\/webp"}],"twitter_card":"summary_large_image","twitter_misc":{"Estimated reading time":"1 minute"},"schema":{"@context":"https:\/\/schema.org","@graph":[{"@type":"WebPage","@id":"https:\/\/lahingupood.ee\/toode\/low-profile-single-pistol-mag-pouch-cad\/","url":"https:\/\/lahingupood.ee\/toode\/low-profile-single-pistol-mag-pouch-cad\/","name":"P\u00fcstolisalve tasku CAD | Shadow","isPartOf":{"@id":"https:\/\/lahingupood.ee\/#website"},"primaryImageOfPage":{"@id":"https:\/\/lahingupood.ee\/toode\/low-profile-single-pistol-mag-pouch-cad\/#primaryimage"},"image":{"@id":"https:\/\/lahingupood.ee\/toode\/low-profile-single-pistol-mag-pouch-cad\/#primaryimage"},"thumbnailUrl":"https:\/\/lahingupood.ee\/wp-content\/uploads\/2024\/02\/SHE-22083-WD.webp","datePublished":"2024-02-02T10:33:06+00:00","dateModified":"2026-05-02T23:30:02+00:00","description":"P\u00fcstoli salve tasku Shadow CAD on madala profiiliga salvetasku \u00fche p\u00fcstolisalve kandmiseks. Sobib airsoftiks ja taktikalise varustuse juurde.","breadcrumb":{"@id":"https:\/\/lahingupood.ee\/toode\/low-profile-single-pistol-mag-pouch-cad\/#breadcrumb"},"inLanguage":"en-GB","potentialAction":[{"@type":"ReadAction","target":["https:\/\/lahingupood.ee\/toode\/low-profile-single-pistol-mag-pouch-cad\/"]}]},{"@type":"ImageObject","inLanguage":"en-GB","@id":"https:\/\/lahingupood.ee\/toode\/low-profile-single-pistol-mag-pouch-cad\/#primaryimage","url":"https:\/\/lahingupood.ee\/wp-content\/uploads\/2024\/02\/SHE-22083-WD.webp","contentUrl":"https:\/\/lahingupood.ee\/wp-content\/uploads\/2024\/02\/SHE-22083-WD.webp","width":1200,"height":1600,"caption":"Shadow Low Profile Single Pistol Mag Pouch CAD"},{"@type":"BreadcrumbList","@id":"https:\/\/lahingupood.ee\/toode\/low-profile-single-pistol-mag-pouch-cad\/#breadcrumb","itemListElement":[{"@type":"ListItem","position":1,"name":"Home","item":"https:\/\/lahingupood.ee\/"},{"@type":"ListItem","position":2,"name":"Tooted","item":"https:\/\/lahingupood.ee\/tooted\/"},{"@type":"ListItem","position":3,"name":"Shadow Low Profile Single Pistol Mag Pouch CAD"}]},{"@type":"WebSite","@id":"https:\/\/lahingupood.ee\/#website","url":"https:\/\/lahingupood.ee\/","name":"Lahingurada e-pood","description":"Airsoft","publisher":{"@id":"https:\/\/lahingupood.ee\/#organization"},"potentialAction":[{"@type":"SearchAction","target":{"@type":"EntryPoint","urlTemplate":"https:\/\/lahingupood.ee\/?s={search_term_string}"},"query-input":{"@type":"PropertyValueSpecification","valueRequired":true,"valueName":"search_term_string"}}],"inLanguage":"en-GB"},{"@type":"Organization","@id":"https:\/\/lahingupood.ee\/#organization","name":"Lahingurada","url":"https:\/\/lahingupood.ee\/","logo":{"@type":"ImageObject","inLanguage":"en-GB","@id":"https:\/\/lahingupood.ee\/#\/schema\/logo\/image\/","url":"https:\/\/lahingupood.ee\/wp-content\/uploads\/2022\/03\/lahingurada-220318.jpg","contentUrl":"https:\/\/lahingupood.ee\/wp-content\/uploads\/2022\/03\/lahingurada-220318.jpg","width":800,"height":500,"caption":"Lahingurada"},"image":{"@id":"https:\/\/lahingupood.ee\/#\/schema\/logo\/image\/"},"sameAs":["https:\/\/www.facebook.com\/Lahingurada-629940247212967"]}]}},"_links":{"self":[{"href":"https:\/\/lahingupood.ee\/en\/wp-json\/wp\/v2\/product\/4610","targetHints":{"allow":["GET"]}}],"collection":[{"href":"https:\/\/lahingupood.ee\/en\/wp-json\/wp\/v2\/product"}],"about":[{"href":"https:\/\/lahingupood.ee\/en\/wp-json\/wp\/v2\/types\/product"}],"wp:featuredmedia":[{"embeddable":true,"href":"https:\/\/lahingupood.ee\/en\/wp-json\/wp\/v2\/media\/6882"}],"wp:attachment":[{"href":"https:\/\/lahingupood.ee\/en\/wp-json\/wp\/v2\/media?parent=4610"}],"wp:term":[{"taxonomy":"product_brand","embeddable":true,"href":"https:\/\/lahingupood.ee\/en\/wp-json\/wp\/v2\/product_brand?post=4610"},{"taxonomy":"product_cat","embeddable":true,"href":"https:\/\/lahingupood.ee\/en\/wp-json\/wp\/v2\/product_cat?post=4610"},{"taxonomy":"product_tag","embeddable":true,"href":"https:\/\/lahingupood.ee\/en\/wp-json\/wp\/v2\/product_tag?post=4610"}],"curies":[{"name":"wp","href":"https:\/\/api.w.org\/{rel}","templated":true}]}}