{"id":4525,"date":"2023-12-22T15:48:10","date_gmt":"2023-12-22T13:48:10","guid":{"rendered":"https:\/\/lahingupood.ee\/?post_type=product&#038;p=4525"},"modified":"2026-04-12T20:30:04","modified_gmt":"2026-04-12T17:30:04","slug":"mur-mod-c-cqb-ambi-lite","status":"publish","type":"product","link":"https:\/\/lahingupood.ee\/en\/product\/mur-mod-c-cqb-ambi-lite\/","title":{"rendered":"MUR MOD C CQB Ambi Lite"},"content":{"rendered":"<p>MUR MOD C CQB Ambi Lite<\/p>\n<p>Tootja Arcturus. Sobib h\u00e4sti sise areenidele oma suhteliselt l\u00fchikese toru poolest kuid pole ka probleemi \u00f5ues m\u00e4ngida. V\u00f5imsus umbes 1,4J. Komplekti kuulub hicap salv, puhastus varras, kleepsud ja magnetid ning aku \u00fchendus l\u00fcli.<\/p>\n<p>AKU JA LAADIJA EI KUULU KOMPLEKTI!<\/p>","protected":false},"excerpt":{"rendered":"<p>MUR MOD C CQB Ambi Lite Tootja Arcturus. Sobib h\u00e4sti sise areenidele oma suhteliselt l\u00fchikese toru poolest kuid pole ka probleemi \u00f5ues m\u00e4ngida. V\u00f5imsus umbes 1,4J. Komplekti kuulub hicap salv, puhastus varras, kleepsud ja magnetid ning aku \u00fchendus l\u00fcli. AKU JA LAADIJA EI KUULU KOMPLEKTI!<\/p>","protected":false},"featured_media":4474,"template":"","meta":[],"product_brand":[],"product_cat":[23],"product_tag":[],"class_list":{"0":"post-4525","1":"product","2":"type-product","3":"status-publish","4":"has-post-thumbnail","6":"product_cat-elektrilised-relvad","8":"first","9":"outofstock","10":"taxable","11":"shipping-taxable","12":"purchasable","13":"product-type-simple"},"yoast_head":"<!-- This site is optimized with the Yoast SEO Premium plugin v27.3 (Yoast SEO v27.3) - https:\/\/yoast.com\/product\/yoast-seo-premium-wordpress\/ -->\n<title>MUR MOD C CQB Ambi Lite - Lahingurada e-pood<\/title>\n<meta name=\"description\" content=\"Tootja Arcturus. Sobib h\u00e4sti sise areenidele oma suhteliselt l\u00fchikese toru poolest kuid pole ka probleemi \u00f5ues m\u00e4ngida. V\u00f5imsus umbes 1,4J. Komplekti kuulub\" \/>\n<meta name=\"robots\" content=\"index, follow, max-snippet:-1, max-image-preview:large, max-video-preview:-1\" \/>\n<link rel=\"canonical\" href=\"https:\/\/lahingupood.ee\/en\/product\/mur-mod-c-cqb-ambi-lite\/\" \/>\n<meta property=\"og:locale\" content=\"en_GB\" \/>\n<meta property=\"og:type\" content=\"article\" \/>\n<meta property=\"og:title\" content=\"MUR MOD C CQB Ambi Lite\" \/>\n<meta property=\"og:description\" content=\"Tootja Arcturus. Sobib h\u00e4sti sise areenidele oma suhteliselt l\u00fchikese toru poolest kuid pole ka probleemi \u00f5ues m\u00e4ngida. V\u00f5imsus umbes 1,4J. Komplekti kuulub\" \/>\n<meta property=\"og:url\" content=\"https:\/\/lahingupood.ee\/en\/product\/mur-mod-c-cqb-ambi-lite\/\" \/>\n<meta property=\"og:site_name\" content=\"Lahingurada e-pood\" \/>\n<meta property=\"article:publisher\" content=\"https:\/\/www.facebook.com\/Lahingurada-629940247212967\" \/>\n<meta property=\"article:modified_time\" content=\"2026-04-12T17:30:04+00:00\" \/>\n<meta property=\"og:image\" content=\"https:\/\/lahingupood.ee\/wp-content\/uploads\/2023\/12\/114147000_1.jpg\" \/>\n\t<meta property=\"og:image:width\" content=\"1400\" \/>\n\t<meta property=\"og:image:height\" content=\"979\" \/>\n\t<meta property=\"og:image:type\" content=\"image\/jpeg\" \/>\n<meta name=\"twitter:card\" content=\"summary_large_image\" \/>\n<meta name=\"twitter:label1\" content=\"Estimated reading time\" \/>\n\t<meta name=\"twitter:data1\" content=\"1 minute\" \/>\n<script type=\"application\/ld+json\" class=\"yoast-schema-graph\">{\"@context\":\"https:\\\/\\\/schema.org\",\"@graph\":[{\"@type\":\"WebPage\",\"@id\":\"https:\\\/\\\/lahingupood.ee\\\/toode\\\/mur-mod-c-cqb-ambi-lite\\\/\",\"url\":\"https:\\\/\\\/lahingupood.ee\\\/toode\\\/mur-mod-c-cqb-ambi-lite\\\/\",\"name\":\"MUR MOD C CQB Ambi Lite - Lahingurada e-pood\",\"isPartOf\":{\"@id\":\"https:\\\/\\\/lahingupood.ee\\\/#website\"},\"primaryImageOfPage\":{\"@id\":\"https:\\\/\\\/lahingupood.ee\\\/toode\\\/mur-mod-c-cqb-ambi-lite\\\/#primaryimage\"},\"image\":{\"@id\":\"https:\\\/\\\/lahingupood.ee\\\/toode\\\/mur-mod-c-cqb-ambi-lite\\\/#primaryimage\"},\"thumbnailUrl\":\"https:\\\/\\\/lahingupood.ee\\\/wp-content\\\/uploads\\\/2023\\\/12\\\/114147000_1.jpg\",\"datePublished\":\"2023-12-22T13:48:10+00:00\",\"dateModified\":\"2026-04-12T17:30:04+00:00\",\"description\":\"Tootja Arcturus. Sobib h\u00e4sti sise areenidele oma suhteliselt l\u00fchikese toru poolest kuid pole ka probleemi \u00f5ues m\u00e4ngida. V\u00f5imsus umbes 1,4J. Komplekti kuulub\",\"breadcrumb\":{\"@id\":\"https:\\\/\\\/lahingupood.ee\\\/toode\\\/mur-mod-c-cqb-ambi-lite\\\/#breadcrumb\"},\"inLanguage\":\"en-GB\",\"potentialAction\":[{\"@type\":\"ReadAction\",\"target\":[\"https:\\\/\\\/lahingupood.ee\\\/toode\\\/mur-mod-c-cqb-ambi-lite\\\/\"]}]},{\"@type\":\"ImageObject\",\"inLanguage\":\"en-GB\",\"@id\":\"https:\\\/\\\/lahingupood.ee\\\/toode\\\/mur-mod-c-cqb-ambi-lite\\\/#primaryimage\",\"url\":\"https:\\\/\\\/lahingupood.ee\\\/wp-content\\\/uploads\\\/2023\\\/12\\\/114147000_1.jpg\",\"contentUrl\":\"https:\\\/\\\/lahingupood.ee\\\/wp-content\\\/uploads\\\/2023\\\/12\\\/114147000_1.jpg\",\"width\":1400,\"height\":979},{\"@type\":\"BreadcrumbList\",\"@id\":\"https:\\\/\\\/lahingupood.ee\\\/toode\\\/mur-mod-c-cqb-ambi-lite\\\/#breadcrumb\",\"itemListElement\":[{\"@type\":\"ListItem\",\"position\":1,\"name\":\"Home\",\"item\":\"https:\\\/\\\/lahingupood.ee\\\/\"},{\"@type\":\"ListItem\",\"position\":2,\"name\":\"Tooted\",\"item\":\"https:\\\/\\\/lahingupood.ee\\\/tooted\\\/\"},{\"@type\":\"ListItem\",\"position\":3,\"name\":\"MUR MOD C CQB Ambi Lite\"}]},{\"@type\":\"WebSite\",\"@id\":\"https:\\\/\\\/lahingupood.ee\\\/#website\",\"url\":\"https:\\\/\\\/lahingupood.ee\\\/\",\"name\":\"Lahingurada e-pood\",\"description\":\"Airsoft\",\"publisher\":{\"@id\":\"https:\\\/\\\/lahingupood.ee\\\/#organization\"},\"potentialAction\":[{\"@type\":\"SearchAction\",\"target\":{\"@type\":\"EntryPoint\",\"urlTemplate\":\"https:\\\/\\\/lahingupood.ee\\\/?s={search_term_string}\"},\"query-input\":{\"@type\":\"PropertyValueSpecification\",\"valueRequired\":true,\"valueName\":\"search_term_string\"}}],\"inLanguage\":\"en-GB\"},{\"@type\":\"Organization\",\"@id\":\"https:\\\/\\\/lahingupood.ee\\\/#organization\",\"name\":\"Lahingurada\",\"url\":\"https:\\\/\\\/lahingupood.ee\\\/\",\"logo\":{\"@type\":\"ImageObject\",\"inLanguage\":\"en-GB\",\"@id\":\"https:\\\/\\\/lahingupood.ee\\\/#\\\/schema\\\/logo\\\/image\\\/\",\"url\":\"https:\\\/\\\/lahingupood.ee\\\/wp-content\\\/uploads\\\/2022\\\/03\\\/lahingurada-220318.jpg\",\"contentUrl\":\"https:\\\/\\\/lahingupood.ee\\\/wp-content\\\/uploads\\\/2022\\\/03\\\/lahingurada-220318.jpg\",\"width\":800,\"height\":500,\"caption\":\"Lahingurada\"},\"image\":{\"@id\":\"https:\\\/\\\/lahingupood.ee\\\/#\\\/schema\\\/logo\\\/image\\\/\"},\"sameAs\":[\"https:\\\/\\\/www.facebook.com\\\/Lahingurada-629940247212967\"]}]}<\/script>\n<!-- \/ Yoast SEO Premium plugin. -->","yoast_head_json":{"title":"MUR MOD C CQB Ambi Lite - Lahingurada e-pood","description":"Tootja Arcturus. Sobib h\u00e4sti sise areenidele oma suhteliselt l\u00fchikese toru poolest kuid pole ka probleemi \u00f5ues m\u00e4ngida. V\u00f5imsus umbes 1,4J. Komplekti kuulub","robots":{"index":"index","follow":"follow","max-snippet":"max-snippet:-1","max-image-preview":"max-image-preview:large","max-video-preview":"max-video-preview:-1"},"canonical":"https:\/\/lahingupood.ee\/en\/product\/mur-mod-c-cqb-ambi-lite\/","og_locale":"en_GB","og_type":"article","og_title":"MUR MOD C CQB Ambi Lite","og_description":"Tootja Arcturus. Sobib h\u00e4sti sise areenidele oma suhteliselt l\u00fchikese toru poolest kuid pole ka probleemi \u00f5ues m\u00e4ngida. V\u00f5imsus umbes 1,4J. Komplekti kuulub","og_url":"https:\/\/lahingupood.ee\/en\/product\/mur-mod-c-cqb-ambi-lite\/","og_site_name":"Lahingurada e-pood","article_publisher":"https:\/\/www.facebook.com\/Lahingurada-629940247212967","article_modified_time":"2026-04-12T17:30:04+00:00","og_image":[{"width":1400,"height":979,"url":"https:\/\/lahingupood.ee\/wp-content\/uploads\/2023\/12\/114147000_1.jpg","type":"image\/jpeg"}],"twitter_card":"summary_large_image","twitter_misc":{"Estimated reading time":"1 minute"},"schema":{"@context":"https:\/\/schema.org","@graph":[{"@type":"WebPage","@id":"https:\/\/lahingupood.ee\/toode\/mur-mod-c-cqb-ambi-lite\/","url":"https:\/\/lahingupood.ee\/toode\/mur-mod-c-cqb-ambi-lite\/","name":"MUR MOD C CQB Ambi Lite - Lahingurada e-pood","isPartOf":{"@id":"https:\/\/lahingupood.ee\/#website"},"primaryImageOfPage":{"@id":"https:\/\/lahingupood.ee\/toode\/mur-mod-c-cqb-ambi-lite\/#primaryimage"},"image":{"@id":"https:\/\/lahingupood.ee\/toode\/mur-mod-c-cqb-ambi-lite\/#primaryimage"},"thumbnailUrl":"https:\/\/lahingupood.ee\/wp-content\/uploads\/2023\/12\/114147000_1.jpg","datePublished":"2023-12-22T13:48:10+00:00","dateModified":"2026-04-12T17:30:04+00:00","description":"Tootja Arcturus. Sobib h\u00e4sti sise areenidele oma suhteliselt l\u00fchikese toru poolest kuid pole ka probleemi \u00f5ues m\u00e4ngida. V\u00f5imsus umbes 1,4J. Komplekti kuulub","breadcrumb":{"@id":"https:\/\/lahingupood.ee\/toode\/mur-mod-c-cqb-ambi-lite\/#breadcrumb"},"inLanguage":"en-GB","potentialAction":[{"@type":"ReadAction","target":["https:\/\/lahingupood.ee\/toode\/mur-mod-c-cqb-ambi-lite\/"]}]},{"@type":"ImageObject","inLanguage":"en-GB","@id":"https:\/\/lahingupood.ee\/toode\/mur-mod-c-cqb-ambi-lite\/#primaryimage","url":"https:\/\/lahingupood.ee\/wp-content\/uploads\/2023\/12\/114147000_1.jpg","contentUrl":"https:\/\/lahingupood.ee\/wp-content\/uploads\/2023\/12\/114147000_1.jpg","width":1400,"height":979},{"@type":"BreadcrumbList","@id":"https:\/\/lahingupood.ee\/toode\/mur-mod-c-cqb-ambi-lite\/#breadcrumb","itemListElement":[{"@type":"ListItem","position":1,"name":"Home","item":"https:\/\/lahingupood.ee\/"},{"@type":"ListItem","position":2,"name":"Tooted","item":"https:\/\/lahingupood.ee\/tooted\/"},{"@type":"ListItem","position":3,"name":"MUR MOD C CQB Ambi Lite"}]},{"@type":"WebSite","@id":"https:\/\/lahingupood.ee\/#website","url":"https:\/\/lahingupood.ee\/","name":"Lahingurada e-pood","description":"Airsoft","publisher":{"@id":"https:\/\/lahingupood.ee\/#organization"},"potentialAction":[{"@type":"SearchAction","target":{"@type":"EntryPoint","urlTemplate":"https:\/\/lahingupood.ee\/?s={search_term_string}"},"query-input":{"@type":"PropertyValueSpecification","valueRequired":true,"valueName":"search_term_string"}}],"inLanguage":"en-GB"},{"@type":"Organization","@id":"https:\/\/lahingupood.ee\/#organization","name":"Lahingurada","url":"https:\/\/lahingupood.ee\/","logo":{"@type":"ImageObject","inLanguage":"en-GB","@id":"https:\/\/lahingupood.ee\/#\/schema\/logo\/image\/","url":"https:\/\/lahingupood.ee\/wp-content\/uploads\/2022\/03\/lahingurada-220318.jpg","contentUrl":"https:\/\/lahingupood.ee\/wp-content\/uploads\/2022\/03\/lahingurada-220318.jpg","width":800,"height":500,"caption":"Lahingurada"},"image":{"@id":"https:\/\/lahingupood.ee\/#\/schema\/logo\/image\/"},"sameAs":["https:\/\/www.facebook.com\/Lahingurada-629940247212967"]}]}},"_links":{"self":[{"href":"https:\/\/lahingupood.ee\/en\/wp-json\/wp\/v2\/product\/4525","targetHints":{"allow":["GET"]}}],"collection":[{"href":"https:\/\/lahingupood.ee\/en\/wp-json\/wp\/v2\/product"}],"about":[{"href":"https:\/\/lahingupood.ee\/en\/wp-json\/wp\/v2\/types\/product"}],"wp:featuredmedia":[{"embeddable":true,"href":"https:\/\/lahingupood.ee\/en\/wp-json\/wp\/v2\/media\/4474"}],"wp:attachment":[{"href":"https:\/\/lahingupood.ee\/en\/wp-json\/wp\/v2\/media?parent=4525"}],"wp:term":[{"taxonomy":"product_brand","embeddable":true,"href":"https:\/\/lahingupood.ee\/en\/wp-json\/wp\/v2\/product_brand?post=4525"},{"taxonomy":"product_cat","embeddable":true,"href":"https:\/\/lahingupood.ee\/en\/wp-json\/wp\/v2\/product_cat?post=4525"},{"taxonomy":"product_tag","embeddable":true,"href":"https:\/\/lahingupood.ee\/en\/wp-json\/wp\/v2\/product_tag?post=4525"}],"curies":[{"name":"wp","href":"https:\/\/api.w.org\/{rel}","templated":true}]}}