{"id":4522,"date":"2023-12-22T15:26:25","date_gmt":"2023-12-22T13:26:25","guid":{"rendered":"https:\/\/lahingupood.ee\/?post_type=product&#038;p=4522"},"modified":"2026-05-07T18:45:06","modified_gmt":"2026-05-07T15:45:06","slug":"pts-epm-150-bb-salv-oliivroheline","status":"publish","type":"product","link":"https:\/\/lahingupood.ee\/en\/product\/pts-epm-150-bb-salv-oliivroheline\/","title":{"rendered":"PTS Syndicate EPM 150 BB salv oliivroheline"},"content":{"rendered":"<p data-start=\"883\" data-end=\"1086\"><strong data-start=\"883\" data-end=\"906\">PTS EPM 150 BB salv<\/strong> on kvaliteetne airsoft mid-cap salv tootjalt PTS Syndicate. See on m\u00f5eldud m\u00e4ngijale, kes soovib t\u00f6\u00f6kindlat, vastupidavat ja \u00fchtlase s\u00f6\u00f6tmisega salve M4\/AR-15 t\u00fc\u00fcpi AEG replikale.<\/p>\n<p data-start=\"1088\" data-end=\"1463\">PTS-i Enhanced Polymer Magazine ehk EPM seeria on tuntud oma tugeva konstruktsiooni ja hea t\u00f6\u00f6kindluse poolest. Tootja info j\u00e4rgi on see 150-kuuline AEG salv uuendatud 2023. aastal, s\u00e4ilitades originaalse EPM mudeli peamised omadused ja tehnoloogiad. Salvel on <strong data-start=\"1349\" data-end=\"1369\">150 BB mahutavus<\/strong> ning PTS r\u00f5hutab selle \u00fchtlast s\u00f6\u00f6tmist ja t\u00f6\u00f6kindlust.<\/p>","protected":false},"excerpt":{"rendered":"<p>PTS EPM 150 BB salv on kvaliteetne airsoft mid-cap salv tootjalt PTS Syndicate. See on m\u00f5eldud m\u00e4ngijale, kes soovib t\u00f6\u00f6kindlat, vastupidavat ja \u00fchtlase s\u00f6\u00f6tmisega salve M4\/AR-15 t\u00fc\u00fcpi AEG replikale. PTS-i Enhanced Polymer Magazine ehk EPM seeria on tuntud oma tugeva konstruktsiooni ja hea t\u00f6\u00f6kindluse poolest. Tootja info j\u00e4rgi on see 150-kuuline AEG salv uuendatud 2023. [&#8230;]\n","protected":false},"featured_media":4463,"template":"","meta":[],"product_brand":[],"product_cat":[87,176],"product_tag":[],"class_list":{"0":"post-4522","1":"product","2":"type-product","3":"status-publish","4":"has-post-thumbnail","6":"product_cat-aeg-salved","7":"product_cat-m4-salved","9":"first","10":"instock","11":"taxable","12":"shipping-taxable","13":"purchasable","14":"product-type-simple"},"yoast_head":"<!-- This site is optimized with the Yoast SEO Premium plugin v27.5 (Yoast SEO v27.5) - https:\/\/yoast.com\/product\/yoast-seo-premium-wordpress\/ -->\n<title>PTS EPM 150 BB salv oliivroheline<\/title>\n<meta name=\"description\" content=\"PTS EPM 150 BB salv on kvaliteetne oliivroheline mid-cap AEG salv M4\/AR-15 t\u00fc\u00fcpi airsoft replikatele. Tugev Dupont Zytel pol\u00fcmeerkorpus.\" \/>\n<meta name=\"robots\" content=\"index, follow, max-snippet:-1, max-image-preview:large, max-video-preview:-1\" \/>\n<link rel=\"canonical\" href=\"https:\/\/lahingupood.ee\/en\/product\/pts-epm-150-bb-salv-oliivroheline\/\" \/>\n<meta property=\"og:locale\" content=\"en_GB\" \/>\n<meta property=\"og:type\" content=\"article\" \/>\n<meta property=\"og:title\" content=\"PTS Syndicate EPM 150 BB salv oliivroheline\" \/>\n<meta property=\"og:description\" content=\"PTS EPM 150 BB salv on kvaliteetne oliivroheline mid-cap AEG salv M4\/AR-15 t\u00fc\u00fcpi airsoft replikatele. Tugev Dupont Zytel pol\u00fcmeerkorpus.\" \/>\n<meta property=\"og:url\" content=\"https:\/\/lahingupood.ee\/en\/product\/pts-epm-150-bb-salv-oliivroheline\/\" \/>\n<meta property=\"og:site_name\" content=\"Lahingurada e-pood\" \/>\n<meta property=\"article:publisher\" content=\"https:\/\/www.facebook.com\/Lahingurada-629940247212967\" \/>\n<meta property=\"article:modified_time\" content=\"2026-05-07T15:45:06+00:00\" \/>\n<meta property=\"og:image\" content=\"https:\/\/lahingupood.ee\/wp-content\/uploads\/2023\/12\/107808220_1.jpg\" \/>\n\t<meta property=\"og:image:width\" content=\"1400\" \/>\n\t<meta property=\"og:image:height\" content=\"980\" \/>\n\t<meta property=\"og:image:type\" content=\"image\/jpeg\" \/>\n<meta name=\"twitter:card\" content=\"summary_large_image\" \/>\n<meta name=\"twitter:label1\" content=\"Estimated reading time\" \/>\n\t<meta name=\"twitter:data1\" content=\"1 minute\" \/>\n<script type=\"application\/ld+json\" class=\"yoast-schema-graph\">{\"@context\":\"https:\\\/\\\/schema.org\",\"@graph\":[{\"@type\":\"WebPage\",\"@id\":\"https:\\\/\\\/lahingupood.ee\\\/toode\\\/pts-epm-150-bb-salv-oliivroheline\\\/\",\"url\":\"https:\\\/\\\/lahingupood.ee\\\/toode\\\/pts-epm-150-bb-salv-oliivroheline\\\/\",\"name\":\"PTS EPM 150 BB salv oliivroheline\",\"isPartOf\":{\"@id\":\"https:\\\/\\\/lahingupood.ee\\\/#website\"},\"primaryImageOfPage\":{\"@id\":\"https:\\\/\\\/lahingupood.ee\\\/toode\\\/pts-epm-150-bb-salv-oliivroheline\\\/#primaryimage\"},\"image\":{\"@id\":\"https:\\\/\\\/lahingupood.ee\\\/toode\\\/pts-epm-150-bb-salv-oliivroheline\\\/#primaryimage\"},\"thumbnailUrl\":\"https:\\\/\\\/lahingupood.ee\\\/wp-content\\\/uploads\\\/2023\\\/12\\\/107808220_1.jpg\",\"datePublished\":\"2023-12-22T13:26:25+00:00\",\"dateModified\":\"2026-05-07T15:45:06+00:00\",\"description\":\"PTS EPM 150 BB salv on kvaliteetne oliivroheline mid-cap AEG salv M4\\\/AR-15 t\u00fc\u00fcpi airsoft replikatele. Tugev Dupont Zytel pol\u00fcmeerkorpus.\",\"breadcrumb\":{\"@id\":\"https:\\\/\\\/lahingupood.ee\\\/toode\\\/pts-epm-150-bb-salv-oliivroheline\\\/#breadcrumb\"},\"inLanguage\":\"en-GB\",\"potentialAction\":[{\"@type\":\"ReadAction\",\"target\":[\"https:\\\/\\\/lahingupood.ee\\\/toode\\\/pts-epm-150-bb-salv-oliivroheline\\\/\"]}]},{\"@type\":\"ImageObject\",\"inLanguage\":\"en-GB\",\"@id\":\"https:\\\/\\\/lahingupood.ee\\\/toode\\\/pts-epm-150-bb-salv-oliivroheline\\\/#primaryimage\",\"url\":\"https:\\\/\\\/lahingupood.ee\\\/wp-content\\\/uploads\\\/2023\\\/12\\\/107808220_1.jpg\",\"contentUrl\":\"https:\\\/\\\/lahingupood.ee\\\/wp-content\\\/uploads\\\/2023\\\/12\\\/107808220_1.jpg\",\"width\":1400,\"height\":980,\"caption\":\"PTS Syndicate Enhanced Polymer Magazine OD\"},{\"@type\":\"BreadcrumbList\",\"@id\":\"https:\\\/\\\/lahingupood.ee\\\/toode\\\/pts-epm-150-bb-salv-oliivroheline\\\/#breadcrumb\",\"itemListElement\":[{\"@type\":\"ListItem\",\"position\":1,\"name\":\"Home\",\"item\":\"https:\\\/\\\/lahingupood.ee\\\/\"},{\"@type\":\"ListItem\",\"position\":2,\"name\":\"Tooted\",\"item\":\"https:\\\/\\\/lahingupood.ee\\\/tooted\\\/\"},{\"@type\":\"ListItem\",\"position\":3,\"name\":\"PTS Syndicate EPM 150 BB salv oliivroheline\"}]},{\"@type\":\"WebSite\",\"@id\":\"https:\\\/\\\/lahingupood.ee\\\/#website\",\"url\":\"https:\\\/\\\/lahingupood.ee\\\/\",\"name\":\"Lahingurada e-pood\",\"description\":\"Airsoft\",\"publisher\":{\"@id\":\"https:\\\/\\\/lahingupood.ee\\\/#organization\"},\"potentialAction\":[{\"@type\":\"SearchAction\",\"target\":{\"@type\":\"EntryPoint\",\"urlTemplate\":\"https:\\\/\\\/lahingupood.ee\\\/?s={search_term_string}\"},\"query-input\":{\"@type\":\"PropertyValueSpecification\",\"valueRequired\":true,\"valueName\":\"search_term_string\"}}],\"inLanguage\":\"en-GB\"},{\"@type\":\"Organization\",\"@id\":\"https:\\\/\\\/lahingupood.ee\\\/#organization\",\"name\":\"Lahingurada\",\"url\":\"https:\\\/\\\/lahingupood.ee\\\/\",\"logo\":{\"@type\":\"ImageObject\",\"inLanguage\":\"en-GB\",\"@id\":\"https:\\\/\\\/lahingupood.ee\\\/#\\\/schema\\\/logo\\\/image\\\/\",\"url\":\"https:\\\/\\\/lahingupood.ee\\\/wp-content\\\/uploads\\\/2022\\\/03\\\/lahingurada-220318.jpg\",\"contentUrl\":\"https:\\\/\\\/lahingupood.ee\\\/wp-content\\\/uploads\\\/2022\\\/03\\\/lahingurada-220318.jpg\",\"width\":800,\"height\":500,\"caption\":\"Lahingurada\"},\"image\":{\"@id\":\"https:\\\/\\\/lahingupood.ee\\\/#\\\/schema\\\/logo\\\/image\\\/\"},\"sameAs\":[\"https:\\\/\\\/www.facebook.com\\\/Lahingurada-629940247212967\"]}]}<\/script>\n<!-- \/ Yoast SEO Premium plugin. -->","yoast_head_json":{"title":"PTS EPM 150 BB salv oliivroheline","description":"PTS EPM 150 BB salv on kvaliteetne oliivroheline mid-cap AEG salv M4\/AR-15 t\u00fc\u00fcpi airsoft replikatele. Tugev Dupont Zytel pol\u00fcmeerkorpus.","robots":{"index":"index","follow":"follow","max-snippet":"max-snippet:-1","max-image-preview":"max-image-preview:large","max-video-preview":"max-video-preview:-1"},"canonical":"https:\/\/lahingupood.ee\/en\/product\/pts-epm-150-bb-salv-oliivroheline\/","og_locale":"en_GB","og_type":"article","og_title":"PTS Syndicate EPM 150 BB salv oliivroheline","og_description":"PTS EPM 150 BB salv on kvaliteetne oliivroheline mid-cap AEG salv M4\/AR-15 t\u00fc\u00fcpi airsoft replikatele. Tugev Dupont Zytel pol\u00fcmeerkorpus.","og_url":"https:\/\/lahingupood.ee\/en\/product\/pts-epm-150-bb-salv-oliivroheline\/","og_site_name":"Lahingurada e-pood","article_publisher":"https:\/\/www.facebook.com\/Lahingurada-629940247212967","article_modified_time":"2026-05-07T15:45:06+00:00","og_image":[{"width":1400,"height":980,"url":"https:\/\/lahingupood.ee\/wp-content\/uploads\/2023\/12\/107808220_1.jpg","type":"image\/jpeg"}],"twitter_card":"summary_large_image","twitter_misc":{"Estimated reading time":"1 minute"},"schema":{"@context":"https:\/\/schema.org","@graph":[{"@type":"WebPage","@id":"https:\/\/lahingupood.ee\/toode\/pts-epm-150-bb-salv-oliivroheline\/","url":"https:\/\/lahingupood.ee\/toode\/pts-epm-150-bb-salv-oliivroheline\/","name":"PTS EPM 150 BB salv oliivroheline","isPartOf":{"@id":"https:\/\/lahingupood.ee\/#website"},"primaryImageOfPage":{"@id":"https:\/\/lahingupood.ee\/toode\/pts-epm-150-bb-salv-oliivroheline\/#primaryimage"},"image":{"@id":"https:\/\/lahingupood.ee\/toode\/pts-epm-150-bb-salv-oliivroheline\/#primaryimage"},"thumbnailUrl":"https:\/\/lahingupood.ee\/wp-content\/uploads\/2023\/12\/107808220_1.jpg","datePublished":"2023-12-22T13:26:25+00:00","dateModified":"2026-05-07T15:45:06+00:00","description":"PTS EPM 150 BB salv on kvaliteetne oliivroheline mid-cap AEG salv M4\/AR-15 t\u00fc\u00fcpi airsoft replikatele. Tugev Dupont Zytel pol\u00fcmeerkorpus.","breadcrumb":{"@id":"https:\/\/lahingupood.ee\/toode\/pts-epm-150-bb-salv-oliivroheline\/#breadcrumb"},"inLanguage":"en-GB","potentialAction":[{"@type":"ReadAction","target":["https:\/\/lahingupood.ee\/toode\/pts-epm-150-bb-salv-oliivroheline\/"]}]},{"@type":"ImageObject","inLanguage":"en-GB","@id":"https:\/\/lahingupood.ee\/toode\/pts-epm-150-bb-salv-oliivroheline\/#primaryimage","url":"https:\/\/lahingupood.ee\/wp-content\/uploads\/2023\/12\/107808220_1.jpg","contentUrl":"https:\/\/lahingupood.ee\/wp-content\/uploads\/2023\/12\/107808220_1.jpg","width":1400,"height":980,"caption":"PTS Syndicate Enhanced Polymer Magazine OD"},{"@type":"BreadcrumbList","@id":"https:\/\/lahingupood.ee\/toode\/pts-epm-150-bb-salv-oliivroheline\/#breadcrumb","itemListElement":[{"@type":"ListItem","position":1,"name":"Home","item":"https:\/\/lahingupood.ee\/"},{"@type":"ListItem","position":2,"name":"Tooted","item":"https:\/\/lahingupood.ee\/tooted\/"},{"@type":"ListItem","position":3,"name":"PTS Syndicate EPM 150 BB salv oliivroheline"}]},{"@type":"WebSite","@id":"https:\/\/lahingupood.ee\/#website","url":"https:\/\/lahingupood.ee\/","name":"Lahingurada e-pood","description":"Airsoft","publisher":{"@id":"https:\/\/lahingupood.ee\/#organization"},"potentialAction":[{"@type":"SearchAction","target":{"@type":"EntryPoint","urlTemplate":"https:\/\/lahingupood.ee\/?s={search_term_string}"},"query-input":{"@type":"PropertyValueSpecification","valueRequired":true,"valueName":"search_term_string"}}],"inLanguage":"en-GB"},{"@type":"Organization","@id":"https:\/\/lahingupood.ee\/#organization","name":"Lahingurada","url":"https:\/\/lahingupood.ee\/","logo":{"@type":"ImageObject","inLanguage":"en-GB","@id":"https:\/\/lahingupood.ee\/#\/schema\/logo\/image\/","url":"https:\/\/lahingupood.ee\/wp-content\/uploads\/2022\/03\/lahingurada-220318.jpg","contentUrl":"https:\/\/lahingupood.ee\/wp-content\/uploads\/2022\/03\/lahingurada-220318.jpg","width":800,"height":500,"caption":"Lahingurada"},"image":{"@id":"https:\/\/lahingupood.ee\/#\/schema\/logo\/image\/"},"sameAs":["https:\/\/www.facebook.com\/Lahingurada-629940247212967"]}]}},"_links":{"self":[{"href":"https:\/\/lahingupood.ee\/en\/wp-json\/wp\/v2\/product\/4522","targetHints":{"allow":["GET"]}}],"collection":[{"href":"https:\/\/lahingupood.ee\/en\/wp-json\/wp\/v2\/product"}],"about":[{"href":"https:\/\/lahingupood.ee\/en\/wp-json\/wp\/v2\/types\/product"}],"wp:featuredmedia":[{"embeddable":true,"href":"https:\/\/lahingupood.ee\/en\/wp-json\/wp\/v2\/media\/4463"}],"wp:attachment":[{"href":"https:\/\/lahingupood.ee\/en\/wp-json\/wp\/v2\/media?parent=4522"}],"wp:term":[{"taxonomy":"product_brand","embeddable":true,"href":"https:\/\/lahingupood.ee\/en\/wp-json\/wp\/v2\/product_brand?post=4522"},{"taxonomy":"product_cat","embeddable":true,"href":"https:\/\/lahingupood.ee\/en\/wp-json\/wp\/v2\/product_cat?post=4522"},{"taxonomy":"product_tag","embeddable":true,"href":"https:\/\/lahingupood.ee\/en\/wp-json\/wp\/v2\/product_tag?post=4522"}],"curies":[{"name":"wp","href":"https:\/\/api.w.org\/{rel}","templated":true}]}}