{"id":4521,"date":"2023-12-22T15:21:46","date_gmt":"2023-12-22T13:21:46","guid":{"rendered":"https:\/\/lahingupood.ee\/?post_type=product&#038;p=4521"},"modified":"2026-04-12T20:00:06","modified_gmt":"2026-04-12T17:00:06","slug":"aap01c-gbb-full-auto-semi-auto","status":"publish","type":"product","link":"https:\/\/lahingupood.ee\/en\/product\/aap01c-gbb-full-auto-semi-auto\/","title":{"rendered":"AAP01C GBB Full Auto \/ Semi Auto"},"content":{"rendered":"<p>AAP01C GBB Full Auto \/ Semi Auto<\/p>\n<p>Tuntud replika AAP01 v\u00e4ike vend AAP01C. Uuemal versioonil on s\u00e4ilind samad funktsioonid nagu semi ja full auto ning lihtne lahti v\u00f5tmine. kasutab endiselt glocki salvi. v\u00e4ljalaske v\u00f5imsus on 0.9J.<\/p>","protected":false},"excerpt":{"rendered":"<p>AAP01C GBB Full Auto \/ Semi Auto Tuntud replika AAP01 v\u00e4ike vend AAP01C. Uuemal versioonil on s\u00e4ilind samad funktsioonid nagu semi ja full auto ning lihtne lahti v\u00f5tmine. kasutab endiselt glocki salvi. v\u00e4ljalaske v\u00f5imsus on 0.9J.<\/p>","protected":false},"featured_media":4490,"template":"","meta":[],"product_brand":[],"product_cat":[24],"product_tag":[],"class_list":{"0":"post-4521","1":"product","2":"type-product","3":"status-publish","4":"has-post-thumbnail","6":"product_cat-gbb-relvad","8":"first","9":"outofstock","10":"taxable","11":"shipping-taxable","12":"purchasable","13":"product-type-simple"},"yoast_head":"<!-- This site is optimized with the Yoast SEO Premium plugin v27.3 (Yoast SEO v27.3) - https:\/\/yoast.com\/product\/yoast-seo-premium-wordpress\/ -->\n<title>AAP01C GBB Full Auto \/ Semi Auto - Lahingurada e-pood<\/title>\n<meta name=\"description\" content=\"AAP01C GBB Full Auto \/ Semi AutoTuntud replika AAP01 v\u00e4ike vend AAP01C. Uuemal versioonil on s\u00e4ilind samad funktsioonid nagu semi ja full auto ning lihtne\" \/>\n<meta name=\"robots\" content=\"index, follow, max-snippet:-1, max-image-preview:large, max-video-preview:-1\" \/>\n<link rel=\"canonical\" href=\"https:\/\/lahingupood.ee\/en\/product\/aap01c-gbb-full-auto-semi-auto\/\" \/>\n<meta property=\"og:locale\" content=\"en_GB\" \/>\n<meta property=\"og:type\" content=\"article\" \/>\n<meta property=\"og:title\" content=\"AAP01C GBB Full Auto \/ Semi Auto\" \/>\n<meta property=\"og:description\" content=\"AAP01C GBB Full Auto \/ Semi AutoTuntud replika AAP01 v\u00e4ike vend AAP01C. Uuemal versioonil on s\u00e4ilind samad funktsioonid nagu semi ja full auto ning lihtne\" \/>\n<meta property=\"og:url\" content=\"https:\/\/lahingupood.ee\/en\/product\/aap01c-gbb-full-auto-semi-auto\/\" \/>\n<meta property=\"og:site_name\" content=\"Lahingurada e-pood\" \/>\n<meta property=\"article:publisher\" content=\"https:\/\/www.facebook.com\/Lahingurada-629940247212967\" \/>\n<meta property=\"article:modified_time\" content=\"2026-04-12T17:00:06+00:00\" \/>\n<meta property=\"og:image\" content=\"https:\/\/lahingupood.ee\/wp-content\/uploads\/2023\/12\/120108060_1.jpg\" \/>\n\t<meta property=\"og:image:width\" content=\"1400\" \/>\n\t<meta property=\"og:image:height\" content=\"979\" \/>\n\t<meta property=\"og:image:type\" content=\"image\/jpeg\" \/>\n<meta name=\"twitter:card\" content=\"summary_large_image\" \/>\n<meta name=\"twitter:label1\" content=\"Estimated reading time\" \/>\n\t<meta name=\"twitter:data1\" content=\"1 minute\" \/>\n<script type=\"application\/ld+json\" class=\"yoast-schema-graph\">{\"@context\":\"https:\\\/\\\/schema.org\",\"@graph\":[{\"@type\":\"WebPage\",\"@id\":\"https:\\\/\\\/lahingupood.ee\\\/toode\\\/aap01c-gbb-full-auto-semi-auto\\\/\",\"url\":\"https:\\\/\\\/lahingupood.ee\\\/toode\\\/aap01c-gbb-full-auto-semi-auto\\\/\",\"name\":\"AAP01C GBB Full Auto \\\/ Semi Auto - Lahingurada e-pood\",\"isPartOf\":{\"@id\":\"https:\\\/\\\/lahingupood.ee\\\/#website\"},\"primaryImageOfPage\":{\"@id\":\"https:\\\/\\\/lahingupood.ee\\\/toode\\\/aap01c-gbb-full-auto-semi-auto\\\/#primaryimage\"},\"image\":{\"@id\":\"https:\\\/\\\/lahingupood.ee\\\/toode\\\/aap01c-gbb-full-auto-semi-auto\\\/#primaryimage\"},\"thumbnailUrl\":\"https:\\\/\\\/lahingupood.ee\\\/wp-content\\\/uploads\\\/2023\\\/12\\\/120108060_1.jpg\",\"datePublished\":\"2023-12-22T13:21:46+00:00\",\"dateModified\":\"2026-04-12T17:00:06+00:00\",\"description\":\"AAP01C GBB Full Auto \\\/ Semi AutoTuntud replika AAP01 v\u00e4ike vend AAP01C. Uuemal versioonil on s\u00e4ilind samad funktsioonid nagu semi ja full auto ning lihtne\",\"breadcrumb\":{\"@id\":\"https:\\\/\\\/lahingupood.ee\\\/toode\\\/aap01c-gbb-full-auto-semi-auto\\\/#breadcrumb\"},\"inLanguage\":\"en-GB\",\"potentialAction\":[{\"@type\":\"ReadAction\",\"target\":[\"https:\\\/\\\/lahingupood.ee\\\/toode\\\/aap01c-gbb-full-auto-semi-auto\\\/\"]}]},{\"@type\":\"ImageObject\",\"inLanguage\":\"en-GB\",\"@id\":\"https:\\\/\\\/lahingupood.ee\\\/toode\\\/aap01c-gbb-full-auto-semi-auto\\\/#primaryimage\",\"url\":\"https:\\\/\\\/lahingupood.ee\\\/wp-content\\\/uploads\\\/2023\\\/12\\\/120108060_1.jpg\",\"contentUrl\":\"https:\\\/\\\/lahingupood.ee\\\/wp-content\\\/uploads\\\/2023\\\/12\\\/120108060_1.jpg\",\"width\":1400,\"height\":979},{\"@type\":\"BreadcrumbList\",\"@id\":\"https:\\\/\\\/lahingupood.ee\\\/toode\\\/aap01c-gbb-full-auto-semi-auto\\\/#breadcrumb\",\"itemListElement\":[{\"@type\":\"ListItem\",\"position\":1,\"name\":\"Home\",\"item\":\"https:\\\/\\\/lahingupood.ee\\\/\"},{\"@type\":\"ListItem\",\"position\":2,\"name\":\"Tooted\",\"item\":\"https:\\\/\\\/lahingupood.ee\\\/tooted\\\/\"},{\"@type\":\"ListItem\",\"position\":3,\"name\":\"AAP01C GBB Full Auto \\\/ Semi Auto\"}]},{\"@type\":\"WebSite\",\"@id\":\"https:\\\/\\\/lahingupood.ee\\\/#website\",\"url\":\"https:\\\/\\\/lahingupood.ee\\\/\",\"name\":\"Lahingurada e-pood\",\"description\":\"Airsoft\",\"publisher\":{\"@id\":\"https:\\\/\\\/lahingupood.ee\\\/#organization\"},\"potentialAction\":[{\"@type\":\"SearchAction\",\"target\":{\"@type\":\"EntryPoint\",\"urlTemplate\":\"https:\\\/\\\/lahingupood.ee\\\/?s={search_term_string}\"},\"query-input\":{\"@type\":\"PropertyValueSpecification\",\"valueRequired\":true,\"valueName\":\"search_term_string\"}}],\"inLanguage\":\"en-GB\"},{\"@type\":\"Organization\",\"@id\":\"https:\\\/\\\/lahingupood.ee\\\/#organization\",\"name\":\"Lahingurada\",\"url\":\"https:\\\/\\\/lahingupood.ee\\\/\",\"logo\":{\"@type\":\"ImageObject\",\"inLanguage\":\"en-GB\",\"@id\":\"https:\\\/\\\/lahingupood.ee\\\/#\\\/schema\\\/logo\\\/image\\\/\",\"url\":\"https:\\\/\\\/lahingupood.ee\\\/wp-content\\\/uploads\\\/2022\\\/03\\\/lahingurada-220318.jpg\",\"contentUrl\":\"https:\\\/\\\/lahingupood.ee\\\/wp-content\\\/uploads\\\/2022\\\/03\\\/lahingurada-220318.jpg\",\"width\":800,\"height\":500,\"caption\":\"Lahingurada\"},\"image\":{\"@id\":\"https:\\\/\\\/lahingupood.ee\\\/#\\\/schema\\\/logo\\\/image\\\/\"},\"sameAs\":[\"https:\\\/\\\/www.facebook.com\\\/Lahingurada-629940247212967\"]}]}<\/script>\n<!-- \/ Yoast SEO Premium plugin. -->","yoast_head_json":{"title":"AAP01C GBB Full Auto \/ Semi Auto - Lahingurada e-pood","description":"AAP01C GBB Full Auto \/ Semi AutoTuntud replika AAP01 v\u00e4ike vend AAP01C. Uuemal versioonil on s\u00e4ilind samad funktsioonid nagu semi ja full auto ning lihtne","robots":{"index":"index","follow":"follow","max-snippet":"max-snippet:-1","max-image-preview":"max-image-preview:large","max-video-preview":"max-video-preview:-1"},"canonical":"https:\/\/lahingupood.ee\/en\/product\/aap01c-gbb-full-auto-semi-auto\/","og_locale":"en_GB","og_type":"article","og_title":"AAP01C GBB Full Auto \/ Semi Auto","og_description":"AAP01C GBB Full Auto \/ Semi AutoTuntud replika AAP01 v\u00e4ike vend AAP01C. Uuemal versioonil on s\u00e4ilind samad funktsioonid nagu semi ja full auto ning lihtne","og_url":"https:\/\/lahingupood.ee\/en\/product\/aap01c-gbb-full-auto-semi-auto\/","og_site_name":"Lahingurada e-pood","article_publisher":"https:\/\/www.facebook.com\/Lahingurada-629940247212967","article_modified_time":"2026-04-12T17:00:06+00:00","og_image":[{"width":1400,"height":979,"url":"https:\/\/lahingupood.ee\/wp-content\/uploads\/2023\/12\/120108060_1.jpg","type":"image\/jpeg"}],"twitter_card":"summary_large_image","twitter_misc":{"Estimated reading time":"1 minute"},"schema":{"@context":"https:\/\/schema.org","@graph":[{"@type":"WebPage","@id":"https:\/\/lahingupood.ee\/toode\/aap01c-gbb-full-auto-semi-auto\/","url":"https:\/\/lahingupood.ee\/toode\/aap01c-gbb-full-auto-semi-auto\/","name":"AAP01C GBB Full Auto \/ Semi Auto - Lahingurada e-pood","isPartOf":{"@id":"https:\/\/lahingupood.ee\/#website"},"primaryImageOfPage":{"@id":"https:\/\/lahingupood.ee\/toode\/aap01c-gbb-full-auto-semi-auto\/#primaryimage"},"image":{"@id":"https:\/\/lahingupood.ee\/toode\/aap01c-gbb-full-auto-semi-auto\/#primaryimage"},"thumbnailUrl":"https:\/\/lahingupood.ee\/wp-content\/uploads\/2023\/12\/120108060_1.jpg","datePublished":"2023-12-22T13:21:46+00:00","dateModified":"2026-04-12T17:00:06+00:00","description":"AAP01C GBB Full Auto \/ Semi AutoTuntud replika AAP01 v\u00e4ike vend AAP01C. Uuemal versioonil on s\u00e4ilind samad funktsioonid nagu semi ja full auto ning lihtne","breadcrumb":{"@id":"https:\/\/lahingupood.ee\/toode\/aap01c-gbb-full-auto-semi-auto\/#breadcrumb"},"inLanguage":"en-GB","potentialAction":[{"@type":"ReadAction","target":["https:\/\/lahingupood.ee\/toode\/aap01c-gbb-full-auto-semi-auto\/"]}]},{"@type":"ImageObject","inLanguage":"en-GB","@id":"https:\/\/lahingupood.ee\/toode\/aap01c-gbb-full-auto-semi-auto\/#primaryimage","url":"https:\/\/lahingupood.ee\/wp-content\/uploads\/2023\/12\/120108060_1.jpg","contentUrl":"https:\/\/lahingupood.ee\/wp-content\/uploads\/2023\/12\/120108060_1.jpg","width":1400,"height":979},{"@type":"BreadcrumbList","@id":"https:\/\/lahingupood.ee\/toode\/aap01c-gbb-full-auto-semi-auto\/#breadcrumb","itemListElement":[{"@type":"ListItem","position":1,"name":"Home","item":"https:\/\/lahingupood.ee\/"},{"@type":"ListItem","position":2,"name":"Tooted","item":"https:\/\/lahingupood.ee\/tooted\/"},{"@type":"ListItem","position":3,"name":"AAP01C GBB Full Auto \/ Semi Auto"}]},{"@type":"WebSite","@id":"https:\/\/lahingupood.ee\/#website","url":"https:\/\/lahingupood.ee\/","name":"Lahingurada e-pood","description":"Airsoft","publisher":{"@id":"https:\/\/lahingupood.ee\/#organization"},"potentialAction":[{"@type":"SearchAction","target":{"@type":"EntryPoint","urlTemplate":"https:\/\/lahingupood.ee\/?s={search_term_string}"},"query-input":{"@type":"PropertyValueSpecification","valueRequired":true,"valueName":"search_term_string"}}],"inLanguage":"en-GB"},{"@type":"Organization","@id":"https:\/\/lahingupood.ee\/#organization","name":"Lahingurada","url":"https:\/\/lahingupood.ee\/","logo":{"@type":"ImageObject","inLanguage":"en-GB","@id":"https:\/\/lahingupood.ee\/#\/schema\/logo\/image\/","url":"https:\/\/lahingupood.ee\/wp-content\/uploads\/2022\/03\/lahingurada-220318.jpg","contentUrl":"https:\/\/lahingupood.ee\/wp-content\/uploads\/2022\/03\/lahingurada-220318.jpg","width":800,"height":500,"caption":"Lahingurada"},"image":{"@id":"https:\/\/lahingupood.ee\/#\/schema\/logo\/image\/"},"sameAs":["https:\/\/www.facebook.com\/Lahingurada-629940247212967"]}]}},"_links":{"self":[{"href":"https:\/\/lahingupood.ee\/en\/wp-json\/wp\/v2\/product\/4521","targetHints":{"allow":["GET"]}}],"collection":[{"href":"https:\/\/lahingupood.ee\/en\/wp-json\/wp\/v2\/product"}],"about":[{"href":"https:\/\/lahingupood.ee\/en\/wp-json\/wp\/v2\/types\/product"}],"wp:featuredmedia":[{"embeddable":true,"href":"https:\/\/lahingupood.ee\/en\/wp-json\/wp\/v2\/media\/4490"}],"wp:attachment":[{"href":"https:\/\/lahingupood.ee\/en\/wp-json\/wp\/v2\/media?parent=4521"}],"wp:term":[{"taxonomy":"product_brand","embeddable":true,"href":"https:\/\/lahingupood.ee\/en\/wp-json\/wp\/v2\/product_brand?post=4521"},{"taxonomy":"product_cat","embeddable":true,"href":"https:\/\/lahingupood.ee\/en\/wp-json\/wp\/v2\/product_cat?post=4521"},{"taxonomy":"product_tag","embeddable":true,"href":"https:\/\/lahingupood.ee\/en\/wp-json\/wp\/v2\/product_tag?post=4521"}],"curies":[{"name":"wp","href":"https:\/\/api.w.org\/{rel}","templated":true}]}}