{"id":4330,"date":"2023-09-27T10:58:02","date_gmt":"2023-09-27T07:58:02","guid":{"rendered":"https:\/\/lahingupood.ee\/?post_type=product&#038;p=4330"},"modified":"2026-04-17T13:30:04","modified_gmt":"2026-04-17T10:30:04","slug":"nuprol-pro-goggles-large-tan","status":"publish","type":"product","link":"https:\/\/lahingupood.ee\/en\/product\/nuprol-pro-goggles-large-tan\/","title":{"rendered":"Nuprol PRO Goggles (Large) \u2013 Tan"},"content":{"rendered":"<p>Nuprol PRO Goggles (Large) \u2013 Tan<\/p>\n<p>Tan v\u00e4rvi raamiga v\u00f5rkprillid. Prillid on suuremad kui teised ja veidi laiemad. Sobib h\u00e4sti m\u00e4ngimiseks kui on pidev probleem et klaasist prillid l\u00e4hevad uduseks. Tootja Nuprol<\/p>","protected":false},"excerpt":{"rendered":"<p>Nuprol PRO Goggles (Large) \u2013 Tan Tan v\u00e4rvi raamiga v\u00f5rkprillid. Prillid on suuremad kui teised ja veidi laiemad. Sobib h\u00e4sti m\u00e4ngimiseks kui on pidev probleem et klaasist prillid l\u00e4hevad uduseks. Tootja Nuprol<\/p>","protected":false},"featured_media":4314,"template":"","meta":[],"product_brand":[],"product_cat":[62],"product_tag":[],"class_list":{"0":"post-4330","1":"product","2":"type-product","3":"status-publish","4":"has-post-thumbnail","6":"product_cat-prillid","8":"first","9":"outofstock","10":"taxable","11":"shipping-taxable","12":"purchasable","13":"product-type-simple"},"yoast_head":"<!-- This site is optimized with the Yoast SEO Premium plugin v27.4 (Yoast SEO v27.4) - https:\/\/yoast.com\/product\/yoast-seo-premium-wordpress\/ -->\n<title>Nuprol PRO Goggles (Large) \u2013 Tan - Lahingurada e-pood<\/title>\n<meta name=\"description\" content=\"Nuprol PRO Goggles (Large) \u2013 TanTan v\u00e4rvi raamiga v\u00f5rkprillid. Prillid on suuremad kui teised ja veidi laiemad. Sobib h\u00e4sti m\u00e4ngimiseks kui on pidev proble\" \/>\n<meta name=\"robots\" content=\"index, follow, max-snippet:-1, max-image-preview:large, max-video-preview:-1\" \/>\n<link rel=\"canonical\" href=\"https:\/\/lahingupood.ee\/en\/product\/nuprol-pro-goggles-large-tan\/\" \/>\n<meta property=\"og:locale\" content=\"en_GB\" \/>\n<meta property=\"og:type\" content=\"article\" \/>\n<meta property=\"og:title\" content=\"Nuprol PRO Goggles (Large) \u2013 Tan\" \/>\n<meta property=\"og:description\" content=\"Nuprol PRO Goggles (Large) \u2013 TanTan v\u00e4rvi raamiga v\u00f5rkprillid. Prillid on suuremad kui teised ja veidi laiemad. Sobib h\u00e4sti m\u00e4ngimiseks kui on pidev proble\" \/>\n<meta property=\"og:url\" content=\"https:\/\/lahingupood.ee\/en\/product\/nuprol-pro-goggles-large-tan\/\" \/>\n<meta property=\"og:site_name\" content=\"Lahingurada e-pood\" \/>\n<meta property=\"article:publisher\" content=\"https:\/\/www.facebook.com\/Lahingurada-629940247212967\" \/>\n<meta property=\"article:modified_time\" content=\"2026-04-17T10:30:04+00:00\" \/>\n<meta property=\"og:image\" content=\"https:\/\/lahingupood.ee\/wp-content\/uploads\/2023\/09\/1152207570_1.webp\" \/>\n\t<meta property=\"og:image:width\" content=\"1920\" \/>\n\t<meta property=\"og:image:height\" content=\"1280\" \/>\n\t<meta property=\"og:image:type\" content=\"image\/webp\" \/>\n<meta name=\"twitter:card\" content=\"summary_large_image\" \/>\n<meta name=\"twitter:label1\" content=\"Estimated reading time\" \/>\n\t<meta name=\"twitter:data1\" content=\"1 minute\" \/>\n<script type=\"application\/ld+json\" class=\"yoast-schema-graph\">{\"@context\":\"https:\\\/\\\/schema.org\",\"@graph\":[{\"@type\":\"WebPage\",\"@id\":\"https:\\\/\\\/lahingupood.ee\\\/toode\\\/nuprol-pro-goggles-large-tan\\\/\",\"url\":\"https:\\\/\\\/lahingupood.ee\\\/toode\\\/nuprol-pro-goggles-large-tan\\\/\",\"name\":\"Nuprol PRO Goggles (Large) \u2013 Tan - Lahingurada e-pood\",\"isPartOf\":{\"@id\":\"https:\\\/\\\/lahingupood.ee\\\/#website\"},\"primaryImageOfPage\":{\"@id\":\"https:\\\/\\\/lahingupood.ee\\\/toode\\\/nuprol-pro-goggles-large-tan\\\/#primaryimage\"},\"image\":{\"@id\":\"https:\\\/\\\/lahingupood.ee\\\/toode\\\/nuprol-pro-goggles-large-tan\\\/#primaryimage\"},\"thumbnailUrl\":\"https:\\\/\\\/lahingupood.ee\\\/wp-content\\\/uploads\\\/2023\\\/09\\\/1152207570_1.webp\",\"datePublished\":\"2023-09-27T07:58:02+00:00\",\"dateModified\":\"2026-04-17T10:30:04+00:00\",\"description\":\"Nuprol PRO Goggles (Large) \u2013 TanTan v\u00e4rvi raamiga v\u00f5rkprillid. Prillid on suuremad kui teised ja veidi laiemad. Sobib h\u00e4sti m\u00e4ngimiseks kui on pidev proble\",\"breadcrumb\":{\"@id\":\"https:\\\/\\\/lahingupood.ee\\\/toode\\\/nuprol-pro-goggles-large-tan\\\/#breadcrumb\"},\"inLanguage\":\"en-GB\",\"potentialAction\":[{\"@type\":\"ReadAction\",\"target\":[\"https:\\\/\\\/lahingupood.ee\\\/toode\\\/nuprol-pro-goggles-large-tan\\\/\"]}]},{\"@type\":\"ImageObject\",\"inLanguage\":\"en-GB\",\"@id\":\"https:\\\/\\\/lahingupood.ee\\\/toode\\\/nuprol-pro-goggles-large-tan\\\/#primaryimage\",\"url\":\"https:\\\/\\\/lahingupood.ee\\\/wp-content\\\/uploads\\\/2023\\\/09\\\/1152207570_1.webp\",\"contentUrl\":\"https:\\\/\\\/lahingupood.ee\\\/wp-content\\\/uploads\\\/2023\\\/09\\\/1152207570_1.webp\",\"width\":1920,\"height\":1280},{\"@type\":\"BreadcrumbList\",\"@id\":\"https:\\\/\\\/lahingupood.ee\\\/toode\\\/nuprol-pro-goggles-large-tan\\\/#breadcrumb\",\"itemListElement\":[{\"@type\":\"ListItem\",\"position\":1,\"name\":\"Home\",\"item\":\"https:\\\/\\\/lahingupood.ee\\\/\"},{\"@type\":\"ListItem\",\"position\":2,\"name\":\"Tooted\",\"item\":\"https:\\\/\\\/lahingupood.ee\\\/tooted\\\/\"},{\"@type\":\"ListItem\",\"position\":3,\"name\":\"Nuprol PRO Goggles (Large) \u2013 Tan\"}]},{\"@type\":\"WebSite\",\"@id\":\"https:\\\/\\\/lahingupood.ee\\\/#website\",\"url\":\"https:\\\/\\\/lahingupood.ee\\\/\",\"name\":\"Lahingurada e-pood\",\"description\":\"Airsoft\",\"publisher\":{\"@id\":\"https:\\\/\\\/lahingupood.ee\\\/#organization\"},\"potentialAction\":[{\"@type\":\"SearchAction\",\"target\":{\"@type\":\"EntryPoint\",\"urlTemplate\":\"https:\\\/\\\/lahingupood.ee\\\/?s={search_term_string}\"},\"query-input\":{\"@type\":\"PropertyValueSpecification\",\"valueRequired\":true,\"valueName\":\"search_term_string\"}}],\"inLanguage\":\"en-GB\"},{\"@type\":\"Organization\",\"@id\":\"https:\\\/\\\/lahingupood.ee\\\/#organization\",\"name\":\"Lahingurada\",\"url\":\"https:\\\/\\\/lahingupood.ee\\\/\",\"logo\":{\"@type\":\"ImageObject\",\"inLanguage\":\"en-GB\",\"@id\":\"https:\\\/\\\/lahingupood.ee\\\/#\\\/schema\\\/logo\\\/image\\\/\",\"url\":\"https:\\\/\\\/lahingupood.ee\\\/wp-content\\\/uploads\\\/2022\\\/03\\\/lahingurada-220318.jpg\",\"contentUrl\":\"https:\\\/\\\/lahingupood.ee\\\/wp-content\\\/uploads\\\/2022\\\/03\\\/lahingurada-220318.jpg\",\"width\":800,\"height\":500,\"caption\":\"Lahingurada\"},\"image\":{\"@id\":\"https:\\\/\\\/lahingupood.ee\\\/#\\\/schema\\\/logo\\\/image\\\/\"},\"sameAs\":[\"https:\\\/\\\/www.facebook.com\\\/Lahingurada-629940247212967\"]}]}<\/script>\n<!-- \/ Yoast SEO Premium plugin. -->","yoast_head_json":{"title":"Nuprol PRO Goggles (Large) \u2013 Tan - Lahingurada e-pood","description":"Nuprol PRO Goggles (Large) \u2013 TanTan v\u00e4rvi raamiga v\u00f5rkprillid. Prillid on suuremad kui teised ja veidi laiemad. Sobib h\u00e4sti m\u00e4ngimiseks kui on pidev proble","robots":{"index":"index","follow":"follow","max-snippet":"max-snippet:-1","max-image-preview":"max-image-preview:large","max-video-preview":"max-video-preview:-1"},"canonical":"https:\/\/lahingupood.ee\/en\/product\/nuprol-pro-goggles-large-tan\/","og_locale":"en_GB","og_type":"article","og_title":"Nuprol PRO Goggles (Large) \u2013 Tan","og_description":"Nuprol PRO Goggles (Large) \u2013 TanTan v\u00e4rvi raamiga v\u00f5rkprillid. Prillid on suuremad kui teised ja veidi laiemad. Sobib h\u00e4sti m\u00e4ngimiseks kui on pidev proble","og_url":"https:\/\/lahingupood.ee\/en\/product\/nuprol-pro-goggles-large-tan\/","og_site_name":"Lahingurada e-pood","article_publisher":"https:\/\/www.facebook.com\/Lahingurada-629940247212967","article_modified_time":"2026-04-17T10:30:04+00:00","og_image":[{"width":1920,"height":1280,"url":"https:\/\/lahingupood.ee\/wp-content\/uploads\/2023\/09\/1152207570_1.webp","type":"image\/webp"}],"twitter_card":"summary_large_image","twitter_misc":{"Estimated reading time":"1 minute"},"schema":{"@context":"https:\/\/schema.org","@graph":[{"@type":"WebPage","@id":"https:\/\/lahingupood.ee\/toode\/nuprol-pro-goggles-large-tan\/","url":"https:\/\/lahingupood.ee\/toode\/nuprol-pro-goggles-large-tan\/","name":"Nuprol PRO Goggles (Large) \u2013 Tan - Lahingurada e-pood","isPartOf":{"@id":"https:\/\/lahingupood.ee\/#website"},"primaryImageOfPage":{"@id":"https:\/\/lahingupood.ee\/toode\/nuprol-pro-goggles-large-tan\/#primaryimage"},"image":{"@id":"https:\/\/lahingupood.ee\/toode\/nuprol-pro-goggles-large-tan\/#primaryimage"},"thumbnailUrl":"https:\/\/lahingupood.ee\/wp-content\/uploads\/2023\/09\/1152207570_1.webp","datePublished":"2023-09-27T07:58:02+00:00","dateModified":"2026-04-17T10:30:04+00:00","description":"Nuprol PRO Goggles (Large) \u2013 TanTan v\u00e4rvi raamiga v\u00f5rkprillid. Prillid on suuremad kui teised ja veidi laiemad. Sobib h\u00e4sti m\u00e4ngimiseks kui on pidev proble","breadcrumb":{"@id":"https:\/\/lahingupood.ee\/toode\/nuprol-pro-goggles-large-tan\/#breadcrumb"},"inLanguage":"en-GB","potentialAction":[{"@type":"ReadAction","target":["https:\/\/lahingupood.ee\/toode\/nuprol-pro-goggles-large-tan\/"]}]},{"@type":"ImageObject","inLanguage":"en-GB","@id":"https:\/\/lahingupood.ee\/toode\/nuprol-pro-goggles-large-tan\/#primaryimage","url":"https:\/\/lahingupood.ee\/wp-content\/uploads\/2023\/09\/1152207570_1.webp","contentUrl":"https:\/\/lahingupood.ee\/wp-content\/uploads\/2023\/09\/1152207570_1.webp","width":1920,"height":1280},{"@type":"BreadcrumbList","@id":"https:\/\/lahingupood.ee\/toode\/nuprol-pro-goggles-large-tan\/#breadcrumb","itemListElement":[{"@type":"ListItem","position":1,"name":"Home","item":"https:\/\/lahingupood.ee\/"},{"@type":"ListItem","position":2,"name":"Tooted","item":"https:\/\/lahingupood.ee\/tooted\/"},{"@type":"ListItem","position":3,"name":"Nuprol PRO Goggles (Large) \u2013 Tan"}]},{"@type":"WebSite","@id":"https:\/\/lahingupood.ee\/#website","url":"https:\/\/lahingupood.ee\/","name":"Lahingurada e-pood","description":"Airsoft","publisher":{"@id":"https:\/\/lahingupood.ee\/#organization"},"potentialAction":[{"@type":"SearchAction","target":{"@type":"EntryPoint","urlTemplate":"https:\/\/lahingupood.ee\/?s={search_term_string}"},"query-input":{"@type":"PropertyValueSpecification","valueRequired":true,"valueName":"search_term_string"}}],"inLanguage":"en-GB"},{"@type":"Organization","@id":"https:\/\/lahingupood.ee\/#organization","name":"Lahingurada","url":"https:\/\/lahingupood.ee\/","logo":{"@type":"ImageObject","inLanguage":"en-GB","@id":"https:\/\/lahingupood.ee\/#\/schema\/logo\/image\/","url":"https:\/\/lahingupood.ee\/wp-content\/uploads\/2022\/03\/lahingurada-220318.jpg","contentUrl":"https:\/\/lahingupood.ee\/wp-content\/uploads\/2022\/03\/lahingurada-220318.jpg","width":800,"height":500,"caption":"Lahingurada"},"image":{"@id":"https:\/\/lahingupood.ee\/#\/schema\/logo\/image\/"},"sameAs":["https:\/\/www.facebook.com\/Lahingurada-629940247212967"]}]}},"_links":{"self":[{"href":"https:\/\/lahingupood.ee\/en\/wp-json\/wp\/v2\/product\/4330","targetHints":{"allow":["GET"]}}],"collection":[{"href":"https:\/\/lahingupood.ee\/en\/wp-json\/wp\/v2\/product"}],"about":[{"href":"https:\/\/lahingupood.ee\/en\/wp-json\/wp\/v2\/types\/product"}],"wp:featuredmedia":[{"embeddable":true,"href":"https:\/\/lahingupood.ee\/en\/wp-json\/wp\/v2\/media\/4314"}],"wp:attachment":[{"href":"https:\/\/lahingupood.ee\/en\/wp-json\/wp\/v2\/media?parent=4330"}],"wp:term":[{"taxonomy":"product_brand","embeddable":true,"href":"https:\/\/lahingupood.ee\/en\/wp-json\/wp\/v2\/product_brand?post=4330"},{"taxonomy":"product_cat","embeddable":true,"href":"https:\/\/lahingupood.ee\/en\/wp-json\/wp\/v2\/product_cat?post=4330"},{"taxonomy":"product_tag","embeddable":true,"href":"https:\/\/lahingupood.ee\/en\/wp-json\/wp\/v2\/product_tag?post=4330"}],"curies":[{"name":"wp","href":"https:\/\/api.w.org\/{rel}","templated":true}]}}