{"id":430,"date":"2022-03-28T16:31:40","date_gmt":"2022-03-28T13:31:40","guid":{"rendered":"https:\/\/lahingupood.ee\/?post_type=product&#038;p=430"},"modified":"2026-05-02T21:00:07","modified_gmt":"2026-05-02T18:00:07","slug":"p90-salv-70bb","status":"publish","type":"product","link":"https:\/\/lahingupood.ee\/en\/product\/p90-salv-70bb\/","title":{"rendered":"P90 salv 70BB"},"content":{"rendered":"<p>P90 salv 70BB on Airsoft P90 t\u00fc\u00fcpi relvadele m\u00f5eldud kompaktne ja t\u00f6\u00f6kindel salv, mis pakub realistlikku ja tasakaalustatud m\u00e4ngukogemust. Tegemist on madalama mahutavusega salvega, mis mahutab kuni 70 BB kuuli ning sobib m\u00e4ngijatele, kes eelistavad realistlikumat laadimis- ja m\u00e4ngustiili.<\/p>","protected":false},"excerpt":{"rendered":"<p>P90 salv 70BB on Airsoft P90 t\u00fc\u00fcpi relvadele m\u00f5eldud kompaktne ja t\u00f6\u00f6kindel salv, mis pakub realistlikku ja tasakaalustatud m\u00e4ngukogemust. Tegemist on madalama mahutavusega salvega, mis mahutab kuni 70 BB kuuli ning sobib m\u00e4ngijatele, kes eelistavad realistlikumat laadimis- ja m\u00e4ngustiili.<\/p>","protected":false},"featured_media":431,"template":"","meta":[],"product_brand":[],"product_cat":[87,178],"product_tag":[],"class_list":{"0":"post-430","1":"product","2":"type-product","3":"status-publish","4":"has-post-thumbnail","6":"product_cat-aeg-salved","7":"product_cat-muud-salved","9":"first","10":"instock","11":"taxable","12":"shipping-taxable","13":"purchasable","14":"product-type-simple"},"yoast_head":"<!-- This site is optimized with the Yoast SEO Premium plugin v27.5 (Yoast SEO v27.5) - https:\/\/yoast.com\/product\/yoast-seo-premium-wordpress\/ -->\n<title>P90 Salv 70BB \u2013 Airsoft P90 salv<\/title>\n<meta name=\"description\" content=\"P90 salv 70BB on Airsoft P90 relvadele m\u00f5eldud kompaktne salv, mis mahutab 70 BB kuuli ja tagab usaldusv\u00e4\u00e4rse t\u00f6\u00f6.\" \/>\n<meta name=\"robots\" content=\"index, follow, max-snippet:-1, max-image-preview:large, max-video-preview:-1\" \/>\n<link rel=\"canonical\" href=\"https:\/\/lahingupood.ee\/en\/product\/p90-salv-70bb\/\" \/>\n<meta property=\"og:locale\" content=\"en_GB\" \/>\n<meta property=\"og:type\" content=\"article\" \/>\n<meta property=\"og:title\" content=\"P90 salv 70BB\" \/>\n<meta property=\"og:description\" content=\"P90 salv 70BB on Airsoft P90 relvadele m\u00f5eldud kompaktne salv, mis mahutab 70 BB kuuli ja tagab usaldusv\u00e4\u00e4rse t\u00f6\u00f6.\" \/>\n<meta property=\"og:url\" content=\"https:\/\/lahingupood.ee\/en\/product\/p90-salv-70bb\/\" \/>\n<meta property=\"og:site_name\" content=\"Lahingurada e-pood\" \/>\n<meta property=\"article:publisher\" content=\"https:\/\/www.facebook.com\/Lahingurada-629940247212967\" \/>\n<meta property=\"article:modified_time\" content=\"2026-05-02T18:00:07+00:00\" \/>\n<meta property=\"og:image\" content=\"https:\/\/lahingupood.ee\/wp-content\/uploads\/2022\/03\/2404.png\" \/>\n\t<meta property=\"og:image:width\" content=\"1600\" \/>\n\t<meta property=\"og:image:height\" content=\"1215\" \/>\n\t<meta property=\"og:image:type\" content=\"image\/png\" \/>\n<meta name=\"twitter:card\" content=\"summary_large_image\" \/>\n<meta name=\"twitter:label1\" content=\"Estimated reading time\" \/>\n\t<meta name=\"twitter:data1\" content=\"1 minute\" \/>\n<script type=\"application\/ld+json\" class=\"yoast-schema-graph\">{\"@context\":\"https:\\\/\\\/schema.org\",\"@graph\":[{\"@type\":\"WebPage\",\"@id\":\"https:\\\/\\\/lahingupood.ee\\\/toode\\\/p90-salv-70bb\\\/\",\"url\":\"https:\\\/\\\/lahingupood.ee\\\/toode\\\/p90-salv-70bb\\\/\",\"name\":\"P90 Salv 70BB \u2013 Airsoft P90 salv\",\"isPartOf\":{\"@id\":\"https:\\\/\\\/lahingupood.ee\\\/#website\"},\"primaryImageOfPage\":{\"@id\":\"https:\\\/\\\/lahingupood.ee\\\/toode\\\/p90-salv-70bb\\\/#primaryimage\"},\"image\":{\"@id\":\"https:\\\/\\\/lahingupood.ee\\\/toode\\\/p90-salv-70bb\\\/#primaryimage\"},\"thumbnailUrl\":\"https:\\\/\\\/lahingupood.ee\\\/wp-content\\\/uploads\\\/2022\\\/03\\\/2404.png\",\"datePublished\":\"2022-03-28T13:31:40+00:00\",\"dateModified\":\"2026-05-02T18:00:07+00:00\",\"description\":\"P90 salv 70BB on Airsoft P90 relvadele m\u00f5eldud kompaktne salv, mis mahutab 70 BB kuuli ja tagab usaldusv\u00e4\u00e4rse t\u00f6\u00f6.\",\"breadcrumb\":{\"@id\":\"https:\\\/\\\/lahingupood.ee\\\/toode\\\/p90-salv-70bb\\\/#breadcrumb\"},\"inLanguage\":\"en-GB\",\"potentialAction\":[{\"@type\":\"ReadAction\",\"target\":[\"https:\\\/\\\/lahingupood.ee\\\/toode\\\/p90-salv-70bb\\\/\"]}]},{\"@type\":\"ImageObject\",\"inLanguage\":\"en-GB\",\"@id\":\"https:\\\/\\\/lahingupood.ee\\\/toode\\\/p90-salv-70bb\\\/#primaryimage\",\"url\":\"https:\\\/\\\/lahingupood.ee\\\/wp-content\\\/uploads\\\/2022\\\/03\\\/2404.png\",\"contentUrl\":\"https:\\\/\\\/lahingupood.ee\\\/wp-content\\\/uploads\\\/2022\\\/03\\\/2404.png\",\"width\":1600,\"height\":1215,\"caption\":\"P90 salv 70BB Airsoft P90 relva salv 70 kuuliga\"},{\"@type\":\"BreadcrumbList\",\"@id\":\"https:\\\/\\\/lahingupood.ee\\\/toode\\\/p90-salv-70bb\\\/#breadcrumb\",\"itemListElement\":[{\"@type\":\"ListItem\",\"position\":1,\"name\":\"Home\",\"item\":\"https:\\\/\\\/lahingupood.ee\\\/\"},{\"@type\":\"ListItem\",\"position\":2,\"name\":\"Tooted\",\"item\":\"https:\\\/\\\/lahingupood.ee\\\/tooted\\\/\"},{\"@type\":\"ListItem\",\"position\":3,\"name\":\"P90 salv 70BB\"}]},{\"@type\":\"WebSite\",\"@id\":\"https:\\\/\\\/lahingupood.ee\\\/#website\",\"url\":\"https:\\\/\\\/lahingupood.ee\\\/\",\"name\":\"Lahingurada e-pood\",\"description\":\"Airsoft\",\"publisher\":{\"@id\":\"https:\\\/\\\/lahingupood.ee\\\/#organization\"},\"potentialAction\":[{\"@type\":\"SearchAction\",\"target\":{\"@type\":\"EntryPoint\",\"urlTemplate\":\"https:\\\/\\\/lahingupood.ee\\\/?s={search_term_string}\"},\"query-input\":{\"@type\":\"PropertyValueSpecification\",\"valueRequired\":true,\"valueName\":\"search_term_string\"}}],\"inLanguage\":\"en-GB\"},{\"@type\":\"Organization\",\"@id\":\"https:\\\/\\\/lahingupood.ee\\\/#organization\",\"name\":\"Lahingurada\",\"url\":\"https:\\\/\\\/lahingupood.ee\\\/\",\"logo\":{\"@type\":\"ImageObject\",\"inLanguage\":\"en-GB\",\"@id\":\"https:\\\/\\\/lahingupood.ee\\\/#\\\/schema\\\/logo\\\/image\\\/\",\"url\":\"https:\\\/\\\/lahingupood.ee\\\/wp-content\\\/uploads\\\/2022\\\/03\\\/lahingurada-220318.jpg\",\"contentUrl\":\"https:\\\/\\\/lahingupood.ee\\\/wp-content\\\/uploads\\\/2022\\\/03\\\/lahingurada-220318.jpg\",\"width\":800,\"height\":500,\"caption\":\"Lahingurada\"},\"image\":{\"@id\":\"https:\\\/\\\/lahingupood.ee\\\/#\\\/schema\\\/logo\\\/image\\\/\"},\"sameAs\":[\"https:\\\/\\\/www.facebook.com\\\/Lahingurada-629940247212967\"]}]}<\/script>\n<!-- \/ Yoast SEO Premium plugin. -->","yoast_head_json":{"title":"P90 Salv 70BB \u2013 Airsoft P90 salv","description":"P90 salv 70BB on Airsoft P90 relvadele m\u00f5eldud kompaktne salv, mis mahutab 70 BB kuuli ja tagab usaldusv\u00e4\u00e4rse t\u00f6\u00f6.","robots":{"index":"index","follow":"follow","max-snippet":"max-snippet:-1","max-image-preview":"max-image-preview:large","max-video-preview":"max-video-preview:-1"},"canonical":"https:\/\/lahingupood.ee\/en\/product\/p90-salv-70bb\/","og_locale":"en_GB","og_type":"article","og_title":"P90 salv 70BB","og_description":"P90 salv 70BB on Airsoft P90 relvadele m\u00f5eldud kompaktne salv, mis mahutab 70 BB kuuli ja tagab usaldusv\u00e4\u00e4rse t\u00f6\u00f6.","og_url":"https:\/\/lahingupood.ee\/en\/product\/p90-salv-70bb\/","og_site_name":"Lahingurada e-pood","article_publisher":"https:\/\/www.facebook.com\/Lahingurada-629940247212967","article_modified_time":"2026-05-02T18:00:07+00:00","og_image":[{"width":1600,"height":1215,"url":"https:\/\/lahingupood.ee\/wp-content\/uploads\/2022\/03\/2404.png","type":"image\/png"}],"twitter_card":"summary_large_image","twitter_misc":{"Estimated reading time":"1 minute"},"schema":{"@context":"https:\/\/schema.org","@graph":[{"@type":"WebPage","@id":"https:\/\/lahingupood.ee\/toode\/p90-salv-70bb\/","url":"https:\/\/lahingupood.ee\/toode\/p90-salv-70bb\/","name":"P90 Salv 70BB \u2013 Airsoft P90 salv","isPartOf":{"@id":"https:\/\/lahingupood.ee\/#website"},"primaryImageOfPage":{"@id":"https:\/\/lahingupood.ee\/toode\/p90-salv-70bb\/#primaryimage"},"image":{"@id":"https:\/\/lahingupood.ee\/toode\/p90-salv-70bb\/#primaryimage"},"thumbnailUrl":"https:\/\/lahingupood.ee\/wp-content\/uploads\/2022\/03\/2404.png","datePublished":"2022-03-28T13:31:40+00:00","dateModified":"2026-05-02T18:00:07+00:00","description":"P90 salv 70BB on Airsoft P90 relvadele m\u00f5eldud kompaktne salv, mis mahutab 70 BB kuuli ja tagab usaldusv\u00e4\u00e4rse t\u00f6\u00f6.","breadcrumb":{"@id":"https:\/\/lahingupood.ee\/toode\/p90-salv-70bb\/#breadcrumb"},"inLanguage":"en-GB","potentialAction":[{"@type":"ReadAction","target":["https:\/\/lahingupood.ee\/toode\/p90-salv-70bb\/"]}]},{"@type":"ImageObject","inLanguage":"en-GB","@id":"https:\/\/lahingupood.ee\/toode\/p90-salv-70bb\/#primaryimage","url":"https:\/\/lahingupood.ee\/wp-content\/uploads\/2022\/03\/2404.png","contentUrl":"https:\/\/lahingupood.ee\/wp-content\/uploads\/2022\/03\/2404.png","width":1600,"height":1215,"caption":"P90 salv 70BB Airsoft P90 relva salv 70 kuuliga"},{"@type":"BreadcrumbList","@id":"https:\/\/lahingupood.ee\/toode\/p90-salv-70bb\/#breadcrumb","itemListElement":[{"@type":"ListItem","position":1,"name":"Home","item":"https:\/\/lahingupood.ee\/"},{"@type":"ListItem","position":2,"name":"Tooted","item":"https:\/\/lahingupood.ee\/tooted\/"},{"@type":"ListItem","position":3,"name":"P90 salv 70BB"}]},{"@type":"WebSite","@id":"https:\/\/lahingupood.ee\/#website","url":"https:\/\/lahingupood.ee\/","name":"Lahingurada e-pood","description":"Airsoft","publisher":{"@id":"https:\/\/lahingupood.ee\/#organization"},"potentialAction":[{"@type":"SearchAction","target":{"@type":"EntryPoint","urlTemplate":"https:\/\/lahingupood.ee\/?s={search_term_string}"},"query-input":{"@type":"PropertyValueSpecification","valueRequired":true,"valueName":"search_term_string"}}],"inLanguage":"en-GB"},{"@type":"Organization","@id":"https:\/\/lahingupood.ee\/#organization","name":"Lahingurada","url":"https:\/\/lahingupood.ee\/","logo":{"@type":"ImageObject","inLanguage":"en-GB","@id":"https:\/\/lahingupood.ee\/#\/schema\/logo\/image\/","url":"https:\/\/lahingupood.ee\/wp-content\/uploads\/2022\/03\/lahingurada-220318.jpg","contentUrl":"https:\/\/lahingupood.ee\/wp-content\/uploads\/2022\/03\/lahingurada-220318.jpg","width":800,"height":500,"caption":"Lahingurada"},"image":{"@id":"https:\/\/lahingupood.ee\/#\/schema\/logo\/image\/"},"sameAs":["https:\/\/www.facebook.com\/Lahingurada-629940247212967"]}]}},"_links":{"self":[{"href":"https:\/\/lahingupood.ee\/en\/wp-json\/wp\/v2\/product\/430","targetHints":{"allow":["GET"]}}],"collection":[{"href":"https:\/\/lahingupood.ee\/en\/wp-json\/wp\/v2\/product"}],"about":[{"href":"https:\/\/lahingupood.ee\/en\/wp-json\/wp\/v2\/types\/product"}],"wp:featuredmedia":[{"embeddable":true,"href":"https:\/\/lahingupood.ee\/en\/wp-json\/wp\/v2\/media\/431"}],"wp:attachment":[{"href":"https:\/\/lahingupood.ee\/en\/wp-json\/wp\/v2\/media?parent=430"}],"wp:term":[{"taxonomy":"product_brand","embeddable":true,"href":"https:\/\/lahingupood.ee\/en\/wp-json\/wp\/v2\/product_brand?post=430"},{"taxonomy":"product_cat","embeddable":true,"href":"https:\/\/lahingupood.ee\/en\/wp-json\/wp\/v2\/product_cat?post=430"},{"taxonomy":"product_tag","embeddable":true,"href":"https:\/\/lahingupood.ee\/en\/wp-json\/wp\/v2\/product_tag?post=430"}],"curies":[{"name":"wp","href":"https:\/\/api.w.org\/{rel}","templated":true}]}}