{"id":428,"date":"2022-03-28T16:25:50","date_gmt":"2022-03-28T13:25:50","guid":{"rendered":"https:\/\/lahingupood.ee\/?post_type=product&#038;p=428"},"modified":"2026-05-02T20:00:05","modified_gmt":"2026-05-02T17:00:05","slug":"hfc-hg203-mini-uzi-salv","status":"publish","type":"product","link":"https:\/\/lahingupood.ee\/en\/product\/hfc-hg203-mini-uzi-salv\/","title":{"rendered":"HFC HG203 Mini UZI salv"},"content":{"rendered":"<p>HFC HG203 Mini UZI salv on airsoft varusalv, mis on m\u00f5eldud Mini UZI replika relvadele. Tegemist on vastupidava ja t\u00f6\u00f6kindla magaziniga, mis tagab stabiilse kuulide etteande m\u00e4ngu ajal. Salv on loodud pakkuma sujuvat ja usaldusv\u00e4\u00e4rset toimimist ka kiire tulistamise korral. See aitab v\u00e4ltida s\u00f6\u00f6tmisprobleeme ning tagab \u00fchtlase laskmise kogu kasutusperioodi v\u00e4ltel.<\/p>\n<p>&nbsp;<\/p>","protected":false},"excerpt":{"rendered":"<p>HFC HG203 Mini UZI salv on airsoft varusalv, mis on m\u00f5eldud Mini UZI replika relvadele. Tegemist on vastupidava ja t\u00f6\u00f6kindla magaziniga, mis tagab stabiilse kuulide etteande m\u00e4ngu ajal. Salv on loodud pakkuma sujuvat ja usaldusv\u00e4\u00e4rset toimimist ka kiire tulistamise korral. See aitab v\u00e4ltida s\u00f6\u00f6tmisprobleeme ning tagab \u00fchtlase laskmise kogu kasutusperioodi v\u00e4ltel. &nbsp;<\/p>","protected":false},"featured_media":325,"template":"","meta":[],"product_brand":[],"product_cat":[86,77],"product_tag":[],"class_list":{"0":"post-428","1":"product","2":"type-product","3":"status-publish","4":"has-post-thumbnail","6":"product_cat-gbb-salved","7":"product_cat-sooduspakkumised","9":"first","10":"instock","11":"sale","12":"taxable","13":"shipping-taxable","14":"purchasable","15":"product-type-simple"},"yoast_head":"<!-- This site is optimized with the Yoast SEO Premium plugin v27.5 (Yoast SEO v27.5) - https:\/\/yoast.com\/product\/yoast-seo-premium-wordpress\/ -->\n<title>HFC HG203 Mini UZI salv \u2013 CO2 airsofti varusalv<\/title>\n<meta name=\"description\" content=\"HFC HG203 Mini UZI salv on vastupidav airsoft varusalv Mini UZI replika jaoks. Tagab stabiilse kuulide etteande ja t\u00f6\u00f6kindluse.\" \/>\n<meta name=\"robots\" content=\"index, follow, max-snippet:-1, max-image-preview:large, max-video-preview:-1\" \/>\n<link rel=\"canonical\" href=\"https:\/\/lahingupood.ee\/en\/product\/hfc-hg203-mini-uzi-salv\/\" \/>\n<meta property=\"og:locale\" content=\"en_GB\" \/>\n<meta property=\"og:type\" content=\"article\" \/>\n<meta property=\"og:title\" content=\"HFC HG203 Mini UZI salv\" \/>\n<meta property=\"og:description\" content=\"HFC HG203 Mini UZI salv on vastupidav airsoft varusalv Mini UZI replika jaoks. Tagab stabiilse kuulide etteande ja t\u00f6\u00f6kindluse.\" \/>\n<meta property=\"og:url\" content=\"https:\/\/lahingupood.ee\/en\/product\/hfc-hg203-mini-uzi-salv\/\" \/>\n<meta property=\"og:site_name\" content=\"Lahingurada e-pood\" \/>\n<meta property=\"article:publisher\" content=\"https:\/\/www.facebook.com\/Lahingurada-629940247212967\" \/>\n<meta property=\"article:modified_time\" content=\"2026-05-02T17:00:05+00:00\" \/>\n<meta property=\"og:image\" content=\"https:\/\/lahingupood.ee\/wp-content\/uploads\/2022\/03\/hfc-gas-magazine-for-hg-203-series-car-hg203.jpeg\" \/>\n\t<meta property=\"og:image:width\" content=\"600\" \/>\n\t<meta property=\"og:image:height\" content=\"600\" \/>\n\t<meta property=\"og:image:type\" content=\"image\/jpeg\" \/>\n<meta name=\"twitter:card\" content=\"summary_large_image\" \/>\n<meta name=\"twitter:label1\" content=\"Estimated reading time\" \/>\n\t<meta name=\"twitter:data1\" content=\"1 minute\" \/>\n<script type=\"application\/ld+json\" class=\"yoast-schema-graph\">{\"@context\":\"https:\\\/\\\/schema.org\",\"@graph\":[{\"@type\":\"WebPage\",\"@id\":\"https:\\\/\\\/lahingupood.ee\\\/toode\\\/hfc-hg203-mini-uzi-salv\\\/\",\"url\":\"https:\\\/\\\/lahingupood.ee\\\/toode\\\/hfc-hg203-mini-uzi-salv\\\/\",\"name\":\"HFC HG203 Mini UZI salv \u2013 CO2 airsofti varusalv\",\"isPartOf\":{\"@id\":\"https:\\\/\\\/lahingupood.ee\\\/#website\"},\"primaryImageOfPage\":{\"@id\":\"https:\\\/\\\/lahingupood.ee\\\/toode\\\/hfc-hg203-mini-uzi-salv\\\/#primaryimage\"},\"image\":{\"@id\":\"https:\\\/\\\/lahingupood.ee\\\/toode\\\/hfc-hg203-mini-uzi-salv\\\/#primaryimage\"},\"thumbnailUrl\":\"https:\\\/\\\/lahingupood.ee\\\/wp-content\\\/uploads\\\/2022\\\/03\\\/hfc-gas-magazine-for-hg-203-series-car-hg203.jpeg\",\"datePublished\":\"2022-03-28T13:25:50+00:00\",\"dateModified\":\"2026-05-02T17:00:05+00:00\",\"description\":\"HFC HG203 Mini UZI salv on vastupidav airsoft varusalv Mini UZI replika jaoks. Tagab stabiilse kuulide etteande ja t\u00f6\u00f6kindluse.\",\"breadcrumb\":{\"@id\":\"https:\\\/\\\/lahingupood.ee\\\/toode\\\/hfc-hg203-mini-uzi-salv\\\/#breadcrumb\"},\"inLanguage\":\"en-GB\",\"potentialAction\":[{\"@type\":\"ReadAction\",\"target\":[\"https:\\\/\\\/lahingupood.ee\\\/toode\\\/hfc-hg203-mini-uzi-salv\\\/\"]}]},{\"@type\":\"ImageObject\",\"inLanguage\":\"en-GB\",\"@id\":\"https:\\\/\\\/lahingupood.ee\\\/toode\\\/hfc-hg203-mini-uzi-salv\\\/#primaryimage\",\"url\":\"https:\\\/\\\/lahingupood.ee\\\/wp-content\\\/uploads\\\/2022\\\/03\\\/hfc-gas-magazine-for-hg-203-series-car-hg203.jpeg\",\"contentUrl\":\"https:\\\/\\\/lahingupood.ee\\\/wp-content\\\/uploads\\\/2022\\\/03\\\/hfc-gas-magazine-for-hg-203-series-car-hg203.jpeg\",\"width\":600,\"height\":600,\"caption\":\"HFC HG203 Mini UZI salv \u2013 vastupidav ja t\u00f6\u00f6kindel airsoft varusalv Mini UZI replika relvadele.\"},{\"@type\":\"BreadcrumbList\",\"@id\":\"https:\\\/\\\/lahingupood.ee\\\/toode\\\/hfc-hg203-mini-uzi-salv\\\/#breadcrumb\",\"itemListElement\":[{\"@type\":\"ListItem\",\"position\":1,\"name\":\"Home\",\"item\":\"https:\\\/\\\/lahingupood.ee\\\/\"},{\"@type\":\"ListItem\",\"position\":2,\"name\":\"Tooted\",\"item\":\"https:\\\/\\\/lahingupood.ee\\\/tooted\\\/\"},{\"@type\":\"ListItem\",\"position\":3,\"name\":\"HFC HG203 Mini UZI salv\"}]},{\"@type\":\"WebSite\",\"@id\":\"https:\\\/\\\/lahingupood.ee\\\/#website\",\"url\":\"https:\\\/\\\/lahingupood.ee\\\/\",\"name\":\"Lahingurada e-pood\",\"description\":\"Airsoft\",\"publisher\":{\"@id\":\"https:\\\/\\\/lahingupood.ee\\\/#organization\"},\"potentialAction\":[{\"@type\":\"SearchAction\",\"target\":{\"@type\":\"EntryPoint\",\"urlTemplate\":\"https:\\\/\\\/lahingupood.ee\\\/?s={search_term_string}\"},\"query-input\":{\"@type\":\"PropertyValueSpecification\",\"valueRequired\":true,\"valueName\":\"search_term_string\"}}],\"inLanguage\":\"en-GB\"},{\"@type\":\"Organization\",\"@id\":\"https:\\\/\\\/lahingupood.ee\\\/#organization\",\"name\":\"Lahingurada\",\"url\":\"https:\\\/\\\/lahingupood.ee\\\/\",\"logo\":{\"@type\":\"ImageObject\",\"inLanguage\":\"en-GB\",\"@id\":\"https:\\\/\\\/lahingupood.ee\\\/#\\\/schema\\\/logo\\\/image\\\/\",\"url\":\"https:\\\/\\\/lahingupood.ee\\\/wp-content\\\/uploads\\\/2022\\\/03\\\/lahingurada-220318.jpg\",\"contentUrl\":\"https:\\\/\\\/lahingupood.ee\\\/wp-content\\\/uploads\\\/2022\\\/03\\\/lahingurada-220318.jpg\",\"width\":800,\"height\":500,\"caption\":\"Lahingurada\"},\"image\":{\"@id\":\"https:\\\/\\\/lahingupood.ee\\\/#\\\/schema\\\/logo\\\/image\\\/\"},\"sameAs\":[\"https:\\\/\\\/www.facebook.com\\\/Lahingurada-629940247212967\"]}]}<\/script>\n<!-- \/ Yoast SEO Premium plugin. -->","yoast_head_json":{"title":"HFC HG203 Mini UZI salv \u2013 CO2 airsofti varusalv","description":"HFC HG203 Mini UZI salv on vastupidav airsoft varusalv Mini UZI replika jaoks. Tagab stabiilse kuulide etteande ja t\u00f6\u00f6kindluse.","robots":{"index":"index","follow":"follow","max-snippet":"max-snippet:-1","max-image-preview":"max-image-preview:large","max-video-preview":"max-video-preview:-1"},"canonical":"https:\/\/lahingupood.ee\/en\/product\/hfc-hg203-mini-uzi-salv\/","og_locale":"en_GB","og_type":"article","og_title":"HFC HG203 Mini UZI salv","og_description":"HFC HG203 Mini UZI salv on vastupidav airsoft varusalv Mini UZI replika jaoks. Tagab stabiilse kuulide etteande ja t\u00f6\u00f6kindluse.","og_url":"https:\/\/lahingupood.ee\/en\/product\/hfc-hg203-mini-uzi-salv\/","og_site_name":"Lahingurada e-pood","article_publisher":"https:\/\/www.facebook.com\/Lahingurada-629940247212967","article_modified_time":"2026-05-02T17:00:05+00:00","og_image":[{"width":600,"height":600,"url":"https:\/\/lahingupood.ee\/wp-content\/uploads\/2022\/03\/hfc-gas-magazine-for-hg-203-series-car-hg203.jpeg","type":"image\/jpeg"}],"twitter_card":"summary_large_image","twitter_misc":{"Estimated reading time":"1 minute"},"schema":{"@context":"https:\/\/schema.org","@graph":[{"@type":"WebPage","@id":"https:\/\/lahingupood.ee\/toode\/hfc-hg203-mini-uzi-salv\/","url":"https:\/\/lahingupood.ee\/toode\/hfc-hg203-mini-uzi-salv\/","name":"HFC HG203 Mini UZI salv \u2013 CO2 airsofti varusalv","isPartOf":{"@id":"https:\/\/lahingupood.ee\/#website"},"primaryImageOfPage":{"@id":"https:\/\/lahingupood.ee\/toode\/hfc-hg203-mini-uzi-salv\/#primaryimage"},"image":{"@id":"https:\/\/lahingupood.ee\/toode\/hfc-hg203-mini-uzi-salv\/#primaryimage"},"thumbnailUrl":"https:\/\/lahingupood.ee\/wp-content\/uploads\/2022\/03\/hfc-gas-magazine-for-hg-203-series-car-hg203.jpeg","datePublished":"2022-03-28T13:25:50+00:00","dateModified":"2026-05-02T17:00:05+00:00","description":"HFC HG203 Mini UZI salv on vastupidav airsoft varusalv Mini UZI replika jaoks. Tagab stabiilse kuulide etteande ja t\u00f6\u00f6kindluse.","breadcrumb":{"@id":"https:\/\/lahingupood.ee\/toode\/hfc-hg203-mini-uzi-salv\/#breadcrumb"},"inLanguage":"en-GB","potentialAction":[{"@type":"ReadAction","target":["https:\/\/lahingupood.ee\/toode\/hfc-hg203-mini-uzi-salv\/"]}]},{"@type":"ImageObject","inLanguage":"en-GB","@id":"https:\/\/lahingupood.ee\/toode\/hfc-hg203-mini-uzi-salv\/#primaryimage","url":"https:\/\/lahingupood.ee\/wp-content\/uploads\/2022\/03\/hfc-gas-magazine-for-hg-203-series-car-hg203.jpeg","contentUrl":"https:\/\/lahingupood.ee\/wp-content\/uploads\/2022\/03\/hfc-gas-magazine-for-hg-203-series-car-hg203.jpeg","width":600,"height":600,"caption":"HFC HG203 Mini UZI salv \u2013 vastupidav ja t\u00f6\u00f6kindel airsoft varusalv Mini UZI replika relvadele."},{"@type":"BreadcrumbList","@id":"https:\/\/lahingupood.ee\/toode\/hfc-hg203-mini-uzi-salv\/#breadcrumb","itemListElement":[{"@type":"ListItem","position":1,"name":"Home","item":"https:\/\/lahingupood.ee\/"},{"@type":"ListItem","position":2,"name":"Tooted","item":"https:\/\/lahingupood.ee\/tooted\/"},{"@type":"ListItem","position":3,"name":"HFC HG203 Mini UZI salv"}]},{"@type":"WebSite","@id":"https:\/\/lahingupood.ee\/#website","url":"https:\/\/lahingupood.ee\/","name":"Lahingurada e-pood","description":"Airsoft","publisher":{"@id":"https:\/\/lahingupood.ee\/#organization"},"potentialAction":[{"@type":"SearchAction","target":{"@type":"EntryPoint","urlTemplate":"https:\/\/lahingupood.ee\/?s={search_term_string}"},"query-input":{"@type":"PropertyValueSpecification","valueRequired":true,"valueName":"search_term_string"}}],"inLanguage":"en-GB"},{"@type":"Organization","@id":"https:\/\/lahingupood.ee\/#organization","name":"Lahingurada","url":"https:\/\/lahingupood.ee\/","logo":{"@type":"ImageObject","inLanguage":"en-GB","@id":"https:\/\/lahingupood.ee\/#\/schema\/logo\/image\/","url":"https:\/\/lahingupood.ee\/wp-content\/uploads\/2022\/03\/lahingurada-220318.jpg","contentUrl":"https:\/\/lahingupood.ee\/wp-content\/uploads\/2022\/03\/lahingurada-220318.jpg","width":800,"height":500,"caption":"Lahingurada"},"image":{"@id":"https:\/\/lahingupood.ee\/#\/schema\/logo\/image\/"},"sameAs":["https:\/\/www.facebook.com\/Lahingurada-629940247212967"]}]}},"_links":{"self":[{"href":"https:\/\/lahingupood.ee\/en\/wp-json\/wp\/v2\/product\/428","targetHints":{"allow":["GET"]}}],"collection":[{"href":"https:\/\/lahingupood.ee\/en\/wp-json\/wp\/v2\/product"}],"about":[{"href":"https:\/\/lahingupood.ee\/en\/wp-json\/wp\/v2\/types\/product"}],"wp:featuredmedia":[{"embeddable":true,"href":"https:\/\/lahingupood.ee\/en\/wp-json\/wp\/v2\/media\/325"}],"wp:attachment":[{"href":"https:\/\/lahingupood.ee\/en\/wp-json\/wp\/v2\/media?parent=428"}],"wp:term":[{"taxonomy":"product_brand","embeddable":true,"href":"https:\/\/lahingupood.ee\/en\/wp-json\/wp\/v2\/product_brand?post=428"},{"taxonomy":"product_cat","embeddable":true,"href":"https:\/\/lahingupood.ee\/en\/wp-json\/wp\/v2\/product_cat?post=428"},{"taxonomy":"product_tag","embeddable":true,"href":"https:\/\/lahingupood.ee\/en\/wp-json\/wp\/v2\/product_tag?post=428"}],"curies":[{"name":"wp","href":"https:\/\/api.w.org\/{rel}","templated":true}]}}