{"id":4249,"date":"2023-08-24T00:23:02","date_gmt":"2023-08-23T21:23:02","guid":{"rendered":"https:\/\/lahingupood.ee\/?post_type=product&#038;p=4249"},"modified":"2026-04-12T20:00:04","modified_gmt":"2026-04-12T17:00:04","slug":"gg-cm-lmg-tan","status":"publish","type":"product","link":"https:\/\/lahingupood.ee\/en\/product\/gg-cm-lmg-tan\/","title":{"rendered":"G&#038;G CM LMG tan"},"content":{"rendered":"<p>G&amp;G CM LMG tan<\/p>\n<p>Vastupidavast pol\u00fcmeerist kerega, G&amp;G laitmatu kvaliteediga kergekuulipilduja, annab sulle v\u00f5imaluse kasutada suuremat tulej\u00f5udu, kuid vabastab sind suuremate raskuste kandmisest. Kuulipildujas saab kasutada ka tavalisi M4 t\u00fc\u00fcpi salvesid. Suur salvemaht \u00a0ja 2J v\u00e4ljalaske energia v\u00f5imaldab sul saavutada \u00fclekaal raskema kuuliga pikemale distantsile.<\/p>\n<p>Energia: 2J<\/p>","protected":false},"excerpt":{"rendered":"<p>G&amp;G CM LMG tan Vastupidavast pol\u00fcmeerist kerega, G&amp;G laitmatu kvaliteediga kergekuulipilduja, annab sulle v\u00f5imaluse kasutada suuremat tulej\u00f5udu, kuid vabastab sind suuremate raskuste kandmisest. Kuulipildujas saab kasutada ka tavalisi M4 t\u00fc\u00fcpi salvesid. Suur salvemaht \u00a0ja 2J v\u00e4ljalaske energia v\u00f5imaldab sul saavutada \u00fclekaal raskema kuuliga pikemale distantsile. Energia: 2J<\/p>","protected":false},"featured_media":4256,"template":"","meta":[],"product_brand":[],"product_cat":[23],"product_tag":[],"class_list":{"0":"post-4249","1":"product","2":"type-product","3":"status-publish","4":"has-post-thumbnail","6":"product_cat-elektrilised-relvad","8":"first","9":"instock","10":"taxable","11":"shipping-taxable","12":"purchasable","13":"product-type-simple"},"yoast_head":"<!-- This site is optimized with the Yoast SEO Premium plugin v27.3 (Yoast SEO v27.3) - https:\/\/yoast.com\/product\/yoast-seo-premium-wordpress\/ -->\n<title>G&amp;G CM LMG tan - Lahingurada e-pood<\/title>\n<meta name=\"description\" content=\"G&amp;G CM LMG tan Vastupidavast pol\u00fcmeerist kerega, G&amp;G laitmatu kvaliteediga kergekuulipilduja, annab sulle v\u00f5imaluse kasutada suuremat tulej\u00f5udu\" \/>\n<meta name=\"robots\" content=\"index, follow, max-snippet:-1, max-image-preview:large, max-video-preview:-1\" \/>\n<link rel=\"canonical\" href=\"https:\/\/lahingupood.ee\/en\/product\/gg-cm-lmg-tan\/\" \/>\n<meta property=\"og:locale\" content=\"en_GB\" \/>\n<meta property=\"og:type\" content=\"article\" \/>\n<meta property=\"og:title\" content=\"G&amp;G CM LMG tan\" \/>\n<meta property=\"og:description\" content=\"G&amp;G CM LMG tan Vastupidavast pol\u00fcmeerist kerega, G&amp;G laitmatu kvaliteediga kergekuulipilduja, annab sulle v\u00f5imaluse kasutada suuremat tulej\u00f5udu\" \/>\n<meta property=\"og:url\" content=\"https:\/\/lahingupood.ee\/en\/product\/gg-cm-lmg-tan\/\" \/>\n<meta property=\"og:site_name\" content=\"Lahingurada e-pood\" \/>\n<meta property=\"article:publisher\" content=\"https:\/\/www.facebook.com\/Lahingurada-629940247212967\" \/>\n<meta property=\"article:modified_time\" content=\"2026-04-12T17:00:04+00:00\" \/>\n<meta property=\"og:image\" content=\"https:\/\/lahingupood.ee\/wp-content\/uploads\/2023\/08\/27307.png\" \/>\n\t<meta property=\"og:image:width\" content=\"930\" \/>\n\t<meta property=\"og:image:height\" content=\"651\" \/>\n\t<meta property=\"og:image:type\" content=\"image\/png\" \/>\n<meta name=\"twitter:card\" content=\"summary_large_image\" \/>\n<meta name=\"twitter:label1\" content=\"Estimated reading time\" \/>\n\t<meta name=\"twitter:data1\" content=\"1 minute\" \/>\n<script type=\"application\/ld+json\" class=\"yoast-schema-graph\">{\"@context\":\"https:\\\/\\\/schema.org\",\"@graph\":[{\"@type\":\"WebPage\",\"@id\":\"https:\\\/\\\/lahingupood.ee\\\/toode\\\/gg-cm-lmg-tan\\\/\",\"url\":\"https:\\\/\\\/lahingupood.ee\\\/toode\\\/gg-cm-lmg-tan\\\/\",\"name\":\"G&G CM LMG tan - Lahingurada e-pood\",\"isPartOf\":{\"@id\":\"https:\\\/\\\/lahingupood.ee\\\/#website\"},\"primaryImageOfPage\":{\"@id\":\"https:\\\/\\\/lahingupood.ee\\\/toode\\\/gg-cm-lmg-tan\\\/#primaryimage\"},\"image\":{\"@id\":\"https:\\\/\\\/lahingupood.ee\\\/toode\\\/gg-cm-lmg-tan\\\/#primaryimage\"},\"thumbnailUrl\":\"https:\\\/\\\/lahingupood.ee\\\/wp-content\\\/uploads\\\/2023\\\/08\\\/27307.png\",\"datePublished\":\"2023-08-23T21:23:02+00:00\",\"dateModified\":\"2026-04-12T17:00:04+00:00\",\"description\":\"G&G CM LMG tan Vastupidavast pol\u00fcmeerist kerega, G&G laitmatu kvaliteediga kergekuulipilduja, annab sulle v\u00f5imaluse kasutada suuremat tulej\u00f5udu\",\"breadcrumb\":{\"@id\":\"https:\\\/\\\/lahingupood.ee\\\/toode\\\/gg-cm-lmg-tan\\\/#breadcrumb\"},\"inLanguage\":\"en-GB\",\"potentialAction\":[{\"@type\":\"ReadAction\",\"target\":[\"https:\\\/\\\/lahingupood.ee\\\/toode\\\/gg-cm-lmg-tan\\\/\"]}]},{\"@type\":\"ImageObject\",\"inLanguage\":\"en-GB\",\"@id\":\"https:\\\/\\\/lahingupood.ee\\\/toode\\\/gg-cm-lmg-tan\\\/#primaryimage\",\"url\":\"https:\\\/\\\/lahingupood.ee\\\/wp-content\\\/uploads\\\/2023\\\/08\\\/27307.png\",\"contentUrl\":\"https:\\\/\\\/lahingupood.ee\\\/wp-content\\\/uploads\\\/2023\\\/08\\\/27307.png\",\"width\":930,\"height\":651,\"caption\":\"gg-cm-lmg-tan\"},{\"@type\":\"BreadcrumbList\",\"@id\":\"https:\\\/\\\/lahingupood.ee\\\/toode\\\/gg-cm-lmg-tan\\\/#breadcrumb\",\"itemListElement\":[{\"@type\":\"ListItem\",\"position\":1,\"name\":\"Home\",\"item\":\"https:\\\/\\\/lahingupood.ee\\\/\"},{\"@type\":\"ListItem\",\"position\":2,\"name\":\"Tooted\",\"item\":\"https:\\\/\\\/lahingupood.ee\\\/tooted\\\/\"},{\"@type\":\"ListItem\",\"position\":3,\"name\":\"G&#038;G CM LMG tan\"}]},{\"@type\":\"WebSite\",\"@id\":\"https:\\\/\\\/lahingupood.ee\\\/#website\",\"url\":\"https:\\\/\\\/lahingupood.ee\\\/\",\"name\":\"Lahingurada e-pood\",\"description\":\"Airsoft\",\"publisher\":{\"@id\":\"https:\\\/\\\/lahingupood.ee\\\/#organization\"},\"potentialAction\":[{\"@type\":\"SearchAction\",\"target\":{\"@type\":\"EntryPoint\",\"urlTemplate\":\"https:\\\/\\\/lahingupood.ee\\\/?s={search_term_string}\"},\"query-input\":{\"@type\":\"PropertyValueSpecification\",\"valueRequired\":true,\"valueName\":\"search_term_string\"}}],\"inLanguage\":\"en-GB\"},{\"@type\":\"Organization\",\"@id\":\"https:\\\/\\\/lahingupood.ee\\\/#organization\",\"name\":\"Lahingurada\",\"url\":\"https:\\\/\\\/lahingupood.ee\\\/\",\"logo\":{\"@type\":\"ImageObject\",\"inLanguage\":\"en-GB\",\"@id\":\"https:\\\/\\\/lahingupood.ee\\\/#\\\/schema\\\/logo\\\/image\\\/\",\"url\":\"https:\\\/\\\/lahingupood.ee\\\/wp-content\\\/uploads\\\/2022\\\/03\\\/lahingurada-220318.jpg\",\"contentUrl\":\"https:\\\/\\\/lahingupood.ee\\\/wp-content\\\/uploads\\\/2022\\\/03\\\/lahingurada-220318.jpg\",\"width\":800,\"height\":500,\"caption\":\"Lahingurada\"},\"image\":{\"@id\":\"https:\\\/\\\/lahingupood.ee\\\/#\\\/schema\\\/logo\\\/image\\\/\"},\"sameAs\":[\"https:\\\/\\\/www.facebook.com\\\/Lahingurada-629940247212967\"]}]}<\/script>\n<!-- \/ Yoast SEO Premium plugin. -->","yoast_head_json":{"title":"G&G CM LMG tan - Lahingurada e-pood","description":"G&G CM LMG tan Vastupidavast pol\u00fcmeerist kerega, G&G laitmatu kvaliteediga kergekuulipilduja, annab sulle v\u00f5imaluse kasutada suuremat tulej\u00f5udu","robots":{"index":"index","follow":"follow","max-snippet":"max-snippet:-1","max-image-preview":"max-image-preview:large","max-video-preview":"max-video-preview:-1"},"canonical":"https:\/\/lahingupood.ee\/en\/product\/gg-cm-lmg-tan\/","og_locale":"en_GB","og_type":"article","og_title":"G&G CM LMG tan","og_description":"G&G CM LMG tan Vastupidavast pol\u00fcmeerist kerega, G&G laitmatu kvaliteediga kergekuulipilduja, annab sulle v\u00f5imaluse kasutada suuremat tulej\u00f5udu","og_url":"https:\/\/lahingupood.ee\/en\/product\/gg-cm-lmg-tan\/","og_site_name":"Lahingurada e-pood","article_publisher":"https:\/\/www.facebook.com\/Lahingurada-629940247212967","article_modified_time":"2026-04-12T17:00:04+00:00","og_image":[{"width":930,"height":651,"url":"https:\/\/lahingupood.ee\/wp-content\/uploads\/2023\/08\/27307.png","type":"image\/png"}],"twitter_card":"summary_large_image","twitter_misc":{"Estimated reading time":"1 minute"},"schema":{"@context":"https:\/\/schema.org","@graph":[{"@type":"WebPage","@id":"https:\/\/lahingupood.ee\/toode\/gg-cm-lmg-tan\/","url":"https:\/\/lahingupood.ee\/toode\/gg-cm-lmg-tan\/","name":"G&G CM LMG tan - Lahingurada e-pood","isPartOf":{"@id":"https:\/\/lahingupood.ee\/#website"},"primaryImageOfPage":{"@id":"https:\/\/lahingupood.ee\/toode\/gg-cm-lmg-tan\/#primaryimage"},"image":{"@id":"https:\/\/lahingupood.ee\/toode\/gg-cm-lmg-tan\/#primaryimage"},"thumbnailUrl":"https:\/\/lahingupood.ee\/wp-content\/uploads\/2023\/08\/27307.png","datePublished":"2023-08-23T21:23:02+00:00","dateModified":"2026-04-12T17:00:04+00:00","description":"G&G CM LMG tan Vastupidavast pol\u00fcmeerist kerega, G&G laitmatu kvaliteediga kergekuulipilduja, annab sulle v\u00f5imaluse kasutada suuremat tulej\u00f5udu","breadcrumb":{"@id":"https:\/\/lahingupood.ee\/toode\/gg-cm-lmg-tan\/#breadcrumb"},"inLanguage":"en-GB","potentialAction":[{"@type":"ReadAction","target":["https:\/\/lahingupood.ee\/toode\/gg-cm-lmg-tan\/"]}]},{"@type":"ImageObject","inLanguage":"en-GB","@id":"https:\/\/lahingupood.ee\/toode\/gg-cm-lmg-tan\/#primaryimage","url":"https:\/\/lahingupood.ee\/wp-content\/uploads\/2023\/08\/27307.png","contentUrl":"https:\/\/lahingupood.ee\/wp-content\/uploads\/2023\/08\/27307.png","width":930,"height":651,"caption":"gg-cm-lmg-tan"},{"@type":"BreadcrumbList","@id":"https:\/\/lahingupood.ee\/toode\/gg-cm-lmg-tan\/#breadcrumb","itemListElement":[{"@type":"ListItem","position":1,"name":"Home","item":"https:\/\/lahingupood.ee\/"},{"@type":"ListItem","position":2,"name":"Tooted","item":"https:\/\/lahingupood.ee\/tooted\/"},{"@type":"ListItem","position":3,"name":"G&#038;G CM LMG tan"}]},{"@type":"WebSite","@id":"https:\/\/lahingupood.ee\/#website","url":"https:\/\/lahingupood.ee\/","name":"Lahingurada e-pood","description":"Airsoft","publisher":{"@id":"https:\/\/lahingupood.ee\/#organization"},"potentialAction":[{"@type":"SearchAction","target":{"@type":"EntryPoint","urlTemplate":"https:\/\/lahingupood.ee\/?s={search_term_string}"},"query-input":{"@type":"PropertyValueSpecification","valueRequired":true,"valueName":"search_term_string"}}],"inLanguage":"en-GB"},{"@type":"Organization","@id":"https:\/\/lahingupood.ee\/#organization","name":"Lahingurada","url":"https:\/\/lahingupood.ee\/","logo":{"@type":"ImageObject","inLanguage":"en-GB","@id":"https:\/\/lahingupood.ee\/#\/schema\/logo\/image\/","url":"https:\/\/lahingupood.ee\/wp-content\/uploads\/2022\/03\/lahingurada-220318.jpg","contentUrl":"https:\/\/lahingupood.ee\/wp-content\/uploads\/2022\/03\/lahingurada-220318.jpg","width":800,"height":500,"caption":"Lahingurada"},"image":{"@id":"https:\/\/lahingupood.ee\/#\/schema\/logo\/image\/"},"sameAs":["https:\/\/www.facebook.com\/Lahingurada-629940247212967"]}]}},"_links":{"self":[{"href":"https:\/\/lahingupood.ee\/en\/wp-json\/wp\/v2\/product\/4249","targetHints":{"allow":["GET"]}}],"collection":[{"href":"https:\/\/lahingupood.ee\/en\/wp-json\/wp\/v2\/product"}],"about":[{"href":"https:\/\/lahingupood.ee\/en\/wp-json\/wp\/v2\/types\/product"}],"wp:featuredmedia":[{"embeddable":true,"href":"https:\/\/lahingupood.ee\/en\/wp-json\/wp\/v2\/media\/4256"}],"wp:attachment":[{"href":"https:\/\/lahingupood.ee\/en\/wp-json\/wp\/v2\/media?parent=4249"}],"wp:term":[{"taxonomy":"product_brand","embeddable":true,"href":"https:\/\/lahingupood.ee\/en\/wp-json\/wp\/v2\/product_brand?post=4249"},{"taxonomy":"product_cat","embeddable":true,"href":"https:\/\/lahingupood.ee\/en\/wp-json\/wp\/v2\/product_cat?post=4249"},{"taxonomy":"product_tag","embeddable":true,"href":"https:\/\/lahingupood.ee\/en\/wp-json\/wp\/v2\/product_tag?post=4249"}],"curies":[{"name":"wp","href":"https:\/\/api.w.org\/{rel}","templated":true}]}}