{"id":4232,"date":"2023-08-09T12:41:04","date_gmt":"2023-08-09T09:41:04","guid":{"rendered":"https:\/\/lahingupood.ee\/?post_type=product&#038;p=4232"},"modified":"2023-08-09T12:41:05","modified_gmt":"2023-08-09T09:41:05","slug":"falcon-fh25","status":"publish","type":"product","link":"https:\/\/lahingupood.ee\/en\/product\/falcon-fh25\/","title":{"rendered":"FALCON FH25"},"content":{"rendered":"<p class=\"product_title entry-title\">FALCON FH25<\/p>\n<p><a href=\"https:\/\/termokas.ee\/wp-content\/uploads\/2023\/01\/HM-TS03-25XG_W-LH25_20210101.pdf\">HIKMICRO FALCON FH35 k\u00e4eshoitav termokaamera on varustatud 384\u00d7288\u00a0 infrapuna detektoriga ja 1280 \u00d7<br \/>\n960 OLED-ekraaniga. Tuvastuskaugus kuni 1200 m, uus VOx 384\u00d7288 12 \u03bcm sensor (v\u00e4hem kui 35 mK) ja suure avaga objektiiv, mis annab selge pildi sihtm\u00e4rgist isegi t\u00e4ielikus pimeduses. See toetab funktsioone nagu vaatlus, kauguse m\u00f5\u00f5tmine, objekti j\u00e4litamine, 4 v\u00e4rvipaletti, Wi-Fi hot spot nutitelefoni rakendusele, video v\u00f5i pildi salvestamine 64GB sisem\u00e4llu jne. K\u00f5rge tundlikkusega<br \/>\nsisseehitatud soojusdetektor tagab selge vaate ka t\u00e4ielikus pimeduses. Monoklit kasutatakse peamiselt stsenaariumide puhul<br \/>\nnagu patrullimine, otsimine ja p\u00e4\u00e4stmine, matkamine, reisimine ja jahipidamine jne. HikMicro Sight rakendus nutitelefoniga \u00fchendamiseks.<\/a><\/p>\n<p>Peamised omadused<br \/>\n\u25cf V\u00e4ga k\u00f5rge tundlikkusega termomoodul 384 x 288 eraldusv\u00f5imega<br \/>\n\u25cf NETD &lt; 20 mK (@25 \u00b0C,, F#=1.0)<br \/>\n\u25cf Juhtiv soojuskujutiste t\u00f6\u00f6tlemise tehnoloogia: Adaptive AGC, DDE, 3D DNR.<br \/>\n\u25cf 1024 x 768 resolutsiooniga 0,39-tolline OLED-ekraan<br \/>\n\u25cf Vahetatav laetav Li-ioon aku<br \/>\n\u25cf Kuni 7 tundi pidevat t\u00f6\u00f6d<br \/>\n\u25cf IP67 kaitseklass<br \/>\n\u25cf t\u00f6\u00f6temperatuur -30 \u00b0C to 55 \u00b0C<\/p>","protected":false},"excerpt":{"rendered":"<p>FALCON FH25 HIKMICRO FALCON FH35 k\u00e4eshoitav termokaamera on varustatud 384\u00d7288\u00a0 infrapuna detektoriga ja 1280 \u00d7 960 OLED-ekraaniga. Tuvastuskaugus kuni 1200 m, uus VOx 384\u00d7288 12 \u03bcm sensor (v\u00e4hem kui 35 mK) ja suure avaga objektiiv, mis annab selge pildi sihtm\u00e4rgist isegi t\u00e4ielikus pimeduses. See toetab funktsioone nagu vaatlus, kauguse m\u00f5\u00f5tmine, objekti j\u00e4litamine, 4 v\u00e4rvipaletti, Wi-Fi [&#8230;]\n","protected":false},"featured_media":4217,"template":"","meta":[],"product_brand":[],"product_cat":[120],"product_tag":[],"class_list":{"0":"post-4232","1":"product","2":"type-product","3":"status-publish","4":"has-post-thumbnail","6":"product_cat-termokaamerad","8":"first","9":"onbackorder","10":"taxable","11":"shipping-taxable","12":"purchasable","13":"product-type-simple"},"yoast_head":"<!-- This site is optimized with the Yoast SEO Premium plugin v27.3 (Yoast SEO v27.3) - https:\/\/yoast.com\/product\/yoast-seo-premium-wordpress\/ -->\n<title>FALCON FH25 - Lahingurada e-pood<\/title>\n<meta name=\"description\" content=\"FALCON FH25 HIKMICRO FALCON FH35 k\u00e4eshoitav termokaamera on varustatud 384\u00d7288\u00a0 infrapuna detektoriga ja 1280 \u00d7960 OLED-ekraaniga.\" \/>\n<meta name=\"robots\" content=\"index, follow, max-snippet:-1, max-image-preview:large, max-video-preview:-1\" \/>\n<link rel=\"canonical\" href=\"https:\/\/lahingupood.ee\/en\/product\/falcon-fh25\/\" \/>\n<meta property=\"og:locale\" content=\"en_GB\" \/>\n<meta property=\"og:type\" content=\"article\" \/>\n<meta property=\"og:title\" content=\"FALCON FH25\" \/>\n<meta property=\"og:description\" content=\"FALCON FH25 HIKMICRO FALCON FH35 k\u00e4eshoitav termokaamera on varustatud 384\u00d7288\u00a0 infrapuna detektoriga ja 1280 \u00d7960 OLED-ekraaniga.\" \/>\n<meta property=\"og:url\" content=\"https:\/\/lahingupood.ee\/en\/product\/falcon-fh25\/\" \/>\n<meta property=\"og:site_name\" content=\"Lahingurada e-pood\" \/>\n<meta property=\"article:publisher\" content=\"https:\/\/www.facebook.com\/Lahingurada-629940247212967\" \/>\n<meta property=\"article:modified_time\" content=\"2023-08-09T09:41:05+00:00\" \/>\n<meta property=\"og:image\" content=\"https:\/\/lahingupood.ee\/wp-content\/uploads\/2023\/08\/FH25.jpeg\" \/>\n\t<meta property=\"og:image:width\" content=\"800\" \/>\n\t<meta property=\"og:image:height\" content=\"800\" \/>\n\t<meta property=\"og:image:type\" content=\"image\/jpeg\" \/>\n<meta name=\"twitter:card\" content=\"summary_large_image\" \/>\n<meta name=\"twitter:label1\" content=\"Estimated reading time\" \/>\n\t<meta name=\"twitter:data1\" content=\"1 minute\" \/>\n<script type=\"application\/ld+json\" class=\"yoast-schema-graph\">{\"@context\":\"https:\\\/\\\/schema.org\",\"@graph\":[{\"@type\":\"WebPage\",\"@id\":\"https:\\\/\\\/lahingupood.ee\\\/toode\\\/falcon-fh25\\\/\",\"url\":\"https:\\\/\\\/lahingupood.ee\\\/toode\\\/falcon-fh25\\\/\",\"name\":\"FALCON FH25 - Lahingurada e-pood\",\"isPartOf\":{\"@id\":\"https:\\\/\\\/lahingupood.ee\\\/#website\"},\"primaryImageOfPage\":{\"@id\":\"https:\\\/\\\/lahingupood.ee\\\/toode\\\/falcon-fh25\\\/#primaryimage\"},\"image\":{\"@id\":\"https:\\\/\\\/lahingupood.ee\\\/toode\\\/falcon-fh25\\\/#primaryimage\"},\"thumbnailUrl\":\"https:\\\/\\\/lahingupood.ee\\\/wp-content\\\/uploads\\\/2023\\\/08\\\/FH25.jpeg\",\"datePublished\":\"2023-08-09T09:41:04+00:00\",\"dateModified\":\"2023-08-09T09:41:05+00:00\",\"description\":\"FALCON FH25 HIKMICRO FALCON FH35 k\u00e4eshoitav termokaamera on varustatud 384\u00d7288\u00a0 infrapuna detektoriga ja 1280 \u00d7960 OLED-ekraaniga.\",\"breadcrumb\":{\"@id\":\"https:\\\/\\\/lahingupood.ee\\\/toode\\\/falcon-fh25\\\/#breadcrumb\"},\"inLanguage\":\"en-GB\",\"potentialAction\":[{\"@type\":\"ReadAction\",\"target\":[\"https:\\\/\\\/lahingupood.ee\\\/toode\\\/falcon-fh25\\\/\"]}]},{\"@type\":\"ImageObject\",\"inLanguage\":\"en-GB\",\"@id\":\"https:\\\/\\\/lahingupood.ee\\\/toode\\\/falcon-fh25\\\/#primaryimage\",\"url\":\"https:\\\/\\\/lahingupood.ee\\\/wp-content\\\/uploads\\\/2023\\\/08\\\/FH25.jpeg\",\"contentUrl\":\"https:\\\/\\\/lahingupood.ee\\\/wp-content\\\/uploads\\\/2023\\\/08\\\/FH25.jpeg\",\"width\":800,\"height\":800,\"caption\":\"falcon-fh25\"},{\"@type\":\"BreadcrumbList\",\"@id\":\"https:\\\/\\\/lahingupood.ee\\\/toode\\\/falcon-fh25\\\/#breadcrumb\",\"itemListElement\":[{\"@type\":\"ListItem\",\"position\":1,\"name\":\"Home\",\"item\":\"https:\\\/\\\/lahingupood.ee\\\/\"},{\"@type\":\"ListItem\",\"position\":2,\"name\":\"Tooted\",\"item\":\"https:\\\/\\\/lahingupood.ee\\\/tooted\\\/\"},{\"@type\":\"ListItem\",\"position\":3,\"name\":\"FALCON FH25\"}]},{\"@type\":\"WebSite\",\"@id\":\"https:\\\/\\\/lahingupood.ee\\\/#website\",\"url\":\"https:\\\/\\\/lahingupood.ee\\\/\",\"name\":\"Lahingurada e-pood\",\"description\":\"Airsoft\",\"publisher\":{\"@id\":\"https:\\\/\\\/lahingupood.ee\\\/#organization\"},\"potentialAction\":[{\"@type\":\"SearchAction\",\"target\":{\"@type\":\"EntryPoint\",\"urlTemplate\":\"https:\\\/\\\/lahingupood.ee\\\/?s={search_term_string}\"},\"query-input\":{\"@type\":\"PropertyValueSpecification\",\"valueRequired\":true,\"valueName\":\"search_term_string\"}}],\"inLanguage\":\"en-GB\"},{\"@type\":\"Organization\",\"@id\":\"https:\\\/\\\/lahingupood.ee\\\/#organization\",\"name\":\"Lahingurada\",\"url\":\"https:\\\/\\\/lahingupood.ee\\\/\",\"logo\":{\"@type\":\"ImageObject\",\"inLanguage\":\"en-GB\",\"@id\":\"https:\\\/\\\/lahingupood.ee\\\/#\\\/schema\\\/logo\\\/image\\\/\",\"url\":\"https:\\\/\\\/lahingupood.ee\\\/wp-content\\\/uploads\\\/2022\\\/03\\\/lahingurada-220318.jpg\",\"contentUrl\":\"https:\\\/\\\/lahingupood.ee\\\/wp-content\\\/uploads\\\/2022\\\/03\\\/lahingurada-220318.jpg\",\"width\":800,\"height\":500,\"caption\":\"Lahingurada\"},\"image\":{\"@id\":\"https:\\\/\\\/lahingupood.ee\\\/#\\\/schema\\\/logo\\\/image\\\/\"},\"sameAs\":[\"https:\\\/\\\/www.facebook.com\\\/Lahingurada-629940247212967\"]}]}<\/script>\n<!-- \/ Yoast SEO Premium plugin. -->","yoast_head_json":{"title":"FALCON FH25 - Lahingurada e-pood","description":"FALCON FH25 HIKMICRO FALCON FH35 k\u00e4eshoitav termokaamera on varustatud 384\u00d7288\u00a0 infrapuna detektoriga ja 1280 \u00d7960 OLED-ekraaniga.","robots":{"index":"index","follow":"follow","max-snippet":"max-snippet:-1","max-image-preview":"max-image-preview:large","max-video-preview":"max-video-preview:-1"},"canonical":"https:\/\/lahingupood.ee\/en\/product\/falcon-fh25\/","og_locale":"en_GB","og_type":"article","og_title":"FALCON FH25","og_description":"FALCON FH25 HIKMICRO FALCON FH35 k\u00e4eshoitav termokaamera on varustatud 384\u00d7288\u00a0 infrapuna detektoriga ja 1280 \u00d7960 OLED-ekraaniga.","og_url":"https:\/\/lahingupood.ee\/en\/product\/falcon-fh25\/","og_site_name":"Lahingurada e-pood","article_publisher":"https:\/\/www.facebook.com\/Lahingurada-629940247212967","article_modified_time":"2023-08-09T09:41:05+00:00","og_image":[{"width":800,"height":800,"url":"https:\/\/lahingupood.ee\/wp-content\/uploads\/2023\/08\/FH25.jpeg","type":"image\/jpeg"}],"twitter_card":"summary_large_image","twitter_misc":{"Estimated reading time":"1 minute"},"schema":{"@context":"https:\/\/schema.org","@graph":[{"@type":"WebPage","@id":"https:\/\/lahingupood.ee\/toode\/falcon-fh25\/","url":"https:\/\/lahingupood.ee\/toode\/falcon-fh25\/","name":"FALCON FH25 - Lahingurada e-pood","isPartOf":{"@id":"https:\/\/lahingupood.ee\/#website"},"primaryImageOfPage":{"@id":"https:\/\/lahingupood.ee\/toode\/falcon-fh25\/#primaryimage"},"image":{"@id":"https:\/\/lahingupood.ee\/toode\/falcon-fh25\/#primaryimage"},"thumbnailUrl":"https:\/\/lahingupood.ee\/wp-content\/uploads\/2023\/08\/FH25.jpeg","datePublished":"2023-08-09T09:41:04+00:00","dateModified":"2023-08-09T09:41:05+00:00","description":"FALCON FH25 HIKMICRO FALCON FH35 k\u00e4eshoitav termokaamera on varustatud 384\u00d7288\u00a0 infrapuna detektoriga ja 1280 \u00d7960 OLED-ekraaniga.","breadcrumb":{"@id":"https:\/\/lahingupood.ee\/toode\/falcon-fh25\/#breadcrumb"},"inLanguage":"en-GB","potentialAction":[{"@type":"ReadAction","target":["https:\/\/lahingupood.ee\/toode\/falcon-fh25\/"]}]},{"@type":"ImageObject","inLanguage":"en-GB","@id":"https:\/\/lahingupood.ee\/toode\/falcon-fh25\/#primaryimage","url":"https:\/\/lahingupood.ee\/wp-content\/uploads\/2023\/08\/FH25.jpeg","contentUrl":"https:\/\/lahingupood.ee\/wp-content\/uploads\/2023\/08\/FH25.jpeg","width":800,"height":800,"caption":"falcon-fh25"},{"@type":"BreadcrumbList","@id":"https:\/\/lahingupood.ee\/toode\/falcon-fh25\/#breadcrumb","itemListElement":[{"@type":"ListItem","position":1,"name":"Home","item":"https:\/\/lahingupood.ee\/"},{"@type":"ListItem","position":2,"name":"Tooted","item":"https:\/\/lahingupood.ee\/tooted\/"},{"@type":"ListItem","position":3,"name":"FALCON FH25"}]},{"@type":"WebSite","@id":"https:\/\/lahingupood.ee\/#website","url":"https:\/\/lahingupood.ee\/","name":"Lahingurada e-pood","description":"Airsoft","publisher":{"@id":"https:\/\/lahingupood.ee\/#organization"},"potentialAction":[{"@type":"SearchAction","target":{"@type":"EntryPoint","urlTemplate":"https:\/\/lahingupood.ee\/?s={search_term_string}"},"query-input":{"@type":"PropertyValueSpecification","valueRequired":true,"valueName":"search_term_string"}}],"inLanguage":"en-GB"},{"@type":"Organization","@id":"https:\/\/lahingupood.ee\/#organization","name":"Lahingurada","url":"https:\/\/lahingupood.ee\/","logo":{"@type":"ImageObject","inLanguage":"en-GB","@id":"https:\/\/lahingupood.ee\/#\/schema\/logo\/image\/","url":"https:\/\/lahingupood.ee\/wp-content\/uploads\/2022\/03\/lahingurada-220318.jpg","contentUrl":"https:\/\/lahingupood.ee\/wp-content\/uploads\/2022\/03\/lahingurada-220318.jpg","width":800,"height":500,"caption":"Lahingurada"},"image":{"@id":"https:\/\/lahingupood.ee\/#\/schema\/logo\/image\/"},"sameAs":["https:\/\/www.facebook.com\/Lahingurada-629940247212967"]}]}},"_links":{"self":[{"href":"https:\/\/lahingupood.ee\/en\/wp-json\/wp\/v2\/product\/4232","targetHints":{"allow":["GET"]}}],"collection":[{"href":"https:\/\/lahingupood.ee\/en\/wp-json\/wp\/v2\/product"}],"about":[{"href":"https:\/\/lahingupood.ee\/en\/wp-json\/wp\/v2\/types\/product"}],"wp:featuredmedia":[{"embeddable":true,"href":"https:\/\/lahingupood.ee\/en\/wp-json\/wp\/v2\/media\/4217"}],"wp:attachment":[{"href":"https:\/\/lahingupood.ee\/en\/wp-json\/wp\/v2\/media?parent=4232"}],"wp:term":[{"taxonomy":"product_brand","embeddable":true,"href":"https:\/\/lahingupood.ee\/en\/wp-json\/wp\/v2\/product_brand?post=4232"},{"taxonomy":"product_cat","embeddable":true,"href":"https:\/\/lahingupood.ee\/en\/wp-json\/wp\/v2\/product_cat?post=4232"},{"taxonomy":"product_tag","embeddable":true,"href":"https:\/\/lahingupood.ee\/en\/wp-json\/wp\/v2\/product_tag?post=4232"}],"curies":[{"name":"wp","href":"https:\/\/api.w.org\/{rel}","templated":true}]}}