{"id":4228,"date":"2023-08-09T12:23:32","date_gmt":"2023-08-09T09:23:32","guid":{"rendered":"https:\/\/lahingupood.ee\/?post_type=product&#038;p=4228"},"modified":"2023-08-09T12:23:33","modified_gmt":"2023-08-09T09:23:33","slug":"lynx-pro-le15","status":"publish","type":"product","link":"https:\/\/lahingupood.ee\/en\/product\/lynx-pro-le15\/","title":{"rendered":"Lynx PRO LE15"},"content":{"rendered":"<p class=\"product_title entry-title\">Lynx PRO LE15<\/p>\n<p>HIKMICRO LYNX Pro LE15 k\u00e4eshoitav termokaamera on varustatud 256 \u00d7 192 infrapuna detektoriga ja 720 \u00d7<br \/>\n540 LCOS-ekraaniga. Tuvastuskaugus kuni 900 m, uus VOx 256\u00d7192 12 \u03bcm sensor (v\u00e4hem kui 35 mK) ja suure avaga objektiiv, mis annab selge pildi sihtm\u00e4rgist isegi t\u00e4ielikus pimeduses.. See toetab funktsioone vaatlus, kauguse m\u00f5\u00f5tmine, 4 v\u00e4rvipaletti, Wi-Fi hot spot, video v\u00f5i pildi salvestamine m\u00e4llu jne. K\u00f5rge tundlikkusega<br \/>\nsisseehitatud termodetektor tagab selge vaate ka t\u00e4ielikus pimeduses. Monoklit kasutatakse peamiselt stsenaariumide puhul<br \/>\nnagu patrullimine, otsimine ja p\u00e4\u00e4stmine, matkamine, reisimine ja jahipidamine jne<\/p>\n<p>Peamised omadused<br \/>\n\u25cf 256 \u00d7 192 eraldusv\u00f5ime, 12 \u03bcm, k\u00f5rge tundlikkusega detektor<br \/>\n\u25cf Adaptive AGC, DDE, 3D DNR, NETD alla 35 mk (@25\u00b0C), F#=1.0<br \/>\n\u25cf 720 \u00d7 540 resolutsiooniga 0,4-tolline LCOS-ekraan<br \/>\n\u25cf Sisseehitatud laetav liitiumaku<br \/>\n\u25cf Kuni 8 tundi pidevat t\u00f6\u00f6d<br \/>\n\u25cf Wi-Fi hot spot HikMicro Sight nutitelefoni rakendusele<br \/>\n\u25cf USB C-t\u00fc\u00fcpi liides<br \/>\n\u25cf IP67 kaitseklass<br \/>\n\u25cf t\u00f6\u00f6temperatuur -20 \u00b0C to 55 \u00b0C<\/p>","protected":false},"excerpt":{"rendered":"<p>Lynx PRO LE15 HIKMICRO LYNX Pro LE15 k\u00e4eshoitav termokaamera on varustatud 256 \u00d7 192 infrapuna detektoriga ja 720 \u00d7 540 LCOS-ekraaniga. Tuvastuskaugus kuni 900 m, uus VOx 256\u00d7192 12 \u03bcm sensor (v\u00e4hem kui 35 mK) ja suure avaga objektiiv, mis annab selge pildi sihtm\u00e4rgist isegi t\u00e4ielikus pimeduses.. See toetab funktsioone vaatlus, kauguse m\u00f5\u00f5tmine, 4 v\u00e4rvipaletti, [&#8230;]\n","protected":false},"featured_media":4223,"template":"","meta":[],"product_brand":[],"product_cat":[120],"product_tag":[],"class_list":{"0":"post-4228","1":"product","2":"type-product","3":"status-publish","4":"has-post-thumbnail","6":"product_cat-termokaamerad","8":"first","9":"onbackorder","10":"taxable","11":"shipping-taxable","12":"purchasable","13":"product-type-simple"},"yoast_head":"<!-- This site is optimized with the Yoast SEO Premium plugin v27.3 (Yoast SEO v27.3) - https:\/\/yoast.com\/product\/yoast-seo-premium-wordpress\/ -->\n<title>Lynx PRO LE15 - Lahingurada e-pood<\/title>\n<meta name=\"description\" content=\"Lynx PRO LE15 HIKMICRO LYNX Pro LE15 k\u00e4eshoitav termokaamera on varustatud 256 \u00d7 192 infrapuna detektoriga ja 720 \u00d7540 LCOS-ekraaniga.\" \/>\n<meta name=\"robots\" content=\"index, follow, max-snippet:-1, max-image-preview:large, max-video-preview:-1\" \/>\n<link rel=\"canonical\" href=\"https:\/\/lahingupood.ee\/en\/product\/lynx-pro-le15\/\" \/>\n<meta property=\"og:locale\" content=\"en_GB\" \/>\n<meta property=\"og:type\" content=\"article\" \/>\n<meta property=\"og:title\" content=\"Lynx PRO LE15\" \/>\n<meta property=\"og:description\" content=\"Lynx PRO LE15 HIKMICRO LYNX Pro LE15 k\u00e4eshoitav termokaamera on varustatud 256 \u00d7 192 infrapuna detektoriga ja 720 \u00d7540 LCOS-ekraaniga.\" \/>\n<meta property=\"og:url\" content=\"https:\/\/lahingupood.ee\/en\/product\/lynx-pro-le15\/\" \/>\n<meta property=\"og:site_name\" content=\"Lahingurada e-pood\" \/>\n<meta property=\"article:publisher\" content=\"https:\/\/www.facebook.com\/Lahingurada-629940247212967\" \/>\n<meta property=\"article:modified_time\" content=\"2023-08-09T09:23:33+00:00\" \/>\n<meta property=\"og:image\" content=\"https:\/\/lahingupood.ee\/wp-content\/uploads\/2023\/08\/LE15.jpeg\" \/>\n\t<meta property=\"og:image:width\" content=\"303\" \/>\n\t<meta property=\"og:image:height\" content=\"346\" \/>\n\t<meta property=\"og:image:type\" content=\"image\/jpeg\" \/>\n<meta name=\"twitter:card\" content=\"summary_large_image\" \/>\n<meta name=\"twitter:label1\" content=\"Estimated reading time\" \/>\n\t<meta name=\"twitter:data1\" content=\"1 minute\" \/>\n<script type=\"application\/ld+json\" class=\"yoast-schema-graph\">{\"@context\":\"https:\\\/\\\/schema.org\",\"@graph\":[{\"@type\":\"WebPage\",\"@id\":\"https:\\\/\\\/lahingupood.ee\\\/toode\\\/lynx-pro-le15\\\/\",\"url\":\"https:\\\/\\\/lahingupood.ee\\\/toode\\\/lynx-pro-le15\\\/\",\"name\":\"Lynx PRO LE15 - Lahingurada e-pood\",\"isPartOf\":{\"@id\":\"https:\\\/\\\/lahingupood.ee\\\/#website\"},\"primaryImageOfPage\":{\"@id\":\"https:\\\/\\\/lahingupood.ee\\\/toode\\\/lynx-pro-le15\\\/#primaryimage\"},\"image\":{\"@id\":\"https:\\\/\\\/lahingupood.ee\\\/toode\\\/lynx-pro-le15\\\/#primaryimage\"},\"thumbnailUrl\":\"https:\\\/\\\/lahingupood.ee\\\/wp-content\\\/uploads\\\/2023\\\/08\\\/LE15.jpeg\",\"datePublished\":\"2023-08-09T09:23:32+00:00\",\"dateModified\":\"2023-08-09T09:23:33+00:00\",\"description\":\"Lynx PRO LE15 HIKMICRO LYNX Pro LE15 k\u00e4eshoitav termokaamera on varustatud 256 \u00d7 192 infrapuna detektoriga ja 720 \u00d7540 LCOS-ekraaniga.\",\"breadcrumb\":{\"@id\":\"https:\\\/\\\/lahingupood.ee\\\/toode\\\/lynx-pro-le15\\\/#breadcrumb\"},\"inLanguage\":\"en-GB\",\"potentialAction\":[{\"@type\":\"ReadAction\",\"target\":[\"https:\\\/\\\/lahingupood.ee\\\/toode\\\/lynx-pro-le15\\\/\"]}]},{\"@type\":\"ImageObject\",\"inLanguage\":\"en-GB\",\"@id\":\"https:\\\/\\\/lahingupood.ee\\\/toode\\\/lynx-pro-le15\\\/#primaryimage\",\"url\":\"https:\\\/\\\/lahingupood.ee\\\/wp-content\\\/uploads\\\/2023\\\/08\\\/LE15.jpeg\",\"contentUrl\":\"https:\\\/\\\/lahingupood.ee\\\/wp-content\\\/uploads\\\/2023\\\/08\\\/LE15.jpeg\",\"width\":303,\"height\":346,\"caption\":\"lynx-pro-le15\"},{\"@type\":\"BreadcrumbList\",\"@id\":\"https:\\\/\\\/lahingupood.ee\\\/toode\\\/lynx-pro-le15\\\/#breadcrumb\",\"itemListElement\":[{\"@type\":\"ListItem\",\"position\":1,\"name\":\"Home\",\"item\":\"https:\\\/\\\/lahingupood.ee\\\/\"},{\"@type\":\"ListItem\",\"position\":2,\"name\":\"Tooted\",\"item\":\"https:\\\/\\\/lahingupood.ee\\\/tooted\\\/\"},{\"@type\":\"ListItem\",\"position\":3,\"name\":\"Lynx PRO LE15\"}]},{\"@type\":\"WebSite\",\"@id\":\"https:\\\/\\\/lahingupood.ee\\\/#website\",\"url\":\"https:\\\/\\\/lahingupood.ee\\\/\",\"name\":\"Lahingurada e-pood\",\"description\":\"Airsoft\",\"publisher\":{\"@id\":\"https:\\\/\\\/lahingupood.ee\\\/#organization\"},\"potentialAction\":[{\"@type\":\"SearchAction\",\"target\":{\"@type\":\"EntryPoint\",\"urlTemplate\":\"https:\\\/\\\/lahingupood.ee\\\/?s={search_term_string}\"},\"query-input\":{\"@type\":\"PropertyValueSpecification\",\"valueRequired\":true,\"valueName\":\"search_term_string\"}}],\"inLanguage\":\"en-GB\"},{\"@type\":\"Organization\",\"@id\":\"https:\\\/\\\/lahingupood.ee\\\/#organization\",\"name\":\"Lahingurada\",\"url\":\"https:\\\/\\\/lahingupood.ee\\\/\",\"logo\":{\"@type\":\"ImageObject\",\"inLanguage\":\"en-GB\",\"@id\":\"https:\\\/\\\/lahingupood.ee\\\/#\\\/schema\\\/logo\\\/image\\\/\",\"url\":\"https:\\\/\\\/lahingupood.ee\\\/wp-content\\\/uploads\\\/2022\\\/03\\\/lahingurada-220318.jpg\",\"contentUrl\":\"https:\\\/\\\/lahingupood.ee\\\/wp-content\\\/uploads\\\/2022\\\/03\\\/lahingurada-220318.jpg\",\"width\":800,\"height\":500,\"caption\":\"Lahingurada\"},\"image\":{\"@id\":\"https:\\\/\\\/lahingupood.ee\\\/#\\\/schema\\\/logo\\\/image\\\/\"},\"sameAs\":[\"https:\\\/\\\/www.facebook.com\\\/Lahingurada-629940247212967\"]}]}<\/script>\n<!-- \/ Yoast SEO Premium plugin. -->","yoast_head_json":{"title":"Lynx PRO LE15 - Lahingurada e-pood","description":"Lynx PRO LE15 HIKMICRO LYNX Pro LE15 k\u00e4eshoitav termokaamera on varustatud 256 \u00d7 192 infrapuna detektoriga ja 720 \u00d7540 LCOS-ekraaniga.","robots":{"index":"index","follow":"follow","max-snippet":"max-snippet:-1","max-image-preview":"max-image-preview:large","max-video-preview":"max-video-preview:-1"},"canonical":"https:\/\/lahingupood.ee\/en\/product\/lynx-pro-le15\/","og_locale":"en_GB","og_type":"article","og_title":"Lynx PRO LE15","og_description":"Lynx PRO LE15 HIKMICRO LYNX Pro LE15 k\u00e4eshoitav termokaamera on varustatud 256 \u00d7 192 infrapuna detektoriga ja 720 \u00d7540 LCOS-ekraaniga.","og_url":"https:\/\/lahingupood.ee\/en\/product\/lynx-pro-le15\/","og_site_name":"Lahingurada e-pood","article_publisher":"https:\/\/www.facebook.com\/Lahingurada-629940247212967","article_modified_time":"2023-08-09T09:23:33+00:00","og_image":[{"width":303,"height":346,"url":"https:\/\/lahingupood.ee\/wp-content\/uploads\/2023\/08\/LE15.jpeg","type":"image\/jpeg"}],"twitter_card":"summary_large_image","twitter_misc":{"Estimated reading time":"1 minute"},"schema":{"@context":"https:\/\/schema.org","@graph":[{"@type":"WebPage","@id":"https:\/\/lahingupood.ee\/toode\/lynx-pro-le15\/","url":"https:\/\/lahingupood.ee\/toode\/lynx-pro-le15\/","name":"Lynx PRO LE15 - Lahingurada e-pood","isPartOf":{"@id":"https:\/\/lahingupood.ee\/#website"},"primaryImageOfPage":{"@id":"https:\/\/lahingupood.ee\/toode\/lynx-pro-le15\/#primaryimage"},"image":{"@id":"https:\/\/lahingupood.ee\/toode\/lynx-pro-le15\/#primaryimage"},"thumbnailUrl":"https:\/\/lahingupood.ee\/wp-content\/uploads\/2023\/08\/LE15.jpeg","datePublished":"2023-08-09T09:23:32+00:00","dateModified":"2023-08-09T09:23:33+00:00","description":"Lynx PRO LE15 HIKMICRO LYNX Pro LE15 k\u00e4eshoitav termokaamera on varustatud 256 \u00d7 192 infrapuna detektoriga ja 720 \u00d7540 LCOS-ekraaniga.","breadcrumb":{"@id":"https:\/\/lahingupood.ee\/toode\/lynx-pro-le15\/#breadcrumb"},"inLanguage":"en-GB","potentialAction":[{"@type":"ReadAction","target":["https:\/\/lahingupood.ee\/toode\/lynx-pro-le15\/"]}]},{"@type":"ImageObject","inLanguage":"en-GB","@id":"https:\/\/lahingupood.ee\/toode\/lynx-pro-le15\/#primaryimage","url":"https:\/\/lahingupood.ee\/wp-content\/uploads\/2023\/08\/LE15.jpeg","contentUrl":"https:\/\/lahingupood.ee\/wp-content\/uploads\/2023\/08\/LE15.jpeg","width":303,"height":346,"caption":"lynx-pro-le15"},{"@type":"BreadcrumbList","@id":"https:\/\/lahingupood.ee\/toode\/lynx-pro-le15\/#breadcrumb","itemListElement":[{"@type":"ListItem","position":1,"name":"Home","item":"https:\/\/lahingupood.ee\/"},{"@type":"ListItem","position":2,"name":"Tooted","item":"https:\/\/lahingupood.ee\/tooted\/"},{"@type":"ListItem","position":3,"name":"Lynx PRO LE15"}]},{"@type":"WebSite","@id":"https:\/\/lahingupood.ee\/#website","url":"https:\/\/lahingupood.ee\/","name":"Lahingurada e-pood","description":"Airsoft","publisher":{"@id":"https:\/\/lahingupood.ee\/#organization"},"potentialAction":[{"@type":"SearchAction","target":{"@type":"EntryPoint","urlTemplate":"https:\/\/lahingupood.ee\/?s={search_term_string}"},"query-input":{"@type":"PropertyValueSpecification","valueRequired":true,"valueName":"search_term_string"}}],"inLanguage":"en-GB"},{"@type":"Organization","@id":"https:\/\/lahingupood.ee\/#organization","name":"Lahingurada","url":"https:\/\/lahingupood.ee\/","logo":{"@type":"ImageObject","inLanguage":"en-GB","@id":"https:\/\/lahingupood.ee\/#\/schema\/logo\/image\/","url":"https:\/\/lahingupood.ee\/wp-content\/uploads\/2022\/03\/lahingurada-220318.jpg","contentUrl":"https:\/\/lahingupood.ee\/wp-content\/uploads\/2022\/03\/lahingurada-220318.jpg","width":800,"height":500,"caption":"Lahingurada"},"image":{"@id":"https:\/\/lahingupood.ee\/#\/schema\/logo\/image\/"},"sameAs":["https:\/\/www.facebook.com\/Lahingurada-629940247212967"]}]}},"_links":{"self":[{"href":"https:\/\/lahingupood.ee\/en\/wp-json\/wp\/v2\/product\/4228","targetHints":{"allow":["GET"]}}],"collection":[{"href":"https:\/\/lahingupood.ee\/en\/wp-json\/wp\/v2\/product"}],"about":[{"href":"https:\/\/lahingupood.ee\/en\/wp-json\/wp\/v2\/types\/product"}],"wp:featuredmedia":[{"embeddable":true,"href":"https:\/\/lahingupood.ee\/en\/wp-json\/wp\/v2\/media\/4223"}],"wp:attachment":[{"href":"https:\/\/lahingupood.ee\/en\/wp-json\/wp\/v2\/media?parent=4228"}],"wp:term":[{"taxonomy":"product_brand","embeddable":true,"href":"https:\/\/lahingupood.ee\/en\/wp-json\/wp\/v2\/product_brand?post=4228"},{"taxonomy":"product_cat","embeddable":true,"href":"https:\/\/lahingupood.ee\/en\/wp-json\/wp\/v2\/product_cat?post=4228"},{"taxonomy":"product_tag","embeddable":true,"href":"https:\/\/lahingupood.ee\/en\/wp-json\/wp\/v2\/product_tag?post=4228"}],"curies":[{"name":"wp","href":"https:\/\/api.w.org\/{rel}","templated":true}]}}