{"id":4216,"date":"2023-08-09T12:09:46","date_gmt":"2023-08-09T09:09:46","guid":{"rendered":"https:\/\/lahingupood.ee\/?post_type=product&#038;p=4216"},"modified":"2023-08-09T12:14:23","modified_gmt":"2023-08-09T09:14:23","slug":"lynx-lc06","status":"publish","type":"product","link":"https:\/\/lahingupood.ee\/en\/product\/lynx-lc06\/","title":{"rendered":"Lynx LC06"},"content":{"rendered":"<p>Lynx LC06<\/p>\n<p>HIKMICRO LYNX LC06 k\u00e4eshoitav termokaamera on varustatud 160 \u00d7 120 infrapuna detektoriga ja 720 \u00d7<br \/>\n540 LCOS-ekraaniga. Tuvastuskaugus kuni 250 m, uus VOx 12 \u03bcm sensor (v\u00e4hem kui 35 mK) ja suure avaga objektiiv, mis annab selge pildi sihtm\u00e4rgist isegi t\u00e4ielikus pimeduses.. See toetab funktsioone vaatlus, kauguse m\u00f5\u00f5tmine, 4 v\u00e4rvipaletti, Wi-Fi hot spot, video v\u00f5i pildi salvestamine m\u00e4llu jne. K\u00f5rge tundlikkusega<br \/>\nsisseehitatud termodetektor tagab selge vaate ka t\u00e4ielikus pimeduses. Monoklit kasutatakse peamiselt stsenaariumide puhul<br \/>\nnagu patrullimine, otsimine ja p\u00e4\u00e4stmine, matkamine, reisimine ja jahipidamine jne<\/p>\n<p>Peamised omadused<br \/>\n\u25cf 160 \u00d7 120 eraldusv\u00f5ime, 12 \u03bcm, k\u00f5rge tundlikkusega detektor<br \/>\n\u25cf Adaptive AGC, DDE, 3D DNR, NETD alla 35 mk (@25\u00b0C), F#=1.0<br \/>\n\u25cf 720 \u00d7 540 resolutsiooniga 0,4-tolline LCOS-ekraan<br \/>\n\u25cf Sisseehitatud laetav liitiumaku<br \/>\n\u25cf Kuni 10 tundi pidevat t\u00f6\u00f6d<br \/>\n\u25cf Wi-Fi hot spot HikMicro Sight nutitelefoni rakendusele<br \/>\n\u25cf USB C-t\u00fc\u00fcpi liides<br \/>\n\u25cf IP67 kaitseklass<br \/>\n\u25cf t\u00f6\u00f6temperatuur -20 \u00b0C to 55 \u00b0C<\/p>","protected":false},"excerpt":{"rendered":"<p>Lynx LC06 HIKMICRO LYNX LC06 k\u00e4eshoitav termokaamera on varustatud 160 \u00d7 120 infrapuna detektoriga ja 720 \u00d7 540 LCOS-ekraaniga. Tuvastuskaugus kuni 250 m, uus VOx 12 \u03bcm sensor (v\u00e4hem kui 35 mK) ja suure avaga objektiiv, mis annab selge pildi sihtm\u00e4rgist isegi t\u00e4ielikus pimeduses.. See toetab funktsioone vaatlus, kauguse m\u00f5\u00f5tmine, 4 v\u00e4rvipaletti, Wi-Fi hot spot, [&#8230;]\n","protected":false},"featured_media":4221,"template":"","meta":[],"product_brand":[],"product_cat":[120],"product_tag":[],"class_list":{"0":"post-4216","1":"product","2":"type-product","3":"status-publish","4":"has-post-thumbnail","6":"product_cat-termokaamerad","8":"first","9":"onbackorder","10":"taxable","11":"shipping-taxable","12":"purchasable","13":"product-type-simple"},"yoast_head":"<!-- This site is optimized with the Yoast SEO Premium plugin v27.3 (Yoast SEO v27.3) - https:\/\/yoast.com\/product\/yoast-seo-premium-wordpress\/ -->\n<title>Lynx LC06 - Lahingurada e-pood<\/title>\n<meta name=\"description\" content=\"Lynx LC06 HIKMICRO LYNX LC06 k\u00e4eshoitav termokaamera on varustatud 160 \u00d7 120 infrapuna detektoriga ja 720 \u00d7540 LCOS-ekraaniga.\" \/>\n<meta name=\"robots\" content=\"index, follow, max-snippet:-1, max-image-preview:large, max-video-preview:-1\" \/>\n<link rel=\"canonical\" href=\"https:\/\/lahingupood.ee\/en\/product\/lynx-lc06\/\" \/>\n<meta property=\"og:locale\" content=\"en_GB\" \/>\n<meta property=\"og:type\" content=\"article\" \/>\n<meta property=\"og:title\" content=\"Lynx LC06\" \/>\n<meta property=\"og:description\" content=\"Lynx LC06 HIKMICRO LYNX LC06 k\u00e4eshoitav termokaamera on varustatud 160 \u00d7 120 infrapuna detektoriga ja 720 \u00d7540 LCOS-ekraaniga.\" \/>\n<meta property=\"og:url\" content=\"https:\/\/lahingupood.ee\/en\/product\/lynx-lc06\/\" \/>\n<meta property=\"og:site_name\" content=\"Lahingurada e-pood\" \/>\n<meta property=\"article:publisher\" content=\"https:\/\/www.facebook.com\/Lahingurada-629940247212967\" \/>\n<meta property=\"article:modified_time\" content=\"2023-08-09T09:14:23+00:00\" \/>\n<meta property=\"og:image\" content=\"https:\/\/lahingupood.ee\/wp-content\/uploads\/2023\/08\/LC06.jpeg\" \/>\n\t<meta property=\"og:image:width\" content=\"303\" \/>\n\t<meta property=\"og:image:height\" content=\"346\" \/>\n\t<meta property=\"og:image:type\" content=\"image\/jpeg\" \/>\n<meta name=\"twitter:card\" content=\"summary_large_image\" \/>\n<meta name=\"twitter:label1\" content=\"Estimated reading time\" \/>\n\t<meta name=\"twitter:data1\" content=\"1 minute\" \/>\n<script type=\"application\/ld+json\" class=\"yoast-schema-graph\">{\"@context\":\"https:\\\/\\\/schema.org\",\"@graph\":[{\"@type\":\"WebPage\",\"@id\":\"https:\\\/\\\/lahingupood.ee\\\/toode\\\/lynx-lc06\\\/\",\"url\":\"https:\\\/\\\/lahingupood.ee\\\/toode\\\/lynx-lc06\\\/\",\"name\":\"Lynx LC06 - Lahingurada e-pood\",\"isPartOf\":{\"@id\":\"https:\\\/\\\/lahingupood.ee\\\/#website\"},\"primaryImageOfPage\":{\"@id\":\"https:\\\/\\\/lahingupood.ee\\\/toode\\\/lynx-lc06\\\/#primaryimage\"},\"image\":{\"@id\":\"https:\\\/\\\/lahingupood.ee\\\/toode\\\/lynx-lc06\\\/#primaryimage\"},\"thumbnailUrl\":\"https:\\\/\\\/lahingupood.ee\\\/wp-content\\\/uploads\\\/2023\\\/08\\\/LC06.jpeg\",\"datePublished\":\"2023-08-09T09:09:46+00:00\",\"dateModified\":\"2023-08-09T09:14:23+00:00\",\"description\":\"Lynx LC06 HIKMICRO LYNX LC06 k\u00e4eshoitav termokaamera on varustatud 160 \u00d7 120 infrapuna detektoriga ja 720 \u00d7540 LCOS-ekraaniga.\",\"breadcrumb\":{\"@id\":\"https:\\\/\\\/lahingupood.ee\\\/toode\\\/lynx-lc06\\\/#breadcrumb\"},\"inLanguage\":\"en-GB\",\"potentialAction\":[{\"@type\":\"ReadAction\",\"target\":[\"https:\\\/\\\/lahingupood.ee\\\/toode\\\/lynx-lc06\\\/\"]}]},{\"@type\":\"ImageObject\",\"inLanguage\":\"en-GB\",\"@id\":\"https:\\\/\\\/lahingupood.ee\\\/toode\\\/lynx-lc06\\\/#primaryimage\",\"url\":\"https:\\\/\\\/lahingupood.ee\\\/wp-content\\\/uploads\\\/2023\\\/08\\\/LC06.jpeg\",\"contentUrl\":\"https:\\\/\\\/lahingupood.ee\\\/wp-content\\\/uploads\\\/2023\\\/08\\\/LC06.jpeg\",\"width\":303,\"height\":346,\"caption\":\"lynx-lc06\"},{\"@type\":\"BreadcrumbList\",\"@id\":\"https:\\\/\\\/lahingupood.ee\\\/toode\\\/lynx-lc06\\\/#breadcrumb\",\"itemListElement\":[{\"@type\":\"ListItem\",\"position\":1,\"name\":\"Home\",\"item\":\"https:\\\/\\\/lahingupood.ee\\\/\"},{\"@type\":\"ListItem\",\"position\":2,\"name\":\"Tooted\",\"item\":\"https:\\\/\\\/lahingupood.ee\\\/tooted\\\/\"},{\"@type\":\"ListItem\",\"position\":3,\"name\":\"Lynx LC06\"}]},{\"@type\":\"WebSite\",\"@id\":\"https:\\\/\\\/lahingupood.ee\\\/#website\",\"url\":\"https:\\\/\\\/lahingupood.ee\\\/\",\"name\":\"Lahingurada e-pood\",\"description\":\"Airsoft\",\"publisher\":{\"@id\":\"https:\\\/\\\/lahingupood.ee\\\/#organization\"},\"potentialAction\":[{\"@type\":\"SearchAction\",\"target\":{\"@type\":\"EntryPoint\",\"urlTemplate\":\"https:\\\/\\\/lahingupood.ee\\\/?s={search_term_string}\"},\"query-input\":{\"@type\":\"PropertyValueSpecification\",\"valueRequired\":true,\"valueName\":\"search_term_string\"}}],\"inLanguage\":\"en-GB\"},{\"@type\":\"Organization\",\"@id\":\"https:\\\/\\\/lahingupood.ee\\\/#organization\",\"name\":\"Lahingurada\",\"url\":\"https:\\\/\\\/lahingupood.ee\\\/\",\"logo\":{\"@type\":\"ImageObject\",\"inLanguage\":\"en-GB\",\"@id\":\"https:\\\/\\\/lahingupood.ee\\\/#\\\/schema\\\/logo\\\/image\\\/\",\"url\":\"https:\\\/\\\/lahingupood.ee\\\/wp-content\\\/uploads\\\/2022\\\/03\\\/lahingurada-220318.jpg\",\"contentUrl\":\"https:\\\/\\\/lahingupood.ee\\\/wp-content\\\/uploads\\\/2022\\\/03\\\/lahingurada-220318.jpg\",\"width\":800,\"height\":500,\"caption\":\"Lahingurada\"},\"image\":{\"@id\":\"https:\\\/\\\/lahingupood.ee\\\/#\\\/schema\\\/logo\\\/image\\\/\"},\"sameAs\":[\"https:\\\/\\\/www.facebook.com\\\/Lahingurada-629940247212967\"]}]}<\/script>\n<!-- \/ Yoast SEO Premium plugin. -->","yoast_head_json":{"title":"Lynx LC06 - Lahingurada e-pood","description":"Lynx LC06 HIKMICRO LYNX LC06 k\u00e4eshoitav termokaamera on varustatud 160 \u00d7 120 infrapuna detektoriga ja 720 \u00d7540 LCOS-ekraaniga.","robots":{"index":"index","follow":"follow","max-snippet":"max-snippet:-1","max-image-preview":"max-image-preview:large","max-video-preview":"max-video-preview:-1"},"canonical":"https:\/\/lahingupood.ee\/en\/product\/lynx-lc06\/","og_locale":"en_GB","og_type":"article","og_title":"Lynx LC06","og_description":"Lynx LC06 HIKMICRO LYNX LC06 k\u00e4eshoitav termokaamera on varustatud 160 \u00d7 120 infrapuna detektoriga ja 720 \u00d7540 LCOS-ekraaniga.","og_url":"https:\/\/lahingupood.ee\/en\/product\/lynx-lc06\/","og_site_name":"Lahingurada e-pood","article_publisher":"https:\/\/www.facebook.com\/Lahingurada-629940247212967","article_modified_time":"2023-08-09T09:14:23+00:00","og_image":[{"width":303,"height":346,"url":"https:\/\/lahingupood.ee\/wp-content\/uploads\/2023\/08\/LC06.jpeg","type":"image\/jpeg"}],"twitter_card":"summary_large_image","twitter_misc":{"Estimated reading time":"1 minute"},"schema":{"@context":"https:\/\/schema.org","@graph":[{"@type":"WebPage","@id":"https:\/\/lahingupood.ee\/toode\/lynx-lc06\/","url":"https:\/\/lahingupood.ee\/toode\/lynx-lc06\/","name":"Lynx LC06 - Lahingurada e-pood","isPartOf":{"@id":"https:\/\/lahingupood.ee\/#website"},"primaryImageOfPage":{"@id":"https:\/\/lahingupood.ee\/toode\/lynx-lc06\/#primaryimage"},"image":{"@id":"https:\/\/lahingupood.ee\/toode\/lynx-lc06\/#primaryimage"},"thumbnailUrl":"https:\/\/lahingupood.ee\/wp-content\/uploads\/2023\/08\/LC06.jpeg","datePublished":"2023-08-09T09:09:46+00:00","dateModified":"2023-08-09T09:14:23+00:00","description":"Lynx LC06 HIKMICRO LYNX LC06 k\u00e4eshoitav termokaamera on varustatud 160 \u00d7 120 infrapuna detektoriga ja 720 \u00d7540 LCOS-ekraaniga.","breadcrumb":{"@id":"https:\/\/lahingupood.ee\/toode\/lynx-lc06\/#breadcrumb"},"inLanguage":"en-GB","potentialAction":[{"@type":"ReadAction","target":["https:\/\/lahingupood.ee\/toode\/lynx-lc06\/"]}]},{"@type":"ImageObject","inLanguage":"en-GB","@id":"https:\/\/lahingupood.ee\/toode\/lynx-lc06\/#primaryimage","url":"https:\/\/lahingupood.ee\/wp-content\/uploads\/2023\/08\/LC06.jpeg","contentUrl":"https:\/\/lahingupood.ee\/wp-content\/uploads\/2023\/08\/LC06.jpeg","width":303,"height":346,"caption":"lynx-lc06"},{"@type":"BreadcrumbList","@id":"https:\/\/lahingupood.ee\/toode\/lynx-lc06\/#breadcrumb","itemListElement":[{"@type":"ListItem","position":1,"name":"Home","item":"https:\/\/lahingupood.ee\/"},{"@type":"ListItem","position":2,"name":"Tooted","item":"https:\/\/lahingupood.ee\/tooted\/"},{"@type":"ListItem","position":3,"name":"Lynx LC06"}]},{"@type":"WebSite","@id":"https:\/\/lahingupood.ee\/#website","url":"https:\/\/lahingupood.ee\/","name":"Lahingurada e-pood","description":"Airsoft","publisher":{"@id":"https:\/\/lahingupood.ee\/#organization"},"potentialAction":[{"@type":"SearchAction","target":{"@type":"EntryPoint","urlTemplate":"https:\/\/lahingupood.ee\/?s={search_term_string}"},"query-input":{"@type":"PropertyValueSpecification","valueRequired":true,"valueName":"search_term_string"}}],"inLanguage":"en-GB"},{"@type":"Organization","@id":"https:\/\/lahingupood.ee\/#organization","name":"Lahingurada","url":"https:\/\/lahingupood.ee\/","logo":{"@type":"ImageObject","inLanguage":"en-GB","@id":"https:\/\/lahingupood.ee\/#\/schema\/logo\/image\/","url":"https:\/\/lahingupood.ee\/wp-content\/uploads\/2022\/03\/lahingurada-220318.jpg","contentUrl":"https:\/\/lahingupood.ee\/wp-content\/uploads\/2022\/03\/lahingurada-220318.jpg","width":800,"height":500,"caption":"Lahingurada"},"image":{"@id":"https:\/\/lahingupood.ee\/#\/schema\/logo\/image\/"},"sameAs":["https:\/\/www.facebook.com\/Lahingurada-629940247212967"]}]}},"_links":{"self":[{"href":"https:\/\/lahingupood.ee\/en\/wp-json\/wp\/v2\/product\/4216","targetHints":{"allow":["GET"]}}],"collection":[{"href":"https:\/\/lahingupood.ee\/en\/wp-json\/wp\/v2\/product"}],"about":[{"href":"https:\/\/lahingupood.ee\/en\/wp-json\/wp\/v2\/types\/product"}],"wp:featuredmedia":[{"embeddable":true,"href":"https:\/\/lahingupood.ee\/en\/wp-json\/wp\/v2\/media\/4221"}],"wp:attachment":[{"href":"https:\/\/lahingupood.ee\/en\/wp-json\/wp\/v2\/media?parent=4216"}],"wp:term":[{"taxonomy":"product_brand","embeddable":true,"href":"https:\/\/lahingupood.ee\/en\/wp-json\/wp\/v2\/product_brand?post=4216"},{"taxonomy":"product_cat","embeddable":true,"href":"https:\/\/lahingupood.ee\/en\/wp-json\/wp\/v2\/product_cat?post=4216"},{"taxonomy":"product_tag","embeddable":true,"href":"https:\/\/lahingupood.ee\/en\/wp-json\/wp\/v2\/product_tag?post=4216"}],"curies":[{"name":"wp","href":"https:\/\/api.w.org\/{rel}","templated":true}]}}