{"id":4187,"date":"2023-08-08T14:45:46","date_gmt":"2023-08-08T11:45:46","guid":{"rendered":"https:\/\/lahingupood.ee\/?post_type=product&#038;p=4187"},"modified":"2026-05-02T19:45:02","modified_gmt":"2026-05-02T16:45:02","slug":"titan-v2-basic-module-rear-wired-gate","status":"publish","type":"product","link":"https:\/\/lahingupood.ee\/en\/product\/titan-v2-basic-module-rear-wired-gate\/","title":{"rendered":"Gate Titan V2 Basic Module Rear Wired"},"content":{"rendered":"<p data-start=\"849\" data-end=\"1118\"><strong data-start=\"849\" data-end=\"866\">Gate Titan V2<\/strong> on kvaliteetne airsoft elektroonikamoodul m\u00e4ngijale, kes soovib oma AEG replika muuta t\u00e4psemaks, kiiremaks ja paremini seadistatavaks. Titan V2 Basic Module Rear Wired sobib kasutamiseks <strong data-start=\"1054\" data-end=\"1071\">V2 gearboxiga<\/strong> replikates ning on tagant juhtmetega versioon.<\/p>\n<p data-start=\"1120\" data-end=\"1448\">See moodul annab v\u00f5imaluse kohandada replika k\u00e4itumist vastavalt enda eelistustele. Kokku on saadaval <strong data-start=\"1222\" data-end=\"1249\">20 erinevat funktsiooni<\/strong>, millega saab m\u00f5jutada p\u00e4\u00e4stikutunnetust, laske re\u017eiime ja replika \u00fcldist t\u00f6\u00f6d. Selline elektroonika on hea valik m\u00e4ngijale, kes soovib saada oma relvast rohkem kontrolli ja paremat kasutusmugavust.<\/p>\n<p data-start=\"1450\" data-end=\"1687\">\u00dcks suuremaid eeliseid on p\u00e4\u00e4stiku tunnetuse reguleerimine ilma replikat lahti v\u00f5tmata. See teeb seadistamise lihtsamaks ja kiiremaks. P\u00e4\u00e4stikut saab kohandada vastavalt sellele, kas eelistad l\u00fchikest, kiiret v\u00f5i kontrollitumat vajutust.<\/p>\n<p data-start=\"1689\" data-end=\"1952\"><strong data-start=\"1689\" data-end=\"1706\">Gate Titan V2<\/strong> v\u00f5imaldab muuta laske re\u017eiime mitmel erineval viisil. Kokku on v\u00f5imalik kasutada seitset erinevat laske re\u017eiimi seadistust.<\/p>","protected":false},"excerpt":{"rendered":"<p>Gate Titan V2 on kvaliteetne airsoft elektroonikamoodul m\u00e4ngijale, kes soovib oma AEG replika muuta t\u00e4psemaks, kiiremaks ja paremini seadistatavaks. Titan V2 Basic Module Rear Wired sobib kasutamiseks V2 gearboxiga replikates ning on tagant juhtmetega versioon. See moodul annab v\u00f5imaluse kohandada replika k\u00e4itumist vastavalt enda eelistustele. Kokku on saadaval 20 erinevat funktsiooni, millega saab m\u00f5jutada p\u00e4\u00e4stikutunnetust, [&#8230;]\n","protected":false},"featured_media":4128,"template":"","meta":[],"product_brand":[],"product_cat":[74],"product_tag":[],"class_list":{"0":"post-4187","1":"product","2":"type-product","3":"status-publish","4":"has-post-thumbnail","6":"product_cat-elektroonika","8":"first","9":"instock","10":"taxable","11":"shipping-taxable","12":"purchasable","13":"product-type-simple"},"yoast_head":"<!-- This site is optimized with the Yoast SEO Premium plugin v27.5 (Yoast SEO v27.5) - https:\/\/yoast.com\/product\/yoast-seo-premium-wordpress\/ -->\n<title>Gate Titan V2 Basic Module Rear Wired - Lahingurada e-pood<\/title>\n<meta name=\"description\" content=\"Gate Titan V2 Basic Module Rear Wired on V2 gearboxile m\u00f5eldud airsoft elektroonika, millel on 20 funktsiooni, reguleeritav p\u00e4\u00e4stik ja laske re\u017eiimid.\" \/>\n<meta name=\"robots\" content=\"index, follow, max-snippet:-1, max-image-preview:large, max-video-preview:-1\" \/>\n<link rel=\"canonical\" href=\"https:\/\/lahingupood.ee\/en\/product\/titan-v2-basic-module-rear-wired-gate\/\" \/>\n<meta property=\"og:locale\" content=\"en_GB\" \/>\n<meta property=\"og:type\" content=\"article\" \/>\n<meta property=\"og:title\" content=\"Gate Titan V2 Basic Module Rear Wired\" \/>\n<meta property=\"og:description\" content=\"Gate Titan V2 Basic Module Rear Wired on V2 gearboxile m\u00f5eldud airsoft elektroonika, millel on 20 funktsiooni, reguleeritav p\u00e4\u00e4stik ja laske re\u017eiimid.\" \/>\n<meta property=\"og:url\" content=\"https:\/\/lahingupood.ee\/en\/product\/titan-v2-basic-module-rear-wired-gate\/\" \/>\n<meta property=\"og:site_name\" content=\"Lahingurada e-pood\" \/>\n<meta property=\"article:publisher\" content=\"https:\/\/www.facebook.com\/Lahingurada-629940247212967\" \/>\n<meta property=\"article:modified_time\" content=\"2026-05-02T16:45:02+00:00\" \/>\n<meta property=\"og:image\" content=\"https:\/\/lahingupood.ee\/wp-content\/uploads\/2023\/08\/22164_2.png\" \/>\n\t<meta property=\"og:image:width\" content=\"930\" \/>\n\t<meta property=\"og:image:height\" content=\"651\" \/>\n\t<meta property=\"og:image:type\" content=\"image\/png\" \/>\n<meta name=\"twitter:card\" content=\"summary_large_image\" \/>\n<meta name=\"twitter:label1\" content=\"Estimated reading time\" \/>\n\t<meta name=\"twitter:data1\" content=\"1 minute\" \/>\n<script type=\"application\/ld+json\" class=\"yoast-schema-graph\">{\"@context\":\"https:\\\/\\\/schema.org\",\"@graph\":[{\"@type\":\"WebPage\",\"@id\":\"https:\\\/\\\/lahingupood.ee\\\/toode\\\/titan-v2-basic-module-rear-wired-gate\\\/\",\"url\":\"https:\\\/\\\/lahingupood.ee\\\/toode\\\/titan-v2-basic-module-rear-wired-gate\\\/\",\"name\":\"Gate Titan V2 Basic Module Rear Wired - Lahingurada e-pood\",\"isPartOf\":{\"@id\":\"https:\\\/\\\/lahingupood.ee\\\/#website\"},\"primaryImageOfPage\":{\"@id\":\"https:\\\/\\\/lahingupood.ee\\\/toode\\\/titan-v2-basic-module-rear-wired-gate\\\/#primaryimage\"},\"image\":{\"@id\":\"https:\\\/\\\/lahingupood.ee\\\/toode\\\/titan-v2-basic-module-rear-wired-gate\\\/#primaryimage\"},\"thumbnailUrl\":\"https:\\\/\\\/lahingupood.ee\\\/wp-content\\\/uploads\\\/2023\\\/08\\\/22164_2.png\",\"datePublished\":\"2023-08-08T11:45:46+00:00\",\"dateModified\":\"2026-05-02T16:45:02+00:00\",\"description\":\"Gate Titan V2 Basic Module Rear Wired on V2 gearboxile m\u00f5eldud airsoft elektroonika, millel on 20 funktsiooni, reguleeritav p\u00e4\u00e4stik ja laske re\u017eiimid.\",\"breadcrumb\":{\"@id\":\"https:\\\/\\\/lahingupood.ee\\\/toode\\\/titan-v2-basic-module-rear-wired-gate\\\/#breadcrumb\"},\"inLanguage\":\"en-GB\",\"potentialAction\":[{\"@type\":\"ReadAction\",\"target\":[\"https:\\\/\\\/lahingupood.ee\\\/toode\\\/titan-v2-basic-module-rear-wired-gate\\\/\"]}]},{\"@type\":\"ImageObject\",\"inLanguage\":\"en-GB\",\"@id\":\"https:\\\/\\\/lahingupood.ee\\\/toode\\\/titan-v2-basic-module-rear-wired-gate\\\/#primaryimage\",\"url\":\"https:\\\/\\\/lahingupood.ee\\\/wp-content\\\/uploads\\\/2023\\\/08\\\/22164_2.png\",\"contentUrl\":\"https:\\\/\\\/lahingupood.ee\\\/wp-content\\\/uploads\\\/2023\\\/08\\\/22164_2.png\",\"width\":930,\"height\":651,\"caption\":\"Gate Titan V2 Basic Module Rear Wired\"},{\"@type\":\"BreadcrumbList\",\"@id\":\"https:\\\/\\\/lahingupood.ee\\\/toode\\\/titan-v2-basic-module-rear-wired-gate\\\/#breadcrumb\",\"itemListElement\":[{\"@type\":\"ListItem\",\"position\":1,\"name\":\"Home\",\"item\":\"https:\\\/\\\/lahingupood.ee\\\/\"},{\"@type\":\"ListItem\",\"position\":2,\"name\":\"Tooted\",\"item\":\"https:\\\/\\\/lahingupood.ee\\\/tooted\\\/\"},{\"@type\":\"ListItem\",\"position\":3,\"name\":\"Gate Titan V2 Basic Module Rear Wired\"}]},{\"@type\":\"WebSite\",\"@id\":\"https:\\\/\\\/lahingupood.ee\\\/#website\",\"url\":\"https:\\\/\\\/lahingupood.ee\\\/\",\"name\":\"Lahingurada e-pood\",\"description\":\"Airsoft\",\"publisher\":{\"@id\":\"https:\\\/\\\/lahingupood.ee\\\/#organization\"},\"potentialAction\":[{\"@type\":\"SearchAction\",\"target\":{\"@type\":\"EntryPoint\",\"urlTemplate\":\"https:\\\/\\\/lahingupood.ee\\\/?s={search_term_string}\"},\"query-input\":{\"@type\":\"PropertyValueSpecification\",\"valueRequired\":true,\"valueName\":\"search_term_string\"}}],\"inLanguage\":\"en-GB\"},{\"@type\":\"Organization\",\"@id\":\"https:\\\/\\\/lahingupood.ee\\\/#organization\",\"name\":\"Lahingurada\",\"url\":\"https:\\\/\\\/lahingupood.ee\\\/\",\"logo\":{\"@type\":\"ImageObject\",\"inLanguage\":\"en-GB\",\"@id\":\"https:\\\/\\\/lahingupood.ee\\\/#\\\/schema\\\/logo\\\/image\\\/\",\"url\":\"https:\\\/\\\/lahingupood.ee\\\/wp-content\\\/uploads\\\/2022\\\/03\\\/lahingurada-220318.jpg\",\"contentUrl\":\"https:\\\/\\\/lahingupood.ee\\\/wp-content\\\/uploads\\\/2022\\\/03\\\/lahingurada-220318.jpg\",\"width\":800,\"height\":500,\"caption\":\"Lahingurada\"},\"image\":{\"@id\":\"https:\\\/\\\/lahingupood.ee\\\/#\\\/schema\\\/logo\\\/image\\\/\"},\"sameAs\":[\"https:\\\/\\\/www.facebook.com\\\/Lahingurada-629940247212967\"]}]}<\/script>\n<!-- \/ Yoast SEO Premium plugin. -->","yoast_head_json":{"title":"Gate Titan V2 Basic Module Rear Wired - Lahingurada e-pood","description":"Gate Titan V2 Basic Module Rear Wired on V2 gearboxile m\u00f5eldud airsoft elektroonika, millel on 20 funktsiooni, reguleeritav p\u00e4\u00e4stik ja laske re\u017eiimid.","robots":{"index":"index","follow":"follow","max-snippet":"max-snippet:-1","max-image-preview":"max-image-preview:large","max-video-preview":"max-video-preview:-1"},"canonical":"https:\/\/lahingupood.ee\/en\/product\/titan-v2-basic-module-rear-wired-gate\/","og_locale":"en_GB","og_type":"article","og_title":"Gate Titan V2 Basic Module Rear Wired","og_description":"Gate Titan V2 Basic Module Rear Wired on V2 gearboxile m\u00f5eldud airsoft elektroonika, millel on 20 funktsiooni, reguleeritav p\u00e4\u00e4stik ja laske re\u017eiimid.","og_url":"https:\/\/lahingupood.ee\/en\/product\/titan-v2-basic-module-rear-wired-gate\/","og_site_name":"Lahingurada e-pood","article_publisher":"https:\/\/www.facebook.com\/Lahingurada-629940247212967","article_modified_time":"2026-05-02T16:45:02+00:00","og_image":[{"width":930,"height":651,"url":"https:\/\/lahingupood.ee\/wp-content\/uploads\/2023\/08\/22164_2.png","type":"image\/png"}],"twitter_card":"summary_large_image","twitter_misc":{"Estimated reading time":"1 minute"},"schema":{"@context":"https:\/\/schema.org","@graph":[{"@type":"WebPage","@id":"https:\/\/lahingupood.ee\/toode\/titan-v2-basic-module-rear-wired-gate\/","url":"https:\/\/lahingupood.ee\/toode\/titan-v2-basic-module-rear-wired-gate\/","name":"Gate Titan V2 Basic Module Rear Wired - Lahingurada e-pood","isPartOf":{"@id":"https:\/\/lahingupood.ee\/#website"},"primaryImageOfPage":{"@id":"https:\/\/lahingupood.ee\/toode\/titan-v2-basic-module-rear-wired-gate\/#primaryimage"},"image":{"@id":"https:\/\/lahingupood.ee\/toode\/titan-v2-basic-module-rear-wired-gate\/#primaryimage"},"thumbnailUrl":"https:\/\/lahingupood.ee\/wp-content\/uploads\/2023\/08\/22164_2.png","datePublished":"2023-08-08T11:45:46+00:00","dateModified":"2026-05-02T16:45:02+00:00","description":"Gate Titan V2 Basic Module Rear Wired on V2 gearboxile m\u00f5eldud airsoft elektroonika, millel on 20 funktsiooni, reguleeritav p\u00e4\u00e4stik ja laske re\u017eiimid.","breadcrumb":{"@id":"https:\/\/lahingupood.ee\/toode\/titan-v2-basic-module-rear-wired-gate\/#breadcrumb"},"inLanguage":"en-GB","potentialAction":[{"@type":"ReadAction","target":["https:\/\/lahingupood.ee\/toode\/titan-v2-basic-module-rear-wired-gate\/"]}]},{"@type":"ImageObject","inLanguage":"en-GB","@id":"https:\/\/lahingupood.ee\/toode\/titan-v2-basic-module-rear-wired-gate\/#primaryimage","url":"https:\/\/lahingupood.ee\/wp-content\/uploads\/2023\/08\/22164_2.png","contentUrl":"https:\/\/lahingupood.ee\/wp-content\/uploads\/2023\/08\/22164_2.png","width":930,"height":651,"caption":"Gate Titan V2 Basic Module Rear Wired"},{"@type":"BreadcrumbList","@id":"https:\/\/lahingupood.ee\/toode\/titan-v2-basic-module-rear-wired-gate\/#breadcrumb","itemListElement":[{"@type":"ListItem","position":1,"name":"Home","item":"https:\/\/lahingupood.ee\/"},{"@type":"ListItem","position":2,"name":"Tooted","item":"https:\/\/lahingupood.ee\/tooted\/"},{"@type":"ListItem","position":3,"name":"Gate Titan V2 Basic Module Rear Wired"}]},{"@type":"WebSite","@id":"https:\/\/lahingupood.ee\/#website","url":"https:\/\/lahingupood.ee\/","name":"Lahingurada e-pood","description":"Airsoft","publisher":{"@id":"https:\/\/lahingupood.ee\/#organization"},"potentialAction":[{"@type":"SearchAction","target":{"@type":"EntryPoint","urlTemplate":"https:\/\/lahingupood.ee\/?s={search_term_string}"},"query-input":{"@type":"PropertyValueSpecification","valueRequired":true,"valueName":"search_term_string"}}],"inLanguage":"en-GB"},{"@type":"Organization","@id":"https:\/\/lahingupood.ee\/#organization","name":"Lahingurada","url":"https:\/\/lahingupood.ee\/","logo":{"@type":"ImageObject","inLanguage":"en-GB","@id":"https:\/\/lahingupood.ee\/#\/schema\/logo\/image\/","url":"https:\/\/lahingupood.ee\/wp-content\/uploads\/2022\/03\/lahingurada-220318.jpg","contentUrl":"https:\/\/lahingupood.ee\/wp-content\/uploads\/2022\/03\/lahingurada-220318.jpg","width":800,"height":500,"caption":"Lahingurada"},"image":{"@id":"https:\/\/lahingupood.ee\/#\/schema\/logo\/image\/"},"sameAs":["https:\/\/www.facebook.com\/Lahingurada-629940247212967"]}]}},"_links":{"self":[{"href":"https:\/\/lahingupood.ee\/en\/wp-json\/wp\/v2\/product\/4187","targetHints":{"allow":["GET"]}}],"collection":[{"href":"https:\/\/lahingupood.ee\/en\/wp-json\/wp\/v2\/product"}],"about":[{"href":"https:\/\/lahingupood.ee\/en\/wp-json\/wp\/v2\/types\/product"}],"wp:featuredmedia":[{"embeddable":true,"href":"https:\/\/lahingupood.ee\/en\/wp-json\/wp\/v2\/media\/4128"}],"wp:attachment":[{"href":"https:\/\/lahingupood.ee\/en\/wp-json\/wp\/v2\/media?parent=4187"}],"wp:term":[{"taxonomy":"product_brand","embeddable":true,"href":"https:\/\/lahingupood.ee\/en\/wp-json\/wp\/v2\/product_brand?post=4187"},{"taxonomy":"product_cat","embeddable":true,"href":"https:\/\/lahingupood.ee\/en\/wp-json\/wp\/v2\/product_cat?post=4187"},{"taxonomy":"product_tag","embeddable":true,"href":"https:\/\/lahingupood.ee\/en\/wp-json\/wp\/v2\/product_tag?post=4187"}],"curies":[{"name":"wp","href":"https:\/\/api.w.org\/{rel}","templated":true}]}}