{"id":4057,"date":"2023-07-19T22:22:25","date_gmt":"2023-07-19T19:22:25","guid":{"rendered":"https:\/\/lahingupood.ee\/?post_type=product&#038;p=4057"},"modified":"2026-05-03T02:30:06","modified_gmt":"2026-05-02T23:30:06","slug":"salv-m4-s-mag-midcap-120bb-grey-specna-arms","status":"publish","type":"product","link":"https:\/\/lahingupood.ee\/en\/product\/salv-m4-s-mag-midcap-120bb-grey-specna-arms\/","title":{"rendered":"Salv M4 S-Mag Midcap 120BB Black (Specna Arms)"},"content":{"rendered":"<p data-start=\"662\" data-end=\"897\"><strong data-start=\"662\" data-end=\"687\">M4 S-Mag Midcap 120BB<\/strong> on Specna Armsi poolt toodetud Airsofti midcap t\u00fc\u00fcpi salv, mis on m\u00f5eldud M4 platvormi relvadele. Tegemist on t\u00f6\u00f6kindla ja vastupidava salvega, mis sobib nii treeninguteks kui ka intensiivseks Airsoft m\u00e4nguks.<\/p>\n<p data-start=\"899\" data-end=\"1135\">Salv mahutab kuni 120 BB kuuli, pakkudes head tasakaalu mahutavuse ja realistliku kasutuskogemuse vahel. Midcap konstruktsioon tagab vaikse t\u00f6\u00f6 ning ei tekita BB-de loksumise heli, mis on t\u00fc\u00fcpiline hi-cap salvedele.<\/p>\n<p data-start=\"1137\" data-end=\"1386\">See salv on valmistatud vastupidavast materjalist, mis talub regulaarset kasutust ka keerulisemates tingimustes. T\u00e4nu t\u00e4psele sisemisele mehhanismile tagab see sujuva ja stabiilse BB-de etteande ka kiire tulistamise korral.<\/p>\n<p data-start=\"1388\" data-end=\"1582\"><strong data-start=\"1388\" data-end=\"1413\">M4 S-Mag Midcap 120BB<\/strong> on populaarne valik m\u00e4ngijate seas, kes eelistavad usaldusv\u00e4\u00e4rsust ja realistlikku m\u00e4ngustiili. See sobib ideaalselt nii algajatele kui ka kogenud Airsofti m\u00e4ngijatele.<\/p>","protected":false},"excerpt":{"rendered":"<p>M4 S-Mag Midcap 120BB on Specna Armsi poolt toodetud Airsofti midcap t\u00fc\u00fcpi salv, mis on m\u00f5eldud M4 platvormi relvadele. Tegemist on t\u00f6\u00f6kindla ja vastupidava salvega, mis sobib nii treeninguteks kui ka intensiivseks Airsoft m\u00e4nguks. Salv mahutab kuni 120 BB kuuli, pakkudes head tasakaalu mahutavuse ja realistliku kasutuskogemuse vahel. Midcap konstruktsioon tagab vaikse t\u00f6\u00f6 ning ei [&#8230;]\n","protected":false},"featured_media":4061,"template":"","meta":[],"product_brand":[],"product_cat":[87,176],"product_tag":[],"class_list":{"0":"post-4057","1":"product","2":"type-product","3":"status-publish","4":"has-post-thumbnail","6":"product_cat-aeg-salved","7":"product_cat-m4-salved","9":"first","10":"instock","11":"taxable","12":"shipping-taxable","13":"purchasable","14":"product-type-simple"},"yoast_head":"<!-- This site is optimized with the Yoast SEO Premium plugin v27.5 (Yoast SEO v27.5) - https:\/\/yoast.com\/product\/yoast-seo-premium-wordpress\/ -->\n<title>M4 S-Mag Midcap 120BB \u2013 Specna Arms Airsoft salv<\/title>\n<meta name=\"description\" content=\"M4 S-Mag Midcap 120BB on Specna Arms Airsoft salv, mis mahutab 120 BB kuuli ja tagab stabiilse etteande M4 platvormile.\" \/>\n<meta name=\"robots\" content=\"index, follow, max-snippet:-1, max-image-preview:large, max-video-preview:-1\" \/>\n<link rel=\"canonical\" href=\"https:\/\/lahingupood.ee\/en\/product\/salv-m4-s-mag-midcap-120bb-grey-specna-arms\/\" \/>\n<meta property=\"og:locale\" content=\"en_GB\" \/>\n<meta property=\"og:type\" content=\"article\" \/>\n<meta property=\"og:title\" content=\"Salv M4 S-Mag Midcap 120BB Black (Specna Arms)\" \/>\n<meta property=\"og:description\" content=\"M4 S-Mag Midcap 120BB on Specna Arms Airsoft salv, mis mahutab 120 BB kuuli ja tagab stabiilse etteande M4 platvormile.\" \/>\n<meta property=\"og:url\" content=\"https:\/\/lahingupood.ee\/en\/product\/salv-m4-s-mag-midcap-120bb-grey-specna-arms\/\" \/>\n<meta property=\"og:site_name\" content=\"Lahingurada e-pood\" \/>\n<meta property=\"article:publisher\" content=\"https:\/\/www.facebook.com\/Lahingurada-629940247212967\" \/>\n<meta property=\"article:modified_time\" content=\"2026-05-02T23:30:06+00:00\" \/>\n<meta property=\"og:image\" content=\"https:\/\/lahingupood.ee\/wp-content\/uploads\/2023\/07\/29002.png\" \/>\n\t<meta property=\"og:image:width\" content=\"930\" \/>\n\t<meta property=\"og:image:height\" content=\"651\" \/>\n\t<meta property=\"og:image:type\" content=\"image\/png\" \/>\n<meta name=\"twitter:card\" content=\"summary_large_image\" \/>\n<meta name=\"twitter:label1\" content=\"Estimated reading time\" \/>\n\t<meta name=\"twitter:data1\" content=\"1 minute\" \/>\n<script type=\"application\/ld+json\" class=\"yoast-schema-graph\">{\"@context\":\"https:\\\/\\\/schema.org\",\"@graph\":[{\"@type\":\"WebPage\",\"@id\":\"https:\\\/\\\/lahingupood.ee\\\/toode\\\/salv-m4-s-mag-midcap-120bb-grey-specna-arms\\\/\",\"url\":\"https:\\\/\\\/lahingupood.ee\\\/toode\\\/salv-m4-s-mag-midcap-120bb-grey-specna-arms\\\/\",\"name\":\"M4 S-Mag Midcap 120BB \u2013 Specna Arms Airsoft salv\",\"isPartOf\":{\"@id\":\"https:\\\/\\\/lahingupood.ee\\\/#website\"},\"primaryImageOfPage\":{\"@id\":\"https:\\\/\\\/lahingupood.ee\\\/toode\\\/salv-m4-s-mag-midcap-120bb-grey-specna-arms\\\/#primaryimage\"},\"image\":{\"@id\":\"https:\\\/\\\/lahingupood.ee\\\/toode\\\/salv-m4-s-mag-midcap-120bb-grey-specna-arms\\\/#primaryimage\"},\"thumbnailUrl\":\"https:\\\/\\\/lahingupood.ee\\\/wp-content\\\/uploads\\\/2023\\\/07\\\/29002.png\",\"datePublished\":\"2023-07-19T19:22:25+00:00\",\"dateModified\":\"2026-05-02T23:30:06+00:00\",\"description\":\"M4 S-Mag Midcap 120BB on Specna Arms Airsoft salv, mis mahutab 120 BB kuuli ja tagab stabiilse etteande M4 platvormile.\",\"breadcrumb\":{\"@id\":\"https:\\\/\\\/lahingupood.ee\\\/toode\\\/salv-m4-s-mag-midcap-120bb-grey-specna-arms\\\/#breadcrumb\"},\"inLanguage\":\"en-GB\",\"potentialAction\":[{\"@type\":\"ReadAction\",\"target\":[\"https:\\\/\\\/lahingupood.ee\\\/toode\\\/salv-m4-s-mag-midcap-120bb-grey-specna-arms\\\/\"]}]},{\"@type\":\"ImageObject\",\"inLanguage\":\"en-GB\",\"@id\":\"https:\\\/\\\/lahingupood.ee\\\/toode\\\/salv-m4-s-mag-midcap-120bb-grey-specna-arms\\\/#primaryimage\",\"url\":\"https:\\\/\\\/lahingupood.ee\\\/wp-content\\\/uploads\\\/2023\\\/07\\\/29002.png\",\"contentUrl\":\"https:\\\/\\\/lahingupood.ee\\\/wp-content\\\/uploads\\\/2023\\\/07\\\/29002.png\",\"width\":930,\"height\":651},{\"@type\":\"BreadcrumbList\",\"@id\":\"https:\\\/\\\/lahingupood.ee\\\/toode\\\/salv-m4-s-mag-midcap-120bb-grey-specna-arms\\\/#breadcrumb\",\"itemListElement\":[{\"@type\":\"ListItem\",\"position\":1,\"name\":\"Home\",\"item\":\"https:\\\/\\\/lahingupood.ee\\\/\"},{\"@type\":\"ListItem\",\"position\":2,\"name\":\"Tooted\",\"item\":\"https:\\\/\\\/lahingupood.ee\\\/tooted\\\/\"},{\"@type\":\"ListItem\",\"position\":3,\"name\":\"Salv M4 S-Mag Midcap 120BB Black (Specna Arms)\"}]},{\"@type\":\"WebSite\",\"@id\":\"https:\\\/\\\/lahingupood.ee\\\/#website\",\"url\":\"https:\\\/\\\/lahingupood.ee\\\/\",\"name\":\"Lahingurada e-pood\",\"description\":\"Airsoft\",\"publisher\":{\"@id\":\"https:\\\/\\\/lahingupood.ee\\\/#organization\"},\"potentialAction\":[{\"@type\":\"SearchAction\",\"target\":{\"@type\":\"EntryPoint\",\"urlTemplate\":\"https:\\\/\\\/lahingupood.ee\\\/?s={search_term_string}\"},\"query-input\":{\"@type\":\"PropertyValueSpecification\",\"valueRequired\":true,\"valueName\":\"search_term_string\"}}],\"inLanguage\":\"en-GB\"},{\"@type\":\"Organization\",\"@id\":\"https:\\\/\\\/lahingupood.ee\\\/#organization\",\"name\":\"Lahingurada\",\"url\":\"https:\\\/\\\/lahingupood.ee\\\/\",\"logo\":{\"@type\":\"ImageObject\",\"inLanguage\":\"en-GB\",\"@id\":\"https:\\\/\\\/lahingupood.ee\\\/#\\\/schema\\\/logo\\\/image\\\/\",\"url\":\"https:\\\/\\\/lahingupood.ee\\\/wp-content\\\/uploads\\\/2022\\\/03\\\/lahingurada-220318.jpg\",\"contentUrl\":\"https:\\\/\\\/lahingupood.ee\\\/wp-content\\\/uploads\\\/2022\\\/03\\\/lahingurada-220318.jpg\",\"width\":800,\"height\":500,\"caption\":\"Lahingurada\"},\"image\":{\"@id\":\"https:\\\/\\\/lahingupood.ee\\\/#\\\/schema\\\/logo\\\/image\\\/\"},\"sameAs\":[\"https:\\\/\\\/www.facebook.com\\\/Lahingurada-629940247212967\"]}]}<\/script>\n<!-- \/ Yoast SEO Premium plugin. -->","yoast_head_json":{"title":"M4 S-Mag Midcap 120BB \u2013 Specna Arms Airsoft salv","description":"M4 S-Mag Midcap 120BB on Specna Arms Airsoft salv, mis mahutab 120 BB kuuli ja tagab stabiilse etteande M4 platvormile.","robots":{"index":"index","follow":"follow","max-snippet":"max-snippet:-1","max-image-preview":"max-image-preview:large","max-video-preview":"max-video-preview:-1"},"canonical":"https:\/\/lahingupood.ee\/en\/product\/salv-m4-s-mag-midcap-120bb-grey-specna-arms\/","og_locale":"en_GB","og_type":"article","og_title":"Salv M4 S-Mag Midcap 120BB Black (Specna Arms)","og_description":"M4 S-Mag Midcap 120BB on Specna Arms Airsoft salv, mis mahutab 120 BB kuuli ja tagab stabiilse etteande M4 platvormile.","og_url":"https:\/\/lahingupood.ee\/en\/product\/salv-m4-s-mag-midcap-120bb-grey-specna-arms\/","og_site_name":"Lahingurada e-pood","article_publisher":"https:\/\/www.facebook.com\/Lahingurada-629940247212967","article_modified_time":"2026-05-02T23:30:06+00:00","og_image":[{"width":930,"height":651,"url":"https:\/\/lahingupood.ee\/wp-content\/uploads\/2023\/07\/29002.png","type":"image\/png"}],"twitter_card":"summary_large_image","twitter_misc":{"Estimated reading time":"1 minute"},"schema":{"@context":"https:\/\/schema.org","@graph":[{"@type":"WebPage","@id":"https:\/\/lahingupood.ee\/toode\/salv-m4-s-mag-midcap-120bb-grey-specna-arms\/","url":"https:\/\/lahingupood.ee\/toode\/salv-m4-s-mag-midcap-120bb-grey-specna-arms\/","name":"M4 S-Mag Midcap 120BB \u2013 Specna Arms Airsoft salv","isPartOf":{"@id":"https:\/\/lahingupood.ee\/#website"},"primaryImageOfPage":{"@id":"https:\/\/lahingupood.ee\/toode\/salv-m4-s-mag-midcap-120bb-grey-specna-arms\/#primaryimage"},"image":{"@id":"https:\/\/lahingupood.ee\/toode\/salv-m4-s-mag-midcap-120bb-grey-specna-arms\/#primaryimage"},"thumbnailUrl":"https:\/\/lahingupood.ee\/wp-content\/uploads\/2023\/07\/29002.png","datePublished":"2023-07-19T19:22:25+00:00","dateModified":"2026-05-02T23:30:06+00:00","description":"M4 S-Mag Midcap 120BB on Specna Arms Airsoft salv, mis mahutab 120 BB kuuli ja tagab stabiilse etteande M4 platvormile.","breadcrumb":{"@id":"https:\/\/lahingupood.ee\/toode\/salv-m4-s-mag-midcap-120bb-grey-specna-arms\/#breadcrumb"},"inLanguage":"en-GB","potentialAction":[{"@type":"ReadAction","target":["https:\/\/lahingupood.ee\/toode\/salv-m4-s-mag-midcap-120bb-grey-specna-arms\/"]}]},{"@type":"ImageObject","inLanguage":"en-GB","@id":"https:\/\/lahingupood.ee\/toode\/salv-m4-s-mag-midcap-120bb-grey-specna-arms\/#primaryimage","url":"https:\/\/lahingupood.ee\/wp-content\/uploads\/2023\/07\/29002.png","contentUrl":"https:\/\/lahingupood.ee\/wp-content\/uploads\/2023\/07\/29002.png","width":930,"height":651},{"@type":"BreadcrumbList","@id":"https:\/\/lahingupood.ee\/toode\/salv-m4-s-mag-midcap-120bb-grey-specna-arms\/#breadcrumb","itemListElement":[{"@type":"ListItem","position":1,"name":"Home","item":"https:\/\/lahingupood.ee\/"},{"@type":"ListItem","position":2,"name":"Tooted","item":"https:\/\/lahingupood.ee\/tooted\/"},{"@type":"ListItem","position":3,"name":"Salv M4 S-Mag Midcap 120BB Black (Specna Arms)"}]},{"@type":"WebSite","@id":"https:\/\/lahingupood.ee\/#website","url":"https:\/\/lahingupood.ee\/","name":"Lahingurada e-pood","description":"Airsoft","publisher":{"@id":"https:\/\/lahingupood.ee\/#organization"},"potentialAction":[{"@type":"SearchAction","target":{"@type":"EntryPoint","urlTemplate":"https:\/\/lahingupood.ee\/?s={search_term_string}"},"query-input":{"@type":"PropertyValueSpecification","valueRequired":true,"valueName":"search_term_string"}}],"inLanguage":"en-GB"},{"@type":"Organization","@id":"https:\/\/lahingupood.ee\/#organization","name":"Lahingurada","url":"https:\/\/lahingupood.ee\/","logo":{"@type":"ImageObject","inLanguage":"en-GB","@id":"https:\/\/lahingupood.ee\/#\/schema\/logo\/image\/","url":"https:\/\/lahingupood.ee\/wp-content\/uploads\/2022\/03\/lahingurada-220318.jpg","contentUrl":"https:\/\/lahingupood.ee\/wp-content\/uploads\/2022\/03\/lahingurada-220318.jpg","width":800,"height":500,"caption":"Lahingurada"},"image":{"@id":"https:\/\/lahingupood.ee\/#\/schema\/logo\/image\/"},"sameAs":["https:\/\/www.facebook.com\/Lahingurada-629940247212967"]}]}},"_links":{"self":[{"href":"https:\/\/lahingupood.ee\/en\/wp-json\/wp\/v2\/product\/4057","targetHints":{"allow":["GET"]}}],"collection":[{"href":"https:\/\/lahingupood.ee\/en\/wp-json\/wp\/v2\/product"}],"about":[{"href":"https:\/\/lahingupood.ee\/en\/wp-json\/wp\/v2\/types\/product"}],"wp:featuredmedia":[{"embeddable":true,"href":"https:\/\/lahingupood.ee\/en\/wp-json\/wp\/v2\/media\/4061"}],"wp:attachment":[{"href":"https:\/\/lahingupood.ee\/en\/wp-json\/wp\/v2\/media?parent=4057"}],"wp:term":[{"taxonomy":"product_brand","embeddable":true,"href":"https:\/\/lahingupood.ee\/en\/wp-json\/wp\/v2\/product_brand?post=4057"},{"taxonomy":"product_cat","embeddable":true,"href":"https:\/\/lahingupood.ee\/en\/wp-json\/wp\/v2\/product_cat?post=4057"},{"taxonomy":"product_tag","embeddable":true,"href":"https:\/\/lahingupood.ee\/en\/wp-json\/wp\/v2\/product_tag?post=4057"}],"curies":[{"name":"wp","href":"https:\/\/api.w.org\/{rel}","templated":true}]}}