{"id":4052,"date":"2023-07-19T22:09:38","date_gmt":"2023-07-19T19:09:38","guid":{"rendered":"https:\/\/lahingupood.ee\/?post_type=product&#038;p=4052"},"modified":"2026-05-16T03:15:01","modified_gmt":"2026-05-16T00:15:01","slug":"action-army-aap01-reilikomplekt-must","status":"publish","type":"product","link":"https:\/\/lahingupood.ee\/en\/product\/action-army-aap01-reilikomplekt-must\/","title":{"rendered":"Action Army AAP01 reilikomplekt \u2013 must"},"content":{"rendered":"<p><strong data-start=\"830\" data-end=\"853\">AAP01 reilikomplekt<\/strong> on praktiline lisatarvik Action Army AAP01 GBB p\u00fcstolile. Komplekt annab v\u00f5imaluse lisada replikale optikat, lampi, laserit v\u00f5i muid \u00fchilduvaid RIS \/ Picatinny tarvikuid.<\/p>\n<p>Tootekaartide j\u00e4rgi sisaldab Action Army AAP01 Rail Set kahte siini: <strong data-start=\"1095\" data-end=\"1120\">\u00fclemist 10-slot siini<\/strong> ja <strong data-start=\"1124\" data-end=\"1148\">alumist 6-slot siini<\/strong>. \u00dclemine siin sobib n\u00e4iteks punat\u00e4pi, v\u00e4ikese sihiku v\u00f5i muu optika kinnitamiseks. Alumine siin sobib taskulambi, laseri v\u00f5i muu esiotsa lisatarviku jaoks.<\/p>","protected":false},"excerpt":{"rendered":"<p>AAP01 reilikomplekt on praktiline lisatarvik Action Army AAP01 GBB p\u00fcstolile. Komplekt annab v\u00f5imaluse lisada replikale optikat, lampi, laserit v\u00f5i muid \u00fchilduvaid RIS \/ Picatinny tarvikuid. Tootekaartide j\u00e4rgi sisaldab Action Army AAP01 Rail Set kahte siini: \u00fclemist 10-slot siini ja alumist 6-slot siini. \u00dclemine siin sobib n\u00e4iteks punat\u00e4pi, v\u00e4ikese sihiku v\u00f5i muu optika kinnitamiseks. Alumine siin [&#8230;]\n","protected":false},"featured_media":4054,"template":"","meta":[],"product_brand":[],"product_cat":[179,88],"product_tag":[],"class_list":{"0":"post-4052","1":"product","2":"type-product","3":"status-publish","4":"has-post-thumbnail","6":"product_cat-reilid-ja-korgendused","7":"product_cat-relvalisad","9":"first","10":"instock","11":"taxable","12":"shipping-taxable","13":"purchasable","14":"product-type-simple"},"yoast_head":"<!-- This site is optimized with the Yoast SEO Premium plugin v27.6 (Yoast SEO v27.6) - https:\/\/yoast.com\/product\/yoast-seo-premium-wordpress\/ -->\n<title>AAP01 reilikomplekt | Action Army<\/title>\n<meta name=\"description\" content=\"AAP01 reilikomplekt Action Army p\u00fcstolile sisaldab \u00fclemist ja alumist RIS\/Picatinny siini. Sobib sihiku, lambi v\u00f5i laseri kinnitamiseks.\" \/>\n<meta name=\"robots\" content=\"index, follow, max-snippet:-1, max-image-preview:large, max-video-preview:-1\" \/>\n<link rel=\"canonical\" href=\"https:\/\/lahingupood.ee\/en\/product\/action-army-aap01-reilikomplekt-must\/\" \/>\n<meta property=\"og:locale\" content=\"en_GB\" \/>\n<meta property=\"og:type\" content=\"article\" \/>\n<meta property=\"og:title\" content=\"Action Army AAP01 reilikomplekt \u2013 must\" \/>\n<meta property=\"og:description\" content=\"AAP01 reilikomplekt Action Army p\u00fcstolile sisaldab \u00fclemist ja alumist RIS\/Picatinny siini. Sobib sihiku, lambi v\u00f5i laseri kinnitamiseks.\" \/>\n<meta property=\"og:url\" content=\"https:\/\/lahingupood.ee\/en\/product\/action-army-aap01-reilikomplekt-must\/\" \/>\n<meta property=\"og:site_name\" content=\"Lahingurada e-pood\" \/>\n<meta property=\"article:publisher\" content=\"https:\/\/www.facebook.com\/Lahingurada-629940247212967\" \/>\n<meta property=\"article:modified_time\" content=\"2026-05-16T00:15:01+00:00\" \/>\n<meta property=\"og:image\" content=\"https:\/\/lahingupood.ee\/wp-content\/uploads\/2023\/07\/30891_6-1.png\" \/>\n\t<meta property=\"og:image:width\" content=\"930\" \/>\n\t<meta property=\"og:image:height\" content=\"651\" \/>\n\t<meta property=\"og:image:type\" content=\"image\/png\" \/>\n<meta name=\"twitter:card\" content=\"summary_large_image\" \/>\n<meta name=\"twitter:label1\" content=\"Estimated reading time\" \/>\n\t<meta name=\"twitter:data1\" content=\"1 minute\" \/>\n<script type=\"application\/ld+json\" class=\"yoast-schema-graph\">{\"@context\":\"https:\\\/\\\/schema.org\",\"@graph\":[{\"@type\":\"WebPage\",\"@id\":\"https:\\\/\\\/lahingupood.ee\\\/toode\\\/action-army-aap01-reilikomplekt-must\\\/\",\"url\":\"https:\\\/\\\/lahingupood.ee\\\/toode\\\/action-army-aap01-reilikomplekt-must\\\/\",\"name\":\"AAP01 reilikomplekt | Action Army\",\"isPartOf\":{\"@id\":\"https:\\\/\\\/lahingupood.ee\\\/#website\"},\"primaryImageOfPage\":{\"@id\":\"https:\\\/\\\/lahingupood.ee\\\/toode\\\/action-army-aap01-reilikomplekt-must\\\/#primaryimage\"},\"image\":{\"@id\":\"https:\\\/\\\/lahingupood.ee\\\/toode\\\/action-army-aap01-reilikomplekt-must\\\/#primaryimage\"},\"thumbnailUrl\":\"https:\\\/\\\/lahingupood.ee\\\/wp-content\\\/uploads\\\/2023\\\/07\\\/30891_6-1.png\",\"datePublished\":\"2023-07-19T19:09:38+00:00\",\"dateModified\":\"2026-05-16T00:15:01+00:00\",\"description\":\"AAP01 reilikomplekt Action Army p\u00fcstolile sisaldab \u00fclemist ja alumist RIS\\\/Picatinny siini. Sobib sihiku, lambi v\u00f5i laseri kinnitamiseks.\",\"breadcrumb\":{\"@id\":\"https:\\\/\\\/lahingupood.ee\\\/toode\\\/action-army-aap01-reilikomplekt-must\\\/#breadcrumb\"},\"inLanguage\":\"en-GB\",\"potentialAction\":[{\"@type\":\"ReadAction\",\"target\":[\"https:\\\/\\\/lahingupood.ee\\\/toode\\\/action-army-aap01-reilikomplekt-must\\\/\"]}]},{\"@type\":\"ImageObject\",\"inLanguage\":\"en-GB\",\"@id\":\"https:\\\/\\\/lahingupood.ee\\\/toode\\\/action-army-aap01-reilikomplekt-must\\\/#primaryimage\",\"url\":\"https:\\\/\\\/lahingupood.ee\\\/wp-content\\\/uploads\\\/2023\\\/07\\\/30891_6-1.png\",\"contentUrl\":\"https:\\\/\\\/lahingupood.ee\\\/wp-content\\\/uploads\\\/2023\\\/07\\\/30891_6-1.png\",\"width\":930,\"height\":651,\"caption\":\"Action Army AAP01 reilikomplekt must\"},{\"@type\":\"BreadcrumbList\",\"@id\":\"https:\\\/\\\/lahingupood.ee\\\/toode\\\/action-army-aap01-reilikomplekt-must\\\/#breadcrumb\",\"itemListElement\":[{\"@type\":\"ListItem\",\"position\":1,\"name\":\"Home\",\"item\":\"https:\\\/\\\/lahingupood.ee\\\/\"},{\"@type\":\"ListItem\",\"position\":2,\"name\":\"Tooted\",\"item\":\"https:\\\/\\\/lahingupood.ee\\\/tooted\\\/\"},{\"@type\":\"ListItem\",\"position\":3,\"name\":\"Action Army AAP01 reilikomplekt \u2013 must\"}]},{\"@type\":\"WebSite\",\"@id\":\"https:\\\/\\\/lahingupood.ee\\\/#website\",\"url\":\"https:\\\/\\\/lahingupood.ee\\\/\",\"name\":\"Lahingurada e-pood\",\"description\":\"Airsoft\",\"publisher\":{\"@id\":\"https:\\\/\\\/lahingupood.ee\\\/#organization\"},\"potentialAction\":[{\"@type\":\"SearchAction\",\"target\":{\"@type\":\"EntryPoint\",\"urlTemplate\":\"https:\\\/\\\/lahingupood.ee\\\/?s={search_term_string}\"},\"query-input\":{\"@type\":\"PropertyValueSpecification\",\"valueRequired\":true,\"valueName\":\"search_term_string\"}}],\"inLanguage\":\"en-GB\"},{\"@type\":\"Organization\",\"@id\":\"https:\\\/\\\/lahingupood.ee\\\/#organization\",\"name\":\"Lahingurada\",\"url\":\"https:\\\/\\\/lahingupood.ee\\\/\",\"logo\":{\"@type\":\"ImageObject\",\"inLanguage\":\"en-GB\",\"@id\":\"https:\\\/\\\/lahingupood.ee\\\/#\\\/schema\\\/logo\\\/image\\\/\",\"url\":\"https:\\\/\\\/lahingupood.ee\\\/wp-content\\\/uploads\\\/2022\\\/03\\\/lahingurada-220318.jpg\",\"contentUrl\":\"https:\\\/\\\/lahingupood.ee\\\/wp-content\\\/uploads\\\/2022\\\/03\\\/lahingurada-220318.jpg\",\"width\":800,\"height\":500,\"caption\":\"Lahingurada\"},\"image\":{\"@id\":\"https:\\\/\\\/lahingupood.ee\\\/#\\\/schema\\\/logo\\\/image\\\/\"},\"sameAs\":[\"https:\\\/\\\/www.facebook.com\\\/Lahingurada-629940247212967\"]}]}<\/script>\n<!-- \/ Yoast SEO Premium plugin. -->","yoast_head_json":{"title":"AAP01 reilikomplekt | Action Army","description":"AAP01 reilikomplekt Action Army p\u00fcstolile sisaldab \u00fclemist ja alumist RIS\/Picatinny siini. Sobib sihiku, lambi v\u00f5i laseri kinnitamiseks.","robots":{"index":"index","follow":"follow","max-snippet":"max-snippet:-1","max-image-preview":"max-image-preview:large","max-video-preview":"max-video-preview:-1"},"canonical":"https:\/\/lahingupood.ee\/en\/product\/action-army-aap01-reilikomplekt-must\/","og_locale":"en_GB","og_type":"article","og_title":"Action Army AAP01 reilikomplekt \u2013 must","og_description":"AAP01 reilikomplekt Action Army p\u00fcstolile sisaldab \u00fclemist ja alumist RIS\/Picatinny siini. Sobib sihiku, lambi v\u00f5i laseri kinnitamiseks.","og_url":"https:\/\/lahingupood.ee\/en\/product\/action-army-aap01-reilikomplekt-must\/","og_site_name":"Lahingurada e-pood","article_publisher":"https:\/\/www.facebook.com\/Lahingurada-629940247212967","article_modified_time":"2026-05-16T00:15:01+00:00","og_image":[{"width":930,"height":651,"url":"https:\/\/lahingupood.ee\/wp-content\/uploads\/2023\/07\/30891_6-1.png","type":"image\/png"}],"twitter_card":"summary_large_image","twitter_misc":{"Estimated reading time":"1 minute"},"schema":{"@context":"https:\/\/schema.org","@graph":[{"@type":"WebPage","@id":"https:\/\/lahingupood.ee\/toode\/action-army-aap01-reilikomplekt-must\/","url":"https:\/\/lahingupood.ee\/toode\/action-army-aap01-reilikomplekt-must\/","name":"AAP01 reilikomplekt | Action Army","isPartOf":{"@id":"https:\/\/lahingupood.ee\/#website"},"primaryImageOfPage":{"@id":"https:\/\/lahingupood.ee\/toode\/action-army-aap01-reilikomplekt-must\/#primaryimage"},"image":{"@id":"https:\/\/lahingupood.ee\/toode\/action-army-aap01-reilikomplekt-must\/#primaryimage"},"thumbnailUrl":"https:\/\/lahingupood.ee\/wp-content\/uploads\/2023\/07\/30891_6-1.png","datePublished":"2023-07-19T19:09:38+00:00","dateModified":"2026-05-16T00:15:01+00:00","description":"AAP01 reilikomplekt Action Army p\u00fcstolile sisaldab \u00fclemist ja alumist RIS\/Picatinny siini. Sobib sihiku, lambi v\u00f5i laseri kinnitamiseks.","breadcrumb":{"@id":"https:\/\/lahingupood.ee\/toode\/action-army-aap01-reilikomplekt-must\/#breadcrumb"},"inLanguage":"en-GB","potentialAction":[{"@type":"ReadAction","target":["https:\/\/lahingupood.ee\/toode\/action-army-aap01-reilikomplekt-must\/"]}]},{"@type":"ImageObject","inLanguage":"en-GB","@id":"https:\/\/lahingupood.ee\/toode\/action-army-aap01-reilikomplekt-must\/#primaryimage","url":"https:\/\/lahingupood.ee\/wp-content\/uploads\/2023\/07\/30891_6-1.png","contentUrl":"https:\/\/lahingupood.ee\/wp-content\/uploads\/2023\/07\/30891_6-1.png","width":930,"height":651,"caption":"Action Army AAP01 reilikomplekt must"},{"@type":"BreadcrumbList","@id":"https:\/\/lahingupood.ee\/toode\/action-army-aap01-reilikomplekt-must\/#breadcrumb","itemListElement":[{"@type":"ListItem","position":1,"name":"Home","item":"https:\/\/lahingupood.ee\/"},{"@type":"ListItem","position":2,"name":"Tooted","item":"https:\/\/lahingupood.ee\/tooted\/"},{"@type":"ListItem","position":3,"name":"Action Army AAP01 reilikomplekt \u2013 must"}]},{"@type":"WebSite","@id":"https:\/\/lahingupood.ee\/#website","url":"https:\/\/lahingupood.ee\/","name":"Lahingurada e-pood","description":"Airsoft","publisher":{"@id":"https:\/\/lahingupood.ee\/#organization"},"potentialAction":[{"@type":"SearchAction","target":{"@type":"EntryPoint","urlTemplate":"https:\/\/lahingupood.ee\/?s={search_term_string}"},"query-input":{"@type":"PropertyValueSpecification","valueRequired":true,"valueName":"search_term_string"}}],"inLanguage":"en-GB"},{"@type":"Organization","@id":"https:\/\/lahingupood.ee\/#organization","name":"Lahingurada","url":"https:\/\/lahingupood.ee\/","logo":{"@type":"ImageObject","inLanguage":"en-GB","@id":"https:\/\/lahingupood.ee\/#\/schema\/logo\/image\/","url":"https:\/\/lahingupood.ee\/wp-content\/uploads\/2022\/03\/lahingurada-220318.jpg","contentUrl":"https:\/\/lahingupood.ee\/wp-content\/uploads\/2022\/03\/lahingurada-220318.jpg","width":800,"height":500,"caption":"Lahingurada"},"image":{"@id":"https:\/\/lahingupood.ee\/#\/schema\/logo\/image\/"},"sameAs":["https:\/\/www.facebook.com\/Lahingurada-629940247212967"]}]}},"_links":{"self":[{"href":"https:\/\/lahingupood.ee\/en\/wp-json\/wp\/v2\/product\/4052","targetHints":{"allow":["GET"]}}],"collection":[{"href":"https:\/\/lahingupood.ee\/en\/wp-json\/wp\/v2\/product"}],"about":[{"href":"https:\/\/lahingupood.ee\/en\/wp-json\/wp\/v2\/types\/product"}],"wp:featuredmedia":[{"embeddable":true,"href":"https:\/\/lahingupood.ee\/en\/wp-json\/wp\/v2\/media\/4054"}],"wp:attachment":[{"href":"https:\/\/lahingupood.ee\/en\/wp-json\/wp\/v2\/media?parent=4052"}],"wp:term":[{"taxonomy":"product_brand","embeddable":true,"href":"https:\/\/lahingupood.ee\/en\/wp-json\/wp\/v2\/product_brand?post=4052"},{"taxonomy":"product_cat","embeddable":true,"href":"https:\/\/lahingupood.ee\/en\/wp-json\/wp\/v2\/product_cat?post=4052"},{"taxonomy":"product_tag","embeddable":true,"href":"https:\/\/lahingupood.ee\/en\/wp-json\/wp\/v2\/product_tag?post=4052"}],"curies":[{"name":"wp","href":"https:\/\/api.w.org\/{rel}","templated":true}]}}