{"id":4039,"date":"2023-07-19T21:50:45","date_gmt":"2023-07-19T18:50:45","guid":{"rendered":"https:\/\/lahingupood.ee\/?post_type=product&#038;p=4039"},"modified":"2026-04-12T20:30:05","modified_gmt":"2026-04-12T17:30:05","slug":"g-force-17-bk-silver-barrel-metal-version-gbb-black-we","status":"publish","type":"product","link":"https:\/\/lahingupood.ee\/en\/product\/g-force-17-bk-silver-barrel-metal-version-gbb-black-we\/","title":{"rendered":"G-Force 17 BK Silver Barrel Metal Version GBB Black (WE)"},"content":{"rendered":"<p>G-Force 17 BK Silver Barrel Metal Version GBB Black (WE)<\/p>\n<p>Kvaliteetne replika tootjalt WE. Replika on peamiselt metallist ja vastupidavate sisemiste juppidega. Realistlik tagasil\u00f6\u00f6k.<\/p>\n<p>v\u00f5imsus umbes 1.1J<\/p>\n<p>kaal 820g<\/p>\n<p>salve mahutavus 26 kuuli<\/p>","protected":false},"excerpt":{"rendered":"<p>G-Force 17 BK Silver Barrel Metal Version GBB Black (WE) Kvaliteetne replika tootjalt WE. Replika on peamiselt metallist ja vastupidavate sisemiste juppidega. Realistlik tagasil\u00f6\u00f6k. v\u00f5imsus umbes 1.1J kaal 820g salve mahutavus 26 kuuli<\/p>","protected":false},"featured_media":4045,"template":"","meta":[],"product_brand":[],"product_cat":[24],"product_tag":[],"class_list":{"0":"post-4039","1":"product","2":"type-product","3":"status-publish","4":"has-post-thumbnail","6":"product_cat-gbb-relvad","8":"first","9":"outofstock","10":"taxable","11":"shipping-taxable","12":"purchasable","13":"product-type-simple"},"yoast_head":"<!-- This site is optimized with the Yoast SEO Premium plugin v27.3 (Yoast SEO v27.3) - https:\/\/yoast.com\/product\/yoast-seo-premium-wordpress\/ -->\n<title>G-Force 17 BK Silver Barrel Metal Version GBB Black (WE) - Lahingurada e-pood<\/title>\n<meta name=\"description\" content=\"G-Force 17 BK Silver Barrel Metal Version GBB Black (WE) Kvaliteetne replika tootjalt WE. Replika on peamiselt metallist ja vastupidavate sisemiste juppide\" \/>\n<meta name=\"robots\" content=\"index, follow, max-snippet:-1, max-image-preview:large, max-video-preview:-1\" \/>\n<link rel=\"canonical\" href=\"https:\/\/lahingupood.ee\/en\/product\/g-force-17-bk-silver-barrel-metal-version-gbb-black-we\/\" \/>\n<meta property=\"og:locale\" content=\"en_GB\" \/>\n<meta property=\"og:type\" content=\"article\" \/>\n<meta property=\"og:title\" content=\"G-Force 17 BK Silver Barrel Metal Version GBB Black (WE)\" \/>\n<meta property=\"og:description\" content=\"G-Force 17 BK Silver Barrel Metal Version GBB Black (WE) Kvaliteetne replika tootjalt WE. Replika on peamiselt metallist ja vastupidavate sisemiste juppide\" \/>\n<meta property=\"og:url\" content=\"https:\/\/lahingupood.ee\/en\/product\/g-force-17-bk-silver-barrel-metal-version-gbb-black-we\/\" \/>\n<meta property=\"og:site_name\" content=\"Lahingurada e-pood\" \/>\n<meta property=\"article:publisher\" content=\"https:\/\/www.facebook.com\/Lahingurada-629940247212967\" \/>\n<meta property=\"article:modified_time\" content=\"2026-04-12T17:30:05+00:00\" \/>\n<meta property=\"og:image\" content=\"https:\/\/lahingupood.ee\/wp-content\/uploads\/2023\/07\/22274.png\" \/>\n\t<meta property=\"og:image:width\" content=\"930\" \/>\n\t<meta property=\"og:image:height\" content=\"651\" \/>\n\t<meta property=\"og:image:type\" content=\"image\/png\" \/>\n<meta name=\"twitter:card\" content=\"summary_large_image\" \/>\n<meta name=\"twitter:label1\" content=\"Estimated reading time\" \/>\n\t<meta name=\"twitter:data1\" content=\"1 minute\" \/>\n<script type=\"application\/ld+json\" class=\"yoast-schema-graph\">{\"@context\":\"https:\\\/\\\/schema.org\",\"@graph\":[{\"@type\":\"WebPage\",\"@id\":\"https:\\\/\\\/lahingupood.ee\\\/toode\\\/g-force-17-bk-silver-barrel-metal-version-gbb-black-we\\\/\",\"url\":\"https:\\\/\\\/lahingupood.ee\\\/toode\\\/g-force-17-bk-silver-barrel-metal-version-gbb-black-we\\\/\",\"name\":\"G-Force 17 BK Silver Barrel Metal Version GBB Black (WE) - Lahingurada e-pood\",\"isPartOf\":{\"@id\":\"https:\\\/\\\/lahingupood.ee\\\/#website\"},\"primaryImageOfPage\":{\"@id\":\"https:\\\/\\\/lahingupood.ee\\\/toode\\\/g-force-17-bk-silver-barrel-metal-version-gbb-black-we\\\/#primaryimage\"},\"image\":{\"@id\":\"https:\\\/\\\/lahingupood.ee\\\/toode\\\/g-force-17-bk-silver-barrel-metal-version-gbb-black-we\\\/#primaryimage\"},\"thumbnailUrl\":\"https:\\\/\\\/lahingupood.ee\\\/wp-content\\\/uploads\\\/2023\\\/07\\\/22274.png\",\"datePublished\":\"2023-07-19T18:50:45+00:00\",\"dateModified\":\"2026-04-12T17:30:05+00:00\",\"description\":\"G-Force 17 BK Silver Barrel Metal Version GBB Black (WE) Kvaliteetne replika tootjalt WE. Replika on peamiselt metallist ja vastupidavate sisemiste juppide\",\"breadcrumb\":{\"@id\":\"https:\\\/\\\/lahingupood.ee\\\/toode\\\/g-force-17-bk-silver-barrel-metal-version-gbb-black-we\\\/#breadcrumb\"},\"inLanguage\":\"en-GB\",\"potentialAction\":[{\"@type\":\"ReadAction\",\"target\":[\"https:\\\/\\\/lahingupood.ee\\\/toode\\\/g-force-17-bk-silver-barrel-metal-version-gbb-black-we\\\/\"]}]},{\"@type\":\"ImageObject\",\"inLanguage\":\"en-GB\",\"@id\":\"https:\\\/\\\/lahingupood.ee\\\/toode\\\/g-force-17-bk-silver-barrel-metal-version-gbb-black-we\\\/#primaryimage\",\"url\":\"https:\\\/\\\/lahingupood.ee\\\/wp-content\\\/uploads\\\/2023\\\/07\\\/22274.png\",\"contentUrl\":\"https:\\\/\\\/lahingupood.ee\\\/wp-content\\\/uploads\\\/2023\\\/07\\\/22274.png\",\"width\":930,\"height\":651},{\"@type\":\"BreadcrumbList\",\"@id\":\"https:\\\/\\\/lahingupood.ee\\\/toode\\\/g-force-17-bk-silver-barrel-metal-version-gbb-black-we\\\/#breadcrumb\",\"itemListElement\":[{\"@type\":\"ListItem\",\"position\":1,\"name\":\"Home\",\"item\":\"https:\\\/\\\/lahingupood.ee\\\/\"},{\"@type\":\"ListItem\",\"position\":2,\"name\":\"Tooted\",\"item\":\"https:\\\/\\\/lahingupood.ee\\\/tooted\\\/\"},{\"@type\":\"ListItem\",\"position\":3,\"name\":\"G-Force 17 BK Silver Barrel Metal Version GBB Black (WE)\"}]},{\"@type\":\"WebSite\",\"@id\":\"https:\\\/\\\/lahingupood.ee\\\/#website\",\"url\":\"https:\\\/\\\/lahingupood.ee\\\/\",\"name\":\"Lahingurada e-pood\",\"description\":\"Airsoft\",\"publisher\":{\"@id\":\"https:\\\/\\\/lahingupood.ee\\\/#organization\"},\"potentialAction\":[{\"@type\":\"SearchAction\",\"target\":{\"@type\":\"EntryPoint\",\"urlTemplate\":\"https:\\\/\\\/lahingupood.ee\\\/?s={search_term_string}\"},\"query-input\":{\"@type\":\"PropertyValueSpecification\",\"valueRequired\":true,\"valueName\":\"search_term_string\"}}],\"inLanguage\":\"en-GB\"},{\"@type\":\"Organization\",\"@id\":\"https:\\\/\\\/lahingupood.ee\\\/#organization\",\"name\":\"Lahingurada\",\"url\":\"https:\\\/\\\/lahingupood.ee\\\/\",\"logo\":{\"@type\":\"ImageObject\",\"inLanguage\":\"en-GB\",\"@id\":\"https:\\\/\\\/lahingupood.ee\\\/#\\\/schema\\\/logo\\\/image\\\/\",\"url\":\"https:\\\/\\\/lahingupood.ee\\\/wp-content\\\/uploads\\\/2022\\\/03\\\/lahingurada-220318.jpg\",\"contentUrl\":\"https:\\\/\\\/lahingupood.ee\\\/wp-content\\\/uploads\\\/2022\\\/03\\\/lahingurada-220318.jpg\",\"width\":800,\"height\":500,\"caption\":\"Lahingurada\"},\"image\":{\"@id\":\"https:\\\/\\\/lahingupood.ee\\\/#\\\/schema\\\/logo\\\/image\\\/\"},\"sameAs\":[\"https:\\\/\\\/www.facebook.com\\\/Lahingurada-629940247212967\"]}]}<\/script>\n<!-- \/ Yoast SEO Premium plugin. -->","yoast_head_json":{"title":"G-Force 17 BK Silver Barrel Metal Version GBB Black (WE) - Lahingurada e-pood","description":"G-Force 17 BK Silver Barrel Metal Version GBB Black (WE) Kvaliteetne replika tootjalt WE. Replika on peamiselt metallist ja vastupidavate sisemiste juppide","robots":{"index":"index","follow":"follow","max-snippet":"max-snippet:-1","max-image-preview":"max-image-preview:large","max-video-preview":"max-video-preview:-1"},"canonical":"https:\/\/lahingupood.ee\/en\/product\/g-force-17-bk-silver-barrel-metal-version-gbb-black-we\/","og_locale":"en_GB","og_type":"article","og_title":"G-Force 17 BK Silver Barrel Metal Version GBB Black (WE)","og_description":"G-Force 17 BK Silver Barrel Metal Version GBB Black (WE) Kvaliteetne replika tootjalt WE. Replika on peamiselt metallist ja vastupidavate sisemiste juppide","og_url":"https:\/\/lahingupood.ee\/en\/product\/g-force-17-bk-silver-barrel-metal-version-gbb-black-we\/","og_site_name":"Lahingurada e-pood","article_publisher":"https:\/\/www.facebook.com\/Lahingurada-629940247212967","article_modified_time":"2026-04-12T17:30:05+00:00","og_image":[{"width":930,"height":651,"url":"https:\/\/lahingupood.ee\/wp-content\/uploads\/2023\/07\/22274.png","type":"image\/png"}],"twitter_card":"summary_large_image","twitter_misc":{"Estimated reading time":"1 minute"},"schema":{"@context":"https:\/\/schema.org","@graph":[{"@type":"WebPage","@id":"https:\/\/lahingupood.ee\/toode\/g-force-17-bk-silver-barrel-metal-version-gbb-black-we\/","url":"https:\/\/lahingupood.ee\/toode\/g-force-17-bk-silver-barrel-metal-version-gbb-black-we\/","name":"G-Force 17 BK Silver Barrel Metal Version GBB Black (WE) - Lahingurada e-pood","isPartOf":{"@id":"https:\/\/lahingupood.ee\/#website"},"primaryImageOfPage":{"@id":"https:\/\/lahingupood.ee\/toode\/g-force-17-bk-silver-barrel-metal-version-gbb-black-we\/#primaryimage"},"image":{"@id":"https:\/\/lahingupood.ee\/toode\/g-force-17-bk-silver-barrel-metal-version-gbb-black-we\/#primaryimage"},"thumbnailUrl":"https:\/\/lahingupood.ee\/wp-content\/uploads\/2023\/07\/22274.png","datePublished":"2023-07-19T18:50:45+00:00","dateModified":"2026-04-12T17:30:05+00:00","description":"G-Force 17 BK Silver Barrel Metal Version GBB Black (WE) Kvaliteetne replika tootjalt WE. Replika on peamiselt metallist ja vastupidavate sisemiste juppide","breadcrumb":{"@id":"https:\/\/lahingupood.ee\/toode\/g-force-17-bk-silver-barrel-metal-version-gbb-black-we\/#breadcrumb"},"inLanguage":"en-GB","potentialAction":[{"@type":"ReadAction","target":["https:\/\/lahingupood.ee\/toode\/g-force-17-bk-silver-barrel-metal-version-gbb-black-we\/"]}]},{"@type":"ImageObject","inLanguage":"en-GB","@id":"https:\/\/lahingupood.ee\/toode\/g-force-17-bk-silver-barrel-metal-version-gbb-black-we\/#primaryimage","url":"https:\/\/lahingupood.ee\/wp-content\/uploads\/2023\/07\/22274.png","contentUrl":"https:\/\/lahingupood.ee\/wp-content\/uploads\/2023\/07\/22274.png","width":930,"height":651},{"@type":"BreadcrumbList","@id":"https:\/\/lahingupood.ee\/toode\/g-force-17-bk-silver-barrel-metal-version-gbb-black-we\/#breadcrumb","itemListElement":[{"@type":"ListItem","position":1,"name":"Home","item":"https:\/\/lahingupood.ee\/"},{"@type":"ListItem","position":2,"name":"Tooted","item":"https:\/\/lahingupood.ee\/tooted\/"},{"@type":"ListItem","position":3,"name":"G-Force 17 BK Silver Barrel Metal Version GBB Black (WE)"}]},{"@type":"WebSite","@id":"https:\/\/lahingupood.ee\/#website","url":"https:\/\/lahingupood.ee\/","name":"Lahingurada e-pood","description":"Airsoft","publisher":{"@id":"https:\/\/lahingupood.ee\/#organization"},"potentialAction":[{"@type":"SearchAction","target":{"@type":"EntryPoint","urlTemplate":"https:\/\/lahingupood.ee\/?s={search_term_string}"},"query-input":{"@type":"PropertyValueSpecification","valueRequired":true,"valueName":"search_term_string"}}],"inLanguage":"en-GB"},{"@type":"Organization","@id":"https:\/\/lahingupood.ee\/#organization","name":"Lahingurada","url":"https:\/\/lahingupood.ee\/","logo":{"@type":"ImageObject","inLanguage":"en-GB","@id":"https:\/\/lahingupood.ee\/#\/schema\/logo\/image\/","url":"https:\/\/lahingupood.ee\/wp-content\/uploads\/2022\/03\/lahingurada-220318.jpg","contentUrl":"https:\/\/lahingupood.ee\/wp-content\/uploads\/2022\/03\/lahingurada-220318.jpg","width":800,"height":500,"caption":"Lahingurada"},"image":{"@id":"https:\/\/lahingupood.ee\/#\/schema\/logo\/image\/"},"sameAs":["https:\/\/www.facebook.com\/Lahingurada-629940247212967"]}]}},"_links":{"self":[{"href":"https:\/\/lahingupood.ee\/en\/wp-json\/wp\/v2\/product\/4039","targetHints":{"allow":["GET"]}}],"collection":[{"href":"https:\/\/lahingupood.ee\/en\/wp-json\/wp\/v2\/product"}],"about":[{"href":"https:\/\/lahingupood.ee\/en\/wp-json\/wp\/v2\/types\/product"}],"wp:featuredmedia":[{"embeddable":true,"href":"https:\/\/lahingupood.ee\/en\/wp-json\/wp\/v2\/media\/4045"}],"wp:attachment":[{"href":"https:\/\/lahingupood.ee\/en\/wp-json\/wp\/v2\/media?parent=4039"}],"wp:term":[{"taxonomy":"product_brand","embeddable":true,"href":"https:\/\/lahingupood.ee\/en\/wp-json\/wp\/v2\/product_brand?post=4039"},{"taxonomy":"product_cat","embeddable":true,"href":"https:\/\/lahingupood.ee\/en\/wp-json\/wp\/v2\/product_cat?post=4039"},{"taxonomy":"product_tag","embeddable":true,"href":"https:\/\/lahingupood.ee\/en\/wp-json\/wp\/v2\/product_tag?post=4039"}],"curies":[{"name":"wp","href":"https:\/\/api.w.org\/{rel}","templated":true}]}}