{"id":3954,"date":"2023-06-28T14:17:12","date_gmt":"2023-06-28T11:17:12","guid":{"rendered":"https:\/\/lahingupood.ee\/?post_type=product&#038;p=3954"},"modified":"2026-04-12T20:00:01","modified_gmt":"2026-04-12T17:00:01","slug":"manual-dual-band-baofeng-uv-82-radio-vhf-uhf","status":"publish","type":"product","link":"https:\/\/lahingupood.ee\/en\/product\/manual-dual-band-baofeng-uv-82-radio-vhf-uhf\/","title":{"rendered":"Manual Dual Band Baofeng UV-82 Radio &#8211; (VHF\/UHF)"},"content":{"rendered":"<p>\u201cDual-band\u201d t\u00fc\u00fcpi VHF \/ UHV raadiosaatja tuntud tootja Baofeng poolt. T\u00f6\u00f6tab v\u00e4ga h\u00e4sti nii lagedal kui hoonestatud aladel, kui ka merel. UV-82 on uusim Baofeng raadiosaatja, mist\u00f5ttu ka k\u00f5ige v\u00e4ljaarendatum. Raadiosaatjat saab seadistada korraga 2 kanalile, mille vahetamine k\u00e4ib \u00fche nupuvajutusega (UV-82 raadiosaatja puhul saab seda teha ka PTT juures olevale nupule vajutades ilma manuaalselt \u00fcmberseadistamata). Seet\u00f5ttu saab raadiosaatjat kasutada korraga isegi kahel kanalil (m\u00f5lemat kuuled, \u00fchel korraga saab kasutaja vastata). Sagedusraadius on v\u00e4ga lai, mida saab manuaalselt vastavalt soovile reguleerida. Raadiosaatjaga saab kuulata ka raadiot FM 76-108MHz sagedustel. Enamik funktsioone k\u00e4ib l\u00e4bi kiirklahvide (hot-key).<\/p>\n<p>SOS funktsioon; taskulamp; Saatja v\u00f5imsus 5W\/1W. Komplekti kuuluvad lisaks raadiosaatjale antenn, laadija, Li-Ion 7.4V \/ 1800 mAh aku; rihmakinnitus, k\u00f5rvaklapp mikrofoniga.<\/p>","protected":false},"excerpt":{"rendered":"<p>\u201cDual-band\u201d t\u00fc\u00fcpi VHF \/ UHV raadiosaatja tuntud tootja Baofeng poolt. T\u00f6\u00f6tab v\u00e4ga h\u00e4sti nii lagedal kui hoonestatud aladel, kui ka merel. UV-82 on uusim Baofeng raadiosaatja, mist\u00f5ttu ka k\u00f5ige v\u00e4ljaarendatum. Raadiosaatjat saab seadistada korraga 2 kanalile, mille vahetamine k\u00e4ib \u00fche nupuvajutusega (UV-82 raadiosaatja puhul saab seda teha ka PTT juures olevale nupule vajutades ilma manuaalselt [&#8230;]\n","protected":false},"featured_media":3955,"template":"","meta":[],"product_brand":[],"product_cat":[66],"product_tag":[],"class_list":{"0":"post-3954","1":"product","2":"type-product","3":"status-publish","4":"has-post-thumbnail","6":"product_cat-side","8":"first","9":"instock","10":"taxable","11":"shipping-taxable","12":"purchasable","13":"product-type-simple"},"yoast_head":"<!-- This site is optimized with the Yoast SEO Premium plugin v27.3 (Yoast SEO v27.3) - https:\/\/yoast.com\/product\/yoast-seo-premium-wordpress\/ -->\n<title>Manual Dual Band Baofeng UV-82 Radio - (VHF\/UHF) - Lahingurada e-pood<\/title>\n<meta name=\"description\" content=\"Manual Dual Band Baofeng UV-82 Radio - (VHF\/UHF) Kahe tangendiga raadiojaam tootjalt Baofeng. Populaarseim sidevahend airsofterite seas.\" \/>\n<meta name=\"robots\" content=\"index, follow, max-snippet:-1, max-image-preview:large, max-video-preview:-1\" \/>\n<link rel=\"canonical\" href=\"https:\/\/lahingupood.ee\/en\/product\/manual-dual-band-baofeng-uv-82-radio-vhf-uhf\/\" \/>\n<meta property=\"og:locale\" content=\"en_GB\" \/>\n<meta property=\"og:type\" content=\"article\" \/>\n<meta property=\"og:title\" content=\"Manual Dual Band Baofeng UV-82 Radio - (VHF\/UHF)\" \/>\n<meta property=\"og:description\" content=\"Manual Dual Band Baofeng UV-82 Radio - (VHF\/UHF) Kahe tangendiga raadiojaam tootjalt Baofeng. Populaarseim sidevahend airsofterite seas.\" \/>\n<meta property=\"og:url\" content=\"https:\/\/lahingupood.ee\/en\/product\/manual-dual-band-baofeng-uv-82-radio-vhf-uhf\/\" \/>\n<meta property=\"og:site_name\" content=\"Lahingurada e-pood\" \/>\n<meta property=\"article:publisher\" content=\"https:\/\/www.facebook.com\/Lahingurada-629940247212967\" \/>\n<meta property=\"article:modified_time\" content=\"2026-04-12T17:00:01+00:00\" \/>\n<meta property=\"og:image\" content=\"https:\/\/lahingupood.ee\/wp-content\/uploads\/2023\/06\/1152209761_1.webp\" \/>\n\t<meta property=\"og:image:width\" content=\"800\" \/>\n\t<meta property=\"og:image:height\" content=\"533\" \/>\n\t<meta property=\"og:image:type\" content=\"image\/webp\" \/>\n<meta name=\"twitter:card\" content=\"summary_large_image\" \/>\n<meta name=\"twitter:label1\" content=\"Estimated reading time\" \/>\n\t<meta name=\"twitter:data1\" content=\"1 minute\" \/>\n<script type=\"application\/ld+json\" class=\"yoast-schema-graph\">{\"@context\":\"https:\\\/\\\/schema.org\",\"@graph\":[{\"@type\":\"WebPage\",\"@id\":\"https:\\\/\\\/lahingupood.ee\\\/toode\\\/manual-dual-band-baofeng-uv-82-radio-vhf-uhf\\\/\",\"url\":\"https:\\\/\\\/lahingupood.ee\\\/toode\\\/manual-dual-band-baofeng-uv-82-radio-vhf-uhf\\\/\",\"name\":\"Manual Dual Band Baofeng UV-82 Radio - (VHF\\\/UHF) - Lahingurada e-pood\",\"isPartOf\":{\"@id\":\"https:\\\/\\\/lahingupood.ee\\\/#website\"},\"primaryImageOfPage\":{\"@id\":\"https:\\\/\\\/lahingupood.ee\\\/toode\\\/manual-dual-band-baofeng-uv-82-radio-vhf-uhf\\\/#primaryimage\"},\"image\":{\"@id\":\"https:\\\/\\\/lahingupood.ee\\\/toode\\\/manual-dual-band-baofeng-uv-82-radio-vhf-uhf\\\/#primaryimage\"},\"thumbnailUrl\":\"https:\\\/\\\/lahingupood.ee\\\/wp-content\\\/uploads\\\/2023\\\/06\\\/1152209761_1.webp\",\"datePublished\":\"2023-06-28T11:17:12+00:00\",\"dateModified\":\"2026-04-12T17:00:01+00:00\",\"description\":\"Manual Dual Band Baofeng UV-82 Radio - (VHF\\\/UHF) Kahe tangendiga raadiojaam tootjalt Baofeng. Populaarseim sidevahend airsofterite seas.\",\"breadcrumb\":{\"@id\":\"https:\\\/\\\/lahingupood.ee\\\/toode\\\/manual-dual-band-baofeng-uv-82-radio-vhf-uhf\\\/#breadcrumb\"},\"inLanguage\":\"en-GB\",\"potentialAction\":[{\"@type\":\"ReadAction\",\"target\":[\"https:\\\/\\\/lahingupood.ee\\\/toode\\\/manual-dual-band-baofeng-uv-82-radio-vhf-uhf\\\/\"]}]},{\"@type\":\"ImageObject\",\"inLanguage\":\"en-GB\",\"@id\":\"https:\\\/\\\/lahingupood.ee\\\/toode\\\/manual-dual-band-baofeng-uv-82-radio-vhf-uhf\\\/#primaryimage\",\"url\":\"https:\\\/\\\/lahingupood.ee\\\/wp-content\\\/uploads\\\/2023\\\/06\\\/1152209761_1.webp\",\"contentUrl\":\"https:\\\/\\\/lahingupood.ee\\\/wp-content\\\/uploads\\\/2023\\\/06\\\/1152209761_1.webp\",\"width\":800,\"height\":533,\"caption\":\"manual-dual-band-baofeng-uv-82-radio-vhf-uhf\"},{\"@type\":\"BreadcrumbList\",\"@id\":\"https:\\\/\\\/lahingupood.ee\\\/toode\\\/manual-dual-band-baofeng-uv-82-radio-vhf-uhf\\\/#breadcrumb\",\"itemListElement\":[{\"@type\":\"ListItem\",\"position\":1,\"name\":\"Home\",\"item\":\"https:\\\/\\\/lahingupood.ee\\\/\"},{\"@type\":\"ListItem\",\"position\":2,\"name\":\"Tooted\",\"item\":\"https:\\\/\\\/lahingupood.ee\\\/tooted\\\/\"},{\"@type\":\"ListItem\",\"position\":3,\"name\":\"Manual Dual Band Baofeng UV-82 Radio &#8211; (VHF\\\/UHF)\"}]},{\"@type\":\"WebSite\",\"@id\":\"https:\\\/\\\/lahingupood.ee\\\/#website\",\"url\":\"https:\\\/\\\/lahingupood.ee\\\/\",\"name\":\"Lahingurada e-pood\",\"description\":\"Airsoft\",\"publisher\":{\"@id\":\"https:\\\/\\\/lahingupood.ee\\\/#organization\"},\"potentialAction\":[{\"@type\":\"SearchAction\",\"target\":{\"@type\":\"EntryPoint\",\"urlTemplate\":\"https:\\\/\\\/lahingupood.ee\\\/?s={search_term_string}\"},\"query-input\":{\"@type\":\"PropertyValueSpecification\",\"valueRequired\":true,\"valueName\":\"search_term_string\"}}],\"inLanguage\":\"en-GB\"},{\"@type\":\"Organization\",\"@id\":\"https:\\\/\\\/lahingupood.ee\\\/#organization\",\"name\":\"Lahingurada\",\"url\":\"https:\\\/\\\/lahingupood.ee\\\/\",\"logo\":{\"@type\":\"ImageObject\",\"inLanguage\":\"en-GB\",\"@id\":\"https:\\\/\\\/lahingupood.ee\\\/#\\\/schema\\\/logo\\\/image\\\/\",\"url\":\"https:\\\/\\\/lahingupood.ee\\\/wp-content\\\/uploads\\\/2022\\\/03\\\/lahingurada-220318.jpg\",\"contentUrl\":\"https:\\\/\\\/lahingupood.ee\\\/wp-content\\\/uploads\\\/2022\\\/03\\\/lahingurada-220318.jpg\",\"width\":800,\"height\":500,\"caption\":\"Lahingurada\"},\"image\":{\"@id\":\"https:\\\/\\\/lahingupood.ee\\\/#\\\/schema\\\/logo\\\/image\\\/\"},\"sameAs\":[\"https:\\\/\\\/www.facebook.com\\\/Lahingurada-629940247212967\"]}]}<\/script>\n<!-- \/ Yoast SEO Premium plugin. -->","yoast_head_json":{"title":"Manual Dual Band Baofeng UV-82 Radio - (VHF\/UHF) - Lahingurada e-pood","description":"Manual Dual Band Baofeng UV-82 Radio - (VHF\/UHF) Kahe tangendiga raadiojaam tootjalt Baofeng. Populaarseim sidevahend airsofterite seas.","robots":{"index":"index","follow":"follow","max-snippet":"max-snippet:-1","max-image-preview":"max-image-preview:large","max-video-preview":"max-video-preview:-1"},"canonical":"https:\/\/lahingupood.ee\/en\/product\/manual-dual-band-baofeng-uv-82-radio-vhf-uhf\/","og_locale":"en_GB","og_type":"article","og_title":"Manual Dual Band Baofeng UV-82 Radio - (VHF\/UHF)","og_description":"Manual Dual Band Baofeng UV-82 Radio - (VHF\/UHF) Kahe tangendiga raadiojaam tootjalt Baofeng. Populaarseim sidevahend airsofterite seas.","og_url":"https:\/\/lahingupood.ee\/en\/product\/manual-dual-band-baofeng-uv-82-radio-vhf-uhf\/","og_site_name":"Lahingurada e-pood","article_publisher":"https:\/\/www.facebook.com\/Lahingurada-629940247212967","article_modified_time":"2026-04-12T17:00:01+00:00","og_image":[{"width":800,"height":533,"url":"https:\/\/lahingupood.ee\/wp-content\/uploads\/2023\/06\/1152209761_1.webp","type":"image\/webp"}],"twitter_card":"summary_large_image","twitter_misc":{"Estimated reading time":"1 minute"},"schema":{"@context":"https:\/\/schema.org","@graph":[{"@type":"WebPage","@id":"https:\/\/lahingupood.ee\/toode\/manual-dual-band-baofeng-uv-82-radio-vhf-uhf\/","url":"https:\/\/lahingupood.ee\/toode\/manual-dual-band-baofeng-uv-82-radio-vhf-uhf\/","name":"Manual Dual Band Baofeng UV-82 Radio - (VHF\/UHF) - Lahingurada e-pood","isPartOf":{"@id":"https:\/\/lahingupood.ee\/#website"},"primaryImageOfPage":{"@id":"https:\/\/lahingupood.ee\/toode\/manual-dual-band-baofeng-uv-82-radio-vhf-uhf\/#primaryimage"},"image":{"@id":"https:\/\/lahingupood.ee\/toode\/manual-dual-band-baofeng-uv-82-radio-vhf-uhf\/#primaryimage"},"thumbnailUrl":"https:\/\/lahingupood.ee\/wp-content\/uploads\/2023\/06\/1152209761_1.webp","datePublished":"2023-06-28T11:17:12+00:00","dateModified":"2026-04-12T17:00:01+00:00","description":"Manual Dual Band Baofeng UV-82 Radio - (VHF\/UHF) Kahe tangendiga raadiojaam tootjalt Baofeng. Populaarseim sidevahend airsofterite seas.","breadcrumb":{"@id":"https:\/\/lahingupood.ee\/toode\/manual-dual-band-baofeng-uv-82-radio-vhf-uhf\/#breadcrumb"},"inLanguage":"en-GB","potentialAction":[{"@type":"ReadAction","target":["https:\/\/lahingupood.ee\/toode\/manual-dual-band-baofeng-uv-82-radio-vhf-uhf\/"]}]},{"@type":"ImageObject","inLanguage":"en-GB","@id":"https:\/\/lahingupood.ee\/toode\/manual-dual-band-baofeng-uv-82-radio-vhf-uhf\/#primaryimage","url":"https:\/\/lahingupood.ee\/wp-content\/uploads\/2023\/06\/1152209761_1.webp","contentUrl":"https:\/\/lahingupood.ee\/wp-content\/uploads\/2023\/06\/1152209761_1.webp","width":800,"height":533,"caption":"manual-dual-band-baofeng-uv-82-radio-vhf-uhf"},{"@type":"BreadcrumbList","@id":"https:\/\/lahingupood.ee\/toode\/manual-dual-band-baofeng-uv-82-radio-vhf-uhf\/#breadcrumb","itemListElement":[{"@type":"ListItem","position":1,"name":"Home","item":"https:\/\/lahingupood.ee\/"},{"@type":"ListItem","position":2,"name":"Tooted","item":"https:\/\/lahingupood.ee\/tooted\/"},{"@type":"ListItem","position":3,"name":"Manual Dual Band Baofeng UV-82 Radio &#8211; (VHF\/UHF)"}]},{"@type":"WebSite","@id":"https:\/\/lahingupood.ee\/#website","url":"https:\/\/lahingupood.ee\/","name":"Lahingurada e-pood","description":"Airsoft","publisher":{"@id":"https:\/\/lahingupood.ee\/#organization"},"potentialAction":[{"@type":"SearchAction","target":{"@type":"EntryPoint","urlTemplate":"https:\/\/lahingupood.ee\/?s={search_term_string}"},"query-input":{"@type":"PropertyValueSpecification","valueRequired":true,"valueName":"search_term_string"}}],"inLanguage":"en-GB"},{"@type":"Organization","@id":"https:\/\/lahingupood.ee\/#organization","name":"Lahingurada","url":"https:\/\/lahingupood.ee\/","logo":{"@type":"ImageObject","inLanguage":"en-GB","@id":"https:\/\/lahingupood.ee\/#\/schema\/logo\/image\/","url":"https:\/\/lahingupood.ee\/wp-content\/uploads\/2022\/03\/lahingurada-220318.jpg","contentUrl":"https:\/\/lahingupood.ee\/wp-content\/uploads\/2022\/03\/lahingurada-220318.jpg","width":800,"height":500,"caption":"Lahingurada"},"image":{"@id":"https:\/\/lahingupood.ee\/#\/schema\/logo\/image\/"},"sameAs":["https:\/\/www.facebook.com\/Lahingurada-629940247212967"]}]}},"_links":{"self":[{"href":"https:\/\/lahingupood.ee\/en\/wp-json\/wp\/v2\/product\/3954","targetHints":{"allow":["GET"]}}],"collection":[{"href":"https:\/\/lahingupood.ee\/en\/wp-json\/wp\/v2\/product"}],"about":[{"href":"https:\/\/lahingupood.ee\/en\/wp-json\/wp\/v2\/types\/product"}],"wp:featuredmedia":[{"embeddable":true,"href":"https:\/\/lahingupood.ee\/en\/wp-json\/wp\/v2\/media\/3955"}],"wp:attachment":[{"href":"https:\/\/lahingupood.ee\/en\/wp-json\/wp\/v2\/media?parent=3954"}],"wp:term":[{"taxonomy":"product_brand","embeddable":true,"href":"https:\/\/lahingupood.ee\/en\/wp-json\/wp\/v2\/product_brand?post=3954"},{"taxonomy":"product_cat","embeddable":true,"href":"https:\/\/lahingupood.ee\/en\/wp-json\/wp\/v2\/product_cat?post=3954"},{"taxonomy":"product_tag","embeddable":true,"href":"https:\/\/lahingupood.ee\/en\/wp-json\/wp\/v2\/product_tag?post=3954"}],"curies":[{"name":"wp","href":"https:\/\/api.w.org\/{rel}","templated":true}]}}