{"id":3947,"date":"2023-06-28T13:34:39","date_gmt":"2023-06-28T10:34:39","guid":{"rendered":"https:\/\/lahingupood.ee\/?post_type=product&#038;p=3947"},"modified":"2026-04-12T18:30:05","modified_gmt":"2026-04-12T15:30:05","slug":"paddle-holster-for-glock-17-kwa-atp-aps-acp-black-amomax","status":"publish","type":"product","link":"https:\/\/lahingupood.ee\/en\/product\/paddle-holster-for-glock-17-kwa-atp-aps-acp-black-amomax\/","title":{"rendered":"Paddle Holster for Glock 17 \/ KWA ATP \/ APS ACP Black (Amomax)"},"content":{"rendered":"<p>Paddle Holster for Glock 17 \/ KWA ATP \/ APS ACP Black (Amomax)<\/p>\n<p>Pol\u00fcmeerist lukustusega kabuur Glock 17 p\u00fcstolile ja selle replikatele.<\/p>\n<p>Teadmiseks. K\u00f5ik Glocki replikad ei pruugi olla samade m\u00f5\u00f5tudega nagu on originaal Glock tulirelv, see on nii enamasti litsenseerimata tootjate puhul. N\u00e4iteks WE17 kelk on ca 1mm laiem kui originaal Glock 17 oma, seega WE17 ei mahu originaal Glocki plastkabuuri. Vastupidiselt originaal Glock mahub WE17 kabuuri, kuid j\u00e4\u00e4b v\u00e4ike l\u00f5tk. Kabuur v\u00f5ib sobida ka teistele replikatele nt. G&amp;G GTP9<\/p>\n<p>Ole ostu tegemisel t\u00e4helepanelik!<\/p>","protected":false},"excerpt":{"rendered":"<p>Paddle Holster for Glock 17 \/ KWA ATP \/ APS ACP Black (Amomax) Pol\u00fcmeerist lukustusega kabuur Glock 17 p\u00fcstolile ja selle replikatele. Teadmiseks. K\u00f5ik Glocki replikad ei pruugi olla samade m\u00f5\u00f5tudega nagu on originaal Glock tulirelv, see on nii enamasti litsenseerimata tootjate puhul. N\u00e4iteks WE17 kelk on ca 1mm laiem kui originaal Glock 17 oma, [&#8230;]\n","protected":false},"featured_media":3950,"template":"","meta":[],"product_brand":[],"product_cat":[68],"product_tag":[],"class_list":{"0":"post-3947","1":"product","2":"type-product","3":"status-publish","4":"has-post-thumbnail","6":"product_cat-kabuurid","8":"first","9":"instock","10":"taxable","11":"shipping-taxable","12":"purchasable","13":"product-type-simple"},"yoast_head":"<!-- This site is optimized with the Yoast SEO Premium plugin v27.3 (Yoast SEO v27.3) - https:\/\/yoast.com\/product\/yoast-seo-premium-wordpress\/ -->\n<title>Paddle Holster for Glock 17 \/ KWA ATP \/ APS ACP Black (Amomax)<\/title>\n<meta name=\"description\" content=\"Paddle Holster for Glock 17 \/ KWA ATP \/ APS ACP Black (Amomax) Pol\u00fcmeerist lukustusega kabuur Glock 17 p\u00fcstolile ja selle replikatele.\" \/>\n<meta name=\"robots\" content=\"index, follow, max-snippet:-1, max-image-preview:large, max-video-preview:-1\" \/>\n<link rel=\"canonical\" href=\"https:\/\/lahingupood.ee\/en\/product\/paddle-holster-for-glock-17-kwa-atp-aps-acp-black-amomax\/\" \/>\n<meta property=\"og:locale\" content=\"en_GB\" \/>\n<meta property=\"og:type\" content=\"article\" \/>\n<meta property=\"og:title\" content=\"Paddle Holster for Glock 17 \/ KWA ATP \/ APS ACP Black (Amomax)\" \/>\n<meta property=\"og:description\" content=\"Paddle Holster for Glock 17 \/ KWA ATP \/ APS ACP Black (Amomax) Pol\u00fcmeerist lukustusega kabuur Glock 17 p\u00fcstolile ja selle replikatele.\" \/>\n<meta property=\"og:url\" content=\"https:\/\/lahingupood.ee\/en\/product\/paddle-holster-for-glock-17-kwa-atp-aps-acp-black-amomax\/\" \/>\n<meta property=\"og:site_name\" content=\"Lahingurada e-pood\" \/>\n<meta property=\"article:publisher\" content=\"https:\/\/www.facebook.com\/Lahingurada-629940247212967\" \/>\n<meta property=\"article:modified_time\" content=\"2026-04-12T15:30:05+00:00\" \/>\n<meta property=\"og:image\" content=\"https:\/\/lahingupood.ee\/wp-content\/uploads\/2023\/06\/27384.jpg\" \/>\n\t<meta property=\"og:image:width\" content=\"930\" \/>\n\t<meta property=\"og:image:height\" content=\"651\" \/>\n\t<meta property=\"og:image:type\" content=\"image\/jpeg\" \/>\n<meta name=\"twitter:card\" content=\"summary_large_image\" \/>\n<meta name=\"twitter:label1\" content=\"Estimated reading time\" \/>\n\t<meta name=\"twitter:data1\" content=\"1 minute\" \/>\n<script type=\"application\/ld+json\" class=\"yoast-schema-graph\">{\"@context\":\"https:\\\/\\\/schema.org\",\"@graph\":[{\"@type\":\"WebPage\",\"@id\":\"https:\\\/\\\/lahingupood.ee\\\/toode\\\/paddle-holster-for-glock-17-kwa-atp-aps-acp-black-amomax\\\/\",\"url\":\"https:\\\/\\\/lahingupood.ee\\\/toode\\\/paddle-holster-for-glock-17-kwa-atp-aps-acp-black-amomax\\\/\",\"name\":\"Paddle Holster for Glock 17 \\\/ KWA ATP \\\/ APS ACP Black (Amomax)\",\"isPartOf\":{\"@id\":\"https:\\\/\\\/lahingupood.ee\\\/#website\"},\"primaryImageOfPage\":{\"@id\":\"https:\\\/\\\/lahingupood.ee\\\/toode\\\/paddle-holster-for-glock-17-kwa-atp-aps-acp-black-amomax\\\/#primaryimage\"},\"image\":{\"@id\":\"https:\\\/\\\/lahingupood.ee\\\/toode\\\/paddle-holster-for-glock-17-kwa-atp-aps-acp-black-amomax\\\/#primaryimage\"},\"thumbnailUrl\":\"https:\\\/\\\/lahingupood.ee\\\/wp-content\\\/uploads\\\/2023\\\/06\\\/27384.jpg\",\"datePublished\":\"2023-06-28T10:34:39+00:00\",\"dateModified\":\"2026-04-12T15:30:05+00:00\",\"description\":\"Paddle Holster for Glock 17 \\\/ KWA ATP \\\/ APS ACP Black (Amomax) Pol\u00fcmeerist lukustusega kabuur Glock 17 p\u00fcstolile ja selle replikatele.\",\"breadcrumb\":{\"@id\":\"https:\\\/\\\/lahingupood.ee\\\/toode\\\/paddle-holster-for-glock-17-kwa-atp-aps-acp-black-amomax\\\/#breadcrumb\"},\"inLanguage\":\"en-GB\",\"potentialAction\":[{\"@type\":\"ReadAction\",\"target\":[\"https:\\\/\\\/lahingupood.ee\\\/toode\\\/paddle-holster-for-glock-17-kwa-atp-aps-acp-black-amomax\\\/\"]}]},{\"@type\":\"ImageObject\",\"inLanguage\":\"en-GB\",\"@id\":\"https:\\\/\\\/lahingupood.ee\\\/toode\\\/paddle-holster-for-glock-17-kwa-atp-aps-acp-black-amomax\\\/#primaryimage\",\"url\":\"https:\\\/\\\/lahingupood.ee\\\/wp-content\\\/uploads\\\/2023\\\/06\\\/27384.jpg\",\"contentUrl\":\"https:\\\/\\\/lahingupood.ee\\\/wp-content\\\/uploads\\\/2023\\\/06\\\/27384.jpg\",\"width\":930,\"height\":651,\"caption\":\"paddle-holster-for-glock-17-kwa-atp-aps-acp-black-amomax\"},{\"@type\":\"BreadcrumbList\",\"@id\":\"https:\\\/\\\/lahingupood.ee\\\/toode\\\/paddle-holster-for-glock-17-kwa-atp-aps-acp-black-amomax\\\/#breadcrumb\",\"itemListElement\":[{\"@type\":\"ListItem\",\"position\":1,\"name\":\"Home\",\"item\":\"https:\\\/\\\/lahingupood.ee\\\/\"},{\"@type\":\"ListItem\",\"position\":2,\"name\":\"Tooted\",\"item\":\"https:\\\/\\\/lahingupood.ee\\\/tooted\\\/\"},{\"@type\":\"ListItem\",\"position\":3,\"name\":\"Paddle Holster for Glock 17 \\\/ KWA ATP \\\/ APS ACP Black (Amomax)\"}]},{\"@type\":\"WebSite\",\"@id\":\"https:\\\/\\\/lahingupood.ee\\\/#website\",\"url\":\"https:\\\/\\\/lahingupood.ee\\\/\",\"name\":\"Lahingurada e-pood\",\"description\":\"Airsoft\",\"publisher\":{\"@id\":\"https:\\\/\\\/lahingupood.ee\\\/#organization\"},\"potentialAction\":[{\"@type\":\"SearchAction\",\"target\":{\"@type\":\"EntryPoint\",\"urlTemplate\":\"https:\\\/\\\/lahingupood.ee\\\/?s={search_term_string}\"},\"query-input\":{\"@type\":\"PropertyValueSpecification\",\"valueRequired\":true,\"valueName\":\"search_term_string\"}}],\"inLanguage\":\"en-GB\"},{\"@type\":\"Organization\",\"@id\":\"https:\\\/\\\/lahingupood.ee\\\/#organization\",\"name\":\"Lahingurada\",\"url\":\"https:\\\/\\\/lahingupood.ee\\\/\",\"logo\":{\"@type\":\"ImageObject\",\"inLanguage\":\"en-GB\",\"@id\":\"https:\\\/\\\/lahingupood.ee\\\/#\\\/schema\\\/logo\\\/image\\\/\",\"url\":\"https:\\\/\\\/lahingupood.ee\\\/wp-content\\\/uploads\\\/2022\\\/03\\\/lahingurada-220318.jpg\",\"contentUrl\":\"https:\\\/\\\/lahingupood.ee\\\/wp-content\\\/uploads\\\/2022\\\/03\\\/lahingurada-220318.jpg\",\"width\":800,\"height\":500,\"caption\":\"Lahingurada\"},\"image\":{\"@id\":\"https:\\\/\\\/lahingupood.ee\\\/#\\\/schema\\\/logo\\\/image\\\/\"},\"sameAs\":[\"https:\\\/\\\/www.facebook.com\\\/Lahingurada-629940247212967\"]}]}<\/script>\n<!-- \/ Yoast SEO Premium plugin. -->","yoast_head_json":{"title":"Paddle Holster for Glock 17 \/ KWA ATP \/ APS ACP Black (Amomax)","description":"Paddle Holster for Glock 17 \/ KWA ATP \/ APS ACP Black (Amomax) Pol\u00fcmeerist lukustusega kabuur Glock 17 p\u00fcstolile ja selle replikatele.","robots":{"index":"index","follow":"follow","max-snippet":"max-snippet:-1","max-image-preview":"max-image-preview:large","max-video-preview":"max-video-preview:-1"},"canonical":"https:\/\/lahingupood.ee\/en\/product\/paddle-holster-for-glock-17-kwa-atp-aps-acp-black-amomax\/","og_locale":"en_GB","og_type":"article","og_title":"Paddle Holster for Glock 17 \/ KWA ATP \/ APS ACP Black (Amomax)","og_description":"Paddle Holster for Glock 17 \/ KWA ATP \/ APS ACP Black (Amomax) Pol\u00fcmeerist lukustusega kabuur Glock 17 p\u00fcstolile ja selle replikatele.","og_url":"https:\/\/lahingupood.ee\/en\/product\/paddle-holster-for-glock-17-kwa-atp-aps-acp-black-amomax\/","og_site_name":"Lahingurada e-pood","article_publisher":"https:\/\/www.facebook.com\/Lahingurada-629940247212967","article_modified_time":"2026-04-12T15:30:05+00:00","og_image":[{"width":930,"height":651,"url":"https:\/\/lahingupood.ee\/wp-content\/uploads\/2023\/06\/27384.jpg","type":"image\/jpeg"}],"twitter_card":"summary_large_image","twitter_misc":{"Estimated reading time":"1 minute"},"schema":{"@context":"https:\/\/schema.org","@graph":[{"@type":"WebPage","@id":"https:\/\/lahingupood.ee\/toode\/paddle-holster-for-glock-17-kwa-atp-aps-acp-black-amomax\/","url":"https:\/\/lahingupood.ee\/toode\/paddle-holster-for-glock-17-kwa-atp-aps-acp-black-amomax\/","name":"Paddle Holster for Glock 17 \/ KWA ATP \/ APS ACP Black (Amomax)","isPartOf":{"@id":"https:\/\/lahingupood.ee\/#website"},"primaryImageOfPage":{"@id":"https:\/\/lahingupood.ee\/toode\/paddle-holster-for-glock-17-kwa-atp-aps-acp-black-amomax\/#primaryimage"},"image":{"@id":"https:\/\/lahingupood.ee\/toode\/paddle-holster-for-glock-17-kwa-atp-aps-acp-black-amomax\/#primaryimage"},"thumbnailUrl":"https:\/\/lahingupood.ee\/wp-content\/uploads\/2023\/06\/27384.jpg","datePublished":"2023-06-28T10:34:39+00:00","dateModified":"2026-04-12T15:30:05+00:00","description":"Paddle Holster for Glock 17 \/ KWA ATP \/ APS ACP Black (Amomax) Pol\u00fcmeerist lukustusega kabuur Glock 17 p\u00fcstolile ja selle replikatele.","breadcrumb":{"@id":"https:\/\/lahingupood.ee\/toode\/paddle-holster-for-glock-17-kwa-atp-aps-acp-black-amomax\/#breadcrumb"},"inLanguage":"en-GB","potentialAction":[{"@type":"ReadAction","target":["https:\/\/lahingupood.ee\/toode\/paddle-holster-for-glock-17-kwa-atp-aps-acp-black-amomax\/"]}]},{"@type":"ImageObject","inLanguage":"en-GB","@id":"https:\/\/lahingupood.ee\/toode\/paddle-holster-for-glock-17-kwa-atp-aps-acp-black-amomax\/#primaryimage","url":"https:\/\/lahingupood.ee\/wp-content\/uploads\/2023\/06\/27384.jpg","contentUrl":"https:\/\/lahingupood.ee\/wp-content\/uploads\/2023\/06\/27384.jpg","width":930,"height":651,"caption":"paddle-holster-for-glock-17-kwa-atp-aps-acp-black-amomax"},{"@type":"BreadcrumbList","@id":"https:\/\/lahingupood.ee\/toode\/paddle-holster-for-glock-17-kwa-atp-aps-acp-black-amomax\/#breadcrumb","itemListElement":[{"@type":"ListItem","position":1,"name":"Home","item":"https:\/\/lahingupood.ee\/"},{"@type":"ListItem","position":2,"name":"Tooted","item":"https:\/\/lahingupood.ee\/tooted\/"},{"@type":"ListItem","position":3,"name":"Paddle Holster for Glock 17 \/ KWA ATP \/ APS ACP Black (Amomax)"}]},{"@type":"WebSite","@id":"https:\/\/lahingupood.ee\/#website","url":"https:\/\/lahingupood.ee\/","name":"Lahingurada e-pood","description":"Airsoft","publisher":{"@id":"https:\/\/lahingupood.ee\/#organization"},"potentialAction":[{"@type":"SearchAction","target":{"@type":"EntryPoint","urlTemplate":"https:\/\/lahingupood.ee\/?s={search_term_string}"},"query-input":{"@type":"PropertyValueSpecification","valueRequired":true,"valueName":"search_term_string"}}],"inLanguage":"en-GB"},{"@type":"Organization","@id":"https:\/\/lahingupood.ee\/#organization","name":"Lahingurada","url":"https:\/\/lahingupood.ee\/","logo":{"@type":"ImageObject","inLanguage":"en-GB","@id":"https:\/\/lahingupood.ee\/#\/schema\/logo\/image\/","url":"https:\/\/lahingupood.ee\/wp-content\/uploads\/2022\/03\/lahingurada-220318.jpg","contentUrl":"https:\/\/lahingupood.ee\/wp-content\/uploads\/2022\/03\/lahingurada-220318.jpg","width":800,"height":500,"caption":"Lahingurada"},"image":{"@id":"https:\/\/lahingupood.ee\/#\/schema\/logo\/image\/"},"sameAs":["https:\/\/www.facebook.com\/Lahingurada-629940247212967"]}]}},"_links":{"self":[{"href":"https:\/\/lahingupood.ee\/en\/wp-json\/wp\/v2\/product\/3947","targetHints":{"allow":["GET"]}}],"collection":[{"href":"https:\/\/lahingupood.ee\/en\/wp-json\/wp\/v2\/product"}],"about":[{"href":"https:\/\/lahingupood.ee\/en\/wp-json\/wp\/v2\/types\/product"}],"wp:featuredmedia":[{"embeddable":true,"href":"https:\/\/lahingupood.ee\/en\/wp-json\/wp\/v2\/media\/3950"}],"wp:attachment":[{"href":"https:\/\/lahingupood.ee\/en\/wp-json\/wp\/v2\/media?parent=3947"}],"wp:term":[{"taxonomy":"product_brand","embeddable":true,"href":"https:\/\/lahingupood.ee\/en\/wp-json\/wp\/v2\/product_brand?post=3947"},{"taxonomy":"product_cat","embeddable":true,"href":"https:\/\/lahingupood.ee\/en\/wp-json\/wp\/v2\/product_cat?post=3947"},{"taxonomy":"product_tag","embeddable":true,"href":"https:\/\/lahingupood.ee\/en\/wp-json\/wp\/v2\/product_tag?post=3947"}],"curies":[{"name":"wp","href":"https:\/\/api.w.org\/{rel}","templated":true}]}}