{"id":392,"date":"2022-03-28T13:54:57","date_gmt":"2022-03-28T10:54:57","guid":{"rendered":"https:\/\/lahingupood.ee\/?post_type=product&#038;p=392"},"modified":"2026-04-12T20:30:01","modified_gmt":"2026-04-12T17:30:01","slug":"jg-g36-m4","status":"publish","type":"product","link":"https:\/\/lahingupood.ee\/en\/product\/jg-g36-m4\/","title":{"rendered":"JG G36 M4"},"content":{"rendered":"","protected":false},"excerpt":{"rendered":"<p>Odav ja t\u00f6\u00f6kindel replika tuntud tootjalt. G36 replikad on parim valik algajale. Relv on t\u00f6\u00f6kindel ja kasutajas\u00f5bralik. Antutd tootel on paigaldatud M4 salveadapter, mis v\u00f5imaldab kasutada M4 salvesid G36 salvede asemel. Enamus relvarentijaid kasutab antud mudelit just t\u00f6\u00f6kindluse, kasutuslihtsuse ja vastupidavuse p\u00e4rast.<\/p>","protected":false},"featured_media":393,"template":"","meta":[],"product_brand":[],"product_cat":[23],"product_tag":[],"class_list":{"0":"post-392","1":"product","2":"type-product","3":"status-publish","4":"has-post-thumbnail","6":"product_cat-elektrilised-relvad","8":"first","9":"outofstock","10":"taxable","11":"shipping-taxable","12":"purchasable","13":"product-type-simple"},"yoast_head":"<!-- This site is optimized with the Yoast SEO Premium plugin v27.3 (Yoast SEO v27.3) - https:\/\/yoast.com\/product\/yoast-seo-premium-wordpress\/ -->\n<title>JG G36 M4 - Lahingurada e-pood<\/title>\n<meta name=\"robots\" content=\"index, follow, max-snippet:-1, max-image-preview:large, max-video-preview:-1\" \/>\n<link rel=\"canonical\" href=\"https:\/\/lahingupood.ee\/en\/product\/jg-g36-m4\/\" \/>\n<meta property=\"og:locale\" content=\"en_GB\" \/>\n<meta property=\"og:type\" content=\"article\" \/>\n<meta property=\"og:title\" content=\"JG G36 M4\" \/>\n<meta property=\"og:description\" content=\"Odav ja t\u00f6\u00f6kindel replika tuntud tootjalt. G36 replikad on parim valik algajale. Relv on t\u00f6\u00f6kindel ja kasutajas\u00f5bralik. Antutd tootel on paigaldatud M4 salveadapter, mis v\u00f5imaldab kasutada M4 salvesid G36 salvede asemel. Enamus relvarentijaid kasutab antud mudelit just t\u00f6\u00f6kindluse, kasutuslihtsuse ja vastupidavuse p\u00e4rast.\" \/>\n<meta property=\"og:url\" content=\"https:\/\/lahingupood.ee\/en\/product\/jg-g36-m4\/\" \/>\n<meta property=\"og:site_name\" content=\"Lahingurada e-pood\" \/>\n<meta property=\"article:publisher\" content=\"https:\/\/www.facebook.com\/Lahingurada-629940247212967\" \/>\n<meta property=\"article:modified_time\" content=\"2026-04-12T17:30:01+00:00\" \/>\n<meta property=\"og:image\" content=\"https:\/\/lahingupood.ee\/wp-content\/uploads\/2022\/03\/jg-works-electric-rifle-g608-6-black-608-6.jpeg\" \/>\n\t<meta property=\"og:image:width\" content=\"500\" \/>\n\t<meta property=\"og:image:height\" content=\"500\" \/>\n\t<meta property=\"og:image:type\" content=\"image\/jpeg\" \/>\n<meta name=\"twitter:card\" content=\"summary_large_image\" \/>\n<script type=\"application\/ld+json\" class=\"yoast-schema-graph\">{\"@context\":\"https:\\\/\\\/schema.org\",\"@graph\":[{\"@type\":\"WebPage\",\"@id\":\"https:\\\/\\\/lahingupood.ee\\\/toode\\\/jg-g36-m4\\\/\",\"url\":\"https:\\\/\\\/lahingupood.ee\\\/toode\\\/jg-g36-m4\\\/\",\"name\":\"JG G36 M4 - Lahingurada e-pood\",\"isPartOf\":{\"@id\":\"https:\\\/\\\/lahingupood.ee\\\/#website\"},\"primaryImageOfPage\":{\"@id\":\"https:\\\/\\\/lahingupood.ee\\\/toode\\\/jg-g36-m4\\\/#primaryimage\"},\"image\":{\"@id\":\"https:\\\/\\\/lahingupood.ee\\\/toode\\\/jg-g36-m4\\\/#primaryimage\"},\"thumbnailUrl\":\"https:\\\/\\\/lahingupood.ee\\\/wp-content\\\/uploads\\\/2022\\\/03\\\/jg-works-electric-rifle-g608-6-black-608-6.jpeg\",\"datePublished\":\"2022-03-28T10:54:57+00:00\",\"dateModified\":\"2026-04-12T17:30:01+00:00\",\"breadcrumb\":{\"@id\":\"https:\\\/\\\/lahingupood.ee\\\/toode\\\/jg-g36-m4\\\/#breadcrumb\"},\"inLanguage\":\"en-GB\",\"potentialAction\":[{\"@type\":\"ReadAction\",\"target\":[\"https:\\\/\\\/lahingupood.ee\\\/toode\\\/jg-g36-m4\\\/\"]}]},{\"@type\":\"ImageObject\",\"inLanguage\":\"en-GB\",\"@id\":\"https:\\\/\\\/lahingupood.ee\\\/toode\\\/jg-g36-m4\\\/#primaryimage\",\"url\":\"https:\\\/\\\/lahingupood.ee\\\/wp-content\\\/uploads\\\/2022\\\/03\\\/jg-works-electric-rifle-g608-6-black-608-6.jpeg\",\"contentUrl\":\"https:\\\/\\\/lahingupood.ee\\\/wp-content\\\/uploads\\\/2022\\\/03\\\/jg-works-electric-rifle-g608-6-black-608-6.jpeg\",\"width\":500,\"height\":500,\"caption\":\"jg-works-electric-rifle-g608-6-black-608-6\"},{\"@type\":\"BreadcrumbList\",\"@id\":\"https:\\\/\\\/lahingupood.ee\\\/toode\\\/jg-g36-m4\\\/#breadcrumb\",\"itemListElement\":[{\"@type\":\"ListItem\",\"position\":1,\"name\":\"Home\",\"item\":\"https:\\\/\\\/lahingupood.ee\\\/\"},{\"@type\":\"ListItem\",\"position\":2,\"name\":\"Tooted\",\"item\":\"https:\\\/\\\/lahingupood.ee\\\/tooted\\\/\"},{\"@type\":\"ListItem\",\"position\":3,\"name\":\"JG G36 M4\"}]},{\"@type\":\"WebSite\",\"@id\":\"https:\\\/\\\/lahingupood.ee\\\/#website\",\"url\":\"https:\\\/\\\/lahingupood.ee\\\/\",\"name\":\"Lahingurada e-pood\",\"description\":\"Airsoft\",\"publisher\":{\"@id\":\"https:\\\/\\\/lahingupood.ee\\\/#organization\"},\"potentialAction\":[{\"@type\":\"SearchAction\",\"target\":{\"@type\":\"EntryPoint\",\"urlTemplate\":\"https:\\\/\\\/lahingupood.ee\\\/?s={search_term_string}\"},\"query-input\":{\"@type\":\"PropertyValueSpecification\",\"valueRequired\":true,\"valueName\":\"search_term_string\"}}],\"inLanguage\":\"en-GB\"},{\"@type\":\"Organization\",\"@id\":\"https:\\\/\\\/lahingupood.ee\\\/#organization\",\"name\":\"Lahingurada\",\"url\":\"https:\\\/\\\/lahingupood.ee\\\/\",\"logo\":{\"@type\":\"ImageObject\",\"inLanguage\":\"en-GB\",\"@id\":\"https:\\\/\\\/lahingupood.ee\\\/#\\\/schema\\\/logo\\\/image\\\/\",\"url\":\"https:\\\/\\\/lahingupood.ee\\\/wp-content\\\/uploads\\\/2022\\\/03\\\/lahingurada-220318.jpg\",\"contentUrl\":\"https:\\\/\\\/lahingupood.ee\\\/wp-content\\\/uploads\\\/2022\\\/03\\\/lahingurada-220318.jpg\",\"width\":800,\"height\":500,\"caption\":\"Lahingurada\"},\"image\":{\"@id\":\"https:\\\/\\\/lahingupood.ee\\\/#\\\/schema\\\/logo\\\/image\\\/\"},\"sameAs\":[\"https:\\\/\\\/www.facebook.com\\\/Lahingurada-629940247212967\"]}]}<\/script>\n<!-- \/ Yoast SEO Premium plugin. -->","yoast_head_json":{"title":"JG G36 M4 - Lahingurada e-pood","robots":{"index":"index","follow":"follow","max-snippet":"max-snippet:-1","max-image-preview":"max-image-preview:large","max-video-preview":"max-video-preview:-1"},"canonical":"https:\/\/lahingupood.ee\/en\/product\/jg-g36-m4\/","og_locale":"en_GB","og_type":"article","og_title":"JG G36 M4","og_description":"Odav ja t\u00f6\u00f6kindel replika tuntud tootjalt. G36 replikad on parim valik algajale. Relv on t\u00f6\u00f6kindel ja kasutajas\u00f5bralik. Antutd tootel on paigaldatud M4 salveadapter, mis v\u00f5imaldab kasutada M4 salvesid G36 salvede asemel. Enamus relvarentijaid kasutab antud mudelit just t\u00f6\u00f6kindluse, kasutuslihtsuse ja vastupidavuse p\u00e4rast.","og_url":"https:\/\/lahingupood.ee\/en\/product\/jg-g36-m4\/","og_site_name":"Lahingurada e-pood","article_publisher":"https:\/\/www.facebook.com\/Lahingurada-629940247212967","article_modified_time":"2026-04-12T17:30:01+00:00","og_image":[{"width":500,"height":500,"url":"https:\/\/lahingupood.ee\/wp-content\/uploads\/2022\/03\/jg-works-electric-rifle-g608-6-black-608-6.jpeg","type":"image\/jpeg"}],"twitter_card":"summary_large_image","schema":{"@context":"https:\/\/schema.org","@graph":[{"@type":"WebPage","@id":"https:\/\/lahingupood.ee\/toode\/jg-g36-m4\/","url":"https:\/\/lahingupood.ee\/toode\/jg-g36-m4\/","name":"JG G36 M4 - Lahingurada e-pood","isPartOf":{"@id":"https:\/\/lahingupood.ee\/#website"},"primaryImageOfPage":{"@id":"https:\/\/lahingupood.ee\/toode\/jg-g36-m4\/#primaryimage"},"image":{"@id":"https:\/\/lahingupood.ee\/toode\/jg-g36-m4\/#primaryimage"},"thumbnailUrl":"https:\/\/lahingupood.ee\/wp-content\/uploads\/2022\/03\/jg-works-electric-rifle-g608-6-black-608-6.jpeg","datePublished":"2022-03-28T10:54:57+00:00","dateModified":"2026-04-12T17:30:01+00:00","breadcrumb":{"@id":"https:\/\/lahingupood.ee\/toode\/jg-g36-m4\/#breadcrumb"},"inLanguage":"en-GB","potentialAction":[{"@type":"ReadAction","target":["https:\/\/lahingupood.ee\/toode\/jg-g36-m4\/"]}]},{"@type":"ImageObject","inLanguage":"en-GB","@id":"https:\/\/lahingupood.ee\/toode\/jg-g36-m4\/#primaryimage","url":"https:\/\/lahingupood.ee\/wp-content\/uploads\/2022\/03\/jg-works-electric-rifle-g608-6-black-608-6.jpeg","contentUrl":"https:\/\/lahingupood.ee\/wp-content\/uploads\/2022\/03\/jg-works-electric-rifle-g608-6-black-608-6.jpeg","width":500,"height":500,"caption":"jg-works-electric-rifle-g608-6-black-608-6"},{"@type":"BreadcrumbList","@id":"https:\/\/lahingupood.ee\/toode\/jg-g36-m4\/#breadcrumb","itemListElement":[{"@type":"ListItem","position":1,"name":"Home","item":"https:\/\/lahingupood.ee\/"},{"@type":"ListItem","position":2,"name":"Tooted","item":"https:\/\/lahingupood.ee\/tooted\/"},{"@type":"ListItem","position":3,"name":"JG G36 M4"}]},{"@type":"WebSite","@id":"https:\/\/lahingupood.ee\/#website","url":"https:\/\/lahingupood.ee\/","name":"Lahingurada e-pood","description":"Airsoft","publisher":{"@id":"https:\/\/lahingupood.ee\/#organization"},"potentialAction":[{"@type":"SearchAction","target":{"@type":"EntryPoint","urlTemplate":"https:\/\/lahingupood.ee\/?s={search_term_string}"},"query-input":{"@type":"PropertyValueSpecification","valueRequired":true,"valueName":"search_term_string"}}],"inLanguage":"en-GB"},{"@type":"Organization","@id":"https:\/\/lahingupood.ee\/#organization","name":"Lahingurada","url":"https:\/\/lahingupood.ee\/","logo":{"@type":"ImageObject","inLanguage":"en-GB","@id":"https:\/\/lahingupood.ee\/#\/schema\/logo\/image\/","url":"https:\/\/lahingupood.ee\/wp-content\/uploads\/2022\/03\/lahingurada-220318.jpg","contentUrl":"https:\/\/lahingupood.ee\/wp-content\/uploads\/2022\/03\/lahingurada-220318.jpg","width":800,"height":500,"caption":"Lahingurada"},"image":{"@id":"https:\/\/lahingupood.ee\/#\/schema\/logo\/image\/"},"sameAs":["https:\/\/www.facebook.com\/Lahingurada-629940247212967"]}]}},"_links":{"self":[{"href":"https:\/\/lahingupood.ee\/en\/wp-json\/wp\/v2\/product\/392","targetHints":{"allow":["GET"]}}],"collection":[{"href":"https:\/\/lahingupood.ee\/en\/wp-json\/wp\/v2\/product"}],"about":[{"href":"https:\/\/lahingupood.ee\/en\/wp-json\/wp\/v2\/types\/product"}],"wp:featuredmedia":[{"embeddable":true,"href":"https:\/\/lahingupood.ee\/en\/wp-json\/wp\/v2\/media\/393"}],"wp:attachment":[{"href":"https:\/\/lahingupood.ee\/en\/wp-json\/wp\/v2\/media?parent=392"}],"wp:term":[{"taxonomy":"product_brand","embeddable":true,"href":"https:\/\/lahingupood.ee\/en\/wp-json\/wp\/v2\/product_brand?post=392"},{"taxonomy":"product_cat","embeddable":true,"href":"https:\/\/lahingupood.ee\/en\/wp-json\/wp\/v2\/product_cat?post=392"},{"taxonomy":"product_tag","embeddable":true,"href":"https:\/\/lahingupood.ee\/en\/wp-json\/wp\/v2\/product_tag?post=392"}],"curies":[{"name":"wp","href":"https:\/\/api.w.org\/{rel}","templated":true}]}}