{"id":389,"date":"2022-03-28T12:56:10","date_gmt":"2022-03-28T09:56:10","guid":{"rendered":"https:\/\/lahingupood.ee\/?post_type=product&#038;p=389"},"modified":"2026-04-12T20:30:06","modified_gmt":"2026-04-12T17:30:06","slug":"dboys-m4-95-full-metal-keymod","status":"publish","type":"product","link":"https:\/\/lahingupood.ee\/en\/product\/dboys-m4-95-full-metal-keymod\/","title":{"rendered":"Dboys M4 9,5&#8243; full metal keymod Airsoft Replica"},"content":{"rendered":"<h3>Dboys M4 9,5&#8243; full metal keymod<\/h3>\n<p>DBOYS on pikaaegse traditsiooniga tuntud tootja, kelle replikad on pikalt valitsenud airsofti odavama ja keskklassi sektorit. Uue p\u00f5lvkonna replikad on saanud terve rea t\u00e4iendusi. Antud replika \u00fclemine on t\u00e4ielikult valmistatud metallist. Hea mahutavausega kaba v\u00f5imaldab pea igasuguse kujuga akude kasutamist. Rootort\u00fc\u00fcpi hopup kamber tagab hopupi \u00fclit\u00e4pse seadistuse, mis j\u00e4\u00e4b ka p\u00fcsima. Hea valik n\u00f5udlikumale kuid s\u00e4\u00e4stlikule kasutajale.<\/p>","protected":false},"excerpt":{"rendered":"<div class=\"product-short-description\">\n<p>DBOYS on pikaaegse traditsiooniga tuntud tootja, kelle replikad on pikalt valitsenud airsofti odavama ja keskklassi sektorit.<\/p>\n<\/div>\n<div class=\"quantity buttons_added\"><\/div>","protected":false},"featured_media":337,"template":"","meta":[],"product_brand":[],"product_cat":[23,77],"product_tag":[],"class_list":{"0":"post-389","1":"product","2":"type-product","3":"status-publish","4":"has-post-thumbnail","6":"product_cat-elektrilised-relvad","7":"product_cat-sooduspakkumised","9":"first","10":"outofstock","11":"sale","12":"taxable","13":"shipping-taxable","14":"purchasable","15":"product-type-simple"},"yoast_head":"<!-- This site is optimized with the Yoast SEO Premium plugin v27.3 (Yoast SEO v27.3) - https:\/\/yoast.com\/product\/yoast-seo-premium-wordpress\/ -->\n<title>Dboys M4 9,5&quot; full metal keymod Airsoft Replica - Lahingurada e-pood<\/title>\n<meta name=\"description\" content=\"DBOYS on pikaaegse traditsiooniga tuntud tootja, kelle replikad on pikalt valitsenud airsofti odavama ja keskklassi sektorit\" \/>\n<meta name=\"robots\" content=\"index, follow, max-snippet:-1, max-image-preview:large, max-video-preview:-1\" \/>\n<link rel=\"canonical\" href=\"https:\/\/lahingupood.ee\/en\/product\/dboys-m4-95-full-metal-keymod\/\" \/>\n<meta property=\"og:locale\" content=\"en_GB\" \/>\n<meta property=\"og:type\" content=\"article\" \/>\n<meta property=\"og:title\" content=\"Dboys M4 9,5&quot; full metal keymod Airsoft Replica\" \/>\n<meta property=\"og:description\" content=\"DBOYS on pikaaegse traditsiooniga tuntud tootja, kelle replikad on pikalt valitsenud airsofti odavama ja keskklassi sektorit\" \/>\n<meta property=\"og:url\" content=\"https:\/\/lahingupood.ee\/en\/product\/dboys-m4-95-full-metal-keymod\/\" \/>\n<meta property=\"og:site_name\" content=\"Lahingurada e-pood\" \/>\n<meta property=\"article:publisher\" content=\"https:\/\/www.facebook.com\/Lahingurada-629940247212967\" \/>\n<meta property=\"article:modified_time\" content=\"2026-04-12T17:30:06+00:00\" \/>\n<meta property=\"og:image\" content=\"https:\/\/lahingupood.ee\/wp-content\/uploads\/2022\/03\/dboys-electric-rifle-m4-95-metal-black-4982.jpeg\" \/>\n\t<meta property=\"og:image:width\" content=\"1000\" \/>\n\t<meta property=\"og:image:height\" content=\"1000\" \/>\n\t<meta property=\"og:image:type\" content=\"image\/jpeg\" \/>\n<meta name=\"twitter:card\" content=\"summary_large_image\" \/>\n<meta name=\"twitter:label1\" content=\"Estimated reading time\" \/>\n\t<meta name=\"twitter:data1\" content=\"1 minute\" \/>\n<script type=\"application\/ld+json\" class=\"yoast-schema-graph\">{\"@context\":\"https:\\\/\\\/schema.org\",\"@graph\":[{\"@type\":\"WebPage\",\"@id\":\"https:\\\/\\\/lahingupood.ee\\\/toode\\\/dboys-m4-95-full-metal-keymod\\\/\",\"url\":\"https:\\\/\\\/lahingupood.ee\\\/toode\\\/dboys-m4-95-full-metal-keymod\\\/\",\"name\":\"Dboys M4 9,5\\\" full metal keymod Airsoft Replica - Lahingurada e-pood\",\"isPartOf\":{\"@id\":\"https:\\\/\\\/lahingupood.ee\\\/#website\"},\"primaryImageOfPage\":{\"@id\":\"https:\\\/\\\/lahingupood.ee\\\/toode\\\/dboys-m4-95-full-metal-keymod\\\/#primaryimage\"},\"image\":{\"@id\":\"https:\\\/\\\/lahingupood.ee\\\/toode\\\/dboys-m4-95-full-metal-keymod\\\/#primaryimage\"},\"thumbnailUrl\":\"https:\\\/\\\/lahingupood.ee\\\/wp-content\\\/uploads\\\/2022\\\/03\\\/dboys-electric-rifle-m4-95-metal-black-4982.jpeg\",\"datePublished\":\"2022-03-28T09:56:10+00:00\",\"dateModified\":\"2026-04-12T17:30:06+00:00\",\"description\":\"DBOYS on pikaaegse traditsiooniga tuntud tootja, kelle replikad on pikalt valitsenud airsofti odavama ja keskklassi sektorit\",\"breadcrumb\":{\"@id\":\"https:\\\/\\\/lahingupood.ee\\\/toode\\\/dboys-m4-95-full-metal-keymod\\\/#breadcrumb\"},\"inLanguage\":\"en-GB\",\"potentialAction\":[{\"@type\":\"ReadAction\",\"target\":[\"https:\\\/\\\/lahingupood.ee\\\/toode\\\/dboys-m4-95-full-metal-keymod\\\/\"]}]},{\"@type\":\"ImageObject\",\"inLanguage\":\"en-GB\",\"@id\":\"https:\\\/\\\/lahingupood.ee\\\/toode\\\/dboys-m4-95-full-metal-keymod\\\/#primaryimage\",\"url\":\"https:\\\/\\\/lahingupood.ee\\\/wp-content\\\/uploads\\\/2022\\\/03\\\/dboys-electric-rifle-m4-95-metal-black-4982.jpeg\",\"contentUrl\":\"https:\\\/\\\/lahingupood.ee\\\/wp-content\\\/uploads\\\/2022\\\/03\\\/dboys-electric-rifle-m4-95-metal-black-4982.jpeg\",\"width\":1000,\"height\":1000,\"caption\":\"dboys-electric-rifle-m4-95-metal-black-4982\"},{\"@type\":\"BreadcrumbList\",\"@id\":\"https:\\\/\\\/lahingupood.ee\\\/toode\\\/dboys-m4-95-full-metal-keymod\\\/#breadcrumb\",\"itemListElement\":[{\"@type\":\"ListItem\",\"position\":1,\"name\":\"Home\",\"item\":\"https:\\\/\\\/lahingupood.ee\\\/\"},{\"@type\":\"ListItem\",\"position\":2,\"name\":\"Tooted\",\"item\":\"https:\\\/\\\/lahingupood.ee\\\/tooted\\\/\"},{\"@type\":\"ListItem\",\"position\":3,\"name\":\"Dboys M4 9,5&#8243; full metal keymod Airsoft Replica\"}]},{\"@type\":\"WebSite\",\"@id\":\"https:\\\/\\\/lahingupood.ee\\\/#website\",\"url\":\"https:\\\/\\\/lahingupood.ee\\\/\",\"name\":\"Lahingurada e-pood\",\"description\":\"Airsoft\",\"publisher\":{\"@id\":\"https:\\\/\\\/lahingupood.ee\\\/#organization\"},\"potentialAction\":[{\"@type\":\"SearchAction\",\"target\":{\"@type\":\"EntryPoint\",\"urlTemplate\":\"https:\\\/\\\/lahingupood.ee\\\/?s={search_term_string}\"},\"query-input\":{\"@type\":\"PropertyValueSpecification\",\"valueRequired\":true,\"valueName\":\"search_term_string\"}}],\"inLanguage\":\"en-GB\"},{\"@type\":\"Organization\",\"@id\":\"https:\\\/\\\/lahingupood.ee\\\/#organization\",\"name\":\"Lahingurada\",\"url\":\"https:\\\/\\\/lahingupood.ee\\\/\",\"logo\":{\"@type\":\"ImageObject\",\"inLanguage\":\"en-GB\",\"@id\":\"https:\\\/\\\/lahingupood.ee\\\/#\\\/schema\\\/logo\\\/image\\\/\",\"url\":\"https:\\\/\\\/lahingupood.ee\\\/wp-content\\\/uploads\\\/2022\\\/03\\\/lahingurada-220318.jpg\",\"contentUrl\":\"https:\\\/\\\/lahingupood.ee\\\/wp-content\\\/uploads\\\/2022\\\/03\\\/lahingurada-220318.jpg\",\"width\":800,\"height\":500,\"caption\":\"Lahingurada\"},\"image\":{\"@id\":\"https:\\\/\\\/lahingupood.ee\\\/#\\\/schema\\\/logo\\\/image\\\/\"},\"sameAs\":[\"https:\\\/\\\/www.facebook.com\\\/Lahingurada-629940247212967\"]}]}<\/script>\n<!-- \/ Yoast SEO Premium plugin. -->","yoast_head_json":{"title":"Dboys M4 9,5\" full metal keymod Airsoft Replica - Lahingurada e-pood","description":"DBOYS on pikaaegse traditsiooniga tuntud tootja, kelle replikad on pikalt valitsenud airsofti odavama ja keskklassi sektorit","robots":{"index":"index","follow":"follow","max-snippet":"max-snippet:-1","max-image-preview":"max-image-preview:large","max-video-preview":"max-video-preview:-1"},"canonical":"https:\/\/lahingupood.ee\/en\/product\/dboys-m4-95-full-metal-keymod\/","og_locale":"en_GB","og_type":"article","og_title":"Dboys M4 9,5\" full metal keymod Airsoft Replica","og_description":"DBOYS on pikaaegse traditsiooniga tuntud tootja, kelle replikad on pikalt valitsenud airsofti odavama ja keskklassi sektorit","og_url":"https:\/\/lahingupood.ee\/en\/product\/dboys-m4-95-full-metal-keymod\/","og_site_name":"Lahingurada e-pood","article_publisher":"https:\/\/www.facebook.com\/Lahingurada-629940247212967","article_modified_time":"2026-04-12T17:30:06+00:00","og_image":[{"width":1000,"height":1000,"url":"https:\/\/lahingupood.ee\/wp-content\/uploads\/2022\/03\/dboys-electric-rifle-m4-95-metal-black-4982.jpeg","type":"image\/jpeg"}],"twitter_card":"summary_large_image","twitter_misc":{"Estimated reading time":"1 minute"},"schema":{"@context":"https:\/\/schema.org","@graph":[{"@type":"WebPage","@id":"https:\/\/lahingupood.ee\/toode\/dboys-m4-95-full-metal-keymod\/","url":"https:\/\/lahingupood.ee\/toode\/dboys-m4-95-full-metal-keymod\/","name":"Dboys M4 9,5\" full metal keymod Airsoft Replica - Lahingurada e-pood","isPartOf":{"@id":"https:\/\/lahingupood.ee\/#website"},"primaryImageOfPage":{"@id":"https:\/\/lahingupood.ee\/toode\/dboys-m4-95-full-metal-keymod\/#primaryimage"},"image":{"@id":"https:\/\/lahingupood.ee\/toode\/dboys-m4-95-full-metal-keymod\/#primaryimage"},"thumbnailUrl":"https:\/\/lahingupood.ee\/wp-content\/uploads\/2022\/03\/dboys-electric-rifle-m4-95-metal-black-4982.jpeg","datePublished":"2022-03-28T09:56:10+00:00","dateModified":"2026-04-12T17:30:06+00:00","description":"DBOYS on pikaaegse traditsiooniga tuntud tootja, kelle replikad on pikalt valitsenud airsofti odavama ja keskklassi sektorit","breadcrumb":{"@id":"https:\/\/lahingupood.ee\/toode\/dboys-m4-95-full-metal-keymod\/#breadcrumb"},"inLanguage":"en-GB","potentialAction":[{"@type":"ReadAction","target":["https:\/\/lahingupood.ee\/toode\/dboys-m4-95-full-metal-keymod\/"]}]},{"@type":"ImageObject","inLanguage":"en-GB","@id":"https:\/\/lahingupood.ee\/toode\/dboys-m4-95-full-metal-keymod\/#primaryimage","url":"https:\/\/lahingupood.ee\/wp-content\/uploads\/2022\/03\/dboys-electric-rifle-m4-95-metal-black-4982.jpeg","contentUrl":"https:\/\/lahingupood.ee\/wp-content\/uploads\/2022\/03\/dboys-electric-rifle-m4-95-metal-black-4982.jpeg","width":1000,"height":1000,"caption":"dboys-electric-rifle-m4-95-metal-black-4982"},{"@type":"BreadcrumbList","@id":"https:\/\/lahingupood.ee\/toode\/dboys-m4-95-full-metal-keymod\/#breadcrumb","itemListElement":[{"@type":"ListItem","position":1,"name":"Home","item":"https:\/\/lahingupood.ee\/"},{"@type":"ListItem","position":2,"name":"Tooted","item":"https:\/\/lahingupood.ee\/tooted\/"},{"@type":"ListItem","position":3,"name":"Dboys M4 9,5&#8243; full metal keymod Airsoft Replica"}]},{"@type":"WebSite","@id":"https:\/\/lahingupood.ee\/#website","url":"https:\/\/lahingupood.ee\/","name":"Lahingurada e-pood","description":"Airsoft","publisher":{"@id":"https:\/\/lahingupood.ee\/#organization"},"potentialAction":[{"@type":"SearchAction","target":{"@type":"EntryPoint","urlTemplate":"https:\/\/lahingupood.ee\/?s={search_term_string}"},"query-input":{"@type":"PropertyValueSpecification","valueRequired":true,"valueName":"search_term_string"}}],"inLanguage":"en-GB"},{"@type":"Organization","@id":"https:\/\/lahingupood.ee\/#organization","name":"Lahingurada","url":"https:\/\/lahingupood.ee\/","logo":{"@type":"ImageObject","inLanguage":"en-GB","@id":"https:\/\/lahingupood.ee\/#\/schema\/logo\/image\/","url":"https:\/\/lahingupood.ee\/wp-content\/uploads\/2022\/03\/lahingurada-220318.jpg","contentUrl":"https:\/\/lahingupood.ee\/wp-content\/uploads\/2022\/03\/lahingurada-220318.jpg","width":800,"height":500,"caption":"Lahingurada"},"image":{"@id":"https:\/\/lahingupood.ee\/#\/schema\/logo\/image\/"},"sameAs":["https:\/\/www.facebook.com\/Lahingurada-629940247212967"]}]}},"_links":{"self":[{"href":"https:\/\/lahingupood.ee\/en\/wp-json\/wp\/v2\/product\/389","targetHints":{"allow":["GET"]}}],"collection":[{"href":"https:\/\/lahingupood.ee\/en\/wp-json\/wp\/v2\/product"}],"about":[{"href":"https:\/\/lahingupood.ee\/en\/wp-json\/wp\/v2\/types\/product"}],"wp:featuredmedia":[{"embeddable":true,"href":"https:\/\/lahingupood.ee\/en\/wp-json\/wp\/v2\/media\/337"}],"wp:attachment":[{"href":"https:\/\/lahingupood.ee\/en\/wp-json\/wp\/v2\/media?parent=389"}],"wp:term":[{"taxonomy":"product_brand","embeddable":true,"href":"https:\/\/lahingupood.ee\/en\/wp-json\/wp\/v2\/product_brand?post=389"},{"taxonomy":"product_cat","embeddable":true,"href":"https:\/\/lahingupood.ee\/en\/wp-json\/wp\/v2\/product_cat?post=389"},{"taxonomy":"product_tag","embeddable":true,"href":"https:\/\/lahingupood.ee\/en\/wp-json\/wp\/v2\/product_tag?post=389"}],"curies":[{"name":"wp","href":"https:\/\/api.w.org\/{rel}","templated":true}]}}