{"id":385,"date":"2022-03-28T12:26:18","date_gmt":"2022-03-28T09:26:18","guid":{"rendered":"https:\/\/lahingupood.ee\/?post_type=product&#038;p=385"},"modified":"2026-04-12T20:30:06","modified_gmt":"2026-04-12T17:30:06","slug":"fn-scar-l","status":"publish","type":"product","link":"https:\/\/lahingupood.ee\/en\/product\/fn-scar-l\/","title":{"rendered":"FN SCAR-L"},"content":{"rendered":"","protected":false},"excerpt":{"rendered":"<p>FN HERSTAL poolt litsenseeritud toode. Kui otsid midagi mugavat, t\u00e4nap\u00e4evast, kuid tahad erineda teistest m\u00e4ngijatest siis SCAR on hea valik just sulle. Relv kasutab M4 replikate salvesid, seega on v\u00f5imalik jagada laskemoona s\u00f5pradega, kas kasutavad AR15 platvormi. Samas on antud relv kompaksem ja huvitavam kui tavaline M4.<\/p>","protected":false},"featured_media":386,"template":"","meta":[],"product_brand":[],"product_cat":[23,77],"product_tag":[],"class_list":{"0":"post-385","1":"product","2":"type-product","3":"status-publish","4":"has-post-thumbnail","6":"product_cat-elektrilised-relvad","7":"product_cat-sooduspakkumised","9":"first","10":"outofstock","11":"sale","12":"taxable","13":"shipping-taxable","14":"purchasable","15":"product-type-simple"},"yoast_head":"<!-- This site is optimized with the Yoast SEO Premium plugin v27.3 (Yoast SEO v27.3) - https:\/\/yoast.com\/product\/yoast-seo-premium-wordpress\/ -->\n<title>FN SCAR-L - Lahingurada e-pood<\/title>\n<meta name=\"robots\" content=\"index, follow, max-snippet:-1, max-image-preview:large, max-video-preview:-1\" \/>\n<link rel=\"canonical\" href=\"https:\/\/lahingupood.ee\/en\/product\/fn-scar-l\/\" \/>\n<meta property=\"og:locale\" content=\"en_GB\" \/>\n<meta property=\"og:type\" content=\"article\" \/>\n<meta property=\"og:title\" content=\"FN SCAR-L\" \/>\n<meta property=\"og:description\" content=\"FN HERSTAL poolt litsenseeritud toode. Kui otsid midagi mugavat, t\u00e4nap\u00e4evast, kuid tahad erineda teistest m\u00e4ngijatest siis SCAR on hea valik just sulle. Relv kasutab M4 replikate salvesid, seega on v\u00f5imalik jagada laskemoona s\u00f5pradega, kas kasutavad AR15 platvormi. Samas on antud relv kompaksem ja huvitavam kui tavaline M4.\" \/>\n<meta property=\"og:url\" content=\"https:\/\/lahingupood.ee\/en\/product\/fn-scar-l\/\" \/>\n<meta property=\"og:site_name\" content=\"Lahingurada e-pood\" \/>\n<meta property=\"article:publisher\" content=\"https:\/\/www.facebook.com\/Lahingurada-629940247212967\" \/>\n<meta property=\"article:modified_time\" content=\"2026-04-12T17:30:06+00:00\" \/>\n<meta property=\"og:image\" content=\"https:\/\/lahingupood.ee\/wp-content\/uploads\/2022\/03\/1866.png\" \/>\n\t<meta property=\"og:image:width\" content=\"800\" \/>\n\t<meta property=\"og:image:height\" content=\"336\" \/>\n\t<meta property=\"og:image:type\" content=\"image\/png\" \/>\n<meta name=\"twitter:card\" content=\"summary_large_image\" \/>\n<script type=\"application\/ld+json\" class=\"yoast-schema-graph\">{\"@context\":\"https:\\\/\\\/schema.org\",\"@graph\":[{\"@type\":\"WebPage\",\"@id\":\"https:\\\/\\\/lahingupood.ee\\\/toode\\\/fn-scar-l\\\/\",\"url\":\"https:\\\/\\\/lahingupood.ee\\\/toode\\\/fn-scar-l\\\/\",\"name\":\"FN SCAR-L - Lahingurada e-pood\",\"isPartOf\":{\"@id\":\"https:\\\/\\\/lahingupood.ee\\\/#website\"},\"primaryImageOfPage\":{\"@id\":\"https:\\\/\\\/lahingupood.ee\\\/toode\\\/fn-scar-l\\\/#primaryimage\"},\"image\":{\"@id\":\"https:\\\/\\\/lahingupood.ee\\\/toode\\\/fn-scar-l\\\/#primaryimage\"},\"thumbnailUrl\":\"https:\\\/\\\/lahingupood.ee\\\/wp-content\\\/uploads\\\/2022\\\/03\\\/1866.png\",\"datePublished\":\"2022-03-28T09:26:18+00:00\",\"dateModified\":\"2026-04-12T17:30:06+00:00\",\"breadcrumb\":{\"@id\":\"https:\\\/\\\/lahingupood.ee\\\/toode\\\/fn-scar-l\\\/#breadcrumb\"},\"inLanguage\":\"en-GB\",\"potentialAction\":[{\"@type\":\"ReadAction\",\"target\":[\"https:\\\/\\\/lahingupood.ee\\\/toode\\\/fn-scar-l\\\/\"]}]},{\"@type\":\"ImageObject\",\"inLanguage\":\"en-GB\",\"@id\":\"https:\\\/\\\/lahingupood.ee\\\/toode\\\/fn-scar-l\\\/#primaryimage\",\"url\":\"https:\\\/\\\/lahingupood.ee\\\/wp-content\\\/uploads\\\/2022\\\/03\\\/1866.png\",\"contentUrl\":\"https:\\\/\\\/lahingupood.ee\\\/wp-content\\\/uploads\\\/2022\\\/03\\\/1866.png\",\"width\":800,\"height\":336,\"caption\":\"SCAR\"},{\"@type\":\"BreadcrumbList\",\"@id\":\"https:\\\/\\\/lahingupood.ee\\\/toode\\\/fn-scar-l\\\/#breadcrumb\",\"itemListElement\":[{\"@type\":\"ListItem\",\"position\":1,\"name\":\"Home\",\"item\":\"https:\\\/\\\/lahingupood.ee\\\/\"},{\"@type\":\"ListItem\",\"position\":2,\"name\":\"Tooted\",\"item\":\"https:\\\/\\\/lahingupood.ee\\\/tooted\\\/\"},{\"@type\":\"ListItem\",\"position\":3,\"name\":\"FN SCAR-L\"}]},{\"@type\":\"WebSite\",\"@id\":\"https:\\\/\\\/lahingupood.ee\\\/#website\",\"url\":\"https:\\\/\\\/lahingupood.ee\\\/\",\"name\":\"Lahingurada e-pood\",\"description\":\"Airsoft\",\"publisher\":{\"@id\":\"https:\\\/\\\/lahingupood.ee\\\/#organization\"},\"potentialAction\":[{\"@type\":\"SearchAction\",\"target\":{\"@type\":\"EntryPoint\",\"urlTemplate\":\"https:\\\/\\\/lahingupood.ee\\\/?s={search_term_string}\"},\"query-input\":{\"@type\":\"PropertyValueSpecification\",\"valueRequired\":true,\"valueName\":\"search_term_string\"}}],\"inLanguage\":\"en-GB\"},{\"@type\":\"Organization\",\"@id\":\"https:\\\/\\\/lahingupood.ee\\\/#organization\",\"name\":\"Lahingurada\",\"url\":\"https:\\\/\\\/lahingupood.ee\\\/\",\"logo\":{\"@type\":\"ImageObject\",\"inLanguage\":\"en-GB\",\"@id\":\"https:\\\/\\\/lahingupood.ee\\\/#\\\/schema\\\/logo\\\/image\\\/\",\"url\":\"https:\\\/\\\/lahingupood.ee\\\/wp-content\\\/uploads\\\/2022\\\/03\\\/lahingurada-220318.jpg\",\"contentUrl\":\"https:\\\/\\\/lahingupood.ee\\\/wp-content\\\/uploads\\\/2022\\\/03\\\/lahingurada-220318.jpg\",\"width\":800,\"height\":500,\"caption\":\"Lahingurada\"},\"image\":{\"@id\":\"https:\\\/\\\/lahingupood.ee\\\/#\\\/schema\\\/logo\\\/image\\\/\"},\"sameAs\":[\"https:\\\/\\\/www.facebook.com\\\/Lahingurada-629940247212967\"]}]}<\/script>\n<!-- \/ Yoast SEO Premium plugin. -->","yoast_head_json":{"title":"FN SCAR-L - Lahingurada e-pood","robots":{"index":"index","follow":"follow","max-snippet":"max-snippet:-1","max-image-preview":"max-image-preview:large","max-video-preview":"max-video-preview:-1"},"canonical":"https:\/\/lahingupood.ee\/en\/product\/fn-scar-l\/","og_locale":"en_GB","og_type":"article","og_title":"FN SCAR-L","og_description":"FN HERSTAL poolt litsenseeritud toode. Kui otsid midagi mugavat, t\u00e4nap\u00e4evast, kuid tahad erineda teistest m\u00e4ngijatest siis SCAR on hea valik just sulle. Relv kasutab M4 replikate salvesid, seega on v\u00f5imalik jagada laskemoona s\u00f5pradega, kas kasutavad AR15 platvormi. Samas on antud relv kompaksem ja huvitavam kui tavaline M4.","og_url":"https:\/\/lahingupood.ee\/en\/product\/fn-scar-l\/","og_site_name":"Lahingurada e-pood","article_publisher":"https:\/\/www.facebook.com\/Lahingurada-629940247212967","article_modified_time":"2026-04-12T17:30:06+00:00","og_image":[{"width":800,"height":336,"url":"https:\/\/lahingupood.ee\/wp-content\/uploads\/2022\/03\/1866.png","type":"image\/png"}],"twitter_card":"summary_large_image","schema":{"@context":"https:\/\/schema.org","@graph":[{"@type":"WebPage","@id":"https:\/\/lahingupood.ee\/toode\/fn-scar-l\/","url":"https:\/\/lahingupood.ee\/toode\/fn-scar-l\/","name":"FN SCAR-L - Lahingurada e-pood","isPartOf":{"@id":"https:\/\/lahingupood.ee\/#website"},"primaryImageOfPage":{"@id":"https:\/\/lahingupood.ee\/toode\/fn-scar-l\/#primaryimage"},"image":{"@id":"https:\/\/lahingupood.ee\/toode\/fn-scar-l\/#primaryimage"},"thumbnailUrl":"https:\/\/lahingupood.ee\/wp-content\/uploads\/2022\/03\/1866.png","datePublished":"2022-03-28T09:26:18+00:00","dateModified":"2026-04-12T17:30:06+00:00","breadcrumb":{"@id":"https:\/\/lahingupood.ee\/toode\/fn-scar-l\/#breadcrumb"},"inLanguage":"en-GB","potentialAction":[{"@type":"ReadAction","target":["https:\/\/lahingupood.ee\/toode\/fn-scar-l\/"]}]},{"@type":"ImageObject","inLanguage":"en-GB","@id":"https:\/\/lahingupood.ee\/toode\/fn-scar-l\/#primaryimage","url":"https:\/\/lahingupood.ee\/wp-content\/uploads\/2022\/03\/1866.png","contentUrl":"https:\/\/lahingupood.ee\/wp-content\/uploads\/2022\/03\/1866.png","width":800,"height":336,"caption":"SCAR"},{"@type":"BreadcrumbList","@id":"https:\/\/lahingupood.ee\/toode\/fn-scar-l\/#breadcrumb","itemListElement":[{"@type":"ListItem","position":1,"name":"Home","item":"https:\/\/lahingupood.ee\/"},{"@type":"ListItem","position":2,"name":"Tooted","item":"https:\/\/lahingupood.ee\/tooted\/"},{"@type":"ListItem","position":3,"name":"FN SCAR-L"}]},{"@type":"WebSite","@id":"https:\/\/lahingupood.ee\/#website","url":"https:\/\/lahingupood.ee\/","name":"Lahingurada e-pood","description":"Airsoft","publisher":{"@id":"https:\/\/lahingupood.ee\/#organization"},"potentialAction":[{"@type":"SearchAction","target":{"@type":"EntryPoint","urlTemplate":"https:\/\/lahingupood.ee\/?s={search_term_string}"},"query-input":{"@type":"PropertyValueSpecification","valueRequired":true,"valueName":"search_term_string"}}],"inLanguage":"en-GB"},{"@type":"Organization","@id":"https:\/\/lahingupood.ee\/#organization","name":"Lahingurada","url":"https:\/\/lahingupood.ee\/","logo":{"@type":"ImageObject","inLanguage":"en-GB","@id":"https:\/\/lahingupood.ee\/#\/schema\/logo\/image\/","url":"https:\/\/lahingupood.ee\/wp-content\/uploads\/2022\/03\/lahingurada-220318.jpg","contentUrl":"https:\/\/lahingupood.ee\/wp-content\/uploads\/2022\/03\/lahingurada-220318.jpg","width":800,"height":500,"caption":"Lahingurada"},"image":{"@id":"https:\/\/lahingupood.ee\/#\/schema\/logo\/image\/"},"sameAs":["https:\/\/www.facebook.com\/Lahingurada-629940247212967"]}]}},"_links":{"self":[{"href":"https:\/\/lahingupood.ee\/en\/wp-json\/wp\/v2\/product\/385","targetHints":{"allow":["GET"]}}],"collection":[{"href":"https:\/\/lahingupood.ee\/en\/wp-json\/wp\/v2\/product"}],"about":[{"href":"https:\/\/lahingupood.ee\/en\/wp-json\/wp\/v2\/types\/product"}],"wp:featuredmedia":[{"embeddable":true,"href":"https:\/\/lahingupood.ee\/en\/wp-json\/wp\/v2\/media\/386"}],"wp:attachment":[{"href":"https:\/\/lahingupood.ee\/en\/wp-json\/wp\/v2\/media?parent=385"}],"wp:term":[{"taxonomy":"product_brand","embeddable":true,"href":"https:\/\/lahingupood.ee\/en\/wp-json\/wp\/v2\/product_brand?post=385"},{"taxonomy":"product_cat","embeddable":true,"href":"https:\/\/lahingupood.ee\/en\/wp-json\/wp\/v2\/product_cat?post=385"},{"taxonomy":"product_tag","embeddable":true,"href":"https:\/\/lahingupood.ee\/en\/wp-json\/wp\/v2\/product_tag?post=385"}],"curies":[{"name":"wp","href":"https:\/\/api.w.org\/{rel}","templated":true}]}}