{"id":383,"date":"2022-03-28T12:05:20","date_gmt":"2022-03-28T09:05:20","guid":{"rendered":"https:\/\/lahingupood.ee\/?post_type=product&#038;p=383"},"modified":"2026-04-12T20:30:05","modified_gmt":"2026-04-12T17:30:05","slug":"fn-herstal-p90-tan","status":"publish","type":"product","link":"https:\/\/lahingupood.ee\/en\/product\/fn-herstal-p90-tan\/","title":{"rendered":"FN Herstal P90 tan"},"content":{"rendered":"<p>FN Herstal P90 tan<\/p>\n<p>FN HERSTAL poolt litsenseeritud replika. Vaatamata omap\u00e4rasele kujule on antud relv v\u00e4ga mugav ja ergonoomline. Kompaktne ja v\u00f5imeksas t\u00e4nu bullpap s\u00fcsteemile ja kere sisse integreeritud salvele(salv kinnitub pealt). V\u00f5imaldab kasutada erineva kujuga akusid. J\u00f5ud 1,6J<\/p>","protected":false},"excerpt":{"rendered":"<p>FN Herstal P90 tan FN HERSTAL poolt litsenseeritud replika. Vaatamata omap\u00e4rasele kujule on antud relv v\u00e4ga mugav ja ergonoomline. Kompaktne ja v\u00f5imeksas t\u00e4nu bullpap s\u00fcsteemile ja kere sisse integreeritud salvele(salv kinnitub pealt). V\u00f5imaldab kasutada erineva kujuga akusid. J\u00f5ud 1,6J<\/p>","protected":false},"featured_media":384,"template":"","meta":[],"product_brand":[],"product_cat":[23],"product_tag":[],"class_list":{"0":"post-383","1":"product","2":"type-product","3":"status-publish","4":"has-post-thumbnail","6":"product_cat-elektrilised-relvad","8":"first","9":"outofstock","10":"taxable","11":"shipping-taxable","12":"purchasable","13":"product-type-simple"},"yoast_head":"<!-- This site is optimized with the Yoast SEO Premium plugin v27.3 (Yoast SEO v27.3) - https:\/\/yoast.com\/product\/yoast-seo-premium-wordpress\/ -->\n<title>FN Herstal P90 tan - Lahingurada e-pood<\/title>\n<meta name=\"description\" content=\"FN Herstal P90 tan FN HERSTAL poolt litsenseeritud replika. Vaatamata omap\u00e4rasele kujule on antud relv v\u00e4ga mugav ja ergonoomline.\" \/>\n<meta name=\"robots\" content=\"index, follow, max-snippet:-1, max-image-preview:large, max-video-preview:-1\" \/>\n<link rel=\"canonical\" href=\"https:\/\/lahingupood.ee\/en\/product\/fn-herstal-p90-tan\/\" \/>\n<meta property=\"og:locale\" content=\"en_GB\" \/>\n<meta property=\"og:type\" content=\"article\" \/>\n<meta property=\"og:title\" content=\"FN Herstal P90 tan\" \/>\n<meta property=\"og:description\" content=\"FN Herstal P90 tan FN HERSTAL poolt litsenseeritud replika. Vaatamata omap\u00e4rasele kujule on antud relv v\u00e4ga mugav ja ergonoomline.\" \/>\n<meta property=\"og:url\" content=\"https:\/\/lahingupood.ee\/en\/product\/fn-herstal-p90-tan\/\" \/>\n<meta property=\"og:site_name\" content=\"Lahingurada e-pood\" \/>\n<meta property=\"article:publisher\" content=\"https:\/\/www.facebook.com\/Lahingurada-629940247212967\" \/>\n<meta property=\"article:modified_time\" content=\"2026-04-12T17:30:05+00:00\" \/>\n<meta property=\"og:image\" content=\"https:\/\/lahingupood.ee\/wp-content\/uploads\/2022\/03\/eng_pl_FN-P90-FDE-Submachine-Gun-Replica-Tan-1152217041_9.jpeg\" \/>\n\t<meta property=\"og:image:width\" content=\"800\" \/>\n\t<meta property=\"og:image:height\" content=\"533\" \/>\n\t<meta property=\"og:image:type\" content=\"image\/jpeg\" \/>\n<meta name=\"twitter:card\" content=\"summary_large_image\" \/>\n<meta name=\"twitter:label1\" content=\"Estimated reading time\" \/>\n\t<meta name=\"twitter:data1\" content=\"1 minute\" \/>\n<script type=\"application\/ld+json\" class=\"yoast-schema-graph\">{\"@context\":\"https:\\\/\\\/schema.org\",\"@graph\":[{\"@type\":\"WebPage\",\"@id\":\"https:\\\/\\\/lahingupood.ee\\\/toode\\\/fn-herstal-p90-tan\\\/\",\"url\":\"https:\\\/\\\/lahingupood.ee\\\/toode\\\/fn-herstal-p90-tan\\\/\",\"name\":\"FN Herstal P90 tan - Lahingurada e-pood\",\"isPartOf\":{\"@id\":\"https:\\\/\\\/lahingupood.ee\\\/#website\"},\"primaryImageOfPage\":{\"@id\":\"https:\\\/\\\/lahingupood.ee\\\/toode\\\/fn-herstal-p90-tan\\\/#primaryimage\"},\"image\":{\"@id\":\"https:\\\/\\\/lahingupood.ee\\\/toode\\\/fn-herstal-p90-tan\\\/#primaryimage\"},\"thumbnailUrl\":\"https:\\\/\\\/lahingupood.ee\\\/wp-content\\\/uploads\\\/2022\\\/03\\\/eng_pl_FN-P90-FDE-Submachine-Gun-Replica-Tan-1152217041_9.jpeg\",\"datePublished\":\"2022-03-28T09:05:20+00:00\",\"dateModified\":\"2026-04-12T17:30:05+00:00\",\"description\":\"FN Herstal P90 tan FN HERSTAL poolt litsenseeritud replika. Vaatamata omap\u00e4rasele kujule on antud relv v\u00e4ga mugav ja ergonoomline.\",\"breadcrumb\":{\"@id\":\"https:\\\/\\\/lahingupood.ee\\\/toode\\\/fn-herstal-p90-tan\\\/#breadcrumb\"},\"inLanguage\":\"en-GB\",\"potentialAction\":[{\"@type\":\"ReadAction\",\"target\":[\"https:\\\/\\\/lahingupood.ee\\\/toode\\\/fn-herstal-p90-tan\\\/\"]}]},{\"@type\":\"ImageObject\",\"inLanguage\":\"en-GB\",\"@id\":\"https:\\\/\\\/lahingupood.ee\\\/toode\\\/fn-herstal-p90-tan\\\/#primaryimage\",\"url\":\"https:\\\/\\\/lahingupood.ee\\\/wp-content\\\/uploads\\\/2022\\\/03\\\/eng_pl_FN-P90-FDE-Submachine-Gun-Replica-Tan-1152217041_9.jpeg\",\"contentUrl\":\"https:\\\/\\\/lahingupood.ee\\\/wp-content\\\/uploads\\\/2022\\\/03\\\/eng_pl_FN-P90-FDE-Submachine-Gun-Replica-Tan-1152217041_9.jpeg\",\"width\":800,\"height\":533,\"caption\":\"fn-herstal-p90-tan\"},{\"@type\":\"BreadcrumbList\",\"@id\":\"https:\\\/\\\/lahingupood.ee\\\/toode\\\/fn-herstal-p90-tan\\\/#breadcrumb\",\"itemListElement\":[{\"@type\":\"ListItem\",\"position\":1,\"name\":\"Home\",\"item\":\"https:\\\/\\\/lahingupood.ee\\\/\"},{\"@type\":\"ListItem\",\"position\":2,\"name\":\"Tooted\",\"item\":\"https:\\\/\\\/lahingupood.ee\\\/tooted\\\/\"},{\"@type\":\"ListItem\",\"position\":3,\"name\":\"FN Herstal P90 tan\"}]},{\"@type\":\"WebSite\",\"@id\":\"https:\\\/\\\/lahingupood.ee\\\/#website\",\"url\":\"https:\\\/\\\/lahingupood.ee\\\/\",\"name\":\"Lahingurada e-pood\",\"description\":\"Airsoft\",\"publisher\":{\"@id\":\"https:\\\/\\\/lahingupood.ee\\\/#organization\"},\"potentialAction\":[{\"@type\":\"SearchAction\",\"target\":{\"@type\":\"EntryPoint\",\"urlTemplate\":\"https:\\\/\\\/lahingupood.ee\\\/?s={search_term_string}\"},\"query-input\":{\"@type\":\"PropertyValueSpecification\",\"valueRequired\":true,\"valueName\":\"search_term_string\"}}],\"inLanguage\":\"en-GB\"},{\"@type\":\"Organization\",\"@id\":\"https:\\\/\\\/lahingupood.ee\\\/#organization\",\"name\":\"Lahingurada\",\"url\":\"https:\\\/\\\/lahingupood.ee\\\/\",\"logo\":{\"@type\":\"ImageObject\",\"inLanguage\":\"en-GB\",\"@id\":\"https:\\\/\\\/lahingupood.ee\\\/#\\\/schema\\\/logo\\\/image\\\/\",\"url\":\"https:\\\/\\\/lahingupood.ee\\\/wp-content\\\/uploads\\\/2022\\\/03\\\/lahingurada-220318.jpg\",\"contentUrl\":\"https:\\\/\\\/lahingupood.ee\\\/wp-content\\\/uploads\\\/2022\\\/03\\\/lahingurada-220318.jpg\",\"width\":800,\"height\":500,\"caption\":\"Lahingurada\"},\"image\":{\"@id\":\"https:\\\/\\\/lahingupood.ee\\\/#\\\/schema\\\/logo\\\/image\\\/\"},\"sameAs\":[\"https:\\\/\\\/www.facebook.com\\\/Lahingurada-629940247212967\"]}]}<\/script>\n<!-- \/ Yoast SEO Premium plugin. -->","yoast_head_json":{"title":"FN Herstal P90 tan - Lahingurada e-pood","description":"FN Herstal P90 tan FN HERSTAL poolt litsenseeritud replika. Vaatamata omap\u00e4rasele kujule on antud relv v\u00e4ga mugav ja ergonoomline.","robots":{"index":"index","follow":"follow","max-snippet":"max-snippet:-1","max-image-preview":"max-image-preview:large","max-video-preview":"max-video-preview:-1"},"canonical":"https:\/\/lahingupood.ee\/en\/product\/fn-herstal-p90-tan\/","og_locale":"en_GB","og_type":"article","og_title":"FN Herstal P90 tan","og_description":"FN Herstal P90 tan FN HERSTAL poolt litsenseeritud replika. Vaatamata omap\u00e4rasele kujule on antud relv v\u00e4ga mugav ja ergonoomline.","og_url":"https:\/\/lahingupood.ee\/en\/product\/fn-herstal-p90-tan\/","og_site_name":"Lahingurada e-pood","article_publisher":"https:\/\/www.facebook.com\/Lahingurada-629940247212967","article_modified_time":"2026-04-12T17:30:05+00:00","og_image":[{"width":800,"height":533,"url":"https:\/\/lahingupood.ee\/wp-content\/uploads\/2022\/03\/eng_pl_FN-P90-FDE-Submachine-Gun-Replica-Tan-1152217041_9.jpeg","type":"image\/jpeg"}],"twitter_card":"summary_large_image","twitter_misc":{"Estimated reading time":"1 minute"},"schema":{"@context":"https:\/\/schema.org","@graph":[{"@type":"WebPage","@id":"https:\/\/lahingupood.ee\/toode\/fn-herstal-p90-tan\/","url":"https:\/\/lahingupood.ee\/toode\/fn-herstal-p90-tan\/","name":"FN Herstal P90 tan - Lahingurada e-pood","isPartOf":{"@id":"https:\/\/lahingupood.ee\/#website"},"primaryImageOfPage":{"@id":"https:\/\/lahingupood.ee\/toode\/fn-herstal-p90-tan\/#primaryimage"},"image":{"@id":"https:\/\/lahingupood.ee\/toode\/fn-herstal-p90-tan\/#primaryimage"},"thumbnailUrl":"https:\/\/lahingupood.ee\/wp-content\/uploads\/2022\/03\/eng_pl_FN-P90-FDE-Submachine-Gun-Replica-Tan-1152217041_9.jpeg","datePublished":"2022-03-28T09:05:20+00:00","dateModified":"2026-04-12T17:30:05+00:00","description":"FN Herstal P90 tan FN HERSTAL poolt litsenseeritud replika. Vaatamata omap\u00e4rasele kujule on antud relv v\u00e4ga mugav ja ergonoomline.","breadcrumb":{"@id":"https:\/\/lahingupood.ee\/toode\/fn-herstal-p90-tan\/#breadcrumb"},"inLanguage":"en-GB","potentialAction":[{"@type":"ReadAction","target":["https:\/\/lahingupood.ee\/toode\/fn-herstal-p90-tan\/"]}]},{"@type":"ImageObject","inLanguage":"en-GB","@id":"https:\/\/lahingupood.ee\/toode\/fn-herstal-p90-tan\/#primaryimage","url":"https:\/\/lahingupood.ee\/wp-content\/uploads\/2022\/03\/eng_pl_FN-P90-FDE-Submachine-Gun-Replica-Tan-1152217041_9.jpeg","contentUrl":"https:\/\/lahingupood.ee\/wp-content\/uploads\/2022\/03\/eng_pl_FN-P90-FDE-Submachine-Gun-Replica-Tan-1152217041_9.jpeg","width":800,"height":533,"caption":"fn-herstal-p90-tan"},{"@type":"BreadcrumbList","@id":"https:\/\/lahingupood.ee\/toode\/fn-herstal-p90-tan\/#breadcrumb","itemListElement":[{"@type":"ListItem","position":1,"name":"Home","item":"https:\/\/lahingupood.ee\/"},{"@type":"ListItem","position":2,"name":"Tooted","item":"https:\/\/lahingupood.ee\/tooted\/"},{"@type":"ListItem","position":3,"name":"FN Herstal P90 tan"}]},{"@type":"WebSite","@id":"https:\/\/lahingupood.ee\/#website","url":"https:\/\/lahingupood.ee\/","name":"Lahingurada e-pood","description":"Airsoft","publisher":{"@id":"https:\/\/lahingupood.ee\/#organization"},"potentialAction":[{"@type":"SearchAction","target":{"@type":"EntryPoint","urlTemplate":"https:\/\/lahingupood.ee\/?s={search_term_string}"},"query-input":{"@type":"PropertyValueSpecification","valueRequired":true,"valueName":"search_term_string"}}],"inLanguage":"en-GB"},{"@type":"Organization","@id":"https:\/\/lahingupood.ee\/#organization","name":"Lahingurada","url":"https:\/\/lahingupood.ee\/","logo":{"@type":"ImageObject","inLanguage":"en-GB","@id":"https:\/\/lahingupood.ee\/#\/schema\/logo\/image\/","url":"https:\/\/lahingupood.ee\/wp-content\/uploads\/2022\/03\/lahingurada-220318.jpg","contentUrl":"https:\/\/lahingupood.ee\/wp-content\/uploads\/2022\/03\/lahingurada-220318.jpg","width":800,"height":500,"caption":"Lahingurada"},"image":{"@id":"https:\/\/lahingupood.ee\/#\/schema\/logo\/image\/"},"sameAs":["https:\/\/www.facebook.com\/Lahingurada-629940247212967"]}]}},"_links":{"self":[{"href":"https:\/\/lahingupood.ee\/en\/wp-json\/wp\/v2\/product\/383","targetHints":{"allow":["GET"]}}],"collection":[{"href":"https:\/\/lahingupood.ee\/en\/wp-json\/wp\/v2\/product"}],"about":[{"href":"https:\/\/lahingupood.ee\/en\/wp-json\/wp\/v2\/types\/product"}],"wp:featuredmedia":[{"embeddable":true,"href":"https:\/\/lahingupood.ee\/en\/wp-json\/wp\/v2\/media\/384"}],"wp:attachment":[{"href":"https:\/\/lahingupood.ee\/en\/wp-json\/wp\/v2\/media?parent=383"}],"wp:term":[{"taxonomy":"product_brand","embeddable":true,"href":"https:\/\/lahingupood.ee\/en\/wp-json\/wp\/v2\/product_brand?post=383"},{"taxonomy":"product_cat","embeddable":true,"href":"https:\/\/lahingupood.ee\/en\/wp-json\/wp\/v2\/product_cat?post=383"},{"taxonomy":"product_tag","embeddable":true,"href":"https:\/\/lahingupood.ee\/en\/wp-json\/wp\/v2\/product_tag?post=383"}],"curies":[{"name":"wp","href":"https:\/\/api.w.org\/{rel}","templated":true}]}}