{"id":3829,"date":"2023-06-14T17:24:14","date_gmt":"2023-06-14T14:24:14","guid":{"rendered":"https:\/\/lahingupood.ee\/?post_type=product&#038;p=3829"},"modified":"2026-04-12T18:30:05","modified_gmt":"2026-04-12T15:30:05","slug":"gp-25-grenade-launcher-replica-for-ak-replicas","status":"publish","type":"product","link":"https:\/\/lahingupood.ee\/en\/product\/gp-25-grenade-launcher-replica-for-ak-replicas\/","title":{"rendered":"GP-25 Grenade Launcher Replica for AK Replicas"},"content":{"rendered":"<p>GP-25 Grenade Launcher Replica for AK Replicas<\/p>\n<p>GP-25 \u00a0on just AK replikatele m\u00f5eldud rauaalune granaadiheitja. Komplektis ka 1 shower t\u00fc\u00fcpi greengas granaat. Saab kasutada ka TAGINN granaate l\u00e4bi spetsiaalse GP25 h\u00fclsi.<\/p>","protected":false},"excerpt":{"rendered":"<p>GP-25 Grenade Launcher Replica for AK Replicas GP-25 \u00a0on just AK replikatele m\u00f5eldud rauaalune granaadiheitja. Komplektis ka 1 shower t\u00fc\u00fcpi greengas granaat. Saab kasutada ka TAGINN granaate l\u00e4bi spetsiaalse GP25 h\u00fclsi.<\/p>","protected":false},"featured_media":3830,"template":"","meta":[],"product_brand":[],"product_cat":[105],"product_tag":[],"class_list":{"0":"post-3829","1":"product","2":"type-product","3":"status-publish","4":"has-post-thumbnail","6":"product_cat-granaadiheitjad","8":"first","9":"instock","10":"taxable","11":"shipping-taxable","12":"purchasable","13":"product-type-simple"},"yoast_head":"<!-- This site is optimized with the Yoast SEO Premium plugin v27.3 (Yoast SEO v27.3) - https:\/\/yoast.com\/product\/yoast-seo-premium-wordpress\/ -->\n<title>GP-25 Grenade Launcher Replica for AK Replicas<\/title>\n<meta name=\"description\" content=\"GP-25 Grenade Launcher Replica for AK Replicas GP-25 \u00a0on just AK replikatele m\u00f5eldud rauaalune granaadiheitja. Komplektis ka 1 shower t\u00fc\u00fcpi greengas\" \/>\n<meta name=\"robots\" content=\"index, follow, max-snippet:-1, max-image-preview:large, max-video-preview:-1\" \/>\n<link rel=\"canonical\" href=\"https:\/\/lahingupood.ee\/en\/product\/gp-25-grenade-launcher-replica-for-ak-replicas\/\" \/>\n<meta property=\"og:locale\" content=\"en_GB\" \/>\n<meta property=\"og:type\" content=\"article\" \/>\n<meta property=\"og:title\" content=\"GP-25 Grenade Launcher Replica for AK Replicas\" \/>\n<meta property=\"og:description\" content=\"GP-25 Grenade Launcher Replica for AK Replicas GP-25 \u00a0on just AK replikatele m\u00f5eldud rauaalune granaadiheitja. Komplektis ka 1 shower t\u00fc\u00fcpi greengas\" \/>\n<meta property=\"og:url\" content=\"https:\/\/lahingupood.ee\/en\/product\/gp-25-grenade-launcher-replica-for-ak-replicas\/\" \/>\n<meta property=\"og:site_name\" content=\"Lahingurada e-pood\" \/>\n<meta property=\"article:publisher\" content=\"https:\/\/www.facebook.com\/Lahingurada-629940247212967\" \/>\n<meta property=\"article:modified_time\" content=\"2026-04-12T15:30:05+00:00\" \/>\n<meta property=\"og:image\" content=\"https:\/\/lahingupood.ee\/wp-content\/uploads\/2023\/06\/1152225453_2.webp\" \/>\n\t<meta property=\"og:image:width\" content=\"1920\" \/>\n\t<meta property=\"og:image:height\" content=\"1280\" \/>\n\t<meta property=\"og:image:type\" content=\"image\/webp\" \/>\n<meta name=\"twitter:card\" content=\"summary_large_image\" \/>\n<meta name=\"twitter:label1\" content=\"Estimated reading time\" \/>\n\t<meta name=\"twitter:data1\" content=\"1 minute\" \/>\n<script type=\"application\/ld+json\" class=\"yoast-schema-graph\">{\"@context\":\"https:\\\/\\\/schema.org\",\"@graph\":[{\"@type\":\"WebPage\",\"@id\":\"https:\\\/\\\/lahingupood.ee\\\/toode\\\/gp-25-grenade-launcher-replica-for-ak-replicas\\\/\",\"url\":\"https:\\\/\\\/lahingupood.ee\\\/toode\\\/gp-25-grenade-launcher-replica-for-ak-replicas\\\/\",\"name\":\"GP-25 Grenade Launcher Replica for AK Replicas\",\"isPartOf\":{\"@id\":\"https:\\\/\\\/lahingupood.ee\\\/#website\"},\"primaryImageOfPage\":{\"@id\":\"https:\\\/\\\/lahingupood.ee\\\/toode\\\/gp-25-grenade-launcher-replica-for-ak-replicas\\\/#primaryimage\"},\"image\":{\"@id\":\"https:\\\/\\\/lahingupood.ee\\\/toode\\\/gp-25-grenade-launcher-replica-for-ak-replicas\\\/#primaryimage\"},\"thumbnailUrl\":\"https:\\\/\\\/lahingupood.ee\\\/wp-content\\\/uploads\\\/2023\\\/06\\\/1152225453_2.webp\",\"datePublished\":\"2023-06-14T14:24:14+00:00\",\"dateModified\":\"2026-04-12T15:30:05+00:00\",\"description\":\"GP-25 Grenade Launcher Replica for AK Replicas GP-25 \u00a0on just AK replikatele m\u00f5eldud rauaalune granaadiheitja. Komplektis ka 1 shower t\u00fc\u00fcpi greengas\",\"breadcrumb\":{\"@id\":\"https:\\\/\\\/lahingupood.ee\\\/toode\\\/gp-25-grenade-launcher-replica-for-ak-replicas\\\/#breadcrumb\"},\"inLanguage\":\"en-GB\",\"potentialAction\":[{\"@type\":\"ReadAction\",\"target\":[\"https:\\\/\\\/lahingupood.ee\\\/toode\\\/gp-25-grenade-launcher-replica-for-ak-replicas\\\/\"]}]},{\"@type\":\"ImageObject\",\"inLanguage\":\"en-GB\",\"@id\":\"https:\\\/\\\/lahingupood.ee\\\/toode\\\/gp-25-grenade-launcher-replica-for-ak-replicas\\\/#primaryimage\",\"url\":\"https:\\\/\\\/lahingupood.ee\\\/wp-content\\\/uploads\\\/2023\\\/06\\\/1152225453_2.webp\",\"contentUrl\":\"https:\\\/\\\/lahingupood.ee\\\/wp-content\\\/uploads\\\/2023\\\/06\\\/1152225453_2.webp\",\"width\":1920,\"height\":1280,\"caption\":\"gp-25-grenade-launcher-replica-for-ak-replicas\"},{\"@type\":\"BreadcrumbList\",\"@id\":\"https:\\\/\\\/lahingupood.ee\\\/toode\\\/gp-25-grenade-launcher-replica-for-ak-replicas\\\/#breadcrumb\",\"itemListElement\":[{\"@type\":\"ListItem\",\"position\":1,\"name\":\"Home\",\"item\":\"https:\\\/\\\/lahingupood.ee\\\/\"},{\"@type\":\"ListItem\",\"position\":2,\"name\":\"Tooted\",\"item\":\"https:\\\/\\\/lahingupood.ee\\\/tooted\\\/\"},{\"@type\":\"ListItem\",\"position\":3,\"name\":\"GP-25 Grenade Launcher Replica for AK Replicas\"}]},{\"@type\":\"WebSite\",\"@id\":\"https:\\\/\\\/lahingupood.ee\\\/#website\",\"url\":\"https:\\\/\\\/lahingupood.ee\\\/\",\"name\":\"Lahingurada e-pood\",\"description\":\"Airsoft\",\"publisher\":{\"@id\":\"https:\\\/\\\/lahingupood.ee\\\/#organization\"},\"potentialAction\":[{\"@type\":\"SearchAction\",\"target\":{\"@type\":\"EntryPoint\",\"urlTemplate\":\"https:\\\/\\\/lahingupood.ee\\\/?s={search_term_string}\"},\"query-input\":{\"@type\":\"PropertyValueSpecification\",\"valueRequired\":true,\"valueName\":\"search_term_string\"}}],\"inLanguage\":\"en-GB\"},{\"@type\":\"Organization\",\"@id\":\"https:\\\/\\\/lahingupood.ee\\\/#organization\",\"name\":\"Lahingurada\",\"url\":\"https:\\\/\\\/lahingupood.ee\\\/\",\"logo\":{\"@type\":\"ImageObject\",\"inLanguage\":\"en-GB\",\"@id\":\"https:\\\/\\\/lahingupood.ee\\\/#\\\/schema\\\/logo\\\/image\\\/\",\"url\":\"https:\\\/\\\/lahingupood.ee\\\/wp-content\\\/uploads\\\/2022\\\/03\\\/lahingurada-220318.jpg\",\"contentUrl\":\"https:\\\/\\\/lahingupood.ee\\\/wp-content\\\/uploads\\\/2022\\\/03\\\/lahingurada-220318.jpg\",\"width\":800,\"height\":500,\"caption\":\"Lahingurada\"},\"image\":{\"@id\":\"https:\\\/\\\/lahingupood.ee\\\/#\\\/schema\\\/logo\\\/image\\\/\"},\"sameAs\":[\"https:\\\/\\\/www.facebook.com\\\/Lahingurada-629940247212967\"]}]}<\/script>\n<!-- \/ Yoast SEO Premium plugin. -->","yoast_head_json":{"title":"GP-25 Grenade Launcher Replica for AK Replicas","description":"GP-25 Grenade Launcher Replica for AK Replicas GP-25 \u00a0on just AK replikatele m\u00f5eldud rauaalune granaadiheitja. Komplektis ka 1 shower t\u00fc\u00fcpi greengas","robots":{"index":"index","follow":"follow","max-snippet":"max-snippet:-1","max-image-preview":"max-image-preview:large","max-video-preview":"max-video-preview:-1"},"canonical":"https:\/\/lahingupood.ee\/en\/product\/gp-25-grenade-launcher-replica-for-ak-replicas\/","og_locale":"en_GB","og_type":"article","og_title":"GP-25 Grenade Launcher Replica for AK Replicas","og_description":"GP-25 Grenade Launcher Replica for AK Replicas GP-25 \u00a0on just AK replikatele m\u00f5eldud rauaalune granaadiheitja. Komplektis ka 1 shower t\u00fc\u00fcpi greengas","og_url":"https:\/\/lahingupood.ee\/en\/product\/gp-25-grenade-launcher-replica-for-ak-replicas\/","og_site_name":"Lahingurada e-pood","article_publisher":"https:\/\/www.facebook.com\/Lahingurada-629940247212967","article_modified_time":"2026-04-12T15:30:05+00:00","og_image":[{"width":1920,"height":1280,"url":"https:\/\/lahingupood.ee\/wp-content\/uploads\/2023\/06\/1152225453_2.webp","type":"image\/webp"}],"twitter_card":"summary_large_image","twitter_misc":{"Estimated reading time":"1 minute"},"schema":{"@context":"https:\/\/schema.org","@graph":[{"@type":"WebPage","@id":"https:\/\/lahingupood.ee\/toode\/gp-25-grenade-launcher-replica-for-ak-replicas\/","url":"https:\/\/lahingupood.ee\/toode\/gp-25-grenade-launcher-replica-for-ak-replicas\/","name":"GP-25 Grenade Launcher Replica for AK Replicas","isPartOf":{"@id":"https:\/\/lahingupood.ee\/#website"},"primaryImageOfPage":{"@id":"https:\/\/lahingupood.ee\/toode\/gp-25-grenade-launcher-replica-for-ak-replicas\/#primaryimage"},"image":{"@id":"https:\/\/lahingupood.ee\/toode\/gp-25-grenade-launcher-replica-for-ak-replicas\/#primaryimage"},"thumbnailUrl":"https:\/\/lahingupood.ee\/wp-content\/uploads\/2023\/06\/1152225453_2.webp","datePublished":"2023-06-14T14:24:14+00:00","dateModified":"2026-04-12T15:30:05+00:00","description":"GP-25 Grenade Launcher Replica for AK Replicas GP-25 \u00a0on just AK replikatele m\u00f5eldud rauaalune granaadiheitja. Komplektis ka 1 shower t\u00fc\u00fcpi greengas","breadcrumb":{"@id":"https:\/\/lahingupood.ee\/toode\/gp-25-grenade-launcher-replica-for-ak-replicas\/#breadcrumb"},"inLanguage":"en-GB","potentialAction":[{"@type":"ReadAction","target":["https:\/\/lahingupood.ee\/toode\/gp-25-grenade-launcher-replica-for-ak-replicas\/"]}]},{"@type":"ImageObject","inLanguage":"en-GB","@id":"https:\/\/lahingupood.ee\/toode\/gp-25-grenade-launcher-replica-for-ak-replicas\/#primaryimage","url":"https:\/\/lahingupood.ee\/wp-content\/uploads\/2023\/06\/1152225453_2.webp","contentUrl":"https:\/\/lahingupood.ee\/wp-content\/uploads\/2023\/06\/1152225453_2.webp","width":1920,"height":1280,"caption":"gp-25-grenade-launcher-replica-for-ak-replicas"},{"@type":"BreadcrumbList","@id":"https:\/\/lahingupood.ee\/toode\/gp-25-grenade-launcher-replica-for-ak-replicas\/#breadcrumb","itemListElement":[{"@type":"ListItem","position":1,"name":"Home","item":"https:\/\/lahingupood.ee\/"},{"@type":"ListItem","position":2,"name":"Tooted","item":"https:\/\/lahingupood.ee\/tooted\/"},{"@type":"ListItem","position":3,"name":"GP-25 Grenade Launcher Replica for AK Replicas"}]},{"@type":"WebSite","@id":"https:\/\/lahingupood.ee\/#website","url":"https:\/\/lahingupood.ee\/","name":"Lahingurada e-pood","description":"Airsoft","publisher":{"@id":"https:\/\/lahingupood.ee\/#organization"},"potentialAction":[{"@type":"SearchAction","target":{"@type":"EntryPoint","urlTemplate":"https:\/\/lahingupood.ee\/?s={search_term_string}"},"query-input":{"@type":"PropertyValueSpecification","valueRequired":true,"valueName":"search_term_string"}}],"inLanguage":"en-GB"},{"@type":"Organization","@id":"https:\/\/lahingupood.ee\/#organization","name":"Lahingurada","url":"https:\/\/lahingupood.ee\/","logo":{"@type":"ImageObject","inLanguage":"en-GB","@id":"https:\/\/lahingupood.ee\/#\/schema\/logo\/image\/","url":"https:\/\/lahingupood.ee\/wp-content\/uploads\/2022\/03\/lahingurada-220318.jpg","contentUrl":"https:\/\/lahingupood.ee\/wp-content\/uploads\/2022\/03\/lahingurada-220318.jpg","width":800,"height":500,"caption":"Lahingurada"},"image":{"@id":"https:\/\/lahingupood.ee\/#\/schema\/logo\/image\/"},"sameAs":["https:\/\/www.facebook.com\/Lahingurada-629940247212967"]}]}},"_links":{"self":[{"href":"https:\/\/lahingupood.ee\/en\/wp-json\/wp\/v2\/product\/3829","targetHints":{"allow":["GET"]}}],"collection":[{"href":"https:\/\/lahingupood.ee\/en\/wp-json\/wp\/v2\/product"}],"about":[{"href":"https:\/\/lahingupood.ee\/en\/wp-json\/wp\/v2\/types\/product"}],"wp:featuredmedia":[{"embeddable":true,"href":"https:\/\/lahingupood.ee\/en\/wp-json\/wp\/v2\/media\/3830"}],"wp:attachment":[{"href":"https:\/\/lahingupood.ee\/en\/wp-json\/wp\/v2\/media?parent=3829"}],"wp:term":[{"taxonomy":"product_brand","embeddable":true,"href":"https:\/\/lahingupood.ee\/en\/wp-json\/wp\/v2\/product_brand?post=3829"},{"taxonomy":"product_cat","embeddable":true,"href":"https:\/\/lahingupood.ee\/en\/wp-json\/wp\/v2\/product_cat?post=3829"},{"taxonomy":"product_tag","embeddable":true,"href":"https:\/\/lahingupood.ee\/en\/wp-json\/wp\/v2\/product_tag?post=3829"}],"curies":[{"name":"wp","href":"https:\/\/api.w.org\/{rel}","templated":true}]}}