{"id":379,"date":"2022-03-25T16:01:24","date_gmt":"2022-03-25T14:01:24","guid":{"rendered":"https:\/\/lahingupood.ee\/?post_type=product&#038;p=379"},"modified":"2026-04-12T20:30:06","modified_gmt":"2026-04-12T17:30:06","slug":"fn-minimi-m249-para","status":"publish","type":"product","link":"https:\/\/lahingupood.ee\/en\/product\/fn-minimi-m249-para\/","title":{"rendered":"FN MINIMI M249 PARA Airsoft replika"},"content":{"rendered":"<p>FN MINIMI M249 PARA Airsoft replika<\/p>\n<p><a href=\"https:\/\/www.youtube.com\/watch?v=WJeuHxNq-aE\">FN HERSTAL poolt litsenseeritud M249 kuulipilduja. Replika on valmistatud vastupidavast pol\u00fcmeerist, mis teeb selle oluliselt kergemaks, metallkerega analoogidest. Kokkupandav kaba v\u00f5imaldab teha relva v\u00e4ga kompaktseks. Erinevalt A&amp;K poolt toodetud mudelitest on antud relvas kasutatud Gearbox 2, seega on ta kergesti remonditav ja tuunitav. Samas on sellel v\u00f5imalik kasutada A&amp;K poolt toodetud kuulikaste. V\u00f5ib kasutada nii moonakasti kui ka \u00a0tavalist M4 t\u00fc\u00fcpi salve. Komplektis on kuulipilduja, Nimh Aku, akulaadija ja \u00fcks M4 hicap salv.<\/a><\/p>\n<p><a href=\"https:\/\/lahingupood.ee\/en\/product\/m249-ammobox-1500bb\/\">Seotud tooted<\/a><\/p>","protected":false},"excerpt":{"rendered":"<p>FN HERSTAL poolt litsenseeritud M249 kuulipilduja.<\/p>","protected":false},"featured_media":380,"template":"","meta":[],"product_brand":[],"product_cat":[23],"product_tag":[],"class_list":{"0":"post-379","1":"product","2":"type-product","3":"status-publish","4":"has-post-thumbnail","6":"product_cat-elektrilised-relvad","8":"first","9":"outofstock","10":"taxable","11":"shipping-taxable","12":"purchasable","13":"product-type-simple"},"yoast_head":"<!-- This site is optimized with the Yoast SEO Premium plugin v27.3 (Yoast SEO v27.3) - https:\/\/yoast.com\/product\/yoast-seo-premium-wordpress\/ -->\n<title>FN MINIMI M249 PARA Airsoft replika<\/title>\n<meta name=\"description\" content=\"FN MINIMI M249 PARA Airsoft replika. FN HERSTAL poolt litsenseeritud M249 kuulipilduja. Lahingurada e-pood\" \/>\n<meta name=\"robots\" content=\"index, follow, max-snippet:-1, max-image-preview:large, max-video-preview:-1\" \/>\n<link rel=\"canonical\" href=\"https:\/\/lahingupood.ee\/en\/product\/fn-minimi-m249-para\/\" \/>\n<meta property=\"og:locale\" content=\"en_GB\" \/>\n<meta property=\"og:type\" content=\"article\" \/>\n<meta property=\"og:title\" content=\"FN MINIMI M249 PARA Airsoft replika\" \/>\n<meta property=\"og:description\" content=\"FN MINIMI M249 PARA Airsoft replika. FN HERSTAL poolt litsenseeritud M249 kuulipilduja. Lahingurada e-pood\" \/>\n<meta property=\"og:url\" content=\"https:\/\/lahingupood.ee\/en\/product\/fn-minimi-m249-para\/\" \/>\n<meta property=\"og:site_name\" content=\"Lahingurada e-pood\" \/>\n<meta property=\"article:publisher\" content=\"https:\/\/www.facebook.com\/Lahingurada-629940247212967\" \/>\n<meta property=\"article:modified_time\" content=\"2026-04-12T17:30:06+00:00\" \/>\n<meta property=\"og:image\" content=\"https:\/\/lahingupood.ee\/wp-content\/uploads\/2022\/03\/4216.png\" \/>\n\t<meta property=\"og:image:width\" content=\"800\" \/>\n\t<meta property=\"og:image:height\" content=\"600\" \/>\n\t<meta property=\"og:image:type\" content=\"image\/png\" \/>\n<meta name=\"twitter:card\" content=\"summary_large_image\" \/>\n<meta name=\"twitter:label1\" content=\"Estimated reading time\" \/>\n\t<meta name=\"twitter:data1\" content=\"1 minute\" \/>\n<script type=\"application\/ld+json\" class=\"yoast-schema-graph\">{\"@context\":\"https:\\\/\\\/schema.org\",\"@graph\":[{\"@type\":\"WebPage\",\"@id\":\"https:\\\/\\\/lahingupood.ee\\\/toode\\\/fn-minimi-m249-para\\\/\",\"url\":\"https:\\\/\\\/lahingupood.ee\\\/toode\\\/fn-minimi-m249-para\\\/\",\"name\":\"FN MINIMI M249 PARA Airsoft replika\",\"isPartOf\":{\"@id\":\"https:\\\/\\\/lahingupood.ee\\\/#website\"},\"primaryImageOfPage\":{\"@id\":\"https:\\\/\\\/lahingupood.ee\\\/toode\\\/fn-minimi-m249-para\\\/#primaryimage\"},\"image\":{\"@id\":\"https:\\\/\\\/lahingupood.ee\\\/toode\\\/fn-minimi-m249-para\\\/#primaryimage\"},\"thumbnailUrl\":\"https:\\\/\\\/lahingupood.ee\\\/wp-content\\\/uploads\\\/2022\\\/03\\\/4216.png\",\"datePublished\":\"2022-03-25T14:01:24+00:00\",\"dateModified\":\"2026-04-12T17:30:06+00:00\",\"description\":\"FN MINIMI M249 PARA Airsoft replika. FN HERSTAL poolt litsenseeritud M249 kuulipilduja. Lahingurada e-pood\",\"breadcrumb\":{\"@id\":\"https:\\\/\\\/lahingupood.ee\\\/toode\\\/fn-minimi-m249-para\\\/#breadcrumb\"},\"inLanguage\":\"en-GB\",\"potentialAction\":[{\"@type\":\"ReadAction\",\"target\":[\"https:\\\/\\\/lahingupood.ee\\\/toode\\\/fn-minimi-m249-para\\\/\"]}]},{\"@type\":\"ImageObject\",\"inLanguage\":\"en-GB\",\"@id\":\"https:\\\/\\\/lahingupood.ee\\\/toode\\\/fn-minimi-m249-para\\\/#primaryimage\",\"url\":\"https:\\\/\\\/lahingupood.ee\\\/wp-content\\\/uploads\\\/2022\\\/03\\\/4216.png\",\"contentUrl\":\"https:\\\/\\\/lahingupood.ee\\\/wp-content\\\/uploads\\\/2022\\\/03\\\/4216.png\",\"width\":800,\"height\":600,\"caption\":\"FN-MINIMI-M249-PARA-Airsoft-replika\"},{\"@type\":\"BreadcrumbList\",\"@id\":\"https:\\\/\\\/lahingupood.ee\\\/toode\\\/fn-minimi-m249-para\\\/#breadcrumb\",\"itemListElement\":[{\"@type\":\"ListItem\",\"position\":1,\"name\":\"Home\",\"item\":\"https:\\\/\\\/lahingupood.ee\\\/\"},{\"@type\":\"ListItem\",\"position\":2,\"name\":\"Tooted\",\"item\":\"https:\\\/\\\/lahingupood.ee\\\/tooted\\\/\"},{\"@type\":\"ListItem\",\"position\":3,\"name\":\"FN MINIMI M249 PARA Airsoft replika\"}]},{\"@type\":\"WebSite\",\"@id\":\"https:\\\/\\\/lahingupood.ee\\\/#website\",\"url\":\"https:\\\/\\\/lahingupood.ee\\\/\",\"name\":\"Lahingurada e-pood\",\"description\":\"Airsoft\",\"publisher\":{\"@id\":\"https:\\\/\\\/lahingupood.ee\\\/#organization\"},\"potentialAction\":[{\"@type\":\"SearchAction\",\"target\":{\"@type\":\"EntryPoint\",\"urlTemplate\":\"https:\\\/\\\/lahingupood.ee\\\/?s={search_term_string}\"},\"query-input\":{\"@type\":\"PropertyValueSpecification\",\"valueRequired\":true,\"valueName\":\"search_term_string\"}}],\"inLanguage\":\"en-GB\"},{\"@type\":\"Organization\",\"@id\":\"https:\\\/\\\/lahingupood.ee\\\/#organization\",\"name\":\"Lahingurada\",\"url\":\"https:\\\/\\\/lahingupood.ee\\\/\",\"logo\":{\"@type\":\"ImageObject\",\"inLanguage\":\"en-GB\",\"@id\":\"https:\\\/\\\/lahingupood.ee\\\/#\\\/schema\\\/logo\\\/image\\\/\",\"url\":\"https:\\\/\\\/lahingupood.ee\\\/wp-content\\\/uploads\\\/2022\\\/03\\\/lahingurada-220318.jpg\",\"contentUrl\":\"https:\\\/\\\/lahingupood.ee\\\/wp-content\\\/uploads\\\/2022\\\/03\\\/lahingurada-220318.jpg\",\"width\":800,\"height\":500,\"caption\":\"Lahingurada\"},\"image\":{\"@id\":\"https:\\\/\\\/lahingupood.ee\\\/#\\\/schema\\\/logo\\\/image\\\/\"},\"sameAs\":[\"https:\\\/\\\/www.facebook.com\\\/Lahingurada-629940247212967\"]}]}<\/script>\n<!-- \/ Yoast SEO Premium plugin. -->","yoast_head_json":{"title":"FN MINIMI M249 PARA Airsoft replika","description":"FN MINIMI M249 PARA Airsoft replika. FN HERSTAL poolt litsenseeritud M249 kuulipilduja. Lahingurada e-pood","robots":{"index":"index","follow":"follow","max-snippet":"max-snippet:-1","max-image-preview":"max-image-preview:large","max-video-preview":"max-video-preview:-1"},"canonical":"https:\/\/lahingupood.ee\/en\/product\/fn-minimi-m249-para\/","og_locale":"en_GB","og_type":"article","og_title":"FN MINIMI M249 PARA Airsoft replika","og_description":"FN MINIMI M249 PARA Airsoft replika. FN HERSTAL poolt litsenseeritud M249 kuulipilduja. Lahingurada e-pood","og_url":"https:\/\/lahingupood.ee\/en\/product\/fn-minimi-m249-para\/","og_site_name":"Lahingurada e-pood","article_publisher":"https:\/\/www.facebook.com\/Lahingurada-629940247212967","article_modified_time":"2026-04-12T17:30:06+00:00","og_image":[{"width":800,"height":600,"url":"https:\/\/lahingupood.ee\/wp-content\/uploads\/2022\/03\/4216.png","type":"image\/png"}],"twitter_card":"summary_large_image","twitter_misc":{"Estimated reading time":"1 minute"},"schema":{"@context":"https:\/\/schema.org","@graph":[{"@type":"WebPage","@id":"https:\/\/lahingupood.ee\/toode\/fn-minimi-m249-para\/","url":"https:\/\/lahingupood.ee\/toode\/fn-minimi-m249-para\/","name":"FN MINIMI M249 PARA Airsoft replika","isPartOf":{"@id":"https:\/\/lahingupood.ee\/#website"},"primaryImageOfPage":{"@id":"https:\/\/lahingupood.ee\/toode\/fn-minimi-m249-para\/#primaryimage"},"image":{"@id":"https:\/\/lahingupood.ee\/toode\/fn-minimi-m249-para\/#primaryimage"},"thumbnailUrl":"https:\/\/lahingupood.ee\/wp-content\/uploads\/2022\/03\/4216.png","datePublished":"2022-03-25T14:01:24+00:00","dateModified":"2026-04-12T17:30:06+00:00","description":"FN MINIMI M249 PARA Airsoft replika. FN HERSTAL poolt litsenseeritud M249 kuulipilduja. Lahingurada e-pood","breadcrumb":{"@id":"https:\/\/lahingupood.ee\/toode\/fn-minimi-m249-para\/#breadcrumb"},"inLanguage":"en-GB","potentialAction":[{"@type":"ReadAction","target":["https:\/\/lahingupood.ee\/toode\/fn-minimi-m249-para\/"]}]},{"@type":"ImageObject","inLanguage":"en-GB","@id":"https:\/\/lahingupood.ee\/toode\/fn-minimi-m249-para\/#primaryimage","url":"https:\/\/lahingupood.ee\/wp-content\/uploads\/2022\/03\/4216.png","contentUrl":"https:\/\/lahingupood.ee\/wp-content\/uploads\/2022\/03\/4216.png","width":800,"height":600,"caption":"FN-MINIMI-M249-PARA-Airsoft-replika"},{"@type":"BreadcrumbList","@id":"https:\/\/lahingupood.ee\/toode\/fn-minimi-m249-para\/#breadcrumb","itemListElement":[{"@type":"ListItem","position":1,"name":"Home","item":"https:\/\/lahingupood.ee\/"},{"@type":"ListItem","position":2,"name":"Tooted","item":"https:\/\/lahingupood.ee\/tooted\/"},{"@type":"ListItem","position":3,"name":"FN MINIMI M249 PARA Airsoft replika"}]},{"@type":"WebSite","@id":"https:\/\/lahingupood.ee\/#website","url":"https:\/\/lahingupood.ee\/","name":"Lahingurada e-pood","description":"Airsoft","publisher":{"@id":"https:\/\/lahingupood.ee\/#organization"},"potentialAction":[{"@type":"SearchAction","target":{"@type":"EntryPoint","urlTemplate":"https:\/\/lahingupood.ee\/?s={search_term_string}"},"query-input":{"@type":"PropertyValueSpecification","valueRequired":true,"valueName":"search_term_string"}}],"inLanguage":"en-GB"},{"@type":"Organization","@id":"https:\/\/lahingupood.ee\/#organization","name":"Lahingurada","url":"https:\/\/lahingupood.ee\/","logo":{"@type":"ImageObject","inLanguage":"en-GB","@id":"https:\/\/lahingupood.ee\/#\/schema\/logo\/image\/","url":"https:\/\/lahingupood.ee\/wp-content\/uploads\/2022\/03\/lahingurada-220318.jpg","contentUrl":"https:\/\/lahingupood.ee\/wp-content\/uploads\/2022\/03\/lahingurada-220318.jpg","width":800,"height":500,"caption":"Lahingurada"},"image":{"@id":"https:\/\/lahingupood.ee\/#\/schema\/logo\/image\/"},"sameAs":["https:\/\/www.facebook.com\/Lahingurada-629940247212967"]}]}},"_links":{"self":[{"href":"https:\/\/lahingupood.ee\/en\/wp-json\/wp\/v2\/product\/379","targetHints":{"allow":["GET"]}}],"collection":[{"href":"https:\/\/lahingupood.ee\/en\/wp-json\/wp\/v2\/product"}],"about":[{"href":"https:\/\/lahingupood.ee\/en\/wp-json\/wp\/v2\/types\/product"}],"wp:featuredmedia":[{"embeddable":true,"href":"https:\/\/lahingupood.ee\/en\/wp-json\/wp\/v2\/media\/380"}],"wp:attachment":[{"href":"https:\/\/lahingupood.ee\/en\/wp-json\/wp\/v2\/media?parent=379"}],"wp:term":[{"taxonomy":"product_brand","embeddable":true,"href":"https:\/\/lahingupood.ee\/en\/wp-json\/wp\/v2\/product_brand?post=379"},{"taxonomy":"product_cat","embeddable":true,"href":"https:\/\/lahingupood.ee\/en\/wp-json\/wp\/v2\/product_cat?post=379"},{"taxonomy":"product_tag","embeddable":true,"href":"https:\/\/lahingupood.ee\/en\/wp-json\/wp\/v2\/product_tag?post=379"}],"curies":[{"name":"wp","href":"https:\/\/api.w.org\/{rel}","templated":true}]}}