{"id":377,"date":"2022-03-25T15:33:06","date_gmt":"2022-03-25T13:33:06","guid":{"rendered":"https:\/\/lahingupood.ee\/?post_type=product&#038;p=377"},"modified":"2026-04-12T20:30:07","modified_gmt":"2026-04-12T17:30:07","slug":"colt-m4-special-force-mini","status":"publish","type":"product","link":"https:\/\/lahingupood.ee\/en\/product\/colt-m4-special-force-mini\/","title":{"rendered":"COLT M4 Special Force MINI Airsoft Replica"},"content":{"rendered":"<p>COLT M4 Special Force MINI Airsoft Replica<\/p>\n<p>COLTi poolt litsenseeritud koopia. Replikal on k\u00f5ik markeeringud mis tulirelval. Uue p\u00f5lvkonna replikad on saanud terve rea t\u00e4iendusi. Replika \u00fclemine ja alumine receiver on valmistatud vastupidavast pol\u00fcmeerist, Laes\u00e4\u00e4r tugevast alumiiniumsulamist. Selline konstruktsoon teeb replika tugevaks kuid palju kergemaks metallkerega analoogidest. Hea mahutavausega kaba v\u00f5imaldab pea igasuguse kujuga akude kasutamist. Rootort\u00fc\u00fcpi hopup kamber tagab hopupi \u00fclit\u00e4pse seadistuse, mis j\u00e4\u00e4b ka p\u00fcsima. Hea valik n\u00f5udlikumale kuid s\u00e4\u00e4stlikule kasutajale.<\/p>","protected":false},"excerpt":{"rendered":"<p>COLTi poolt litsenseeritud koopia. Replikal on k\u00f5ik markeeringud nagu tulirelval.<\/p>","protected":false},"featured_media":378,"template":"","meta":[],"product_brand":[],"product_cat":[23,77],"product_tag":[],"class_list":{"0":"post-377","1":"product","2":"type-product","3":"status-publish","4":"has-post-thumbnail","6":"product_cat-elektrilised-relvad","7":"product_cat-sooduspakkumised","9":"first","10":"outofstock","11":"sale","12":"taxable","13":"shipping-taxable","14":"purchasable","15":"product-type-simple"},"yoast_head":"<!-- This site is optimized with the Yoast SEO Premium plugin v27.3 (Yoast SEO v27.3) - https:\/\/yoast.com\/product\/yoast-seo-premium-wordpress\/ -->\n<title>COLT M4 Special Force MINI Airsoft Replica - Lahingurada e-pood<\/title>\n<meta name=\"description\" content=\"COLT M4 Special Force MINI Airsoft Replica. COLTi poolt litsenseeritud koopia. Replikal on k\u00f5ik markeeringud mis tulirelval.\" \/>\n<meta name=\"robots\" content=\"index, follow, max-snippet:-1, max-image-preview:large, max-video-preview:-1\" \/>\n<link rel=\"canonical\" href=\"https:\/\/lahingupood.ee\/en\/product\/colt-m4-special-force-mini\/\" \/>\n<meta property=\"og:locale\" content=\"en_GB\" \/>\n<meta property=\"og:type\" content=\"article\" \/>\n<meta property=\"og:title\" content=\"COLT M4 Special Force MINI Airsoft Replica\" \/>\n<meta property=\"og:description\" content=\"COLT M4 Special Force MINI Airsoft Replica. COLTi poolt litsenseeritud koopia. Replikal on k\u00f5ik markeeringud mis tulirelval.\" \/>\n<meta property=\"og:url\" content=\"https:\/\/lahingupood.ee\/en\/product\/colt-m4-special-force-mini\/\" \/>\n<meta property=\"og:site_name\" content=\"Lahingurada e-pood\" \/>\n<meta property=\"article:publisher\" content=\"https:\/\/www.facebook.com\/Lahingurada-629940247212967\" \/>\n<meta property=\"article:modified_time\" content=\"2026-04-12T17:30:07+00:00\" \/>\n<meta property=\"og:image\" content=\"https:\/\/lahingupood.ee\/wp-content\/uploads\/2022\/03\/colt-m4-special-force-mini-black-180862-cybergun-nylon-cqb.jpeg\" \/>\n\t<meta property=\"og:image:width\" content=\"550\" \/>\n\t<meta property=\"og:image:height\" content=\"550\" \/>\n\t<meta property=\"og:image:type\" content=\"image\/jpeg\" \/>\n<meta name=\"twitter:card\" content=\"summary_large_image\" \/>\n<meta name=\"twitter:label1\" content=\"Estimated reading time\" \/>\n\t<meta name=\"twitter:data1\" content=\"1 minute\" \/>\n<script type=\"application\/ld+json\" class=\"yoast-schema-graph\">{\"@context\":\"https:\\\/\\\/schema.org\",\"@graph\":[{\"@type\":\"WebPage\",\"@id\":\"https:\\\/\\\/lahingupood.ee\\\/toode\\\/colt-m4-special-force-mini\\\/\",\"url\":\"https:\\\/\\\/lahingupood.ee\\\/toode\\\/colt-m4-special-force-mini\\\/\",\"name\":\"COLT M4 Special Force MINI Airsoft Replica - Lahingurada e-pood\",\"isPartOf\":{\"@id\":\"https:\\\/\\\/lahingupood.ee\\\/#website\"},\"primaryImageOfPage\":{\"@id\":\"https:\\\/\\\/lahingupood.ee\\\/toode\\\/colt-m4-special-force-mini\\\/#primaryimage\"},\"image\":{\"@id\":\"https:\\\/\\\/lahingupood.ee\\\/toode\\\/colt-m4-special-force-mini\\\/#primaryimage\"},\"thumbnailUrl\":\"https:\\\/\\\/lahingupood.ee\\\/wp-content\\\/uploads\\\/2022\\\/03\\\/colt-m4-special-force-mini-black-180862-cybergun-nylon-cqb.jpeg\",\"datePublished\":\"2022-03-25T13:33:06+00:00\",\"dateModified\":\"2026-04-12T17:30:07+00:00\",\"description\":\"COLT M4 Special Force MINI Airsoft Replica. COLTi poolt litsenseeritud koopia. Replikal on k\u00f5ik markeeringud mis tulirelval.\",\"breadcrumb\":{\"@id\":\"https:\\\/\\\/lahingupood.ee\\\/toode\\\/colt-m4-special-force-mini\\\/#breadcrumb\"},\"inLanguage\":\"en-GB\",\"potentialAction\":[{\"@type\":\"ReadAction\",\"target\":[\"https:\\\/\\\/lahingupood.ee\\\/toode\\\/colt-m4-special-force-mini\\\/\"]}]},{\"@type\":\"ImageObject\",\"inLanguage\":\"en-GB\",\"@id\":\"https:\\\/\\\/lahingupood.ee\\\/toode\\\/colt-m4-special-force-mini\\\/#primaryimage\",\"url\":\"https:\\\/\\\/lahingupood.ee\\\/wp-content\\\/uploads\\\/2022\\\/03\\\/colt-m4-special-force-mini-black-180862-cybergun-nylon-cqb.jpeg\",\"contentUrl\":\"https:\\\/\\\/lahingupood.ee\\\/wp-content\\\/uploads\\\/2022\\\/03\\\/colt-m4-special-force-mini-black-180862-cybergun-nylon-cqb.jpeg\",\"width\":550,\"height\":550,\"caption\":\"colt-m4-special-force-mini-black-180862-cybergun-nylon-cqb\"},{\"@type\":\"BreadcrumbList\",\"@id\":\"https:\\\/\\\/lahingupood.ee\\\/toode\\\/colt-m4-special-force-mini\\\/#breadcrumb\",\"itemListElement\":[{\"@type\":\"ListItem\",\"position\":1,\"name\":\"Home\",\"item\":\"https:\\\/\\\/lahingupood.ee\\\/\"},{\"@type\":\"ListItem\",\"position\":2,\"name\":\"Tooted\",\"item\":\"https:\\\/\\\/lahingupood.ee\\\/tooted\\\/\"},{\"@type\":\"ListItem\",\"position\":3,\"name\":\"COLT M4 Special Force MINI Airsoft Replica\"}]},{\"@type\":\"WebSite\",\"@id\":\"https:\\\/\\\/lahingupood.ee\\\/#website\",\"url\":\"https:\\\/\\\/lahingupood.ee\\\/\",\"name\":\"Lahingurada e-pood\",\"description\":\"Airsoft\",\"publisher\":{\"@id\":\"https:\\\/\\\/lahingupood.ee\\\/#organization\"},\"potentialAction\":[{\"@type\":\"SearchAction\",\"target\":{\"@type\":\"EntryPoint\",\"urlTemplate\":\"https:\\\/\\\/lahingupood.ee\\\/?s={search_term_string}\"},\"query-input\":{\"@type\":\"PropertyValueSpecification\",\"valueRequired\":true,\"valueName\":\"search_term_string\"}}],\"inLanguage\":\"en-GB\"},{\"@type\":\"Organization\",\"@id\":\"https:\\\/\\\/lahingupood.ee\\\/#organization\",\"name\":\"Lahingurada\",\"url\":\"https:\\\/\\\/lahingupood.ee\\\/\",\"logo\":{\"@type\":\"ImageObject\",\"inLanguage\":\"en-GB\",\"@id\":\"https:\\\/\\\/lahingupood.ee\\\/#\\\/schema\\\/logo\\\/image\\\/\",\"url\":\"https:\\\/\\\/lahingupood.ee\\\/wp-content\\\/uploads\\\/2022\\\/03\\\/lahingurada-220318.jpg\",\"contentUrl\":\"https:\\\/\\\/lahingupood.ee\\\/wp-content\\\/uploads\\\/2022\\\/03\\\/lahingurada-220318.jpg\",\"width\":800,\"height\":500,\"caption\":\"Lahingurada\"},\"image\":{\"@id\":\"https:\\\/\\\/lahingupood.ee\\\/#\\\/schema\\\/logo\\\/image\\\/\"},\"sameAs\":[\"https:\\\/\\\/www.facebook.com\\\/Lahingurada-629940247212967\"]}]}<\/script>\n<!-- \/ Yoast SEO Premium plugin. -->","yoast_head_json":{"title":"COLT M4 Special Force MINI Airsoft Replica - Lahingurada e-pood","description":"COLT M4 Special Force MINI Airsoft Replica. COLTi poolt litsenseeritud koopia. Replikal on k\u00f5ik markeeringud mis tulirelval.","robots":{"index":"index","follow":"follow","max-snippet":"max-snippet:-1","max-image-preview":"max-image-preview:large","max-video-preview":"max-video-preview:-1"},"canonical":"https:\/\/lahingupood.ee\/en\/product\/colt-m4-special-force-mini\/","og_locale":"en_GB","og_type":"article","og_title":"COLT M4 Special Force MINI Airsoft Replica","og_description":"COLT M4 Special Force MINI Airsoft Replica. COLTi poolt litsenseeritud koopia. Replikal on k\u00f5ik markeeringud mis tulirelval.","og_url":"https:\/\/lahingupood.ee\/en\/product\/colt-m4-special-force-mini\/","og_site_name":"Lahingurada e-pood","article_publisher":"https:\/\/www.facebook.com\/Lahingurada-629940247212967","article_modified_time":"2026-04-12T17:30:07+00:00","og_image":[{"width":550,"height":550,"url":"https:\/\/lahingupood.ee\/wp-content\/uploads\/2022\/03\/colt-m4-special-force-mini-black-180862-cybergun-nylon-cqb.jpeg","type":"image\/jpeg"}],"twitter_card":"summary_large_image","twitter_misc":{"Estimated reading time":"1 minute"},"schema":{"@context":"https:\/\/schema.org","@graph":[{"@type":"WebPage","@id":"https:\/\/lahingupood.ee\/toode\/colt-m4-special-force-mini\/","url":"https:\/\/lahingupood.ee\/toode\/colt-m4-special-force-mini\/","name":"COLT M4 Special Force MINI Airsoft Replica - Lahingurada e-pood","isPartOf":{"@id":"https:\/\/lahingupood.ee\/#website"},"primaryImageOfPage":{"@id":"https:\/\/lahingupood.ee\/toode\/colt-m4-special-force-mini\/#primaryimage"},"image":{"@id":"https:\/\/lahingupood.ee\/toode\/colt-m4-special-force-mini\/#primaryimage"},"thumbnailUrl":"https:\/\/lahingupood.ee\/wp-content\/uploads\/2022\/03\/colt-m4-special-force-mini-black-180862-cybergun-nylon-cqb.jpeg","datePublished":"2022-03-25T13:33:06+00:00","dateModified":"2026-04-12T17:30:07+00:00","description":"COLT M4 Special Force MINI Airsoft Replica. COLTi poolt litsenseeritud koopia. Replikal on k\u00f5ik markeeringud mis tulirelval.","breadcrumb":{"@id":"https:\/\/lahingupood.ee\/toode\/colt-m4-special-force-mini\/#breadcrumb"},"inLanguage":"en-GB","potentialAction":[{"@type":"ReadAction","target":["https:\/\/lahingupood.ee\/toode\/colt-m4-special-force-mini\/"]}]},{"@type":"ImageObject","inLanguage":"en-GB","@id":"https:\/\/lahingupood.ee\/toode\/colt-m4-special-force-mini\/#primaryimage","url":"https:\/\/lahingupood.ee\/wp-content\/uploads\/2022\/03\/colt-m4-special-force-mini-black-180862-cybergun-nylon-cqb.jpeg","contentUrl":"https:\/\/lahingupood.ee\/wp-content\/uploads\/2022\/03\/colt-m4-special-force-mini-black-180862-cybergun-nylon-cqb.jpeg","width":550,"height":550,"caption":"colt-m4-special-force-mini-black-180862-cybergun-nylon-cqb"},{"@type":"BreadcrumbList","@id":"https:\/\/lahingupood.ee\/toode\/colt-m4-special-force-mini\/#breadcrumb","itemListElement":[{"@type":"ListItem","position":1,"name":"Home","item":"https:\/\/lahingupood.ee\/"},{"@type":"ListItem","position":2,"name":"Tooted","item":"https:\/\/lahingupood.ee\/tooted\/"},{"@type":"ListItem","position":3,"name":"COLT M4 Special Force MINI Airsoft Replica"}]},{"@type":"WebSite","@id":"https:\/\/lahingupood.ee\/#website","url":"https:\/\/lahingupood.ee\/","name":"Lahingurada e-pood","description":"Airsoft","publisher":{"@id":"https:\/\/lahingupood.ee\/#organization"},"potentialAction":[{"@type":"SearchAction","target":{"@type":"EntryPoint","urlTemplate":"https:\/\/lahingupood.ee\/?s={search_term_string}"},"query-input":{"@type":"PropertyValueSpecification","valueRequired":true,"valueName":"search_term_string"}}],"inLanguage":"en-GB"},{"@type":"Organization","@id":"https:\/\/lahingupood.ee\/#organization","name":"Lahingurada","url":"https:\/\/lahingupood.ee\/","logo":{"@type":"ImageObject","inLanguage":"en-GB","@id":"https:\/\/lahingupood.ee\/#\/schema\/logo\/image\/","url":"https:\/\/lahingupood.ee\/wp-content\/uploads\/2022\/03\/lahingurada-220318.jpg","contentUrl":"https:\/\/lahingupood.ee\/wp-content\/uploads\/2022\/03\/lahingurada-220318.jpg","width":800,"height":500,"caption":"Lahingurada"},"image":{"@id":"https:\/\/lahingupood.ee\/#\/schema\/logo\/image\/"},"sameAs":["https:\/\/www.facebook.com\/Lahingurada-629940247212967"]}]}},"_links":{"self":[{"href":"https:\/\/lahingupood.ee\/en\/wp-json\/wp\/v2\/product\/377","targetHints":{"allow":["GET"]}}],"collection":[{"href":"https:\/\/lahingupood.ee\/en\/wp-json\/wp\/v2\/product"}],"about":[{"href":"https:\/\/lahingupood.ee\/en\/wp-json\/wp\/v2\/types\/product"}],"wp:featuredmedia":[{"embeddable":true,"href":"https:\/\/lahingupood.ee\/en\/wp-json\/wp\/v2\/media\/378"}],"wp:attachment":[{"href":"https:\/\/lahingupood.ee\/en\/wp-json\/wp\/v2\/media?parent=377"}],"wp:term":[{"taxonomy":"product_brand","embeddable":true,"href":"https:\/\/lahingupood.ee\/en\/wp-json\/wp\/v2\/product_brand?post=377"},{"taxonomy":"product_cat","embeddable":true,"href":"https:\/\/lahingupood.ee\/en\/wp-json\/wp\/v2\/product_cat?post=377"},{"taxonomy":"product_tag","embeddable":true,"href":"https:\/\/lahingupood.ee\/en\/wp-json\/wp\/v2\/product_tag?post=377"}],"curies":[{"name":"wp","href":"https:\/\/api.w.org\/{rel}","templated":true}]}}