{"id":374,"date":"2022-03-25T15:18:59","date_gmt":"2022-03-25T13:18:59","guid":{"rendered":"https:\/\/lahingupood.ee\/?post_type=product&#038;p=374"},"modified":"2026-04-12T20:30:06","modified_gmt":"2026-04-12T17:30:06","slug":"dboys-m4-10-tan-keymod","status":"publish","type":"product","link":"https:\/\/lahingupood.ee\/en\/product\/dboys-m4-10-tan-keymod\/","title":{"rendered":"Dboys M4 10&#8243; tan KeyMod"},"content":{"rendered":"","protected":false},"excerpt":{"rendered":"<p>DBOYS on pikaaegse traditsiooniga tuntud tootja, kelle replikad on pikalt valitsenud airsofti odavama ja keskklassi sektorit. Uue p\u00f5lvkonna replikad on saanud terve rea t\u00e4iendusi. Replika \u00fclemine ja alumine receiver on valmistatud vastupidavast pol\u00fcmeerist. Antud mudeli laes\u00e4\u00e4r on samuti tugevast libisemisvastase struktuuriga pol\u00fcmeerist. Selline konstruktsoon teeb replika tugevaks kuid palju kergemaks metallkerega analoogidest. Hea mahutavausega kaba v\u00f5imaldab pea igasuguse kujuga akude kasutamist. Rootort\u00fc\u00fcpi hopup kamber tagab hopupi \u00fclit\u00e4pse seadistuse, mis j\u00e4\u00e4b ka p\u00fcsima. Hea valik n\u00f5udlikumale kuid s\u00e4\u00e4stlikule kasutajale.<\/p>","protected":false},"featured_media":338,"template":"","meta":[],"product_brand":[],"product_cat":[23],"product_tag":[],"class_list":{"0":"post-374","1":"product","2":"type-product","3":"status-publish","4":"has-post-thumbnail","6":"product_cat-elektrilised-relvad","8":"first","9":"outofstock","10":"taxable","11":"shipping-taxable","12":"purchasable","13":"product-type-simple"},"yoast_head":"<!-- This site is optimized with the Yoast SEO Premium plugin v27.3 (Yoast SEO v27.3) - https:\/\/yoast.com\/product\/yoast-seo-premium-wordpress\/ -->\n<title>Dboys M4 10&quot; tan KeyMod - Lahingurada e-pood<\/title>\n<meta name=\"robots\" content=\"index, follow, max-snippet:-1, max-image-preview:large, max-video-preview:-1\" \/>\n<link rel=\"canonical\" href=\"https:\/\/lahingupood.ee\/en\/product\/dboys-m4-10-tan-keymod\/\" \/>\n<meta property=\"og:locale\" content=\"en_GB\" \/>\n<meta property=\"og:type\" content=\"article\" \/>\n<meta property=\"og:title\" content=\"Dboys M4 10&quot; tan KeyMod\" \/>\n<meta property=\"og:description\" content=\"DBOYS on pikaaegse traditsiooniga tuntud tootja, kelle replikad on pikalt valitsenud airsofti odavama ja keskklassi sektorit. Uue p\u00f5lvkonna replikad on saanud terve rea t\u00e4iendusi. Replika \u00fclemine ja alumine receiver on valmistatud vastupidavast pol\u00fcmeerist. Antud mudeli laes\u00e4\u00e4r on samuti tugevast libisemisvastase struktuuriga pol\u00fcmeerist. Selline konstruktsoon teeb replika tugevaks kuid palju kergemaks metallkerega analoogidest. Hea mahutavausega kaba v\u00f5imaldab pea igasuguse kujuga akude kasutamist. Rootort\u00fc\u00fcpi hopup kamber tagab hopupi \u00fclit\u00e4pse seadistuse, mis j\u00e4\u00e4b ka p\u00fcsima. Hea valik n\u00f5udlikumale kuid s\u00e4\u00e4stlikule kasutajale.\" \/>\n<meta property=\"og:url\" content=\"https:\/\/lahingupood.ee\/en\/product\/dboys-m4-10-tan-keymod\/\" \/>\n<meta property=\"og:site_name\" content=\"Lahingurada e-pood\" \/>\n<meta property=\"article:publisher\" content=\"https:\/\/www.facebook.com\/Lahingurada-629940247212967\" \/>\n<meta property=\"article:modified_time\" content=\"2026-04-12T17:30:06+00:00\" \/>\n<meta property=\"og:image\" content=\"https:\/\/lahingupood.ee\/wp-content\/uploads\/2022\/03\/d-boys-electric-rifle-m4-10-handguard-dark-earth-3381t.jpeg\" \/>\n\t<meta property=\"og:image:width\" content=\"600\" \/>\n\t<meta property=\"og:image:height\" content=\"600\" \/>\n\t<meta property=\"og:image:type\" content=\"image\/jpeg\" \/>\n<meta name=\"twitter:card\" content=\"summary_large_image\" \/>\n<script type=\"application\/ld+json\" class=\"yoast-schema-graph\">{\"@context\":\"https:\\\/\\\/schema.org\",\"@graph\":[{\"@type\":\"WebPage\",\"@id\":\"https:\\\/\\\/lahingupood.ee\\\/toode\\\/dboys-m4-10-tan-keymod\\\/\",\"url\":\"https:\\\/\\\/lahingupood.ee\\\/toode\\\/dboys-m4-10-tan-keymod\\\/\",\"name\":\"Dboys M4 10\\\" tan KeyMod - Lahingurada e-pood\",\"isPartOf\":{\"@id\":\"https:\\\/\\\/lahingupood.ee\\\/#website\"},\"primaryImageOfPage\":{\"@id\":\"https:\\\/\\\/lahingupood.ee\\\/toode\\\/dboys-m4-10-tan-keymod\\\/#primaryimage\"},\"image\":{\"@id\":\"https:\\\/\\\/lahingupood.ee\\\/toode\\\/dboys-m4-10-tan-keymod\\\/#primaryimage\"},\"thumbnailUrl\":\"https:\\\/\\\/lahingupood.ee\\\/wp-content\\\/uploads\\\/2022\\\/03\\\/d-boys-electric-rifle-m4-10-handguard-dark-earth-3381t.jpeg\",\"datePublished\":\"2022-03-25T13:18:59+00:00\",\"dateModified\":\"2026-04-12T17:30:06+00:00\",\"breadcrumb\":{\"@id\":\"https:\\\/\\\/lahingupood.ee\\\/toode\\\/dboys-m4-10-tan-keymod\\\/#breadcrumb\"},\"inLanguage\":\"en-GB\",\"potentialAction\":[{\"@type\":\"ReadAction\",\"target\":[\"https:\\\/\\\/lahingupood.ee\\\/toode\\\/dboys-m4-10-tan-keymod\\\/\"]}]},{\"@type\":\"ImageObject\",\"inLanguage\":\"en-GB\",\"@id\":\"https:\\\/\\\/lahingupood.ee\\\/toode\\\/dboys-m4-10-tan-keymod\\\/#primaryimage\",\"url\":\"https:\\\/\\\/lahingupood.ee\\\/wp-content\\\/uploads\\\/2022\\\/03\\\/d-boys-electric-rifle-m4-10-handguard-dark-earth-3381t.jpeg\",\"contentUrl\":\"https:\\\/\\\/lahingupood.ee\\\/wp-content\\\/uploads\\\/2022\\\/03\\\/d-boys-electric-rifle-m4-10-handguard-dark-earth-3381t.jpeg\",\"width\":600,\"height\":600,\"caption\":\"d-boys-electric-rifle-m4-10-handguard-dark-earth-3381t\"},{\"@type\":\"BreadcrumbList\",\"@id\":\"https:\\\/\\\/lahingupood.ee\\\/toode\\\/dboys-m4-10-tan-keymod\\\/#breadcrumb\",\"itemListElement\":[{\"@type\":\"ListItem\",\"position\":1,\"name\":\"Home\",\"item\":\"https:\\\/\\\/lahingupood.ee\\\/\"},{\"@type\":\"ListItem\",\"position\":2,\"name\":\"Tooted\",\"item\":\"https:\\\/\\\/lahingupood.ee\\\/tooted\\\/\"},{\"@type\":\"ListItem\",\"position\":3,\"name\":\"Dboys M4 10&#8243; tan KeyMod\"}]},{\"@type\":\"WebSite\",\"@id\":\"https:\\\/\\\/lahingupood.ee\\\/#website\",\"url\":\"https:\\\/\\\/lahingupood.ee\\\/\",\"name\":\"Lahingurada e-pood\",\"description\":\"Airsoft\",\"publisher\":{\"@id\":\"https:\\\/\\\/lahingupood.ee\\\/#organization\"},\"potentialAction\":[{\"@type\":\"SearchAction\",\"target\":{\"@type\":\"EntryPoint\",\"urlTemplate\":\"https:\\\/\\\/lahingupood.ee\\\/?s={search_term_string}\"},\"query-input\":{\"@type\":\"PropertyValueSpecification\",\"valueRequired\":true,\"valueName\":\"search_term_string\"}}],\"inLanguage\":\"en-GB\"},{\"@type\":\"Organization\",\"@id\":\"https:\\\/\\\/lahingupood.ee\\\/#organization\",\"name\":\"Lahingurada\",\"url\":\"https:\\\/\\\/lahingupood.ee\\\/\",\"logo\":{\"@type\":\"ImageObject\",\"inLanguage\":\"en-GB\",\"@id\":\"https:\\\/\\\/lahingupood.ee\\\/#\\\/schema\\\/logo\\\/image\\\/\",\"url\":\"https:\\\/\\\/lahingupood.ee\\\/wp-content\\\/uploads\\\/2022\\\/03\\\/lahingurada-220318.jpg\",\"contentUrl\":\"https:\\\/\\\/lahingupood.ee\\\/wp-content\\\/uploads\\\/2022\\\/03\\\/lahingurada-220318.jpg\",\"width\":800,\"height\":500,\"caption\":\"Lahingurada\"},\"image\":{\"@id\":\"https:\\\/\\\/lahingupood.ee\\\/#\\\/schema\\\/logo\\\/image\\\/\"},\"sameAs\":[\"https:\\\/\\\/www.facebook.com\\\/Lahingurada-629940247212967\"]}]}<\/script>\n<!-- \/ Yoast SEO Premium plugin. -->","yoast_head_json":{"title":"Dboys M4 10\" tan KeyMod - Lahingurada e-pood","robots":{"index":"index","follow":"follow","max-snippet":"max-snippet:-1","max-image-preview":"max-image-preview:large","max-video-preview":"max-video-preview:-1"},"canonical":"https:\/\/lahingupood.ee\/en\/product\/dboys-m4-10-tan-keymod\/","og_locale":"en_GB","og_type":"article","og_title":"Dboys M4 10\" tan KeyMod","og_description":"DBOYS on pikaaegse traditsiooniga tuntud tootja, kelle replikad on pikalt valitsenud airsofti odavama ja keskklassi sektorit. Uue p\u00f5lvkonna replikad on saanud terve rea t\u00e4iendusi. Replika \u00fclemine ja alumine receiver on valmistatud vastupidavast pol\u00fcmeerist. Antud mudeli laes\u00e4\u00e4r on samuti tugevast libisemisvastase struktuuriga pol\u00fcmeerist. Selline konstruktsoon teeb replika tugevaks kuid palju kergemaks metallkerega analoogidest. Hea mahutavausega kaba v\u00f5imaldab pea igasuguse kujuga akude kasutamist. Rootort\u00fc\u00fcpi hopup kamber tagab hopupi \u00fclit\u00e4pse seadistuse, mis j\u00e4\u00e4b ka p\u00fcsima. Hea valik n\u00f5udlikumale kuid s\u00e4\u00e4stlikule kasutajale.","og_url":"https:\/\/lahingupood.ee\/en\/product\/dboys-m4-10-tan-keymod\/","og_site_name":"Lahingurada e-pood","article_publisher":"https:\/\/www.facebook.com\/Lahingurada-629940247212967","article_modified_time":"2026-04-12T17:30:06+00:00","og_image":[{"width":600,"height":600,"url":"https:\/\/lahingupood.ee\/wp-content\/uploads\/2022\/03\/d-boys-electric-rifle-m4-10-handguard-dark-earth-3381t.jpeg","type":"image\/jpeg"}],"twitter_card":"summary_large_image","schema":{"@context":"https:\/\/schema.org","@graph":[{"@type":"WebPage","@id":"https:\/\/lahingupood.ee\/toode\/dboys-m4-10-tan-keymod\/","url":"https:\/\/lahingupood.ee\/toode\/dboys-m4-10-tan-keymod\/","name":"Dboys M4 10\" tan KeyMod - Lahingurada e-pood","isPartOf":{"@id":"https:\/\/lahingupood.ee\/#website"},"primaryImageOfPage":{"@id":"https:\/\/lahingupood.ee\/toode\/dboys-m4-10-tan-keymod\/#primaryimage"},"image":{"@id":"https:\/\/lahingupood.ee\/toode\/dboys-m4-10-tan-keymod\/#primaryimage"},"thumbnailUrl":"https:\/\/lahingupood.ee\/wp-content\/uploads\/2022\/03\/d-boys-electric-rifle-m4-10-handguard-dark-earth-3381t.jpeg","datePublished":"2022-03-25T13:18:59+00:00","dateModified":"2026-04-12T17:30:06+00:00","breadcrumb":{"@id":"https:\/\/lahingupood.ee\/toode\/dboys-m4-10-tan-keymod\/#breadcrumb"},"inLanguage":"en-GB","potentialAction":[{"@type":"ReadAction","target":["https:\/\/lahingupood.ee\/toode\/dboys-m4-10-tan-keymod\/"]}]},{"@type":"ImageObject","inLanguage":"en-GB","@id":"https:\/\/lahingupood.ee\/toode\/dboys-m4-10-tan-keymod\/#primaryimage","url":"https:\/\/lahingupood.ee\/wp-content\/uploads\/2022\/03\/d-boys-electric-rifle-m4-10-handguard-dark-earth-3381t.jpeg","contentUrl":"https:\/\/lahingupood.ee\/wp-content\/uploads\/2022\/03\/d-boys-electric-rifle-m4-10-handguard-dark-earth-3381t.jpeg","width":600,"height":600,"caption":"d-boys-electric-rifle-m4-10-handguard-dark-earth-3381t"},{"@type":"BreadcrumbList","@id":"https:\/\/lahingupood.ee\/toode\/dboys-m4-10-tan-keymod\/#breadcrumb","itemListElement":[{"@type":"ListItem","position":1,"name":"Home","item":"https:\/\/lahingupood.ee\/"},{"@type":"ListItem","position":2,"name":"Tooted","item":"https:\/\/lahingupood.ee\/tooted\/"},{"@type":"ListItem","position":3,"name":"Dboys M4 10&#8243; tan KeyMod"}]},{"@type":"WebSite","@id":"https:\/\/lahingupood.ee\/#website","url":"https:\/\/lahingupood.ee\/","name":"Lahingurada e-pood","description":"Airsoft","publisher":{"@id":"https:\/\/lahingupood.ee\/#organization"},"potentialAction":[{"@type":"SearchAction","target":{"@type":"EntryPoint","urlTemplate":"https:\/\/lahingupood.ee\/?s={search_term_string}"},"query-input":{"@type":"PropertyValueSpecification","valueRequired":true,"valueName":"search_term_string"}}],"inLanguage":"en-GB"},{"@type":"Organization","@id":"https:\/\/lahingupood.ee\/#organization","name":"Lahingurada","url":"https:\/\/lahingupood.ee\/","logo":{"@type":"ImageObject","inLanguage":"en-GB","@id":"https:\/\/lahingupood.ee\/#\/schema\/logo\/image\/","url":"https:\/\/lahingupood.ee\/wp-content\/uploads\/2022\/03\/lahingurada-220318.jpg","contentUrl":"https:\/\/lahingupood.ee\/wp-content\/uploads\/2022\/03\/lahingurada-220318.jpg","width":800,"height":500,"caption":"Lahingurada"},"image":{"@id":"https:\/\/lahingupood.ee\/#\/schema\/logo\/image\/"},"sameAs":["https:\/\/www.facebook.com\/Lahingurada-629940247212967"]}]}},"_links":{"self":[{"href":"https:\/\/lahingupood.ee\/en\/wp-json\/wp\/v2\/product\/374","targetHints":{"allow":["GET"]}}],"collection":[{"href":"https:\/\/lahingupood.ee\/en\/wp-json\/wp\/v2\/product"}],"about":[{"href":"https:\/\/lahingupood.ee\/en\/wp-json\/wp\/v2\/types\/product"}],"wp:featuredmedia":[{"embeddable":true,"href":"https:\/\/lahingupood.ee\/en\/wp-json\/wp\/v2\/media\/338"}],"wp:attachment":[{"href":"https:\/\/lahingupood.ee\/en\/wp-json\/wp\/v2\/media?parent=374"}],"wp:term":[{"taxonomy":"product_brand","embeddable":true,"href":"https:\/\/lahingupood.ee\/en\/wp-json\/wp\/v2\/product_brand?post=374"},{"taxonomy":"product_cat","embeddable":true,"href":"https:\/\/lahingupood.ee\/en\/wp-json\/wp\/v2\/product_cat?post=374"},{"taxonomy":"product_tag","embeddable":true,"href":"https:\/\/lahingupood.ee\/en\/wp-json\/wp\/v2\/product_tag?post=374"}],"curies":[{"name":"wp","href":"https:\/\/api.w.org\/{rel}","templated":true}]}}