{"id":3720,"date":"2023-06-05T15:28:09","date_gmt":"2023-06-05T12:28:09","guid":{"rendered":"https:\/\/lahingupood.ee\/?post_type=product&#038;p=3720"},"modified":"2026-04-12T20:30:03","modified_gmt":"2026-04-12T17:30:03","slug":"cyma-cm048-ak74-replica","status":"publish","type":"product","link":"https:\/\/lahingupood.ee\/en\/product\/cyma-cm048-ak74-replica\/","title":{"rendered":"Cyma CM048 AK74 Replica"},"content":{"rendered":"<p>Cyma CM048 AK74 Replica<\/p>\n<p>Cyma AK relvad on AK f\u00e4nnide lemmikud juba aastaid. Need on ilusad, vastupidavad ja odavad. Relvad on valmistatud peamiselt terasest ja alumiiniumsulamist. Kaba, laes\u00e4\u00e4r, Gaasitorukate on antud mudelil puidust ja p\u00fcstolk\u00e4epide pol\u00fcmeerist.<\/p>\n<p>Energia: 1,5J<\/p>","protected":false},"excerpt":{"rendered":"<p>Cyma CM048 AK74 Replica Cyma AK relvad on AK f\u00e4nnide lemmikud juba aastaid. Need on ilusad, vastupidavad ja odavad. Relvad on valmistatud peamiselt terasest ja alumiiniumsulamist. Kaba, laes\u00e4\u00e4r, Gaasitorukate on antud mudelil puidust ja p\u00fcstolk\u00e4epide pol\u00fcmeerist. Energia: 1,5J<\/p>","protected":false},"featured_media":3721,"template":"","meta":[],"product_brand":[],"product_cat":[23],"product_tag":[],"class_list":{"0":"post-3720","1":"product","2":"type-product","3":"status-publish","4":"has-post-thumbnail","6":"product_cat-elektrilised-relvad","8":"first","9":"outofstock","10":"taxable","11":"shipping-taxable","12":"purchasable","13":"product-type-simple"},"yoast_head":"<!-- This site is optimized with the Yoast SEO Premium plugin v27.3 (Yoast SEO v27.3) - https:\/\/yoast.com\/product\/yoast-seo-premium-wordpress\/ -->\n<title>Cyma CM048 AK74 Replica - Lahingurada e-pood<\/title>\n<meta name=\"description\" content=\"Cyma CM048 AK74 Replica Cyma AK relvad on AK f\u00e4nnide lemmikud juba aastaid. Need on ilusad, vastupidavad ja odavad. Relvad on valmistatud peamiselt\" \/>\n<meta name=\"robots\" content=\"index, follow, max-snippet:-1, max-image-preview:large, max-video-preview:-1\" \/>\n<link rel=\"canonical\" href=\"https:\/\/lahingupood.ee\/en\/product\/cyma-cm048-ak74-replica\/\" \/>\n<meta property=\"og:locale\" content=\"en_GB\" \/>\n<meta property=\"og:type\" content=\"article\" \/>\n<meta property=\"og:title\" content=\"Cyma CM048 AK74 Replica\" \/>\n<meta property=\"og:description\" content=\"Cyma CM048 AK74 Replica Cyma AK relvad on AK f\u00e4nnide lemmikud juba aastaid. Need on ilusad, vastupidavad ja odavad. Relvad on valmistatud peamiselt\" \/>\n<meta property=\"og:url\" content=\"https:\/\/lahingupood.ee\/en\/product\/cyma-cm048-ak74-replica\/\" \/>\n<meta property=\"og:site_name\" content=\"Lahingurada e-pood\" \/>\n<meta property=\"article:publisher\" content=\"https:\/\/www.facebook.com\/Lahingurada-629940247212967\" \/>\n<meta property=\"article:modified_time\" content=\"2026-04-12T17:30:03+00:00\" \/>\n<meta property=\"og:image\" content=\"https:\/\/lahingupood.ee\/wp-content\/uploads\/2023\/06\/karabiny-szturmowe-asg-karabiny-elektryczne-asg-cm-048-cyma-9418512.jpg\" \/>\n\t<meta property=\"og:image:width\" content=\"800\" \/>\n\t<meta property=\"og:image:height\" content=\"490\" \/>\n\t<meta property=\"og:image:type\" content=\"image\/jpeg\" \/>\n<meta name=\"twitter:card\" content=\"summary_large_image\" \/>\n<meta name=\"twitter:label1\" content=\"Estimated reading time\" \/>\n\t<meta name=\"twitter:data1\" content=\"1 minute\" \/>\n<script type=\"application\/ld+json\" class=\"yoast-schema-graph\">{\"@context\":\"https:\\\/\\\/schema.org\",\"@graph\":[{\"@type\":\"WebPage\",\"@id\":\"https:\\\/\\\/lahingupood.ee\\\/toode\\\/cyma-cm048-ak74-replica\\\/\",\"url\":\"https:\\\/\\\/lahingupood.ee\\\/toode\\\/cyma-cm048-ak74-replica\\\/\",\"name\":\"Cyma CM048 AK74 Replica - Lahingurada e-pood\",\"isPartOf\":{\"@id\":\"https:\\\/\\\/lahingupood.ee\\\/#website\"},\"primaryImageOfPage\":{\"@id\":\"https:\\\/\\\/lahingupood.ee\\\/toode\\\/cyma-cm048-ak74-replica\\\/#primaryimage\"},\"image\":{\"@id\":\"https:\\\/\\\/lahingupood.ee\\\/toode\\\/cyma-cm048-ak74-replica\\\/#primaryimage\"},\"thumbnailUrl\":\"https:\\\/\\\/lahingupood.ee\\\/wp-content\\\/uploads\\\/2023\\\/06\\\/karabiny-szturmowe-asg-karabiny-elektryczne-asg-cm-048-cyma-9418512.jpg\",\"datePublished\":\"2023-06-05T12:28:09+00:00\",\"dateModified\":\"2026-04-12T17:30:03+00:00\",\"description\":\"Cyma CM048 AK74 Replica Cyma AK relvad on AK f\u00e4nnide lemmikud juba aastaid. Need on ilusad, vastupidavad ja odavad. Relvad on valmistatud peamiselt\",\"breadcrumb\":{\"@id\":\"https:\\\/\\\/lahingupood.ee\\\/toode\\\/cyma-cm048-ak74-replica\\\/#breadcrumb\"},\"inLanguage\":\"en-GB\",\"potentialAction\":[{\"@type\":\"ReadAction\",\"target\":[\"https:\\\/\\\/lahingupood.ee\\\/toode\\\/cyma-cm048-ak74-replica\\\/\"]}]},{\"@type\":\"ImageObject\",\"inLanguage\":\"en-GB\",\"@id\":\"https:\\\/\\\/lahingupood.ee\\\/toode\\\/cyma-cm048-ak74-replica\\\/#primaryimage\",\"url\":\"https:\\\/\\\/lahingupood.ee\\\/wp-content\\\/uploads\\\/2023\\\/06\\\/karabiny-szturmowe-asg-karabiny-elektryczne-asg-cm-048-cyma-9418512.jpg\",\"contentUrl\":\"https:\\\/\\\/lahingupood.ee\\\/wp-content\\\/uploads\\\/2023\\\/06\\\/karabiny-szturmowe-asg-karabiny-elektryczne-asg-cm-048-cyma-9418512.jpg\",\"width\":800,\"height\":490,\"caption\":\"cyma-cm048-ak74-replica\"},{\"@type\":\"BreadcrumbList\",\"@id\":\"https:\\\/\\\/lahingupood.ee\\\/toode\\\/cyma-cm048-ak74-replica\\\/#breadcrumb\",\"itemListElement\":[{\"@type\":\"ListItem\",\"position\":1,\"name\":\"Home\",\"item\":\"https:\\\/\\\/lahingupood.ee\\\/\"},{\"@type\":\"ListItem\",\"position\":2,\"name\":\"Tooted\",\"item\":\"https:\\\/\\\/lahingupood.ee\\\/tooted\\\/\"},{\"@type\":\"ListItem\",\"position\":3,\"name\":\"Cyma CM048 AK74 Replica\"}]},{\"@type\":\"WebSite\",\"@id\":\"https:\\\/\\\/lahingupood.ee\\\/#website\",\"url\":\"https:\\\/\\\/lahingupood.ee\\\/\",\"name\":\"Lahingurada e-pood\",\"description\":\"Airsoft\",\"publisher\":{\"@id\":\"https:\\\/\\\/lahingupood.ee\\\/#organization\"},\"potentialAction\":[{\"@type\":\"SearchAction\",\"target\":{\"@type\":\"EntryPoint\",\"urlTemplate\":\"https:\\\/\\\/lahingupood.ee\\\/?s={search_term_string}\"},\"query-input\":{\"@type\":\"PropertyValueSpecification\",\"valueRequired\":true,\"valueName\":\"search_term_string\"}}],\"inLanguage\":\"en-GB\"},{\"@type\":\"Organization\",\"@id\":\"https:\\\/\\\/lahingupood.ee\\\/#organization\",\"name\":\"Lahingurada\",\"url\":\"https:\\\/\\\/lahingupood.ee\\\/\",\"logo\":{\"@type\":\"ImageObject\",\"inLanguage\":\"en-GB\",\"@id\":\"https:\\\/\\\/lahingupood.ee\\\/#\\\/schema\\\/logo\\\/image\\\/\",\"url\":\"https:\\\/\\\/lahingupood.ee\\\/wp-content\\\/uploads\\\/2022\\\/03\\\/lahingurada-220318.jpg\",\"contentUrl\":\"https:\\\/\\\/lahingupood.ee\\\/wp-content\\\/uploads\\\/2022\\\/03\\\/lahingurada-220318.jpg\",\"width\":800,\"height\":500,\"caption\":\"Lahingurada\"},\"image\":{\"@id\":\"https:\\\/\\\/lahingupood.ee\\\/#\\\/schema\\\/logo\\\/image\\\/\"},\"sameAs\":[\"https:\\\/\\\/www.facebook.com\\\/Lahingurada-629940247212967\"]}]}<\/script>\n<!-- \/ Yoast SEO Premium plugin. -->","yoast_head_json":{"title":"Cyma CM048 AK74 Replica - Lahingurada e-pood","description":"Cyma CM048 AK74 Replica Cyma AK relvad on AK f\u00e4nnide lemmikud juba aastaid. Need on ilusad, vastupidavad ja odavad. Relvad on valmistatud peamiselt","robots":{"index":"index","follow":"follow","max-snippet":"max-snippet:-1","max-image-preview":"max-image-preview:large","max-video-preview":"max-video-preview:-1"},"canonical":"https:\/\/lahingupood.ee\/en\/product\/cyma-cm048-ak74-replica\/","og_locale":"en_GB","og_type":"article","og_title":"Cyma CM048 AK74 Replica","og_description":"Cyma CM048 AK74 Replica Cyma AK relvad on AK f\u00e4nnide lemmikud juba aastaid. Need on ilusad, vastupidavad ja odavad. Relvad on valmistatud peamiselt","og_url":"https:\/\/lahingupood.ee\/en\/product\/cyma-cm048-ak74-replica\/","og_site_name":"Lahingurada e-pood","article_publisher":"https:\/\/www.facebook.com\/Lahingurada-629940247212967","article_modified_time":"2026-04-12T17:30:03+00:00","og_image":[{"width":800,"height":490,"url":"https:\/\/lahingupood.ee\/wp-content\/uploads\/2023\/06\/karabiny-szturmowe-asg-karabiny-elektryczne-asg-cm-048-cyma-9418512.jpg","type":"image\/jpeg"}],"twitter_card":"summary_large_image","twitter_misc":{"Estimated reading time":"1 minute"},"schema":{"@context":"https:\/\/schema.org","@graph":[{"@type":"WebPage","@id":"https:\/\/lahingupood.ee\/toode\/cyma-cm048-ak74-replica\/","url":"https:\/\/lahingupood.ee\/toode\/cyma-cm048-ak74-replica\/","name":"Cyma CM048 AK74 Replica - Lahingurada e-pood","isPartOf":{"@id":"https:\/\/lahingupood.ee\/#website"},"primaryImageOfPage":{"@id":"https:\/\/lahingupood.ee\/toode\/cyma-cm048-ak74-replica\/#primaryimage"},"image":{"@id":"https:\/\/lahingupood.ee\/toode\/cyma-cm048-ak74-replica\/#primaryimage"},"thumbnailUrl":"https:\/\/lahingupood.ee\/wp-content\/uploads\/2023\/06\/karabiny-szturmowe-asg-karabiny-elektryczne-asg-cm-048-cyma-9418512.jpg","datePublished":"2023-06-05T12:28:09+00:00","dateModified":"2026-04-12T17:30:03+00:00","description":"Cyma CM048 AK74 Replica Cyma AK relvad on AK f\u00e4nnide lemmikud juba aastaid. Need on ilusad, vastupidavad ja odavad. Relvad on valmistatud peamiselt","breadcrumb":{"@id":"https:\/\/lahingupood.ee\/toode\/cyma-cm048-ak74-replica\/#breadcrumb"},"inLanguage":"en-GB","potentialAction":[{"@type":"ReadAction","target":["https:\/\/lahingupood.ee\/toode\/cyma-cm048-ak74-replica\/"]}]},{"@type":"ImageObject","inLanguage":"en-GB","@id":"https:\/\/lahingupood.ee\/toode\/cyma-cm048-ak74-replica\/#primaryimage","url":"https:\/\/lahingupood.ee\/wp-content\/uploads\/2023\/06\/karabiny-szturmowe-asg-karabiny-elektryczne-asg-cm-048-cyma-9418512.jpg","contentUrl":"https:\/\/lahingupood.ee\/wp-content\/uploads\/2023\/06\/karabiny-szturmowe-asg-karabiny-elektryczne-asg-cm-048-cyma-9418512.jpg","width":800,"height":490,"caption":"cyma-cm048-ak74-replica"},{"@type":"BreadcrumbList","@id":"https:\/\/lahingupood.ee\/toode\/cyma-cm048-ak74-replica\/#breadcrumb","itemListElement":[{"@type":"ListItem","position":1,"name":"Home","item":"https:\/\/lahingupood.ee\/"},{"@type":"ListItem","position":2,"name":"Tooted","item":"https:\/\/lahingupood.ee\/tooted\/"},{"@type":"ListItem","position":3,"name":"Cyma CM048 AK74 Replica"}]},{"@type":"WebSite","@id":"https:\/\/lahingupood.ee\/#website","url":"https:\/\/lahingupood.ee\/","name":"Lahingurada e-pood","description":"Airsoft","publisher":{"@id":"https:\/\/lahingupood.ee\/#organization"},"potentialAction":[{"@type":"SearchAction","target":{"@type":"EntryPoint","urlTemplate":"https:\/\/lahingupood.ee\/?s={search_term_string}"},"query-input":{"@type":"PropertyValueSpecification","valueRequired":true,"valueName":"search_term_string"}}],"inLanguage":"en-GB"},{"@type":"Organization","@id":"https:\/\/lahingupood.ee\/#organization","name":"Lahingurada","url":"https:\/\/lahingupood.ee\/","logo":{"@type":"ImageObject","inLanguage":"en-GB","@id":"https:\/\/lahingupood.ee\/#\/schema\/logo\/image\/","url":"https:\/\/lahingupood.ee\/wp-content\/uploads\/2022\/03\/lahingurada-220318.jpg","contentUrl":"https:\/\/lahingupood.ee\/wp-content\/uploads\/2022\/03\/lahingurada-220318.jpg","width":800,"height":500,"caption":"Lahingurada"},"image":{"@id":"https:\/\/lahingupood.ee\/#\/schema\/logo\/image\/"},"sameAs":["https:\/\/www.facebook.com\/Lahingurada-629940247212967"]}]}},"_links":{"self":[{"href":"https:\/\/lahingupood.ee\/en\/wp-json\/wp\/v2\/product\/3720","targetHints":{"allow":["GET"]}}],"collection":[{"href":"https:\/\/lahingupood.ee\/en\/wp-json\/wp\/v2\/product"}],"about":[{"href":"https:\/\/lahingupood.ee\/en\/wp-json\/wp\/v2\/types\/product"}],"wp:featuredmedia":[{"embeddable":true,"href":"https:\/\/lahingupood.ee\/en\/wp-json\/wp\/v2\/media\/3721"}],"wp:attachment":[{"href":"https:\/\/lahingupood.ee\/en\/wp-json\/wp\/v2\/media?parent=3720"}],"wp:term":[{"taxonomy":"product_brand","embeddable":true,"href":"https:\/\/lahingupood.ee\/en\/wp-json\/wp\/v2\/product_brand?post=3720"},{"taxonomy":"product_cat","embeddable":true,"href":"https:\/\/lahingupood.ee\/en\/wp-json\/wp\/v2\/product_cat?post=3720"},{"taxonomy":"product_tag","embeddable":true,"href":"https:\/\/lahingupood.ee\/en\/wp-json\/wp\/v2\/product_tag?post=3720"}],"curies":[{"name":"wp","href":"https:\/\/api.w.org\/{rel}","templated":true}]}}