{"id":3717,"date":"2023-06-05T15:20:24","date_gmt":"2023-06-05T12:20:24","guid":{"rendered":"https:\/\/lahingupood.ee\/?post_type=product&#038;p=3717"},"modified":"2026-04-12T18:15:03","modified_gmt":"2026-04-12T15:15:03","slug":"gfg-01-airsoft-replicafull-metal-mosfet","status":"publish","type":"product","link":"https:\/\/lahingupood.ee\/en\/product\/gfg-01-airsoft-replicafull-metal-mosfet\/","title":{"rendered":"GFG 01 Airsoft Replica(Full Metal Mosfet)"},"content":{"rendered":"<p>GFG 01 Airsoft Replica(Full Metal Mosfet)<\/p>\n<p>M4A1 replica. Relv on valmistatud valdavalt metallist. Kaba, laes\u00e4\u00e4r ja p\u00fcstolk\u00e4epide on pol\u00fcmeerist. Relvale on paigaldatud MOSFET, mis kaitseb mootorit ja akut \u00fclekoormuse eest ning takistab klemmide l\u00e4bip\u00f5lemist. Aku asub kaba sees.<\/p>\n<p>Energia: 1,5J<\/p>","protected":false},"excerpt":{"rendered":"<p>GFG 01 Airsoft Replica(Full Metal Mosfet) M4A1 replica. Relv on valmistatud valdavalt metallist. Kaba, laes\u00e4\u00e4r ja p\u00fcstolk\u00e4epide on pol\u00fcmeerist. Relvale on paigaldatud MOSFET, mis kaitseb mootorit ja akut \u00fclekoormuse eest ning takistab klemmide l\u00e4bip\u00f5lemist. Aku asub kaba sees. Energia: 1,5J<\/p>","protected":false},"featured_media":3718,"template":"","meta":[],"product_brand":[],"product_cat":[23],"product_tag":[],"class_list":{"0":"post-3717","1":"product","2":"type-product","3":"status-publish","4":"has-post-thumbnail","6":"product_cat-elektrilised-relvad","8":"first","9":"instock","10":"taxable","11":"shipping-taxable","12":"purchasable","13":"product-type-simple"},"yoast_head":"<!-- This site is optimized with the Yoast SEO Premium plugin v27.3 (Yoast SEO v27.3) - https:\/\/yoast.com\/product\/yoast-seo-premium-wordpress\/ -->\n<title>GFG 01 Airsoft Replica(Full Metal Mosfet) - Lahingurada e-pood<\/title>\n<meta name=\"description\" content=\"GFG 01 Airsoft Replica(Full Metal Mosfet) M4A1 replica. Relv on valmistatud valdavalt metallist. Kaba, laes\u00e4\u00e4r ja p\u00fcstolk\u00e4epide on pol\u00fcmeerist.\" \/>\n<meta name=\"robots\" content=\"index, follow, max-snippet:-1, max-image-preview:large, max-video-preview:-1\" \/>\n<link rel=\"canonical\" href=\"https:\/\/lahingupood.ee\/en\/product\/gfg-01-airsoft-replicafull-metal-mosfet\/\" \/>\n<meta property=\"og:locale\" content=\"en_GB\" \/>\n<meta property=\"og:type\" content=\"article\" \/>\n<meta property=\"og:title\" content=\"GFG 01 Airsoft Replica(Full Metal Mosfet)\" \/>\n<meta property=\"og:description\" content=\"GFG 01 Airsoft Replica(Full Metal Mosfet) M4A1 replica. Relv on valmistatud valdavalt metallist. Kaba, laes\u00e4\u00e4r ja p\u00fcstolk\u00e4epide on pol\u00fcmeerist.\" \/>\n<meta property=\"og:url\" content=\"https:\/\/lahingupood.ee\/en\/product\/gfg-01-airsoft-replicafull-metal-mosfet\/\" \/>\n<meta property=\"og:site_name\" content=\"Lahingurada e-pood\" \/>\n<meta property=\"article:publisher\" content=\"https:\/\/www.facebook.com\/Lahingurada-629940247212967\" \/>\n<meta property=\"article:modified_time\" content=\"2026-04-12T15:15:03+00:00\" \/>\n<meta property=\"og:image\" content=\"https:\/\/lahingupood.ee\/wp-content\/uploads\/2023\/06\/31004.png\" \/>\n\t<meta property=\"og:image:width\" content=\"930\" \/>\n\t<meta property=\"og:image:height\" content=\"651\" \/>\n\t<meta property=\"og:image:type\" content=\"image\/png\" \/>\n<meta name=\"twitter:card\" content=\"summary_large_image\" \/>\n<meta name=\"twitter:label1\" content=\"Estimated reading time\" \/>\n\t<meta name=\"twitter:data1\" content=\"1 minute\" \/>\n<script type=\"application\/ld+json\" class=\"yoast-schema-graph\">{\"@context\":\"https:\\\/\\\/schema.org\",\"@graph\":[{\"@type\":\"WebPage\",\"@id\":\"https:\\\/\\\/lahingupood.ee\\\/toode\\\/gfg-01-airsoft-replicafull-metal-mosfet\\\/\",\"url\":\"https:\\\/\\\/lahingupood.ee\\\/toode\\\/gfg-01-airsoft-replicafull-metal-mosfet\\\/\",\"name\":\"GFG 01 Airsoft Replica(Full Metal Mosfet) - Lahingurada e-pood\",\"isPartOf\":{\"@id\":\"https:\\\/\\\/lahingupood.ee\\\/#website\"},\"primaryImageOfPage\":{\"@id\":\"https:\\\/\\\/lahingupood.ee\\\/toode\\\/gfg-01-airsoft-replicafull-metal-mosfet\\\/#primaryimage\"},\"image\":{\"@id\":\"https:\\\/\\\/lahingupood.ee\\\/toode\\\/gfg-01-airsoft-replicafull-metal-mosfet\\\/#primaryimage\"},\"thumbnailUrl\":\"https:\\\/\\\/lahingupood.ee\\\/wp-content\\\/uploads\\\/2023\\\/06\\\/31004.png\",\"datePublished\":\"2023-06-05T12:20:24+00:00\",\"dateModified\":\"2026-04-12T15:15:03+00:00\",\"description\":\"GFG 01 Airsoft Replica(Full Metal Mosfet) M4A1 replica. Relv on valmistatud valdavalt metallist. Kaba, laes\u00e4\u00e4r ja p\u00fcstolk\u00e4epide on pol\u00fcmeerist.\",\"breadcrumb\":{\"@id\":\"https:\\\/\\\/lahingupood.ee\\\/toode\\\/gfg-01-airsoft-replicafull-metal-mosfet\\\/#breadcrumb\"},\"inLanguage\":\"en-GB\",\"potentialAction\":[{\"@type\":\"ReadAction\",\"target\":[\"https:\\\/\\\/lahingupood.ee\\\/toode\\\/gfg-01-airsoft-replicafull-metal-mosfet\\\/\"]}]},{\"@type\":\"ImageObject\",\"inLanguage\":\"en-GB\",\"@id\":\"https:\\\/\\\/lahingupood.ee\\\/toode\\\/gfg-01-airsoft-replicafull-metal-mosfet\\\/#primaryimage\",\"url\":\"https:\\\/\\\/lahingupood.ee\\\/wp-content\\\/uploads\\\/2023\\\/06\\\/31004.png\",\"contentUrl\":\"https:\\\/\\\/lahingupood.ee\\\/wp-content\\\/uploads\\\/2023\\\/06\\\/31004.png\",\"width\":930,\"height\":651,\"caption\":\"gfg-01-airsoft-replicafull-metal-mosfet\"},{\"@type\":\"BreadcrumbList\",\"@id\":\"https:\\\/\\\/lahingupood.ee\\\/toode\\\/gfg-01-airsoft-replicafull-metal-mosfet\\\/#breadcrumb\",\"itemListElement\":[{\"@type\":\"ListItem\",\"position\":1,\"name\":\"Home\",\"item\":\"https:\\\/\\\/lahingupood.ee\\\/\"},{\"@type\":\"ListItem\",\"position\":2,\"name\":\"Tooted\",\"item\":\"https:\\\/\\\/lahingupood.ee\\\/tooted\\\/\"},{\"@type\":\"ListItem\",\"position\":3,\"name\":\"GFG 01 Airsoft Replica(Full Metal Mosfet)\"}]},{\"@type\":\"WebSite\",\"@id\":\"https:\\\/\\\/lahingupood.ee\\\/#website\",\"url\":\"https:\\\/\\\/lahingupood.ee\\\/\",\"name\":\"Lahingurada e-pood\",\"description\":\"Airsoft\",\"publisher\":{\"@id\":\"https:\\\/\\\/lahingupood.ee\\\/#organization\"},\"potentialAction\":[{\"@type\":\"SearchAction\",\"target\":{\"@type\":\"EntryPoint\",\"urlTemplate\":\"https:\\\/\\\/lahingupood.ee\\\/?s={search_term_string}\"},\"query-input\":{\"@type\":\"PropertyValueSpecification\",\"valueRequired\":true,\"valueName\":\"search_term_string\"}}],\"inLanguage\":\"en-GB\"},{\"@type\":\"Organization\",\"@id\":\"https:\\\/\\\/lahingupood.ee\\\/#organization\",\"name\":\"Lahingurada\",\"url\":\"https:\\\/\\\/lahingupood.ee\\\/\",\"logo\":{\"@type\":\"ImageObject\",\"inLanguage\":\"en-GB\",\"@id\":\"https:\\\/\\\/lahingupood.ee\\\/#\\\/schema\\\/logo\\\/image\\\/\",\"url\":\"https:\\\/\\\/lahingupood.ee\\\/wp-content\\\/uploads\\\/2022\\\/03\\\/lahingurada-220318.jpg\",\"contentUrl\":\"https:\\\/\\\/lahingupood.ee\\\/wp-content\\\/uploads\\\/2022\\\/03\\\/lahingurada-220318.jpg\",\"width\":800,\"height\":500,\"caption\":\"Lahingurada\"},\"image\":{\"@id\":\"https:\\\/\\\/lahingupood.ee\\\/#\\\/schema\\\/logo\\\/image\\\/\"},\"sameAs\":[\"https:\\\/\\\/www.facebook.com\\\/Lahingurada-629940247212967\"]}]}<\/script>\n<!-- \/ Yoast SEO Premium plugin. -->","yoast_head_json":{"title":"GFG 01 Airsoft Replica(Full Metal Mosfet) - Lahingurada e-pood","description":"GFG 01 Airsoft Replica(Full Metal Mosfet) M4A1 replica. Relv on valmistatud valdavalt metallist. Kaba, laes\u00e4\u00e4r ja p\u00fcstolk\u00e4epide on pol\u00fcmeerist.","robots":{"index":"index","follow":"follow","max-snippet":"max-snippet:-1","max-image-preview":"max-image-preview:large","max-video-preview":"max-video-preview:-1"},"canonical":"https:\/\/lahingupood.ee\/en\/product\/gfg-01-airsoft-replicafull-metal-mosfet\/","og_locale":"en_GB","og_type":"article","og_title":"GFG 01 Airsoft Replica(Full Metal Mosfet)","og_description":"GFG 01 Airsoft Replica(Full Metal Mosfet) M4A1 replica. Relv on valmistatud valdavalt metallist. Kaba, laes\u00e4\u00e4r ja p\u00fcstolk\u00e4epide on pol\u00fcmeerist.","og_url":"https:\/\/lahingupood.ee\/en\/product\/gfg-01-airsoft-replicafull-metal-mosfet\/","og_site_name":"Lahingurada e-pood","article_publisher":"https:\/\/www.facebook.com\/Lahingurada-629940247212967","article_modified_time":"2026-04-12T15:15:03+00:00","og_image":[{"width":930,"height":651,"url":"https:\/\/lahingupood.ee\/wp-content\/uploads\/2023\/06\/31004.png","type":"image\/png"}],"twitter_card":"summary_large_image","twitter_misc":{"Estimated reading time":"1 minute"},"schema":{"@context":"https:\/\/schema.org","@graph":[{"@type":"WebPage","@id":"https:\/\/lahingupood.ee\/toode\/gfg-01-airsoft-replicafull-metal-mosfet\/","url":"https:\/\/lahingupood.ee\/toode\/gfg-01-airsoft-replicafull-metal-mosfet\/","name":"GFG 01 Airsoft Replica(Full Metal Mosfet) - Lahingurada e-pood","isPartOf":{"@id":"https:\/\/lahingupood.ee\/#website"},"primaryImageOfPage":{"@id":"https:\/\/lahingupood.ee\/toode\/gfg-01-airsoft-replicafull-metal-mosfet\/#primaryimage"},"image":{"@id":"https:\/\/lahingupood.ee\/toode\/gfg-01-airsoft-replicafull-metal-mosfet\/#primaryimage"},"thumbnailUrl":"https:\/\/lahingupood.ee\/wp-content\/uploads\/2023\/06\/31004.png","datePublished":"2023-06-05T12:20:24+00:00","dateModified":"2026-04-12T15:15:03+00:00","description":"GFG 01 Airsoft Replica(Full Metal Mosfet) M4A1 replica. Relv on valmistatud valdavalt metallist. Kaba, laes\u00e4\u00e4r ja p\u00fcstolk\u00e4epide on pol\u00fcmeerist.","breadcrumb":{"@id":"https:\/\/lahingupood.ee\/toode\/gfg-01-airsoft-replicafull-metal-mosfet\/#breadcrumb"},"inLanguage":"en-GB","potentialAction":[{"@type":"ReadAction","target":["https:\/\/lahingupood.ee\/toode\/gfg-01-airsoft-replicafull-metal-mosfet\/"]}]},{"@type":"ImageObject","inLanguage":"en-GB","@id":"https:\/\/lahingupood.ee\/toode\/gfg-01-airsoft-replicafull-metal-mosfet\/#primaryimage","url":"https:\/\/lahingupood.ee\/wp-content\/uploads\/2023\/06\/31004.png","contentUrl":"https:\/\/lahingupood.ee\/wp-content\/uploads\/2023\/06\/31004.png","width":930,"height":651,"caption":"gfg-01-airsoft-replicafull-metal-mosfet"},{"@type":"BreadcrumbList","@id":"https:\/\/lahingupood.ee\/toode\/gfg-01-airsoft-replicafull-metal-mosfet\/#breadcrumb","itemListElement":[{"@type":"ListItem","position":1,"name":"Home","item":"https:\/\/lahingupood.ee\/"},{"@type":"ListItem","position":2,"name":"Tooted","item":"https:\/\/lahingupood.ee\/tooted\/"},{"@type":"ListItem","position":3,"name":"GFG 01 Airsoft Replica(Full Metal Mosfet)"}]},{"@type":"WebSite","@id":"https:\/\/lahingupood.ee\/#website","url":"https:\/\/lahingupood.ee\/","name":"Lahingurada e-pood","description":"Airsoft","publisher":{"@id":"https:\/\/lahingupood.ee\/#organization"},"potentialAction":[{"@type":"SearchAction","target":{"@type":"EntryPoint","urlTemplate":"https:\/\/lahingupood.ee\/?s={search_term_string}"},"query-input":{"@type":"PropertyValueSpecification","valueRequired":true,"valueName":"search_term_string"}}],"inLanguage":"en-GB"},{"@type":"Organization","@id":"https:\/\/lahingupood.ee\/#organization","name":"Lahingurada","url":"https:\/\/lahingupood.ee\/","logo":{"@type":"ImageObject","inLanguage":"en-GB","@id":"https:\/\/lahingupood.ee\/#\/schema\/logo\/image\/","url":"https:\/\/lahingupood.ee\/wp-content\/uploads\/2022\/03\/lahingurada-220318.jpg","contentUrl":"https:\/\/lahingupood.ee\/wp-content\/uploads\/2022\/03\/lahingurada-220318.jpg","width":800,"height":500,"caption":"Lahingurada"},"image":{"@id":"https:\/\/lahingupood.ee\/#\/schema\/logo\/image\/"},"sameAs":["https:\/\/www.facebook.com\/Lahingurada-629940247212967"]}]}},"_links":{"self":[{"href":"https:\/\/lahingupood.ee\/en\/wp-json\/wp\/v2\/product\/3717","targetHints":{"allow":["GET"]}}],"collection":[{"href":"https:\/\/lahingupood.ee\/en\/wp-json\/wp\/v2\/product"}],"about":[{"href":"https:\/\/lahingupood.ee\/en\/wp-json\/wp\/v2\/types\/product"}],"wp:featuredmedia":[{"embeddable":true,"href":"https:\/\/lahingupood.ee\/en\/wp-json\/wp\/v2\/media\/3718"}],"wp:attachment":[{"href":"https:\/\/lahingupood.ee\/en\/wp-json\/wp\/v2\/media?parent=3717"}],"wp:term":[{"taxonomy":"product_brand","embeddable":true,"href":"https:\/\/lahingupood.ee\/en\/wp-json\/wp\/v2\/product_brand?post=3717"},{"taxonomy":"product_cat","embeddable":true,"href":"https:\/\/lahingupood.ee\/en\/wp-json\/wp\/v2\/product_cat?post=3717"},{"taxonomy":"product_tag","embeddable":true,"href":"https:\/\/lahingupood.ee\/en\/wp-json\/wp\/v2\/product_tag?post=3717"}],"curies":[{"name":"wp","href":"https:\/\/api.w.org\/{rel}","templated":true}]}}