{"id":3682,"date":"2023-06-05T13:39:38","date_gmt":"2023-06-05T10:39:38","guid":{"rendered":"https:\/\/lahingupood.ee\/?post_type=product&#038;p=3682"},"modified":"2026-04-12T20:30:07","modified_gmt":"2026-04-12T17:30:07","slug":"jg-rk74-lmg-ebb","status":"publish","type":"product","link":"https:\/\/lahingupood.ee\/en\/product\/jg-rk74-lmg-ebb\/","title":{"rendered":"JG RK74 LMG EBB"},"content":{"rendered":"<p>JG RK74 LMG EBB<\/p>\n<p>JG RK74 on RPK kergekuulipilduja replika. Relv on valmistatud valdavat metallist. Kaba, laes\u00e4\u00e4r, gaasitoru kate ja p\u00fcstolk\u00e4epide on valmistatud puidust. Relval on EBB s\u00fcsteem ehk elektriline tagasil\u00f6\u00f6k(luku imitatsioon liigub laskmise ajal).<\/p>","protected":false},"excerpt":{"rendered":"<p>JG RK74 LMG EBB JG RK74 on RPK kergekuulipilduja replika. Relv on valmistatud valdavat metallist. Kaba, laes\u00e4\u00e4r, gaasitoru kate ja p\u00fcstolk\u00e4epide on valmistatud puidust. Relval on EBB s\u00fcsteem ehk elektriline tagasil\u00f6\u00f6k(luku imitatsioon liigub laskmise ajal).<\/p>","protected":false},"featured_media":3683,"template":"","meta":[],"product_brand":[],"product_cat":[23,77],"product_tag":[],"class_list":{"0":"post-3682","1":"product","2":"type-product","3":"status-publish","4":"has-post-thumbnail","6":"product_cat-elektrilised-relvad","7":"product_cat-sooduspakkumised","9":"first","10":"outofstock","11":"taxable","12":"shipping-taxable","13":"purchasable","14":"product-type-simple"},"yoast_head":"<!-- This site is optimized with the Yoast SEO Premium plugin v27.3 (Yoast SEO v27.3) - https:\/\/yoast.com\/product\/yoast-seo-premium-wordpress\/ -->\n<title>JG RK74 LMG EBB - Lahingurada e-pood<\/title>\n<meta name=\"description\" content=\"JG RK74 LMG EBBJG RK74 on RPK kergekuulipilduja replika. Relv on valmistatud valdavat metallist. Kaba, laes\u00e4\u00e4r, gaasitoru kate ja p\u00fcstolk\u00e4epide on\" \/>\n<meta name=\"robots\" content=\"index, follow, max-snippet:-1, max-image-preview:large, max-video-preview:-1\" \/>\n<link rel=\"canonical\" href=\"https:\/\/lahingupood.ee\/en\/product\/jg-rk74-lmg-ebb\/\" \/>\n<meta property=\"og:locale\" content=\"en_GB\" \/>\n<meta property=\"og:type\" content=\"article\" \/>\n<meta property=\"og:title\" content=\"JG RK74 LMG EBB\" \/>\n<meta property=\"og:description\" content=\"JG RK74 LMG EBBJG RK74 on RPK kergekuulipilduja replika. Relv on valmistatud valdavat metallist. Kaba, laes\u00e4\u00e4r, gaasitoru kate ja p\u00fcstolk\u00e4epide on\" \/>\n<meta property=\"og:url\" content=\"https:\/\/lahingupood.ee\/en\/product\/jg-rk74-lmg-ebb\/\" \/>\n<meta property=\"og:site_name\" content=\"Lahingurada e-pood\" \/>\n<meta property=\"article:publisher\" content=\"https:\/\/www.facebook.com\/Lahingurada-629940247212967\" \/>\n<meta property=\"article:modified_time\" content=\"2026-04-12T17:30:07+00:00\" \/>\n<meta property=\"og:image\" content=\"https:\/\/lahingupood.ee\/wp-content\/uploads\/2023\/06\/eng_pl_JG1101-RK-74-machinegun-replica-1152199200_3.webp\" \/>\n\t<meta property=\"og:image:width\" content=\"800\" \/>\n\t<meta property=\"og:image:height\" content=\"545\" \/>\n\t<meta property=\"og:image:type\" content=\"image\/webp\" \/>\n<meta name=\"twitter:card\" content=\"summary_large_image\" \/>\n<meta name=\"twitter:label1\" content=\"Estimated reading time\" \/>\n\t<meta name=\"twitter:data1\" content=\"1 minute\" \/>\n<script type=\"application\/ld+json\" class=\"yoast-schema-graph\">{\"@context\":\"https:\\\/\\\/schema.org\",\"@graph\":[{\"@type\":\"WebPage\",\"@id\":\"https:\\\/\\\/lahingupood.ee\\\/toode\\\/jg-rk74-lmg-ebb\\\/\",\"url\":\"https:\\\/\\\/lahingupood.ee\\\/toode\\\/jg-rk74-lmg-ebb\\\/\",\"name\":\"JG RK74 LMG EBB - Lahingurada e-pood\",\"isPartOf\":{\"@id\":\"https:\\\/\\\/lahingupood.ee\\\/#website\"},\"primaryImageOfPage\":{\"@id\":\"https:\\\/\\\/lahingupood.ee\\\/toode\\\/jg-rk74-lmg-ebb\\\/#primaryimage\"},\"image\":{\"@id\":\"https:\\\/\\\/lahingupood.ee\\\/toode\\\/jg-rk74-lmg-ebb\\\/#primaryimage\"},\"thumbnailUrl\":\"https:\\\/\\\/lahingupood.ee\\\/wp-content\\\/uploads\\\/2023\\\/06\\\/eng_pl_JG1101-RK-74-machinegun-replica-1152199200_3.webp\",\"datePublished\":\"2023-06-05T10:39:38+00:00\",\"dateModified\":\"2026-04-12T17:30:07+00:00\",\"description\":\"JG RK74 LMG EBBJG RK74 on RPK kergekuulipilduja replika. Relv on valmistatud valdavat metallist. Kaba, laes\u00e4\u00e4r, gaasitoru kate ja p\u00fcstolk\u00e4epide on\",\"breadcrumb\":{\"@id\":\"https:\\\/\\\/lahingupood.ee\\\/toode\\\/jg-rk74-lmg-ebb\\\/#breadcrumb\"},\"inLanguage\":\"en-GB\",\"potentialAction\":[{\"@type\":\"ReadAction\",\"target\":[\"https:\\\/\\\/lahingupood.ee\\\/toode\\\/jg-rk74-lmg-ebb\\\/\"]}]},{\"@type\":\"ImageObject\",\"inLanguage\":\"en-GB\",\"@id\":\"https:\\\/\\\/lahingupood.ee\\\/toode\\\/jg-rk74-lmg-ebb\\\/#primaryimage\",\"url\":\"https:\\\/\\\/lahingupood.ee\\\/wp-content\\\/uploads\\\/2023\\\/06\\\/eng_pl_JG1101-RK-74-machinegun-replica-1152199200_3.webp\",\"contentUrl\":\"https:\\\/\\\/lahingupood.ee\\\/wp-content\\\/uploads\\\/2023\\\/06\\\/eng_pl_JG1101-RK-74-machinegun-replica-1152199200_3.webp\",\"width\":800,\"height\":545,\"caption\":\"jg-rk74-lmg-ebb\"},{\"@type\":\"BreadcrumbList\",\"@id\":\"https:\\\/\\\/lahingupood.ee\\\/toode\\\/jg-rk74-lmg-ebb\\\/#breadcrumb\",\"itemListElement\":[{\"@type\":\"ListItem\",\"position\":1,\"name\":\"Home\",\"item\":\"https:\\\/\\\/lahingupood.ee\\\/\"},{\"@type\":\"ListItem\",\"position\":2,\"name\":\"Tooted\",\"item\":\"https:\\\/\\\/lahingupood.ee\\\/tooted\\\/\"},{\"@type\":\"ListItem\",\"position\":3,\"name\":\"JG RK74 LMG EBB\"}]},{\"@type\":\"WebSite\",\"@id\":\"https:\\\/\\\/lahingupood.ee\\\/#website\",\"url\":\"https:\\\/\\\/lahingupood.ee\\\/\",\"name\":\"Lahingurada e-pood\",\"description\":\"Airsoft\",\"publisher\":{\"@id\":\"https:\\\/\\\/lahingupood.ee\\\/#organization\"},\"potentialAction\":[{\"@type\":\"SearchAction\",\"target\":{\"@type\":\"EntryPoint\",\"urlTemplate\":\"https:\\\/\\\/lahingupood.ee\\\/?s={search_term_string}\"},\"query-input\":{\"@type\":\"PropertyValueSpecification\",\"valueRequired\":true,\"valueName\":\"search_term_string\"}}],\"inLanguage\":\"en-GB\"},{\"@type\":\"Organization\",\"@id\":\"https:\\\/\\\/lahingupood.ee\\\/#organization\",\"name\":\"Lahingurada\",\"url\":\"https:\\\/\\\/lahingupood.ee\\\/\",\"logo\":{\"@type\":\"ImageObject\",\"inLanguage\":\"en-GB\",\"@id\":\"https:\\\/\\\/lahingupood.ee\\\/#\\\/schema\\\/logo\\\/image\\\/\",\"url\":\"https:\\\/\\\/lahingupood.ee\\\/wp-content\\\/uploads\\\/2022\\\/03\\\/lahingurada-220318.jpg\",\"contentUrl\":\"https:\\\/\\\/lahingupood.ee\\\/wp-content\\\/uploads\\\/2022\\\/03\\\/lahingurada-220318.jpg\",\"width\":800,\"height\":500,\"caption\":\"Lahingurada\"},\"image\":{\"@id\":\"https:\\\/\\\/lahingupood.ee\\\/#\\\/schema\\\/logo\\\/image\\\/\"},\"sameAs\":[\"https:\\\/\\\/www.facebook.com\\\/Lahingurada-629940247212967\"]}]}<\/script>\n<!-- \/ Yoast SEO Premium plugin. -->","yoast_head_json":{"title":"JG RK74 LMG EBB - Lahingurada e-pood","description":"JG RK74 LMG EBBJG RK74 on RPK kergekuulipilduja replika. Relv on valmistatud valdavat metallist. Kaba, laes\u00e4\u00e4r, gaasitoru kate ja p\u00fcstolk\u00e4epide on","robots":{"index":"index","follow":"follow","max-snippet":"max-snippet:-1","max-image-preview":"max-image-preview:large","max-video-preview":"max-video-preview:-1"},"canonical":"https:\/\/lahingupood.ee\/en\/product\/jg-rk74-lmg-ebb\/","og_locale":"en_GB","og_type":"article","og_title":"JG RK74 LMG EBB","og_description":"JG RK74 LMG EBBJG RK74 on RPK kergekuulipilduja replika. Relv on valmistatud valdavat metallist. Kaba, laes\u00e4\u00e4r, gaasitoru kate ja p\u00fcstolk\u00e4epide on","og_url":"https:\/\/lahingupood.ee\/en\/product\/jg-rk74-lmg-ebb\/","og_site_name":"Lahingurada e-pood","article_publisher":"https:\/\/www.facebook.com\/Lahingurada-629940247212967","article_modified_time":"2026-04-12T17:30:07+00:00","og_image":[{"width":800,"height":545,"url":"https:\/\/lahingupood.ee\/wp-content\/uploads\/2023\/06\/eng_pl_JG1101-RK-74-machinegun-replica-1152199200_3.webp","type":"image\/webp"}],"twitter_card":"summary_large_image","twitter_misc":{"Estimated reading time":"1 minute"},"schema":{"@context":"https:\/\/schema.org","@graph":[{"@type":"WebPage","@id":"https:\/\/lahingupood.ee\/toode\/jg-rk74-lmg-ebb\/","url":"https:\/\/lahingupood.ee\/toode\/jg-rk74-lmg-ebb\/","name":"JG RK74 LMG EBB - Lahingurada e-pood","isPartOf":{"@id":"https:\/\/lahingupood.ee\/#website"},"primaryImageOfPage":{"@id":"https:\/\/lahingupood.ee\/toode\/jg-rk74-lmg-ebb\/#primaryimage"},"image":{"@id":"https:\/\/lahingupood.ee\/toode\/jg-rk74-lmg-ebb\/#primaryimage"},"thumbnailUrl":"https:\/\/lahingupood.ee\/wp-content\/uploads\/2023\/06\/eng_pl_JG1101-RK-74-machinegun-replica-1152199200_3.webp","datePublished":"2023-06-05T10:39:38+00:00","dateModified":"2026-04-12T17:30:07+00:00","description":"JG RK74 LMG EBBJG RK74 on RPK kergekuulipilduja replika. Relv on valmistatud valdavat metallist. Kaba, laes\u00e4\u00e4r, gaasitoru kate ja p\u00fcstolk\u00e4epide on","breadcrumb":{"@id":"https:\/\/lahingupood.ee\/toode\/jg-rk74-lmg-ebb\/#breadcrumb"},"inLanguage":"en-GB","potentialAction":[{"@type":"ReadAction","target":["https:\/\/lahingupood.ee\/toode\/jg-rk74-lmg-ebb\/"]}]},{"@type":"ImageObject","inLanguage":"en-GB","@id":"https:\/\/lahingupood.ee\/toode\/jg-rk74-lmg-ebb\/#primaryimage","url":"https:\/\/lahingupood.ee\/wp-content\/uploads\/2023\/06\/eng_pl_JG1101-RK-74-machinegun-replica-1152199200_3.webp","contentUrl":"https:\/\/lahingupood.ee\/wp-content\/uploads\/2023\/06\/eng_pl_JG1101-RK-74-machinegun-replica-1152199200_3.webp","width":800,"height":545,"caption":"jg-rk74-lmg-ebb"},{"@type":"BreadcrumbList","@id":"https:\/\/lahingupood.ee\/toode\/jg-rk74-lmg-ebb\/#breadcrumb","itemListElement":[{"@type":"ListItem","position":1,"name":"Home","item":"https:\/\/lahingupood.ee\/"},{"@type":"ListItem","position":2,"name":"Tooted","item":"https:\/\/lahingupood.ee\/tooted\/"},{"@type":"ListItem","position":3,"name":"JG RK74 LMG EBB"}]},{"@type":"WebSite","@id":"https:\/\/lahingupood.ee\/#website","url":"https:\/\/lahingupood.ee\/","name":"Lahingurada e-pood","description":"Airsoft","publisher":{"@id":"https:\/\/lahingupood.ee\/#organization"},"potentialAction":[{"@type":"SearchAction","target":{"@type":"EntryPoint","urlTemplate":"https:\/\/lahingupood.ee\/?s={search_term_string}"},"query-input":{"@type":"PropertyValueSpecification","valueRequired":true,"valueName":"search_term_string"}}],"inLanguage":"en-GB"},{"@type":"Organization","@id":"https:\/\/lahingupood.ee\/#organization","name":"Lahingurada","url":"https:\/\/lahingupood.ee\/","logo":{"@type":"ImageObject","inLanguage":"en-GB","@id":"https:\/\/lahingupood.ee\/#\/schema\/logo\/image\/","url":"https:\/\/lahingupood.ee\/wp-content\/uploads\/2022\/03\/lahingurada-220318.jpg","contentUrl":"https:\/\/lahingupood.ee\/wp-content\/uploads\/2022\/03\/lahingurada-220318.jpg","width":800,"height":500,"caption":"Lahingurada"},"image":{"@id":"https:\/\/lahingupood.ee\/#\/schema\/logo\/image\/"},"sameAs":["https:\/\/www.facebook.com\/Lahingurada-629940247212967"]}]}},"_links":{"self":[{"href":"https:\/\/lahingupood.ee\/en\/wp-json\/wp\/v2\/product\/3682","targetHints":{"allow":["GET"]}}],"collection":[{"href":"https:\/\/lahingupood.ee\/en\/wp-json\/wp\/v2\/product"}],"about":[{"href":"https:\/\/lahingupood.ee\/en\/wp-json\/wp\/v2\/types\/product"}],"wp:featuredmedia":[{"embeddable":true,"href":"https:\/\/lahingupood.ee\/en\/wp-json\/wp\/v2\/media\/3683"}],"wp:attachment":[{"href":"https:\/\/lahingupood.ee\/en\/wp-json\/wp\/v2\/media?parent=3682"}],"wp:term":[{"taxonomy":"product_brand","embeddable":true,"href":"https:\/\/lahingupood.ee\/en\/wp-json\/wp\/v2\/product_brand?post=3682"},{"taxonomy":"product_cat","embeddable":true,"href":"https:\/\/lahingupood.ee\/en\/wp-json\/wp\/v2\/product_cat?post=3682"},{"taxonomy":"product_tag","embeddable":true,"href":"https:\/\/lahingupood.ee\/en\/wp-json\/wp\/v2\/product_tag?post=3682"}],"curies":[{"name":"wp","href":"https:\/\/api.w.org\/{rel}","templated":true}]}}