{"id":3671,"date":"2023-06-05T13:15:50","date_gmt":"2023-06-05T10:15:50","guid":{"rendered":"https:\/\/lahingupood.ee\/?post_type=product&#038;p=3671"},"modified":"2026-04-12T20:30:05","modified_gmt":"2026-04-12T17:30:05","slug":"well-g22d-greengas-sniper-rifle","status":"publish","type":"product","link":"https:\/\/lahingupood.ee\/en\/product\/well-g22d-greengas-sniper-rifle\/","title":{"rendered":"Well G22D GreenGas Sniper Rifle"},"content":{"rendered":"<p>Well G22D GreenGas Sniper Rifle<\/p>\n<p>Well G22D on greengasil t\u00f6\u00f6tav snaiprip\u00fcss. Greengas laetakse otse luku sisse l\u00e4bi t\u00e4iteklapi. J\u00f5ud s\u00f5ltub kasutatava gaasi t\u00fc\u00fcbist ja laskemoona kaalust. Lukk on l\u00fchikese k\u00e4iguga, mis kiirendab laadimise protsessi. Komplekti kuulub p\u00fcss, optiline sihik, sihikukinnitused, kanderihm ja harkjala kinnitus.<\/p>\n<p>Energia: 3,5J<\/p>","protected":false},"excerpt":{"rendered":"<p>Well G22D GreenGas Sniper Rifle Well G22D on greengasil t\u00f6\u00f6tav snaiprip\u00fcss. Greengas laetakse otse luku sisse l\u00e4bi t\u00e4iteklapi. J\u00f5ud s\u00f5ltub kasutatava gaasi t\u00fc\u00fcbist ja laskemoona kaalust. Lukk on l\u00fchikese k\u00e4iguga, mis kiirendab laadimise protsessi. Komplekti kuulub p\u00fcss, optiline sihik, sihikukinnitused, kanderihm ja harkjala kinnitus. Energia: 3,5J<\/p>","protected":false},"featured_media":3672,"template":"","meta":[],"product_brand":[],"product_cat":[24,77,49],"product_tag":[],"class_list":{"0":"post-3671","1":"product","2":"type-product","3":"status-publish","4":"has-post-thumbnail","6":"product_cat-gbb-relvad","7":"product_cat-sooduspakkumised","8":"product_cat-vinnastatavad-relvad","10":"first","11":"outofstock","12":"sale","13":"taxable","14":"shipping-taxable","15":"purchasable","16":"product-type-simple"},"yoast_head":"<!-- This site is optimized with the Yoast SEO Premium plugin v27.3 (Yoast SEO v27.3) - https:\/\/yoast.com\/product\/yoast-seo-premium-wordpress\/ -->\n<title>Well G22D GreenGas Sniper Rifle - Lahingurada e-pood<\/title>\n<meta name=\"description\" content=\"Well G22D GreenGas Sniper Rifle Well G22D on greengasil t\u00f6\u00f6tav snaiprip\u00fcss. Greengas laetakse otse luku sisse l\u00e4bi t\u00e4iteklapi. J\u00f5id s\u00f5ltub kasutatava gaasi\" \/>\n<meta name=\"robots\" content=\"index, follow, max-snippet:-1, max-image-preview:large, max-video-preview:-1\" \/>\n<link rel=\"canonical\" href=\"https:\/\/lahingupood.ee\/en\/product\/well-g22d-greengas-sniper-rifle\/\" \/>\n<meta property=\"og:locale\" content=\"en_GB\" \/>\n<meta property=\"og:type\" content=\"article\" \/>\n<meta property=\"og:title\" content=\"Well G22D GreenGas Sniper Rifle\" \/>\n<meta property=\"og:description\" content=\"Well G22D GreenGas Sniper Rifle Well G22D on greengasil t\u00f6\u00f6tav snaiprip\u00fcss. Greengas laetakse otse luku sisse l\u00e4bi t\u00e4iteklapi. J\u00f5id s\u00f5ltub kasutatava gaasi\" \/>\n<meta property=\"og:url\" content=\"https:\/\/lahingupood.ee\/en\/product\/well-g22d-greengas-sniper-rifle\/\" \/>\n<meta property=\"og:site_name\" content=\"Lahingurada e-pood\" \/>\n<meta property=\"article:publisher\" content=\"https:\/\/www.facebook.com\/Lahingurada-629940247212967\" \/>\n<meta property=\"article:modified_time\" content=\"2026-04-12T17:30:05+00:00\" \/>\n<meta property=\"og:image\" content=\"https:\/\/lahingupood.ee\/wp-content\/uploads\/2023\/06\/eng_pl_G22D-sniper-rifle-replica-black-1152192290_1.webp\" \/>\n\t<meta property=\"og:image:width\" content=\"2000\" \/>\n\t<meta property=\"og:image:height\" content=\"1333\" \/>\n\t<meta property=\"og:image:type\" content=\"image\/webp\" \/>\n<meta name=\"twitter:card\" content=\"summary_large_image\" \/>\n<meta name=\"twitter:label1\" content=\"Estimated reading time\" \/>\n\t<meta name=\"twitter:data1\" content=\"1 minute\" \/>\n<script type=\"application\/ld+json\" class=\"yoast-schema-graph\">{\"@context\":\"https:\\\/\\\/schema.org\",\"@graph\":[{\"@type\":\"WebPage\",\"@id\":\"https:\\\/\\\/lahingupood.ee\\\/toode\\\/well-g22d-greengas-sniper-rifle\\\/\",\"url\":\"https:\\\/\\\/lahingupood.ee\\\/toode\\\/well-g22d-greengas-sniper-rifle\\\/\",\"name\":\"Well G22D GreenGas Sniper Rifle - Lahingurada e-pood\",\"isPartOf\":{\"@id\":\"https:\\\/\\\/lahingupood.ee\\\/#website\"},\"primaryImageOfPage\":{\"@id\":\"https:\\\/\\\/lahingupood.ee\\\/toode\\\/well-g22d-greengas-sniper-rifle\\\/#primaryimage\"},\"image\":{\"@id\":\"https:\\\/\\\/lahingupood.ee\\\/toode\\\/well-g22d-greengas-sniper-rifle\\\/#primaryimage\"},\"thumbnailUrl\":\"https:\\\/\\\/lahingupood.ee\\\/wp-content\\\/uploads\\\/2023\\\/06\\\/eng_pl_G22D-sniper-rifle-replica-black-1152192290_1.webp\",\"datePublished\":\"2023-06-05T10:15:50+00:00\",\"dateModified\":\"2026-04-12T17:30:05+00:00\",\"description\":\"Well G22D GreenGas Sniper Rifle Well G22D on greengasil t\u00f6\u00f6tav snaiprip\u00fcss. Greengas laetakse otse luku sisse l\u00e4bi t\u00e4iteklapi. J\u00f5id s\u00f5ltub kasutatava gaasi\",\"breadcrumb\":{\"@id\":\"https:\\\/\\\/lahingupood.ee\\\/toode\\\/well-g22d-greengas-sniper-rifle\\\/#breadcrumb\"},\"inLanguage\":\"en-GB\",\"potentialAction\":[{\"@type\":\"ReadAction\",\"target\":[\"https:\\\/\\\/lahingupood.ee\\\/toode\\\/well-g22d-greengas-sniper-rifle\\\/\"]}]},{\"@type\":\"ImageObject\",\"inLanguage\":\"en-GB\",\"@id\":\"https:\\\/\\\/lahingupood.ee\\\/toode\\\/well-g22d-greengas-sniper-rifle\\\/#primaryimage\",\"url\":\"https:\\\/\\\/lahingupood.ee\\\/wp-content\\\/uploads\\\/2023\\\/06\\\/eng_pl_G22D-sniper-rifle-replica-black-1152192290_1.webp\",\"contentUrl\":\"https:\\\/\\\/lahingupood.ee\\\/wp-content\\\/uploads\\\/2023\\\/06\\\/eng_pl_G22D-sniper-rifle-replica-black-1152192290_1.webp\",\"width\":2000,\"height\":1333,\"caption\":\"well-g22d-greengas-sniper-rifle\"},{\"@type\":\"BreadcrumbList\",\"@id\":\"https:\\\/\\\/lahingupood.ee\\\/toode\\\/well-g22d-greengas-sniper-rifle\\\/#breadcrumb\",\"itemListElement\":[{\"@type\":\"ListItem\",\"position\":1,\"name\":\"Home\",\"item\":\"https:\\\/\\\/lahingupood.ee\\\/\"},{\"@type\":\"ListItem\",\"position\":2,\"name\":\"Tooted\",\"item\":\"https:\\\/\\\/lahingupood.ee\\\/tooted\\\/\"},{\"@type\":\"ListItem\",\"position\":3,\"name\":\"Well G22D GreenGas Sniper Rifle\"}]},{\"@type\":\"WebSite\",\"@id\":\"https:\\\/\\\/lahingupood.ee\\\/#website\",\"url\":\"https:\\\/\\\/lahingupood.ee\\\/\",\"name\":\"Lahingurada e-pood\",\"description\":\"Airsoft\",\"publisher\":{\"@id\":\"https:\\\/\\\/lahingupood.ee\\\/#organization\"},\"potentialAction\":[{\"@type\":\"SearchAction\",\"target\":{\"@type\":\"EntryPoint\",\"urlTemplate\":\"https:\\\/\\\/lahingupood.ee\\\/?s={search_term_string}\"},\"query-input\":{\"@type\":\"PropertyValueSpecification\",\"valueRequired\":true,\"valueName\":\"search_term_string\"}}],\"inLanguage\":\"en-GB\"},{\"@type\":\"Organization\",\"@id\":\"https:\\\/\\\/lahingupood.ee\\\/#organization\",\"name\":\"Lahingurada\",\"url\":\"https:\\\/\\\/lahingupood.ee\\\/\",\"logo\":{\"@type\":\"ImageObject\",\"inLanguage\":\"en-GB\",\"@id\":\"https:\\\/\\\/lahingupood.ee\\\/#\\\/schema\\\/logo\\\/image\\\/\",\"url\":\"https:\\\/\\\/lahingupood.ee\\\/wp-content\\\/uploads\\\/2022\\\/03\\\/lahingurada-220318.jpg\",\"contentUrl\":\"https:\\\/\\\/lahingupood.ee\\\/wp-content\\\/uploads\\\/2022\\\/03\\\/lahingurada-220318.jpg\",\"width\":800,\"height\":500,\"caption\":\"Lahingurada\"},\"image\":{\"@id\":\"https:\\\/\\\/lahingupood.ee\\\/#\\\/schema\\\/logo\\\/image\\\/\"},\"sameAs\":[\"https:\\\/\\\/www.facebook.com\\\/Lahingurada-629940247212967\"]}]}<\/script>\n<!-- \/ Yoast SEO Premium plugin. -->","yoast_head_json":{"title":"Well G22D GreenGas Sniper Rifle - Lahingurada e-pood","description":"Well G22D GreenGas Sniper Rifle Well G22D on greengasil t\u00f6\u00f6tav snaiprip\u00fcss. Greengas laetakse otse luku sisse l\u00e4bi t\u00e4iteklapi. J\u00f5id s\u00f5ltub kasutatava gaasi","robots":{"index":"index","follow":"follow","max-snippet":"max-snippet:-1","max-image-preview":"max-image-preview:large","max-video-preview":"max-video-preview:-1"},"canonical":"https:\/\/lahingupood.ee\/en\/product\/well-g22d-greengas-sniper-rifle\/","og_locale":"en_GB","og_type":"article","og_title":"Well G22D GreenGas Sniper Rifle","og_description":"Well G22D GreenGas Sniper Rifle Well G22D on greengasil t\u00f6\u00f6tav snaiprip\u00fcss. Greengas laetakse otse luku sisse l\u00e4bi t\u00e4iteklapi. J\u00f5id s\u00f5ltub kasutatava gaasi","og_url":"https:\/\/lahingupood.ee\/en\/product\/well-g22d-greengas-sniper-rifle\/","og_site_name":"Lahingurada e-pood","article_publisher":"https:\/\/www.facebook.com\/Lahingurada-629940247212967","article_modified_time":"2026-04-12T17:30:05+00:00","og_image":[{"width":2000,"height":1333,"url":"https:\/\/lahingupood.ee\/wp-content\/uploads\/2023\/06\/eng_pl_G22D-sniper-rifle-replica-black-1152192290_1.webp","type":"image\/webp"}],"twitter_card":"summary_large_image","twitter_misc":{"Estimated reading time":"1 minute"},"schema":{"@context":"https:\/\/schema.org","@graph":[{"@type":"WebPage","@id":"https:\/\/lahingupood.ee\/toode\/well-g22d-greengas-sniper-rifle\/","url":"https:\/\/lahingupood.ee\/toode\/well-g22d-greengas-sniper-rifle\/","name":"Well G22D GreenGas Sniper Rifle - Lahingurada e-pood","isPartOf":{"@id":"https:\/\/lahingupood.ee\/#website"},"primaryImageOfPage":{"@id":"https:\/\/lahingupood.ee\/toode\/well-g22d-greengas-sniper-rifle\/#primaryimage"},"image":{"@id":"https:\/\/lahingupood.ee\/toode\/well-g22d-greengas-sniper-rifle\/#primaryimage"},"thumbnailUrl":"https:\/\/lahingupood.ee\/wp-content\/uploads\/2023\/06\/eng_pl_G22D-sniper-rifle-replica-black-1152192290_1.webp","datePublished":"2023-06-05T10:15:50+00:00","dateModified":"2026-04-12T17:30:05+00:00","description":"Well G22D GreenGas Sniper Rifle Well G22D on greengasil t\u00f6\u00f6tav snaiprip\u00fcss. Greengas laetakse otse luku sisse l\u00e4bi t\u00e4iteklapi. J\u00f5id s\u00f5ltub kasutatava gaasi","breadcrumb":{"@id":"https:\/\/lahingupood.ee\/toode\/well-g22d-greengas-sniper-rifle\/#breadcrumb"},"inLanguage":"en-GB","potentialAction":[{"@type":"ReadAction","target":["https:\/\/lahingupood.ee\/toode\/well-g22d-greengas-sniper-rifle\/"]}]},{"@type":"ImageObject","inLanguage":"en-GB","@id":"https:\/\/lahingupood.ee\/toode\/well-g22d-greengas-sniper-rifle\/#primaryimage","url":"https:\/\/lahingupood.ee\/wp-content\/uploads\/2023\/06\/eng_pl_G22D-sniper-rifle-replica-black-1152192290_1.webp","contentUrl":"https:\/\/lahingupood.ee\/wp-content\/uploads\/2023\/06\/eng_pl_G22D-sniper-rifle-replica-black-1152192290_1.webp","width":2000,"height":1333,"caption":"well-g22d-greengas-sniper-rifle"},{"@type":"BreadcrumbList","@id":"https:\/\/lahingupood.ee\/toode\/well-g22d-greengas-sniper-rifle\/#breadcrumb","itemListElement":[{"@type":"ListItem","position":1,"name":"Home","item":"https:\/\/lahingupood.ee\/"},{"@type":"ListItem","position":2,"name":"Tooted","item":"https:\/\/lahingupood.ee\/tooted\/"},{"@type":"ListItem","position":3,"name":"Well G22D GreenGas Sniper Rifle"}]},{"@type":"WebSite","@id":"https:\/\/lahingupood.ee\/#website","url":"https:\/\/lahingupood.ee\/","name":"Lahingurada e-pood","description":"Airsoft","publisher":{"@id":"https:\/\/lahingupood.ee\/#organization"},"potentialAction":[{"@type":"SearchAction","target":{"@type":"EntryPoint","urlTemplate":"https:\/\/lahingupood.ee\/?s={search_term_string}"},"query-input":{"@type":"PropertyValueSpecification","valueRequired":true,"valueName":"search_term_string"}}],"inLanguage":"en-GB"},{"@type":"Organization","@id":"https:\/\/lahingupood.ee\/#organization","name":"Lahingurada","url":"https:\/\/lahingupood.ee\/","logo":{"@type":"ImageObject","inLanguage":"en-GB","@id":"https:\/\/lahingupood.ee\/#\/schema\/logo\/image\/","url":"https:\/\/lahingupood.ee\/wp-content\/uploads\/2022\/03\/lahingurada-220318.jpg","contentUrl":"https:\/\/lahingupood.ee\/wp-content\/uploads\/2022\/03\/lahingurada-220318.jpg","width":800,"height":500,"caption":"Lahingurada"},"image":{"@id":"https:\/\/lahingupood.ee\/#\/schema\/logo\/image\/"},"sameAs":["https:\/\/www.facebook.com\/Lahingurada-629940247212967"]}]}},"_links":{"self":[{"href":"https:\/\/lahingupood.ee\/en\/wp-json\/wp\/v2\/product\/3671","targetHints":{"allow":["GET"]}}],"collection":[{"href":"https:\/\/lahingupood.ee\/en\/wp-json\/wp\/v2\/product"}],"about":[{"href":"https:\/\/lahingupood.ee\/en\/wp-json\/wp\/v2\/types\/product"}],"wp:featuredmedia":[{"embeddable":true,"href":"https:\/\/lahingupood.ee\/en\/wp-json\/wp\/v2\/media\/3672"}],"wp:attachment":[{"href":"https:\/\/lahingupood.ee\/en\/wp-json\/wp\/v2\/media?parent=3671"}],"wp:term":[{"taxonomy":"product_brand","embeddable":true,"href":"https:\/\/lahingupood.ee\/en\/wp-json\/wp\/v2\/product_brand?post=3671"},{"taxonomy":"product_cat","embeddable":true,"href":"https:\/\/lahingupood.ee\/en\/wp-json\/wp\/v2\/product_cat?post=3671"},{"taxonomy":"product_tag","embeddable":true,"href":"https:\/\/lahingupood.ee\/en\/wp-json\/wp\/v2\/product_tag?post=3671"}],"curies":[{"name":"wp","href":"https:\/\/api.w.org\/{rel}","templated":true}]}}