{"id":3666,"date":"2023-06-05T12:54:28","date_gmt":"2023-06-05T09:54:28","guid":{"rendered":"https:\/\/lahingupood.ee\/?post_type=product&#038;p=3666"},"modified":"2026-04-12T20:30:07","modified_gmt":"2026-04-12T17:30:07","slug":"cyma-cm360-shotgun","status":"publish","type":"product","link":"https:\/\/lahingupood.ee\/en\/product\/cyma-cm360-shotgun\/","title":{"rendered":"Cyma CM360 Shotgun"},"content":{"rendered":"<p>Cyma CM360 Shotgun<\/p>\n<p>Cyma pumpp\u00fcssid on k\u00f5ige levinumad vedruvinnastatavad p\u00fcmp\u00fcssid airsofti maastikul. Hea hinna ja kvaliteedi suhe teeb neist paljude airsofterite lemmiku. P\u00fcss laseb \u00fche lasuga kolm kuuli. Kuulid asuvad 12cal padrunikujulises salves. \u00dcks padrun mahutab 30 kuuli(10 lasku). HopUp fikseeritud.<\/p>","protected":false},"excerpt":{"rendered":"<p>Cyma CM360 Shotgun Cyma pumpp\u00fcssid on k\u00f5ige levinumad vedruvinnastatavad p\u00fcmp\u00fcssid airsofti maastikul. Hea hinna ja kvaliteedi suhe teeb neist paljude airsofterite lemmiku. P\u00fcss laseb \u00fche lasuga kolm kuuli. Kuulid asuvad 12cal padrunikujulises salves. \u00dcks padrun mahutab 30 kuuli(10 lasku). HopUp fikseeritud.<\/p>","protected":false},"featured_media":3667,"template":"","meta":[],"product_brand":[],"product_cat":[49],"product_tag":[],"class_list":{"0":"post-3666","1":"product","2":"type-product","3":"status-publish","4":"has-post-thumbnail","6":"product_cat-vinnastatavad-relvad","8":"first","9":"outofstock","10":"taxable","11":"shipping-taxable","12":"purchasable","13":"product-type-simple"},"yoast_head":"<!-- This site is optimized with the Yoast SEO Premium plugin v27.3 (Yoast SEO v27.3) - https:\/\/yoast.com\/product\/yoast-seo-premium-wordpress\/ -->\n<title>Cyma CM360 Shotgun - Lahingurada e-pood<\/title>\n<meta name=\"description\" content=\"Cyma CM360 Shotgun Cyma pumpp\u00fcssid on k\u00f5ige levinumad vedruvinnastatavad p\u00fcmp\u00fcssid airsofti maastikul. Hea hinna ja kvaliteedi suhe teeb neist palju\" \/>\n<meta name=\"robots\" content=\"index, follow, max-snippet:-1, max-image-preview:large, max-video-preview:-1\" \/>\n<link rel=\"canonical\" href=\"https:\/\/lahingupood.ee\/en\/product\/cyma-cm360-shotgun\/\" \/>\n<meta property=\"og:locale\" content=\"en_GB\" \/>\n<meta property=\"og:type\" content=\"article\" \/>\n<meta property=\"og:title\" content=\"Cyma CM360 Shotgun\" \/>\n<meta property=\"og:description\" content=\"Cyma CM360 Shotgun Cyma pumpp\u00fcssid on k\u00f5ige levinumad vedruvinnastatavad p\u00fcmp\u00fcssid airsofti maastikul. Hea hinna ja kvaliteedi suhe teeb neist palju\" \/>\n<meta property=\"og:url\" content=\"https:\/\/lahingupood.ee\/en\/product\/cyma-cm360-shotgun\/\" \/>\n<meta property=\"og:site_name\" content=\"Lahingurada e-pood\" \/>\n<meta property=\"article:publisher\" content=\"https:\/\/www.facebook.com\/Lahingurada-629940247212967\" \/>\n<meta property=\"article:modified_time\" content=\"2026-04-12T17:30:07+00:00\" \/>\n<meta property=\"og:image\" content=\"https:\/\/lahingupood.ee\/wp-content\/uploads\/2023\/06\/eng_pl_CM360-Shotgun-Replica-1152213270_1.webp\" \/>\n\t<meta property=\"og:image:width\" content=\"1920\" \/>\n\t<meta property=\"og:image:height\" content=\"1280\" \/>\n\t<meta property=\"og:image:type\" content=\"image\/webp\" \/>\n<meta name=\"twitter:card\" content=\"summary_large_image\" \/>\n<meta name=\"twitter:label1\" content=\"Estimated reading time\" \/>\n\t<meta name=\"twitter:data1\" content=\"1 minute\" \/>\n<script type=\"application\/ld+json\" class=\"yoast-schema-graph\">{\"@context\":\"https:\\\/\\\/schema.org\",\"@graph\":[{\"@type\":\"WebPage\",\"@id\":\"https:\\\/\\\/lahingupood.ee\\\/toode\\\/cyma-cm360-shotgun\\\/\",\"url\":\"https:\\\/\\\/lahingupood.ee\\\/toode\\\/cyma-cm360-shotgun\\\/\",\"name\":\"Cyma CM360 Shotgun - Lahingurada e-pood\",\"isPartOf\":{\"@id\":\"https:\\\/\\\/lahingupood.ee\\\/#website\"},\"primaryImageOfPage\":{\"@id\":\"https:\\\/\\\/lahingupood.ee\\\/toode\\\/cyma-cm360-shotgun\\\/#primaryimage\"},\"image\":{\"@id\":\"https:\\\/\\\/lahingupood.ee\\\/toode\\\/cyma-cm360-shotgun\\\/#primaryimage\"},\"thumbnailUrl\":\"https:\\\/\\\/lahingupood.ee\\\/wp-content\\\/uploads\\\/2023\\\/06\\\/eng_pl_CM360-Shotgun-Replica-1152213270_1.webp\",\"datePublished\":\"2023-06-05T09:54:28+00:00\",\"dateModified\":\"2026-04-12T17:30:07+00:00\",\"description\":\"Cyma CM360 Shotgun Cyma pumpp\u00fcssid on k\u00f5ige levinumad vedruvinnastatavad p\u00fcmp\u00fcssid airsofti maastikul. Hea hinna ja kvaliteedi suhe teeb neist palju\",\"breadcrumb\":{\"@id\":\"https:\\\/\\\/lahingupood.ee\\\/toode\\\/cyma-cm360-shotgun\\\/#breadcrumb\"},\"inLanguage\":\"en-GB\",\"potentialAction\":[{\"@type\":\"ReadAction\",\"target\":[\"https:\\\/\\\/lahingupood.ee\\\/toode\\\/cyma-cm360-shotgun\\\/\"]}]},{\"@type\":\"ImageObject\",\"inLanguage\":\"en-GB\",\"@id\":\"https:\\\/\\\/lahingupood.ee\\\/toode\\\/cyma-cm360-shotgun\\\/#primaryimage\",\"url\":\"https:\\\/\\\/lahingupood.ee\\\/wp-content\\\/uploads\\\/2023\\\/06\\\/eng_pl_CM360-Shotgun-Replica-1152213270_1.webp\",\"contentUrl\":\"https:\\\/\\\/lahingupood.ee\\\/wp-content\\\/uploads\\\/2023\\\/06\\\/eng_pl_CM360-Shotgun-Replica-1152213270_1.webp\",\"width\":1920,\"height\":1280,\"caption\":\"cyma-cm360-shotgun\"},{\"@type\":\"BreadcrumbList\",\"@id\":\"https:\\\/\\\/lahingupood.ee\\\/toode\\\/cyma-cm360-shotgun\\\/#breadcrumb\",\"itemListElement\":[{\"@type\":\"ListItem\",\"position\":1,\"name\":\"Home\",\"item\":\"https:\\\/\\\/lahingupood.ee\\\/\"},{\"@type\":\"ListItem\",\"position\":2,\"name\":\"Tooted\",\"item\":\"https:\\\/\\\/lahingupood.ee\\\/tooted\\\/\"},{\"@type\":\"ListItem\",\"position\":3,\"name\":\"Cyma CM360 Shotgun\"}]},{\"@type\":\"WebSite\",\"@id\":\"https:\\\/\\\/lahingupood.ee\\\/#website\",\"url\":\"https:\\\/\\\/lahingupood.ee\\\/\",\"name\":\"Lahingurada e-pood\",\"description\":\"Airsoft\",\"publisher\":{\"@id\":\"https:\\\/\\\/lahingupood.ee\\\/#organization\"},\"potentialAction\":[{\"@type\":\"SearchAction\",\"target\":{\"@type\":\"EntryPoint\",\"urlTemplate\":\"https:\\\/\\\/lahingupood.ee\\\/?s={search_term_string}\"},\"query-input\":{\"@type\":\"PropertyValueSpecification\",\"valueRequired\":true,\"valueName\":\"search_term_string\"}}],\"inLanguage\":\"en-GB\"},{\"@type\":\"Organization\",\"@id\":\"https:\\\/\\\/lahingupood.ee\\\/#organization\",\"name\":\"Lahingurada\",\"url\":\"https:\\\/\\\/lahingupood.ee\\\/\",\"logo\":{\"@type\":\"ImageObject\",\"inLanguage\":\"en-GB\",\"@id\":\"https:\\\/\\\/lahingupood.ee\\\/#\\\/schema\\\/logo\\\/image\\\/\",\"url\":\"https:\\\/\\\/lahingupood.ee\\\/wp-content\\\/uploads\\\/2022\\\/03\\\/lahingurada-220318.jpg\",\"contentUrl\":\"https:\\\/\\\/lahingupood.ee\\\/wp-content\\\/uploads\\\/2022\\\/03\\\/lahingurada-220318.jpg\",\"width\":800,\"height\":500,\"caption\":\"Lahingurada\"},\"image\":{\"@id\":\"https:\\\/\\\/lahingupood.ee\\\/#\\\/schema\\\/logo\\\/image\\\/\"},\"sameAs\":[\"https:\\\/\\\/www.facebook.com\\\/Lahingurada-629940247212967\"]}]}<\/script>\n<!-- \/ Yoast SEO Premium plugin. -->","yoast_head_json":{"title":"Cyma CM360 Shotgun - Lahingurada e-pood","description":"Cyma CM360 Shotgun Cyma pumpp\u00fcssid on k\u00f5ige levinumad vedruvinnastatavad p\u00fcmp\u00fcssid airsofti maastikul. Hea hinna ja kvaliteedi suhe teeb neist palju","robots":{"index":"index","follow":"follow","max-snippet":"max-snippet:-1","max-image-preview":"max-image-preview:large","max-video-preview":"max-video-preview:-1"},"canonical":"https:\/\/lahingupood.ee\/en\/product\/cyma-cm360-shotgun\/","og_locale":"en_GB","og_type":"article","og_title":"Cyma CM360 Shotgun","og_description":"Cyma CM360 Shotgun Cyma pumpp\u00fcssid on k\u00f5ige levinumad vedruvinnastatavad p\u00fcmp\u00fcssid airsofti maastikul. Hea hinna ja kvaliteedi suhe teeb neist palju","og_url":"https:\/\/lahingupood.ee\/en\/product\/cyma-cm360-shotgun\/","og_site_name":"Lahingurada e-pood","article_publisher":"https:\/\/www.facebook.com\/Lahingurada-629940247212967","article_modified_time":"2026-04-12T17:30:07+00:00","og_image":[{"width":1920,"height":1280,"url":"https:\/\/lahingupood.ee\/wp-content\/uploads\/2023\/06\/eng_pl_CM360-Shotgun-Replica-1152213270_1.webp","type":"image\/webp"}],"twitter_card":"summary_large_image","twitter_misc":{"Estimated reading time":"1 minute"},"schema":{"@context":"https:\/\/schema.org","@graph":[{"@type":"WebPage","@id":"https:\/\/lahingupood.ee\/toode\/cyma-cm360-shotgun\/","url":"https:\/\/lahingupood.ee\/toode\/cyma-cm360-shotgun\/","name":"Cyma CM360 Shotgun - Lahingurada e-pood","isPartOf":{"@id":"https:\/\/lahingupood.ee\/#website"},"primaryImageOfPage":{"@id":"https:\/\/lahingupood.ee\/toode\/cyma-cm360-shotgun\/#primaryimage"},"image":{"@id":"https:\/\/lahingupood.ee\/toode\/cyma-cm360-shotgun\/#primaryimage"},"thumbnailUrl":"https:\/\/lahingupood.ee\/wp-content\/uploads\/2023\/06\/eng_pl_CM360-Shotgun-Replica-1152213270_1.webp","datePublished":"2023-06-05T09:54:28+00:00","dateModified":"2026-04-12T17:30:07+00:00","description":"Cyma CM360 Shotgun Cyma pumpp\u00fcssid on k\u00f5ige levinumad vedruvinnastatavad p\u00fcmp\u00fcssid airsofti maastikul. Hea hinna ja kvaliteedi suhe teeb neist palju","breadcrumb":{"@id":"https:\/\/lahingupood.ee\/toode\/cyma-cm360-shotgun\/#breadcrumb"},"inLanguage":"en-GB","potentialAction":[{"@type":"ReadAction","target":["https:\/\/lahingupood.ee\/toode\/cyma-cm360-shotgun\/"]}]},{"@type":"ImageObject","inLanguage":"en-GB","@id":"https:\/\/lahingupood.ee\/toode\/cyma-cm360-shotgun\/#primaryimage","url":"https:\/\/lahingupood.ee\/wp-content\/uploads\/2023\/06\/eng_pl_CM360-Shotgun-Replica-1152213270_1.webp","contentUrl":"https:\/\/lahingupood.ee\/wp-content\/uploads\/2023\/06\/eng_pl_CM360-Shotgun-Replica-1152213270_1.webp","width":1920,"height":1280,"caption":"cyma-cm360-shotgun"},{"@type":"BreadcrumbList","@id":"https:\/\/lahingupood.ee\/toode\/cyma-cm360-shotgun\/#breadcrumb","itemListElement":[{"@type":"ListItem","position":1,"name":"Home","item":"https:\/\/lahingupood.ee\/"},{"@type":"ListItem","position":2,"name":"Tooted","item":"https:\/\/lahingupood.ee\/tooted\/"},{"@type":"ListItem","position":3,"name":"Cyma CM360 Shotgun"}]},{"@type":"WebSite","@id":"https:\/\/lahingupood.ee\/#website","url":"https:\/\/lahingupood.ee\/","name":"Lahingurada e-pood","description":"Airsoft","publisher":{"@id":"https:\/\/lahingupood.ee\/#organization"},"potentialAction":[{"@type":"SearchAction","target":{"@type":"EntryPoint","urlTemplate":"https:\/\/lahingupood.ee\/?s={search_term_string}"},"query-input":{"@type":"PropertyValueSpecification","valueRequired":true,"valueName":"search_term_string"}}],"inLanguage":"en-GB"},{"@type":"Organization","@id":"https:\/\/lahingupood.ee\/#organization","name":"Lahingurada","url":"https:\/\/lahingupood.ee\/","logo":{"@type":"ImageObject","inLanguage":"en-GB","@id":"https:\/\/lahingupood.ee\/#\/schema\/logo\/image\/","url":"https:\/\/lahingupood.ee\/wp-content\/uploads\/2022\/03\/lahingurada-220318.jpg","contentUrl":"https:\/\/lahingupood.ee\/wp-content\/uploads\/2022\/03\/lahingurada-220318.jpg","width":800,"height":500,"caption":"Lahingurada"},"image":{"@id":"https:\/\/lahingupood.ee\/#\/schema\/logo\/image\/"},"sameAs":["https:\/\/www.facebook.com\/Lahingurada-629940247212967"]}]}},"_links":{"self":[{"href":"https:\/\/lahingupood.ee\/en\/wp-json\/wp\/v2\/product\/3666","targetHints":{"allow":["GET"]}}],"collection":[{"href":"https:\/\/lahingupood.ee\/en\/wp-json\/wp\/v2\/product"}],"about":[{"href":"https:\/\/lahingupood.ee\/en\/wp-json\/wp\/v2\/types\/product"}],"wp:featuredmedia":[{"embeddable":true,"href":"https:\/\/lahingupood.ee\/en\/wp-json\/wp\/v2\/media\/3667"}],"wp:attachment":[{"href":"https:\/\/lahingupood.ee\/en\/wp-json\/wp\/v2\/media?parent=3666"}],"wp:term":[{"taxonomy":"product_brand","embeddable":true,"href":"https:\/\/lahingupood.ee\/en\/wp-json\/wp\/v2\/product_brand?post=3666"},{"taxonomy":"product_cat","embeddable":true,"href":"https:\/\/lahingupood.ee\/en\/wp-json\/wp\/v2\/product_cat?post=3666"},{"taxonomy":"product_tag","embeddable":true,"href":"https:\/\/lahingupood.ee\/en\/wp-json\/wp\/v2\/product_tag?post=3666"}],"curies":[{"name":"wp","href":"https:\/\/api.w.org\/{rel}","templated":true}]}}