{"id":3559,"date":"2023-06-01T21:37:50","date_gmt":"2023-06-01T18:37:50","guid":{"rendered":"https:\/\/lahingupood.ee\/?post_type=product&#038;p=3559"},"modified":"2026-05-07T15:30:03","modified_gmt":"2026-05-07T12:30:03","slug":"ak-m4a1-stw-systema-ptw-replika","status":"publish","type":"product","link":"https:\/\/lahingupood.ee\/en\/product\/ak-m4a1-stw-systema-ptw-replika\/","title":{"rendered":"A&#038;K M4A1 STW (Systema PTW Replika)"},"content":{"rendered":"<p>A&amp;K M4A1 STW (Systema PTW Replika)<\/p>\n<p>PTW ehk Professional Training Weapon replitseerib maksimaalselt p\u00e4risrelva. Selle kaal, v\u00e4lism\u00f5\u00f5dud ja materjal on t\u00e4pselt sama, mis tulirelval. Salv kaalub nagu laetud tulirelva salv. Relva elektroonika l\u00fclitab selle v\u00e4lja kui salves pole enam kuule. Peale salve vahetamist on vaja vajutada lukuriivi nuppu. Sobib eelk\u00f5ige modelleerijatele ja rekonstruktoritele. Komplekti kuulub replika ja 2 salve.<\/p>\n<p>Energia: 1,45J<\/p>","protected":false},"excerpt":{"rendered":"<p>A&amp;K M4A1 STW (Systema PTW Replika) PTW ehk Professional Training Weapon replitseerib maksimaalselt p\u00e4risrelva. Selle kaal, v\u00e4lism\u00f5\u00f5dud ja materjal on t\u00e4pselt sama, mis tulirelval. Salv kaalub nagu laetud tulirelva salv. Relva elektroonika l\u00fclitab selle v\u00e4lja kui salves pole enam kuule. Peale salve vahetamist on vaja vajutada lukuriivi nuppu. Sobib eelk\u00f5ige modelleerijatele ja rekonstruktoritele. Komplekti kuulub [&#8230;]\n","protected":false},"featured_media":3560,"template":"","meta":[],"product_brand":[],"product_cat":[23,77],"product_tag":[],"class_list":{"0":"post-3559","1":"product","2":"type-product","3":"status-publish","4":"has-post-thumbnail","6":"product_cat-elektrilised-relvad","7":"product_cat-sooduspakkumised","9":"first","10":"outofstock","11":"sale","12":"taxable","13":"shipping-taxable","14":"purchasable","15":"product-type-simple"},"yoast_head":"<!-- This site is optimized with the Yoast SEO Premium plugin v27.5 (Yoast SEO v27.5) - https:\/\/yoast.com\/product\/yoast-seo-premium-wordpress\/ -->\n<title>A&amp;K M4A1 STW (Systema PTW Replika) - Lahingurada e-pood<\/title>\n<meta name=\"description\" content=\"A&amp;K M4A1 STW (Systema PTW Replika) PTW ehk Professional Training Weapon replitseerib maksimaalselt p\u00e4risrelva. Selle kaal, v\u00e4lism\u00f5\u00f5dud ja materjal\" \/>\n<meta name=\"robots\" content=\"index, follow, max-snippet:-1, max-image-preview:large, max-video-preview:-1\" \/>\n<link rel=\"canonical\" href=\"https:\/\/lahingupood.ee\/en\/product\/ak-m4a1-stw-systema-ptw-replika\/\" \/>\n<meta property=\"og:locale\" content=\"en_GB\" \/>\n<meta property=\"og:type\" content=\"article\" \/>\n<meta property=\"og:title\" content=\"A&amp;K M4A1 STW (Systema PTW Replika)\" \/>\n<meta property=\"og:description\" content=\"A&amp;K M4A1 STW (Systema PTW Replika) PTW ehk Professional Training Weapon replitseerib maksimaalselt p\u00e4risrelva. Selle kaal, v\u00e4lism\u00f5\u00f5dud ja materjal\" \/>\n<meta property=\"og:url\" content=\"https:\/\/lahingupood.ee\/en\/product\/ak-m4a1-stw-systema-ptw-replika\/\" \/>\n<meta property=\"og:site_name\" content=\"Lahingurada e-pood\" \/>\n<meta property=\"article:publisher\" content=\"https:\/\/www.facebook.com\/Lahingurada-629940247212967\" \/>\n<meta property=\"article:modified_time\" content=\"2026-05-07T12:30:03+00:00\" \/>\n<meta property=\"og:image\" content=\"https:\/\/lahingupood.ee\/wp-content\/uploads\/2023\/06\/ANKSTWM4A1.jpg\" \/>\n\t<meta property=\"og:image:width\" content=\"700\" \/>\n\t<meta property=\"og:image:height\" content=\"379\" \/>\n\t<meta property=\"og:image:type\" content=\"image\/jpeg\" \/>\n<meta name=\"twitter:card\" content=\"summary_large_image\" \/>\n<meta name=\"twitter:label1\" content=\"Estimated reading time\" \/>\n\t<meta name=\"twitter:data1\" content=\"1 minute\" \/>\n<script type=\"application\/ld+json\" class=\"yoast-schema-graph\">{\"@context\":\"https:\\\/\\\/schema.org\",\"@graph\":[{\"@type\":\"WebPage\",\"@id\":\"https:\\\/\\\/lahingupood.ee\\\/toode\\\/ak-m4a1-stw-systema-ptw-replika\\\/\",\"url\":\"https:\\\/\\\/lahingupood.ee\\\/toode\\\/ak-m4a1-stw-systema-ptw-replika\\\/\",\"name\":\"A&K M4A1 STW (Systema PTW Replika) - Lahingurada e-pood\",\"isPartOf\":{\"@id\":\"https:\\\/\\\/lahingupood.ee\\\/#website\"},\"primaryImageOfPage\":{\"@id\":\"https:\\\/\\\/lahingupood.ee\\\/toode\\\/ak-m4a1-stw-systema-ptw-replika\\\/#primaryimage\"},\"image\":{\"@id\":\"https:\\\/\\\/lahingupood.ee\\\/toode\\\/ak-m4a1-stw-systema-ptw-replika\\\/#primaryimage\"},\"thumbnailUrl\":\"https:\\\/\\\/lahingupood.ee\\\/wp-content\\\/uploads\\\/2023\\\/06\\\/ANKSTWM4A1.jpg\",\"datePublished\":\"2023-06-01T18:37:50+00:00\",\"dateModified\":\"2026-05-07T12:30:03+00:00\",\"description\":\"A&K M4A1 STW (Systema PTW Replika) PTW ehk Professional Training Weapon replitseerib maksimaalselt p\u00e4risrelva. Selle kaal, v\u00e4lism\u00f5\u00f5dud ja materjal\",\"breadcrumb\":{\"@id\":\"https:\\\/\\\/lahingupood.ee\\\/toode\\\/ak-m4a1-stw-systema-ptw-replika\\\/#breadcrumb\"},\"inLanguage\":\"en-GB\",\"potentialAction\":[{\"@type\":\"ReadAction\",\"target\":[\"https:\\\/\\\/lahingupood.ee\\\/toode\\\/ak-m4a1-stw-systema-ptw-replika\\\/\"]}]},{\"@type\":\"ImageObject\",\"inLanguage\":\"en-GB\",\"@id\":\"https:\\\/\\\/lahingupood.ee\\\/toode\\\/ak-m4a1-stw-systema-ptw-replika\\\/#primaryimage\",\"url\":\"https:\\\/\\\/lahingupood.ee\\\/wp-content\\\/uploads\\\/2023\\\/06\\\/ANKSTWM4A1.jpg\",\"contentUrl\":\"https:\\\/\\\/lahingupood.ee\\\/wp-content\\\/uploads\\\/2023\\\/06\\\/ANKSTWM4A1.jpg\",\"width\":700,\"height\":379,\"caption\":\"ak-m4a1-stw-systema-ptw-replika\"},{\"@type\":\"BreadcrumbList\",\"@id\":\"https:\\\/\\\/lahingupood.ee\\\/toode\\\/ak-m4a1-stw-systema-ptw-replika\\\/#breadcrumb\",\"itemListElement\":[{\"@type\":\"ListItem\",\"position\":1,\"name\":\"Home\",\"item\":\"https:\\\/\\\/lahingupood.ee\\\/\"},{\"@type\":\"ListItem\",\"position\":2,\"name\":\"Tooted\",\"item\":\"https:\\\/\\\/lahingupood.ee\\\/tooted\\\/\"},{\"@type\":\"ListItem\",\"position\":3,\"name\":\"A&#038;K M4A1 STW (Systema PTW Replika)\"}]},{\"@type\":\"WebSite\",\"@id\":\"https:\\\/\\\/lahingupood.ee\\\/#website\",\"url\":\"https:\\\/\\\/lahingupood.ee\\\/\",\"name\":\"Lahingurada e-pood\",\"description\":\"Airsoft\",\"publisher\":{\"@id\":\"https:\\\/\\\/lahingupood.ee\\\/#organization\"},\"potentialAction\":[{\"@type\":\"SearchAction\",\"target\":{\"@type\":\"EntryPoint\",\"urlTemplate\":\"https:\\\/\\\/lahingupood.ee\\\/?s={search_term_string}\"},\"query-input\":{\"@type\":\"PropertyValueSpecification\",\"valueRequired\":true,\"valueName\":\"search_term_string\"}}],\"inLanguage\":\"en-GB\"},{\"@type\":\"Organization\",\"@id\":\"https:\\\/\\\/lahingupood.ee\\\/#organization\",\"name\":\"Lahingurada\",\"url\":\"https:\\\/\\\/lahingupood.ee\\\/\",\"logo\":{\"@type\":\"ImageObject\",\"inLanguage\":\"en-GB\",\"@id\":\"https:\\\/\\\/lahingupood.ee\\\/#\\\/schema\\\/logo\\\/image\\\/\",\"url\":\"https:\\\/\\\/lahingupood.ee\\\/wp-content\\\/uploads\\\/2022\\\/03\\\/lahingurada-220318.jpg\",\"contentUrl\":\"https:\\\/\\\/lahingupood.ee\\\/wp-content\\\/uploads\\\/2022\\\/03\\\/lahingurada-220318.jpg\",\"width\":800,\"height\":500,\"caption\":\"Lahingurada\"},\"image\":{\"@id\":\"https:\\\/\\\/lahingupood.ee\\\/#\\\/schema\\\/logo\\\/image\\\/\"},\"sameAs\":[\"https:\\\/\\\/www.facebook.com\\\/Lahingurada-629940247212967\"]}]}<\/script>\n<!-- \/ Yoast SEO Premium plugin. -->","yoast_head_json":{"title":"A&K M4A1 STW (Systema PTW Replika) - Lahingurada e-pood","description":"A&K M4A1 STW (Systema PTW Replika) PTW ehk Professional Training Weapon replitseerib maksimaalselt p\u00e4risrelva. Selle kaal, v\u00e4lism\u00f5\u00f5dud ja materjal","robots":{"index":"index","follow":"follow","max-snippet":"max-snippet:-1","max-image-preview":"max-image-preview:large","max-video-preview":"max-video-preview:-1"},"canonical":"https:\/\/lahingupood.ee\/en\/product\/ak-m4a1-stw-systema-ptw-replika\/","og_locale":"en_GB","og_type":"article","og_title":"A&K M4A1 STW (Systema PTW Replika)","og_description":"A&K M4A1 STW (Systema PTW Replika) PTW ehk Professional Training Weapon replitseerib maksimaalselt p\u00e4risrelva. Selle kaal, v\u00e4lism\u00f5\u00f5dud ja materjal","og_url":"https:\/\/lahingupood.ee\/en\/product\/ak-m4a1-stw-systema-ptw-replika\/","og_site_name":"Lahingurada e-pood","article_publisher":"https:\/\/www.facebook.com\/Lahingurada-629940247212967","article_modified_time":"2026-05-07T12:30:03+00:00","og_image":[{"width":700,"height":379,"url":"https:\/\/lahingupood.ee\/wp-content\/uploads\/2023\/06\/ANKSTWM4A1.jpg","type":"image\/jpeg"}],"twitter_card":"summary_large_image","twitter_misc":{"Estimated reading time":"1 minute"},"schema":{"@context":"https:\/\/schema.org","@graph":[{"@type":"WebPage","@id":"https:\/\/lahingupood.ee\/toode\/ak-m4a1-stw-systema-ptw-replika\/","url":"https:\/\/lahingupood.ee\/toode\/ak-m4a1-stw-systema-ptw-replika\/","name":"A&K M4A1 STW (Systema PTW Replika) - Lahingurada e-pood","isPartOf":{"@id":"https:\/\/lahingupood.ee\/#website"},"primaryImageOfPage":{"@id":"https:\/\/lahingupood.ee\/toode\/ak-m4a1-stw-systema-ptw-replika\/#primaryimage"},"image":{"@id":"https:\/\/lahingupood.ee\/toode\/ak-m4a1-stw-systema-ptw-replika\/#primaryimage"},"thumbnailUrl":"https:\/\/lahingupood.ee\/wp-content\/uploads\/2023\/06\/ANKSTWM4A1.jpg","datePublished":"2023-06-01T18:37:50+00:00","dateModified":"2026-05-07T12:30:03+00:00","description":"A&K M4A1 STW (Systema PTW Replika) PTW ehk Professional Training Weapon replitseerib maksimaalselt p\u00e4risrelva. Selle kaal, v\u00e4lism\u00f5\u00f5dud ja materjal","breadcrumb":{"@id":"https:\/\/lahingupood.ee\/toode\/ak-m4a1-stw-systema-ptw-replika\/#breadcrumb"},"inLanguage":"en-GB","potentialAction":[{"@type":"ReadAction","target":["https:\/\/lahingupood.ee\/toode\/ak-m4a1-stw-systema-ptw-replika\/"]}]},{"@type":"ImageObject","inLanguage":"en-GB","@id":"https:\/\/lahingupood.ee\/toode\/ak-m4a1-stw-systema-ptw-replika\/#primaryimage","url":"https:\/\/lahingupood.ee\/wp-content\/uploads\/2023\/06\/ANKSTWM4A1.jpg","contentUrl":"https:\/\/lahingupood.ee\/wp-content\/uploads\/2023\/06\/ANKSTWM4A1.jpg","width":700,"height":379,"caption":"ak-m4a1-stw-systema-ptw-replika"},{"@type":"BreadcrumbList","@id":"https:\/\/lahingupood.ee\/toode\/ak-m4a1-stw-systema-ptw-replika\/#breadcrumb","itemListElement":[{"@type":"ListItem","position":1,"name":"Home","item":"https:\/\/lahingupood.ee\/"},{"@type":"ListItem","position":2,"name":"Tooted","item":"https:\/\/lahingupood.ee\/tooted\/"},{"@type":"ListItem","position":3,"name":"A&#038;K M4A1 STW (Systema PTW Replika)"}]},{"@type":"WebSite","@id":"https:\/\/lahingupood.ee\/#website","url":"https:\/\/lahingupood.ee\/","name":"Lahingurada e-pood","description":"Airsoft","publisher":{"@id":"https:\/\/lahingupood.ee\/#organization"},"potentialAction":[{"@type":"SearchAction","target":{"@type":"EntryPoint","urlTemplate":"https:\/\/lahingupood.ee\/?s={search_term_string}"},"query-input":{"@type":"PropertyValueSpecification","valueRequired":true,"valueName":"search_term_string"}}],"inLanguage":"en-GB"},{"@type":"Organization","@id":"https:\/\/lahingupood.ee\/#organization","name":"Lahingurada","url":"https:\/\/lahingupood.ee\/","logo":{"@type":"ImageObject","inLanguage":"en-GB","@id":"https:\/\/lahingupood.ee\/#\/schema\/logo\/image\/","url":"https:\/\/lahingupood.ee\/wp-content\/uploads\/2022\/03\/lahingurada-220318.jpg","contentUrl":"https:\/\/lahingupood.ee\/wp-content\/uploads\/2022\/03\/lahingurada-220318.jpg","width":800,"height":500,"caption":"Lahingurada"},"image":{"@id":"https:\/\/lahingupood.ee\/#\/schema\/logo\/image\/"},"sameAs":["https:\/\/www.facebook.com\/Lahingurada-629940247212967"]}]}},"_links":{"self":[{"href":"https:\/\/lahingupood.ee\/en\/wp-json\/wp\/v2\/product\/3559","targetHints":{"allow":["GET"]}}],"collection":[{"href":"https:\/\/lahingupood.ee\/en\/wp-json\/wp\/v2\/product"}],"about":[{"href":"https:\/\/lahingupood.ee\/en\/wp-json\/wp\/v2\/types\/product"}],"wp:featuredmedia":[{"embeddable":true,"href":"https:\/\/lahingupood.ee\/en\/wp-json\/wp\/v2\/media\/3560"}],"wp:attachment":[{"href":"https:\/\/lahingupood.ee\/en\/wp-json\/wp\/v2\/media?parent=3559"}],"wp:term":[{"taxonomy":"product_brand","embeddable":true,"href":"https:\/\/lahingupood.ee\/en\/wp-json\/wp\/v2\/product_brand?post=3559"},{"taxonomy":"product_cat","embeddable":true,"href":"https:\/\/lahingupood.ee\/en\/wp-json\/wp\/v2\/product_cat?post=3559"},{"taxonomy":"product_tag","embeddable":true,"href":"https:\/\/lahingupood.ee\/en\/wp-json\/wp\/v2\/product_tag?post=3559"}],"curies":[{"name":"wp","href":"https:\/\/api.w.org\/{rel}","templated":true}]}}